{"id":119014,"date":"2021-05-12T14:06:45","date_gmt":"2021-05-12T13:06:45","guid":{"rendered":"https:\/\/dev.tg4.ie\/?page_id=119014"},"modified":"2021-05-12T14:06:45","modified_gmt":"2021-05-12T13:06:45","slug":"2020-2","status":"publish","type":"page","link":"https:\/\/dev.tg4.ie\/ga\/eolas\/gradaim\/2020-2\/","title":{"rendered":"2020"},"content":{"rendered":"<h1>2020<\/h1>\n<table>\n<tbody>\n<tr>\n<td><strong>Cl\u00e1r \/ Duine<\/strong><\/td>\n<td><strong>Gradam<\/strong><\/td>\n<td><strong>Eagras<\/strong><\/td>\n<\/tr>\n<tr>\n<td>Arracht (Macalla)<\/td>\n<td>Pr\u00edomhscann\u00e1n Idirn\u00e1isi\u00fanta is Fearr<\/td>\n<td>Iontr\u00e1il do na Oscars<\/td>\n<\/tr>\n<tr>\n<td>Arracht (Macalla)<\/td>\n<td>Fadscann\u00e1n is Fearr<\/td>\n<td>F\u00e9ile Scann\u00e1n Idirn\u00e1isi\u00fanta American Golden Picture<\/td>\n<\/tr>\n<tr>\n<td>Arracht (Macalla) &#8211; Tom Sullivan<\/td>\n<td>Sti\u00farth\u00f3ir is fearr<\/td>\n<td>F\u00e9ile Scann\u00e1n Idirn\u00e1isi\u00fanta American Golden Picture<\/td>\n<\/tr>\n<tr>\n<td>Arracht (Macalla) &#8211; Kate McCullough<\/td>\n<td>Cineamatagrafad\u00f3ir<\/td>\n<td>F\u00e9ile Scann\u00e1n Idirn\u00e1isi\u00fanta American Golden Picture<\/td>\n<\/tr>\n<tr>\n<td>Arracht (Macalla) &#8211; Saise N\u00ed Chuinn<\/td>\n<td>Aisteoir \u00f3g is fearr<\/td>\n<td>F\u00e9ile Scann\u00e1n Idirn\u00e1isi\u00fanta American Golden Picture<\/td>\n<\/tr>\n<tr>\n<td>Arracht (Macalla) &#8211; D\u00f3nall \u00d3 H\u00e9ala\u00ed<\/td>\n<td>Aisteoir is fearr<\/td>\n<td>F\u00e9ile Scann\u00e1n Idirn\u00e1isi\u00fanta American Golden Picture<\/td>\n<\/tr>\n<tr>\n<td>Arracht (Macalla)<\/td>\n<td>Fadscann\u00e1n<\/td>\n<td>Roghnaithe ag IFTA mar iontr\u00e1il na h\u00c9ireann ag na Academy Awards<\/td>\n<\/tr>\n<tr>\n<td>Arracht &#8211; (Macalla) &#8211; K\u00edla<\/td>\n<td>Buaiteoir &#8211; Best Original Score<\/td>\n<td>IFTA<\/td>\n<\/tr>\n<tr>\n<td>Arracht (Macalla)<\/td>\n<td>Ainmni\u00fach\u00e1n &#8211; An Scann\u00e1n is Fearr<\/td>\n<td>IFTA<\/td>\n<\/tr>\n<tr>\n<td>Arracht (Macalla) \u2013 Tom Sullivan<\/td>\n<td>Ainmni\u00fach\u00e1n &#8211; Sti\u00farth\u00f3ir is Fearr<\/td>\n<td>IFTA<\/td>\n<\/tr>\n<tr>\n<td>Arracht (Macalla) &#8211; Kate McCullough<\/td>\n<td>Ainmni\u00fach\u00e1n &#8211; Cineamatagrafa\u00edocht<\/td>\n<td>IFTA<\/td>\n<\/tr>\n<tr>\n<td>Arracht (Macalla) \u2013 Dara Devaney<\/td>\n<td>Ainmni\u00fach\u00e1n &#8211; Aisteoir i R\u00f3l Taca\u00edochta \u2013 Scann\u00e1n<\/td>\n<td>IFTA<\/td>\n<\/tr>\n<tr>\n<td>Arracht (Macalla) &#8211; D\u00f3nall \u00d3 H\u00e9ala\u00ed<\/td>\n<td>Ainmni\u00fach\u00e1n &#8211; Aisteoir sa Phr\u00edomhr\u00f3l Scann\u00e1n<\/td>\n<td>IFTA<\/td>\n<\/tr>\n<tr>\n<td>Arracht (Macalla) &#8211; Tom Sullivan<\/td>\n<td>Ainmni\u00fach\u00e1n &#8211; Script Scann\u00e1n<\/td>\n<td>IFTA<\/td>\n<\/tr>\n<tr>\n<td>Finky &#8211; Dara Devaney (Ab\u00fa Media do CINE4)<\/td>\n<td>Aisteoir i bpr\u00edomh r\u00f3l<\/td>\n<td>IFTA<\/td>\n<\/tr>\n<tr>\n<td>Se\u00e1n Mac an tS\u00edthigh<\/td>\n<td>Iriseoir na Bliana<\/td>\n<td>Gradaim Chumars\u00e1ide an Oireachtais<\/td>\n<\/tr>\n<tr>\n<td>Ucht\u00fa: Evanne N\u00ed Chuilinn (Tyrone Productions)<\/td>\n<td>Cl\u00e1r Teilif\u00edse na Bliana<\/td>\n<td>Gradaim Chumars\u00e1ide an Oireachtais<\/td>\n<\/tr>\n<tr>\n<td>Eoghan McDermott, Junior Eurovision, TG4<\/td>\n<td>Pearsa Teilif\u00edse na Bliana<\/td>\n<td>Gradaim Chumars\u00e1ide an Oireachtais<\/td>\n<\/tr>\n<tr>\n<td>Arracht (Macalla Teoranta)<\/td>\n<td>Scann\u00e1n na Bliana<\/td>\n<td>Gradaim Chumars\u00e1ide an Oireachtais<\/td>\n<\/tr>\n<tr>\n<td>An Bhoirinn (Phoenix Films)<\/td>\n<td>Sraith Teilif\u00edse na Bliana<\/td>\n<td>Gradaim Chumars\u00e1ide an Oireachtais<\/td>\n<\/tr>\n<tr>\n<td>Hector \u00d3 Siberia go Saigon (Good Company Productions)<\/td>\n<td>Ainmni\u00fach\u00e1n &#8211; Siamsa\u00edocht Fh\u00edorasach<\/td>\n<td>F\u00e9ile na Me\u00e1n Ceilteach<\/td>\n<\/tr>\n<tr>\n<td>Finn\u00e9 (Tua Films)<\/td>\n<td>Sraith Fh\u00edorasach<\/td>\n<td>F\u00e9ile na Me\u00e1n Ceilteach<\/td>\n<\/tr>\n<tr>\n<td>Finn\u00e9 (Tua Films) Paddy Merrigan<\/td>\n<td>Ainmni\u00fach\u00e1n &#8211; Cl\u00e1r Faisn\u00e9ise Sp\u00f3irt<\/td>\n<td>F\u00e9ile na Me\u00e1n Ceilteach<\/td>\n<\/tr>\n<tr>\n<td>Jump Girls (Touchline Media)<\/td>\n<td>Ainmni\u00fach\u00e1n &#8211; Cl\u00e1r Faisn\u00e9ise Sp\u00f3irt<\/td>\n<td>F\u00e9ile na Me\u00e1n Ceilteach<\/td>\n<\/tr>\n<tr>\n<td>Michael Davitt Radacach (Dearc\u00e1n Media)<\/td>\n<td>Ainmni\u00fach\u00e1n &#8211; Stair<\/td>\n<td>F\u00e9ile na Me\u00e1n Ceilteach<\/td>\n<\/tr>\n<tr>\n<td>Finky (Ab\u00fa Media do CINE4)<\/td>\n<td>Ainmni\u00fach\u00e1n &#8211; Dr\u00e1ma Aonair<\/td>\n<td>F\u00e9ile na Me\u00e1n Ceilteach<\/td>\n<\/tr>\n<tr>\n<td>Sc\u00e9al na Beatha (Below the Radar)<\/td>\n<td>Cl\u00e1r Faisn\u00e9ise Aonair<\/td>\n<td>F\u00e9ile na Me\u00e1n Ceilteach<\/td>\n<\/tr>\n<\/tbody>\n<\/table>\n","protected":false},"excerpt":{"rendered":"<p>2020 Cl\u00e1r \/ Duine Gradam Eagras Arracht (Macalla) Pr\u00edomhscann\u00e1n Idirn\u00e1isi\u00fanta is Fearr Iontr\u00e1il do na Oscars Arracht (Macalla) Fadscann\u00e1n is Fearr F\u00e9ile Scann\u00e1n Idirn\u00e1isi\u00fanta American Golden Picture Arracht (Macalla) &#8211; Tom Sullivan Sti\u00farth\u00f3ir is fearr F\u00e9ile Scann\u00e1n Idirn\u00e1isi\u00fanta American Golden Picture Arracht (Macalla) &#8211; Kate McCullough Cineamatagrafad\u00f3ir F\u00e9ile Scann\u00e1n Idirn\u00e1isi\u00fanta American Golden Picture Arracht (Macalla) [&hellip;]<\/p>\n","protected":false},"author":876,"featured_media":0,"parent":1219,"menu_order":22,"comment_status":"closed","ping_status":"closed","template":"page-templates\/template-corporate.php","meta":{"_acf_changed":false,"footnotes":""},"acf":[],"yoast_head":"<!-- This site is optimized with the Yoast SEO plugin v22.6 - https:\/\/yoast.com\/wordpress\/plugins\/seo\/ -->\n<title>2020 - TG4<\/title>\n<meta name=\"robots\" content=\"index, follow, max-snippet:-1, max-image-preview:large, max-video-preview:-1\" \/>\n<meta property=\"og:locale\" content=\"en_US\" \/>\n<meta property=\"og:type\" content=\"article\" \/>\n<meta property=\"og:title\" content=\"2020 - TG4\" \/>\n<meta property=\"og:description\" content=\"2020 Cl\u00e1r \/ Duine Gradam Eagras Arracht (Macalla) Pr\u00edomhscann\u00e1n Idirn\u00e1isi\u00fanta is Fearr Iontr\u00e1il do na Oscars Arracht (Macalla) Fadscann\u00e1n is Fearr F\u00e9ile Scann\u00e1n Idirn\u00e1isi\u00fanta American Golden Picture Arracht (Macalla) &#8211; Tom Sullivan Sti\u00farth\u00f3ir is fearr F\u00e9ile Scann\u00e1n Idirn\u00e1isi\u00fanta American Golden Picture Arracht (Macalla) &#8211; Kate McCullough Cineamatagrafad\u00f3ir F\u00e9ile Scann\u00e1n Idirn\u00e1isi\u00fanta American Golden Picture Arracht (Macalla) [&hellip;]\" \/>\n<meta property=\"og:url\" content=\"https:\/\/dev.tg4.ie\/ga\/eolas\/gradaim\/2020-2\/\" \/>\n<meta property=\"og:site_name\" content=\"TG4\" \/>\n<meta property=\"article:publisher\" content=\"https:\/\/www.facebook.com\/TG4TV\" \/>\n<meta property=\"og:image\" content=\"https:\/\/tg4-docs.s3.amazonaws.com\/wp-content\/uploads\/2024\/11\/18151812\/TG4_2024_corcra_teal_1-1920x1080-1.jpg\" \/>\n\t<meta property=\"og:image:width\" content=\"1920\" \/>\n\t<meta property=\"og:image:height\" content=\"1080\" \/>\n\t<meta property=\"og:image:type\" content=\"image\/jpeg\" \/>\n<meta name=\"twitter:card\" content=\"summary_large_image\" \/>\n<meta name=\"twitter:site\" content=\"@TG4TV\" \/>\n<meta name=\"twitter:label1\" content=\"Est. reading time\" \/>\n\t<meta name=\"twitter:data1\" content=\"2 minutes\" \/>\n<script type=\"application\/ld+json\" class=\"yoast-schema-graph\">{\"@context\":\"https:\/\/schema.org\",\"@graph\":[{\"@type\":\"WebPage\",\"@id\":\"https:\/\/dev.tg4.ie\/ga\/eolas\/gradaim\/2020-2\/\",\"url\":\"https:\/\/dev.tg4.ie\/ga\/eolas\/gradaim\/2020-2\/\",\"name\":\"2020 - TG4\",\"isPartOf\":{\"@id\":\"https:\/\/dev.tg4.ie\/en\/#website\"},\"datePublished\":\"2021-05-12T13:06:45+00:00\",\"dateModified\":\"2021-05-12T13:06:45+00:00\",\"breadcrumb\":{\"@id\":\"https:\/\/dev.tg4.ie\/ga\/eolas\/gradaim\/2020-2\/#breadcrumb\"},\"inLanguage\":\"ga\",\"potentialAction\":[{\"@type\":\"ReadAction\",\"target\":[\"https:\/\/dev.tg4.ie\/ga\/eolas\/gradaim\/2020-2\/\"]}]},{\"@type\":\"BreadcrumbList\",\"@id\":\"https:\/\/dev.tg4.ie\/ga\/eolas\/gradaim\/2020-2\/#breadcrumb\",\"itemListElement\":[{\"@type\":\"ListItem\",\"position\":1,\"name\":\"Home\",\"item\":\"https:\/\/dev.tg4.ie\/ga\/\"},{\"@type\":\"ListItem\",\"position\":2,\"name\":\"Eolas\",\"item\":\"https:\/\/dev.tg4.ie\/ga\/eolas\/\"},{\"@type\":\"ListItem\",\"position\":3,\"name\":\"Gradaim\",\"item\":\"https:\/\/dev.tg4.ie\/ga\/eolas\/gradaim\/\"},{\"@type\":\"ListItem\",\"position\":4,\"name\":\"2020\"}]},{\"@type\":\"WebSite\",\"@id\":\"https:\/\/dev.tg4.ie\/en\/#website\",\"url\":\"https:\/\/dev.tg4.ie\/en\/\",\"name\":\"TG4\",\"description\":\"S\u00fail Eile\",\"potentialAction\":[{\"@type\":\"SearchAction\",\"target\":{\"@type\":\"EntryPoint\",\"urlTemplate\":\"https:\/\/dev.tg4.ie\/en\/?s={search_term_string}\"},\"query-input\":\"required name=search_term_string\"}],\"inLanguage\":\"ga\"}]}<\/script>\n<!-- \/ Yoast SEO plugin. -->","yoast_head_json":{"title":"2020 - TG4","robots":{"index":"index","follow":"follow","max-snippet":"max-snippet:-1","max-image-preview":"max-image-preview:large","max-video-preview":"max-video-preview:-1"},"og_locale":"en_US","og_type":"article","og_title":"2020 - TG4","og_description":"2020 Cl\u00e1r \/ Duine Gradam Eagras Arracht (Macalla) Pr\u00edomhscann\u00e1n Idirn\u00e1isi\u00fanta is Fearr Iontr\u00e1il do na Oscars Arracht (Macalla) Fadscann\u00e1n is Fearr F\u00e9ile Scann\u00e1n Idirn\u00e1isi\u00fanta American Golden Picture Arracht (Macalla) &#8211; Tom Sullivan Sti\u00farth\u00f3ir is fearr F\u00e9ile Scann\u00e1n Idirn\u00e1isi\u00fanta American Golden Picture Arracht (Macalla) &#8211; Kate McCullough Cineamatagrafad\u00f3ir F\u00e9ile Scann\u00e1n Idirn\u00e1isi\u00fanta American Golden Picture Arracht (Macalla) [&hellip;]","og_url":"https:\/\/dev.tg4.ie\/ga\/eolas\/gradaim\/2020-2\/","og_site_name":"TG4","article_publisher":"https:\/\/www.facebook.com\/TG4TV","og_image":[{"width":1920,"height":1080,"url":"https:\/\/tg4-docs.s3.amazonaws.com\/wp-content\/uploads\/2024\/11\/18151812\/TG4_2024_corcra_teal_1-1920x1080-1.jpg","type":"image\/jpeg"}],"twitter_card":"summary_large_image","twitter_site":"@TG4TV","twitter_misc":{"Est. reading time":"2 minutes"},"schema":{"@context":"https:\/\/schema.org","@graph":[{"@type":"WebPage","@id":"https:\/\/dev.tg4.ie\/ga\/eolas\/gradaim\/2020-2\/","url":"https:\/\/dev.tg4.ie\/ga\/eolas\/gradaim\/2020-2\/","name":"2020 - TG4","isPartOf":{"@id":"https:\/\/dev.tg4.ie\/en\/#website"},"datePublished":"2021-05-12T13:06:45+00:00","dateModified":"2021-05-12T13:06:45+00:00","breadcrumb":{"@id":"https:\/\/dev.tg4.ie\/ga\/eolas\/gradaim\/2020-2\/#breadcrumb"},"inLanguage":"ga","potentialAction":[{"@type":"ReadAction","target":["https:\/\/dev.tg4.ie\/ga\/eolas\/gradaim\/2020-2\/"]}]},{"@type":"BreadcrumbList","@id":"https:\/\/dev.tg4.ie\/ga\/eolas\/gradaim\/2020-2\/#breadcrumb","itemListElement":[{"@type":"ListItem","position":1,"name":"Home","item":"https:\/\/dev.tg4.ie\/ga\/"},{"@type":"ListItem","position":2,"name":"Eolas","item":"https:\/\/dev.tg4.ie\/ga\/eolas\/"},{"@type":"ListItem","position":3,"name":"Gradaim","item":"https:\/\/dev.tg4.ie\/ga\/eolas\/gradaim\/"},{"@type":"ListItem","position":4,"name":"2020"}]},{"@type":"WebSite","@id":"https:\/\/dev.tg4.ie\/en\/#website","url":"https:\/\/dev.tg4.ie\/en\/","name":"TG4","description":"S\u00fail Eile","potentialAction":[{"@type":"SearchAction","target":{"@type":"EntryPoint","urlTemplate":"https:\/\/dev.tg4.ie\/en\/?s={search_term_string}"},"query-input":"required name=search_term_string"}],"inLanguage":"ga"}]}},"_links":{"self":[{"href":"https:\/\/dev.tg4.ie\/ga\/wp-json\/wp\/v2\/pages\/119014"}],"collection":[{"href":"https:\/\/dev.tg4.ie\/ga\/wp-json\/wp\/v2\/pages"}],"about":[{"href":"https:\/\/dev.tg4.ie\/ga\/wp-json\/wp\/v2\/types\/page"}],"author":[{"embeddable":true,"href":"https:\/\/dev.tg4.ie\/ga\/wp-json\/wp\/v2\/users\/876"}],"replies":[{"embeddable":true,"href":"https:\/\/dev.tg4.ie\/ga\/wp-json\/wp\/v2\/comments?post=119014"}],"version-history":[{"count":0,"href":"https:\/\/dev.tg4.ie\/ga\/wp-json\/wp\/v2\/pages\/119014\/revisions"}],"up":[{"embeddable":true,"href":"https:\/\/dev.tg4.ie\/ga\/wp-json\/wp\/v2\/pages\/1219"}],"wp:attachment":[{"href":"https:\/\/dev.tg4.ie\/ga\/wp-json\/wp\/v2\/media?parent=119014"}],"curies":[{"name":"wp","href":"https:\/\/api.w.org\/{rel}","templated":true}]}}