{"id":119017,"date":"2021-05-05T13:08:26","date_gmt":"2021-05-05T12:08:26","guid":{"rendered":"https:\/\/dev.tg4.ie\/?page_id=119017"},"modified":"2022-01-17T15:22:58","modified_gmt":"2022-01-17T15:22:58","slug":"2021-2","status":"publish","type":"page","link":"https:\/\/dev.tg4.ie\/ga\/eolas\/gradaim\/2021-2\/","title":{"rendered":"2021"},"content":{"rendered":"<h1>2021<\/h1>\n<table>\n<tbody>\n<tr>\n<td><strong>Cl\u00e1r \/ Duine<\/strong><\/td>\n<td><strong>Gradam<\/strong><\/td>\n<td><strong>Eagras<\/strong><\/td>\n<\/tr>\n<tr>\n<td>Is Olc an Ghaoth<\/td>\n<td>Ainmni\u00fach\u00e1n<\/td>\n<td>Gradaim RTS Television<\/td>\n<\/tr>\n<tr>\n<td>Toraigh: Creag Bheag i L\u00e1r na Farraige<\/td>\n<td>Ainmni\u00fach\u00e1n<\/td>\n<td>Gradaim RTS Television<\/td>\n<\/tr>\n<tr>\n<td>Laochra Gael &#8211; Kieran Donaghy<\/td>\n<td>Ainmni\u00fach\u00e1n<\/td>\n<td>Gradaim RTS Television<\/td>\n<\/tr>\n<tr>\n<td>Cogadh ar Mhn\u00e1<\/td>\n<td>Ainmni\u00fach\u00e1n<\/td>\n<td>Gradaim RTS Television<\/td>\n<\/tr>\n<tr>\n<td>Sol<\/td>\n<td>Ainmni\u00fach\u00e1n<\/td>\n<td>Gradaim RTS Television<\/td>\n<\/tr>\n<tr>\n<td>Samhl\u00fa 2020 (Meangadh F\u00edb\u00edn)<\/td>\n<td>Buaiteoir &#8211; Cl\u00e1r is \u00darnua agus is Nu\u00e1la\u00ed<\/td>\n<td>Gradaim PRIX CIRCOM 2021<\/td>\n<\/tr>\n<tr>\n<td>Is Olc an Ghaoth<\/td>\n<td>Gradam Ardmholadh sa Rann\u00f3g Siamsa\u00edocht agus Dr\u00e1ma\u00edocht<\/td>\n<td>Gradaim PRIX CIRCOM 2021<\/td>\n<\/tr>\n<tr>\n<td>Samhl\u00fa 2020 (Meangadh F\u00edb\u00edn)<\/td>\n<td>Gradam Speisialta Grand Prix CIRCOM<\/td>\n<td>Gradaim PRIX CIRCOM 2021<\/td>\n<\/tr>\n<tr>\n<td>Athbhrand\u00e1il TG4<\/td>\n<td>Gradam \u2018\u00d3r\u2019<\/td>\n<td>Gradaim Promax na hEorpa<\/td>\n<\/tr>\n<tr>\n<td>Liam O&#8217;Flynn \u2013 P\u00edobaire (Doubleband Films)<\/td>\n<td>Ainmni\u00fach\u00e1n -Fadscann\u00e1n Faisn\u00e9ise Eala\u00edne<\/td>\n<td>F\u00e9ile na Me\u00e1n Ceilteach<\/td>\n<\/tr>\n<tr>\n<td>Is Eola\u00ed M\u00e9 (F\u00edb\u00edn)<\/td>\n<td>Ainmni\u00fach\u00e1n \u2013 Cl\u00e1r do Ph\u00e1ist\u00ed<\/td>\n<td>F\u00e9ile na Me\u00e1n Ceilteach<\/td>\n<\/tr>\n<tr>\n<td>Sl\u00ed na mBeaglaoich (Tyrone Productions)<\/td>\n<td>Ainmni\u00fach\u00e1n &#8211; Siamsa\u00edocht Fh\u00edorasach<\/td>\n<td>F\u00e9ile na Me\u00e1n Ceilteach<\/td>\n<\/tr>\n<tr>\n<td>An Bhoirinn (Phoenix Films)<\/td>\n<td>Ainmni\u00fach\u00e1n &#8211; Sraith Fh\u00edorasach<\/td>\n<td>F\u00e9ile na Me\u00e1n Ceilteach<\/td>\n<\/tr>\n<tr>\n<td>Treibh na nD\u00e9ithe (Lugh Films)<\/td>\n<td>Ainmni\u00fach\u00e1n &#8211; Gn\u00e9chl\u00e1r Faisn\u00e9ise<\/td>\n<td>F\u00e9ile na Me\u00e1n Ceilteach<\/td>\n<\/tr>\n<tr>\n<td>Treibh na nD\u00e9ithe (Lugh Films)<\/td>\n<td>Ainmni\u00fach\u00e1n &#8211; do ghradam Spiorad na F\u00e9ile<\/td>\n<td>F\u00e9ile na Me\u00e1n Ceilteach<\/td>\n<\/tr>\n<tr>\n<td>Cogadh ar Mhn\u00e1 (Forefront Productions)<\/td>\n<td>Ainmni\u00fach\u00e1n &#8211; Stair<\/td>\n<td>F\u00e9ile na Me\u00e1n Ceilteach<\/td>\n<\/tr>\n<tr>\n<td>Le Ceangal (Tua Films do BLOC)<\/td>\n<td>Ainmni\u00fach\u00e1n &#8211; Gearr-Fhoirm<\/td>\n<td>F\u00e9ile na Me\u00e1n Ceilteach<\/td>\n<\/tr>\n<tr>\n<td>Ciara N\u00ed \u00c9 &#8211; Saol Tr\u00ed Ghaeilge (Aniar TV)<\/td>\n<td>Ainmni\u00fach\u00e1n &#8211; Cl\u00e1r Faisn\u00e9ise Aonair<\/td>\n<td>F\u00e9ile na Me\u00e1n Ceilteach<\/td>\n<\/tr>\n<tr>\n<td>Kieran Donaghy &#8211; Laochra Gael (Nemeton Teo)<\/td>\n<td>Ainmni\u00fach\u00e1n &#8211; Cl\u00e1r Faisn\u00e9ise Sp\u00f3irt<\/td>\n<td>F\u00e9ile na Me\u00e1n Ceilteach<\/td>\n<\/tr>\n<tr>\n<td>Treibh na nD\u00e9ithe (Lugh Films)<\/td>\n<td>Buaiteoir &#8211; Gradam Spiorad na F\u00e9ile<\/td>\n<td>F\u00e9ile na Me\u00e1n Ceilteach<\/td>\n<\/tr>\n<tr>\n<td>Le Ceangal (Tua Films do BLOC)<\/td>\n<td>Buaiteoir &#8211; Gearr-Fhoirm<\/td>\n<td>F\u00e9ile na Me\u00e1n Ceilteach<\/td>\n<\/tr>\n<tr>\n<td>Foscadh (Magamedia Teo)<\/td>\n<td>Phr\u00edomhscann\u00e1n Idirn\u00e1isi\u00fanta is Fearr<\/td>\n<td>Roghnaithe mar iontr\u00e1il na h\u00c9ireann do na Oscars<\/td>\n<\/tr>\n<tr>\n<td>Athbhrand\u00e1il TG4<\/td>\n<td>Gradam Cr\u00e9-umha<\/td>\n<td>Gradaim Shark Design<\/td>\n<\/tr>\n<tr>\n<td>Peadar Mac Gaoith\u00edn (Nuacht TG4)<\/td>\n<td>Buaiteoir &#8211; Iriseoir na Bliana<\/td>\n<td>Gradaim Chumars\u00e1ide an Oireachtais<\/td>\n<\/tr>\n<tr>\n<td>Irene N\u00ed Nuall\u00e1in (Nuacht TG4)<\/td>\n<td>Ainmni\u00fach\u00e1n &#8211; Iriseoir na Bliana<\/td>\n<td>Gradaim Chumars\u00e1ide an Oireachtais<\/td>\n<\/tr>\n<tr>\n<td>Shane \u00d3 Curraigh\u00edn (7L\u00e1 &#038; Nuacht TG4)<\/td>\n<td>Ainmni\u00fach\u00e1n &#8211; Iriseoir na Bliana<\/td>\n<td>Gradaim Chumars\u00e1ide an Oireachtais<\/td>\n<\/tr>\n<tr>\n<td>Eimear N\u00ed Chonaola (Nuacht TG4)<\/td>\n<td>Ainmni\u00fach\u00e1n &#8211;  Pearsa Teilif\u00edse na Bliana<\/td>\n<td>Gradaim Chumars\u00e1ide an Oireachtais<\/td>\n<\/tr>\n<tr>\n<td>Samhl\u00fa (Meangadh F\u00edb\u00edn)<\/td>\n<td>Buaiteoir &#8211; Cl\u00e1r Teilif\u00edse na Bliana<\/td>\n<td>Gradaim Chumars\u00e1ide an Oireachtais<\/td>\n<\/tr>\n<tr>\n<td>Rian na gCos (Imagine Media)<\/td>\n<td>Ainmni\u00fach\u00e1n &#8211; Cl\u00e1r Teilif\u00edse na Bliana<\/td>\n<td>Gradaim Chumars\u00e1ide an Oireachtais<\/td>\n<\/tr>\n<tr>\n<td>Uimhir 6 (New Departures Media)<\/td>\n<td>Ainmni\u00fach\u00e1n &#8211; Cl\u00e1r Teilif\u00edse na Bliana<\/td>\n<td>Gradaim Chumars\u00e1ide an Oireachtais<\/td>\n<\/tr>\n<tr>\n<td>Martin McGuinness (Ligid)<\/td>\n<td>Ainmni\u00fach\u00e1n &#8211; Cl\u00e1r Teilif\u00edse na Bliana<\/td>\n<td>Gradaim Chumars\u00e1ide an Oireachtais<\/td>\n<\/tr>\n<tr>\n<td>Plean Bee (Dearc\u00e1n Media)<\/td>\n<td>Ainmni\u00fach\u00e1n &#8211; Cl\u00e1r Teilif\u00edse na Bliana<\/td>\n<td>Gradaim Chumars\u00e1ide an Oireachtais<\/td>\n<\/tr>\n<tr>\n<td>Bailte (Aniar TV)<\/td>\n<td>Buaiteoir &#8211; Sraith Teilif\u00edse na Bliana<\/td>\n<td>Gradaim Chumars\u00e1ide an Oireachtais<\/td>\n<\/tr>\n<tr>\n<td>Turas Clainne (Aniar TV)<\/td>\n<td>Ainmni\u00fach\u00e1n &#8211; Sraith Teilif\u00edse na Bliana<\/td>\n<td>Gradaim Chumars\u00e1ide an Oireachtais<\/td>\n<\/tr>\n<tr>\n<td>Donncha  \u00d3 Murch\u00fa (TG4)<\/td>\n<td>Buaiteoir &#8211; R\u00e9alta \u00d3g na Bliana<\/td>\n<td>Gradaim Chumars\u00e1ide an Oireachtais<\/td>\n<\/tr>\n<tr>\n<td>TG4<\/td>\n<td>Gradam Speisialta \u2013 Aitheantas 25 Bliain<\/td>\n<td>Gradaim Chumars\u00e1ide an Oireachtais<\/td>\n<\/tr>\n<tr>\n<td>BLOC<\/td>\n<td>Airgead \u2013 \u00das\u00e1id is fearr do Tik Tok<\/td>\n<td>Sockies (Social Media Awards)<\/td>\n<\/tr>\n<tr>\n<td>BLOC<\/td>\n<td>\u00das\u00e1id is fearr do Tik Tok \/ Instagram do Fhoras St\u00e1it<\/td>\n<td>Sockies (Social Media Awards)<\/td>\n<\/tr>\n<tr>\n<td>Sp\u00f3rt TG4<\/td>\n<td>Cr\u00e9-umha \u2013 don \u00fas\u00e1id is fearr do Instragam Reels<\/td>\n<td>Sockies (Social Media Awards)<\/td>\n<\/tr>\n<tr>\n<td>TG4<\/td>\n<td>Duais speisialta &#8211; Foireann Me\u00e1n Shoisialta is m\u00f3 spraoi<\/td>\n<td>Sockies (Social Media Awards)<\/td>\n<\/tr>\n<\/tbody>\n<\/table>\n","protected":false},"excerpt":{"rendered":"<p>2021 Cl\u00e1r \/ Duine Gradam Eagras Is Olc an Ghaoth Ainmni\u00fach\u00e1n Gradaim RTS Television Toraigh: Creag Bheag i L\u00e1r na Farraige Ainmni\u00fach\u00e1n Gradaim RTS Television Laochra Gael &#8211; Kieran Donaghy Ainmni\u00fach\u00e1n Gradaim RTS Television Cogadh ar Mhn\u00e1 Ainmni\u00fach\u00e1n Gradaim RTS Television Sol Ainmni\u00fach\u00e1n Gradaim RTS Television Samhl\u00fa 2020 (Meangadh F\u00edb\u00edn) Buaiteoir &#8211; Cl\u00e1r is \u00darnua [&hellip;]<\/p>\n","protected":false},"author":876,"featured_media":0,"parent":1219,"menu_order":23,"comment_status":"closed","ping_status":"closed","template":"page-templates\/template-corporate.php","meta":{"_acf_changed":false,"footnotes":""},"acf":[],"yoast_head":"<!-- This site is optimized with the Yoast SEO plugin v22.6 - https:\/\/yoast.com\/wordpress\/plugins\/seo\/ -->\n<title>2021 - TG4<\/title>\n<meta name=\"robots\" content=\"index, follow, max-snippet:-1, max-image-preview:large, max-video-preview:-1\" \/>\n<meta property=\"og:locale\" content=\"en_US\" \/>\n<meta property=\"og:type\" content=\"article\" \/>\n<meta property=\"og:title\" content=\"2021 - TG4\" \/>\n<meta property=\"og:description\" content=\"2021 Cl\u00e1r \/ Duine Gradam Eagras Is Olc an Ghaoth Ainmni\u00fach\u00e1n Gradaim RTS Television Toraigh: Creag Bheag i L\u00e1r na Farraige Ainmni\u00fach\u00e1n Gradaim RTS Television Laochra Gael &#8211; Kieran Donaghy Ainmni\u00fach\u00e1n Gradaim RTS Television Cogadh ar Mhn\u00e1 Ainmni\u00fach\u00e1n Gradaim RTS Television Sol Ainmni\u00fach\u00e1n Gradaim RTS Television Samhl\u00fa 2020 (Meangadh F\u00edb\u00edn) Buaiteoir &#8211; Cl\u00e1r is \u00darnua [&hellip;]\" \/>\n<meta property=\"og:url\" content=\"https:\/\/dev.tg4.ie\/ga\/eolas\/gradaim\/2021-2\/\" \/>\n<meta property=\"og:site_name\" content=\"TG4\" \/>\n<meta property=\"article:publisher\" content=\"https:\/\/www.facebook.com\/TG4TV\" \/>\n<meta property=\"article:modified_time\" content=\"2022-01-17T15:22:58+00:00\" \/>\n<meta property=\"og:image\" content=\"https:\/\/tg4-docs.s3.amazonaws.com\/wp-content\/uploads\/2024\/11\/18151812\/TG4_2024_corcra_teal_1-1920x1080-1.jpg\" \/>\n\t<meta property=\"og:image:width\" content=\"1920\" \/>\n\t<meta property=\"og:image:height\" content=\"1080\" \/>\n\t<meta property=\"og:image:type\" content=\"image\/jpeg\" \/>\n<meta name=\"twitter:card\" content=\"summary_large_image\" \/>\n<meta name=\"twitter:site\" content=\"@TG4TV\" \/>\n<meta name=\"twitter:label1\" content=\"Est. reading time\" \/>\n\t<meta name=\"twitter:data1\" content=\"3 minutes\" \/>\n<script type=\"application\/ld+json\" class=\"yoast-schema-graph\">{\"@context\":\"https:\/\/schema.org\",\"@graph\":[{\"@type\":\"WebPage\",\"@id\":\"https:\/\/dev.tg4.ie\/ga\/eolas\/gradaim\/2021-2\/\",\"url\":\"https:\/\/dev.tg4.ie\/ga\/eolas\/gradaim\/2021-2\/\",\"name\":\"2021 - TG4\",\"isPartOf\":{\"@id\":\"https:\/\/dev.tg4.ie\/en\/#website\"},\"datePublished\":\"2021-05-05T12:08:26+00:00\",\"dateModified\":\"2022-01-17T15:22:58+00:00\",\"breadcrumb\":{\"@id\":\"https:\/\/dev.tg4.ie\/ga\/eolas\/gradaim\/2021-2\/#breadcrumb\"},\"inLanguage\":\"ga\",\"potentialAction\":[{\"@type\":\"ReadAction\",\"target\":[\"https:\/\/dev.tg4.ie\/ga\/eolas\/gradaim\/2021-2\/\"]}]},{\"@type\":\"BreadcrumbList\",\"@id\":\"https:\/\/dev.tg4.ie\/ga\/eolas\/gradaim\/2021-2\/#breadcrumb\",\"itemListElement\":[{\"@type\":\"ListItem\",\"position\":1,\"name\":\"Home\",\"item\":\"https:\/\/dev.tg4.ie\/ga\/\"},{\"@type\":\"ListItem\",\"position\":2,\"name\":\"Eolas\",\"item\":\"https:\/\/dev.tg4.ie\/ga\/eolas\/\"},{\"@type\":\"ListItem\",\"position\":3,\"name\":\"Gradaim\",\"item\":\"https:\/\/dev.tg4.ie\/ga\/eolas\/gradaim\/\"},{\"@type\":\"ListItem\",\"position\":4,\"name\":\"2021\"}]},{\"@type\":\"WebSite\",\"@id\":\"https:\/\/dev.tg4.ie\/en\/#website\",\"url\":\"https:\/\/dev.tg4.ie\/en\/\",\"name\":\"TG4\",\"description\":\"S\u00fail Eile\",\"potentialAction\":[{\"@type\":\"SearchAction\",\"target\":{\"@type\":\"EntryPoint\",\"urlTemplate\":\"https:\/\/dev.tg4.ie\/en\/?s={search_term_string}\"},\"query-input\":\"required name=search_term_string\"}],\"inLanguage\":\"ga\"}]}<\/script>\n<!-- \/ Yoast SEO plugin. -->","yoast_head_json":{"title":"2021 - TG4","robots":{"index":"index","follow":"follow","max-snippet":"max-snippet:-1","max-image-preview":"max-image-preview:large","max-video-preview":"max-video-preview:-1"},"og_locale":"en_US","og_type":"article","og_title":"2021 - TG4","og_description":"2021 Cl\u00e1r \/ Duine Gradam Eagras Is Olc an Ghaoth Ainmni\u00fach\u00e1n Gradaim RTS Television Toraigh: Creag Bheag i L\u00e1r na Farraige Ainmni\u00fach\u00e1n Gradaim RTS Television Laochra Gael &#8211; Kieran Donaghy Ainmni\u00fach\u00e1n Gradaim RTS Television Cogadh ar Mhn\u00e1 Ainmni\u00fach\u00e1n Gradaim RTS Television Sol Ainmni\u00fach\u00e1n Gradaim RTS Television Samhl\u00fa 2020 (Meangadh F\u00edb\u00edn) Buaiteoir &#8211; Cl\u00e1r is \u00darnua [&hellip;]","og_url":"https:\/\/dev.tg4.ie\/ga\/eolas\/gradaim\/2021-2\/","og_site_name":"TG4","article_publisher":"https:\/\/www.facebook.com\/TG4TV","article_modified_time":"2022-01-17T15:22:58+00:00","og_image":[{"width":1920,"height":1080,"url":"https:\/\/tg4-docs.s3.amazonaws.com\/wp-content\/uploads\/2024\/11\/18151812\/TG4_2024_corcra_teal_1-1920x1080-1.jpg","type":"image\/jpeg"}],"twitter_card":"summary_large_image","twitter_site":"@TG4TV","twitter_misc":{"Est. reading time":"3 minutes"},"schema":{"@context":"https:\/\/schema.org","@graph":[{"@type":"WebPage","@id":"https:\/\/dev.tg4.ie\/ga\/eolas\/gradaim\/2021-2\/","url":"https:\/\/dev.tg4.ie\/ga\/eolas\/gradaim\/2021-2\/","name":"2021 - TG4","isPartOf":{"@id":"https:\/\/dev.tg4.ie\/en\/#website"},"datePublished":"2021-05-05T12:08:26+00:00","dateModified":"2022-01-17T15:22:58+00:00","breadcrumb":{"@id":"https:\/\/dev.tg4.ie\/ga\/eolas\/gradaim\/2021-2\/#breadcrumb"},"inLanguage":"ga","potentialAction":[{"@type":"ReadAction","target":["https:\/\/dev.tg4.ie\/ga\/eolas\/gradaim\/2021-2\/"]}]},{"@type":"BreadcrumbList","@id":"https:\/\/dev.tg4.ie\/ga\/eolas\/gradaim\/2021-2\/#breadcrumb","itemListElement":[{"@type":"ListItem","position":1,"name":"Home","item":"https:\/\/dev.tg4.ie\/ga\/"},{"@type":"ListItem","position":2,"name":"Eolas","item":"https:\/\/dev.tg4.ie\/ga\/eolas\/"},{"@type":"ListItem","position":3,"name":"Gradaim","item":"https:\/\/dev.tg4.ie\/ga\/eolas\/gradaim\/"},{"@type":"ListItem","position":4,"name":"2021"}]},{"@type":"WebSite","@id":"https:\/\/dev.tg4.ie\/en\/#website","url":"https:\/\/dev.tg4.ie\/en\/","name":"TG4","description":"S\u00fail Eile","potentialAction":[{"@type":"SearchAction","target":{"@type":"EntryPoint","urlTemplate":"https:\/\/dev.tg4.ie\/en\/?s={search_term_string}"},"query-input":"required name=search_term_string"}],"inLanguage":"ga"}]}},"_links":{"self":[{"href":"https:\/\/dev.tg4.ie\/ga\/wp-json\/wp\/v2\/pages\/119017"}],"collection":[{"href":"https:\/\/dev.tg4.ie\/ga\/wp-json\/wp\/v2\/pages"}],"about":[{"href":"https:\/\/dev.tg4.ie\/ga\/wp-json\/wp\/v2\/types\/page"}],"author":[{"embeddable":true,"href":"https:\/\/dev.tg4.ie\/ga\/wp-json\/wp\/v2\/users\/876"}],"replies":[{"embeddable":true,"href":"https:\/\/dev.tg4.ie\/ga\/wp-json\/wp\/v2\/comments?post=119017"}],"version-history":[{"count":0,"href":"https:\/\/dev.tg4.ie\/ga\/wp-json\/wp\/v2\/pages\/119017\/revisions"}],"up":[{"embeddable":true,"href":"https:\/\/dev.tg4.ie\/ga\/wp-json\/wp\/v2\/pages\/1219"}],"wp:attachment":[{"href":"https:\/\/dev.tg4.ie\/ga\/wp-json\/wp\/v2\/media?parent=119017"}],"curies":[{"name":"wp","href":"https:\/\/api.w.org\/{rel}","templated":true}]}}