{"id":120599,"date":"2021-06-03T13:04:56","date_gmt":"2021-06-03T12:04:56","guid":{"rendered":"https:\/\/dev.tg4.ie\/?page_id=120599"},"modified":"2021-06-03T13:08:44","modified_gmt":"2021-06-03T12:08:44","slug":"cruinniu-na-nog-ar-tg4","status":"publish","type":"page","link":"https:\/\/dev.tg4.ie\/ga\/eolas\/preas\/nuacht-raitis\/2021-2\/cruinniu-na-nog-ar-tg4\/","title":{"rendered":"Cruinni\u00fa na n\u00d3g ar TG4"},"content":{"rendered":"<p><a href=\"https:\/\/tg4-docs.s3.amazonaws.com\/tg4-redesign-2015\/wp-content\/uploads\/2021\/05\/Cruthaim_1_1920x1080.jpg\"><img loading=\"lazy\" decoding=\"async\" width=\"1920\" height=\"1080\" src=\"https:\/\/tg4-docs.s3.amazonaws.com\/tg4-redesign-2015\/wp-content\/uploads\/2021\/05\/Cruthaim_1_1920x1080.jpg\" alt=\"\" class=\"aligncenter size-full wp-image-120123\" srcset=\"https:\/\/tg4-docs.s3.amazonaws.com\/tg4-redesign-2015\/wp-content\/uploads\/2021\/05\/Cruthaim_1_1920x1080.jpg 1920w, https:\/\/tg4-docs.s3.amazonaws.com\/tg4-redesign-2015\/wp-content\/uploads\/2021\/05\/Cruthaim_1_1920x1080-250x141.jpg 250w, https:\/\/tg4-docs.s3.amazonaws.com\/tg4-redesign-2015\/wp-content\/uploads\/2021\/05\/Cruthaim_1_1920x1080-700x394.jpg 700w, https:\/\/tg4-docs.s3.amazonaws.com\/tg4-redesign-2015\/wp-content\/uploads\/2021\/05\/Cruthaim_1_1920x1080-252x141.jpg 252w, https:\/\/tg4-docs.s3.amazonaws.com\/tg4-redesign-2015\/wp-content\/uploads\/2021\/05\/Cruthaim_1_1920x1080-1536x864.jpg 1536w, https:\/\/tg4-docs.s3.amazonaws.com\/tg4-redesign-2015\/wp-content\/uploads\/2021\/05\/Cruthaim_1_1920x1080-120x68.jpg 120w\" sizes=\"(max-width: 1920px) 100vw, 1920px\" \/><\/a><br \/>\n&nbsp;<br \/>\n<strong>D\u00e9anfar l\u00e1 n\u00e1isi\u00fanta cruthaitheachta na h\u00c9ireann do leana\u00ed agus do dhaoine \u00f3ga a cheili\u00faradh ar an 12 Meitheamh leis an bhf\u00e9ile bhliant\u00fail Cruinni\u00fa na n\u00d3g agus beidh deis ag daoine faoi 18 f\u00e9ith na cruthaitheachta a chur ag obair.  YouTube: <a href=\"https:\/\/youtu.be\/v2GbH82TBfs\" rel=\"noopener\" target=\"_blank\">https:\/\/youtu.be\/v2GbH82TBfs<\/a><\/strong><br \/>\n&nbsp;<br \/>\nD\u00e9anfaidh TG4 i bp\u00e1irt le Cl\u00e1r \u00c9ire Ild\u00e1nach na Roinne Turas\u00f3ireachta, Cult\u00fair, Eala\u00edon, Gaeltachta, Sp\u00f3irt agus Me\u00e1n ceili\u00faradh ar Chruinni\u00fa na n\u00d3g 2021 le sraith nua <em>Crutha\u00edm<\/em> agus dr\u00e1ma Gaeilge do dh\u00e9ag\u00f3ir\u00ed ar Tik Tok. Is l\u00e9argas ar chruthaitheacht agus ar nu\u00e1la\u00edocht an \u00f3ige a bheidh i gCruinni\u00fa na n\u00d3g. Is \u00e9 an t-aisteoir \u00f3g as Conamara Ruarc \u00d3 Confhaola ambasad\u00f3ir na Gaeltachta don bhliain 2021.<br \/>\n&nbsp;<br \/>\nD\u00edreoidh <strong>Crutha\u00edm<\/strong> aird ar \u00f3ige na h\u00c9ireann agus ar dhaoine \u00f3ga sna ceantair Ghaeltachta ach go h\u00e1irithe, agus caithfear solas ar a mbeocht agus ar an tallann ar leith at\u00e1 acu. Taispe\u00e1nfaidh Gaeilgeoir \u00f3g amh\u00e1in as gach contae chomh maith le duine amh\u00e1in as an l\u00edon m\u00f3r daoine \u00f3ga \u00f3n diasp\u00f3ra an cumas cruthaitheachta at\u00e1 iontu i sraith f\u00edse\u00e1n a chraolfar ar YouTube C\u00fala 4 \u00f3n 2\u00fa Meitheamh go dt\u00ed an 12\u00fa Meitheamh. Tabharfar gl\u00f3r agus deis ar leith don \u00f3ige iad f\u00e9in a chur i l\u00e1thair agus an tuiscint at\u00e1 i gceist leis an gcruthaitheacht d\u00f3ibh a l\u00e9iri\u00fa.<br \/>\n&nbsp;<br \/>\nDen ch\u00e9ad uair riamh, l\u00e9ireofar dr\u00e1ma i nGaeilge don ard\u00e1n Tik Tok do Chruinni\u00fa na n\u00d3g. Sc\u00e9al gr\u00e1 na <em>Debs<\/em> idir Gillian agus S\u00e9amus a l\u00e9ireofar sa dr\u00e1ma seo. Is faoin haishchlib #Fairytale a bhfuil t\u00f3ir air ar Tik Tok a bheidh an dr\u00e1ma seo. Craolfar an dr\u00e1ma ina m\u00edreanna ar Tik Tok bloc_tg4 \u00f3n Satharn 12 Meitheamh.  Is \u00e9 an scr\u00edbhneoir agus sti\u00farth\u00f3ir Philip Doherty, sti\u00farth\u00f3ir cruthaitheach Samhl\u00fa 2020 a chruthaigh an dr\u00e1ma seo i bp\u00e1irt le daoine \u00f3ga.  Iarrfar ar an lucht f\u00e9achana a bheith p\u00e1irteach agus a ndr\u00e1ma\u00ed f\u00e9in a chruth\u00fa agus clibe\u00e1il a dh\u00e9anamh ar @bloc_tg4 agus #Fairytale.<br \/>\n&nbsp;<br \/>\nDeir <strong>St\u00fairth\u00f3ir \u00c9ire Ild\u00e1nach, Tania Banotti,<\/strong> <em>&#8220;T\u00e1 r\u00edm\u00e9ad ar an gCl\u00e1r \u00c9ire Ild\u00e1nach tac\u00fa le cl\u00e1r iontach tionscadal TG4 do Chruinni\u00fa na h\u00d3g ina nd\u00e9antar ceili\u00faradh ar an gcumas cruthaitheachta at\u00e1 ag daoine \u00f3ga ar fud na h\u00c9ireann agus n\u00edos faide i gc\u00e9in agus ina dtugtar l\u00e9argas ar an gcumas sin. Is m\u00f3r an spreagadh d\u00fainn chomh tugtha is at\u00e1 TG4 d&#8217;ard\u00e1n a thabhairt do leana\u00ed agus is l\u00e9argas bun\u00fasach den scoth air sin \u00e9 tionscadal iontach TG4 Crutha\u00edm. T\u00e1 spraoi m\u00f3r i gceist leis an sc\u00e9al gr\u00e1 at\u00e1 d\u00e9anta acu don ard\u00e1n Tik Tok agus l\u00e9ir\u00edonn sin an cur chuige ar leith at\u00e1 ag TG4 i dtaobh craolt\u00f3ireacht chruthaitheach agus t\u00e1 an-\u00e1thas orainn a bheith p\u00e1irteach ann.&#8221;<\/em><br \/>\n&nbsp;<br \/>\nAg labhairt faoi na sraitheanna d\u00fairt <strong>Eagarth\u00f3ir Daoine \u00d3ga TG4, Siobh\u00e1n N\u00ed Bhradaigh,<\/strong> <em>\u201cT\u00e1 s\u00e9 iontach a bheith ag tac\u00fa le Cruinni\u00fa na n\u00d3g 2021 agus n\u00edos ionta\u00ed f\u00f3s go dtaispe\u00e1nfaidh ionada\u00ed \u00f3g as gach Contae sa t\u00edr chomh maith le hionada\u00ed \u00f3g \u00f3 na Gaeil i gc\u00e9in na beala\u00ed ina mb\u00edonn siadsan cruthaitheach sa tsraith \u2018Crutha\u00edm\u2019.  T\u00e1 aisteoir\u00ed \u00f3ga agus cruthaitheoir\u00ed \u00e1bhair ag teacht chun cinn i gc\u00f3na\u00ed agus t\u00e1 s\u00e9 t\u00e1bhachtach ard\u00e1n a thabhairt d\u00f3ibh agus \u00e1bhar a chur ar f\u00e1il d\u00f3ibh san \u00e1it a bhfuil siad ag f\u00e9achaint. T\u00e1 s\u00fail againn go spreagfaidh an tsraith Tik Tok daoine \u00f3ga na t\u00edre le h\u00e1bhar a chruth\u00fa iad f\u00e9in agus spraoi a bhaint as an bpr\u00f3iseas.\u201d<\/em><br \/>\n&nbsp;<br \/>\n&nbsp;<br \/>\n&nbsp;<\/p>\n","protected":false},"excerpt":{"rendered":"<p>&nbsp; D\u00e9anfar l\u00e1 n\u00e1isi\u00fanta cruthaitheachta na h\u00c9ireann do leana\u00ed agus do dhaoine \u00f3ga a cheili\u00faradh ar an 12 Meitheamh leis an bhf\u00e9ile bhliant\u00fail Cruinni\u00fa na n\u00d3g agus beidh deis ag daoine faoi 18 f\u00e9ith na cruthaitheachta a chur ag obair. YouTube: https:\/\/youtu.be\/v2GbH82TBfs &nbsp; D\u00e9anfaidh TG4 i bp\u00e1irt le Cl\u00e1r \u00c9ire Ild\u00e1nach na Roinne Turas\u00f3ireachta, Cult\u00fair, [&hellip;]<\/p>\n","protected":false},"author":876,"featured_media":0,"parent":115579,"menu_order":25,"comment_status":"closed","ping_status":"closed","template":"page-templates\/template-pr.php","meta":{"_acf_changed":false,"footnotes":""},"acf":[],"yoast_head":"<!-- This site is optimized with the Yoast SEO plugin v22.6 - https:\/\/yoast.com\/wordpress\/plugins\/seo\/ -->\n<title>Cruinni\u00fa na n\u00d3g ar TG4 | Preas R\u00e1iteas | TG4<\/title>\n<meta name=\"robots\" content=\"index, follow, max-snippet:-1, max-image-preview:large, max-video-preview:-1\" \/>\n<meta property=\"og:locale\" content=\"en_US\" \/>\n<meta property=\"og:type\" content=\"article\" \/>\n<meta property=\"og:title\" content=\"Cruinni\u00fa na n\u00d3g ar TG4 | Preas R\u00e1iteas | TG4\" \/>\n<meta property=\"og:description\" content=\"&nbsp; D\u00e9anfar l\u00e1 n\u00e1isi\u00fanta cruthaitheachta na h\u00c9ireann do leana\u00ed agus do dhaoine \u00f3ga a cheili\u00faradh ar an 12 Meitheamh leis an bhf\u00e9ile bhliant\u00fail Cruinni\u00fa na n\u00d3g agus beidh deis ag daoine faoi 18 f\u00e9ith na cruthaitheachta a chur ag obair. YouTube: https:\/\/youtu.be\/v2GbH82TBfs &nbsp; D\u00e9anfaidh TG4 i bp\u00e1irt le Cl\u00e1r \u00c9ire Ild\u00e1nach na Roinne Turas\u00f3ireachta, Cult\u00fair, [&hellip;]\" \/>\n<meta property=\"og:url\" content=\"https:\/\/dev.tg4.ie\/ga\/eolas\/preas\/nuacht-raitis\/2021-2\/cruinniu-na-nog-ar-tg4\/\" \/>\n<meta property=\"og:site_name\" content=\"TG4\" \/>\n<meta property=\"article:publisher\" content=\"https:\/\/www.facebook.com\/TG4TV\" \/>\n<meta property=\"article:modified_time\" content=\"2021-06-03T12:08:44+00:00\" \/>\n<meta property=\"og:image\" content=\"https:\/\/tg4-docs.s3.amazonaws.com\/tg4-redesign-2015\/wp-content\/uploads\/2021\/05\/Cruthaim_1_1920x1080.jpg\" \/>\n\t<meta property=\"og:image:width\" content=\"1920\" \/>\n\t<meta property=\"og:image:height\" content=\"1080\" \/>\n\t<meta property=\"og:image:type\" content=\"image\/jpeg\" \/>\n<meta name=\"twitter:card\" content=\"summary_large_image\" \/>\n<meta name=\"twitter:image\" content=\"https:\/\/tg4-docs.s3.amazonaws.com\/tg4-redesign-2015\/wp-content\/uploads\/2021\/05\/Cruthaim_1_1920x1080.jpg\" \/>\n<meta name=\"twitter:site\" content=\"@TG4TV\" \/>\n<meta name=\"twitter:label1\" content=\"Est. reading time\" \/>\n\t<meta name=\"twitter:data1\" content=\"3 minutes\" \/>\n<script type=\"application\/ld+json\" class=\"yoast-schema-graph\">{\"@context\":\"https:\/\/schema.org\",\"@graph\":[{\"@type\":\"WebPage\",\"@id\":\"https:\/\/dev.tg4.ie\/ga\/eolas\/preas\/nuacht-raitis\/2021-2\/cruinniu-na-nog-ar-tg4\/\",\"url\":\"https:\/\/dev.tg4.ie\/ga\/eolas\/preas\/nuacht-raitis\/2021-2\/cruinniu-na-nog-ar-tg4\/\",\"name\":\"Cruinni\u00fa na n\u00d3g ar TG4 | Preas R\u00e1iteas | TG4\",\"isPartOf\":{\"@id\":\"https:\/\/dev.tg4.ie\/en\/#website\"},\"primaryImageOfPage\":{\"@id\":\"https:\/\/dev.tg4.ie\/ga\/eolas\/preas\/nuacht-raitis\/2021-2\/cruinniu-na-nog-ar-tg4\/#primaryimage\"},\"image\":{\"@id\":\"https:\/\/dev.tg4.ie\/ga\/eolas\/preas\/nuacht-raitis\/2021-2\/cruinniu-na-nog-ar-tg4\/#primaryimage\"},\"thumbnailUrl\":\"https:\/\/dev.tg4.ie\/wp-content\/uploads\/2021\/05\/Cruthaim_1_1920x1080.jpg\",\"datePublished\":\"2021-06-03T12:04:56+00:00\",\"dateModified\":\"2021-06-03T12:08:44+00:00\",\"breadcrumb\":{\"@id\":\"https:\/\/dev.tg4.ie\/ga\/eolas\/preas\/nuacht-raitis\/2021-2\/cruinniu-na-nog-ar-tg4\/#breadcrumb\"},\"inLanguage\":\"ga\",\"potentialAction\":[{\"@type\":\"ReadAction\",\"target\":[\"https:\/\/dev.tg4.ie\/ga\/eolas\/preas\/nuacht-raitis\/2021-2\/cruinniu-na-nog-ar-tg4\/\"]}]},{\"@type\":\"ImageObject\",\"inLanguage\":\"ga\",\"@id\":\"https:\/\/dev.tg4.ie\/ga\/eolas\/preas\/nuacht-raitis\/2021-2\/cruinniu-na-nog-ar-tg4\/#primaryimage\",\"url\":\"https:\/\/dev.tg4.ie\/wp-content\/uploads\/2021\/05\/Cruthaim_1_1920x1080.jpg\",\"contentUrl\":\"https:\/\/dev.tg4.ie\/wp-content\/uploads\/2021\/05\/Cruthaim_1_1920x1080.jpg\"},{\"@type\":\"BreadcrumbList\",\"@id\":\"https:\/\/dev.tg4.ie\/ga\/eolas\/preas\/nuacht-raitis\/2021-2\/cruinniu-na-nog-ar-tg4\/#breadcrumb\",\"itemListElement\":[{\"@type\":\"ListItem\",\"position\":1,\"name\":\"Home\",\"item\":\"https:\/\/dev.tg4.ie\/ga\/\"},{\"@type\":\"ListItem\",\"position\":2,\"name\":\"Eolas\",\"item\":\"https:\/\/dev.tg4.ie\/ga\/eolas\/\"},{\"@type\":\"ListItem\",\"position\":3,\"name\":\"Preas\",\"item\":\"https:\/\/dev.tg4.ie\/ga\/eolas\/preas\/\"},{\"@type\":\"ListItem\",\"position\":4,\"name\":\"Nuacht R\u00e1itis\",\"item\":\"https:\/\/dev.tg4.ie\/ga\/eolas\/preas\/nuacht-raitis\/\"},{\"@type\":\"ListItem\",\"position\":5,\"name\":\"2021\",\"item\":\"https:\/\/dev.tg4.ie\/ga\/eolas\/preas\/nuacht-raitis\/2021-2\/\"},{\"@type\":\"ListItem\",\"position\":6,\"name\":\"Cruinni\u00fa na n\u00d3g ar TG4\"}]},{\"@type\":\"WebSite\",\"@id\":\"https:\/\/dev.tg4.ie\/en\/#website\",\"url\":\"https:\/\/dev.tg4.ie\/en\/\",\"name\":\"TG4\",\"description\":\"S\u00fail Eile\",\"potentialAction\":[{\"@type\":\"SearchAction\",\"target\":{\"@type\":\"EntryPoint\",\"urlTemplate\":\"https:\/\/dev.tg4.ie\/en\/?s={search_term_string}\"},\"query-input\":\"required name=search_term_string\"}],\"inLanguage\":\"ga\"}]}<\/script>\n<!-- \/ Yoast SEO plugin. -->","yoast_head_json":{"title":"Cruinni\u00fa na n\u00d3g ar TG4 | Preas R\u00e1iteas | TG4","robots":{"index":"index","follow":"follow","max-snippet":"max-snippet:-1","max-image-preview":"max-image-preview:large","max-video-preview":"max-video-preview:-1"},"og_locale":"en_US","og_type":"article","og_title":"Cruinni\u00fa na n\u00d3g ar TG4 | Preas R\u00e1iteas | TG4","og_description":"&nbsp; D\u00e9anfar l\u00e1 n\u00e1isi\u00fanta cruthaitheachta na h\u00c9ireann do leana\u00ed agus do dhaoine \u00f3ga a cheili\u00faradh ar an 12 Meitheamh leis an bhf\u00e9ile bhliant\u00fail Cruinni\u00fa na n\u00d3g agus beidh deis ag daoine faoi 18 f\u00e9ith na cruthaitheachta a chur ag obair. YouTube: https:\/\/youtu.be\/v2GbH82TBfs &nbsp; D\u00e9anfaidh TG4 i bp\u00e1irt le Cl\u00e1r \u00c9ire Ild\u00e1nach na Roinne Turas\u00f3ireachta, Cult\u00fair, [&hellip;]","og_url":"https:\/\/dev.tg4.ie\/ga\/eolas\/preas\/nuacht-raitis\/2021-2\/cruinniu-na-nog-ar-tg4\/","og_site_name":"TG4","article_publisher":"https:\/\/www.facebook.com\/TG4TV","article_modified_time":"2021-06-03T12:08:44+00:00","og_image":[{"width":1920,"height":1080,"url":"https:\/\/tg4-docs.s3.amazonaws.com\/tg4-redesign-2015\/wp-content\/uploads\/2021\/05\/Cruthaim_1_1920x1080.jpg","type":"image\/jpeg"}],"twitter_card":"summary_large_image","twitter_image":"https:\/\/tg4-docs.s3.amazonaws.com\/tg4-redesign-2015\/wp-content\/uploads\/2021\/05\/Cruthaim_1_1920x1080.jpg","twitter_site":"@TG4TV","twitter_misc":{"Est. reading time":"3 minutes"},"schema":{"@context":"https:\/\/schema.org","@graph":[{"@type":"WebPage","@id":"https:\/\/dev.tg4.ie\/ga\/eolas\/preas\/nuacht-raitis\/2021-2\/cruinniu-na-nog-ar-tg4\/","url":"https:\/\/dev.tg4.ie\/ga\/eolas\/preas\/nuacht-raitis\/2021-2\/cruinniu-na-nog-ar-tg4\/","name":"Cruinni\u00fa na n\u00d3g ar TG4 | Preas R\u00e1iteas | TG4","isPartOf":{"@id":"https:\/\/dev.tg4.ie\/en\/#website"},"primaryImageOfPage":{"@id":"https:\/\/dev.tg4.ie\/ga\/eolas\/preas\/nuacht-raitis\/2021-2\/cruinniu-na-nog-ar-tg4\/#primaryimage"},"image":{"@id":"https:\/\/dev.tg4.ie\/ga\/eolas\/preas\/nuacht-raitis\/2021-2\/cruinniu-na-nog-ar-tg4\/#primaryimage"},"thumbnailUrl":"https:\/\/dev.tg4.ie\/wp-content\/uploads\/2021\/05\/Cruthaim_1_1920x1080.jpg","datePublished":"2021-06-03T12:04:56+00:00","dateModified":"2021-06-03T12:08:44+00:00","breadcrumb":{"@id":"https:\/\/dev.tg4.ie\/ga\/eolas\/preas\/nuacht-raitis\/2021-2\/cruinniu-na-nog-ar-tg4\/#breadcrumb"},"inLanguage":"ga","potentialAction":[{"@type":"ReadAction","target":["https:\/\/dev.tg4.ie\/ga\/eolas\/preas\/nuacht-raitis\/2021-2\/cruinniu-na-nog-ar-tg4\/"]}]},{"@type":"ImageObject","inLanguage":"ga","@id":"https:\/\/dev.tg4.ie\/ga\/eolas\/preas\/nuacht-raitis\/2021-2\/cruinniu-na-nog-ar-tg4\/#primaryimage","url":"https:\/\/dev.tg4.ie\/wp-content\/uploads\/2021\/05\/Cruthaim_1_1920x1080.jpg","contentUrl":"https:\/\/dev.tg4.ie\/wp-content\/uploads\/2021\/05\/Cruthaim_1_1920x1080.jpg"},{"@type":"BreadcrumbList","@id":"https:\/\/dev.tg4.ie\/ga\/eolas\/preas\/nuacht-raitis\/2021-2\/cruinniu-na-nog-ar-tg4\/#breadcrumb","itemListElement":[{"@type":"ListItem","position":1,"name":"Home","item":"https:\/\/dev.tg4.ie\/ga\/"},{"@type":"ListItem","position":2,"name":"Eolas","item":"https:\/\/dev.tg4.ie\/ga\/eolas\/"},{"@type":"ListItem","position":3,"name":"Preas","item":"https:\/\/dev.tg4.ie\/ga\/eolas\/preas\/"},{"@type":"ListItem","position":4,"name":"Nuacht R\u00e1itis","item":"https:\/\/dev.tg4.ie\/ga\/eolas\/preas\/nuacht-raitis\/"},{"@type":"ListItem","position":5,"name":"2021","item":"https:\/\/dev.tg4.ie\/ga\/eolas\/preas\/nuacht-raitis\/2021-2\/"},{"@type":"ListItem","position":6,"name":"Cruinni\u00fa na n\u00d3g ar TG4"}]},{"@type":"WebSite","@id":"https:\/\/dev.tg4.ie\/en\/#website","url":"https:\/\/dev.tg4.ie\/en\/","name":"TG4","description":"S\u00fail Eile","potentialAction":[{"@type":"SearchAction","target":{"@type":"EntryPoint","urlTemplate":"https:\/\/dev.tg4.ie\/en\/?s={search_term_string}"},"query-input":"required name=search_term_string"}],"inLanguage":"ga"}]}},"_links":{"self":[{"href":"https:\/\/dev.tg4.ie\/ga\/wp-json\/wp\/v2\/pages\/120599"}],"collection":[{"href":"https:\/\/dev.tg4.ie\/ga\/wp-json\/wp\/v2\/pages"}],"about":[{"href":"https:\/\/dev.tg4.ie\/ga\/wp-json\/wp\/v2\/types\/page"}],"author":[{"embeddable":true,"href":"https:\/\/dev.tg4.ie\/ga\/wp-json\/wp\/v2\/users\/876"}],"replies":[{"embeddable":true,"href":"https:\/\/dev.tg4.ie\/ga\/wp-json\/wp\/v2\/comments?post=120599"}],"version-history":[{"count":0,"href":"https:\/\/dev.tg4.ie\/ga\/wp-json\/wp\/v2\/pages\/120599\/revisions"}],"up":[{"embeddable":true,"href":"https:\/\/dev.tg4.ie\/ga\/wp-json\/wp\/v2\/pages\/115579"}],"wp:attachment":[{"href":"https:\/\/dev.tg4.ie\/ga\/wp-json\/wp\/v2\/media?parent=120599"}],"curies":[{"name":"wp","href":"https:\/\/api.w.org\/{rel}","templated":true}]}}