{"id":120951,"date":"2021-06-15T13:12:23","date_gmt":"2021-06-15T12:12:23","guid":{"rendered":"https:\/\/dev.tg4.ie\/?page_id=120951"},"modified":"2021-06-15T13:12:23","modified_gmt":"2021-06-15T12:12:23","slug":"ta-kelloggs-gaa-cul-camps-ar-ais-don-dara-seasur-ar-tg4","status":"publish","type":"page","link":"https:\/\/dev.tg4.ie\/ga\/eolas\/preas\/nuacht-raitis\/2021-2\/ta-kelloggs-gaa-cul-camps-ar-ais-don-dara-seasur-ar-tg4\/","title":{"rendered":"T\u00e1 Kellogg&#8217;s GAA C\u00fal Camps ar ais don dara s\u00e9as\u00far ar TG4"},"content":{"rendered":"<p><a href=\"https:\/\/tg4-docs.s3.amazonaws.com\/tg4-redesign-2015\/wp-content\/uploads\/2021\/06\/Grainne_Bleasdale_GAA_Cul_Camps21_1920x1080.jpg\"><img loading=\"lazy\" decoding=\"async\" width=\"1920\" height=\"1080\" src=\"https:\/\/tg4-docs.s3.amazonaws.com\/tg4-redesign-2015\/wp-content\/uploads\/2021\/06\/Grainne_Bleasdale_GAA_Cul_Camps21_1920x1080.jpg\" alt=\"\" class=\"aligncenter size-full wp-image-120953\" srcset=\"https:\/\/tg4-docs.s3.amazonaws.com\/tg4-redesign-2015\/wp-content\/uploads\/2021\/06\/Grainne_Bleasdale_GAA_Cul_Camps21_1920x1080.jpg 1920w, https:\/\/tg4-docs.s3.amazonaws.com\/tg4-redesign-2015\/wp-content\/uploads\/2021\/06\/Grainne_Bleasdale_GAA_Cul_Camps21_1920x1080-250x141.jpg 250w, https:\/\/tg4-docs.s3.amazonaws.com\/tg4-redesign-2015\/wp-content\/uploads\/2021\/06\/Grainne_Bleasdale_GAA_Cul_Camps21_1920x1080-700x394.jpg 700w, https:\/\/tg4-docs.s3.amazonaws.com\/tg4-redesign-2015\/wp-content\/uploads\/2021\/06\/Grainne_Bleasdale_GAA_Cul_Camps21_1920x1080-252x141.jpg 252w, https:\/\/tg4-docs.s3.amazonaws.com\/tg4-redesign-2015\/wp-content\/uploads\/2021\/06\/Grainne_Bleasdale_GAA_Cul_Camps21_1920x1080-1536x864.jpg 1536w, https:\/\/tg4-docs.s3.amazonaws.com\/tg4-redesign-2015\/wp-content\/uploads\/2021\/06\/Grainne_Bleasdale_GAA_Cul_Camps21_1920x1080-120x68.jpg 120w\" sizes=\"(max-width: 1920px) 100vw, 1920px\" \/><\/a><br \/>\n&nbsp;<br \/>\n<strong>#KelloggsGAACulCamps<\/strong><br \/>\n&nbsp;<br \/>\nT\u00e1 \u00e1thas ar CLG, i gcomhar le Kellogg agus TG4, a fh\u00f3gairt go gcraolfar an cl\u00e1r <em>GAA C\u00fal Camps<\/em> don dara s\u00e9as\u00far ar TG4 ar feadh s\u00e9 seachtaine an samhradh seo.  Tos\u00f3idh an tsraith D\u00e9 Luain, an 28 Meitheamh ag 7:30pm, an l\u00e1 c\u00e9anna ar a mbeidh na campa\u00ed f\u00e9in ag tos\u00fa ar fud na t\u00edre. Beidh an tsraith ar f\u00e1il ar sheinnteoir TG4, \u00e1it a gcuirfear an filleadh ar ghn\u00edomha\u00edochta\u00ed an champa ar f\u00e1il beo agus ar \u00e9ileamh araon do gach duine sa bhaile agus thar lear.<br \/>\n&nbsp;<\/p>\n<p>Is iad Nemeton TV, at\u00e1 lonnaithe i bPort L\u00e1irge, a l\u00e9ireoidh an tsraith <em>GAA C\u00fal Camps<\/em> agus is \u00ed Gr\u00e1inne Bleasdale a chuirfidh an tsraith i l\u00e1thair.  \u00c1ireofar scileanna, druileanna agus m\u00edreanna \u00f3 shaineola\u00ed CLG i sraith na bliana seo, m\u00edreanna a mbainfidh an teaghlach ar fad sult astu, le buaiteoir Chraobhchom\u00f3rtas Pheil na mBan, r\u00e9alta Bhaile \u00c1tha Cliath <strong>Sin\u00e9ad Aherne<\/strong>, seaimp\u00edn Cam\u00f3ga\u00edochta Chorca\u00ed <strong>Linda Collins<\/strong>, Iom\u00e1na\u00ed Phort L\u00e1irge <strong>Tadhg de B\u00farca<\/strong> agus imreoir Thiobraid \u00c1rann <strong>S\u00e9amus Kennedy<\/strong>, mar aon le peilead\u00f3ir na Gaillimhe <strong>Paul Conroy<\/strong> agus peilead\u00f3ir Dh\u00fan na nGall <strong>Ryan McHugh<\/strong>.   Beidh dh\u00e1 theaghlach ag glacadh p\u00e1irt i ngach cl\u00e1r agus bainfidh siad triail as a gcuid scileanna nua. T\u00e1 CLG tiomanta deis a thabhairt do leana\u00ed cluich\u00ed Gaelacha a imirt an samhradh seo agus t\u00e1imid ag s\u00fail go m\u00f3r le s\u00e9as\u00far nua de leagan craolta Kellogg\u2019s GAA C\u00fal Camps mar aon le leagan beo.<br \/>\n&nbsp;<br \/>\nT\u00e1 p\u00e1irt glactha ag 1,460,829 leanbh in GAA C\u00fal Camps \u00f3n mbliain 2006. D&#8217;\u00e9irigh go hiontach le Kellogg&#8217;s GAA C\u00fal Camps sa bhliain 2020 agus ba mh\u00f3r an faoiseamh iad do bhreis agus 70,000 leanbh ar fud na t\u00edre \u00f3 shrianta Covid-19. Is ionann an bhliain 2021 agus an 10\u00fa bliain d&#8217;urra\u00edocht Kellogg&#8217;s agus filleadh an chom\u00f3rtais ar an bpaic\u00e9ad a bhfuiltear ag s\u00fail go m\u00f3r leis, ina mbeidh deis ag clubanna duaiseanna ar fi\u00fa \u20ac25,000, \u20ac10,000 n\u00f3 \u20ac5,000 iad a bhuachan.<br \/>\n&nbsp;<\/p>\n<p>Chuir <strong>Uachtar\u00e1n CLG Larry McCarthy<\/strong> f\u00e1ilte roimh an tsraith nua ag r\u00e1 <em>&#8220;Gu\u00edm gach rath ar gach duine a bhfuil baint acu le Kellogg&#8217;s GAA C\u00fal Camps sna seachtain\u00ed agus m\u00edonna at\u00e1 amach romhainn. Ba mhaith liom bu\u00edochas ar leith a ghabh\u00e1il do Kellogg agus TG4 as an gcruthaitheacht a thaispe\u00e1in siad anuraidh chun cuidi\u00fa linn teagmh\u00e1il a dh\u00e9anamh leis an m\u00e9id sin daoine \u00f3ga tr\u00edd an gcl\u00e1r teilif\u00edse. T\u00e1 s\u00fail agam go mbeidh s\u00e9 gach pioc chomh rath\u00fail i mbliana.&#8221;<\/em><br \/>\n&nbsp;<\/p>\n<p>D\u00fairt <strong>Sarah Ferguson, Ceann Margaidh Kellogg&#8217;s<\/strong> in \u00c9irinn <em>&#8220;T\u00e1 r\u00edm\u00e9ad orainn go bhfuil Kellogg&#8217;s GAA C\u00fal Camps ag filleadh ar TG4 i ndiaidh chomh maith is a d&#8217;\u00e9irigh le cl\u00e1racha na bliana seo caite agus is iontach an bealach \u00e9 le ceili\u00faradh a dh\u00e9anamh ar 10 mbliana d&#8217;urra\u00edocht.  T\u00e1 Kellogg&#8217;s GAA C\u00fal Camps ina ghn\u00e9 l\u00e1rnach de shamhradh na h\u00c9ireann agus is iontach an rud \u00e9 go bhfuil an cl\u00e1r GAA C\u00fal Camps ag cur leis seo gach bliain. T\u00e1imid ag s\u00fail go m\u00f3r le breathn\u00fa ar an gcl\u00e1r agus na m\u00edlte leana\u00ed ar fud na t\u00edre a fheice\u00e1il ag glacadh p\u00e1irt sna campa\u00ed, ag bualadh lena gcairde agus ag baint s\u00fap as an saol i dtimpeallacht shl\u00e1inti\u00fail lasmuigh.&#8221;<\/em><br \/>\n&nbsp;<\/p>\n<p>D\u00fairt <strong>Ceannasa\u00ed Sp\u00f3irt TG4 R\u00f3n\u00e1n \u00d3 Coisdealbha<\/strong> <em>\u201cT\u00e1imid ag s\u00fail le sraith nua eile de GAA C\u00fal Camps ar TG4 a thabharfaidh deis don lucht f\u00e9achana cuid de r\u00e9alta\u00ed na gclu\u00edch\u00ed Gaelacha agus an ch\u00e9ad ghl\u00fain eile a fheice\u00e1il ag cleachtadh a gcuid scileanna.\u201d<\/em><br \/>\n&nbsp;<\/p>\n<p>Cuireann Kellogg&#8217;s GAA C\u00fal Camps seachtain l\u00e1n aicsin agus l\u00e1n spraoi ar f\u00e1il do bhuachaill\u00ed agus do chail\u00edn\u00ed idir 6 agus 13 bliana d&#8217;aois, seachtain ghn\u00edomha\u00edochta at\u00e1 d\u00edrithe ar shult a bhaint as a bheith ag imirt cluich\u00ed Gaelacha.  T\u00e1 na campa\u00ed \u00e1 re\u00e1cht\u00e1il ag c\u00f3itse\u00e1laithe c\u00e1ilithe agus is f\u00e9idir le gach leanbh p\u00e1irt a ghlacadh iontu, b\u00edodh taith\u00ed aige i gcluich\u00ed Gaelacha cheana n\u00f3 n\u00e1 b\u00edodh.  T\u00e1 \u00e1it curtha in \u00e1irithe ag n\u00edos m\u00f3 n\u00e1 100,000 leanbh cheana f\u00e9in, ach t\u00e1 \u00e1iteanna f\u00f3s ar f\u00e1il in go leor ceantar.<br \/>\nF\u00e9ach ar do champa \u00e1iti\u00fail ar <a href=\"https:\/\/www.gaa.ie\/kelloggsculcamps\" rel=\"noopener\" target=\"_blank\">www.gaa.ie\/kelloggsculcamps<\/a>.<br \/>\n&nbsp;<br \/>\n<a href=\"https:\/\/www.gaa.ie\/kelloggsculcamps\"><img loading=\"lazy\" decoding=\"async\" width=\"300\" height=\"351\" src=\"https:\/\/tg4-docs.s3.amazonaws.com\/tg4-redesign-2015\/wp-content\/uploads\/2021\/06\/Kelloggs_GAA_Cul_Camps21_logo_1-300x351-1.jpg\" alt=\"\" class=\"aligncenter size-full wp-image-120958\" srcset=\"https:\/\/tg4-docs.s3.amazonaws.com\/tg4-redesign-2015\/wp-content\/uploads\/2021\/06\/Kelloggs_GAA_Cul_Camps21_logo_1-300x351-1.jpg 300w, https:\/\/tg4-docs.s3.amazonaws.com\/tg4-redesign-2015\/wp-content\/uploads\/2021\/06\/Kelloggs_GAA_Cul_Camps21_logo_1-300x351-1-250x293.jpg 250w, https:\/\/tg4-docs.s3.amazonaws.com\/tg4-redesign-2015\/wp-content\/uploads\/2021\/06\/Kelloggs_GAA_Cul_Camps21_logo_1-300x351-1-121x141.jpg 121w, https:\/\/tg4-docs.s3.amazonaws.com\/tg4-redesign-2015\/wp-content\/uploads\/2021\/06\/Kelloggs_GAA_Cul_Camps21_logo_1-300x351-1-120x140.jpg 120w\" sizes=\"(max-width: 300px) 100vw, 300px\" \/><\/a><br \/>\n&nbsp;<br \/>\n&nbsp;<\/p>\n","protected":false},"excerpt":{"rendered":"<p>&nbsp; #KelloggsGAACulCamps &nbsp; T\u00e1 \u00e1thas ar CLG, i gcomhar le Kellogg agus TG4, a fh\u00f3gairt go gcraolfar an cl\u00e1r GAA C\u00fal Camps don dara s\u00e9as\u00far ar TG4 ar feadh s\u00e9 seachtaine an samhradh seo. Tos\u00f3idh an tsraith D\u00e9 Luain, an 28 Meitheamh ag 7:30pm, an l\u00e1 c\u00e9anna ar a mbeidh na campa\u00ed f\u00e9in ag tos\u00fa [&hellip;]<\/p>\n","protected":false},"author":876,"featured_media":0,"parent":115579,"menu_order":26,"comment_status":"closed","ping_status":"closed","template":"page-templates\/template-pr.php","meta":{"_acf_changed":false,"footnotes":""},"acf":[],"yoast_head":"<!-- This site is optimized with the Yoast SEO plugin v22.6 - https:\/\/yoast.com\/wordpress\/plugins\/seo\/ -->\n<title>T\u00e1 Kellogg&#039;s GAA C\u00fal Camps ar ais don dara s\u00e9as\u00far ar TG4 | Preas R\u00e1iteas | TG4<\/title>\n<meta name=\"robots\" content=\"index, follow, max-snippet:-1, max-image-preview:large, max-video-preview:-1\" \/>\n<meta property=\"og:locale\" content=\"en_US\" \/>\n<meta property=\"og:type\" content=\"article\" \/>\n<meta property=\"og:title\" content=\"T\u00e1 Kellogg&#039;s GAA C\u00fal Camps ar ais don dara s\u00e9as\u00far ar TG4 | Preas R\u00e1iteas | TG4\" \/>\n<meta property=\"og:description\" content=\"&nbsp; #KelloggsGAACulCamps &nbsp; T\u00e1 \u00e1thas ar CLG, i gcomhar le Kellogg agus TG4, a fh\u00f3gairt go gcraolfar an cl\u00e1r GAA C\u00fal Camps don dara s\u00e9as\u00far ar TG4 ar feadh s\u00e9 seachtaine an samhradh seo. Tos\u00f3idh an tsraith D\u00e9 Luain, an 28 Meitheamh ag 7:30pm, an l\u00e1 c\u00e9anna ar a mbeidh na campa\u00ed f\u00e9in ag tos\u00fa [&hellip;]\" \/>\n<meta property=\"og:url\" content=\"https:\/\/dev.tg4.ie\/ga\/eolas\/preas\/nuacht-raitis\/2021-2\/ta-kelloggs-gaa-cul-camps-ar-ais-don-dara-seasur-ar-tg4\/\" \/>\n<meta property=\"og:site_name\" content=\"TG4\" \/>\n<meta property=\"article:publisher\" content=\"https:\/\/www.facebook.com\/TG4TV\" \/>\n<meta property=\"og:image\" content=\"https:\/\/tg4-docs.s3.amazonaws.com\/tg4-redesign-2015\/wp-content\/uploads\/2021\/06\/Grainne_Bleasdale_GAA_Cul_Camps21_1920x1080.jpg\" \/>\n\t<meta property=\"og:image:width\" content=\"1920\" \/>\n\t<meta property=\"og:image:height\" content=\"1080\" \/>\n\t<meta property=\"og:image:type\" content=\"image\/jpeg\" \/>\n<meta name=\"twitter:card\" content=\"summary_large_image\" \/>\n<meta name=\"twitter:image\" content=\"https:\/\/tg4-docs.s3.amazonaws.com\/tg4-redesign-2015\/wp-content\/uploads\/2021\/06\/Grainne_Bleasdale_GAA_Cul_Camps21_1920x1080.jpg\" \/>\n<meta name=\"twitter:site\" content=\"@TG4TV\" \/>\n<meta name=\"twitter:label1\" content=\"Est. reading time\" \/>\n\t<meta name=\"twitter:data1\" content=\"4 minutes\" \/>\n<script type=\"application\/ld+json\" class=\"yoast-schema-graph\">{\"@context\":\"https:\/\/schema.org\",\"@graph\":[{\"@type\":\"WebPage\",\"@id\":\"https:\/\/dev.tg4.ie\/ga\/eolas\/preas\/nuacht-raitis\/2021-2\/ta-kelloggs-gaa-cul-camps-ar-ais-don-dara-seasur-ar-tg4\/\",\"url\":\"https:\/\/dev.tg4.ie\/ga\/eolas\/preas\/nuacht-raitis\/2021-2\/ta-kelloggs-gaa-cul-camps-ar-ais-don-dara-seasur-ar-tg4\/\",\"name\":\"T\u00e1 Kellogg's GAA C\u00fal Camps ar ais don dara s\u00e9as\u00far ar TG4 | Preas R\u00e1iteas | TG4\",\"isPartOf\":{\"@id\":\"https:\/\/dev.tg4.ie\/en\/#website\"},\"primaryImageOfPage\":{\"@id\":\"https:\/\/dev.tg4.ie\/ga\/eolas\/preas\/nuacht-raitis\/2021-2\/ta-kelloggs-gaa-cul-camps-ar-ais-don-dara-seasur-ar-tg4\/#primaryimage\"},\"image\":{\"@id\":\"https:\/\/dev.tg4.ie\/ga\/eolas\/preas\/nuacht-raitis\/2021-2\/ta-kelloggs-gaa-cul-camps-ar-ais-don-dara-seasur-ar-tg4\/#primaryimage\"},\"thumbnailUrl\":\"https:\/\/dev.tg4.ie\/wp-content\/uploads\/2021\/06\/Grainne_Bleasdale_GAA_Cul_Camps21_1920x1080.jpg\",\"datePublished\":\"2021-06-15T12:12:23+00:00\",\"dateModified\":\"2021-06-15T12:12:23+00:00\",\"breadcrumb\":{\"@id\":\"https:\/\/dev.tg4.ie\/ga\/eolas\/preas\/nuacht-raitis\/2021-2\/ta-kelloggs-gaa-cul-camps-ar-ais-don-dara-seasur-ar-tg4\/#breadcrumb\"},\"inLanguage\":\"ga\",\"potentialAction\":[{\"@type\":\"ReadAction\",\"target\":[\"https:\/\/dev.tg4.ie\/ga\/eolas\/preas\/nuacht-raitis\/2021-2\/ta-kelloggs-gaa-cul-camps-ar-ais-don-dara-seasur-ar-tg4\/\"]}]},{\"@type\":\"ImageObject\",\"inLanguage\":\"ga\",\"@id\":\"https:\/\/dev.tg4.ie\/ga\/eolas\/preas\/nuacht-raitis\/2021-2\/ta-kelloggs-gaa-cul-camps-ar-ais-don-dara-seasur-ar-tg4\/#primaryimage\",\"url\":\"https:\/\/dev.tg4.ie\/wp-content\/uploads\/2021\/06\/Grainne_Bleasdale_GAA_Cul_Camps21_1920x1080.jpg\",\"contentUrl\":\"https:\/\/dev.tg4.ie\/wp-content\/uploads\/2021\/06\/Grainne_Bleasdale_GAA_Cul_Camps21_1920x1080.jpg\"},{\"@type\":\"BreadcrumbList\",\"@id\":\"https:\/\/dev.tg4.ie\/ga\/eolas\/preas\/nuacht-raitis\/2021-2\/ta-kelloggs-gaa-cul-camps-ar-ais-don-dara-seasur-ar-tg4\/#breadcrumb\",\"itemListElement\":[{\"@type\":\"ListItem\",\"position\":1,\"name\":\"Home\",\"item\":\"https:\/\/dev.tg4.ie\/ga\/\"},{\"@type\":\"ListItem\",\"position\":2,\"name\":\"Eolas\",\"item\":\"https:\/\/dev.tg4.ie\/ga\/eolas\/\"},{\"@type\":\"ListItem\",\"position\":3,\"name\":\"Preas\",\"item\":\"https:\/\/dev.tg4.ie\/ga\/eolas\/preas\/\"},{\"@type\":\"ListItem\",\"position\":4,\"name\":\"Nuacht R\u00e1itis\",\"item\":\"https:\/\/dev.tg4.ie\/ga\/eolas\/preas\/nuacht-raitis\/\"},{\"@type\":\"ListItem\",\"position\":5,\"name\":\"2021\",\"item\":\"https:\/\/dev.tg4.ie\/ga\/eolas\/preas\/nuacht-raitis\/2021-2\/\"},{\"@type\":\"ListItem\",\"position\":6,\"name\":\"T\u00e1 Kellogg&#8217;s GAA C\u00fal Camps ar ais don dara s\u00e9as\u00far ar TG4\"}]},{\"@type\":\"WebSite\",\"@id\":\"https:\/\/dev.tg4.ie\/en\/#website\",\"url\":\"https:\/\/dev.tg4.ie\/en\/\",\"name\":\"TG4\",\"description\":\"S\u00fail Eile\",\"potentialAction\":[{\"@type\":\"SearchAction\",\"target\":{\"@type\":\"EntryPoint\",\"urlTemplate\":\"https:\/\/dev.tg4.ie\/en\/?s={search_term_string}\"},\"query-input\":\"required name=search_term_string\"}],\"inLanguage\":\"ga\"}]}<\/script>\n<!-- \/ Yoast SEO plugin. -->","yoast_head_json":{"title":"T\u00e1 Kellogg's GAA C\u00fal Camps ar ais don dara s\u00e9as\u00far ar TG4 | Preas R\u00e1iteas | TG4","robots":{"index":"index","follow":"follow","max-snippet":"max-snippet:-1","max-image-preview":"max-image-preview:large","max-video-preview":"max-video-preview:-1"},"og_locale":"en_US","og_type":"article","og_title":"T\u00e1 Kellogg's GAA C\u00fal Camps ar ais don dara s\u00e9as\u00far ar TG4 | Preas R\u00e1iteas | TG4","og_description":"&nbsp; #KelloggsGAACulCamps &nbsp; T\u00e1 \u00e1thas ar CLG, i gcomhar le Kellogg agus TG4, a fh\u00f3gairt go gcraolfar an cl\u00e1r GAA C\u00fal Camps don dara s\u00e9as\u00far ar TG4 ar feadh s\u00e9 seachtaine an samhradh seo. Tos\u00f3idh an tsraith D\u00e9 Luain, an 28 Meitheamh ag 7:30pm, an l\u00e1 c\u00e9anna ar a mbeidh na campa\u00ed f\u00e9in ag tos\u00fa [&hellip;]","og_url":"https:\/\/dev.tg4.ie\/ga\/eolas\/preas\/nuacht-raitis\/2021-2\/ta-kelloggs-gaa-cul-camps-ar-ais-don-dara-seasur-ar-tg4\/","og_site_name":"TG4","article_publisher":"https:\/\/www.facebook.com\/TG4TV","og_image":[{"width":1920,"height":1080,"url":"https:\/\/tg4-docs.s3.amazonaws.com\/tg4-redesign-2015\/wp-content\/uploads\/2021\/06\/Grainne_Bleasdale_GAA_Cul_Camps21_1920x1080.jpg","type":"image\/jpeg"}],"twitter_card":"summary_large_image","twitter_image":"https:\/\/tg4-docs.s3.amazonaws.com\/tg4-redesign-2015\/wp-content\/uploads\/2021\/06\/Grainne_Bleasdale_GAA_Cul_Camps21_1920x1080.jpg","twitter_site":"@TG4TV","twitter_misc":{"Est. reading time":"4 minutes"},"schema":{"@context":"https:\/\/schema.org","@graph":[{"@type":"WebPage","@id":"https:\/\/dev.tg4.ie\/ga\/eolas\/preas\/nuacht-raitis\/2021-2\/ta-kelloggs-gaa-cul-camps-ar-ais-don-dara-seasur-ar-tg4\/","url":"https:\/\/dev.tg4.ie\/ga\/eolas\/preas\/nuacht-raitis\/2021-2\/ta-kelloggs-gaa-cul-camps-ar-ais-don-dara-seasur-ar-tg4\/","name":"T\u00e1 Kellogg's GAA C\u00fal Camps ar ais don dara s\u00e9as\u00far ar TG4 | Preas R\u00e1iteas | TG4","isPartOf":{"@id":"https:\/\/dev.tg4.ie\/en\/#website"},"primaryImageOfPage":{"@id":"https:\/\/dev.tg4.ie\/ga\/eolas\/preas\/nuacht-raitis\/2021-2\/ta-kelloggs-gaa-cul-camps-ar-ais-don-dara-seasur-ar-tg4\/#primaryimage"},"image":{"@id":"https:\/\/dev.tg4.ie\/ga\/eolas\/preas\/nuacht-raitis\/2021-2\/ta-kelloggs-gaa-cul-camps-ar-ais-don-dara-seasur-ar-tg4\/#primaryimage"},"thumbnailUrl":"https:\/\/dev.tg4.ie\/wp-content\/uploads\/2021\/06\/Grainne_Bleasdale_GAA_Cul_Camps21_1920x1080.jpg","datePublished":"2021-06-15T12:12:23+00:00","dateModified":"2021-06-15T12:12:23+00:00","breadcrumb":{"@id":"https:\/\/dev.tg4.ie\/ga\/eolas\/preas\/nuacht-raitis\/2021-2\/ta-kelloggs-gaa-cul-camps-ar-ais-don-dara-seasur-ar-tg4\/#breadcrumb"},"inLanguage":"ga","potentialAction":[{"@type":"ReadAction","target":["https:\/\/dev.tg4.ie\/ga\/eolas\/preas\/nuacht-raitis\/2021-2\/ta-kelloggs-gaa-cul-camps-ar-ais-don-dara-seasur-ar-tg4\/"]}]},{"@type":"ImageObject","inLanguage":"ga","@id":"https:\/\/dev.tg4.ie\/ga\/eolas\/preas\/nuacht-raitis\/2021-2\/ta-kelloggs-gaa-cul-camps-ar-ais-don-dara-seasur-ar-tg4\/#primaryimage","url":"https:\/\/dev.tg4.ie\/wp-content\/uploads\/2021\/06\/Grainne_Bleasdale_GAA_Cul_Camps21_1920x1080.jpg","contentUrl":"https:\/\/dev.tg4.ie\/wp-content\/uploads\/2021\/06\/Grainne_Bleasdale_GAA_Cul_Camps21_1920x1080.jpg"},{"@type":"BreadcrumbList","@id":"https:\/\/dev.tg4.ie\/ga\/eolas\/preas\/nuacht-raitis\/2021-2\/ta-kelloggs-gaa-cul-camps-ar-ais-don-dara-seasur-ar-tg4\/#breadcrumb","itemListElement":[{"@type":"ListItem","position":1,"name":"Home","item":"https:\/\/dev.tg4.ie\/ga\/"},{"@type":"ListItem","position":2,"name":"Eolas","item":"https:\/\/dev.tg4.ie\/ga\/eolas\/"},{"@type":"ListItem","position":3,"name":"Preas","item":"https:\/\/dev.tg4.ie\/ga\/eolas\/preas\/"},{"@type":"ListItem","position":4,"name":"Nuacht R\u00e1itis","item":"https:\/\/dev.tg4.ie\/ga\/eolas\/preas\/nuacht-raitis\/"},{"@type":"ListItem","position":5,"name":"2021","item":"https:\/\/dev.tg4.ie\/ga\/eolas\/preas\/nuacht-raitis\/2021-2\/"},{"@type":"ListItem","position":6,"name":"T\u00e1 Kellogg&#8217;s GAA C\u00fal Camps ar ais don dara s\u00e9as\u00far ar TG4"}]},{"@type":"WebSite","@id":"https:\/\/dev.tg4.ie\/en\/#website","url":"https:\/\/dev.tg4.ie\/en\/","name":"TG4","description":"S\u00fail Eile","potentialAction":[{"@type":"SearchAction","target":{"@type":"EntryPoint","urlTemplate":"https:\/\/dev.tg4.ie\/en\/?s={search_term_string}"},"query-input":"required name=search_term_string"}],"inLanguage":"ga"}]}},"_links":{"self":[{"href":"https:\/\/dev.tg4.ie\/ga\/wp-json\/wp\/v2\/pages\/120951"}],"collection":[{"href":"https:\/\/dev.tg4.ie\/ga\/wp-json\/wp\/v2\/pages"}],"about":[{"href":"https:\/\/dev.tg4.ie\/ga\/wp-json\/wp\/v2\/types\/page"}],"author":[{"embeddable":true,"href":"https:\/\/dev.tg4.ie\/ga\/wp-json\/wp\/v2\/users\/876"}],"replies":[{"embeddable":true,"href":"https:\/\/dev.tg4.ie\/ga\/wp-json\/wp\/v2\/comments?post=120951"}],"version-history":[{"count":0,"href":"https:\/\/dev.tg4.ie\/ga\/wp-json\/wp\/v2\/pages\/120951\/revisions"}],"up":[{"embeddable":true,"href":"https:\/\/dev.tg4.ie\/ga\/wp-json\/wp\/v2\/pages\/115579"}],"wp:attachment":[{"href":"https:\/\/dev.tg4.ie\/ga\/wp-json\/wp\/v2\/media?parent=120951"}],"curies":[{"name":"wp","href":"https:\/\/api.w.org\/{rel}","templated":true}]}}