{"id":120966,"date":"2021-06-15T14:43:21","date_gmt":"2021-06-15T13:43:21","guid":{"rendered":"https:\/\/dev.tg4.ie\/?page_id=120966"},"modified":"2021-06-15T14:45:41","modified_gmt":"2021-06-15T13:45:41","slug":"deich-n-ainmniuchan-faighte-ag-tg4-i-ngradaim-fheile-na-mean-ceilteach","status":"publish","type":"page","link":"https:\/\/dev.tg4.ie\/ga\/eolas\/preas\/nuacht-raitis\/2021-2\/deich-n-ainmniuchan-faighte-ag-tg4-i-ngradaim-fheile-na-mean-ceilteach\/","title":{"rendered":"Deich n-ainmni\u00fach\u00e1n faighte ag TG4 i nGradaim Fh\u00e9ile na Me\u00e1n Ceilteach lena n-\u00e1ir\u00edtear ainmni\u00fach\u00e1n don ghradam &#8216;Spiorad na F\u00e9ile&#8217;"},"content":{"rendered":"<p>T\u00e1 TG4 ainmnithe do naoi ngradam i nGradaim Torc Fh\u00e9ile na Me\u00e1n Ceilteach, agus t\u00e1 an cl\u00e1r <strong>Treibh na nD\u00e9ithe<\/strong> ainmnithe freisin don ghradam \u2018Spiorad na F\u00e9ile\u2019. F\u00f3gra\u00edodh na hainmni\u00fach\u00e1in inn\u00e9 ar Facebook.<br \/>\n&nbsp;<br \/>\n<a href=\"https:\/\/tg4-docs.s3.amazonaws.com\/tg4-redesign-2015\/wp-content\/uploads\/2021\/06\/Toraigh_Patsy_Dan_1_1920x1080.jpg\"><img loading=\"lazy\" decoding=\"async\" width=\"1920\" height=\"1080\" src=\"https:\/\/tg4-docs.s3.amazonaws.com\/tg4-redesign-2015\/wp-content\/uploads\/2021\/06\/Toraigh_Patsy_Dan_1_1920x1080.jpg\" alt=\"\" class=\"aligncenter size-full wp-image-120969\" srcset=\"https:\/\/tg4-docs.s3.amazonaws.com\/tg4-redesign-2015\/wp-content\/uploads\/2021\/06\/Toraigh_Patsy_Dan_1_1920x1080.jpg 1920w, https:\/\/tg4-docs.s3.amazonaws.com\/tg4-redesign-2015\/wp-content\/uploads\/2021\/06\/Toraigh_Patsy_Dan_1_1920x1080-250x141.jpg 250w, https:\/\/tg4-docs.s3.amazonaws.com\/tg4-redesign-2015\/wp-content\/uploads\/2021\/06\/Toraigh_Patsy_Dan_1_1920x1080-700x394.jpg 700w, https:\/\/tg4-docs.s3.amazonaws.com\/tg4-redesign-2015\/wp-content\/uploads\/2021\/06\/Toraigh_Patsy_Dan_1_1920x1080-252x141.jpg 252w, https:\/\/tg4-docs.s3.amazonaws.com\/tg4-redesign-2015\/wp-content\/uploads\/2021\/06\/Toraigh_Patsy_Dan_1_1920x1080-1536x864.jpg 1536w, https:\/\/tg4-docs.s3.amazonaws.com\/tg4-redesign-2015\/wp-content\/uploads\/2021\/06\/Toraigh_Patsy_Dan_1_1920x1080-120x68.jpg 120w\" sizes=\"(max-width: 1920px) 100vw, 1920px\" \/><\/a><br \/>\n&nbsp;<br \/>\nT\u00e1 F\u00e9ile na Me\u00e1n Ceilteach, an fh\u00e9ile me\u00e1n is faide ar bun agus is iomr\u00e1it\u00ed sna n\u00e1isi\u00fain Cheilteacha, tar \u00e9is na hainmni\u00fach\u00e1in a fh\u00f3gairt do na Gradaim Torc. F\u00f3gr\u00f3far na buaiteoir\u00ed ag \u00f3c\u00e1id ar l\u00edne mar chuid den fh\u00e9ile dhigiteach a bheidh ar si\u00fal idir an 7 agus 9 Me\u00e1n F\u00f3mhair. Den ch\u00e9ad uair i stair na f\u00e9ile, beidh F\u00e9ile na Me\u00e1n Ceilteach saor in aisce do na toscair\u00ed go l\u00e9ir a bheidh ag freastal ar imeachta\u00ed na f\u00e9ile. Beidh ainmni\u00fach\u00e1in as \u00c9irinn, \u00f3n Eoraip agus as an R\u00edocht Aontaithe san ioma\u00edocht i 26 chatag\u00f3ir sna Gradaim Torc lena n-\u00e1ir\u00edtear C\u00farsa\u00ed Reatha, Coim\u00e9ide, Raidi\u00f3, Eala\u00edon, F\u00edorasach agus Sp\u00f3rt. T\u00e1 dh\u00e1 chatag\u00f3ir nua curtha leis na gradaim i mbliana, Gradam don Ghn\u00e9cl\u00e1r Faisn\u00e9ise is fearr agus Gradam do Chl\u00e1r Ceoil Beo.<br \/>\n&nbsp;<\/p>\n<p>Den ch\u00e9ad uair riamh, f\u00f3gra\u00edodh ainmni\u00fach\u00e1in do phr\u00edomhghradam Fh\u00e9ile na Me\u00e1n Ceilteach &#8216;Spiorad na F\u00e9ile\u2019. Roimhe seo, ba iad molt\u00f3ir\u00ed idirn\u00e1isi\u00fanta a bhronnfadh Spiorad na F\u00e9ile \u00f3 liosta na n-ainmni\u00fach\u00e1n, ach den ch\u00e9ad uair i mbliana, ba iad gi\u00fair\u00e9ithe N\u00e1isi\u00fanta a d\u2019ainmnigh a rogha f\u00e9in don ghradam.<br \/>\n&nbsp;<\/p>\n<p>Is iad seo a leanas na hainmni\u00fach\u00e1in:<br \/>\n&nbsp;<br \/>\n<strong>Eala\u00edn &#8211; Liam O&#8217;Flynn &#8211; P\u00edobaire<\/strong><br \/>\nFadscann\u00e1n faisn\u00e9ise faoi mh\u00e1istir na bp\u00edob, Liam \u00d3g \u00d3 Floinn, \u00f3n tr\u00e1th a bh\u00ed s\u00e9 ina bhall den s\u00e1rghr\u00fapa ceoil, Planxty, go dt\u00ed a shaothar ceannr\u00f3da\u00edoch ceolfhoirne The Brendan Voyage. L\u00e9irithe ag Doubleband Films.<br \/>\n&nbsp;<br \/>\n<strong>Cl\u00e1r do Ph\u00e1ist\u00ed &#8211; Is Eola\u00ed M\u00e9<\/strong><br \/>\nAn dara sraith den chl\u00e1r iomr\u00e1iteach Is Eola\u00ed M\u00e9. Sraith eola\u00edochta shiams\u00fail a thugann l\u00e9argas taitneamhach, f\u00edsi\u00fail agus greannmhar ar an eola\u00edocht agus ar an timpeallacht. I ngach eagr\u00e1n fiosra\u00edtear t\u00e9ama eola\u00edochta, ag tarraingt ar Churaclam N\u00e1isi\u00fanta na Bunscoile, ar shl\u00ed spreag\u00fail agus nu\u00e1lach. Cuireann an l\u00e1ithreoir Peadar \u00d3 Goill t\u00fas le gach cl\u00e1r le ceist an lae. Le cabhair \u00f3n\u00e1r dtuairisceoir Caitr\u00edona N\u00ed Chual\u00e1in agus \u00f3 na ha\u00edonna \u00f3ga, tr\u00ed chuairt a thabhairt ar ionaid \u00e9ags\u00fala, tr\u00ed thurgnaimh eola\u00edochta a dh\u00e9anamh agus tr\u00ed aithne a chuir ar Eola\u00ed an Lae, tiocfaidh muid ar fhreagra na ceiste. L\u00e9irithe ag F\u00edb\u00edn.<br \/>\n&nbsp;<br \/>\n<strong>Siamsa\u00edocht Fh\u00edorasach &#8211; Sl\u00ed na mBeaglaoich<\/strong><br \/>\nT\u00e9ann Breannd\u00e1n \u00d3 Beaglaoich agus a mhac Cormac faoi thuras b\u00f3thair i seanveain ar ch\u00f3sta thiar na h\u00c9ireann &#8211; \u00f3 Chiarra\u00ed go D\u00fan na nGall. D\u00e9anfaidh siad ceili\u00faradh ar an gceol ar leith a bhaineann leis na contaetha ar fad agus buailfidh siad le cairde, ceolt\u00f3ir\u00ed agus eala\u00edont\u00f3ir\u00ed ar an mbealach. L\u00e9irithe ag Tyrone Productions.<br \/>\n&nbsp;<br \/>\n<strong>Sraith Fh\u00edorasach &#8211; An Bhoirinn<\/strong><br \/>\nAr ch\u00f3sta thiar na h\u00c9ireann, san \u00e1it a dtagann muir agus t\u00edr le ch\u00e9ile, at\u00e1 an Bhoirinn. T\u00e1 c\u00e1il i bhfad agus i ngearr ar an gceantar de bharr na t\u00edrdhreacha, an fl\u00f3ra agus an f\u00e1na agus cumhacht na haolchloiche. Cuirfimid eolas sa tsraith seo ar an taobh t\u00edre eile ar leith seo in iarthar na h\u00c9ireann, ar mhuintir na h\u00e1ite a dh\u00e9anann c\u00faram de agus orthusan a th\u00e1inig chun tamall a chaitheamh ann ach n\u00e1r imigh riamh. Turas \u00e1lainn ar cheantar \u00e1lainn ann f\u00e9in. L\u00e9irithe ag Phoenix Films.<br \/>\n&nbsp;<br \/>\n<strong>Gn\u00e9chl\u00e1r Faisn\u00e9ise agus ainmni\u00fach\u00e1n do ghradam Spiorad na F\u00e9ile &#8211; Treibh na nD\u00e9ithe <\/strong><br \/>\nIs \u00e1it ann f\u00e9in \u00e9 Toraigh, ceann de na hoile\u00e1in is iarg\u00falta in \u00c9irinn agus a bhfuil c\u00f3na\u00ed ar phobal Gaeltachta de ch\u00fapla c\u00e9ad duine ann. Motha\u00edonn lucht an oile\u00e1in go bhfuil siad scoite amach agus i bhfad ar an imeall \u00f3 na daoine a dh\u00e9anann na cinnt\u00ed m\u00f3ra i mBaile \u00c1tha Cliath. C\u00e9n chaoi ar f\u00e9idir leis an bpobal seo, at\u00e1 ar imeall na h\u00c9ireann agus na hEorpa, an saol at\u00e1 acu a chaomhn\u00fa? L\u00e9irithe ag Lugh Films.<br \/>\n&nbsp;<br \/>\n<strong>Stair &#8211; Cogadh ar Mhn\u00e1<\/strong><br \/>\nAr feadh na mblianta, measadh R\u00e9abhl\u00f3id na h\u00c9ireann a bheith eisceacht\u00fail sa mh\u00e9id is n\u00e1r tharla for\u00e9igean gn\u00e9is in aghaidh na mban lena linn mar a tharla i mbeagnach gach cogadh eile ar fud an domhain. \u00c1it\u00edonn an cl\u00e1r faisn\u00e9ise seo nach f\u00edor sin. Sc\u00e9alta na mban a d&#8217;fhulaing for\u00e9igean gn\u00e9is le linn na R\u00e9abhl\u00f3ide at\u00e1 faoi chaibidil sa chl\u00e1r seo, sc\u00e9alta a coinn\u00edodh faoi chos chun stair agus c\u00e1il na t\u00edre a chosaint. &#8211; L\u00e9irithe ag Forefront Productions.<br \/>\n&nbsp;<br \/>\n<strong>Gearr-Fhoirm &#8211; Le Ceangal<\/strong><br \/>\nA bhu\u00edochas do Tinder a tarraing\u00edodh Aoife &#038; Declan le ch\u00e9ile. Ach leis an dianghlas\u00e1il seo, an imeoidh an gr\u00e1 le gaoth! 8 gcl\u00e1r dr\u00e1ma\u00edochta nua ar l\u00edne 5 n\u00f3im\u00e9ad ar fad bunaithe ar thr\u00e9imhse Covid-19 is ea Le Ceangal, an Zoomcom! L\u00e9irithe ag Tua Films do BLOC.<br \/>\n&nbsp;<br \/>\n<strong>Cl\u00e1r Faisn\u00e9ise Aonair &#8211; Ciara N\u00ed \u00c9 &#8211; Saol tr\u00ed Ghaeilge<\/strong><br \/>\nBa ait agus ba mh\u00ed-chompordach riamh an gaol a bh\u00ed ag cainteoir\u00ed Gaeilge taobh amuigh den Ghaeltacht leis an St\u00e1t. Chuir bun\u00fa Gaelscoileanna sna 1970id\u00ed t\u00fas le r\u00e9abhl\u00f3id i gcathracha agus i mbailte na t\u00edre agus tugadh \u00e1it don Ghaeilge i ngn\u00e1thshaol na mbailte sin. Sa gcl\u00e1r seo d\u00edreoidh an file Ciara N\u00ed \u00c9 ar dh\u00edograis an phobail sin inniu, pobal at\u00e1 tar \u00e9is borradh gan choinne a chur faoin teanga, borradh a th\u00e1inig \u00f3n talamh an\u00edos ar bheag\u00e1n taca\u00edochta \u00f3n st\u00e1t. L\u00e9irithe ag Aniar TV.<br \/>\n&nbsp;<br \/>\n<strong>Cl\u00e1r Faisn\u00e9ise Sp\u00f3irt Laochra Gael &#8211; Kieran Donaghy<\/strong><br \/>\nIns\u00edtear sc\u00e9al an pheilead\u00f3ra as Ciarra\u00ed, Kieran Donaghy, sa chl\u00e1r seo.  T\u00e1 4 bhonn uile \u00c9ireann, 3 ghradam All Star agus Gradam Pheilead\u00f3ir na Bliana buaite ag Kieran Donaghy. Is sc\u00e9al ar leith \u00e9 sc\u00e9al an fhir ar a dtugtar Star &#8211; sc\u00e9al a thosaigh leis na Underdogs ar TG4, sc\u00e9al faoi mheath agus athbheochan agus ar nd\u00f3igh Joe Brolly. Mar bharr air sin uile bh\u00ed an caidreamh casta agus crua a bh\u00ed aige lena athair a raibh tionchar aige ar gach a ndearna s\u00e9 ar ph\u00e1irc na himeartha. L\u00e9irithe ag Nemeton Teo.<br \/>\n&nbsp;<br \/>\n&nbsp;<br \/>\n<strong>D\u00fairt Ard-Sti\u00farth\u00f3ir TG4, Alan Esslemont<\/strong>, <em>&#8220;T\u00e1 r\u00edm\u00e9ad ar TG4 deich n-ainmni\u00fach\u00e1n a fh\u00e1il \u00f3 Fh\u00e9ile na Me\u00e1n Ceilteach. Taispe\u00e1nann na hainmni\u00fach\u00e1in seo an raon cl\u00e1r at\u00e1 ag TG4 at\u00e1 l\u00e9irithe ar ardchaighde\u00e1in don lucht f\u00e9achana. T\u00e1imid ag tn\u00fath le f\u00e9ile dhigiteach na bliana seo a bheidh saor in aisce len\u00e1r gcomhghleacaithe as Albain, an Bhreatain Bheag, Sasana agus \u00c9ire agus as an Eoraip chun an chuid is fearr de na Me\u00e1in Cheilteacha a cheili\u00faradh.&#8221;<\/em><br \/>\n&nbsp;<\/p>\n<p>T\u00e1 liosta ioml\u00e1n na n-ainmni\u00fach\u00e1n ar f\u00e1il anseo: <a href=\"https:\/\/www.celticmediafestival.co.uk\/nominees\" rel=\"noopener\" target=\"_blank\">www.celticmediafestival.co.uk\/nominees<\/a><br \/>\n&nbsp;<br \/>\n&nbsp;<br \/>\n&nbsp;<\/p>\n","protected":false},"excerpt":{"rendered":"<p>T\u00e1 TG4 ainmnithe do naoi ngradam i nGradaim Torc Fh\u00e9ile na Me\u00e1n Ceilteach, agus t\u00e1 an cl\u00e1r Treibh na nD\u00e9ithe ainmnithe freisin don ghradam \u2018Spiorad na F\u00e9ile\u2019. F\u00f3gra\u00edodh na hainmni\u00fach\u00e1in inn\u00e9 ar Facebook. &nbsp; &nbsp; T\u00e1 F\u00e9ile na Me\u00e1n Ceilteach, an fh\u00e9ile me\u00e1n is faide ar bun agus is iomr\u00e1it\u00ed sna n\u00e1isi\u00fain Cheilteacha, tar \u00e9is [&hellip;]<\/p>\n","protected":false},"author":876,"featured_media":0,"parent":115579,"menu_order":27,"comment_status":"closed","ping_status":"closed","template":"page-templates\/template-pr.php","meta":{"_acf_changed":false,"footnotes":""},"acf":[],"yoast_head":"<!-- This site is optimized with the Yoast SEO plugin v22.6 - https:\/\/yoast.com\/wordpress\/plugins\/seo\/ -->\n<title>Deich n-ainmni\u00fach\u00e1n faighte ag TG4 i nGradaim Fh\u00e9ile na Me\u00e1n Ceilteach lena n-\u00e1ir\u00edtear ainmni\u00fach\u00e1n don ghradam &#039;Spiorad na F\u00e9ile&#039; | Preas R\u00e1iteas | TG4<\/title>\n<meta name=\"robots\" content=\"index, follow, max-snippet:-1, max-image-preview:large, max-video-preview:-1\" \/>\n<meta property=\"og:locale\" content=\"en_US\" \/>\n<meta property=\"og:type\" content=\"article\" \/>\n<meta property=\"og:title\" content=\"Deich n-ainmni\u00fach\u00e1n faighte ag TG4 i nGradaim Fh\u00e9ile na Me\u00e1n Ceilteach lena n-\u00e1ir\u00edtear ainmni\u00fach\u00e1n don ghradam &#039;Spiorad na F\u00e9ile&#039; | Preas R\u00e1iteas | TG4\" \/>\n<meta property=\"og:description\" content=\"T\u00e1 TG4 ainmnithe do naoi ngradam i nGradaim Torc Fh\u00e9ile na Me\u00e1n Ceilteach, agus t\u00e1 an cl\u00e1r Treibh na nD\u00e9ithe ainmnithe freisin don ghradam \u2018Spiorad na F\u00e9ile\u2019. F\u00f3gra\u00edodh na hainmni\u00fach\u00e1in inn\u00e9 ar Facebook. &nbsp; &nbsp; T\u00e1 F\u00e9ile na Me\u00e1n Ceilteach, an fh\u00e9ile me\u00e1n is faide ar bun agus is iomr\u00e1it\u00ed sna n\u00e1isi\u00fain Cheilteacha, tar \u00e9is [&hellip;]\" \/>\n<meta property=\"og:url\" content=\"https:\/\/dev.tg4.ie\/ga\/eolas\/preas\/nuacht-raitis\/2021-2\/deich-n-ainmniuchan-faighte-ag-tg4-i-ngradaim-fheile-na-mean-ceilteach\/\" \/>\n<meta property=\"og:site_name\" content=\"TG4\" \/>\n<meta property=\"article:publisher\" content=\"https:\/\/www.facebook.com\/TG4TV\" \/>\n<meta property=\"article:modified_time\" content=\"2021-06-15T13:45:41+00:00\" \/>\n<meta property=\"og:image\" content=\"https:\/\/tg4-docs.s3.amazonaws.com\/tg4-redesign-2015\/wp-content\/uploads\/2021\/06\/Toraigh_Patsy_Dan_1_1920x1080.jpg\" \/>\n\t<meta property=\"og:image:width\" content=\"1920\" \/>\n\t<meta property=\"og:image:height\" content=\"1080\" \/>\n\t<meta property=\"og:image:type\" content=\"image\/jpeg\" \/>\n<meta name=\"twitter:card\" content=\"summary_large_image\" \/>\n<meta name=\"twitter:image\" content=\"https:\/\/tg4-docs.s3.amazonaws.com\/tg4-redesign-2015\/wp-content\/uploads\/2021\/06\/Toraigh_Patsy_Dan_1_1920x1080.jpg\" \/>\n<meta name=\"twitter:site\" content=\"@TG4TV\" \/>\n<meta name=\"twitter:label1\" content=\"Est. reading time\" \/>\n\t<meta name=\"twitter:data1\" content=\"6 minutes\" \/>\n<script type=\"application\/ld+json\" class=\"yoast-schema-graph\">{\"@context\":\"https:\/\/schema.org\",\"@graph\":[{\"@type\":\"WebPage\",\"@id\":\"https:\/\/dev.tg4.ie\/ga\/eolas\/preas\/nuacht-raitis\/2021-2\/deich-n-ainmniuchan-faighte-ag-tg4-i-ngradaim-fheile-na-mean-ceilteach\/\",\"url\":\"https:\/\/dev.tg4.ie\/ga\/eolas\/preas\/nuacht-raitis\/2021-2\/deich-n-ainmniuchan-faighte-ag-tg4-i-ngradaim-fheile-na-mean-ceilteach\/\",\"name\":\"Deich n-ainmni\u00fach\u00e1n faighte ag TG4 i nGradaim Fh\u00e9ile na Me\u00e1n Ceilteach lena n-\u00e1ir\u00edtear ainmni\u00fach\u00e1n don ghradam 'Spiorad na F\u00e9ile' | Preas R\u00e1iteas | TG4\",\"isPartOf\":{\"@id\":\"https:\/\/dev.tg4.ie\/en\/#website\"},\"primaryImageOfPage\":{\"@id\":\"https:\/\/dev.tg4.ie\/ga\/eolas\/preas\/nuacht-raitis\/2021-2\/deich-n-ainmniuchan-faighte-ag-tg4-i-ngradaim-fheile-na-mean-ceilteach\/#primaryimage\"},\"image\":{\"@id\":\"https:\/\/dev.tg4.ie\/ga\/eolas\/preas\/nuacht-raitis\/2021-2\/deich-n-ainmniuchan-faighte-ag-tg4-i-ngradaim-fheile-na-mean-ceilteach\/#primaryimage\"},\"thumbnailUrl\":\"https:\/\/dev.tg4.ie\/wp-content\/uploads\/2021\/06\/Toraigh_Patsy_Dan_1_1920x1080.jpg\",\"datePublished\":\"2021-06-15T13:43:21+00:00\",\"dateModified\":\"2021-06-15T13:45:41+00:00\",\"breadcrumb\":{\"@id\":\"https:\/\/dev.tg4.ie\/ga\/eolas\/preas\/nuacht-raitis\/2021-2\/deich-n-ainmniuchan-faighte-ag-tg4-i-ngradaim-fheile-na-mean-ceilteach\/#breadcrumb\"},\"inLanguage\":\"ga\",\"potentialAction\":[{\"@type\":\"ReadAction\",\"target\":[\"https:\/\/dev.tg4.ie\/ga\/eolas\/preas\/nuacht-raitis\/2021-2\/deich-n-ainmniuchan-faighte-ag-tg4-i-ngradaim-fheile-na-mean-ceilteach\/\"]}]},{\"@type\":\"ImageObject\",\"inLanguage\":\"ga\",\"@id\":\"https:\/\/dev.tg4.ie\/ga\/eolas\/preas\/nuacht-raitis\/2021-2\/deich-n-ainmniuchan-faighte-ag-tg4-i-ngradaim-fheile-na-mean-ceilteach\/#primaryimage\",\"url\":\"https:\/\/dev.tg4.ie\/wp-content\/uploads\/2021\/06\/Toraigh_Patsy_Dan_1_1920x1080.jpg\",\"contentUrl\":\"https:\/\/dev.tg4.ie\/wp-content\/uploads\/2021\/06\/Toraigh_Patsy_Dan_1_1920x1080.jpg\"},{\"@type\":\"BreadcrumbList\",\"@id\":\"https:\/\/dev.tg4.ie\/ga\/eolas\/preas\/nuacht-raitis\/2021-2\/deich-n-ainmniuchan-faighte-ag-tg4-i-ngradaim-fheile-na-mean-ceilteach\/#breadcrumb\",\"itemListElement\":[{\"@type\":\"ListItem\",\"position\":1,\"name\":\"Home\",\"item\":\"https:\/\/dev.tg4.ie\/ga\/\"},{\"@type\":\"ListItem\",\"position\":2,\"name\":\"Eolas\",\"item\":\"https:\/\/dev.tg4.ie\/ga\/eolas\/\"},{\"@type\":\"ListItem\",\"position\":3,\"name\":\"Preas\",\"item\":\"https:\/\/dev.tg4.ie\/ga\/eolas\/preas\/\"},{\"@type\":\"ListItem\",\"position\":4,\"name\":\"Nuacht R\u00e1itis\",\"item\":\"https:\/\/dev.tg4.ie\/ga\/eolas\/preas\/nuacht-raitis\/\"},{\"@type\":\"ListItem\",\"position\":5,\"name\":\"2021\",\"item\":\"https:\/\/dev.tg4.ie\/ga\/eolas\/preas\/nuacht-raitis\/2021-2\/\"},{\"@type\":\"ListItem\",\"position\":6,\"name\":\"Deich n-ainmni\u00fach\u00e1n faighte ag TG4 i nGradaim Fh\u00e9ile na Me\u00e1n Ceilteach lena n-\u00e1ir\u00edtear ainmni\u00fach\u00e1n don ghradam &#8216;Spiorad na F\u00e9ile&#8217;\"}]},{\"@type\":\"WebSite\",\"@id\":\"https:\/\/dev.tg4.ie\/en\/#website\",\"url\":\"https:\/\/dev.tg4.ie\/en\/\",\"name\":\"TG4\",\"description\":\"S\u00fail Eile\",\"potentialAction\":[{\"@type\":\"SearchAction\",\"target\":{\"@type\":\"EntryPoint\",\"urlTemplate\":\"https:\/\/dev.tg4.ie\/en\/?s={search_term_string}\"},\"query-input\":\"required name=search_term_string\"}],\"inLanguage\":\"ga\"}]}<\/script>\n<!-- \/ Yoast SEO plugin. -->","yoast_head_json":{"title":"Deich n-ainmni\u00fach\u00e1n faighte ag TG4 i nGradaim Fh\u00e9ile na Me\u00e1n Ceilteach lena n-\u00e1ir\u00edtear ainmni\u00fach\u00e1n don ghradam 'Spiorad na F\u00e9ile' | Preas R\u00e1iteas | TG4","robots":{"index":"index","follow":"follow","max-snippet":"max-snippet:-1","max-image-preview":"max-image-preview:large","max-video-preview":"max-video-preview:-1"},"og_locale":"en_US","og_type":"article","og_title":"Deich n-ainmni\u00fach\u00e1n faighte ag TG4 i nGradaim Fh\u00e9ile na Me\u00e1n Ceilteach lena n-\u00e1ir\u00edtear ainmni\u00fach\u00e1n don ghradam 'Spiorad na F\u00e9ile' | Preas R\u00e1iteas | TG4","og_description":"T\u00e1 TG4 ainmnithe do naoi ngradam i nGradaim Torc Fh\u00e9ile na Me\u00e1n Ceilteach, agus t\u00e1 an cl\u00e1r Treibh na nD\u00e9ithe ainmnithe freisin don ghradam \u2018Spiorad na F\u00e9ile\u2019. F\u00f3gra\u00edodh na hainmni\u00fach\u00e1in inn\u00e9 ar Facebook. &nbsp; &nbsp; T\u00e1 F\u00e9ile na Me\u00e1n Ceilteach, an fh\u00e9ile me\u00e1n is faide ar bun agus is iomr\u00e1it\u00ed sna n\u00e1isi\u00fain Cheilteacha, tar \u00e9is [&hellip;]","og_url":"https:\/\/dev.tg4.ie\/ga\/eolas\/preas\/nuacht-raitis\/2021-2\/deich-n-ainmniuchan-faighte-ag-tg4-i-ngradaim-fheile-na-mean-ceilteach\/","og_site_name":"TG4","article_publisher":"https:\/\/www.facebook.com\/TG4TV","article_modified_time":"2021-06-15T13:45:41+00:00","og_image":[{"width":1920,"height":1080,"url":"https:\/\/tg4-docs.s3.amazonaws.com\/tg4-redesign-2015\/wp-content\/uploads\/2021\/06\/Toraigh_Patsy_Dan_1_1920x1080.jpg","type":"image\/jpeg"}],"twitter_card":"summary_large_image","twitter_image":"https:\/\/tg4-docs.s3.amazonaws.com\/tg4-redesign-2015\/wp-content\/uploads\/2021\/06\/Toraigh_Patsy_Dan_1_1920x1080.jpg","twitter_site":"@TG4TV","twitter_misc":{"Est. reading time":"6 minutes"},"schema":{"@context":"https:\/\/schema.org","@graph":[{"@type":"WebPage","@id":"https:\/\/dev.tg4.ie\/ga\/eolas\/preas\/nuacht-raitis\/2021-2\/deich-n-ainmniuchan-faighte-ag-tg4-i-ngradaim-fheile-na-mean-ceilteach\/","url":"https:\/\/dev.tg4.ie\/ga\/eolas\/preas\/nuacht-raitis\/2021-2\/deich-n-ainmniuchan-faighte-ag-tg4-i-ngradaim-fheile-na-mean-ceilteach\/","name":"Deich n-ainmni\u00fach\u00e1n faighte ag TG4 i nGradaim Fh\u00e9ile na Me\u00e1n Ceilteach lena n-\u00e1ir\u00edtear ainmni\u00fach\u00e1n don ghradam 'Spiorad na F\u00e9ile' | Preas R\u00e1iteas | TG4","isPartOf":{"@id":"https:\/\/dev.tg4.ie\/en\/#website"},"primaryImageOfPage":{"@id":"https:\/\/dev.tg4.ie\/ga\/eolas\/preas\/nuacht-raitis\/2021-2\/deich-n-ainmniuchan-faighte-ag-tg4-i-ngradaim-fheile-na-mean-ceilteach\/#primaryimage"},"image":{"@id":"https:\/\/dev.tg4.ie\/ga\/eolas\/preas\/nuacht-raitis\/2021-2\/deich-n-ainmniuchan-faighte-ag-tg4-i-ngradaim-fheile-na-mean-ceilteach\/#primaryimage"},"thumbnailUrl":"https:\/\/dev.tg4.ie\/wp-content\/uploads\/2021\/06\/Toraigh_Patsy_Dan_1_1920x1080.jpg","datePublished":"2021-06-15T13:43:21+00:00","dateModified":"2021-06-15T13:45:41+00:00","breadcrumb":{"@id":"https:\/\/dev.tg4.ie\/ga\/eolas\/preas\/nuacht-raitis\/2021-2\/deich-n-ainmniuchan-faighte-ag-tg4-i-ngradaim-fheile-na-mean-ceilteach\/#breadcrumb"},"inLanguage":"ga","potentialAction":[{"@type":"ReadAction","target":["https:\/\/dev.tg4.ie\/ga\/eolas\/preas\/nuacht-raitis\/2021-2\/deich-n-ainmniuchan-faighte-ag-tg4-i-ngradaim-fheile-na-mean-ceilteach\/"]}]},{"@type":"ImageObject","inLanguage":"ga","@id":"https:\/\/dev.tg4.ie\/ga\/eolas\/preas\/nuacht-raitis\/2021-2\/deich-n-ainmniuchan-faighte-ag-tg4-i-ngradaim-fheile-na-mean-ceilteach\/#primaryimage","url":"https:\/\/dev.tg4.ie\/wp-content\/uploads\/2021\/06\/Toraigh_Patsy_Dan_1_1920x1080.jpg","contentUrl":"https:\/\/dev.tg4.ie\/wp-content\/uploads\/2021\/06\/Toraigh_Patsy_Dan_1_1920x1080.jpg"},{"@type":"BreadcrumbList","@id":"https:\/\/dev.tg4.ie\/ga\/eolas\/preas\/nuacht-raitis\/2021-2\/deich-n-ainmniuchan-faighte-ag-tg4-i-ngradaim-fheile-na-mean-ceilteach\/#breadcrumb","itemListElement":[{"@type":"ListItem","position":1,"name":"Home","item":"https:\/\/dev.tg4.ie\/ga\/"},{"@type":"ListItem","position":2,"name":"Eolas","item":"https:\/\/dev.tg4.ie\/ga\/eolas\/"},{"@type":"ListItem","position":3,"name":"Preas","item":"https:\/\/dev.tg4.ie\/ga\/eolas\/preas\/"},{"@type":"ListItem","position":4,"name":"Nuacht R\u00e1itis","item":"https:\/\/dev.tg4.ie\/ga\/eolas\/preas\/nuacht-raitis\/"},{"@type":"ListItem","position":5,"name":"2021","item":"https:\/\/dev.tg4.ie\/ga\/eolas\/preas\/nuacht-raitis\/2021-2\/"},{"@type":"ListItem","position":6,"name":"Deich n-ainmni\u00fach\u00e1n faighte ag TG4 i nGradaim Fh\u00e9ile na Me\u00e1n Ceilteach lena n-\u00e1ir\u00edtear ainmni\u00fach\u00e1n don ghradam &#8216;Spiorad na F\u00e9ile&#8217;"}]},{"@type":"WebSite","@id":"https:\/\/dev.tg4.ie\/en\/#website","url":"https:\/\/dev.tg4.ie\/en\/","name":"TG4","description":"S\u00fail Eile","potentialAction":[{"@type":"SearchAction","target":{"@type":"EntryPoint","urlTemplate":"https:\/\/dev.tg4.ie\/en\/?s={search_term_string}"},"query-input":"required name=search_term_string"}],"inLanguage":"ga"}]}},"_links":{"self":[{"href":"https:\/\/dev.tg4.ie\/ga\/wp-json\/wp\/v2\/pages\/120966"}],"collection":[{"href":"https:\/\/dev.tg4.ie\/ga\/wp-json\/wp\/v2\/pages"}],"about":[{"href":"https:\/\/dev.tg4.ie\/ga\/wp-json\/wp\/v2\/types\/page"}],"author":[{"embeddable":true,"href":"https:\/\/dev.tg4.ie\/ga\/wp-json\/wp\/v2\/users\/876"}],"replies":[{"embeddable":true,"href":"https:\/\/dev.tg4.ie\/ga\/wp-json\/wp\/v2\/comments?post=120966"}],"version-history":[{"count":0,"href":"https:\/\/dev.tg4.ie\/ga\/wp-json\/wp\/v2\/pages\/120966\/revisions"}],"up":[{"embeddable":true,"href":"https:\/\/dev.tg4.ie\/ga\/wp-json\/wp\/v2\/pages\/115579"}],"wp:attachment":[{"href":"https:\/\/dev.tg4.ie\/ga\/wp-json\/wp\/v2\/media?parent=120966"}],"curies":[{"name":"wp","href":"https:\/\/api.w.org\/{rel}","templated":true}]}}