{"id":120999,"date":"2021-06-17T10:53:07","date_gmt":"2021-06-17T09:53:07","guid":{"rendered":"https:\/\/dev.tg4.ie\/?page_id=120999"},"modified":"2021-06-17T10:53:07","modified_gmt":"2021-06-17T09:53:07","slug":"rte-agus-tg4-tagtha-le-cheile-chun-craobhchomortas-rugbai-aontaithe-a-chur-ar-fail-saor-go-haer-do-lucht-leanuna-na-heireann","status":"publish","type":"page","link":"https:\/\/dev.tg4.ie\/ga\/eolas\/preas\/nuacht-raitis\/2021-2\/rte-agus-tg4-tagtha-le-cheile-chun-craobhchomortas-rugbai-aontaithe-a-chur-ar-fail-saor-go-haer-do-lucht-leanuna-na-heireann\/","title":{"rendered":"RT\u00c9 agus TG4 tagtha le ch\u00e9ile chun Craobhchom\u00f3rtas Rugba\u00ed Aontaithe a chur ar f\u00e1il saor go haer do lucht lean\u00fana na h\u00c9ireann"},"content":{"rendered":"<p><a href=\"https:\/\/tg4-docs.s3.amazonaws.com\/tg4-redesign-2015\/wp-content\/uploads\/2021\/06\/URC_Broadcasters_1_1920x1080.jpg\"><img loading=\"lazy\" decoding=\"async\" width=\"1920\" height=\"1080\" src=\"https:\/\/tg4-docs.s3.amazonaws.com\/tg4-redesign-2015\/wp-content\/uploads\/2021\/06\/URC_Broadcasters_1_1920x1080.jpg\" alt=\"\" class=\"aligncenter size-full wp-image-121001\" srcset=\"https:\/\/tg4-docs.s3.amazonaws.com\/tg4-redesign-2015\/wp-content\/uploads\/2021\/06\/URC_Broadcasters_1_1920x1080.jpg 1920w, https:\/\/tg4-docs.s3.amazonaws.com\/tg4-redesign-2015\/wp-content\/uploads\/2021\/06\/URC_Broadcasters_1_1920x1080-250x141.jpg 250w, https:\/\/tg4-docs.s3.amazonaws.com\/tg4-redesign-2015\/wp-content\/uploads\/2021\/06\/URC_Broadcasters_1_1920x1080-700x394.jpg 700w, https:\/\/tg4-docs.s3.amazonaws.com\/tg4-redesign-2015\/wp-content\/uploads\/2021\/06\/URC_Broadcasters_1_1920x1080-252x141.jpg 252w, https:\/\/tg4-docs.s3.amazonaws.com\/tg4-redesign-2015\/wp-content\/uploads\/2021\/06\/URC_Broadcasters_1_1920x1080-1536x864.jpg 1536w, https:\/\/tg4-docs.s3.amazonaws.com\/tg4-redesign-2015\/wp-content\/uploads\/2021\/06\/URC_Broadcasters_1_1920x1080-120x68.jpg 120w\" sizes=\"(max-width: 1920px) 100vw, 1920px\" \/><\/a><br \/>\n&nbsp;<br \/>\nT\u00e1 m\u00f3rtas ar RT\u00c9 agus ar TG4 a bheith tagtha le ch\u00e9ile chun rugba\u00ed club de scoth an domhain a chur ar f\u00e1il saor go haer do lucht f\u00e9achana agus \u00e9isteachta na h\u00c9ireann as seo go ceann ceithre bliana. T\u00e1 s\u00e9 f\u00f3gartha ag na heagra\u00edochta\u00ed me\u00e1n seirbh\u00edse poibl\u00ed go bhfuil na cearta craolach\u00e1in faighte acu don Chraobhchom\u00f3rtas Rugba\u00ed Aontaithe (URC) nua tr\u00edna gcinnteofar go mbeidh s\u00e9 ar f\u00e1il saor go haer den chuid is m\u00f3 do lucht f\u00e9achana agus \u00e9isteachta na h\u00c9ireann as seo go ceann ceithre bliana.<br \/>\n&nbsp;<\/p>\n<p>T\u00e1 na cearta faighte ag RT\u00c9 ar chl\u00fadach beo teilif\u00edse, raidi\u00f3 agus ar l\u00edne do 26 cluiche ina mbeidh c\u00faig\u00ed na h\u00c9ireann sa sraithchom\u00f3rtas, chomh maith le cluich\u00ed d\u00edbeartha eile.<br \/>\n&nbsp;<\/p>\n<p>Beidh <strong>Rugba\u00ed Beo<\/strong> TG4 f\u00f3s ar an gcl\u00e1r rugba\u00ed suaitheanta ag an st\u00e1isi\u00fan a chraolfaidh 26 cluiche ina mbeidh clubanna ch\u00faig\u00ed na h\u00c9ireann chomh maith le 16 cluiche ina mbeidh foirne clubanna idirn\u00e1isi\u00fanta.<br \/>\n&nbsp;<\/p>\n<p>Beidh cluiche ceannais an URC ar f\u00e1il saor go haer freisin agus RT\u00c9 agus TG4 \u00e1 chraoladh beo gach dara bliain.<br \/>\n&nbsp;<\/p>\n<p>Cuirfear t\u00fas leis an gCraobhchom\u00f3rtas Rugba\u00ed Aontaithe i Me\u00e1n F\u00f3mhair, a thabharfaidh foirne reatha an PRO14 agus na clubanna is fearr san Afraic Theas le ch\u00e9ile chun sraithchom\u00f3rtas 16 foireann den ch\u00e9ad scoth a bhun\u00fa.<br \/>\n&nbsp;<\/p>\n<p>T\u00e1 s\u00e9 f\u00f3gartha ag RT\u00c9 freisin go bhfuil an st\u00e1isi\u00fan ag obair le URC ar sheirbh\u00eds dhomhanda OTT a sheoladh chun go mbeidh an craobhchom\u00f3rtas ar f\u00e1il ag lucht f\u00e9achana agus \u00e9isteachta ar fud na cruinne. F\u00f3gr\u00f3far sonra\u00ed faoi sheirbh\u00eds dhomhanda nua URC amach sa samhradh.<br \/>\n&nbsp;<\/p>\n<p>Is \u00e9ard a d\u00fairt <strong>Dee Forbes, Pr\u00edomh-Sti\u00farth\u00f3ir RT\u00c9<\/strong>: <em>&#8220;T\u00e1 an-r\u00edm\u00e9ad orainn a bheith p\u00e1irteach sa Chraobhchom\u00f3rtas Rugba\u00ed Aontaithe nua. T\u00e1 an-\u00e1thas ar RT\u00c9 dul i mbun comhph\u00e1irt\u00edochta le URC agus le TG4 chun a chinnti\u00fa go bhfaighidh an Craobhchom\u00f3rtas nua chomh maith le c\u00faig\u00ed na t\u00edre an aird is m\u00f3 is f\u00e9idir agus go mbainfidh lucht f\u00e9achana agus \u00e9isteachta na h\u00c9ireann sult as an aicsean saor go haer. Iarracht foirne idir URC, RT\u00c9 agus TG4 at\u00e1 i gceist agus is iontach an toradh \u00e9 do lucht lean\u00fana rugba\u00ed na h\u00c9ireann. T\u00e1 an-\u00e1thas orainn freisin a bheith i mbun comhoibrithe le URC seirbh\u00eds dhomhanda OTT nu\u00e1lach nua a sheoladh chun a chinnti\u00fa go mbainfidh lucht lean\u00fana ar fud an domhain sult as an aicsean URC is fearr.&#8221;<\/em><br \/>\n&nbsp;<\/p>\n<p>Is \u00e9ard a d\u00fairt <strong>Alan Esslemont, Ard-Sti\u00farth\u00f3ir TG4<\/strong>: <em>&#8220;T\u00e1 an-\u00e1thas ar TG4 a bheith i bp\u00e1irt le RT\u00c9 chun an Craobhchom\u00f3rtas Rugba\u00ed Aontaithe nua a chur faoi bhr\u00e1id lucht f\u00e9achana agus \u00e9isteachta na h\u00c9ireann. \u00d3 tharla gur craolt\u00f3ir\u00ed seirbh\u00edse poibl\u00ed iad tuigeann an d\u00e1 eagra\u00edocht an t\u00e1bhacht a bhaineann le cl\u00fadach sp\u00f3irt cuimsitheach, nu\u00e1lach agus tarraingteach don lucht f\u00e9achana agus \u00e9isteachta agus tuigeann said an t-\u00e9ileamh at\u00e1 acu air sin.  T\u00e1imid paiseanta an t-aicsean is fearr sp\u00f3irt a chur faoi bhr\u00e1id an lucht f\u00e9achana agus \u00e9isteachta chomh maith leis an gcl\u00fadach ar an aicsean sin a chur ar f\u00e1il saor go haer agus ar bhealach a mbeidh teacht ag gach duine den lucht lean\u00fana air.&#8221;<\/em><br \/>\n&nbsp;<\/p>\n<p><strong>Martin Anayi, Pr\u00edomhfheidhmeannach Chraobhchom\u00f3rtas Rugba\u00ed Aontaithe<\/strong>: <em>&#8220;T\u00e1 cl\u00fadach Saor go hAer f\u00edortharraingteach maidir le gach sp\u00f3rt i dtaobh freastal a dh\u00e9anamh ar an lucht f\u00e9achana agus \u00e9isteachta is forleithne agus is f\u00e9idir agus t\u00e1 an-r\u00edm\u00e9ad ar an d\u00e1 chomhph\u00e1irt\u00ed at\u00e1 againn, TG4 agus RT\u00c9, an Craobhchom\u00f3rtas Rugba\u00ed Aontaithe a sheoladh.&#8221;<\/em><\/p>\n<p><em>&#8220;T\u00e1 cumas faoi leith l\u00e9irithe ag TG4 agus ag RT\u00c9 araon imeachta\u00ed sp\u00f3irt idirn\u00e1isi\u00fanta m\u00f3r le r\u00e1 a chur ar f\u00e1il agus t\u00e1 an d\u00e1 st\u00e1isi\u00fan nu\u00e1lach maidir lena r\u00e9ims\u00ed f\u00e9in. T\u00e1 diminsean nua curtha ag TG4 len\u00e1r gcluich\u00ed, d\u00e9antar sin le treor\u00fa na r\u00e9iteoir\u00ed \u00f3 na seomra\u00ed feistis agus agallaimh c\u00f3itse\u00e1la le micreaf\u00f3n a dh\u00e9antar roimh na cluich\u00ed a thugann l\u00e9argas don lucht lean\u00fana ar a tharla\u00edonn sa ch\u00falra.&#8221;<\/em><\/p>\n<p><em>&#8220;T\u00e1 taith\u00ed ag RT\u00c9 ar \u00f3c\u00e1id\u00ed m\u00f3ra sp\u00f3irt leis na deicheanna de bhlianta agus is l\u00e9ir \u00f3n\u00e1r gcinneadh dul i mbun comhph\u00e1irt\u00edochta leo maidir len\u00e1r seinnteoir OTT &#8211; URC TV &#8211; gur craolt\u00f3ir \u00e9 RT\u00c9 at\u00e1 \u00e1balta dul in oiri\u00faint d&#8217;\u00e9ilimh \u00f3n mhargadh agus tairiscint fh\u00edorchruthaitheach a chur ar f\u00e1il do shealbh\u00f3ir\u00ed na gceart leis an gcur chuige d\u00e9ach seo, at\u00e1 l\u00e9irithe ag GAA GO.&#8221;<\/em><\/p>\n<p><em>&#8220;Daingn\u00edmid an oidhreacht a bhaineann leis an gcomhlachas at\u00e1 againn le TG4 \u00f3 ch\u00e9ad laethanta na Sraithe Ceilt\u00ed agus cuirimid f\u00e1ilte ar ais roimh \u00e1r seanchairde in RT\u00c9 chun tairiscint f\u00edorchumhachtach ar fad a chur ar f\u00e1il don lucht f\u00e9achana agus \u00e9isteachta is forleithne in \u00c9irinn roimh na ch\u00e9ad chluich\u00ed URC i Me\u00e1n F\u00f3mhair.&#8221;<\/em><br \/>\n&nbsp;<\/p>\n<p>Th\u00e1inig RT\u00c9 agus TG4 le ch\u00e9ile roimhe seo le Corn Domhanda FIFA na mBan 2019 a thaispe\u00e1int ar an teilif\u00eds den ch\u00e9ad uair.<br \/>\n&nbsp;<\/p>\n<p>\u00d3 chraol TG4 an tSraith Cheilteach den ch\u00e9ad uair in 2001,t\u00e1 rugba\u00ed ina ghn\u00e9 l\u00e1rnach de chl\u00fadach sp\u00f3irt fairsing an st\u00e1isi\u00fain. T\u00e1 TG4 i dt\u00fas cadhna\u00edochta \u00f3 thaobh na nu\u00e1la\u00edochta maidir le cl\u00fadach rugba\u00ed, le treor\u00fa na r\u00e9iteoir\u00ed sa ch\u00falra, agallaimh roimh na cluich\u00ed agus c\u00falmhonat\u00f3ireacht fuaime \u00f3 na c\u00f3itse\u00e1laithe.<br \/>\n&nbsp;<br \/>\nCuireann f\u00f3gra an lae inniu leis na cearta at\u00e1 faighte ag RT\u00c9 le d\u00e9ana\u00ed lena n-\u00e1ir\u00edtear Craobh na S\u00e9 N\u00e1isi\u00fan, Sraith na gCuradh agus cearta a bhfuil s\u00edneadh curtha leo leis an FAI agus R\u00e1sa\u00edocht Capall \u00c9ireann.<br \/>\n&nbsp;<br \/>\n&nbsp;<br \/>\n&nbsp;<\/p>\n","protected":false},"excerpt":{"rendered":"<p>&nbsp; T\u00e1 m\u00f3rtas ar RT\u00c9 agus ar TG4 a bheith tagtha le ch\u00e9ile chun rugba\u00ed club de scoth an domhain a chur ar f\u00e1il saor go haer do lucht f\u00e9achana agus \u00e9isteachta na h\u00c9ireann as seo go ceann ceithre bliana. T\u00e1 s\u00e9 f\u00f3gartha ag na heagra\u00edochta\u00ed me\u00e1n seirbh\u00edse poibl\u00ed go bhfuil na cearta craolach\u00e1in faighte [&hellip;]<\/p>\n","protected":false},"author":876,"featured_media":0,"parent":115579,"menu_order":28,"comment_status":"closed","ping_status":"closed","template":"page-templates\/template-pr.php","meta":{"_acf_changed":false,"footnotes":""},"acf":[],"yoast_head":"<!-- This site is optimized with the Yoast SEO plugin v22.6 - https:\/\/yoast.com\/wordpress\/plugins\/seo\/ -->\n<title>RT\u00c9 agus TG4 tagtha le ch\u00e9ile chun Craobhchom\u00f3rtas Rugba\u00ed Aontaithe a chur ar f\u00e1il saor go haer do lucht lean\u00fana na h\u00c9ireann | Preas R\u00e1iteas | TG4<\/title>\n<meta name=\"robots\" content=\"index, follow, max-snippet:-1, max-image-preview:large, max-video-preview:-1\" \/>\n<meta property=\"og:locale\" content=\"en_US\" \/>\n<meta property=\"og:type\" content=\"article\" \/>\n<meta property=\"og:title\" content=\"RT\u00c9 agus TG4 tagtha le ch\u00e9ile chun Craobhchom\u00f3rtas Rugba\u00ed Aontaithe a chur ar f\u00e1il saor go haer do lucht lean\u00fana na h\u00c9ireann | Preas R\u00e1iteas | TG4\" \/>\n<meta property=\"og:description\" content=\"&nbsp; T\u00e1 m\u00f3rtas ar RT\u00c9 agus ar TG4 a bheith tagtha le ch\u00e9ile chun rugba\u00ed club de scoth an domhain a chur ar f\u00e1il saor go haer do lucht f\u00e9achana agus \u00e9isteachta na h\u00c9ireann as seo go ceann ceithre bliana. T\u00e1 s\u00e9 f\u00f3gartha ag na heagra\u00edochta\u00ed me\u00e1n seirbh\u00edse poibl\u00ed go bhfuil na cearta craolach\u00e1in faighte [&hellip;]\" \/>\n<meta property=\"og:url\" content=\"https:\/\/dev.tg4.ie\/ga\/eolas\/preas\/nuacht-raitis\/2021-2\/rte-agus-tg4-tagtha-le-cheile-chun-craobhchomortas-rugbai-aontaithe-a-chur-ar-fail-saor-go-haer-do-lucht-leanuna-na-heireann\/\" \/>\n<meta property=\"og:site_name\" content=\"TG4\" \/>\n<meta property=\"article:publisher\" content=\"https:\/\/www.facebook.com\/TG4TV\" \/>\n<meta property=\"og:image\" content=\"https:\/\/tg4-docs.s3.amazonaws.com\/tg4-redesign-2015\/wp-content\/uploads\/2021\/06\/URC_Broadcasters_1_1920x1080.jpg\" \/>\n\t<meta property=\"og:image:width\" content=\"1920\" \/>\n\t<meta property=\"og:image:height\" content=\"1080\" \/>\n\t<meta property=\"og:image:type\" content=\"image\/jpeg\" \/>\n<meta name=\"twitter:card\" content=\"summary_large_image\" \/>\n<meta name=\"twitter:image\" content=\"https:\/\/tg4-docs.s3.amazonaws.com\/tg4-redesign-2015\/wp-content\/uploads\/2021\/06\/URC_Broadcasters_1_1920x1080.jpg\" \/>\n<meta name=\"twitter:site\" content=\"@TG4TV\" \/>\n<meta name=\"twitter:label1\" content=\"Est. reading time\" \/>\n\t<meta name=\"twitter:data1\" content=\"5 minutes\" \/>\n<script type=\"application\/ld+json\" class=\"yoast-schema-graph\">{\"@context\":\"https:\/\/schema.org\",\"@graph\":[{\"@type\":\"WebPage\",\"@id\":\"https:\/\/dev.tg4.ie\/ga\/eolas\/preas\/nuacht-raitis\/2021-2\/rte-agus-tg4-tagtha-le-cheile-chun-craobhchomortas-rugbai-aontaithe-a-chur-ar-fail-saor-go-haer-do-lucht-leanuna-na-heireann\/\",\"url\":\"https:\/\/dev.tg4.ie\/ga\/eolas\/preas\/nuacht-raitis\/2021-2\/rte-agus-tg4-tagtha-le-cheile-chun-craobhchomortas-rugbai-aontaithe-a-chur-ar-fail-saor-go-haer-do-lucht-leanuna-na-heireann\/\",\"name\":\"RT\u00c9 agus TG4 tagtha le ch\u00e9ile chun Craobhchom\u00f3rtas Rugba\u00ed Aontaithe a chur ar f\u00e1il saor go haer do lucht lean\u00fana na h\u00c9ireann | Preas R\u00e1iteas | TG4\",\"isPartOf\":{\"@id\":\"https:\/\/dev.tg4.ie\/en\/#website\"},\"primaryImageOfPage\":{\"@id\":\"https:\/\/dev.tg4.ie\/ga\/eolas\/preas\/nuacht-raitis\/2021-2\/rte-agus-tg4-tagtha-le-cheile-chun-craobhchomortas-rugbai-aontaithe-a-chur-ar-fail-saor-go-haer-do-lucht-leanuna-na-heireann\/#primaryimage\"},\"image\":{\"@id\":\"https:\/\/dev.tg4.ie\/ga\/eolas\/preas\/nuacht-raitis\/2021-2\/rte-agus-tg4-tagtha-le-cheile-chun-craobhchomortas-rugbai-aontaithe-a-chur-ar-fail-saor-go-haer-do-lucht-leanuna-na-heireann\/#primaryimage\"},\"thumbnailUrl\":\"https:\/\/dev.tg4.ie\/wp-content\/uploads\/2021\/06\/URC_Broadcasters_1_1920x1080.jpg\",\"datePublished\":\"2021-06-17T09:53:07+00:00\",\"dateModified\":\"2021-06-17T09:53:07+00:00\",\"breadcrumb\":{\"@id\":\"https:\/\/dev.tg4.ie\/ga\/eolas\/preas\/nuacht-raitis\/2021-2\/rte-agus-tg4-tagtha-le-cheile-chun-craobhchomortas-rugbai-aontaithe-a-chur-ar-fail-saor-go-haer-do-lucht-leanuna-na-heireann\/#breadcrumb\"},\"inLanguage\":\"ga\",\"potentialAction\":[{\"@type\":\"ReadAction\",\"target\":[\"https:\/\/dev.tg4.ie\/ga\/eolas\/preas\/nuacht-raitis\/2021-2\/rte-agus-tg4-tagtha-le-cheile-chun-craobhchomortas-rugbai-aontaithe-a-chur-ar-fail-saor-go-haer-do-lucht-leanuna-na-heireann\/\"]}]},{\"@type\":\"ImageObject\",\"inLanguage\":\"ga\",\"@id\":\"https:\/\/dev.tg4.ie\/ga\/eolas\/preas\/nuacht-raitis\/2021-2\/rte-agus-tg4-tagtha-le-cheile-chun-craobhchomortas-rugbai-aontaithe-a-chur-ar-fail-saor-go-haer-do-lucht-leanuna-na-heireann\/#primaryimage\",\"url\":\"https:\/\/dev.tg4.ie\/wp-content\/uploads\/2021\/06\/URC_Broadcasters_1_1920x1080.jpg\",\"contentUrl\":\"https:\/\/dev.tg4.ie\/wp-content\/uploads\/2021\/06\/URC_Broadcasters_1_1920x1080.jpg\"},{\"@type\":\"BreadcrumbList\",\"@id\":\"https:\/\/dev.tg4.ie\/ga\/eolas\/preas\/nuacht-raitis\/2021-2\/rte-agus-tg4-tagtha-le-cheile-chun-craobhchomortas-rugbai-aontaithe-a-chur-ar-fail-saor-go-haer-do-lucht-leanuna-na-heireann\/#breadcrumb\",\"itemListElement\":[{\"@type\":\"ListItem\",\"position\":1,\"name\":\"Home\",\"item\":\"https:\/\/dev.tg4.ie\/ga\/\"},{\"@type\":\"ListItem\",\"position\":2,\"name\":\"Eolas\",\"item\":\"https:\/\/dev.tg4.ie\/ga\/eolas\/\"},{\"@type\":\"ListItem\",\"position\":3,\"name\":\"Preas\",\"item\":\"https:\/\/dev.tg4.ie\/ga\/eolas\/preas\/\"},{\"@type\":\"ListItem\",\"position\":4,\"name\":\"Nuacht R\u00e1itis\",\"item\":\"https:\/\/dev.tg4.ie\/ga\/eolas\/preas\/nuacht-raitis\/\"},{\"@type\":\"ListItem\",\"position\":5,\"name\":\"2021\",\"item\":\"https:\/\/dev.tg4.ie\/ga\/eolas\/preas\/nuacht-raitis\/2021-2\/\"},{\"@type\":\"ListItem\",\"position\":6,\"name\":\"RT\u00c9 agus TG4 tagtha le ch\u00e9ile chun Craobhchom\u00f3rtas Rugba\u00ed Aontaithe a chur ar f\u00e1il saor go haer do lucht lean\u00fana na h\u00c9ireann\"}]},{\"@type\":\"WebSite\",\"@id\":\"https:\/\/dev.tg4.ie\/en\/#website\",\"url\":\"https:\/\/dev.tg4.ie\/en\/\",\"name\":\"TG4\",\"description\":\"S\u00fail Eile\",\"potentialAction\":[{\"@type\":\"SearchAction\",\"target\":{\"@type\":\"EntryPoint\",\"urlTemplate\":\"https:\/\/dev.tg4.ie\/en\/?s={search_term_string}\"},\"query-input\":\"required name=search_term_string\"}],\"inLanguage\":\"ga\"}]}<\/script>\n<!-- \/ Yoast SEO plugin. -->","yoast_head_json":{"title":"RT\u00c9 agus TG4 tagtha le ch\u00e9ile chun Craobhchom\u00f3rtas Rugba\u00ed Aontaithe a chur ar f\u00e1il saor go haer do lucht lean\u00fana na h\u00c9ireann | Preas R\u00e1iteas | TG4","robots":{"index":"index","follow":"follow","max-snippet":"max-snippet:-1","max-image-preview":"max-image-preview:large","max-video-preview":"max-video-preview:-1"},"og_locale":"en_US","og_type":"article","og_title":"RT\u00c9 agus TG4 tagtha le ch\u00e9ile chun Craobhchom\u00f3rtas Rugba\u00ed Aontaithe a chur ar f\u00e1il saor go haer do lucht lean\u00fana na h\u00c9ireann | Preas R\u00e1iteas | TG4","og_description":"&nbsp; T\u00e1 m\u00f3rtas ar RT\u00c9 agus ar TG4 a bheith tagtha le ch\u00e9ile chun rugba\u00ed club de scoth an domhain a chur ar f\u00e1il saor go haer do lucht f\u00e9achana agus \u00e9isteachta na h\u00c9ireann as seo go ceann ceithre bliana. T\u00e1 s\u00e9 f\u00f3gartha ag na heagra\u00edochta\u00ed me\u00e1n seirbh\u00edse poibl\u00ed go bhfuil na cearta craolach\u00e1in faighte [&hellip;]","og_url":"https:\/\/dev.tg4.ie\/ga\/eolas\/preas\/nuacht-raitis\/2021-2\/rte-agus-tg4-tagtha-le-cheile-chun-craobhchomortas-rugbai-aontaithe-a-chur-ar-fail-saor-go-haer-do-lucht-leanuna-na-heireann\/","og_site_name":"TG4","article_publisher":"https:\/\/www.facebook.com\/TG4TV","og_image":[{"width":1920,"height":1080,"url":"https:\/\/tg4-docs.s3.amazonaws.com\/tg4-redesign-2015\/wp-content\/uploads\/2021\/06\/URC_Broadcasters_1_1920x1080.jpg","type":"image\/jpeg"}],"twitter_card":"summary_large_image","twitter_image":"https:\/\/tg4-docs.s3.amazonaws.com\/tg4-redesign-2015\/wp-content\/uploads\/2021\/06\/URC_Broadcasters_1_1920x1080.jpg","twitter_site":"@TG4TV","twitter_misc":{"Est. reading time":"5 minutes"},"schema":{"@context":"https:\/\/schema.org","@graph":[{"@type":"WebPage","@id":"https:\/\/dev.tg4.ie\/ga\/eolas\/preas\/nuacht-raitis\/2021-2\/rte-agus-tg4-tagtha-le-cheile-chun-craobhchomortas-rugbai-aontaithe-a-chur-ar-fail-saor-go-haer-do-lucht-leanuna-na-heireann\/","url":"https:\/\/dev.tg4.ie\/ga\/eolas\/preas\/nuacht-raitis\/2021-2\/rte-agus-tg4-tagtha-le-cheile-chun-craobhchomortas-rugbai-aontaithe-a-chur-ar-fail-saor-go-haer-do-lucht-leanuna-na-heireann\/","name":"RT\u00c9 agus TG4 tagtha le ch\u00e9ile chun Craobhchom\u00f3rtas Rugba\u00ed Aontaithe a chur ar f\u00e1il saor go haer do lucht lean\u00fana na h\u00c9ireann | Preas R\u00e1iteas | TG4","isPartOf":{"@id":"https:\/\/dev.tg4.ie\/en\/#website"},"primaryImageOfPage":{"@id":"https:\/\/dev.tg4.ie\/ga\/eolas\/preas\/nuacht-raitis\/2021-2\/rte-agus-tg4-tagtha-le-cheile-chun-craobhchomortas-rugbai-aontaithe-a-chur-ar-fail-saor-go-haer-do-lucht-leanuna-na-heireann\/#primaryimage"},"image":{"@id":"https:\/\/dev.tg4.ie\/ga\/eolas\/preas\/nuacht-raitis\/2021-2\/rte-agus-tg4-tagtha-le-cheile-chun-craobhchomortas-rugbai-aontaithe-a-chur-ar-fail-saor-go-haer-do-lucht-leanuna-na-heireann\/#primaryimage"},"thumbnailUrl":"https:\/\/dev.tg4.ie\/wp-content\/uploads\/2021\/06\/URC_Broadcasters_1_1920x1080.jpg","datePublished":"2021-06-17T09:53:07+00:00","dateModified":"2021-06-17T09:53:07+00:00","breadcrumb":{"@id":"https:\/\/dev.tg4.ie\/ga\/eolas\/preas\/nuacht-raitis\/2021-2\/rte-agus-tg4-tagtha-le-cheile-chun-craobhchomortas-rugbai-aontaithe-a-chur-ar-fail-saor-go-haer-do-lucht-leanuna-na-heireann\/#breadcrumb"},"inLanguage":"ga","potentialAction":[{"@type":"ReadAction","target":["https:\/\/dev.tg4.ie\/ga\/eolas\/preas\/nuacht-raitis\/2021-2\/rte-agus-tg4-tagtha-le-cheile-chun-craobhchomortas-rugbai-aontaithe-a-chur-ar-fail-saor-go-haer-do-lucht-leanuna-na-heireann\/"]}]},{"@type":"ImageObject","inLanguage":"ga","@id":"https:\/\/dev.tg4.ie\/ga\/eolas\/preas\/nuacht-raitis\/2021-2\/rte-agus-tg4-tagtha-le-cheile-chun-craobhchomortas-rugbai-aontaithe-a-chur-ar-fail-saor-go-haer-do-lucht-leanuna-na-heireann\/#primaryimage","url":"https:\/\/dev.tg4.ie\/wp-content\/uploads\/2021\/06\/URC_Broadcasters_1_1920x1080.jpg","contentUrl":"https:\/\/dev.tg4.ie\/wp-content\/uploads\/2021\/06\/URC_Broadcasters_1_1920x1080.jpg"},{"@type":"BreadcrumbList","@id":"https:\/\/dev.tg4.ie\/ga\/eolas\/preas\/nuacht-raitis\/2021-2\/rte-agus-tg4-tagtha-le-cheile-chun-craobhchomortas-rugbai-aontaithe-a-chur-ar-fail-saor-go-haer-do-lucht-leanuna-na-heireann\/#breadcrumb","itemListElement":[{"@type":"ListItem","position":1,"name":"Home","item":"https:\/\/dev.tg4.ie\/ga\/"},{"@type":"ListItem","position":2,"name":"Eolas","item":"https:\/\/dev.tg4.ie\/ga\/eolas\/"},{"@type":"ListItem","position":3,"name":"Preas","item":"https:\/\/dev.tg4.ie\/ga\/eolas\/preas\/"},{"@type":"ListItem","position":4,"name":"Nuacht R\u00e1itis","item":"https:\/\/dev.tg4.ie\/ga\/eolas\/preas\/nuacht-raitis\/"},{"@type":"ListItem","position":5,"name":"2021","item":"https:\/\/dev.tg4.ie\/ga\/eolas\/preas\/nuacht-raitis\/2021-2\/"},{"@type":"ListItem","position":6,"name":"RT\u00c9 agus TG4 tagtha le ch\u00e9ile chun Craobhchom\u00f3rtas Rugba\u00ed Aontaithe a chur ar f\u00e1il saor go haer do lucht lean\u00fana na h\u00c9ireann"}]},{"@type":"WebSite","@id":"https:\/\/dev.tg4.ie\/en\/#website","url":"https:\/\/dev.tg4.ie\/en\/","name":"TG4","description":"S\u00fail Eile","potentialAction":[{"@type":"SearchAction","target":{"@type":"EntryPoint","urlTemplate":"https:\/\/dev.tg4.ie\/en\/?s={search_term_string}"},"query-input":"required name=search_term_string"}],"inLanguage":"ga"}]}},"_links":{"self":[{"href":"https:\/\/dev.tg4.ie\/ga\/wp-json\/wp\/v2\/pages\/120999"}],"collection":[{"href":"https:\/\/dev.tg4.ie\/ga\/wp-json\/wp\/v2\/pages"}],"about":[{"href":"https:\/\/dev.tg4.ie\/ga\/wp-json\/wp\/v2\/types\/page"}],"author":[{"embeddable":true,"href":"https:\/\/dev.tg4.ie\/ga\/wp-json\/wp\/v2\/users\/876"}],"replies":[{"embeddable":true,"href":"https:\/\/dev.tg4.ie\/ga\/wp-json\/wp\/v2\/comments?post=120999"}],"version-history":[{"count":0,"href":"https:\/\/dev.tg4.ie\/ga\/wp-json\/wp\/v2\/pages\/120999\/revisions"}],"up":[{"embeddable":true,"href":"https:\/\/dev.tg4.ie\/ga\/wp-json\/wp\/v2\/pages\/115579"}],"wp:attachment":[{"href":"https:\/\/dev.tg4.ie\/ga\/wp-json\/wp\/v2\/media?parent=120999"}],"curies":[{"name":"wp","href":"https:\/\/api.w.org\/{rel}","templated":true}]}}