{"id":121384,"date":"2021-06-21T19:25:52","date_gmt":"2021-06-21T18:25:52","guid":{"rendered":"https:\/\/dev.tg4.ie\/?page_id=121384"},"modified":"2021-06-21T19:29:11","modified_gmt":"2021-06-21T18:29:11","slug":"solathar-nuachta-nios-mo-agus-nios-leithne-a-lorg-ag-pobal-na-gaeilge","status":"publish","type":"page","link":"https:\/\/dev.tg4.ie\/ga\/eolas\/preas\/nuacht-raitis\/2021-2\/solathar-nuachta-nios-mo-agus-nios-leithne-a-lorg-ag-pobal-na-gaeilge\/","title":{"rendered":"Sol\u00e1thar nuachta n\u00edos m\u00f3 agus n\u00edos leithne \u00e1 lorg ag pobal na Gaeilge"},"content":{"rendered":"<p>L\u00e9ir\u00edtear sa tuarasc\u00e1il taighde <strong>Nuacht agus C\u00farsa\u00ed Reatha agus Pobal Labhartha na Gaeilge<\/strong> a foils\u00edodh inniu go bhfuil leibh\u00e9al s\u00e1stachta ard i leith chaighde\u00e1n na nuachta i nGaeilge, ach go bhfuil sol\u00e1thar n\u00edos m\u00f3 agus n\u00edos leithne \u00e1 lorg ag an bpobal.<br \/>\n&nbsp;<br \/>\n<a href=\"https:\/\/tg4-docs.s3.amazonaws.com\/tg4-redesign-2015\/wp-content\/uploads\/2021\/06\/Infograific-Tuarascail-Cursai-Reatha_1_1920x1080.jpg\"><img loading=\"lazy\" decoding=\"async\" width=\"1920\" height=\"1080\" src=\"https:\/\/tg4-docs.s3.amazonaws.com\/tg4-redesign-2015\/wp-content\/uploads\/2021\/06\/Infograific-Tuarascail-Cursai-Reatha_1_1920x1080.jpg\" alt=\"\" class=\"aligncenter size-full wp-image-121401\" srcset=\"https:\/\/tg4-docs.s3.amazonaws.com\/tg4-redesign-2015\/wp-content\/uploads\/2021\/06\/Infograific-Tuarascail-Cursai-Reatha_1_1920x1080.jpg 1920w, https:\/\/tg4-docs.s3.amazonaws.com\/tg4-redesign-2015\/wp-content\/uploads\/2021\/06\/Infograific-Tuarascail-Cursai-Reatha_1_1920x1080-250x141.jpg 250w, https:\/\/tg4-docs.s3.amazonaws.com\/tg4-redesign-2015\/wp-content\/uploads\/2021\/06\/Infograific-Tuarascail-Cursai-Reatha_1_1920x1080-700x394.jpg 700w, https:\/\/tg4-docs.s3.amazonaws.com\/tg4-redesign-2015\/wp-content\/uploads\/2021\/06\/Infograific-Tuarascail-Cursai-Reatha_1_1920x1080-252x141.jpg 252w, https:\/\/tg4-docs.s3.amazonaws.com\/tg4-redesign-2015\/wp-content\/uploads\/2021\/06\/Infograific-Tuarascail-Cursai-Reatha_1_1920x1080-1536x864.jpg 1536w, https:\/\/tg4-docs.s3.amazonaws.com\/tg4-redesign-2015\/wp-content\/uploads\/2021\/06\/Infograific-Tuarascail-Cursai-Reatha_1_1920x1080-120x68.jpg 120w\" sizes=\"(max-width: 1920px) 100vw, 1920px\" \/><\/a><br \/>\n&nbsp;<br \/>\n\u00c9il\u00edonn pobal na Gaeilge go mbeadh a thuilleadh cl\u00fadach ar nuacht agus c\u00farsa\u00ed reatha, agus go nd\u00e9anfa\u00ed infheisti\u00fa i sol\u00e1thar nuachta ar l\u00edne agus san iriseoireachta ini\u00fachta. Luaitear gur mian leis an bpobal go mbeadh nuacht at\u00e1 difri\u00fail \u00f3 nuacht an bh\u00e9arla ar f\u00e1il, agus go mbeadh dearcadh eile \u00e1 thabhairt ar sc\u00e9alta n\u00e1isi\u00fanta &#038; idirn\u00e1isi\u00fanta. T\u00e1 moladh tugtha don chl\u00fadach a thugtar do sc\u00e9alta \u00e1iti\u00fala, ach ba mhaith leis an bpobal go dt\u00f3gfa\u00ed ar an sol\u00e1thar sin.<br \/>\n&nbsp;<br \/>\nIs \u00e9 TG4 a choimisi\u00fanaigh an taighde le taca\u00edocht \u00f3 \u00dadar\u00e1s Craolach\u00e1in na h\u00c9ireann. Rinne Ollscoil na h\u00c9ireann, Gaillimh an taighde le comhairle \u00f3n \u00e1is\u00edneacht taighde, Red C. Ba \u00e9 aidhm an taighde n\u00e1 ini\u00fachadh a dh\u00e9anamh ar c\u00e1 bhfaigheann pobal na Gaeilge a chuid nuachta. Bh\u00ed tr\u00ed ghn\u00e9 ag baint leis an staid\u00e9ar; gr\u00fapa\u00ed f\u00f3cais, ceisteanna ar phain\u00e9al taighde <em>Fios F\u00edse<\/em> agus suirbh\u00e9 oscailte. Fuarathas 819 freagra ar an suirbh\u00e9 oscailte.<br \/>\n&nbsp;<br \/>\nIs ar l\u00edne a fhaigheann formh\u00f3r na ndaoine i ngach aoisghr\u00fapa a bh\u00ed p\u00e1irteach sa taighde a gcuid nuachta. Mar sin f\u00e9in t\u00e1 t\u00f3ir f\u00f3s ar na me\u00e1in thraidisi\u00fanta mar fhoins\u00ed nuachta go h\u00e1irithe sna aoisghr\u00fapa\u00ed n\u00edos sine. D\u00fairt 73% de dhaoine gur \u00f3n raidi\u00f3 a fhaigheann siad a nuacht agus 68% ag r\u00e1 gur \u00f3n teilif\u00eds a fhaigheann siad an nuacht. Breathna\u00edonn 84% de na daoine a bh\u00ed p\u00e1irteach sa taighde ar Nuacht TG4. I measc daoine idir 18-35 \u00e1fach, is ar l\u00edne n\u00f3 ar na me\u00e1in sh\u00f3isialta a fhaigheann siad an nuacht, chun tosaigh ar raidi\u00f3 agus teilif\u00eds. Aithn\u00edtear d\u00e1 bharr go bhfuil g\u00e1 le l\u00e1ithreacht l\u00e1idir dhigiteach le freastal ar dhaoine n\u00edos \u00f3ige.<br \/>\n&nbsp;<br \/>\nBa mhaith leis na rannph\u00e1irtithe a ceist\u00edodh go mbeadh iriseoir\u00ed agus cl\u00e1ir nuachta ag briseadh sc\u00e9alta ar na me\u00e1in sh\u00f3isialta, ar twitter ach go h\u00e1irithe. De r\u00e9ir an taighde, t\u00e1 <em>tuairisc.ie<\/em> ag freastal go maith ar an gcro\u00edphobal teanga, agus t\u00e1 aoisghr\u00fapa\u00ed n\u00edos \u00f3ige ag triail ar fhoins\u00ed neamhthraidisi\u00fanta eile ar l\u00edne chun a gcuid nuachta a fh\u00e1il.<br \/>\n&nbsp;<br \/>\nT\u00e1 \u00e9ileamh suntasach ann d\u2019iriseoireacht ini\u00fachta ceangailte le breis forbartha a dh\u00e9anamh ar chl\u00e1ir c\u00farsa\u00ed reatha cos\u00fail le <em>7 L\u00e1<\/em>. Moltar an cl\u00fadach ar an nuacht \u00e1iti\u00fail at\u00e1 ag TG4 agus ar RT\u00c9 Raidi\u00f3 na Gaeltachta. Is mian le pobal na Gaeilge \u00e1fach, go dt\u00f3gfa\u00ed air seo agus go bhfeicfid\u00eds agus go gcloisid\u00eds n\u00edos m\u00f3 faoina bpobal f\u00e9in.<br \/>\n&nbsp;<br \/>\nL\u00e9ir\u00edonn an taighde go bhfuil sol\u00e1thar nuachta n\u00e1isi\u00fanta agus idirn\u00e1isi\u00fanta Gaeilge ag teast\u00e1il \u00f3n bpobal at\u00e1 difri\u00fail \u00f3n sol\u00e1thar at\u00e1 ar f\u00e1il d\u00f3ibh i mB\u00e9arla agus at\u00e1 d\u00edrithe ar riachtanais chomhaimseartha an phobail teanga.<br \/>\n&nbsp;<br \/>\nD\u00fairt <strong>Aodh \u00d3 Coile\u00e1in, Ceann Aonad L\u00e9ann na Cumars\u00e1ide, Acadamh na hOllscola\u00edochta Gaeilge, Ollscoil na h\u00c9ireann Gaillimh,<\/strong> <em>&#8220;Trasna gach aoisghr\u00fapa a ceist\u00edodh, is l\u00e9ir gur foins\u00ed m\u00f3r\u00e9ilimh iad ard\u00e1in nuachta ar l\u00edne agus na me\u00e1in sh\u00f3isialta. T\u00e1 pobal labhartha na Gaeilge ag dul i muin\u00edn an tsaoil dhigit\u00ed n\u00edos m\u00f3 agus n\u00edos m\u00f3 chun rochtain a fh\u00e1il ar na sol\u00e1thr\u00f3ir\u00ed traidisi\u00fanta nuachta. Maidir leis an \u00e1bhar nuachta agus c\u00farsa\u00ed reatha at\u00e1 ar f\u00e1il sna foins\u00ed seo, t\u00e1 \u00e9ileamh ag teacht chun cinn ar thairiscint nua, difri\u00fail, n\u00edos cuimsith\u00ed, \u00e9ags\u00fail \u00f3n sol\u00e1thair nuachta B\u00e9arla. L\u00e9ir\u00edonn gn\u00e9ithe dearfacha an taighde go bhfuil deiseanna forbartha sp\u00e9isi\u00fala iomad\u00fala ann do na me\u00e1in Ghaeilge.&#8221;<\/em><br \/>\n&nbsp;<br \/>\nD\u00fairt <strong>Alan Esslemont, Ard-Sti\u00farth\u00f3ir TG4,<\/strong> <em>&#8220;Tugann an taighde t\u00e1bhachtach seo l\u00e9argas ar th\u00e1bhacht na seirbh\u00edse Nuachta agus C\u00farsa\u00ed Reatha do phobal labhartha na Gaeilge. T\u00e1 eolas luachmhar ar f\u00e1il d\u00fainn maidir le dearcadh an lucht f\u00e9achana, a l\u00e9ir\u00edonn go bhfuil g\u00e1 le n\u00edos m\u00f3 infheist\u00edochta \u00f3n gciste poibl\u00ed chun freastal ar na h\u00e9ilimh at\u00e1 ag an bpobal. T\u00e1 r\u00fan ag TG4 i gcomhar le RT\u00c9 athshamhl\u00fa a dh\u00e9anamh ar Strait\u00e9is na Nuachta agus C\u00farsa\u00ed Reatha Gaeilge, agus deimhni\u00fa a thabhairt go mbeidh na hacmhainn\u00ed ann le tac\u00fa le branda nuachta saini\u00fail, neamhsple\u00e1ch agus ar ardchaighde\u00e1n a shol\u00e1thar ar TG4 agus ar l\u00edne.&#8221;<\/em><br \/>\n&nbsp;<br \/>\nT\u00e1 an tuarasc\u00e1il taighde Nuacht agus C\u00farsa\u00ed Reatha agus Pobal Labhartha na Gaeilge ar f\u00e1il anseo:<\/p>\n<p><a href=\"https:\/\/tg4-docs.s3.amazonaws.com\/tg4-redesign-2015\/wp-content\/uploads\/2021\/06\/Tuarasca%CC%81il_Cu%CC%81rsai%CC%81-Reatha-TG4_Acadamh%E2%80%A2%E2%80%A2%E2%80%A2GAEILGE-21Meith.pdf\"><img loading=\"lazy\" decoding=\"async\" width=\"115\" height=\"141\" src=\"https:\/\/tg4-docs.s3.amazonaws.com\/tg4-redesign-2015\/wp-content\/uploads\/2021\/06\/PDF_Icon_300w-115x141.jpg\" alt=\"\" class=\"aligncenter size-thumbnail wp-image-121389\" srcset=\"https:\/\/tg4-docs.s3.amazonaws.com\/tg4-redesign-2015\/wp-content\/uploads\/2021\/06\/PDF_Icon_300w-115x141.jpg 115w, https:\/\/tg4-docs.s3.amazonaws.com\/tg4-redesign-2015\/wp-content\/uploads\/2021\/06\/PDF_Icon_300w-250x308.jpg 250w, https:\/\/tg4-docs.s3.amazonaws.com\/tg4-redesign-2015\/wp-content\/uploads\/2021\/06\/PDF_Icon_300w-120x148.jpg 120w, https:\/\/tg4-docs.s3.amazonaws.com\/tg4-redesign-2015\/wp-content\/uploads\/2021\/06\/PDF_Icon_300w.jpg 300w\" sizes=\"(max-width: 115px) 100vw, 115px\" \/><\/a> <a href=\"https:\/\/tg4-docs.s3.amazonaws.com\/tg4-redesign-2015\/wp-content\/uploads\/2021\/06\/Tuarasca%CC%81il_Cu%CC%81rsai%CC%81-Reatha-TG4_Acadamh%E2%80%A2%E2%80%A2%E2%80%A2GAEILGE-21Meith.pdf\" rel=\"noopener\" target=\"_blank\">Tuarasc\u00e1il &#8211; Nuacht, C\u00farsa\u00ed Reatha agus Pobal Labhartha na Gaeilge<\/a><br \/>\n&nbsp;<br \/>\n&nbsp;<br \/>\n<a href=\"https:\/\/tg4-docs.s3.amazonaws.com\/tg4-redesign-2015\/wp-content\/uploads\/2021\/06\/Tuarascail_Nuacht_Cursai_Reatha-Wordcloud_1_1920x1080.jpg\"><img loading=\"lazy\" decoding=\"async\" width=\"1920\" height=\"1080\" src=\"https:\/\/tg4-docs.s3.amazonaws.com\/tg4-redesign-2015\/wp-content\/uploads\/2021\/06\/Tuarascail_Nuacht_Cursai_Reatha-Wordcloud_1_1920x1080.jpg\" alt=\"\" class=\"aligncenter size-full wp-image-121419\" srcset=\"https:\/\/tg4-docs.s3.amazonaws.com\/tg4-redesign-2015\/wp-content\/uploads\/2021\/06\/Tuarascail_Nuacht_Cursai_Reatha-Wordcloud_1_1920x1080.jpg 1920w, https:\/\/tg4-docs.s3.amazonaws.com\/tg4-redesign-2015\/wp-content\/uploads\/2021\/06\/Tuarascail_Nuacht_Cursai_Reatha-Wordcloud_1_1920x1080-250x141.jpg 250w, https:\/\/tg4-docs.s3.amazonaws.com\/tg4-redesign-2015\/wp-content\/uploads\/2021\/06\/Tuarascail_Nuacht_Cursai_Reatha-Wordcloud_1_1920x1080-700x394.jpg 700w, https:\/\/tg4-docs.s3.amazonaws.com\/tg4-redesign-2015\/wp-content\/uploads\/2021\/06\/Tuarascail_Nuacht_Cursai_Reatha-Wordcloud_1_1920x1080-252x141.jpg 252w, https:\/\/tg4-docs.s3.amazonaws.com\/tg4-redesign-2015\/wp-content\/uploads\/2021\/06\/Tuarascail_Nuacht_Cursai_Reatha-Wordcloud_1_1920x1080-1536x864.jpg 1536w, https:\/\/tg4-docs.s3.amazonaws.com\/tg4-redesign-2015\/wp-content\/uploads\/2021\/06\/Tuarascail_Nuacht_Cursai_Reatha-Wordcloud_1_1920x1080-120x68.jpg 120w\" sizes=\"(max-width: 1920px) 100vw, 1920px\" \/><\/a><br \/>\n&nbsp;<\/p>\n","protected":false},"excerpt":{"rendered":"<p>L\u00e9ir\u00edtear sa tuarasc\u00e1il taighde Nuacht agus C\u00farsa\u00ed Reatha agus Pobal Labhartha na Gaeilge a foils\u00edodh inniu go bhfuil leibh\u00e9al s\u00e1stachta ard i leith chaighde\u00e1n na nuachta i nGaeilge, ach go bhfuil sol\u00e1thar n\u00edos m\u00f3 agus n\u00edos leithne \u00e1 lorg ag an bpobal. &nbsp; &nbsp; \u00c9il\u00edonn pobal na Gaeilge go mbeadh a thuilleadh cl\u00fadach ar nuacht [&hellip;]<\/p>\n","protected":false},"author":876,"featured_media":0,"parent":115579,"menu_order":29,"comment_status":"closed","ping_status":"closed","template":"page-templates\/template-pr.php","meta":{"_acf_changed":false,"footnotes":""},"acf":[],"yoast_head":"<!-- This site is optimized with the Yoast SEO plugin v22.6 - https:\/\/yoast.com\/wordpress\/plugins\/seo\/ -->\n<title>Sol\u00e1thar nuachta n\u00edos m\u00f3 agus n\u00edos leithne \u00e1 lorg ag pobal na Gaeilge | Preas R\u00e1iteas | TG4<\/title>\n<meta name=\"robots\" content=\"index, follow, max-snippet:-1, max-image-preview:large, max-video-preview:-1\" \/>\n<meta property=\"og:locale\" content=\"en_US\" \/>\n<meta property=\"og:type\" content=\"article\" \/>\n<meta property=\"og:title\" content=\"Sol\u00e1thar nuachta n\u00edos m\u00f3 agus n\u00edos leithne \u00e1 lorg ag pobal na Gaeilge | Preas R\u00e1iteas | TG4\" \/>\n<meta property=\"og:description\" content=\"L\u00e9ir\u00edtear sa tuarasc\u00e1il taighde Nuacht agus C\u00farsa\u00ed Reatha agus Pobal Labhartha na Gaeilge a foils\u00edodh inniu go bhfuil leibh\u00e9al s\u00e1stachta ard i leith chaighde\u00e1n na nuachta i nGaeilge, ach go bhfuil sol\u00e1thar n\u00edos m\u00f3 agus n\u00edos leithne \u00e1 lorg ag an bpobal. &nbsp; &nbsp; \u00c9il\u00edonn pobal na Gaeilge go mbeadh a thuilleadh cl\u00fadach ar nuacht [&hellip;]\" \/>\n<meta property=\"og:url\" content=\"https:\/\/dev.tg4.ie\/ga\/eolas\/preas\/nuacht-raitis\/2021-2\/solathar-nuachta-nios-mo-agus-nios-leithne-a-lorg-ag-pobal-na-gaeilge\/\" \/>\n<meta property=\"og:site_name\" content=\"TG4\" \/>\n<meta property=\"article:publisher\" content=\"https:\/\/www.facebook.com\/TG4TV\" \/>\n<meta property=\"article:modified_time\" content=\"2021-06-21T18:29:11+00:00\" \/>\n<meta property=\"og:image\" content=\"https:\/\/tg4-docs.s3.amazonaws.com\/tg4-redesign-2015\/wp-content\/uploads\/2021\/06\/Infograific-Tuarascail-Cursai-Reatha_1_1920x1080.jpg\" \/>\n\t<meta property=\"og:image:width\" content=\"1920\" \/>\n\t<meta property=\"og:image:height\" content=\"1080\" \/>\n\t<meta property=\"og:image:type\" content=\"image\/jpeg\" \/>\n<meta name=\"twitter:card\" content=\"summary_large_image\" \/>\n<meta name=\"twitter:image\" content=\"https:\/\/tg4-docs.s3.amazonaws.com\/tg4-redesign-2015\/wp-content\/uploads\/2021\/06\/Infograific-Tuarascail-Cursai-Reatha_1_1920x1080.jpg\" \/>\n<meta name=\"twitter:site\" content=\"@TG4TV\" \/>\n<meta name=\"twitter:label1\" content=\"Est. reading time\" \/>\n\t<meta name=\"twitter:data1\" content=\"4 minutes\" \/>\n<script type=\"application\/ld+json\" class=\"yoast-schema-graph\">{\"@context\":\"https:\/\/schema.org\",\"@graph\":[{\"@type\":\"WebPage\",\"@id\":\"https:\/\/dev.tg4.ie\/ga\/eolas\/preas\/nuacht-raitis\/2021-2\/solathar-nuachta-nios-mo-agus-nios-leithne-a-lorg-ag-pobal-na-gaeilge\/\",\"url\":\"https:\/\/dev.tg4.ie\/ga\/eolas\/preas\/nuacht-raitis\/2021-2\/solathar-nuachta-nios-mo-agus-nios-leithne-a-lorg-ag-pobal-na-gaeilge\/\",\"name\":\"Sol\u00e1thar nuachta n\u00edos m\u00f3 agus n\u00edos leithne \u00e1 lorg ag pobal na Gaeilge | Preas R\u00e1iteas | TG4\",\"isPartOf\":{\"@id\":\"https:\/\/dev.tg4.ie\/en\/#website\"},\"primaryImageOfPage\":{\"@id\":\"https:\/\/dev.tg4.ie\/ga\/eolas\/preas\/nuacht-raitis\/2021-2\/solathar-nuachta-nios-mo-agus-nios-leithne-a-lorg-ag-pobal-na-gaeilge\/#primaryimage\"},\"image\":{\"@id\":\"https:\/\/dev.tg4.ie\/ga\/eolas\/preas\/nuacht-raitis\/2021-2\/solathar-nuachta-nios-mo-agus-nios-leithne-a-lorg-ag-pobal-na-gaeilge\/#primaryimage\"},\"thumbnailUrl\":\"https:\/\/dev.tg4.ie\/wp-content\/uploads\/2021\/06\/Infograific-Tuarascail-Cursai-Reatha_1_1920x1080.jpg\",\"datePublished\":\"2021-06-21T18:25:52+00:00\",\"dateModified\":\"2021-06-21T18:29:11+00:00\",\"breadcrumb\":{\"@id\":\"https:\/\/dev.tg4.ie\/ga\/eolas\/preas\/nuacht-raitis\/2021-2\/solathar-nuachta-nios-mo-agus-nios-leithne-a-lorg-ag-pobal-na-gaeilge\/#breadcrumb\"},\"inLanguage\":\"ga\",\"potentialAction\":[{\"@type\":\"ReadAction\",\"target\":[\"https:\/\/dev.tg4.ie\/ga\/eolas\/preas\/nuacht-raitis\/2021-2\/solathar-nuachta-nios-mo-agus-nios-leithne-a-lorg-ag-pobal-na-gaeilge\/\"]}]},{\"@type\":\"ImageObject\",\"inLanguage\":\"ga\",\"@id\":\"https:\/\/dev.tg4.ie\/ga\/eolas\/preas\/nuacht-raitis\/2021-2\/solathar-nuachta-nios-mo-agus-nios-leithne-a-lorg-ag-pobal-na-gaeilge\/#primaryimage\",\"url\":\"https:\/\/dev.tg4.ie\/wp-content\/uploads\/2021\/06\/Infograific-Tuarascail-Cursai-Reatha_1_1920x1080.jpg\",\"contentUrl\":\"https:\/\/dev.tg4.ie\/wp-content\/uploads\/2021\/06\/Infograific-Tuarascail-Cursai-Reatha_1_1920x1080.jpg\"},{\"@type\":\"BreadcrumbList\",\"@id\":\"https:\/\/dev.tg4.ie\/ga\/eolas\/preas\/nuacht-raitis\/2021-2\/solathar-nuachta-nios-mo-agus-nios-leithne-a-lorg-ag-pobal-na-gaeilge\/#breadcrumb\",\"itemListElement\":[{\"@type\":\"ListItem\",\"position\":1,\"name\":\"Home\",\"item\":\"https:\/\/dev.tg4.ie\/ga\/\"},{\"@type\":\"ListItem\",\"position\":2,\"name\":\"Eolas\",\"item\":\"https:\/\/dev.tg4.ie\/ga\/eolas\/\"},{\"@type\":\"ListItem\",\"position\":3,\"name\":\"Preas\",\"item\":\"https:\/\/dev.tg4.ie\/ga\/eolas\/preas\/\"},{\"@type\":\"ListItem\",\"position\":4,\"name\":\"Nuacht R\u00e1itis\",\"item\":\"https:\/\/dev.tg4.ie\/ga\/eolas\/preas\/nuacht-raitis\/\"},{\"@type\":\"ListItem\",\"position\":5,\"name\":\"2021\",\"item\":\"https:\/\/dev.tg4.ie\/ga\/eolas\/preas\/nuacht-raitis\/2021-2\/\"},{\"@type\":\"ListItem\",\"position\":6,\"name\":\"Sol\u00e1thar nuachta n\u00edos m\u00f3 agus n\u00edos leithne \u00e1 lorg ag pobal na Gaeilge\"}]},{\"@type\":\"WebSite\",\"@id\":\"https:\/\/dev.tg4.ie\/en\/#website\",\"url\":\"https:\/\/dev.tg4.ie\/en\/\",\"name\":\"TG4\",\"description\":\"S\u00fail Eile\",\"potentialAction\":[{\"@type\":\"SearchAction\",\"target\":{\"@type\":\"EntryPoint\",\"urlTemplate\":\"https:\/\/dev.tg4.ie\/en\/?s={search_term_string}\"},\"query-input\":\"required name=search_term_string\"}],\"inLanguage\":\"ga\"}]}<\/script>\n<!-- \/ Yoast SEO plugin. -->","yoast_head_json":{"title":"Sol\u00e1thar nuachta n\u00edos m\u00f3 agus n\u00edos leithne \u00e1 lorg ag pobal na Gaeilge | Preas R\u00e1iteas | TG4","robots":{"index":"index","follow":"follow","max-snippet":"max-snippet:-1","max-image-preview":"max-image-preview:large","max-video-preview":"max-video-preview:-1"},"og_locale":"en_US","og_type":"article","og_title":"Sol\u00e1thar nuachta n\u00edos m\u00f3 agus n\u00edos leithne \u00e1 lorg ag pobal na Gaeilge | Preas R\u00e1iteas | TG4","og_description":"L\u00e9ir\u00edtear sa tuarasc\u00e1il taighde Nuacht agus C\u00farsa\u00ed Reatha agus Pobal Labhartha na Gaeilge a foils\u00edodh inniu go bhfuil leibh\u00e9al s\u00e1stachta ard i leith chaighde\u00e1n na nuachta i nGaeilge, ach go bhfuil sol\u00e1thar n\u00edos m\u00f3 agus n\u00edos leithne \u00e1 lorg ag an bpobal. &nbsp; &nbsp; \u00c9il\u00edonn pobal na Gaeilge go mbeadh a thuilleadh cl\u00fadach ar nuacht [&hellip;]","og_url":"https:\/\/dev.tg4.ie\/ga\/eolas\/preas\/nuacht-raitis\/2021-2\/solathar-nuachta-nios-mo-agus-nios-leithne-a-lorg-ag-pobal-na-gaeilge\/","og_site_name":"TG4","article_publisher":"https:\/\/www.facebook.com\/TG4TV","article_modified_time":"2021-06-21T18:29:11+00:00","og_image":[{"width":1920,"height":1080,"url":"https:\/\/tg4-docs.s3.amazonaws.com\/tg4-redesign-2015\/wp-content\/uploads\/2021\/06\/Infograific-Tuarascail-Cursai-Reatha_1_1920x1080.jpg","type":"image\/jpeg"}],"twitter_card":"summary_large_image","twitter_image":"https:\/\/tg4-docs.s3.amazonaws.com\/tg4-redesign-2015\/wp-content\/uploads\/2021\/06\/Infograific-Tuarascail-Cursai-Reatha_1_1920x1080.jpg","twitter_site":"@TG4TV","twitter_misc":{"Est. reading time":"4 minutes"},"schema":{"@context":"https:\/\/schema.org","@graph":[{"@type":"WebPage","@id":"https:\/\/dev.tg4.ie\/ga\/eolas\/preas\/nuacht-raitis\/2021-2\/solathar-nuachta-nios-mo-agus-nios-leithne-a-lorg-ag-pobal-na-gaeilge\/","url":"https:\/\/dev.tg4.ie\/ga\/eolas\/preas\/nuacht-raitis\/2021-2\/solathar-nuachta-nios-mo-agus-nios-leithne-a-lorg-ag-pobal-na-gaeilge\/","name":"Sol\u00e1thar nuachta n\u00edos m\u00f3 agus n\u00edos leithne \u00e1 lorg ag pobal na Gaeilge | Preas R\u00e1iteas | TG4","isPartOf":{"@id":"https:\/\/dev.tg4.ie\/en\/#website"},"primaryImageOfPage":{"@id":"https:\/\/dev.tg4.ie\/ga\/eolas\/preas\/nuacht-raitis\/2021-2\/solathar-nuachta-nios-mo-agus-nios-leithne-a-lorg-ag-pobal-na-gaeilge\/#primaryimage"},"image":{"@id":"https:\/\/dev.tg4.ie\/ga\/eolas\/preas\/nuacht-raitis\/2021-2\/solathar-nuachta-nios-mo-agus-nios-leithne-a-lorg-ag-pobal-na-gaeilge\/#primaryimage"},"thumbnailUrl":"https:\/\/dev.tg4.ie\/wp-content\/uploads\/2021\/06\/Infograific-Tuarascail-Cursai-Reatha_1_1920x1080.jpg","datePublished":"2021-06-21T18:25:52+00:00","dateModified":"2021-06-21T18:29:11+00:00","breadcrumb":{"@id":"https:\/\/dev.tg4.ie\/ga\/eolas\/preas\/nuacht-raitis\/2021-2\/solathar-nuachta-nios-mo-agus-nios-leithne-a-lorg-ag-pobal-na-gaeilge\/#breadcrumb"},"inLanguage":"ga","potentialAction":[{"@type":"ReadAction","target":["https:\/\/dev.tg4.ie\/ga\/eolas\/preas\/nuacht-raitis\/2021-2\/solathar-nuachta-nios-mo-agus-nios-leithne-a-lorg-ag-pobal-na-gaeilge\/"]}]},{"@type":"ImageObject","inLanguage":"ga","@id":"https:\/\/dev.tg4.ie\/ga\/eolas\/preas\/nuacht-raitis\/2021-2\/solathar-nuachta-nios-mo-agus-nios-leithne-a-lorg-ag-pobal-na-gaeilge\/#primaryimage","url":"https:\/\/dev.tg4.ie\/wp-content\/uploads\/2021\/06\/Infograific-Tuarascail-Cursai-Reatha_1_1920x1080.jpg","contentUrl":"https:\/\/dev.tg4.ie\/wp-content\/uploads\/2021\/06\/Infograific-Tuarascail-Cursai-Reatha_1_1920x1080.jpg"},{"@type":"BreadcrumbList","@id":"https:\/\/dev.tg4.ie\/ga\/eolas\/preas\/nuacht-raitis\/2021-2\/solathar-nuachta-nios-mo-agus-nios-leithne-a-lorg-ag-pobal-na-gaeilge\/#breadcrumb","itemListElement":[{"@type":"ListItem","position":1,"name":"Home","item":"https:\/\/dev.tg4.ie\/ga\/"},{"@type":"ListItem","position":2,"name":"Eolas","item":"https:\/\/dev.tg4.ie\/ga\/eolas\/"},{"@type":"ListItem","position":3,"name":"Preas","item":"https:\/\/dev.tg4.ie\/ga\/eolas\/preas\/"},{"@type":"ListItem","position":4,"name":"Nuacht R\u00e1itis","item":"https:\/\/dev.tg4.ie\/ga\/eolas\/preas\/nuacht-raitis\/"},{"@type":"ListItem","position":5,"name":"2021","item":"https:\/\/dev.tg4.ie\/ga\/eolas\/preas\/nuacht-raitis\/2021-2\/"},{"@type":"ListItem","position":6,"name":"Sol\u00e1thar nuachta n\u00edos m\u00f3 agus n\u00edos leithne \u00e1 lorg ag pobal na Gaeilge"}]},{"@type":"WebSite","@id":"https:\/\/dev.tg4.ie\/en\/#website","url":"https:\/\/dev.tg4.ie\/en\/","name":"TG4","description":"S\u00fail Eile","potentialAction":[{"@type":"SearchAction","target":{"@type":"EntryPoint","urlTemplate":"https:\/\/dev.tg4.ie\/en\/?s={search_term_string}"},"query-input":"required name=search_term_string"}],"inLanguage":"ga"}]}},"_links":{"self":[{"href":"https:\/\/dev.tg4.ie\/ga\/wp-json\/wp\/v2\/pages\/121384"}],"collection":[{"href":"https:\/\/dev.tg4.ie\/ga\/wp-json\/wp\/v2\/pages"}],"about":[{"href":"https:\/\/dev.tg4.ie\/ga\/wp-json\/wp\/v2\/types\/page"}],"author":[{"embeddable":true,"href":"https:\/\/dev.tg4.ie\/ga\/wp-json\/wp\/v2\/users\/876"}],"replies":[{"embeddable":true,"href":"https:\/\/dev.tg4.ie\/ga\/wp-json\/wp\/v2\/comments?post=121384"}],"version-history":[{"count":0,"href":"https:\/\/dev.tg4.ie\/ga\/wp-json\/wp\/v2\/pages\/121384\/revisions"}],"up":[{"embeddable":true,"href":"https:\/\/dev.tg4.ie\/ga\/wp-json\/wp\/v2\/pages\/115579"}],"wp:attachment":[{"href":"https:\/\/dev.tg4.ie\/ga\/wp-json\/wp\/v2\/media?parent=121384"}],"curies":[{"name":"wp","href":"https:\/\/api.w.org\/{rel}","templated":true}]}}