{"id":1223,"date":"2015-08-14T16:32:20","date_gmt":"2015-08-14T15:32:29","guid":{"rendered":"https:\/\/dev.tg4.ie\/corporate\/tg4-board\/"},"modified":"2025-10-08T10:17:23","modified_gmt":"2025-10-08T09:17:23","slug":"bord-tg4","status":"publish","type":"page","link":"https:\/\/dev.tg4.ie\/ga\/corporate\/bord-tg4\/","title":{"rendered":"Bord TG4"},"content":{"rendered":"<p>&nbsp;<\/p>\n<table border=\"0\" width=\"100%\" cellspacing=\"0\" cellpadding=\"0\">\n<tbody>\n<tr>\n<td style=\"text-align: center;\" colspan=\"2\"><span><img decoding=\"async\" src=\"https:\/\/tg4-docs.s3.amazonaws.com\/wp-content\/uploads\/2023\/02\/21135225\/ANiGhallachair_2023.jpg\" alt=\"Anna N\u00ed Ghallachair\" \/><br \/>\nAnna N\u00ed Ghallachair<br \/>\n(Cathaoirleach)<\/span><\/td>\n<\/tr>\n<tr>\n<td style=\"text-align: center;\"><span><img decoding=\"async\" src=\"https:\/\/tg4-docs.s3.amazonaws.com\/wp-content\/uploads\/2024\/04\/25120342\/DOTuairisg_2023-removebg.jpg\" alt=\"Darach \u00d3 Tuairisg\" \/><br \/>\nDarach \u00d3 Tuairisg<\/span><\/td>\n<td style=\"text-align: center;\"><span><img decoding=\"async\" src=\"https:\/\/tg4-docs.s3.amazonaws.com\/wp-content\/uploads\/2023\/02\/21135224\/SNiGhadhra_bg_2023.jpg\" alt=\"Siobh\u00e1n N\u00ed Ghadhra\" \/><br \/>\nSiobh\u00e1n N\u00ed Ghadhra<\/span><\/td>\n<\/tr>\n<tr>\n<td style=\"text-align: center;\"><span><img decoding=\"async\" src=\"https:\/\/tg4-docs.s3.amazonaws.com\/wp-content\/uploads\/2023\/02\/21135218\/MNiNuadhain_2023.jpg\" alt=\"Mair\u00e9ad N\u00ed Nuadh\u00e1\u00edn\" \/><br \/>\nMair\u00e9ad N\u00ed Nuadh\u00e1in<\/span><\/td>\n<td style=\"text-align: center;\"><span><img decoding=\"async\" src=\"https:\/\/tg4-docs.s3.amazonaws.com\/wp-content\/uploads\/2023\/02\/21135220\/RNiRaighne_2023-e1677014091518.jpg\" alt=\"R\u00f3is\u00edn N\u00ed R\u00e1ighne\" \/><br \/>\nR\u00f3is\u00edn N\u00ed R\u00e1ighne<\/span><\/td>\n<\/tr>\n<tr>\n<td style=\"text-align: center;\"><span><img decoding=\"async\" src=\"https:\/\/tg4-docs.s3.amazonaws.com\/wp-content\/uploads\/2023\/02\/21135228\/SOCuirreain_2023.jpg\" alt=\"Se\u00e1n \u00d3 Cuirre\u00e1in\" \/><br \/>\nSe\u00e1n \u00d3 Cuirre\u00e1in<\/span><\/td>\n<td style=\"text-align: center;\"><span><img decoding=\"async\" src=\"https:\/\/tg4-docs.s3.amazonaws.com\/wp-content\/uploads\/2023\/02\/21135222\/AOLeary_2023.jpg\" alt=\"Aed\u00edn O'Leary\" \/><br \/>\nAed\u00edn O&#8217;Leary<\/span><\/td>\n<\/tr>\n<tr>\n<td style=\"text-align: center;\"><span><img decoding=\"async\" src=\"https:\/\/tg4-docs.s3.amazonaws.com\/wp-content\/uploads\/2023\/02\/21135219\/SNiCGiollaEasbuig_2023.jpg\" alt=\"Sonia Nic Giolla Easbuig\" \/><br \/>\nSonia Nic Giolla Easbuig<\/span><\/td>\n<td style=\"text-align: center;\"><span><img decoding=\"async\" src=\"https:\/\/tg4-docs.s3.amazonaws.com\/wp-content\/uploads\/2025\/05\/07093229\/BernadetteBhreathnach_1-100x125-1.jpg\" alt=\"Bernadette Bhreathnach\"  \/><br \/>\nBernadette Bhreathnach<\/span><\/td>\n<\/tr>\n<tr>\n<td style=\"text-align: center;\"><span><img decoding=\"async\" src=\"https:\/\/tg4-docs.s3.amazonaws.com\/wp-content\/uploads\/2024\/10\/10093837\/E_O_hArgain_Bord_2024.jpg\" alt=\"\u00c9amonn \u00d3 hArg\u00e1in\" \/><br \/>\n\u00c9amonn \u00d3 hArg\u00e1in<\/span><\/td>\n<td style=\"text-align: center;\"><span><img decoding=\"async\" src=\"https:\/\/tg4-docs.s3.amazonaws.com\/wp-content\/uploads\/2024\/10\/10093836\/M_Ni_Chiobhain_Bord_2024.jpg\" alt=\"Muireann N\u00ed Ch\u00edobh\u00e1in\" \/><br \/>\nMuireann N\u00ed Ch\u00edobh\u00e1in<\/span><\/td>\n<\/tr>\n<tr>\n<td style=\"text-align: center;\" colspan=\"2\"><span><img decoding=\"async\" src=\"https:\/\/tg4-docs.s3.amazonaws.com\/wp-content\/uploads\/2025\/04\/24111559\/DeirdreNiChoistin_Bord_1-100x125-1.jpg\" alt=\"Deirdre N\u00ed Choist\u00edn\" \/><br \/>\nDeirdre N\u00ed Choist\u00edn<br \/>\n(Ardsti\u00farth\u00f3ir)<\/span><\/td>\n<\/tr>\n<\/tbody>\n<\/table>\n<p>&nbsp;<\/p>\n<h2>Comhairle Lucht F\u00e9achana TG4<\/h2>\n<p>T\u00e1 an Chomhairle seo ceaptha ag Bord TG4 faoi r\u00e9ir Alt 96 den Acht Craolach\u00e1in 2009.<\/p>\n<p>T\u00e1 de dhualgas ar an gComhairle tuairim\u00ed maidir le sceideal TG4 a chur in i\u00fal do Bhord TG4, tuarasc\u00e1il bhliant\u00fail a shol\u00e1thar don Aire Cumars\u00e1ide, don bhord agus do Coimisi\u00fan na Me\u00e1n agus bualadh leis an Ardsti\u00farth\u00f3ir, le Cathaoirleach agus le Bord TG4 uair sa mbliain ar a laghad.<br \/>\n&nbsp;<br \/>\nIonadaithe don Chomhairle reatha n\u00e1:<\/p>\n<p>\u00d3gie \u00d3 C\u00e9illeachair, An Rinn; Aoife N\u00ed Dhonaile, Baile \u00c1tha Cliath; Colm \u00d3 Baoill, Gaoth Dobhair; Siobh\u00e1n N\u00edc an Lia, An Fh\u00f3d Dhubh (Maigh Eo); Joe Seoighe, Conamara; Aoife N\u00ed Bhraoin, Luimneach; Katie B\u00e1n Breathnach, Conamara; Labhaoise N\u00ed Dhonnchadha, Gaillimh; Br\u00edd N\u00ed Raghallaigh, Maigh Cuilinn; Caitr\u00edona Buidhl\u00e9ir, Corca Dhuibhne; Cormac de B\u00farca,  Baile \u00c1tha Cliath \/ Gaoth Dobhair; Cliodhna N\u00ed Mhian\u00e1in,  Carn T\u00f3chair (Doire); \u00c9amon Mac Donncha, Rath Cairn; Cathaoirleach: Sonia Nic Giolla Easbuig, Gaoth Dobhair. (ball Boird TG4); Muireann N\u00ed Ch\u00edobh\u00e1in, Port L\u00e1irge \/ Corcaigh (Ball Boird TG4)<\/p>\n<p>Breis eolas: <a href=\"https:\/\/tg4-docs.s3.amazonaws.com\/wp-content\/uploads\/2025\/10\/08100539\/Biog_Comhairle-LF_2025.pdf\" rel=\"noopener\" target=\"_blank\">Liosta Comhairle Lucht F\u00e9achana<\/a><\/p>\n","protected":false},"excerpt":{"rendered":"<p>&nbsp; Anna N\u00ed Ghallachair (Cathaoirleach) Darach \u00d3 Tuairisg Siobh\u00e1n N\u00ed Ghadhra Mair\u00e9ad N\u00ed Nuadh\u00e1in R\u00f3is\u00edn N\u00ed R\u00e1ighne Se\u00e1n \u00d3 Cuirre\u00e1in Aed\u00edn O&#8217;Leary Sonia Nic Giolla Easbuig Bernadette Bhreathnach \u00c9amonn \u00d3 hArg\u00e1in Muireann N\u00ed Ch\u00edobh\u00e1in Deirdre N\u00ed Choist\u00edn (Ardsti\u00farth\u00f3ir) &nbsp; Comhairle Lucht F\u00e9achana TG4 T\u00e1 an Chomhairle seo ceaptha ag Bord TG4 faoi r\u00e9ir Alt 96 [&hellip;]<\/p>\n","protected":false},"author":6,"featured_media":0,"parent":660,"menu_order":1,"comment_status":"closed","ping_status":"closed","template":"page-templates\/template-corporate.php","meta":{"_acf_changed":false,"footnotes":""},"acf":[],"yoast_head":"<!-- This site is optimized with the Yoast SEO plugin v22.6 - https:\/\/yoast.com\/wordpress\/plugins\/seo\/ -->\n<title>Bord TG4 - TG4<\/title>\n<meta name=\"robots\" content=\"index, follow, max-snippet:-1, max-image-preview:large, max-video-preview:-1\" \/>\n<meta property=\"og:locale\" content=\"en_US\" \/>\n<meta property=\"og:type\" content=\"article\" \/>\n<meta property=\"og:title\" content=\"Bord TG4 - TG4\" \/>\n<meta property=\"og:description\" content=\"&nbsp; Anna N\u00ed Ghallachair (Cathaoirleach) Darach \u00d3 Tuairisg Siobh\u00e1n N\u00ed Ghadhra Mair\u00e9ad N\u00ed Nuadh\u00e1in R\u00f3is\u00edn N\u00ed R\u00e1ighne Se\u00e1n \u00d3 Cuirre\u00e1in Aed\u00edn O&#8217;Leary Sonia Nic Giolla Easbuig Bernadette Bhreathnach \u00c9amonn \u00d3 hArg\u00e1in Muireann N\u00ed Ch\u00edobh\u00e1in Deirdre N\u00ed Choist\u00edn (Ardsti\u00farth\u00f3ir) &nbsp; Comhairle Lucht F\u00e9achana TG4 T\u00e1 an Chomhairle seo ceaptha ag Bord TG4 faoi r\u00e9ir Alt 96 [&hellip;]\" \/>\n<meta property=\"og:url\" content=\"https:\/\/dev.tg4.ie\/ga\/corporate\/bord-tg4\/\" \/>\n<meta property=\"og:site_name\" content=\"TG4\" \/>\n<meta property=\"article:publisher\" content=\"https:\/\/www.facebook.com\/TG4TV\" \/>\n<meta property=\"article:modified_time\" content=\"2025-10-08T09:17:23+00:00\" \/>\n<meta property=\"og:image\" content=\"https:\/\/tg4-docs.s3.amazonaws.com\/wp-content\/uploads\/2024\/11\/18151812\/TG4_2024_corcra_teal_1-1920x1080-1.jpg\" \/>\n\t<meta property=\"og:image:width\" content=\"1920\" \/>\n\t<meta property=\"og:image:height\" content=\"1080\" \/>\n\t<meta property=\"og:image:type\" content=\"image\/jpeg\" \/>\n<meta name=\"twitter:card\" content=\"summary_large_image\" \/>\n<meta name=\"twitter:image\" content=\"https:\/\/tg4-docs.s3.amazonaws.com\/wp-content\/uploads\/2024\/11\/18151812\/TG4_2024_corcra_teal_1-1920x1080-1.jpg\" \/>\n<meta name=\"twitter:site\" content=\"@TG4TV\" \/>\n<meta name=\"twitter:label1\" content=\"Est. reading time\" \/>\n\t<meta name=\"twitter:data1\" content=\"4 minutes\" \/>\n<script type=\"application\/ld+json\" class=\"yoast-schema-graph\">{\"@context\":\"https:\/\/schema.org\",\"@graph\":[{\"@type\":\"WebPage\",\"@id\":\"https:\/\/dev.tg4.ie\/ga\/corporate\/bord-tg4\/\",\"url\":\"https:\/\/dev.tg4.ie\/ga\/corporate\/bord-tg4\/\",\"name\":\"Bord TG4 - TG4\",\"isPartOf\":{\"@id\":\"https:\/\/dev.tg4.ie\/en\/#website\"},\"primaryImageOfPage\":{\"@id\":\"https:\/\/dev.tg4.ie\/ga\/corporate\/bord-tg4\/#primaryimage\"},\"image\":{\"@id\":\"https:\/\/dev.tg4.ie\/ga\/corporate\/bord-tg4\/#primaryimage\"},\"thumbnailUrl\":\"https:\/\/dev.tg4.ie\/wp-content\/uploads\/2023\/02\/ANiGhallachair_2023.jpg\",\"datePublished\":\"2015-08-14T15:32:29+00:00\",\"dateModified\":\"2025-10-08T09:17:23+00:00\",\"breadcrumb\":{\"@id\":\"https:\/\/dev.tg4.ie\/ga\/corporate\/bord-tg4\/#breadcrumb\"},\"inLanguage\":\"ga\",\"potentialAction\":[{\"@type\":\"ReadAction\",\"target\":[\"https:\/\/dev.tg4.ie\/ga\/corporate\/bord-tg4\/\"]}]},{\"@type\":\"ImageObject\",\"inLanguage\":\"ga\",\"@id\":\"https:\/\/dev.tg4.ie\/ga\/corporate\/bord-tg4\/#primaryimage\",\"url\":\"https:\/\/dev.tg4.ie\/wp-content\/uploads\/2023\/02\/ANiGhallachair_2023.jpg\",\"contentUrl\":\"https:\/\/dev.tg4.ie\/wp-content\/uploads\/2023\/02\/ANiGhallachair_2023.jpg\"},{\"@type\":\"BreadcrumbList\",\"@id\":\"https:\/\/dev.tg4.ie\/ga\/corporate\/bord-tg4\/#breadcrumb\",\"itemListElement\":[{\"@type\":\"ListItem\",\"position\":1,\"name\":\"Home\",\"item\":\"https:\/\/dev.tg4.ie\/ga\/\"},{\"@type\":\"ListItem\",\"position\":2,\"name\":\"Corpar\u00e1ideach\",\"item\":\"https:\/\/dev.tg4.ie\/ga\/corporate\/\"},{\"@type\":\"ListItem\",\"position\":3,\"name\":\"Bord TG4\"}]},{\"@type\":\"WebSite\",\"@id\":\"https:\/\/dev.tg4.ie\/en\/#website\",\"url\":\"https:\/\/dev.tg4.ie\/en\/\",\"name\":\"TG4\",\"description\":\"S\u00fail Eile\",\"potentialAction\":[{\"@type\":\"SearchAction\",\"target\":{\"@type\":\"EntryPoint\",\"urlTemplate\":\"https:\/\/dev.tg4.ie\/en\/?s={search_term_string}\"},\"query-input\":\"required name=search_term_string\"}],\"inLanguage\":\"ga\"}]}<\/script>\n<!-- \/ Yoast SEO plugin. -->","yoast_head_json":{"title":"Bord TG4 - TG4","robots":{"index":"index","follow":"follow","max-snippet":"max-snippet:-1","max-image-preview":"max-image-preview:large","max-video-preview":"max-video-preview:-1"},"og_locale":"en_US","og_type":"article","og_title":"Bord TG4 - TG4","og_description":"&nbsp; Anna N\u00ed Ghallachair (Cathaoirleach) Darach \u00d3 Tuairisg Siobh\u00e1n N\u00ed Ghadhra Mair\u00e9ad N\u00ed Nuadh\u00e1in R\u00f3is\u00edn N\u00ed R\u00e1ighne Se\u00e1n \u00d3 Cuirre\u00e1in Aed\u00edn O&#8217;Leary Sonia Nic Giolla Easbuig Bernadette Bhreathnach \u00c9amonn \u00d3 hArg\u00e1in Muireann N\u00ed Ch\u00edobh\u00e1in Deirdre N\u00ed Choist\u00edn (Ardsti\u00farth\u00f3ir) &nbsp; Comhairle Lucht F\u00e9achana TG4 T\u00e1 an Chomhairle seo ceaptha ag Bord TG4 faoi r\u00e9ir Alt 96 [&hellip;]","og_url":"https:\/\/dev.tg4.ie\/ga\/corporate\/bord-tg4\/","og_site_name":"TG4","article_publisher":"https:\/\/www.facebook.com\/TG4TV","article_modified_time":"2025-10-08T09:17:23+00:00","og_image":[{"width":1920,"height":1080,"url":"https:\/\/tg4-docs.s3.amazonaws.com\/wp-content\/uploads\/2024\/11\/18151812\/TG4_2024_corcra_teal_1-1920x1080-1.jpg","type":"image\/jpeg"}],"twitter_card":"summary_large_image","twitter_image":"https:\/\/tg4-docs.s3.amazonaws.com\/wp-content\/uploads\/2024\/11\/18151812\/TG4_2024_corcra_teal_1-1920x1080-1.jpg","twitter_site":"@TG4TV","twitter_misc":{"Est. reading time":"4 minutes"},"schema":{"@context":"https:\/\/schema.org","@graph":[{"@type":"WebPage","@id":"https:\/\/dev.tg4.ie\/ga\/corporate\/bord-tg4\/","url":"https:\/\/dev.tg4.ie\/ga\/corporate\/bord-tg4\/","name":"Bord TG4 - TG4","isPartOf":{"@id":"https:\/\/dev.tg4.ie\/en\/#website"},"primaryImageOfPage":{"@id":"https:\/\/dev.tg4.ie\/ga\/corporate\/bord-tg4\/#primaryimage"},"image":{"@id":"https:\/\/dev.tg4.ie\/ga\/corporate\/bord-tg4\/#primaryimage"},"thumbnailUrl":"https:\/\/dev.tg4.ie\/wp-content\/uploads\/2023\/02\/ANiGhallachair_2023.jpg","datePublished":"2015-08-14T15:32:29+00:00","dateModified":"2025-10-08T09:17:23+00:00","breadcrumb":{"@id":"https:\/\/dev.tg4.ie\/ga\/corporate\/bord-tg4\/#breadcrumb"},"inLanguage":"ga","potentialAction":[{"@type":"ReadAction","target":["https:\/\/dev.tg4.ie\/ga\/corporate\/bord-tg4\/"]}]},{"@type":"ImageObject","inLanguage":"ga","@id":"https:\/\/dev.tg4.ie\/ga\/corporate\/bord-tg4\/#primaryimage","url":"https:\/\/dev.tg4.ie\/wp-content\/uploads\/2023\/02\/ANiGhallachair_2023.jpg","contentUrl":"https:\/\/dev.tg4.ie\/wp-content\/uploads\/2023\/02\/ANiGhallachair_2023.jpg"},{"@type":"BreadcrumbList","@id":"https:\/\/dev.tg4.ie\/ga\/corporate\/bord-tg4\/#breadcrumb","itemListElement":[{"@type":"ListItem","position":1,"name":"Home","item":"https:\/\/dev.tg4.ie\/ga\/"},{"@type":"ListItem","position":2,"name":"Corpar\u00e1ideach","item":"https:\/\/dev.tg4.ie\/ga\/corporate\/"},{"@type":"ListItem","position":3,"name":"Bord TG4"}]},{"@type":"WebSite","@id":"https:\/\/dev.tg4.ie\/en\/#website","url":"https:\/\/dev.tg4.ie\/en\/","name":"TG4","description":"S\u00fail Eile","potentialAction":[{"@type":"SearchAction","target":{"@type":"EntryPoint","urlTemplate":"https:\/\/dev.tg4.ie\/en\/?s={search_term_string}"},"query-input":"required name=search_term_string"}],"inLanguage":"ga"}]}},"_links":{"self":[{"href":"https:\/\/dev.tg4.ie\/ga\/wp-json\/wp\/v2\/pages\/1223"}],"collection":[{"href":"https:\/\/dev.tg4.ie\/ga\/wp-json\/wp\/v2\/pages"}],"about":[{"href":"https:\/\/dev.tg4.ie\/ga\/wp-json\/wp\/v2\/types\/page"}],"author":[{"embeddable":true,"href":"https:\/\/dev.tg4.ie\/ga\/wp-json\/wp\/v2\/users\/6"}],"replies":[{"embeddable":true,"href":"https:\/\/dev.tg4.ie\/ga\/wp-json\/wp\/v2\/comments?post=1223"}],"version-history":[{"count":0,"href":"https:\/\/dev.tg4.ie\/ga\/wp-json\/wp\/v2\/pages\/1223\/revisions"}],"up":[{"embeddable":true,"href":"https:\/\/dev.tg4.ie\/ga\/wp-json\/wp\/v2\/pages\/660"}],"wp:attachment":[{"href":"https:\/\/dev.tg4.ie\/ga\/wp-json\/wp\/v2\/media?parent=1223"}],"curies":[{"name":"wp","href":"https:\/\/api.w.org\/{rel}","templated":true}]}}