{"id":122327,"date":"2021-06-28T14:00:39","date_gmt":"2021-06-28T13:00:39","guid":{"rendered":"https:\/\/dev.tg4.ie\/?page_id=122327"},"modified":"2021-06-28T14:00:39","modified_gmt":"2021-06-28T13:00:39","slug":"tg4-ar-ais-i-mbaile-an-bhriotaigh","status":"publish","type":"page","link":"https:\/\/dev.tg4.ie\/ga\/eolas\/preas\/nuacht-raitis\/2021-2\/tg4-ar-ais-i-mbaile-an-bhriotaigh\/","title":{"rendered":"TG4 ar ais i mBaile an Bhriotaigh"},"content":{"rendered":"<p><a href=\"https:\/\/tg4-docs.s3.amazonaws.com\/tg4-redesign-2015\/wp-content\/uploads\/2021\/06\/Rasai_Beo_Ballybrit_1_1920x1080.jpg\"><img loading=\"lazy\" decoding=\"async\" width=\"1920\" height=\"1080\" src=\"https:\/\/tg4-docs.s3.amazonaws.com\/tg4-redesign-2015\/wp-content\/uploads\/2021\/06\/Rasai_Beo_Ballybrit_1_1920x1080.jpg\" alt=\"\" class=\"aligncenter size-full wp-image-122335\" srcset=\"https:\/\/tg4-docs.s3.amazonaws.com\/tg4-redesign-2015\/wp-content\/uploads\/2021\/06\/Rasai_Beo_Ballybrit_1_1920x1080.jpg 1920w, https:\/\/tg4-docs.s3.amazonaws.com\/tg4-redesign-2015\/wp-content\/uploads\/2021\/06\/Rasai_Beo_Ballybrit_1_1920x1080-250x141.jpg 250w, https:\/\/tg4-docs.s3.amazonaws.com\/tg4-redesign-2015\/wp-content\/uploads\/2021\/06\/Rasai_Beo_Ballybrit_1_1920x1080-700x394.jpg 700w, https:\/\/tg4-docs.s3.amazonaws.com\/tg4-redesign-2015\/wp-content\/uploads\/2021\/06\/Rasai_Beo_Ballybrit_1_1920x1080-252x141.jpg 252w, https:\/\/tg4-docs.s3.amazonaws.com\/tg4-redesign-2015\/wp-content\/uploads\/2021\/06\/Rasai_Beo_Ballybrit_1_1920x1080-1536x864.jpg 1536w, https:\/\/tg4-docs.s3.amazonaws.com\/tg4-redesign-2015\/wp-content\/uploads\/2021\/06\/Rasai_Beo_Ballybrit_1_1920x1080-120x68.jpg 120w\" sizes=\"(max-width: 1920px) 100vw, 1920px\" \/><\/a><br \/>\n&nbsp;<\/p>\n<div style=\"position: relative; overflow: auto; width: 100%; padding-bottom: 56.25%;\"><iframe loading=\"lazy\" src=\"https:\/\/www.youtube.com\/embed\/U9nToStA0YA\" width=\"100%\" height=\"100%\" frameborder=\"0\" scrolling=\"no\" allowFullscreen=\"true\" style=\"position: absolute; top: 0px; display: block;\"><\/iframe><\/div>\n<p>&nbsp;<br \/>\nT\u00e1 s\u00e9 deimhnithe ag TG4 go gcraolfaidh an st\u00e1isi\u00fan dh\u00e1 l\u00e1 den r\u00e1sa\u00edocht \u00f3 Fh\u00e9ile Samhraidh R\u00e1sa\u00ed na Gaillimhe na bliana seo beo D\u00e9 hAoine agus D\u00e9 Sathairn an 30 agus an 31 I\u00fail.<br \/>\n&nbsp;<br \/>\n\u00c1ireofar mar chuid den chl\u00fadach beo ar TG4 sceideal ollmh\u00f3r r\u00e1sa\u00edochta ina dtaispe\u00e1nfar 15 r\u00e1s le linn an d\u00e1 l\u00e1 do lucht f\u00e9achana saor go haer.<br \/>\n&nbsp;<br \/>\nT\u00e1 r\u00edm\u00e9ad ar an gcraolt\u00f3ir Gaeilge a bheith ag craoladh beo ar\u00eds as r\u00e1sch\u00farsa Bhaile an Bhriotaigh. 2006 an bhliain dheireanach a chraol TG4 na r\u00e1sa\u00ed seo.<br \/>\n&nbsp;<br \/>\nTh\u00e1inig ard\u00fa suntasach ar chl\u00fadach r\u00e1sa\u00edochta capall na h\u00c9ireann in 2021 ar TG4, agus cuireadh r\u00e1sa\u00edocht bheo ar f\u00e1il don lucht leanta le linn deich seachtaine \u00f3 ionaid amhail Baile na Lobhar, Baile Phuinse, An N\u00e1s, Corcaigh, Luimneach, D\u00fan Dealgan, An Uaimh agus Sligeach.<br \/>\n&nbsp;<br \/>\n\u00c1ir\u00edodh ar na buaicphoint\u00ed oscailt an ts\u00e9as\u00fair r\u00e9idh ar ais sa \u00e1it is dual d\u00f3 sa Churrach; F\u00e9ile na C\u00e1sca i dTigh na Si\u00f3g agus filleadh caithr\u00e9imeach an traen\u00e1la\u00ed Henry de Bromhead agus a chuid capall buacach ar Thr\u00e1 Mh\u00f3r (Minella Times, Honeysuckle, Put the Kettle On, Minella Indo agus Balko Des Flos) a cuireadh ar par\u00e1id beo don lucht lean\u00fana ar TG4.<br \/>\n&nbsp;<br \/>\n<strong>Se\u00e1n B\u00e1n Breathnach<\/strong> a chuirfidh <em>R\u00e1sa\u00ed Beo<\/em> i l\u00e1thair, agus is iad <strong>M\u00e1nus \u00d3 Conghaile<\/strong> agus <strong>Evelyn N\u00ed Ghriallais<\/strong> a bheidh i mbun tr\u00e1chtaireachta. Gheobhaidh an t-iriseoir <strong>Daragh \u00d3 Conch\u00fair<\/strong> tuairim\u00ed na dtraen\u00e1laithe, na n-\u00fain\u00e9ir\u00ed agus na marcaithe lasmuigh den fh\u00e1inne par\u00e1ide agus is \u00e9 <strong>C\u00e1rthach Breathnach<\/strong> a bheidh i mbun tr\u00e1chtaireachta ar na r\u00e1sa\u00ed. Cuirfidh an fhoireann cl\u00fadach cuimsitheach \u00f3n r\u00e1sch\u00farsa ar f\u00e1il do lucht f\u00e9achana TG4 agus beidh neart <em>spraoi agus sp\u00f3irt<\/em> againn as Baile an Bhriotaigh chomh maith.<br \/>\n&nbsp;<br \/>\nAn comhlacht Nemeton TV at\u00e1 lonnaithe i bPort L\u00e1irge a l\u00e9ir\u00edonn <em>R\u00e1sa\u00ed Beo<\/em>. Is \u00ed an fhoireann seo i nGaeltacht na Rinne a l\u00e9ir\u00edonn <em>Laochra Gael<\/em>, <em>GAA C\u00fal Camps<\/em> agus <em>GAA Beo<\/em> do TG4 chomh maith.<br \/>\n&nbsp;<br \/>\nBeifear \u00e1balta breathn\u00fa ar R\u00e1sa\u00ed Beo freisin ar Sheinnteoir TG4 agus ar Aip Shoghluaiste agus Aip Theilif\u00eds Chliste TG4.  Beidh aicsean eisiach \u00f3n gc\u00falra as Baile an Bhriotaigh ag Sp\u00f3rt TG4 ar a chuid cain\u00e9al me\u00e1n s\u00f3isialta.<br \/>\n&nbsp;<br \/>\nD\u00fairt <strong>Michael Moloney, Pr\u00edomhfheidhmeannach R\u00e1sch\u00farsa na Gaillimhe<\/strong>:<br \/>\n<em>&#8220;T\u00e1 r\u00edm\u00e9ad orainn go mbeidh foireann TG4 ag craoladh beo \u00f3 R\u00e1sch\u00farsa na Gaillimhe ar an Aoine agus ar an Satharn le linn Fh\u00e9ile Samhraidh na bliana seo. San am i l\u00e1thair, air\u00edmid uainn go m\u00f3r an lucht taca\u00edochta d\u00edlis at\u00e1 againn i mBaile an Bhriotaigh a thagann chugainn bliain i ndiaidh bliana, agus a chrutha\u00edonn atmaisf\u00e9ar \u00e1lainn dra\u00edochta ag \u00e1r n-imeacht, agus mar sin cuirimid f\u00e1ilte mh\u00f3r roimh an sc\u00e9ala go mbeidh siad \u00e1balta a bheith n\u00edos c\u00f3ngara\u00ed don aicsean an Samhradh seo. Is imeacht \u00f3 ghl\u00fain go gl\u00fain \u00e9 R\u00e1sa\u00ed na Gaillimhe agus is cuid mh\u00f3r \u00e9 de thraidisi\u00fan an tSamhraidh agus de chult\u00far na h\u00c9ireann.&#8221;<\/em><br \/>\n&nbsp;<br \/>\nAr an ioml\u00e1n, beidh deis ag an lucht f\u00e9achana sa bhaile ar fud na h\u00c9ireann a bheidh ag f\u00e9achaint ar TG4 c\u00faig r\u00e1s d\u00e9ag a fheice\u00e1il beo ar an teilif\u00eds. Beidh The Guinness Galway Tribes Handicap Hurdle, The Guinness Galway Blazers Handicap Steeplechase, agus The Galway Shopping Centre Handicap a bhfuil duaischiste breis is \u20ac500,000 ag dul leo i measc na r\u00e1sa\u00ed a thaispe\u00e1nfar ar an d\u00e1 l\u00e1. Bh\u00ed an fhoireann i TG4 for\u00e1sach riamh agus taca\u00edonn siad go m\u00f3r le r\u00e1sa\u00edocht \u00c9ireannach agus len\u00e1r bhF\u00e9ile f\u00e9in. Thar ceann an lucht leanta at\u00e1 againn agus thar ceann Choiste R\u00e1sa\u00ed na Gaillimhe, ba mhaith liom bu\u00edochas a ghabh\u00e1il leo as an gcraoladh seo a dh\u00e9anamh.  T\u00e1imid ag s\u00fail le dul i mbun oibre leis an bhfoireann i TG4 roimh sheachtain na r\u00e1sa\u00ed agus le linn sheachtain na R\u00e1sa\u00ed araon.<br \/>\n&nbsp;<br \/>\nD\u00fairt <strong>Ceannasa\u00ed Sp\u00f3irt TG4 R\u00f3n\u00e1n \u00d3 Coisdealbha<\/strong>:<br \/>\n<em>&#8220;T\u00e1 an-\u00e1thas orainn go mbeimid ag taispe\u00e1int f\u00e9ile Samhraidh R\u00e1sa\u00ed na Gaillimhe. T\u00e1 r\u00e1sa\u00edocht chapall ina cuid l\u00e1rnach d&#8217;\u00e1bhar sp\u00f3irt an st\u00e1isi\u00fain i mbliana, agus t\u00e1imid ag s\u00fail lean\u00faint den \u00e1bhar sin a chur ar f\u00e1il le cl\u00fadach saor go haer TG4 as tion\u00f3l r\u00e1sa\u00edochta capall is m\u00f3 na h\u00c9ireann. T\u00e1imid thar a bheith s\u00e1sta a bheith ar ais i mBaile an Bhriotaigh den ch\u00e9ad uair le 15 bliain, agus go mbeimid \u00e1balta na sceitim\u00edn\u00ed go l\u00e9ir a th\u00e9ann leis an bhf\u00e9ile aitheanta seo a choth\u00fa don lucht f\u00e9achana sa bhaile.&#8221;<\/em><br \/>\n&nbsp;<br \/>\n&nbsp;<br \/>\nSeo a leanas sceideal ioml\u00e1n R\u00e1sa\u00ed na Gaillimhe TG4:<br \/>\n&nbsp;<br \/>\n<strong>D\u00c9 hAOINE an 30 I\u00daIL<\/strong><br \/>\nCuirfear t\u00fas leis an gcl\u00fadach beo ar TG4 ag 3.45pm <\/p>\n<p>1\u00fa r\u00e1s, 4pm: The James\u2019s Gate Maiden Hurdle<br \/>\n2\u00fa r\u00e1s, 4.30pm: The Adare Manor Opportunity Handicap Hurdle<br \/>\n3\u00fa r\u00e1s, 5pm: The Guinness Galway Tribes Handicap Hurdle<br \/>\n4\u00fa r\u00e1s, 5.30pm: The Guinness Handicap Hurdle<br \/>\n5\u00fa r\u00e1s, 6.05pm: The Guinness Beginners Steeplechase<br \/>\n6\u00fa r\u00e1s, 6.40pm: The Arthur Guinness Steeplechase<br \/>\n7\u00fa r\u00e1s, 7.10pm: The Guinness Galway Blazers Handicap Steeplechase<br \/>\n&nbsp;<\/p>\n<p><strong>D\u00c9 SATHAIRN AN 31 I\u00daIL<\/strong><br \/>\nCuirfear t\u00fas leis an gcl\u00fadach beo ar TG4 ag 12.30pm <\/p>\n<p>1\u00fa r\u00e1s, 12.50pm: The Irish Stallion Farms EBF Maiden<br \/>\n2\u00fa r\u00e1s, 1.22pm: The Galway Shopping Centre Maiden<br \/>\n3\u00fa r\u00e1s, 1.57pm: The O\u2019Leary Insurances Handicap<br \/>\n4\u00fa r\u00e1s, 2.32pm: The Galway Shopping Centre Maiden<br \/>\n5\u00fa r\u00e1s, 3.10pm: The Irish EBF Auction Series Maiden<br \/>\n6\u00fa r\u00e1s, 3.45pm: The Irish Stallion Farms EBF Nursery Handicap<br \/>\n7\u00fa r\u00e1s, 4.20pm: The Galway Shopping Centre Handicap<br \/>\n8\u00fa r\u00e1s, 4.50pm: The McDonogh Capital Investments Handicap<br \/>\n&nbsp;<br \/>\n&nbsp;<\/p>\n","protected":false},"excerpt":{"rendered":"<p>&nbsp; &nbsp; T\u00e1 s\u00e9 deimhnithe ag TG4 go gcraolfaidh an st\u00e1isi\u00fan dh\u00e1 l\u00e1 den r\u00e1sa\u00edocht \u00f3 Fh\u00e9ile Samhraidh R\u00e1sa\u00ed na Gaillimhe na bliana seo beo D\u00e9 hAoine agus D\u00e9 Sathairn an 30 agus an 31 I\u00fail. &nbsp; \u00c1ireofar mar chuid den chl\u00fadach beo ar TG4 sceideal ollmh\u00f3r r\u00e1sa\u00edochta ina dtaispe\u00e1nfar 15 r\u00e1s le linn an [&hellip;]<\/p>\n","protected":false},"author":876,"featured_media":0,"parent":115579,"menu_order":30,"comment_status":"closed","ping_status":"closed","template":"page-templates\/template-pr.php","meta":{"_acf_changed":false,"footnotes":""},"acf":[],"yoast_head":"<!-- This site is optimized with the Yoast SEO plugin v22.6 - https:\/\/yoast.com\/wordpress\/plugins\/seo\/ -->\n<title>TG4 ar ais i mBaile an Bhriotaigh | Preas R\u00e1iteas | TG4<\/title>\n<meta name=\"robots\" content=\"index, follow, max-snippet:-1, max-image-preview:large, max-video-preview:-1\" \/>\n<meta property=\"og:locale\" content=\"en_US\" \/>\n<meta property=\"og:type\" content=\"article\" \/>\n<meta property=\"og:title\" content=\"TG4 ar ais i mBaile an Bhriotaigh | Preas R\u00e1iteas | TG4\" \/>\n<meta property=\"og:description\" content=\"&nbsp; &nbsp; T\u00e1 s\u00e9 deimhnithe ag TG4 go gcraolfaidh an st\u00e1isi\u00fan dh\u00e1 l\u00e1 den r\u00e1sa\u00edocht \u00f3 Fh\u00e9ile Samhraidh R\u00e1sa\u00ed na Gaillimhe na bliana seo beo D\u00e9 hAoine agus D\u00e9 Sathairn an 30 agus an 31 I\u00fail. &nbsp; \u00c1ireofar mar chuid den chl\u00fadach beo ar TG4 sceideal ollmh\u00f3r r\u00e1sa\u00edochta ina dtaispe\u00e1nfar 15 r\u00e1s le linn an [&hellip;]\" \/>\n<meta property=\"og:url\" content=\"https:\/\/dev.tg4.ie\/ga\/eolas\/preas\/nuacht-raitis\/2021-2\/tg4-ar-ais-i-mbaile-an-bhriotaigh\/\" \/>\n<meta property=\"og:site_name\" content=\"TG4\" \/>\n<meta property=\"article:publisher\" content=\"https:\/\/www.facebook.com\/TG4TV\" \/>\n<meta property=\"og:image\" content=\"https:\/\/tg4-docs.s3.amazonaws.com\/tg4-redesign-2015\/wp-content\/uploads\/2021\/06\/Rasai_Beo_Ballybrit_1_1920x1080.jpg\" \/>\n\t<meta property=\"og:image:width\" content=\"1920\" \/>\n\t<meta property=\"og:image:height\" content=\"1080\" \/>\n\t<meta property=\"og:image:type\" content=\"image\/jpeg\" \/>\n<meta name=\"twitter:card\" content=\"summary_large_image\" \/>\n<meta name=\"twitter:image\" content=\"https:\/\/tg4-docs.s3.amazonaws.com\/tg4-redesign-2015\/wp-content\/uploads\/2021\/06\/Rasai_Beo_Ballybrit_1_1920x1080.jpg\" \/>\n<meta name=\"twitter:site\" content=\"@TG4TV\" \/>\n<meta name=\"twitter:label1\" content=\"Est. reading time\" \/>\n\t<meta name=\"twitter:data1\" content=\"5 minutes\" \/>\n<script type=\"application\/ld+json\" class=\"yoast-schema-graph\">{\"@context\":\"https:\/\/schema.org\",\"@graph\":[{\"@type\":\"WebPage\",\"@id\":\"https:\/\/dev.tg4.ie\/ga\/eolas\/preas\/nuacht-raitis\/2021-2\/tg4-ar-ais-i-mbaile-an-bhriotaigh\/\",\"url\":\"https:\/\/dev.tg4.ie\/ga\/eolas\/preas\/nuacht-raitis\/2021-2\/tg4-ar-ais-i-mbaile-an-bhriotaigh\/\",\"name\":\"TG4 ar ais i mBaile an Bhriotaigh | Preas R\u00e1iteas | TG4\",\"isPartOf\":{\"@id\":\"https:\/\/dev.tg4.ie\/en\/#website\"},\"primaryImageOfPage\":{\"@id\":\"https:\/\/dev.tg4.ie\/ga\/eolas\/preas\/nuacht-raitis\/2021-2\/tg4-ar-ais-i-mbaile-an-bhriotaigh\/#primaryimage\"},\"image\":{\"@id\":\"https:\/\/dev.tg4.ie\/ga\/eolas\/preas\/nuacht-raitis\/2021-2\/tg4-ar-ais-i-mbaile-an-bhriotaigh\/#primaryimage\"},\"thumbnailUrl\":\"https:\/\/dev.tg4.ie\/wp-content\/uploads\/2021\/06\/Rasai_Beo_Ballybrit_1_1920x1080.jpg\",\"datePublished\":\"2021-06-28T13:00:39+00:00\",\"dateModified\":\"2021-06-28T13:00:39+00:00\",\"breadcrumb\":{\"@id\":\"https:\/\/dev.tg4.ie\/ga\/eolas\/preas\/nuacht-raitis\/2021-2\/tg4-ar-ais-i-mbaile-an-bhriotaigh\/#breadcrumb\"},\"inLanguage\":\"ga\",\"potentialAction\":[{\"@type\":\"ReadAction\",\"target\":[\"https:\/\/dev.tg4.ie\/ga\/eolas\/preas\/nuacht-raitis\/2021-2\/tg4-ar-ais-i-mbaile-an-bhriotaigh\/\"]}]},{\"@type\":\"ImageObject\",\"inLanguage\":\"ga\",\"@id\":\"https:\/\/dev.tg4.ie\/ga\/eolas\/preas\/nuacht-raitis\/2021-2\/tg4-ar-ais-i-mbaile-an-bhriotaigh\/#primaryimage\",\"url\":\"https:\/\/dev.tg4.ie\/wp-content\/uploads\/2021\/06\/Rasai_Beo_Ballybrit_1_1920x1080.jpg\",\"contentUrl\":\"https:\/\/dev.tg4.ie\/wp-content\/uploads\/2021\/06\/Rasai_Beo_Ballybrit_1_1920x1080.jpg\"},{\"@type\":\"BreadcrumbList\",\"@id\":\"https:\/\/dev.tg4.ie\/ga\/eolas\/preas\/nuacht-raitis\/2021-2\/tg4-ar-ais-i-mbaile-an-bhriotaigh\/#breadcrumb\",\"itemListElement\":[{\"@type\":\"ListItem\",\"position\":1,\"name\":\"Home\",\"item\":\"https:\/\/dev.tg4.ie\/ga\/\"},{\"@type\":\"ListItem\",\"position\":2,\"name\":\"Eolas\",\"item\":\"https:\/\/dev.tg4.ie\/ga\/eolas\/\"},{\"@type\":\"ListItem\",\"position\":3,\"name\":\"Preas\",\"item\":\"https:\/\/dev.tg4.ie\/ga\/eolas\/preas\/\"},{\"@type\":\"ListItem\",\"position\":4,\"name\":\"Nuacht R\u00e1itis\",\"item\":\"https:\/\/dev.tg4.ie\/ga\/eolas\/preas\/nuacht-raitis\/\"},{\"@type\":\"ListItem\",\"position\":5,\"name\":\"2021\",\"item\":\"https:\/\/dev.tg4.ie\/ga\/eolas\/preas\/nuacht-raitis\/2021-2\/\"},{\"@type\":\"ListItem\",\"position\":6,\"name\":\"TG4 ar ais i mBaile an Bhriotaigh\"}]},{\"@type\":\"WebSite\",\"@id\":\"https:\/\/dev.tg4.ie\/en\/#website\",\"url\":\"https:\/\/dev.tg4.ie\/en\/\",\"name\":\"TG4\",\"description\":\"S\u00fail Eile\",\"potentialAction\":[{\"@type\":\"SearchAction\",\"target\":{\"@type\":\"EntryPoint\",\"urlTemplate\":\"https:\/\/dev.tg4.ie\/en\/?s={search_term_string}\"},\"query-input\":\"required name=search_term_string\"}],\"inLanguage\":\"ga\"}]}<\/script>\n<!-- \/ Yoast SEO plugin. -->","yoast_head_json":{"title":"TG4 ar ais i mBaile an Bhriotaigh | Preas R\u00e1iteas | TG4","robots":{"index":"index","follow":"follow","max-snippet":"max-snippet:-1","max-image-preview":"max-image-preview:large","max-video-preview":"max-video-preview:-1"},"og_locale":"en_US","og_type":"article","og_title":"TG4 ar ais i mBaile an Bhriotaigh | Preas R\u00e1iteas | TG4","og_description":"&nbsp; &nbsp; T\u00e1 s\u00e9 deimhnithe ag TG4 go gcraolfaidh an st\u00e1isi\u00fan dh\u00e1 l\u00e1 den r\u00e1sa\u00edocht \u00f3 Fh\u00e9ile Samhraidh R\u00e1sa\u00ed na Gaillimhe na bliana seo beo D\u00e9 hAoine agus D\u00e9 Sathairn an 30 agus an 31 I\u00fail. &nbsp; \u00c1ireofar mar chuid den chl\u00fadach beo ar TG4 sceideal ollmh\u00f3r r\u00e1sa\u00edochta ina dtaispe\u00e1nfar 15 r\u00e1s le linn an [&hellip;]","og_url":"https:\/\/dev.tg4.ie\/ga\/eolas\/preas\/nuacht-raitis\/2021-2\/tg4-ar-ais-i-mbaile-an-bhriotaigh\/","og_site_name":"TG4","article_publisher":"https:\/\/www.facebook.com\/TG4TV","og_image":[{"width":1920,"height":1080,"url":"https:\/\/tg4-docs.s3.amazonaws.com\/tg4-redesign-2015\/wp-content\/uploads\/2021\/06\/Rasai_Beo_Ballybrit_1_1920x1080.jpg","type":"image\/jpeg"}],"twitter_card":"summary_large_image","twitter_image":"https:\/\/tg4-docs.s3.amazonaws.com\/tg4-redesign-2015\/wp-content\/uploads\/2021\/06\/Rasai_Beo_Ballybrit_1_1920x1080.jpg","twitter_site":"@TG4TV","twitter_misc":{"Est. reading time":"5 minutes"},"schema":{"@context":"https:\/\/schema.org","@graph":[{"@type":"WebPage","@id":"https:\/\/dev.tg4.ie\/ga\/eolas\/preas\/nuacht-raitis\/2021-2\/tg4-ar-ais-i-mbaile-an-bhriotaigh\/","url":"https:\/\/dev.tg4.ie\/ga\/eolas\/preas\/nuacht-raitis\/2021-2\/tg4-ar-ais-i-mbaile-an-bhriotaigh\/","name":"TG4 ar ais i mBaile an Bhriotaigh | Preas R\u00e1iteas | TG4","isPartOf":{"@id":"https:\/\/dev.tg4.ie\/en\/#website"},"primaryImageOfPage":{"@id":"https:\/\/dev.tg4.ie\/ga\/eolas\/preas\/nuacht-raitis\/2021-2\/tg4-ar-ais-i-mbaile-an-bhriotaigh\/#primaryimage"},"image":{"@id":"https:\/\/dev.tg4.ie\/ga\/eolas\/preas\/nuacht-raitis\/2021-2\/tg4-ar-ais-i-mbaile-an-bhriotaigh\/#primaryimage"},"thumbnailUrl":"https:\/\/dev.tg4.ie\/wp-content\/uploads\/2021\/06\/Rasai_Beo_Ballybrit_1_1920x1080.jpg","datePublished":"2021-06-28T13:00:39+00:00","dateModified":"2021-06-28T13:00:39+00:00","breadcrumb":{"@id":"https:\/\/dev.tg4.ie\/ga\/eolas\/preas\/nuacht-raitis\/2021-2\/tg4-ar-ais-i-mbaile-an-bhriotaigh\/#breadcrumb"},"inLanguage":"ga","potentialAction":[{"@type":"ReadAction","target":["https:\/\/dev.tg4.ie\/ga\/eolas\/preas\/nuacht-raitis\/2021-2\/tg4-ar-ais-i-mbaile-an-bhriotaigh\/"]}]},{"@type":"ImageObject","inLanguage":"ga","@id":"https:\/\/dev.tg4.ie\/ga\/eolas\/preas\/nuacht-raitis\/2021-2\/tg4-ar-ais-i-mbaile-an-bhriotaigh\/#primaryimage","url":"https:\/\/dev.tg4.ie\/wp-content\/uploads\/2021\/06\/Rasai_Beo_Ballybrit_1_1920x1080.jpg","contentUrl":"https:\/\/dev.tg4.ie\/wp-content\/uploads\/2021\/06\/Rasai_Beo_Ballybrit_1_1920x1080.jpg"},{"@type":"BreadcrumbList","@id":"https:\/\/dev.tg4.ie\/ga\/eolas\/preas\/nuacht-raitis\/2021-2\/tg4-ar-ais-i-mbaile-an-bhriotaigh\/#breadcrumb","itemListElement":[{"@type":"ListItem","position":1,"name":"Home","item":"https:\/\/dev.tg4.ie\/ga\/"},{"@type":"ListItem","position":2,"name":"Eolas","item":"https:\/\/dev.tg4.ie\/ga\/eolas\/"},{"@type":"ListItem","position":3,"name":"Preas","item":"https:\/\/dev.tg4.ie\/ga\/eolas\/preas\/"},{"@type":"ListItem","position":4,"name":"Nuacht R\u00e1itis","item":"https:\/\/dev.tg4.ie\/ga\/eolas\/preas\/nuacht-raitis\/"},{"@type":"ListItem","position":5,"name":"2021","item":"https:\/\/dev.tg4.ie\/ga\/eolas\/preas\/nuacht-raitis\/2021-2\/"},{"@type":"ListItem","position":6,"name":"TG4 ar ais i mBaile an Bhriotaigh"}]},{"@type":"WebSite","@id":"https:\/\/dev.tg4.ie\/en\/#website","url":"https:\/\/dev.tg4.ie\/en\/","name":"TG4","description":"S\u00fail Eile","potentialAction":[{"@type":"SearchAction","target":{"@type":"EntryPoint","urlTemplate":"https:\/\/dev.tg4.ie\/en\/?s={search_term_string}"},"query-input":"required name=search_term_string"}],"inLanguage":"ga"}]}},"_links":{"self":[{"href":"https:\/\/dev.tg4.ie\/ga\/wp-json\/wp\/v2\/pages\/122327"}],"collection":[{"href":"https:\/\/dev.tg4.ie\/ga\/wp-json\/wp\/v2\/pages"}],"about":[{"href":"https:\/\/dev.tg4.ie\/ga\/wp-json\/wp\/v2\/types\/page"}],"author":[{"embeddable":true,"href":"https:\/\/dev.tg4.ie\/ga\/wp-json\/wp\/v2\/users\/876"}],"replies":[{"embeddable":true,"href":"https:\/\/dev.tg4.ie\/ga\/wp-json\/wp\/v2\/comments?post=122327"}],"version-history":[{"count":0,"href":"https:\/\/dev.tg4.ie\/ga\/wp-json\/wp\/v2\/pages\/122327\/revisions"}],"up":[{"embeddable":true,"href":"https:\/\/dev.tg4.ie\/ga\/wp-json\/wp\/v2\/pages\/115579"}],"wp:attachment":[{"href":"https:\/\/dev.tg4.ie\/ga\/wp-json\/wp\/v2\/media?parent=122327"}],"curies":[{"name":"wp","href":"https:\/\/api.w.org\/{rel}","templated":true}]}}