{"id":124954,"date":"2021-07-07T10:09:16","date_gmt":"2021-07-07T09:09:16","guid":{"rendered":"https:\/\/dev.tg4.ie\/?page_id=124954"},"modified":"2021-07-07T10:09:16","modified_gmt":"2021-07-07T09:09:16","slug":"tg4-ar-fail-ar-sky-q-agus-sky-go-o-inniu","status":"publish","type":"page","link":"https:\/\/dev.tg4.ie\/ga\/eolas\/preas\/nuacht-raitis\/2021-2\/tg4-ar-fail-ar-sky-q-agus-sky-go-o-inniu\/","title":{"rendered":"TG4 ar f\u00e1il ar Sky Q agus Sky Go \u00f3 inniu"},"content":{"rendered":"<p><a href=\"https:\/\/tg4-docs.s3.amazonaws.com\/tg4-redesign-2015\/wp-content\/uploads\/2021\/02\/TG4_Sat_1_1920x1080.jpg\"><img loading=\"lazy\" decoding=\"async\" width=\"1920\" height=\"1080\" src=\"https:\/\/tg4-docs.s3.amazonaws.com\/tg4-redesign-2015\/wp-content\/uploads\/2021\/02\/TG4_Sat_1_1920x1080.jpg\" alt=\"\" class=\"aligncenter size-full wp-image-116140\" srcset=\"https:\/\/tg4-docs.s3.amazonaws.com\/tg4-redesign-2015\/wp-content\/uploads\/2021\/02\/TG4_Sat_1_1920x1080.jpg 1920w, https:\/\/tg4-docs.s3.amazonaws.com\/tg4-redesign-2015\/wp-content\/uploads\/2021\/02\/TG4_Sat_1_1920x1080-250x141.jpg 250w, https:\/\/tg4-docs.s3.amazonaws.com\/tg4-redesign-2015\/wp-content\/uploads\/2021\/02\/TG4_Sat_1_1920x1080-700x394.jpg 700w, https:\/\/tg4-docs.s3.amazonaws.com\/tg4-redesign-2015\/wp-content\/uploads\/2021\/02\/TG4_Sat_1_1920x1080-252x141.jpg 252w, https:\/\/tg4-docs.s3.amazonaws.com\/tg4-redesign-2015\/wp-content\/uploads\/2021\/02\/TG4_Sat_1_1920x1080-1536x864.jpg 1536w, https:\/\/tg4-docs.s3.amazonaws.com\/tg4-redesign-2015\/wp-content\/uploads\/2021\/02\/TG4_Sat_1_1920x1080-120x68.jpg 120w\" sizes=\"(max-width: 1920px) 100vw, 1920px\" \/><\/a><br \/>\n&nbsp;<br \/>\nT\u00e1 s\u00e9 f\u00f3gartha ag Sky Ireland agus ag TG4 go bhfuil s\u00edneadh curtha acu lena gcomhph\u00e1irt\u00edocht faoina gcuirfear r\u00e9imse de chl\u00e1racha siamsa\u00edochta, dr\u00e1ma\u00edochta agus f\u00edorasacha ar f\u00e1il do chustaim\u00e9ir\u00ed in \u00c9irinn tr\u00ed Sky Q agus tr\u00edd an aip Sky Go.  \u00d3n l\u00e1 inniu, beidh custaim\u00e9ir\u00ed Sky anseo in \u00c9irinn \u00e1balta TG4 a shruth\u00fa beo tr\u00edd an aip Sky Go agus f\u00e9achaint ar an \u00e1bhar is fearr leo de chuid TG4 ag am ar bith in \u00e1it ar bith &#8211; cuirfidh sin le h\u00e1bhar f\u00e9ach nuair a fheileann s\u00e9 t\u00fa TG4, a seoladh ar Sky Q ar an 22 Meitheamh.<br \/>\n&nbsp;<br \/>\nCialla\u00edonn f\u00f3gra an lae inniu go mbeidh lucht lean\u00fana sp\u00f3irt \u00e1balta f\u00e9achaint ar shruthanna beo agus ar bhuaicphoint\u00ed phr\u00edomhimeachta\u00ed sp\u00f3irt, lena n-\u00e1ir\u00edtear <strong>Peil na mBan<\/strong>, <strong>GAA Beo<\/strong>, <strong>FleadhFest<\/strong> agus <strong>Tour de France<\/strong>. Beidh breathn\u00f3ir\u00ed Sky \u00e1balta sult a bhaint as pr\u00edomhchl\u00e1racha TG4 amhail <strong>Hector<\/strong>, <strong>Laochra Gael<\/strong> agus <strong>Ros na R\u00fan<\/strong> \u00e1it ar bith tr\u00edna n-aip Sky Go, n\u00f3 f\u00e9achaint ar \u00e1bhar den scoth nuair a fheileann s\u00e9 iad tr\u00ed Sky Q. Beidh branda leana\u00ed f\u00e9in TG4 <strong>C\u00fala4<\/strong>, ar a mbeidh cl\u00e1racha amhail <strong>Is Eola\u00ed M\u00e9<\/strong>, <strong>C.L.U.B<\/strong> agus <strong>Is Mise<\/strong>, r\u00e9idh chomh maith chun go mbeidh teaghlaigh \u00e1balta breathn\u00fa air cib\u00e9 uair n\u00f3 cib\u00e9 \u00e1it is mian leo.<br \/>\n&nbsp;<br \/>\nIs \u00e9ard a d\u00fairt <strong>Mark Carpenter, Sti\u00farth\u00f3ir Gn\u00f3tha\u00ed Rial\u00e1la agus Corpar\u00e1ideacha i Sky Ireland<\/strong>:  <em>&#8220;Is cuid th\u00e1bhachtach de chult\u00far na h\u00c9ireann \u00e9 TG4 agus an t-\u00e1bhar a chuireann s\u00e9 ar f\u00e1il, agus mar sin t\u00e1 an-\u00e1thas orainn an s\u00edneadh ar an gcomhph\u00e1irt\u00edocht seo eadrainn a fh\u00f3gairt do na custaim\u00e9ir\u00ed at\u00e1 againn in \u00c9irinn. Is sampla den scoth \u00ed an chomhph\u00e1irt\u00edocht seo at\u00e1 againn le TG4 ar mar a chuireann an comhar idir craolt\u00f3ir\u00ed agus ard\u00e1in ar chumas \u00e1r gcuid custaim\u00e9ir\u00ed lean\u00faint de bheith \u00e1balta teacht ar an \u00e1bhar is fearr ar bhealach at\u00e1 sol\u00fabtha d\u00f3ibh.&#8221;<\/em><br \/>\n&nbsp;<br \/>\nChuir <strong>Alan Esslemont, Ard-Sti\u00farth\u00f3ir TG4<\/strong>, f\u00e1ilte roimh fh\u00f3gra an lae inniu agus d\u00fairt: <em>&#8220;T\u00e1 \u00e1thas orm go mbeidh teacht anois ag custaim\u00e9ir\u00ed Sky ar chl\u00e1racha TG4 nuair a fheileann s\u00e9 d\u00f3ibh agus ar ghaireas d\u00e1 rogha f\u00e9in. T\u00e1 strait\u00e9is <strong>&#8216;TG4 Gach \u00c1it&#8217;<\/strong> d\u00edrithe ar \u00e1bhar Gaeilge a bheith feice\u00e1lach agus inaimsithe ar gach ard\u00e1n teilif\u00edse agus cuirimid f\u00e1ilte roimh ghealltanas Sky a chinnti\u00fa go mbeidh \u00e1bhar Gaeilge infheicthe agus feice\u00e1lach i measc an \u00e1bhair a chuireann Sky Q agus Sky Go ar f\u00e1il d\u00e1 gcuid custaim\u00e9ir\u00ed.  T\u00e1 s\u00fail againn go dtarraingeoidh \u00e1bhar TG4 a bheith curtha le Sky aird lucht f\u00e9achana nua ar chl\u00e1racha TG4.&#8221;<\/em><br \/>\n&nbsp;<br \/>\nT\u00e1 Sky Go ar f\u00e1il saor in aisce do gach custaim\u00e9ir Sky Q agus Sky TV agus is f\u00e9idir \u00e9 a fh\u00e1il lena h\u00edosl\u00f3d\u00e1il ar iOS, Android, Playstation, Xbox agus gairis t\u00e1ibl\u00e9id Amazon Fire, chomh maith le PC agus MAC.<br \/>\n&nbsp;<\/p>\n","protected":false},"excerpt":{"rendered":"<p>&nbsp; T\u00e1 s\u00e9 f\u00f3gartha ag Sky Ireland agus ag TG4 go bhfuil s\u00edneadh curtha acu lena gcomhph\u00e1irt\u00edocht faoina gcuirfear r\u00e9imse de chl\u00e1racha siamsa\u00edochta, dr\u00e1ma\u00edochta agus f\u00edorasacha ar f\u00e1il do chustaim\u00e9ir\u00ed in \u00c9irinn tr\u00ed Sky Q agus tr\u00edd an aip Sky Go. \u00d3n l\u00e1 inniu, beidh custaim\u00e9ir\u00ed Sky anseo in \u00c9irinn \u00e1balta TG4 a shruth\u00fa beo [&hellip;]<\/p>\n","protected":false},"author":876,"featured_media":0,"parent":115579,"menu_order":31,"comment_status":"closed","ping_status":"closed","template":"page-templates\/template-pr.php","meta":{"_acf_changed":false,"footnotes":""},"acf":[],"yoast_head":"<!-- This site is optimized with the Yoast SEO plugin v22.6 - https:\/\/yoast.com\/wordpress\/plugins\/seo\/ -->\n<title>TG4 ar f\u00e1il ar Sky Q agus Sky Go \u00f3 inniu | Preas R\u00e1iteas | TG4<\/title>\n<meta name=\"robots\" content=\"index, follow, max-snippet:-1, max-image-preview:large, max-video-preview:-1\" \/>\n<meta property=\"og:locale\" content=\"en_US\" \/>\n<meta property=\"og:type\" content=\"article\" \/>\n<meta property=\"og:title\" content=\"TG4 ar f\u00e1il ar Sky Q agus Sky Go \u00f3 inniu | Preas R\u00e1iteas | TG4\" \/>\n<meta property=\"og:description\" content=\"&nbsp; T\u00e1 s\u00e9 f\u00f3gartha ag Sky Ireland agus ag TG4 go bhfuil s\u00edneadh curtha acu lena gcomhph\u00e1irt\u00edocht faoina gcuirfear r\u00e9imse de chl\u00e1racha siamsa\u00edochta, dr\u00e1ma\u00edochta agus f\u00edorasacha ar f\u00e1il do chustaim\u00e9ir\u00ed in \u00c9irinn tr\u00ed Sky Q agus tr\u00edd an aip Sky Go. \u00d3n l\u00e1 inniu, beidh custaim\u00e9ir\u00ed Sky anseo in \u00c9irinn \u00e1balta TG4 a shruth\u00fa beo [&hellip;]\" \/>\n<meta property=\"og:url\" content=\"https:\/\/dev.tg4.ie\/ga\/eolas\/preas\/nuacht-raitis\/2021-2\/tg4-ar-fail-ar-sky-q-agus-sky-go-o-inniu\/\" \/>\n<meta property=\"og:site_name\" content=\"TG4\" \/>\n<meta property=\"article:publisher\" content=\"https:\/\/www.facebook.com\/TG4TV\" \/>\n<meta property=\"og:image\" content=\"https:\/\/tg4-docs.s3.amazonaws.com\/tg4-redesign-2015\/wp-content\/uploads\/2021\/02\/TG4_Sat_1_1920x1080.jpg\" \/>\n\t<meta property=\"og:image:width\" content=\"1920\" \/>\n\t<meta property=\"og:image:height\" content=\"1080\" \/>\n\t<meta property=\"og:image:type\" content=\"image\/jpeg\" \/>\n<meta name=\"twitter:card\" content=\"summary_large_image\" \/>\n<meta name=\"twitter:image\" content=\"https:\/\/tg4-docs.s3.amazonaws.com\/tg4-redesign-2015\/wp-content\/uploads\/2021\/02\/TG4_Sat_1_1920x1080.jpg\" \/>\n<meta name=\"twitter:site\" content=\"@TG4TV\" \/>\n<meta name=\"twitter:label1\" content=\"Est. reading time\" \/>\n\t<meta name=\"twitter:data1\" content=\"3 minutes\" \/>\n<script type=\"application\/ld+json\" class=\"yoast-schema-graph\">{\"@context\":\"https:\/\/schema.org\",\"@graph\":[{\"@type\":\"WebPage\",\"@id\":\"https:\/\/dev.tg4.ie\/ga\/eolas\/preas\/nuacht-raitis\/2021-2\/tg4-ar-fail-ar-sky-q-agus-sky-go-o-inniu\/\",\"url\":\"https:\/\/dev.tg4.ie\/ga\/eolas\/preas\/nuacht-raitis\/2021-2\/tg4-ar-fail-ar-sky-q-agus-sky-go-o-inniu\/\",\"name\":\"TG4 ar f\u00e1il ar Sky Q agus Sky Go \u00f3 inniu | Preas R\u00e1iteas | TG4\",\"isPartOf\":{\"@id\":\"https:\/\/dev.tg4.ie\/en\/#website\"},\"primaryImageOfPage\":{\"@id\":\"https:\/\/dev.tg4.ie\/ga\/eolas\/preas\/nuacht-raitis\/2021-2\/tg4-ar-fail-ar-sky-q-agus-sky-go-o-inniu\/#primaryimage\"},\"image\":{\"@id\":\"https:\/\/dev.tg4.ie\/ga\/eolas\/preas\/nuacht-raitis\/2021-2\/tg4-ar-fail-ar-sky-q-agus-sky-go-o-inniu\/#primaryimage\"},\"thumbnailUrl\":\"https:\/\/dev.tg4.ie\/wp-content\/uploads\/2021\/02\/TG4_Sat_1_1920x1080.jpg\",\"datePublished\":\"2021-07-07T09:09:16+00:00\",\"dateModified\":\"2021-07-07T09:09:16+00:00\",\"breadcrumb\":{\"@id\":\"https:\/\/dev.tg4.ie\/ga\/eolas\/preas\/nuacht-raitis\/2021-2\/tg4-ar-fail-ar-sky-q-agus-sky-go-o-inniu\/#breadcrumb\"},\"inLanguage\":\"ga\",\"potentialAction\":[{\"@type\":\"ReadAction\",\"target\":[\"https:\/\/dev.tg4.ie\/ga\/eolas\/preas\/nuacht-raitis\/2021-2\/tg4-ar-fail-ar-sky-q-agus-sky-go-o-inniu\/\"]}]},{\"@type\":\"ImageObject\",\"inLanguage\":\"ga\",\"@id\":\"https:\/\/dev.tg4.ie\/ga\/eolas\/preas\/nuacht-raitis\/2021-2\/tg4-ar-fail-ar-sky-q-agus-sky-go-o-inniu\/#primaryimage\",\"url\":\"https:\/\/dev.tg4.ie\/wp-content\/uploads\/2021\/02\/TG4_Sat_1_1920x1080.jpg\",\"contentUrl\":\"https:\/\/dev.tg4.ie\/wp-content\/uploads\/2021\/02\/TG4_Sat_1_1920x1080.jpg\"},{\"@type\":\"BreadcrumbList\",\"@id\":\"https:\/\/dev.tg4.ie\/ga\/eolas\/preas\/nuacht-raitis\/2021-2\/tg4-ar-fail-ar-sky-q-agus-sky-go-o-inniu\/#breadcrumb\",\"itemListElement\":[{\"@type\":\"ListItem\",\"position\":1,\"name\":\"Home\",\"item\":\"https:\/\/dev.tg4.ie\/ga\/\"},{\"@type\":\"ListItem\",\"position\":2,\"name\":\"Eolas\",\"item\":\"https:\/\/dev.tg4.ie\/ga\/eolas\/\"},{\"@type\":\"ListItem\",\"position\":3,\"name\":\"Preas\",\"item\":\"https:\/\/dev.tg4.ie\/ga\/eolas\/preas\/\"},{\"@type\":\"ListItem\",\"position\":4,\"name\":\"Nuacht R\u00e1itis\",\"item\":\"https:\/\/dev.tg4.ie\/ga\/eolas\/preas\/nuacht-raitis\/\"},{\"@type\":\"ListItem\",\"position\":5,\"name\":\"2021\",\"item\":\"https:\/\/dev.tg4.ie\/ga\/eolas\/preas\/nuacht-raitis\/2021-2\/\"},{\"@type\":\"ListItem\",\"position\":6,\"name\":\"TG4 ar f\u00e1il ar Sky Q agus Sky Go \u00f3 inniu\"}]},{\"@type\":\"WebSite\",\"@id\":\"https:\/\/dev.tg4.ie\/en\/#website\",\"url\":\"https:\/\/dev.tg4.ie\/en\/\",\"name\":\"TG4\",\"description\":\"S\u00fail Eile\",\"potentialAction\":[{\"@type\":\"SearchAction\",\"target\":{\"@type\":\"EntryPoint\",\"urlTemplate\":\"https:\/\/dev.tg4.ie\/en\/?s={search_term_string}\"},\"query-input\":\"required name=search_term_string\"}],\"inLanguage\":\"ga\"}]}<\/script>\n<!-- \/ Yoast SEO plugin. -->","yoast_head_json":{"title":"TG4 ar f\u00e1il ar Sky Q agus Sky Go \u00f3 inniu | Preas R\u00e1iteas | TG4","robots":{"index":"index","follow":"follow","max-snippet":"max-snippet:-1","max-image-preview":"max-image-preview:large","max-video-preview":"max-video-preview:-1"},"og_locale":"en_US","og_type":"article","og_title":"TG4 ar f\u00e1il ar Sky Q agus Sky Go \u00f3 inniu | Preas R\u00e1iteas | TG4","og_description":"&nbsp; T\u00e1 s\u00e9 f\u00f3gartha ag Sky Ireland agus ag TG4 go bhfuil s\u00edneadh curtha acu lena gcomhph\u00e1irt\u00edocht faoina gcuirfear r\u00e9imse de chl\u00e1racha siamsa\u00edochta, dr\u00e1ma\u00edochta agus f\u00edorasacha ar f\u00e1il do chustaim\u00e9ir\u00ed in \u00c9irinn tr\u00ed Sky Q agus tr\u00edd an aip Sky Go. \u00d3n l\u00e1 inniu, beidh custaim\u00e9ir\u00ed Sky anseo in \u00c9irinn \u00e1balta TG4 a shruth\u00fa beo [&hellip;]","og_url":"https:\/\/dev.tg4.ie\/ga\/eolas\/preas\/nuacht-raitis\/2021-2\/tg4-ar-fail-ar-sky-q-agus-sky-go-o-inniu\/","og_site_name":"TG4","article_publisher":"https:\/\/www.facebook.com\/TG4TV","og_image":[{"width":1920,"height":1080,"url":"https:\/\/tg4-docs.s3.amazonaws.com\/tg4-redesign-2015\/wp-content\/uploads\/2021\/02\/TG4_Sat_1_1920x1080.jpg","type":"image\/jpeg"}],"twitter_card":"summary_large_image","twitter_image":"https:\/\/tg4-docs.s3.amazonaws.com\/tg4-redesign-2015\/wp-content\/uploads\/2021\/02\/TG4_Sat_1_1920x1080.jpg","twitter_site":"@TG4TV","twitter_misc":{"Est. reading time":"3 minutes"},"schema":{"@context":"https:\/\/schema.org","@graph":[{"@type":"WebPage","@id":"https:\/\/dev.tg4.ie\/ga\/eolas\/preas\/nuacht-raitis\/2021-2\/tg4-ar-fail-ar-sky-q-agus-sky-go-o-inniu\/","url":"https:\/\/dev.tg4.ie\/ga\/eolas\/preas\/nuacht-raitis\/2021-2\/tg4-ar-fail-ar-sky-q-agus-sky-go-o-inniu\/","name":"TG4 ar f\u00e1il ar Sky Q agus Sky Go \u00f3 inniu | Preas R\u00e1iteas | TG4","isPartOf":{"@id":"https:\/\/dev.tg4.ie\/en\/#website"},"primaryImageOfPage":{"@id":"https:\/\/dev.tg4.ie\/ga\/eolas\/preas\/nuacht-raitis\/2021-2\/tg4-ar-fail-ar-sky-q-agus-sky-go-o-inniu\/#primaryimage"},"image":{"@id":"https:\/\/dev.tg4.ie\/ga\/eolas\/preas\/nuacht-raitis\/2021-2\/tg4-ar-fail-ar-sky-q-agus-sky-go-o-inniu\/#primaryimage"},"thumbnailUrl":"https:\/\/dev.tg4.ie\/wp-content\/uploads\/2021\/02\/TG4_Sat_1_1920x1080.jpg","datePublished":"2021-07-07T09:09:16+00:00","dateModified":"2021-07-07T09:09:16+00:00","breadcrumb":{"@id":"https:\/\/dev.tg4.ie\/ga\/eolas\/preas\/nuacht-raitis\/2021-2\/tg4-ar-fail-ar-sky-q-agus-sky-go-o-inniu\/#breadcrumb"},"inLanguage":"ga","potentialAction":[{"@type":"ReadAction","target":["https:\/\/dev.tg4.ie\/ga\/eolas\/preas\/nuacht-raitis\/2021-2\/tg4-ar-fail-ar-sky-q-agus-sky-go-o-inniu\/"]}]},{"@type":"ImageObject","inLanguage":"ga","@id":"https:\/\/dev.tg4.ie\/ga\/eolas\/preas\/nuacht-raitis\/2021-2\/tg4-ar-fail-ar-sky-q-agus-sky-go-o-inniu\/#primaryimage","url":"https:\/\/dev.tg4.ie\/wp-content\/uploads\/2021\/02\/TG4_Sat_1_1920x1080.jpg","contentUrl":"https:\/\/dev.tg4.ie\/wp-content\/uploads\/2021\/02\/TG4_Sat_1_1920x1080.jpg"},{"@type":"BreadcrumbList","@id":"https:\/\/dev.tg4.ie\/ga\/eolas\/preas\/nuacht-raitis\/2021-2\/tg4-ar-fail-ar-sky-q-agus-sky-go-o-inniu\/#breadcrumb","itemListElement":[{"@type":"ListItem","position":1,"name":"Home","item":"https:\/\/dev.tg4.ie\/ga\/"},{"@type":"ListItem","position":2,"name":"Eolas","item":"https:\/\/dev.tg4.ie\/ga\/eolas\/"},{"@type":"ListItem","position":3,"name":"Preas","item":"https:\/\/dev.tg4.ie\/ga\/eolas\/preas\/"},{"@type":"ListItem","position":4,"name":"Nuacht R\u00e1itis","item":"https:\/\/dev.tg4.ie\/ga\/eolas\/preas\/nuacht-raitis\/"},{"@type":"ListItem","position":5,"name":"2021","item":"https:\/\/dev.tg4.ie\/ga\/eolas\/preas\/nuacht-raitis\/2021-2\/"},{"@type":"ListItem","position":6,"name":"TG4 ar f\u00e1il ar Sky Q agus Sky Go \u00f3 inniu"}]},{"@type":"WebSite","@id":"https:\/\/dev.tg4.ie\/en\/#website","url":"https:\/\/dev.tg4.ie\/en\/","name":"TG4","description":"S\u00fail Eile","potentialAction":[{"@type":"SearchAction","target":{"@type":"EntryPoint","urlTemplate":"https:\/\/dev.tg4.ie\/en\/?s={search_term_string}"},"query-input":"required name=search_term_string"}],"inLanguage":"ga"}]}},"_links":{"self":[{"href":"https:\/\/dev.tg4.ie\/ga\/wp-json\/wp\/v2\/pages\/124954"}],"collection":[{"href":"https:\/\/dev.tg4.ie\/ga\/wp-json\/wp\/v2\/pages"}],"about":[{"href":"https:\/\/dev.tg4.ie\/ga\/wp-json\/wp\/v2\/types\/page"}],"author":[{"embeddable":true,"href":"https:\/\/dev.tg4.ie\/ga\/wp-json\/wp\/v2\/users\/876"}],"replies":[{"embeddable":true,"href":"https:\/\/dev.tg4.ie\/ga\/wp-json\/wp\/v2\/comments?post=124954"}],"version-history":[{"count":0,"href":"https:\/\/dev.tg4.ie\/ga\/wp-json\/wp\/v2\/pages\/124954\/revisions"}],"up":[{"embeddable":true,"href":"https:\/\/dev.tg4.ie\/ga\/wp-json\/wp\/v2\/pages\/115579"}],"wp:attachment":[{"href":"https:\/\/dev.tg4.ie\/ga\/wp-json\/wp\/v2\/media?parent=124954"}],"curies":[{"name":"wp","href":"https:\/\/api.w.org\/{rel}","templated":true}]}}