{"id":124964,"date":"2021-07-07T11:16:35","date_gmt":"2021-07-07T10:16:35","guid":{"rendered":"https:\/\/dev.tg4.ie\/?page_id=124964"},"modified":"2021-07-07T16:43:49","modified_gmt":"2021-07-07T15:43:49","slug":"lgfa-peil-na-mban-beo-ar-tg4","status":"publish","type":"page","link":"https:\/\/dev.tg4.ie\/ga\/eolas\/preas\/nuacht-raitis\/2021-2\/lgfa-peil-na-mban-beo-ar-tg4\/","title":{"rendered":"LGFA Peil na mBan Beo ar TG4"},"content":{"rendered":"<p><strong>13 cluiche socraithe le craoladh ar TG4; 50 cluiche le sruth\u00fa ar ard\u00e1n tiomnaithe Craobhchom\u00f3rtais LFGA agus TG4<\/strong><br \/>\n&nbsp;<br \/>\n<a href=\"https:\/\/tg4-docs.s3.amazonaws.com\/tg4-redesign-2015\/wp-content\/uploads\/2021\/07\/Peil_na_mBan_2021_1_1280x720.jpg\"><img loading=\"lazy\" decoding=\"async\" width=\"1280\" height=\"720\" src=\"https:\/\/tg4-docs.s3.amazonaws.com\/tg4-redesign-2015\/wp-content\/uploads\/2021\/07\/Peil_na_mBan_2021_1_1280x720.jpg\" alt=\"\" class=\"aligncenter size-full wp-image-124966\" srcset=\"https:\/\/tg4-docs.s3.amazonaws.com\/tg4-redesign-2015\/wp-content\/uploads\/2021\/07\/Peil_na_mBan_2021_1_1280x720.jpg 1280w, https:\/\/tg4-docs.s3.amazonaws.com\/tg4-redesign-2015\/wp-content\/uploads\/2021\/07\/Peil_na_mBan_2021_1_1280x720-250x141.jpg 250w, https:\/\/tg4-docs.s3.amazonaws.com\/tg4-redesign-2015\/wp-content\/uploads\/2021\/07\/Peil_na_mBan_2021_1_1280x720-700x394.jpg 700w, https:\/\/tg4-docs.s3.amazonaws.com\/tg4-redesign-2015\/wp-content\/uploads\/2021\/07\/Peil_na_mBan_2021_1_1280x720-252x141.jpg 252w, https:\/\/tg4-docs.s3.amazonaws.com\/tg4-redesign-2015\/wp-content\/uploads\/2021\/07\/Peil_na_mBan_2021_1_1280x720-120x68.jpg 120w\" sizes=\"(max-width: 1280px) 100vw, 1280px\" \/><\/a><br \/>\n&nbsp;<\/p>\n<p>T\u00e1 sceideal ollmh\u00f3r d&#8217;aicsean beo an samhraidh f\u00f3gartha inniu ag Cumann Pheil na mBan agus ag urraitheoir\u00ed an Chraobhchom\u00f3rtais TG4.<\/p>\n<p>T\u00e1 s\u00e9 deimhnithe go mbeidh gach ceann den 63 cluiche i gCraobhchom\u00f3rtais Uile-\u00c9ireann TG4 2021 ar f\u00e1il le f\u00e9achaint orthu BEO \u2013 agus go bhfuil peil o\u00edche D\u00e9 hAoine ar ais!<br \/>\n&nbsp;<\/p>\n<div style=\"position: relative; overflow: auto; width: 100%; padding-bottom: 56.25%;\"><iframe loading=\"lazy\" src=\"https:\/\/www.youtube.com\/embed\/_tZO5mBE8-Y\" width=\"100%\" height=\"100%\" frameborder=\"0\" scrolling=\"no\" allowFullscreen=\"true\" style=\"position: absolute; top: 0px; display: block;\"><\/iframe><\/div>\n<p>&nbsp;<br \/>\nCraolfaidh TG4 13 cluiche ar an ioml\u00e1n &#8211; lena n-\u00e1ir\u00edtear tr\u00ed Chluiche Ceannais na h\u00c9ireann \u00f3 Ph\u00e1irc an Chr\u00f3caigh D\u00e9 Domhnaigh an 5 Me\u00e1n F\u00f3mhair nuair a ainmneofar seaimp\u00edn\u00ed na S\u00f3isear, na craoibhe Idirmhe\u00e1na\u00ed agus na S\u00f3isear.<\/p>\n<p>An Aoine beag seo, an 9 I\u00fail, a chuirfear t\u00fas le cl\u00fadach eisiach TG4 nuair a bheidh Gaillimh le Ciarra\u00ed i nGr\u00fapa D i gCraobhchom\u00f3rtas na Seaimp\u00edn\u00ed (ag tos\u00fa ag 7.30pm).<\/p>\n<p>Leanfar le cluich\u00ed o\u00edche D\u00e9 hAoine le cluiche cinni\u00fanach Uladh idir Ard Mhacha agus an Cabh\u00e1n D\u00e9 hAoine an 16 I\u00fail, agus tabharfaidh Tiobraid \u00c1rann aghaidh ar chontae na M\u00ed i gcluiche m\u00f3r eile o\u00edche Aoine ar an 23 I\u00fail.<\/p>\n<p>Beidh an cluiche cinni\u00fanach i nGr\u00fapa 4 idir Ciarra\u00ed agus D\u00fan na nGall le craoladh beo D\u00e9 Sathairn an 24 I\u00fail agus craolfaidh TG4 na ceithre chluiche ceathr\u00fa ceannais i gCraobhchom\u00f3rtas na Sinsear le linn dheireadh seachtaine saoire bainc mh\u00ed L\u00fanasa, chomh maith le cluich\u00ed leathcheannais Chraobhchom\u00f3rtas na Sinsear D\u00e9 Sathairn an 14 L\u00fanasa.<\/p>\n<p>Ina theannta sin, beidh teacht ar an 50 cluiche eile a bheidh le himirt i gCraobhchom\u00f3rtas na S\u00f3isear, sa Chraobhchom\u00f3rtas Idirmhe\u00e1nach agus i gCraobhchom\u00f3rtas na Sinsear le f\u00e9achaint orthu beo ar thairseach ar l\u00edne tiomnaithe Craobhchom\u00f3rtais LGFA agus TG4: <a href=\"https:\/\/page.inplayer.com\/peilnamban\" rel=\"noopener\" target=\"_blank\"><strong>https:\/\/page.inplayer.com\/peilnamban<\/strong><\/a><\/p>\n<p>T\u00e1 an f\u00f3gra seo \u00e1 dh\u00e9anamh an tr\u00e1th c\u00e9anna a bhfuiltear ag com\u00f3radh 21 s\u00e9as\u00far d&#8217;urra\u00edocht TG4 ar Chraobhchom\u00f3rtais Uile-\u00c9ireann Pheil na mBan \u2013 agus 21\u00fa bliain de chl\u00fadach beo teilif\u00edse ar Chluich\u00ed Ceannais na h\u00c9ireann.<\/p>\n<p>Cuirfidh 31 contae t\u00fas lena bhfeachtas i dtreo dhuais mh\u00f3r na craoibhe a bhaint agus beidh 13 foireann san ioma\u00edocht i gCraobhchom\u00f3rtas na Sinsear, 13 foireann san ioma\u00edocht sa ghr\u00e1d idirmhe\u00e1nach agus c\u00faig fhoireann san ioma\u00edocht i gCraobhchom\u00f3rtas na S\u00f3isear.<\/p>\n<p>Beidh teacht ag lucht f\u00e9achana ar fud an domhain ar <em>Peil na mBan Beo<\/em> ar Sheinnteoir TG4 ag <a href=\"https:\/\/dev.tg4.ie\/beo\" rel=\"noopener\" target=\"_blank\"><strong>www.tg4.ie\/beo<\/strong><\/a> agus ar Aip Shoghluaiste agus Theilif\u00eds Chliste TG4.<\/p>\n<p>Beidh aicsean eisiach \u00f3n gc\u00falra ag Sp\u00f3rt TG4 \u00f3n gcraobhchom\u00f3rtas ar a chuid cain\u00e9al me\u00e1n s\u00f3isialta.<\/p>\n<p>Is \u00e9ard a bh\u00ed le r\u00e1 ag <strong>Alan Esslemont, Ard-Sti\u00farth\u00f3ir TG4<\/strong>, chun ceili\u00faradh a dh\u00e9anamh ar sheoladh Chraobhchom\u00f3rtais TG4 2021: <em>&#8220;Le 21 bliain anois, t\u00e1 m\u00f3rtas ar TG4 a bheith ag d\u00e9anamh urra\u00edochta ar Chraobhchom\u00f3rtais Uile-\u00c9ireann TG4 i bPeil na mBan. Le linn an ama sin is muide craolt\u00f3ir eisiach an sp\u00f3irt sin agus is muide comhph\u00e1irt\u00ed paiseanta Pheil na mBan\/LGFA.&#8221;<\/p>\n<p>&#8220;T\u00e1 r\u00edm\u00e9ad ar TG4 lean\u00faint de bheith ag ceann an tslua, ag cinnti\u00fa go mbeidh ard\u00e1n ag sp\u00f3rt na mban do lucht f\u00e9achana na teilif\u00edse. Cheana f\u00e9in i mbliana, t\u00e1 150% n\u00edos m\u00f3 cluich\u00ed craolta againn \u00f3 Shraitheanna N\u00e1isi\u00fanta Pheil na mBan Lidl 2021; leanfaimid de thuilleadh cluich\u00ed a chur ar f\u00e1il don phobal, saorchraolta, go n\u00e1isi\u00fanta agus go hidirn\u00e1isi\u00fanta ar na hard\u00e1in chraolach\u00e1in go l\u00e9ir at\u00e1 againn.&#8221;<\/p>\n<p>&#8220;Thar aon n\u00ed eile, t\u00e1im ag s\u00fail leis an aicsean sp\u00f3irt go l\u00e9ir a bheidh ar si\u00fal i rith an tsamhraidh agus g\u00e1ir an tslua a chloiste\u00e1il (cib\u00e9 c\u00e9n slua a bheidh ann) ag Cluich\u00ed Ceannais Uile-\u00c9ireann TG4 i bP\u00e1irc an Chr\u00f3caigh i m\u00ed Mhe\u00e1n F\u00f3mhair.&#8221;<\/em><\/p>\n<p>Is \u00e9ard a d\u00fairt <strong>M\u00edche\u00e1l Naughton, Uachtar\u00e1n Chumann Pheil na mBan<\/strong>:<\/p>\n<p><em>&#8220;T\u00e1imid ag s\u00fail le s\u00e9as\u00far eile den scoth de Pheil i gCraobhchom\u00f3rtais Uile-\u00c9ireann TG4, at\u00e1 ag tos\u00fa go gairid i ndiaidh fheachtas Shraith N\u00e1isi\u00fanta Lidl nach nd\u00e9anfar aon dearmad air.<\/p>\n<p>&#8220;Is \u00ed seo an 21\u00fa bliain againn den chomhph\u00e1irt\u00edocht sheanbhunaithe at\u00e1 againn le TG4, comhph\u00e1irt\u00edocht at\u00e1 ag dul \u00f3 neart go neart i gc\u00f3na\u00ed. T\u00e1imid bu\u00edoch d&#8217;urraitheoir\u00ed agus do chomhph\u00e1irt\u00ed oifigi\u00fail craolach\u00e1in an Chraobhchom\u00f3rtais as an infheist\u00edocht agus urra\u00edocht lean\u00fanach a dh\u00e9anann siad sna Craobhchom\u00f3rtais seo.&#8221;<\/p>\n<p>&#8220;T\u00e1imid ag staid anois, inar f\u00e9idir f\u00e1ilte a chur roimh lucht f\u00e9achana ar\u00eds ag na cluich\u00ed, c\u00e9 go bhfuil srian ar na huimhreacha faoi l\u00e1thair, ach cuirfidh an lucht f\u00e9achana sin leis na cluich\u00ed agus t\u00e1imid ag s\u00fail go m\u00f3r le f\u00e1ilte ar ais a chur roimh an lucht lean\u00fana isteach ag na p\u00e1irceanna.&#8221;<\/p>\n<p>&#8220;T\u00e1 an chuma air gur s\u00e9as\u00far iontach eile den Chraobhchom\u00f3rtas a bheidh ann suas go dt\u00ed an Domhnach an 5 Me\u00e1n F\u00f3mhair nuair a bhronnfar na coirn ar Sheaimp\u00edn\u00ed na S\u00f3isear, na craoibhe Idirmhe\u00e1na\u00ed agus na Sinsear don bhliain 2021.&#8221;<\/p>\n<p>&#8220;Is f\u00e9idir leat an t-aicsean go l\u00e9ir a lean\u00faint ar TG4 agus ar an tairseach nua at\u00e1 againn at\u00e1 tiomnaithe don Chraobhchom\u00f3rtas &#8211; ar a mbeidh f\u00e1il ar na 63 cluiche go l\u00e9ir le f\u00e9achaint orthu beo. Maidir leis an #ProperFan at\u00e1 i do shaol, is iontach an deis a bheidh anseo agus is cinnte go bhfeicfear neart imirt bhre\u00e1 sula mbronnfar Corn an West County Hotel, Corn Cuimhneach\u00e1in Mary Quinn agus Corn Brendan Martin.&#8221;<\/em><br \/>\n&nbsp;<br \/>\nT\u00e1 s\u00e9 deimhnithe ag TG4 chomh maith gurb \u00ed M\u00e1ire N\u00ed Bhraon\u00e1in, iar-pheilead\u00f3ir m\u00f3r le r\u00e1 na Gaillimhe a bheidh i mbun chl\u00fadach Pheil na mBan beo an chraolt\u00f3ra Gaeilge a chur i l\u00e1thair ar\u00eds an s\u00e9as\u00far seo amach romhainn.<\/p>\n<p>Beidh anail\u00edsithe den scoth in \u00e9ind\u00ed le M\u00e1ire ar na cl\u00e1racha beo. Beidh Rena Buckley, laoch Chorca\u00ed agus bean a bhfuil 11 bonn buaite aici i gCraobhchom\u00f3rtas Sinsear Uile-\u00c9ireann TG4, linn ar\u00eds i mbliana i gcuideachta Shorcha Furlong \u00c1tha Cliath, bean a raibh tionchar m\u00f3r aici ar bhua bre\u00e1 na foirne sin sa bhliain 2010.<\/p>\n<p>Cuirfidh Vikki Wall, buaiteoir Chraobhchom\u00f3rtas Idirmhe\u00e1nach Uile-\u00c9ireann TG4 2020 agus Imreoir na Bliana na nImreoir\u00ed saineolas ar f\u00e1il chomh maith &#8211; agus t\u00e1 s\u00ed ina cuid th\u00e1bhachtach anois d&#8217;fhoireann na M\u00ed at\u00e1 ag ullmh\u00fa do Chraobhchom\u00f3rtas na Sinsear. Is iad Michelle Ryan, iar-r\u00e9alta Phort L\u00e1irge, Sin\u00e9ad Finneagan, s\u00e1r-imreoir \u00c1tha Cliath, agus Rh\u00f3na N\u00ed Bhuachalla Chorca\u00ed, a d&#8217;aimsigh c\u00fail chinni\u00fanacha i gCluich\u00ed Ceannais Uile-\u00c9ireann Sinsear TG4 in 2014 agus in 2016, an chuid eile d&#8217;fhoireann bhre\u00e1 TG4.<\/p>\n<p>Bh\u00ed roinnt r\u00e9alta\u00ed m\u00f3r le r\u00e1 idirchontae i dteannta Mh\u00e1ire ag Eas Liath \u00e1lainn i gCo. Mhaigh Eo, at\u00e1 gar don L\u00edon\u00e1n, chun seoladh Chraobhchom\u00f3rtais Uile-\u00c9ireann TG4 2021 a cheili\u00faradh.<\/p>\n<p>I measc na ndaoine a bh\u00ed i l\u00e1thair bh\u00ed r\u00e9alta fadbhunaithe \u00c1tha Cliath Lyndsey Davey a bhfuil bonn buaite c\u00faig huaire aici i gCraobhchom\u00f3rtas Uile-\u00c9ireann Sinsear TG4, Blaithin Mackin Ard Mhacha, r\u00e9alta mh\u00f3r Mhaigh Eo, Niamh Kelly agus Aishling O&#8217;Connell Chiarra\u00ed.<\/p>\n<p>In \u00e9ineacht leis na himreoir\u00ed sinsir ag Eas Liath bh\u00ed na himreoir\u00ed Idirmhe\u00e1nacha Sin\u00e9ad Kenny (Ros Com\u00e1in) agus Fiona Claffey (An Iarmh\u00ed) chomh maith leis na himreoir\u00ed S\u00f3isir Gr\u00e1inne McLoughlin (Aontroim) agus Niamh McCarthy (Luimneach)<\/p>\n<p>Maidir le Craobhchom\u00f3rtas Sinsear TG4 2021, is iad \u00c1th Cliath an fhoireann is m\u00f3 a mbeifear ag iarraidh an ceann is fearr a fh\u00e1il orthu, foireann a bhuaigh Roinn 1 sa tSraith N\u00e1isi\u00fanta Lidl le gairid, mar go mbeidh siadsan ag iarraidh Corn Brendan Martin a thabhairt leo don ch\u00faigi\u00fa huair as a ch\u00e9ile.<\/p>\n<p>D\u00e9anfar c\u00e9ad chluiche \u00c1tha Cliath i gCraobhchom\u00f3rtas Uile-\u00c9ireann Sinsear TG4 2021 a shruth\u00fa beo D\u00e9 Sathairn seo chugainn an 10 I\u00fail.<\/p>\n<p>Tabharfaidh foireann Chorca\u00ed a clo\u00edodh i gCluiche Ceannais na bliana anuraidh, agus a bhfuair foireann Mick Bohan an ceann is fearr orthu i gCluiche Ceannais NFL Lidl 2021, a d\u00f3thain le d\u00e9anamh d&#8217;\u00c1th Cliath.<\/p>\n<p>Is iad foirne na Gaillimhe agus Ard Mhacha, a d&#8217;imir i gcluich\u00ed leathcheannais na bliana 2020, an d\u00e1 fhoireann eile a mbeidh s\u00fail gh\u00e9ar le coinne\u00e1il orthu i ngr\u00e1d na Sinsear, chomh maith le Maigh Eo a bhfuil an iar-r\u00e9alta contae, Michael Moyles, anois ina bhainisteoir orthu.<\/p>\n<p>Beidh an Iarmh\u00ed ag iarraidh dul c\u00e9im amh\u00e1in eile chun cinn sa Chraobhchom\u00f3rtas Idirmhe\u00e1nach, tar \u00e9is don Mh\u00ed an ceann is fearr a fh\u00e1il orthu i bP\u00e1irc an Chr\u00f3caigh an Nollaig seo caite.<\/p>\n<p>Agus i ngr\u00e1d na s\u00f3isear, t\u00e1 c\u00faig fhoireann san \u00e1ireamh chun an chraobh a thabhairt leo, is iad sin Aontroim, Ceatharlach, Doire, Luimneach agus Cill Mhant\u00e1in, a th\u00e1inig sa dara h\u00e1it anuraidh.<br \/>\n&nbsp;<\/p>\n<p>#ProperFan<br \/>\n&nbsp;<br \/>\nCraobhchom\u00f3rtais Uile-\u00c9ireann TG4 i bPeil na mBan 2021- Gach cluiche ag 2pm mura bhfuil am eile luaite leis<\/p>\n<p><strong>D\u00e9 hAoine 9 I\u00fail 2021<\/strong><\/p>\n<p><em>Craobhchom\u00f3rtas na Sinsear Pheil na mBan TG4- Gr\u00fapa 4 \u2013 Babtha 1 \u2013 Beo ar TG4<\/em><br \/>\nGaillimh v Ciarra\u00ed \u2013 P\u00e1irc U\u00ed Ch\u00edos\u00f3g, Inis, 7.30pm<br \/>\n&nbsp;<\/p>\n<p><strong>D\u00e9 Sathairn 10 I\u00fail 2021<\/strong><\/p>\n<p><em>Craobhchom\u00f3rtas na Sinsear Pheil na mBan TG4- Gr\u00fapa 1 \u2013 Babtha 1<\/em><br \/>\nArd Mhacha v Muineach\u00e1n \u2013 P\u00e1irc L\u00fathchleasa\u00edochta Ard Mhacha<br \/>\nCabh\u00e1n v Maigh Eo &#8211; P\u00e1irc Markievicz<\/p>\n<p><em>Craobhchom\u00f3rtas na Sinsear Pheil na mBan TG4- Gr\u00fapa 2 \u2013 Babtha 1<\/em><br \/>\nCorcaigh v An Mh\u00ed &#8211; P\u00e1irc Naomh Breand\u00e1n, Biorra<\/p>\n<p><em>Craobhchom\u00f3rtas na Sinsear Pheil na mBan TG4- Gr\u00fapa 3\u2013 Babtha 1<\/em><br \/>\n\u00c1th Cliath v T\u00edr Eoghain &#8211; P\u00e1irc Kingspan Bhr\u00e9ifne<\/p>\n<p><em>Craobhchom\u00f3rtas Idirmhe\u00e1nach Pheil na mBan TG4 \u2013 Gr\u00fapa 2 \u2013 Babtha 1<\/em><br \/>\nLiatrom v Fear Manach &#8211; Bh\u00e9al an \u00c1tha M\u00f3ir\/Se\u00e1n O\u2019 Heslins<\/p>\n<p><em>Craobhchom\u00f3rtas na S\u00f3isear Pheil na mBan TG4 \u2013 Babtha 1<\/em><br \/>\nAontroim v Doire-  P\u00e1irc U\u00ed Chorrag\u00e1in, B\u00e9al Feirste<br \/>\n&nbsp;<\/p>\n<p><strong>D\u00e9 Domhnaigh 11 I\u00fail 2021<\/strong><\/p>\n<p><em>Craobhchom\u00f3rtas Idirmhe\u00e1nach Pheil na mBan TG4 \u2013 Gr\u00fapa 1 \u2013 Babtha 1<\/em><br \/>\nAn Iar Mh\u00ed v Longford- P\u00e1irc U\u00ed Ch\u00edos\u00f3ig TEG, An Muileann gCearr<br \/>\nLoch Garman v Sligeach, An F\u00e9ar B\u00e1n<\/p>\n<p><em>Craobhchom\u00f3rtas Idirmhe\u00e1nach Pheil na mBan TG4 \u2013 Gr\u00fapa 3 \u2013 Babtha 1<\/em><br \/>\nRos Com\u00e1in v Cill Dara- P\u00e1irc U\u00ed Dhug\u00e1in, B\u00e9al \u00c1tha na Sluaighe<\/p>\n<p><em>Craobhchom\u00f3rtas Idirmhe\u00e1nach Pheil na mBan TG4 \u2013 Gr\u00fapa 4 \u2013 Babtha 1<\/em><br \/>\nAn D\u00fan v U\u00edbh Fhail\u00ed Lann L\u00e9ire, D\u00fan L\u00e9ire 1pm.  <\/p>\n<p><em>Craobhchom\u00f3rtas na S\u00f3isear Pheil na mBan TG4 \u2013 Babtha 1<\/em><br \/>\nLuimneach v Cill Mhant\u00e1in &#8211; P\u00e1irc She\u00e1in Locke, Callain<br \/>\n&nbsp;<br \/>\n&nbsp;<\/p>\n","protected":false},"excerpt":{"rendered":"<p>13 cluiche socraithe le craoladh ar TG4; 50 cluiche le sruth\u00fa ar ard\u00e1n tiomnaithe Craobhchom\u00f3rtais LFGA agus TG4 &nbsp; &nbsp; T\u00e1 sceideal ollmh\u00f3r d&#8217;aicsean beo an samhraidh f\u00f3gartha inniu ag Cumann Pheil na mBan agus ag urraitheoir\u00ed an Chraobhchom\u00f3rtais TG4. T\u00e1 s\u00e9 deimhnithe go mbeidh gach ceann den 63 cluiche i gCraobhchom\u00f3rtais Uile-\u00c9ireann TG4 2021 [&hellip;]<\/p>\n","protected":false},"author":876,"featured_media":0,"parent":115579,"menu_order":32,"comment_status":"closed","ping_status":"closed","template":"page-templates\/template-pr.php","meta":{"_acf_changed":false,"footnotes":""},"acf":[],"yoast_head":"<!-- This site is optimized with the Yoast SEO plugin v22.6 - https:\/\/yoast.com\/wordpress\/plugins\/seo\/ -->\n<title>LGFA Peil na mBan Beo ar TG4 | Preas R\u00e1iteas | TG4<\/title>\n<meta name=\"robots\" content=\"index, follow, max-snippet:-1, max-image-preview:large, max-video-preview:-1\" \/>\n<meta property=\"og:locale\" content=\"en_US\" \/>\n<meta property=\"og:type\" content=\"article\" \/>\n<meta property=\"og:title\" content=\"LGFA Peil na mBan Beo ar TG4 | Preas R\u00e1iteas | TG4\" \/>\n<meta property=\"og:description\" content=\"13 cluiche socraithe le craoladh ar TG4; 50 cluiche le sruth\u00fa ar ard\u00e1n tiomnaithe Craobhchom\u00f3rtais LFGA agus TG4 &nbsp; &nbsp; T\u00e1 sceideal ollmh\u00f3r d&#8217;aicsean beo an samhraidh f\u00f3gartha inniu ag Cumann Pheil na mBan agus ag urraitheoir\u00ed an Chraobhchom\u00f3rtais TG4. T\u00e1 s\u00e9 deimhnithe go mbeidh gach ceann den 63 cluiche i gCraobhchom\u00f3rtais Uile-\u00c9ireann TG4 2021 [&hellip;]\" \/>\n<meta property=\"og:url\" content=\"https:\/\/dev.tg4.ie\/ga\/eolas\/preas\/nuacht-raitis\/2021-2\/lgfa-peil-na-mban-beo-ar-tg4\/\" \/>\n<meta property=\"og:site_name\" content=\"TG4\" \/>\n<meta property=\"article:publisher\" content=\"https:\/\/www.facebook.com\/TG4TV\" \/>\n<meta property=\"article:modified_time\" content=\"2021-07-07T15:43:49+00:00\" \/>\n<meta property=\"og:image\" content=\"https:\/\/tg4-docs.s3.amazonaws.com\/tg4-redesign-2015\/wp-content\/uploads\/2021\/07\/Peil_na_mBan_2021_1_1280x720.jpg\" \/>\n\t<meta property=\"og:image:width\" content=\"1280\" \/>\n\t<meta property=\"og:image:height\" content=\"720\" \/>\n\t<meta property=\"og:image:type\" content=\"image\/jpeg\" \/>\n<meta name=\"twitter:card\" content=\"summary_large_image\" \/>\n<meta name=\"twitter:image\" content=\"https:\/\/tg4-docs.s3.amazonaws.com\/tg4-redesign-2015\/wp-content\/uploads\/2021\/07\/Peil_na_mBan_2021_1_1280x720.jpg\" \/>\n<meta name=\"twitter:site\" content=\"@TG4TV\" \/>\n<meta name=\"twitter:label1\" content=\"Est. reading time\" \/>\n\t<meta name=\"twitter:data1\" content=\"9 minutes\" \/>\n<script type=\"application\/ld+json\" class=\"yoast-schema-graph\">{\"@context\":\"https:\/\/schema.org\",\"@graph\":[{\"@type\":\"WebPage\",\"@id\":\"https:\/\/dev.tg4.ie\/ga\/eolas\/preas\/nuacht-raitis\/2021-2\/lgfa-peil-na-mban-beo-ar-tg4\/\",\"url\":\"https:\/\/dev.tg4.ie\/ga\/eolas\/preas\/nuacht-raitis\/2021-2\/lgfa-peil-na-mban-beo-ar-tg4\/\",\"name\":\"LGFA Peil na mBan Beo ar TG4 | Preas R\u00e1iteas | TG4\",\"isPartOf\":{\"@id\":\"https:\/\/dev.tg4.ie\/en\/#website\"},\"primaryImageOfPage\":{\"@id\":\"https:\/\/dev.tg4.ie\/ga\/eolas\/preas\/nuacht-raitis\/2021-2\/lgfa-peil-na-mban-beo-ar-tg4\/#primaryimage\"},\"image\":{\"@id\":\"https:\/\/dev.tg4.ie\/ga\/eolas\/preas\/nuacht-raitis\/2021-2\/lgfa-peil-na-mban-beo-ar-tg4\/#primaryimage\"},\"thumbnailUrl\":\"https:\/\/dev.tg4.ie\/wp-content\/uploads\/2021\/07\/Peil_na_mBan_2021_1_1280x720.jpg\",\"datePublished\":\"2021-07-07T10:16:35+00:00\",\"dateModified\":\"2021-07-07T15:43:49+00:00\",\"breadcrumb\":{\"@id\":\"https:\/\/dev.tg4.ie\/ga\/eolas\/preas\/nuacht-raitis\/2021-2\/lgfa-peil-na-mban-beo-ar-tg4\/#breadcrumb\"},\"inLanguage\":\"ga\",\"potentialAction\":[{\"@type\":\"ReadAction\",\"target\":[\"https:\/\/dev.tg4.ie\/ga\/eolas\/preas\/nuacht-raitis\/2021-2\/lgfa-peil-na-mban-beo-ar-tg4\/\"]}]},{\"@type\":\"ImageObject\",\"inLanguage\":\"ga\",\"@id\":\"https:\/\/dev.tg4.ie\/ga\/eolas\/preas\/nuacht-raitis\/2021-2\/lgfa-peil-na-mban-beo-ar-tg4\/#primaryimage\",\"url\":\"https:\/\/dev.tg4.ie\/wp-content\/uploads\/2021\/07\/Peil_na_mBan_2021_1_1280x720.jpg\",\"contentUrl\":\"https:\/\/dev.tg4.ie\/wp-content\/uploads\/2021\/07\/Peil_na_mBan_2021_1_1280x720.jpg\"},{\"@type\":\"BreadcrumbList\",\"@id\":\"https:\/\/dev.tg4.ie\/ga\/eolas\/preas\/nuacht-raitis\/2021-2\/lgfa-peil-na-mban-beo-ar-tg4\/#breadcrumb\",\"itemListElement\":[{\"@type\":\"ListItem\",\"position\":1,\"name\":\"Home\",\"item\":\"https:\/\/dev.tg4.ie\/ga\/\"},{\"@type\":\"ListItem\",\"position\":2,\"name\":\"Eolas\",\"item\":\"https:\/\/dev.tg4.ie\/ga\/eolas\/\"},{\"@type\":\"ListItem\",\"position\":3,\"name\":\"Preas\",\"item\":\"https:\/\/dev.tg4.ie\/ga\/eolas\/preas\/\"},{\"@type\":\"ListItem\",\"position\":4,\"name\":\"Nuacht R\u00e1itis\",\"item\":\"https:\/\/dev.tg4.ie\/ga\/eolas\/preas\/nuacht-raitis\/\"},{\"@type\":\"ListItem\",\"position\":5,\"name\":\"2021\",\"item\":\"https:\/\/dev.tg4.ie\/ga\/eolas\/preas\/nuacht-raitis\/2021-2\/\"},{\"@type\":\"ListItem\",\"position\":6,\"name\":\"LGFA Peil na mBan Beo ar TG4\"}]},{\"@type\":\"WebSite\",\"@id\":\"https:\/\/dev.tg4.ie\/en\/#website\",\"url\":\"https:\/\/dev.tg4.ie\/en\/\",\"name\":\"TG4\",\"description\":\"S\u00fail Eile\",\"potentialAction\":[{\"@type\":\"SearchAction\",\"target\":{\"@type\":\"EntryPoint\",\"urlTemplate\":\"https:\/\/dev.tg4.ie\/en\/?s={search_term_string}\"},\"query-input\":\"required name=search_term_string\"}],\"inLanguage\":\"ga\"}]}<\/script>\n<!-- \/ Yoast SEO plugin. -->","yoast_head_json":{"title":"LGFA Peil na mBan Beo ar TG4 | Preas R\u00e1iteas | TG4","robots":{"index":"index","follow":"follow","max-snippet":"max-snippet:-1","max-image-preview":"max-image-preview:large","max-video-preview":"max-video-preview:-1"},"og_locale":"en_US","og_type":"article","og_title":"LGFA Peil na mBan Beo ar TG4 | Preas R\u00e1iteas | TG4","og_description":"13 cluiche socraithe le craoladh ar TG4; 50 cluiche le sruth\u00fa ar ard\u00e1n tiomnaithe Craobhchom\u00f3rtais LFGA agus TG4 &nbsp; &nbsp; T\u00e1 sceideal ollmh\u00f3r d&#8217;aicsean beo an samhraidh f\u00f3gartha inniu ag Cumann Pheil na mBan agus ag urraitheoir\u00ed an Chraobhchom\u00f3rtais TG4. T\u00e1 s\u00e9 deimhnithe go mbeidh gach ceann den 63 cluiche i gCraobhchom\u00f3rtais Uile-\u00c9ireann TG4 2021 [&hellip;]","og_url":"https:\/\/dev.tg4.ie\/ga\/eolas\/preas\/nuacht-raitis\/2021-2\/lgfa-peil-na-mban-beo-ar-tg4\/","og_site_name":"TG4","article_publisher":"https:\/\/www.facebook.com\/TG4TV","article_modified_time":"2021-07-07T15:43:49+00:00","og_image":[{"width":1280,"height":720,"url":"https:\/\/tg4-docs.s3.amazonaws.com\/tg4-redesign-2015\/wp-content\/uploads\/2021\/07\/Peil_na_mBan_2021_1_1280x720.jpg","type":"image\/jpeg"}],"twitter_card":"summary_large_image","twitter_image":"https:\/\/tg4-docs.s3.amazonaws.com\/tg4-redesign-2015\/wp-content\/uploads\/2021\/07\/Peil_na_mBan_2021_1_1280x720.jpg","twitter_site":"@TG4TV","twitter_misc":{"Est. reading time":"9 minutes"},"schema":{"@context":"https:\/\/schema.org","@graph":[{"@type":"WebPage","@id":"https:\/\/dev.tg4.ie\/ga\/eolas\/preas\/nuacht-raitis\/2021-2\/lgfa-peil-na-mban-beo-ar-tg4\/","url":"https:\/\/dev.tg4.ie\/ga\/eolas\/preas\/nuacht-raitis\/2021-2\/lgfa-peil-na-mban-beo-ar-tg4\/","name":"LGFA Peil na mBan Beo ar TG4 | Preas R\u00e1iteas | TG4","isPartOf":{"@id":"https:\/\/dev.tg4.ie\/en\/#website"},"primaryImageOfPage":{"@id":"https:\/\/dev.tg4.ie\/ga\/eolas\/preas\/nuacht-raitis\/2021-2\/lgfa-peil-na-mban-beo-ar-tg4\/#primaryimage"},"image":{"@id":"https:\/\/dev.tg4.ie\/ga\/eolas\/preas\/nuacht-raitis\/2021-2\/lgfa-peil-na-mban-beo-ar-tg4\/#primaryimage"},"thumbnailUrl":"https:\/\/dev.tg4.ie\/wp-content\/uploads\/2021\/07\/Peil_na_mBan_2021_1_1280x720.jpg","datePublished":"2021-07-07T10:16:35+00:00","dateModified":"2021-07-07T15:43:49+00:00","breadcrumb":{"@id":"https:\/\/dev.tg4.ie\/ga\/eolas\/preas\/nuacht-raitis\/2021-2\/lgfa-peil-na-mban-beo-ar-tg4\/#breadcrumb"},"inLanguage":"ga","potentialAction":[{"@type":"ReadAction","target":["https:\/\/dev.tg4.ie\/ga\/eolas\/preas\/nuacht-raitis\/2021-2\/lgfa-peil-na-mban-beo-ar-tg4\/"]}]},{"@type":"ImageObject","inLanguage":"ga","@id":"https:\/\/dev.tg4.ie\/ga\/eolas\/preas\/nuacht-raitis\/2021-2\/lgfa-peil-na-mban-beo-ar-tg4\/#primaryimage","url":"https:\/\/dev.tg4.ie\/wp-content\/uploads\/2021\/07\/Peil_na_mBan_2021_1_1280x720.jpg","contentUrl":"https:\/\/dev.tg4.ie\/wp-content\/uploads\/2021\/07\/Peil_na_mBan_2021_1_1280x720.jpg"},{"@type":"BreadcrumbList","@id":"https:\/\/dev.tg4.ie\/ga\/eolas\/preas\/nuacht-raitis\/2021-2\/lgfa-peil-na-mban-beo-ar-tg4\/#breadcrumb","itemListElement":[{"@type":"ListItem","position":1,"name":"Home","item":"https:\/\/dev.tg4.ie\/ga\/"},{"@type":"ListItem","position":2,"name":"Eolas","item":"https:\/\/dev.tg4.ie\/ga\/eolas\/"},{"@type":"ListItem","position":3,"name":"Preas","item":"https:\/\/dev.tg4.ie\/ga\/eolas\/preas\/"},{"@type":"ListItem","position":4,"name":"Nuacht R\u00e1itis","item":"https:\/\/dev.tg4.ie\/ga\/eolas\/preas\/nuacht-raitis\/"},{"@type":"ListItem","position":5,"name":"2021","item":"https:\/\/dev.tg4.ie\/ga\/eolas\/preas\/nuacht-raitis\/2021-2\/"},{"@type":"ListItem","position":6,"name":"LGFA Peil na mBan Beo ar TG4"}]},{"@type":"WebSite","@id":"https:\/\/dev.tg4.ie\/en\/#website","url":"https:\/\/dev.tg4.ie\/en\/","name":"TG4","description":"S\u00fail Eile","potentialAction":[{"@type":"SearchAction","target":{"@type":"EntryPoint","urlTemplate":"https:\/\/dev.tg4.ie\/en\/?s={search_term_string}"},"query-input":"required name=search_term_string"}],"inLanguage":"ga"}]}},"_links":{"self":[{"href":"https:\/\/dev.tg4.ie\/ga\/wp-json\/wp\/v2\/pages\/124964"}],"collection":[{"href":"https:\/\/dev.tg4.ie\/ga\/wp-json\/wp\/v2\/pages"}],"about":[{"href":"https:\/\/dev.tg4.ie\/ga\/wp-json\/wp\/v2\/types\/page"}],"author":[{"embeddable":true,"href":"https:\/\/dev.tg4.ie\/ga\/wp-json\/wp\/v2\/users\/876"}],"replies":[{"embeddable":true,"href":"https:\/\/dev.tg4.ie\/ga\/wp-json\/wp\/v2\/comments?post=124964"}],"version-history":[{"count":0,"href":"https:\/\/dev.tg4.ie\/ga\/wp-json\/wp\/v2\/pages\/124964\/revisions"}],"up":[{"embeddable":true,"href":"https:\/\/dev.tg4.ie\/ga\/wp-json\/wp\/v2\/pages\/115579"}],"wp:attachment":[{"href":"https:\/\/dev.tg4.ie\/ga\/wp-json\/wp\/v2\/media?parent=124964"}],"curies":[{"name":"wp","href":"https:\/\/api.w.org\/{rel}","templated":true}]}}