{"id":126821,"date":"2021-07-12T16:07:06","date_gmt":"2021-07-12T15:07:06","guid":{"rendered":"https:\/\/dev.tg4.ie\/?page_id=126821"},"modified":"2021-07-12T16:07:06","modified_gmt":"2021-07-12T15:07:06","slug":"3-scannan-de-chuid-tg4-le-taispeaint-ag-fleadh-scannan-na-gaillimhe-2021","status":"publish","type":"page","link":"https:\/\/dev.tg4.ie\/ga\/eolas\/preas\/nuacht-raitis\/2021-2\/3-scannan-de-chuid-tg4-le-taispeaint-ag-fleadh-scannan-na-gaillimhe-2021\/","title":{"rendered":"3 scann\u00e1n de chuid TG4 le taispe\u00e1int ag Fleadh Scann\u00e1n na Gaillimhe 2021, an scann\u00e1n is d\u00e9ana\u00ed Cine4 ina measc"},"content":{"rendered":"<p><a href=\"https:\/\/tg4-docs.s3.amazonaws.com\/tg4-redesign-2015\/wp-content\/uploads\/2021\/07\/Foscadh_1_1920x1080.jpg\"><img loading=\"lazy\" decoding=\"async\" width=\"1920\" height=\"1080\" src=\"https:\/\/tg4-docs.s3.amazonaws.com\/tg4-redesign-2015\/wp-content\/uploads\/2021\/07\/Foscadh_1_1920x1080.jpg\" alt=\"\" class=\"aligncenter size-full wp-image-126822\" srcset=\"https:\/\/tg4-docs.s3.amazonaws.com\/tg4-redesign-2015\/wp-content\/uploads\/2021\/07\/Foscadh_1_1920x1080.jpg 1920w, https:\/\/tg4-docs.s3.amazonaws.com\/tg4-redesign-2015\/wp-content\/uploads\/2021\/07\/Foscadh_1_1920x1080-250x141.jpg 250w, https:\/\/tg4-docs.s3.amazonaws.com\/tg4-redesign-2015\/wp-content\/uploads\/2021\/07\/Foscadh_1_1920x1080-700x394.jpg 700w, https:\/\/tg4-docs.s3.amazonaws.com\/tg4-redesign-2015\/wp-content\/uploads\/2021\/07\/Foscadh_1_1920x1080-252x141.jpg 252w, https:\/\/tg4-docs.s3.amazonaws.com\/tg4-redesign-2015\/wp-content\/uploads\/2021\/07\/Foscadh_1_1920x1080-1536x864.jpg 1536w, https:\/\/tg4-docs.s3.amazonaws.com\/tg4-redesign-2015\/wp-content\/uploads\/2021\/07\/Foscadh_1_1920x1080-120x68.jpg 120w\" sizes=\"(max-width: 1920px) 100vw, 1920px\" \/><\/a><br \/>\n&nbsp;<br \/>\nT\u00e1 3 scann\u00e1n arna gcoimisi\u00fan\u00fa ag TG4 le taispe\u00e1int den ch\u00e9ad uair ag Fleadh Scann\u00e1n na Gaillimhe na bliana seo, an fadscann\u00e1n is d\u00e9ana\u00ed \u00f3 Cine4 san \u00e1ireamh.<br \/>\n&nbsp;<br \/>\nD\u00e9anfar <strong>Foscadh<\/strong>, an fadscann\u00e1n Gaeilge is d\u00e9ana\u00ed \u00f3 <strong>Cine4<\/strong>, a thaispe\u00e1int lasmuigh D\u00e9 hAoine, an 23 I\u00fail.  Magamedia a l\u00e9irigh an scann\u00e1n agus t\u00e1 s\u00e9 bunaithe ar an leabhar \u2018The Thing About December\u2019 le Donal Ryan. Is \u00e9 seo an tr\u00ed\u00fa scann\u00e1n a chuir Cine4 i l\u00e1thair, i ndiaidh Finky (2019) agus Arracht (2020).<br \/>\n&nbsp;<br \/>\nTaispe\u00e1nfar an dr\u00e1ma faisn\u00e9ise l\u00e1nfhada <strong>The Queen v Patrick O\u2019Donnell<\/strong>, ar l\u00edne ar an 22 I\u00fail.  F\u00edorsc\u00e9al at\u00e1 ann, arna l\u00e9iri\u00fa ag Rosg, a dh\u00edr\u00edonn ar Chonallach a mharaigh ball den scuad feallmharaithe The Invincibles amach \u00f3 ch\u00f3sta na hAfraice Theas sa bhliain 1883. Taispe\u00e1nfar <strong>Doineann<\/strong>, scann\u00e1n arna mhaoini\u00fa ag TG4 \/ Sc\u00e1ile\u00e1n Thuaisceart \u00c9ireann, den ch\u00e9ad uair ar l\u00edne ar an 25 I\u00fail.  D\u00e9anfar an scann\u00e1n beochana Gaeilge <strong>Sol<\/strong> a thaispe\u00e1int ag an bhFleadh Scann\u00e1n freisin, a bhaineann le buachaill \u00f3g agus \u00e9 ag dul i ngleic leis an dobr\u00f3n.   D\u00e9anfaidh TG4 urra\u00edocht ar ghradaim na nGearrscann\u00e1n don dara bliain, catag\u00f3ir a chuireann daoine cumasacha nua at\u00e1 ag teacht chun cinn i dtionscal na scann\u00e1n os comhair an phobail, agus a chuireann chun cinn iad.<br \/>\n&nbsp;<br \/>\nIs \u00e9ard a d\u00fairt <strong>Deirbhile N\u00ed Churraigh\u00edn, Eagarth\u00f3ir Coimisi\u00fanaithe TG4<\/strong>, agus \u00ed ag labhairt faoi Fleadh Scann\u00e1n na Gaillimhe na bliana seo, <em>\u201cT\u00e1 l\u00fach\u00e1ir ar TG4 tr\u00ed scann\u00e1n a thaispe\u00e1int den ch\u00e9ad uair ag Fleadh Scann\u00e1n na bliana seo, lena n-\u00e1ir\u00edtear an tr\u00ed\u00fa scann\u00e1n \u00f3 Cine4, ar comhph\u00e1irt\u00edocht \u00e9 idir TG4, F\u00eds \u00c9ireann agus an BAI, fadscann\u00e1in bhunaidh i nGaeilge a fhorbairt, agus dr\u00e1ma\u00edocht Ghaeilge a thabhairt chuig lucht f\u00e9achana na picti\u00farlainne in \u00c9irinn agus ar fud an domhain.   T\u00e1 br\u00f3d ar TG4 freisin a bheith ag d\u00e9anamh urra\u00edochta ar an gcatag\u00f3ir Gradaim na nGearrscann\u00e1n a thugann aitheantas do dhaoine cumasacha at\u00e1 ag teacht chun cinn i dtionscal na Scann\u00e1n.&#8221;<\/em><br \/>\n&nbsp;<br \/>\nIs f\u00e9idir \u00e1it a chur in \u00e1irithe do thaispe\u00e1int\u00ed tr\u00ed oifig \u00e1irithint\u00ed Fhleadh Scann\u00e1n na Gaillimhe:  <a href=\"https:\/\/galwayfilmfleadh.eventive.org\/films\" rel=\"noopener\" target=\"_blank\">https:\/\/galwayfilmfleadh.eventive.org\/films<\/a><br \/>\n&nbsp;<br \/>\n&nbsp;<\/p>\n<p>Taispe\u00e1nfar <strong>FOSCADH, fadscann\u00e1n de chuid CINE4<\/strong>, den ch\u00e9ad uair ag an 33\u00fa Fleadh Scann\u00e1n na Gaillimhe ar an 23 I\u00fail 2021.<\/p>\n<p>Suite i sl\u00e9ibhte f\u00edor\u00e1ille fi\u00e1ine Chonamara Thuaidh, is sc\u00e9al \u00e9 <strong>FOSCADH<\/strong> (a chialla\u00edonn d\u00eddean) a bhaineann le teacht in aois a raibh moill air, agus is cinnte go mbeidh an lucht f\u00e9achana uilig taobh thiar den laoch m\u00ed-\u00e1mharach mar a nglacann s\u00e9 a ch\u00e9ad ch\u00e9imeanna faiteacha thar thairseach na haosachta. <\/p>\n<p>Is \u00e9 Se\u00e1n Breathnach a scr\u00edobh agus a sti\u00fair <strong>FOSCADH<\/strong>, at\u00e1 bunaithe ar charachtair \u00f3n leabhar <em>The Thing About December<\/em> leis an \u00farsc\u00e9ala\u00ed Donal Ryan, a bhfuil go leor gradam buaite aige.  Sc\u00e9al John Cunliffe at\u00e1 ann, d\u00edthreabhach saonta a bhr\u00faitear in aois fir gan choinne nuair nach raibh ach 28 bliain sl\u00e1naithe aige.  Nuair a bh\u00e1sa\u00edonn a thuismitheoir\u00ed r\u00f3chosantach, f\u00e1gtar talamh sl\u00e9ibhe ag John bocht nach bhfuil cara aige, talamh at\u00e1 sa bhealach ar fhorbra\u00edocht bhrab\u00fasach feirme gaoithe, agus n\u00edl an dara rogha aige ach dul i ngleic le cora agus casta\u00ed na hiontaoibhe, an d\u00edoltais, agus an r\u00f3m\u00e1ns den ch\u00e9ad uair.  Rinneadh taifeadadh ar an fadscann\u00e1n 90 n\u00f3im\u00e9ad seo i gCorr na M\u00f3na i gContae na Gaillimhe agus t\u00e1 p\u00e1irt ag D\u00f3nall \u00d3 H\u00e9ala\u00ed <em>(Arracht)<\/em>, Fionnuala Flaherty <em>(Out of Innocence)<\/em> agus Cillian \u00d3 Gairbh\u00ed <em>(Blood)<\/em> ann, arna l\u00e9iri\u00fa ag Paddy Hayes <em>(Corp + Anam)<\/em>.  Beidh fuaimriain gal\u00e1nta an scann\u00e1in leis an gcumad\u00f3ir \u00cdoslannach Sin Fang \u00e1 sheoladh i gcomhthr\u00e1th leis an taispe\u00e1int ar an 23 I\u00fail ag an 33\u00fa Fleadh Scann\u00e1n na Gaillimhe. Is ar lip\u00e9ad ceoil INNI a eiseofar an t-albam. <\/p>\n<p>Is cuid den sc\u00e9im Cine4, arna mhaoini\u00fa ag F\u00eds \u00c9ireann, TG4 agus an BAI, \u00e9 <strong>FOSCADH<\/strong>, at\u00e1 l\u00e9irithe go br\u00f3d\u00fail ag Magamedia, comhlacht l\u00e9iri\u00fach\u00e1in at\u00e1 lonnaithe i nGaillimh.<br \/>\n&nbsp;<br \/>\n&nbsp;<\/p>\n<p>Taispe\u00e1nfar <strong>The Queen v Patrick O\u2019Donnell<\/strong> den ch\u00e9ad uair ar an 22 I\u00fail ag fleadh na bliana seo.<\/p>\n<p>Is dr\u00e1ma faisn\u00e9ise l\u00e1nfhada \u00e9 <strong>The Queen v Patrick O\u2019Donnell<\/strong> arna l\u00e9iri\u00fa ag ROSG, ina nochtfar den ch\u00e9ad uair ar an sc\u00e1ile\u00e1n an f\u00edorsc\u00e9al taobh thiar de cheann de na comhchealga d\u00fanmharaithe is sp\u00e9isi\u00fala i stair na h\u00c9ireann, sc\u00e9al an-chorraitheach a bhaineann le for\u00e9igean, dr\u00e1ma\u00edocht sa ch\u00fairt, r\u00f3m\u00e1ns agus sc\u00e9im\u00e9ireacht polait\u00edochta. Le fianaise \u00f3 chomhaid Oifig Gn\u00f3tha\u00ed Baile na Breataine a coinn\u00edodh faoi r\u00fan le 100 bliain, d\u00e9antar faisn\u00e9is ghr\u00e1nna nua a nochtadh maidir le cinni\u00faint an Chonallaigh chi\u00fainbhriathraigh a mharaigh an brathad\u00f3ir m\u00edchl\u00faiteach James Carey ar bord loinge amach \u00f3 ch\u00f3sta na hAfraice Theas sa bhliain 1883. Aisteoir\u00ed m\u00f3r le r\u00e1 at\u00e1 i bp\u00e1irt na bpr\u00edomhcharachtar sa dhr\u00e1ma faisn\u00e9ise l\u00e1nfhada; Eoghan Mac Giolla Bhr\u00edde, Stephen Jones, Br\u00edd\u00edn N\u00ed Mhaoldomhnaigh agus Sophie Campbell.  Is \u00e9 Tom\u00e1s Seoige sti\u00farth\u00f3ir an dr\u00e1ma faisn\u00e9ise, le Ciar\u00e1n \u00d3 Cofaigh, Eil\u00eds N\u00ed Cheallaigh &#038; Se\u00e1n \u00d3 Cuirre\u00e1in ina l\u00e9iritheoir\u00ed do ROSG, le maoini\u00fa \u00f3 TG4, F\u00eds \u00c9ireann agus an BAI.  Blais\u00edn: <a href=\"https:\/\/youtu.be\/6zlJwZvX-pc\" rel=\"noopener\" target=\"_blank\">https:\/\/youtu.be\/6zlJwZvX-pc<\/a><br \/>\n&nbsp;<br \/>\n&nbsp;<\/p>\n<p>Taispe\u00e1nfar <strong>Doineann<\/strong> ar an 25 I\u00fail.<\/p>\n<p>Is l\u00e9iritheoir teilif\u00edse \u00e9 Tom\u00e1s a bhfuil rath air. De bharr iriseoireacht ini\u00fachta a bheith mar shain\u00e1bhar aige, t\u00e1 go leor naimhde d\u00e9anta aige i ndomhan na coireachta i mBaile \u00c1tha Cliath thar na blianta. Agus iad ar th\u00f3ir s\u00edthe agus socrachta, im\u00edonn s\u00e9 in \u00e9ineacht lena bhean Siobhan agus lena mbuachaill beag Ois\u00edn go dt\u00ed an teach saoire at\u00e1 acu ar oile\u00e1n iarg\u00falta amach \u00f3 ch\u00f3sta thiar thuaidh na h\u00c9ireann. Coinn\u00edonn siad chucu f\u00e9in ann, agus seachna\u00edonn siad cuideachta na n-oile\u00e1nach.<\/p>\n<p>Go moch ar maidin l\u00e1, faigheann Tom\u00e1s glao pr\u00e1inneach \u00f3n obair, agus n\u00ed m\u00f3r d\u00f3 filleadh ar an m\u00f3rth\u00edr, ag f\u00e1g\u00e1il Siobhan agus Ois\u00edn ina dhiaidh ar an oile\u00e1n. Filleann s\u00e9 n\u00edos d\u00e9ana\u00ed an l\u00e1 sin, agus faigheann s\u00e9 amach go bhfuil an bheirt acu ar iarraidh, agus le teann \u00e9ad\u00f3chais, iarrann s\u00e9 c\u00fanamh ar Labhaoise, garda an oile\u00e1in at\u00e1 ar scor. In ainneoin na rabhadh go bhfuil doineann ar an mbealach, eagra\u00edonn Labhaoise bu\u00edon chuardaigh de mhuintir an oile\u00e1in. T\u00e1 aimsi\u00fa gr\u00e1nna ag fanacht orthu an mhaidin dar gcionn &#8211; ach is aimsi\u00fa \u00e9 nach raibh aon choinne acu leis. Lena linn sin, t\u00e1 an stoirm ag teannadh leis an oile\u00e1n. Is iad Peter Coonan (Tom\u00e1s), Br\u00edd Brennan (Labhaoise), Se\u00e1n T. \u00d3 Meallaigh (Macdara) agus Clare Monnelly (Siobh\u00e1n) at\u00e1 sna pr\u00edomhph\u00e1irteanna. Is \u00ed an chuideachta Doubleband Films a l\u00e9irigh an scann\u00e1n seo le maoini\u00fa \u00f3 TG4 agus an Ciste Craolt\u00f3ireachta Gaeilge Sc\u00e1ile\u00e1n Thuaisceart \u00c9ireann, BBC Gaeilge agus Yellowmoon.<br \/>\nBlais\u00edn: <a href=\"https:\/\/youtu.be\/15XYWfECZRY\" rel=\"noopener\" target=\"_blank\">https:\/\/youtu.be\/15XYWfECZRY<\/a><br \/>\n&nbsp;<br \/>\n&nbsp;<\/p>\n<p>Taispe\u00e1nfar <strong>Sol<\/strong> &#8211; sc\u00e9al spreag\u00fail faoi bhuachaill \u00f3g at\u00e1 ag dul i ngleic leis an dobr\u00f3n &#8211; ar an 25 I\u00fail.<\/p>\n<p>T\u00e1 s\u00e9 mar aidhm ag an scann\u00e1n beochana seo, a mhaireann 28 n\u00f3im\u00e9ad, s\u00f3 agus suaimhneas a thabhairt do theaghlaigh a bhfuil leana\u00ed \u00f3ga iontu agus an bhliain is gruama i gcuimhne na ndaoine ag druidim chun cr\u00edche. Is \u00e9 an comhlacht l\u00e9iri\u00fach\u00e1in teilif\u00edse Paper Owl Films, at\u00e1 lonnaithe i mB\u00e9al Feirste agus a chuireann \u00e1bhar do ph\u00e1ist\u00ed ar f\u00e1il, a chruthaigh agus a l\u00e9irigh Sol. Rinne na craolt\u00f3ir\u00ed Ceilteacha TG4, S4C agus BBC ALBA comhchoimisi\u00fan\u00fa ar Sol agus is \u00e9 Aardman a rinne \u00e9 a dh\u00e1ileadh.  Rinneadh maoini\u00fa ar Sol le Ciste an \u00c1bhair F\u00e9achana do Dhaoine \u00d3ga de chuid Institi\u00faid Scann\u00e1n na Breataine in \u00e9ineacht le Ciste Craolt\u00f3ireachta Gaeilge agus Ciste Sc\u00e1ile\u00e1in de chuid Sc\u00e1ile\u00e1n Thuaisceart \u00c9ireann.  T\u00e1 gl\u00f3r Fionnula Flanagan, aisteoir \u00c9ireannach a bhfuil duais Emmy bainte amach aici, le cloiste\u00e1il mar sheanmh\u00e1thair Sol agus is \u00ed Myra Zepf (\u00fadar agus buaiteoir dhuais Leabhar na Bliana do Leana\u00ed) a thugann gl\u00f3r do mh\u00e1thair Sol. Is \u00e9 Zana Akko\u00e7, at\u00e1 dh\u00e1 bhliain d\u00e9ag d&#8217;aois, at\u00e1 le cloiste\u00e1il i bp\u00e1irt Sol f\u00e9in. T\u00e1 amhr\u00e1n an scann\u00e1in taifeadta ag Moya Brennan, at\u00e1 ina ball den bhanna ceoil t\u00edre Cheiltigh, Clannad.<br \/>\n&nbsp;<br \/>\n&nbsp;<\/p>\n","protected":false},"excerpt":{"rendered":"<p>&nbsp; T\u00e1 3 scann\u00e1n arna gcoimisi\u00fan\u00fa ag TG4 le taispe\u00e1int den ch\u00e9ad uair ag Fleadh Scann\u00e1n na Gaillimhe na bliana seo, an fadscann\u00e1n is d\u00e9ana\u00ed \u00f3 Cine4 san \u00e1ireamh. &nbsp; D\u00e9anfar Foscadh, an fadscann\u00e1n Gaeilge is d\u00e9ana\u00ed \u00f3 Cine4, a thaispe\u00e1int lasmuigh D\u00e9 hAoine, an 23 I\u00fail. Magamedia a l\u00e9irigh an scann\u00e1n agus t\u00e1 s\u00e9 [&hellip;]<\/p>\n","protected":false},"author":876,"featured_media":0,"parent":115579,"menu_order":33,"comment_status":"closed","ping_status":"closed","template":"page-templates\/template-pr.php","meta":{"_acf_changed":false,"footnotes":""},"acf":[],"yoast_head":"<!-- This site is optimized with the Yoast SEO plugin v22.6 - https:\/\/yoast.com\/wordpress\/plugins\/seo\/ -->\n<title>3 scann\u00e1n de chuid TG4 le taispe\u00e1int ag Fleadh Scann\u00e1n na Gaillimhe 2021 | Preas R\u00e1iteas | TG4<\/title>\n<meta name=\"robots\" content=\"index, follow, max-snippet:-1, max-image-preview:large, max-video-preview:-1\" \/>\n<meta property=\"og:locale\" content=\"en_US\" \/>\n<meta property=\"og:type\" content=\"article\" \/>\n<meta property=\"og:title\" content=\"3 scann\u00e1n de chuid TG4 le taispe\u00e1int ag Fleadh Scann\u00e1n na Gaillimhe 2021 | Preas R\u00e1iteas | TG4\" \/>\n<meta property=\"og:description\" content=\"&nbsp; T\u00e1 3 scann\u00e1n arna gcoimisi\u00fan\u00fa ag TG4 le taispe\u00e1int den ch\u00e9ad uair ag Fleadh Scann\u00e1n na Gaillimhe na bliana seo, an fadscann\u00e1n is d\u00e9ana\u00ed \u00f3 Cine4 san \u00e1ireamh. &nbsp; D\u00e9anfar Foscadh, an fadscann\u00e1n Gaeilge is d\u00e9ana\u00ed \u00f3 Cine4, a thaispe\u00e1int lasmuigh D\u00e9 hAoine, an 23 I\u00fail. Magamedia a l\u00e9irigh an scann\u00e1n agus t\u00e1 s\u00e9 [&hellip;]\" \/>\n<meta property=\"og:url\" content=\"https:\/\/dev.tg4.ie\/ga\/eolas\/preas\/nuacht-raitis\/2021-2\/3-scannan-de-chuid-tg4-le-taispeaint-ag-fleadh-scannan-na-gaillimhe-2021\/\" \/>\n<meta property=\"og:site_name\" content=\"TG4\" \/>\n<meta property=\"article:publisher\" content=\"https:\/\/www.facebook.com\/TG4TV\" \/>\n<meta property=\"og:image\" content=\"https:\/\/tg4-docs.s3.amazonaws.com\/tg4-redesign-2015\/wp-content\/uploads\/2021\/07\/Foscadh_1_1920x1080.jpg\" \/>\n\t<meta property=\"og:image:width\" content=\"1920\" \/>\n\t<meta property=\"og:image:height\" content=\"1080\" \/>\n\t<meta property=\"og:image:type\" content=\"image\/jpeg\" \/>\n<meta name=\"twitter:card\" content=\"summary_large_image\" \/>\n<meta name=\"twitter:image\" content=\"https:\/\/tg4-docs.s3.amazonaws.com\/tg4-redesign-2015\/wp-content\/uploads\/2021\/07\/Foscadh_1_1920x1080.jpg\" \/>\n<meta name=\"twitter:site\" content=\"@TG4TV\" \/>\n<meta name=\"twitter:label1\" content=\"Est. reading time\" \/>\n\t<meta name=\"twitter:data1\" content=\"8 minutes\" \/>\n<script type=\"application\/ld+json\" class=\"yoast-schema-graph\">{\"@context\":\"https:\/\/schema.org\",\"@graph\":[{\"@type\":\"WebPage\",\"@id\":\"https:\/\/dev.tg4.ie\/ga\/eolas\/preas\/nuacht-raitis\/2021-2\/3-scannan-de-chuid-tg4-le-taispeaint-ag-fleadh-scannan-na-gaillimhe-2021\/\",\"url\":\"https:\/\/dev.tg4.ie\/ga\/eolas\/preas\/nuacht-raitis\/2021-2\/3-scannan-de-chuid-tg4-le-taispeaint-ag-fleadh-scannan-na-gaillimhe-2021\/\",\"name\":\"3 scann\u00e1n de chuid TG4 le taispe\u00e1int ag Fleadh Scann\u00e1n na Gaillimhe 2021 | Preas R\u00e1iteas | TG4\",\"isPartOf\":{\"@id\":\"https:\/\/dev.tg4.ie\/en\/#website\"},\"primaryImageOfPage\":{\"@id\":\"https:\/\/dev.tg4.ie\/ga\/eolas\/preas\/nuacht-raitis\/2021-2\/3-scannan-de-chuid-tg4-le-taispeaint-ag-fleadh-scannan-na-gaillimhe-2021\/#primaryimage\"},\"image\":{\"@id\":\"https:\/\/dev.tg4.ie\/ga\/eolas\/preas\/nuacht-raitis\/2021-2\/3-scannan-de-chuid-tg4-le-taispeaint-ag-fleadh-scannan-na-gaillimhe-2021\/#primaryimage\"},\"thumbnailUrl\":\"https:\/\/dev.tg4.ie\/wp-content\/uploads\/2021\/07\/Foscadh_1_1920x1080.jpg\",\"datePublished\":\"2021-07-12T15:07:06+00:00\",\"dateModified\":\"2021-07-12T15:07:06+00:00\",\"breadcrumb\":{\"@id\":\"https:\/\/dev.tg4.ie\/ga\/eolas\/preas\/nuacht-raitis\/2021-2\/3-scannan-de-chuid-tg4-le-taispeaint-ag-fleadh-scannan-na-gaillimhe-2021\/#breadcrumb\"},\"inLanguage\":\"ga\",\"potentialAction\":[{\"@type\":\"ReadAction\",\"target\":[\"https:\/\/dev.tg4.ie\/ga\/eolas\/preas\/nuacht-raitis\/2021-2\/3-scannan-de-chuid-tg4-le-taispeaint-ag-fleadh-scannan-na-gaillimhe-2021\/\"]}]},{\"@type\":\"ImageObject\",\"inLanguage\":\"ga\",\"@id\":\"https:\/\/dev.tg4.ie\/ga\/eolas\/preas\/nuacht-raitis\/2021-2\/3-scannan-de-chuid-tg4-le-taispeaint-ag-fleadh-scannan-na-gaillimhe-2021\/#primaryimage\",\"url\":\"https:\/\/dev.tg4.ie\/wp-content\/uploads\/2021\/07\/Foscadh_1_1920x1080.jpg\",\"contentUrl\":\"https:\/\/dev.tg4.ie\/wp-content\/uploads\/2021\/07\/Foscadh_1_1920x1080.jpg\"},{\"@type\":\"BreadcrumbList\",\"@id\":\"https:\/\/dev.tg4.ie\/ga\/eolas\/preas\/nuacht-raitis\/2021-2\/3-scannan-de-chuid-tg4-le-taispeaint-ag-fleadh-scannan-na-gaillimhe-2021\/#breadcrumb\",\"itemListElement\":[{\"@type\":\"ListItem\",\"position\":1,\"name\":\"Home\",\"item\":\"https:\/\/dev.tg4.ie\/ga\/\"},{\"@type\":\"ListItem\",\"position\":2,\"name\":\"Eolas\",\"item\":\"https:\/\/dev.tg4.ie\/ga\/eolas\/\"},{\"@type\":\"ListItem\",\"position\":3,\"name\":\"Preas\",\"item\":\"https:\/\/dev.tg4.ie\/ga\/eolas\/preas\/\"},{\"@type\":\"ListItem\",\"position\":4,\"name\":\"Nuacht R\u00e1itis\",\"item\":\"https:\/\/dev.tg4.ie\/ga\/eolas\/preas\/nuacht-raitis\/\"},{\"@type\":\"ListItem\",\"position\":5,\"name\":\"2021\",\"item\":\"https:\/\/dev.tg4.ie\/ga\/eolas\/preas\/nuacht-raitis\/2021-2\/\"},{\"@type\":\"ListItem\",\"position\":6,\"name\":\"3 scann\u00e1n de chuid TG4 le taispe\u00e1int ag Fleadh Scann\u00e1n na Gaillimhe 2021, an scann\u00e1n is d\u00e9ana\u00ed Cine4 ina measc\"}]},{\"@type\":\"WebSite\",\"@id\":\"https:\/\/dev.tg4.ie\/en\/#website\",\"url\":\"https:\/\/dev.tg4.ie\/en\/\",\"name\":\"TG4\",\"description\":\"S\u00fail Eile\",\"potentialAction\":[{\"@type\":\"SearchAction\",\"target\":{\"@type\":\"EntryPoint\",\"urlTemplate\":\"https:\/\/dev.tg4.ie\/en\/?s={search_term_string}\"},\"query-input\":\"required name=search_term_string\"}],\"inLanguage\":\"ga\"}]}<\/script>\n<!-- \/ Yoast SEO plugin. -->","yoast_head_json":{"title":"3 scann\u00e1n de chuid TG4 le taispe\u00e1int ag Fleadh Scann\u00e1n na Gaillimhe 2021 | Preas R\u00e1iteas | TG4","robots":{"index":"index","follow":"follow","max-snippet":"max-snippet:-1","max-image-preview":"max-image-preview:large","max-video-preview":"max-video-preview:-1"},"og_locale":"en_US","og_type":"article","og_title":"3 scann\u00e1n de chuid TG4 le taispe\u00e1int ag Fleadh Scann\u00e1n na Gaillimhe 2021 | Preas R\u00e1iteas | TG4","og_description":"&nbsp; T\u00e1 3 scann\u00e1n arna gcoimisi\u00fan\u00fa ag TG4 le taispe\u00e1int den ch\u00e9ad uair ag Fleadh Scann\u00e1n na Gaillimhe na bliana seo, an fadscann\u00e1n is d\u00e9ana\u00ed \u00f3 Cine4 san \u00e1ireamh. &nbsp; D\u00e9anfar Foscadh, an fadscann\u00e1n Gaeilge is d\u00e9ana\u00ed \u00f3 Cine4, a thaispe\u00e1int lasmuigh D\u00e9 hAoine, an 23 I\u00fail. Magamedia a l\u00e9irigh an scann\u00e1n agus t\u00e1 s\u00e9 [&hellip;]","og_url":"https:\/\/dev.tg4.ie\/ga\/eolas\/preas\/nuacht-raitis\/2021-2\/3-scannan-de-chuid-tg4-le-taispeaint-ag-fleadh-scannan-na-gaillimhe-2021\/","og_site_name":"TG4","article_publisher":"https:\/\/www.facebook.com\/TG4TV","og_image":[{"width":1920,"height":1080,"url":"https:\/\/tg4-docs.s3.amazonaws.com\/tg4-redesign-2015\/wp-content\/uploads\/2021\/07\/Foscadh_1_1920x1080.jpg","type":"image\/jpeg"}],"twitter_card":"summary_large_image","twitter_image":"https:\/\/tg4-docs.s3.amazonaws.com\/tg4-redesign-2015\/wp-content\/uploads\/2021\/07\/Foscadh_1_1920x1080.jpg","twitter_site":"@TG4TV","twitter_misc":{"Est. reading time":"8 minutes"},"schema":{"@context":"https:\/\/schema.org","@graph":[{"@type":"WebPage","@id":"https:\/\/dev.tg4.ie\/ga\/eolas\/preas\/nuacht-raitis\/2021-2\/3-scannan-de-chuid-tg4-le-taispeaint-ag-fleadh-scannan-na-gaillimhe-2021\/","url":"https:\/\/dev.tg4.ie\/ga\/eolas\/preas\/nuacht-raitis\/2021-2\/3-scannan-de-chuid-tg4-le-taispeaint-ag-fleadh-scannan-na-gaillimhe-2021\/","name":"3 scann\u00e1n de chuid TG4 le taispe\u00e1int ag Fleadh Scann\u00e1n na Gaillimhe 2021 | Preas R\u00e1iteas | TG4","isPartOf":{"@id":"https:\/\/dev.tg4.ie\/en\/#website"},"primaryImageOfPage":{"@id":"https:\/\/dev.tg4.ie\/ga\/eolas\/preas\/nuacht-raitis\/2021-2\/3-scannan-de-chuid-tg4-le-taispeaint-ag-fleadh-scannan-na-gaillimhe-2021\/#primaryimage"},"image":{"@id":"https:\/\/dev.tg4.ie\/ga\/eolas\/preas\/nuacht-raitis\/2021-2\/3-scannan-de-chuid-tg4-le-taispeaint-ag-fleadh-scannan-na-gaillimhe-2021\/#primaryimage"},"thumbnailUrl":"https:\/\/dev.tg4.ie\/wp-content\/uploads\/2021\/07\/Foscadh_1_1920x1080.jpg","datePublished":"2021-07-12T15:07:06+00:00","dateModified":"2021-07-12T15:07:06+00:00","breadcrumb":{"@id":"https:\/\/dev.tg4.ie\/ga\/eolas\/preas\/nuacht-raitis\/2021-2\/3-scannan-de-chuid-tg4-le-taispeaint-ag-fleadh-scannan-na-gaillimhe-2021\/#breadcrumb"},"inLanguage":"ga","potentialAction":[{"@type":"ReadAction","target":["https:\/\/dev.tg4.ie\/ga\/eolas\/preas\/nuacht-raitis\/2021-2\/3-scannan-de-chuid-tg4-le-taispeaint-ag-fleadh-scannan-na-gaillimhe-2021\/"]}]},{"@type":"ImageObject","inLanguage":"ga","@id":"https:\/\/dev.tg4.ie\/ga\/eolas\/preas\/nuacht-raitis\/2021-2\/3-scannan-de-chuid-tg4-le-taispeaint-ag-fleadh-scannan-na-gaillimhe-2021\/#primaryimage","url":"https:\/\/dev.tg4.ie\/wp-content\/uploads\/2021\/07\/Foscadh_1_1920x1080.jpg","contentUrl":"https:\/\/dev.tg4.ie\/wp-content\/uploads\/2021\/07\/Foscadh_1_1920x1080.jpg"},{"@type":"BreadcrumbList","@id":"https:\/\/dev.tg4.ie\/ga\/eolas\/preas\/nuacht-raitis\/2021-2\/3-scannan-de-chuid-tg4-le-taispeaint-ag-fleadh-scannan-na-gaillimhe-2021\/#breadcrumb","itemListElement":[{"@type":"ListItem","position":1,"name":"Home","item":"https:\/\/dev.tg4.ie\/ga\/"},{"@type":"ListItem","position":2,"name":"Eolas","item":"https:\/\/dev.tg4.ie\/ga\/eolas\/"},{"@type":"ListItem","position":3,"name":"Preas","item":"https:\/\/dev.tg4.ie\/ga\/eolas\/preas\/"},{"@type":"ListItem","position":4,"name":"Nuacht R\u00e1itis","item":"https:\/\/dev.tg4.ie\/ga\/eolas\/preas\/nuacht-raitis\/"},{"@type":"ListItem","position":5,"name":"2021","item":"https:\/\/dev.tg4.ie\/ga\/eolas\/preas\/nuacht-raitis\/2021-2\/"},{"@type":"ListItem","position":6,"name":"3 scann\u00e1n de chuid TG4 le taispe\u00e1int ag Fleadh Scann\u00e1n na Gaillimhe 2021, an scann\u00e1n is d\u00e9ana\u00ed Cine4 ina measc"}]},{"@type":"WebSite","@id":"https:\/\/dev.tg4.ie\/en\/#website","url":"https:\/\/dev.tg4.ie\/en\/","name":"TG4","description":"S\u00fail Eile","potentialAction":[{"@type":"SearchAction","target":{"@type":"EntryPoint","urlTemplate":"https:\/\/dev.tg4.ie\/en\/?s={search_term_string}"},"query-input":"required name=search_term_string"}],"inLanguage":"ga"}]}},"_links":{"self":[{"href":"https:\/\/dev.tg4.ie\/ga\/wp-json\/wp\/v2\/pages\/126821"}],"collection":[{"href":"https:\/\/dev.tg4.ie\/ga\/wp-json\/wp\/v2\/pages"}],"about":[{"href":"https:\/\/dev.tg4.ie\/ga\/wp-json\/wp\/v2\/types\/page"}],"author":[{"embeddable":true,"href":"https:\/\/dev.tg4.ie\/ga\/wp-json\/wp\/v2\/users\/876"}],"replies":[{"embeddable":true,"href":"https:\/\/dev.tg4.ie\/ga\/wp-json\/wp\/v2\/comments?post=126821"}],"version-history":[{"count":0,"href":"https:\/\/dev.tg4.ie\/ga\/wp-json\/wp\/v2\/pages\/126821\/revisions"}],"up":[{"embeddable":true,"href":"https:\/\/dev.tg4.ie\/ga\/wp-json\/wp\/v2\/pages\/115579"}],"wp:attachment":[{"href":"https:\/\/dev.tg4.ie\/ga\/wp-json\/wp\/v2\/media?parent=126821"}],"curies":[{"name":"wp","href":"https:\/\/api.w.org\/{rel}","templated":true}]}}