{"id":12800,"date":"2016-01-21T15:22:00","date_gmt":"2016-01-21T15:22:00","guid":{"rendered":"https:\/\/dev.tg4.ie\/corporate\/preas\/press-releases\/2016-2\/21-01-16-2\/"},"modified":"2019-06-24T16:12:18","modified_gmt":"2019-06-24T15:12:18","slug":"21-01-16-2","status":"publish","type":"page","link":"https:\/\/dev.tg4.ie\/ga\/eolas\/preas\/nuacht-raitis\/2016-2\/21-01-16-2\/","title":{"rendered":"21.01.16"},"content":{"rendered":"<p><strong>Craolfar an tsraith ar TG4 ag 5.55pm 8pm\u00a0 gach Domnhach 21 Feabhra <\/strong>(ath-chraolfar gach cl\u00e1r gach o\u00edche Luain 8pm).<\/p>\n<p>Is iad seo na laochra at\u00e1 \u00e1 gceili\u00faradh sa s\u00e9as\u00far nua:<\/p>\n<p><strong>JJ Delaney <\/strong>(iom\u00e1na\u00ed Chill Chainnigh), <strong>Ken McGrath<\/strong> (iom\u00e1na\u00ed Phort L\u00e1irge), <strong>Declan O\u2019Sullivan <\/strong>(peilead\u00f3ir Chiarra\u00ed), <strong>Richie Bennis <\/strong>(iom\u00e1na\u00ed Luimnigh), <strong>Steven McDonnell<\/strong> (peilead\u00f3ir Ard Mhacha), <strong>Eoin Kelly <\/strong>(iom\u00e1na\u00ed Thiobraid \u00c1rann) <strong>John Allen <\/strong>(peilead\u00f3ir Chorca\u00ed), <strong>Trevor Giles <\/strong>(peilead\u00f3ir na M\u00ed), <strong>Annette Clarke <\/strong>(peilead\u00f3ir mn\u00e1 na Gaillimhe) agus <strong>na dearth\u00e1racha Meehan\u00a0<\/strong>(peilead\u00f3ir\u00ed na Gaillimhe).<\/p>\n<p>Is \u00e9 an comhlacht aitheanta Gaeltacha, Nemeton, a l\u00e9ir\u00edonn an tsraith seo do TG4.<\/p>\n<p>D\u00fairt Uachtaran CLG Aogan \u00d3 Fearghail \u201cIs cuid l\u00e1rnach den chl\u00fadach teilif\u00edse ar na cluich\u00ed Gaelacha \u00e9 <em>Laochra Gael <\/em>\u00a0faoin tr\u00e1th seo.\u00a0\u00c9ir\u00edonn leis go paiteanta \u00a0\u00e9achta\u00ed na laochra a thabhairt chun cuimhne athuair d\u00fainne a chonaic iad lena linn agus ar bhealach speisialta do ghl\u00fain \u00f3g nach bhfaca. N\u00edl\u00a0a leith\u00e9id eile de shraith teilif\u00edse ann agus t\u00e1 l\u00e9argas ar f\u00e1il \u00a0inti ar scil agus ar dh\u00fathrachta na n-imreoir\u00ed sin a raibh d\u2019\u00e1dh orthu geansa\u00ed an chontae a chaitheamh ach a mhaisigh a ch\u00e1il lena dtaispe\u00e1ntais.\u00a0 D\u00e1 fheabhas \u00e9, n\u00edl ann chuid den sol\u00e1thar leathan lean\u00fanach a dh\u00e9anann TG4 ar \u00e1r gcluich\u00ed n\u00e1isi\u00fanta ar gach leibh\u00e9al d\u2019imeachta\u00ed an Chumainn,\u00a0Gu\u00edmid gach rath ar an tsraith agus orthu sin ar fad at\u00e1 bainteach leis agus muid ag s\u00fail lel go leor eile mar \u00e9 sna blianta amach romhainn.\u201d<\/p>\n<p>Ag labhairt d\u00f3 faoin tsraith nua, mheabhraigh \u00a0Ardsti\u00farth\u00f3ir TG4 go bhfuil breis is 110 imreoir c\u00e1ili\u00fail ceili\u00fartha ar <em>Laochra Gael<\/em> go dt\u00ed seo, taisce luachmhar chartlainne. \u00a0\u201cTugann na cl\u00e1racha seo \u00f3m\u00f3s do mh\u00e1istr\u00ed na peile agus na hiom\u00e1na, idir fhir is mhn\u00e1.\u00a0\u00a0 Daingn\u00edonn s\u00e9 a n-\u00e9achta\u00ed sa gcuimhne againne a raibh s\u00e9 de phribhl\u00e9id againn iad a fheice\u00e1il ag imirt i mbarr a r\u00e9ime.\u00a0 Gan dabht is oscailt s\u00fal iad don ghl\u00fain \u00f3g nach raibh an t-\u00e1dh sin leo.\u00a0 Is sn\u00e1th t\u00e1bhachtach i mbr\u00e9id\u00edn ildaite sp\u00f3irt TG4 an tsraith seo,\u201d a d\u00fairt s\u00e9 \u201cagus is l\u00e9ir tar \u00e9is dosaen s\u00e9as\u00far go bhfuil meas agus \u00e9ileamh ar an gcur chuige at\u00e1 inti\u201d.<\/p>\n","protected":false},"excerpt":{"rendered":"<p>Craolfar an tsraith ar TG4 ag 5.55pm 8pm\u00a0 gach Domnhach 21 Feabhra (ath-chraolfar gach cl\u00e1r gach o\u00edche Luain 8pm). Is iad seo na laochra at\u00e1 \u00e1 gceili\u00faradh sa s\u00e9as\u00far nua: JJ Delaney (iom\u00e1na\u00ed Chill Chainnigh), Ken McGrath (iom\u00e1na\u00ed Phort L\u00e1irge), Declan O\u2019Sullivan (peilead\u00f3ir Chiarra\u00ed), Richie Bennis (iom\u00e1na\u00ed Luimnigh), Steven McDonnell (peilead\u00f3ir Ard Mhacha), Eoin Kelly [&hellip;]<\/p>\n","protected":false},"author":4,"featured_media":12786,"parent":6580,"menu_order":2,"comment_status":"closed","ping_status":"closed","template":"page-templates\/template-pr.php","meta":{"_acf_changed":false,"footnotes":""},"acf":[],"yoast_head":"<!-- This site is optimized with the Yoast SEO plugin v22.6 - https:\/\/yoast.com\/wordpress\/plugins\/seo\/ -->\n<title>21.01.16 - TG4<\/title>\n<meta name=\"robots\" content=\"index, follow, max-snippet:-1, max-image-preview:large, max-video-preview:-1\" \/>\n<meta property=\"og:locale\" content=\"en_US\" \/>\n<meta property=\"og:type\" content=\"article\" \/>\n<meta property=\"og:title\" content=\"21.01.16 - TG4\" \/>\n<meta property=\"og:description\" content=\"Craolfar an tsraith ar TG4 ag 5.55pm 8pm\u00a0 gach Domnhach 21 Feabhra (ath-chraolfar gach cl\u00e1r gach o\u00edche Luain 8pm). Is iad seo na laochra at\u00e1 \u00e1 gceili\u00faradh sa s\u00e9as\u00far nua: JJ Delaney (iom\u00e1na\u00ed Chill Chainnigh), Ken McGrath (iom\u00e1na\u00ed Phort L\u00e1irge), Declan O\u2019Sullivan (peilead\u00f3ir Chiarra\u00ed), Richie Bennis (iom\u00e1na\u00ed Luimnigh), Steven McDonnell (peilead\u00f3ir Ard Mhacha), Eoin Kelly [&hellip;]\" \/>\n<meta property=\"og:url\" content=\"https:\/\/dev.tg4.ie\/ga\/eolas\/preas\/nuacht-raitis\/2016-2\/21-01-16-2\/\" \/>\n<meta property=\"og:site_name\" content=\"TG4\" \/>\n<meta property=\"article:publisher\" content=\"https:\/\/www.facebook.com\/TG4TV\" \/>\n<meta property=\"article:modified_time\" content=\"2019-06-24T15:12:18+00:00\" \/>\n<meta property=\"og:image\" content=\"https:\/\/tg4-docs.s3.amazonaws.com\/tg4-redesign-2015\/wp-content\/uploads\/2016\/01\/Laochra_Gael.jpg\" \/>\n\t<meta property=\"og:image:width\" content=\"1920\" \/>\n\t<meta property=\"og:image:height\" content=\"1080\" \/>\n\t<meta property=\"og:image:type\" content=\"image\/jpeg\" \/>\n<meta name=\"twitter:card\" content=\"summary_large_image\" \/>\n<meta name=\"twitter:site\" content=\"@TG4TV\" \/>\n<meta name=\"twitter:label1\" content=\"Est. reading time\" \/>\n\t<meta name=\"twitter:data1\" content=\"2 minutes\" \/>\n<script type=\"application\/ld+json\" class=\"yoast-schema-graph\">{\"@context\":\"https:\/\/schema.org\",\"@graph\":[{\"@type\":\"WebPage\",\"@id\":\"https:\/\/dev.tg4.ie\/ga\/eolas\/preas\/nuacht-raitis\/2016-2\/21-01-16-2\/\",\"url\":\"https:\/\/dev.tg4.ie\/ga\/eolas\/preas\/nuacht-raitis\/2016-2\/21-01-16-2\/\",\"name\":\"21.01.16 - TG4\",\"isPartOf\":{\"@id\":\"https:\/\/dev.tg4.ie\/en\/#website\"},\"primaryImageOfPage\":{\"@id\":\"https:\/\/dev.tg4.ie\/ga\/eolas\/preas\/nuacht-raitis\/2016-2\/21-01-16-2\/#primaryimage\"},\"image\":{\"@id\":\"https:\/\/dev.tg4.ie\/ga\/eolas\/preas\/nuacht-raitis\/2016-2\/21-01-16-2\/#primaryimage\"},\"thumbnailUrl\":\"https:\/\/tg4-docs.s3.amazonaws.com\/tg4-redesign-2015\/wp-content\/uploads\/2016\/01\/Laochra_Gael.jpg\",\"datePublished\":\"2016-01-21T15:22:00+00:00\",\"dateModified\":\"2019-06-24T15:12:18+00:00\",\"breadcrumb\":{\"@id\":\"https:\/\/dev.tg4.ie\/ga\/eolas\/preas\/nuacht-raitis\/2016-2\/21-01-16-2\/#breadcrumb\"},\"inLanguage\":\"ga\",\"potentialAction\":[{\"@type\":\"ReadAction\",\"target\":[\"https:\/\/dev.tg4.ie\/ga\/eolas\/preas\/nuacht-raitis\/2016-2\/21-01-16-2\/\"]}]},{\"@type\":\"ImageObject\",\"inLanguage\":\"ga\",\"@id\":\"https:\/\/dev.tg4.ie\/ga\/eolas\/preas\/nuacht-raitis\/2016-2\/21-01-16-2\/#primaryimage\",\"url\":\"https:\/\/tg4-docs.s3.amazonaws.com\/tg4-redesign-2015\/wp-content\/uploads\/2016\/01\/Laochra_Gael.jpg\",\"contentUrl\":\"https:\/\/tg4-docs.s3.amazonaws.com\/tg4-redesign-2015\/wp-content\/uploads\/2016\/01\/Laochra_Gael.jpg\",\"width\":1920,\"height\":1080,\"caption\":\"Laochra Gael 2016\"},{\"@type\":\"BreadcrumbList\",\"@id\":\"https:\/\/dev.tg4.ie\/ga\/eolas\/preas\/nuacht-raitis\/2016-2\/21-01-16-2\/#breadcrumb\",\"itemListElement\":[{\"@type\":\"ListItem\",\"position\":1,\"name\":\"Home\",\"item\":\"https:\/\/dev.tg4.ie\/ga\/\"},{\"@type\":\"ListItem\",\"position\":2,\"name\":\"Eolas\",\"item\":\"https:\/\/dev.tg4.ie\/ga\/eolas\/\"},{\"@type\":\"ListItem\",\"position\":3,\"name\":\"Preas\",\"item\":\"https:\/\/dev.tg4.ie\/ga\/eolas\/preas\/\"},{\"@type\":\"ListItem\",\"position\":4,\"name\":\"Nuacht R\u00e1itis\",\"item\":\"https:\/\/dev.tg4.ie\/ga\/eolas\/preas\/nuacht-raitis\/\"},{\"@type\":\"ListItem\",\"position\":5,\"name\":\"2016\",\"item\":\"https:\/\/dev.tg4.ie\/ga\/eolas\/preas\/nuacht-raitis\/2016-2\/\"},{\"@type\":\"ListItem\",\"position\":6,\"name\":\"21.01.16\"}]},{\"@type\":\"WebSite\",\"@id\":\"https:\/\/dev.tg4.ie\/en\/#website\",\"url\":\"https:\/\/dev.tg4.ie\/en\/\",\"name\":\"TG4\",\"description\":\"S\u00fail Eile\",\"potentialAction\":[{\"@type\":\"SearchAction\",\"target\":{\"@type\":\"EntryPoint\",\"urlTemplate\":\"https:\/\/dev.tg4.ie\/en\/?s={search_term_string}\"},\"query-input\":\"required name=search_term_string\"}],\"inLanguage\":\"ga\"}]}<\/script>\n<!-- \/ Yoast SEO plugin. -->","yoast_head_json":{"title":"21.01.16 - TG4","robots":{"index":"index","follow":"follow","max-snippet":"max-snippet:-1","max-image-preview":"max-image-preview:large","max-video-preview":"max-video-preview:-1"},"og_locale":"en_US","og_type":"article","og_title":"21.01.16 - TG4","og_description":"Craolfar an tsraith ar TG4 ag 5.55pm 8pm\u00a0 gach Domnhach 21 Feabhra (ath-chraolfar gach cl\u00e1r gach o\u00edche Luain 8pm). Is iad seo na laochra at\u00e1 \u00e1 gceili\u00faradh sa s\u00e9as\u00far nua: JJ Delaney (iom\u00e1na\u00ed Chill Chainnigh), Ken McGrath (iom\u00e1na\u00ed Phort L\u00e1irge), Declan O\u2019Sullivan (peilead\u00f3ir Chiarra\u00ed), Richie Bennis (iom\u00e1na\u00ed Luimnigh), Steven McDonnell (peilead\u00f3ir Ard Mhacha), Eoin Kelly [&hellip;]","og_url":"https:\/\/dev.tg4.ie\/ga\/eolas\/preas\/nuacht-raitis\/2016-2\/21-01-16-2\/","og_site_name":"TG4","article_publisher":"https:\/\/www.facebook.com\/TG4TV","article_modified_time":"2019-06-24T15:12:18+00:00","og_image":[{"width":1920,"height":1080,"url":"https:\/\/tg4-docs.s3.amazonaws.com\/tg4-redesign-2015\/wp-content\/uploads\/2016\/01\/Laochra_Gael.jpg","type":"image\/jpeg"}],"twitter_card":"summary_large_image","twitter_site":"@TG4TV","twitter_misc":{"Est. reading time":"2 minutes"},"schema":{"@context":"https:\/\/schema.org","@graph":[{"@type":"WebPage","@id":"https:\/\/dev.tg4.ie\/ga\/eolas\/preas\/nuacht-raitis\/2016-2\/21-01-16-2\/","url":"https:\/\/dev.tg4.ie\/ga\/eolas\/preas\/nuacht-raitis\/2016-2\/21-01-16-2\/","name":"21.01.16 - TG4","isPartOf":{"@id":"https:\/\/dev.tg4.ie\/en\/#website"},"primaryImageOfPage":{"@id":"https:\/\/dev.tg4.ie\/ga\/eolas\/preas\/nuacht-raitis\/2016-2\/21-01-16-2\/#primaryimage"},"image":{"@id":"https:\/\/dev.tg4.ie\/ga\/eolas\/preas\/nuacht-raitis\/2016-2\/21-01-16-2\/#primaryimage"},"thumbnailUrl":"https:\/\/tg4-docs.s3.amazonaws.com\/tg4-redesign-2015\/wp-content\/uploads\/2016\/01\/Laochra_Gael.jpg","datePublished":"2016-01-21T15:22:00+00:00","dateModified":"2019-06-24T15:12:18+00:00","breadcrumb":{"@id":"https:\/\/dev.tg4.ie\/ga\/eolas\/preas\/nuacht-raitis\/2016-2\/21-01-16-2\/#breadcrumb"},"inLanguage":"ga","potentialAction":[{"@type":"ReadAction","target":["https:\/\/dev.tg4.ie\/ga\/eolas\/preas\/nuacht-raitis\/2016-2\/21-01-16-2\/"]}]},{"@type":"ImageObject","inLanguage":"ga","@id":"https:\/\/dev.tg4.ie\/ga\/eolas\/preas\/nuacht-raitis\/2016-2\/21-01-16-2\/#primaryimage","url":"https:\/\/tg4-docs.s3.amazonaws.com\/tg4-redesign-2015\/wp-content\/uploads\/2016\/01\/Laochra_Gael.jpg","contentUrl":"https:\/\/tg4-docs.s3.amazonaws.com\/tg4-redesign-2015\/wp-content\/uploads\/2016\/01\/Laochra_Gael.jpg","width":1920,"height":1080,"caption":"Laochra Gael 2016"},{"@type":"BreadcrumbList","@id":"https:\/\/dev.tg4.ie\/ga\/eolas\/preas\/nuacht-raitis\/2016-2\/21-01-16-2\/#breadcrumb","itemListElement":[{"@type":"ListItem","position":1,"name":"Home","item":"https:\/\/dev.tg4.ie\/ga\/"},{"@type":"ListItem","position":2,"name":"Eolas","item":"https:\/\/dev.tg4.ie\/ga\/eolas\/"},{"@type":"ListItem","position":3,"name":"Preas","item":"https:\/\/dev.tg4.ie\/ga\/eolas\/preas\/"},{"@type":"ListItem","position":4,"name":"Nuacht R\u00e1itis","item":"https:\/\/dev.tg4.ie\/ga\/eolas\/preas\/nuacht-raitis\/"},{"@type":"ListItem","position":5,"name":"2016","item":"https:\/\/dev.tg4.ie\/ga\/eolas\/preas\/nuacht-raitis\/2016-2\/"},{"@type":"ListItem","position":6,"name":"21.01.16"}]},{"@type":"WebSite","@id":"https:\/\/dev.tg4.ie\/en\/#website","url":"https:\/\/dev.tg4.ie\/en\/","name":"TG4","description":"S\u00fail Eile","potentialAction":[{"@type":"SearchAction","target":{"@type":"EntryPoint","urlTemplate":"https:\/\/dev.tg4.ie\/en\/?s={search_term_string}"},"query-input":"required name=search_term_string"}],"inLanguage":"ga"}]}},"_links":{"self":[{"href":"https:\/\/dev.tg4.ie\/ga\/wp-json\/wp\/v2\/pages\/12800"}],"collection":[{"href":"https:\/\/dev.tg4.ie\/ga\/wp-json\/wp\/v2\/pages"}],"about":[{"href":"https:\/\/dev.tg4.ie\/ga\/wp-json\/wp\/v2\/types\/page"}],"author":[{"embeddable":true,"href":"https:\/\/dev.tg4.ie\/ga\/wp-json\/wp\/v2\/users\/4"}],"replies":[{"embeddable":true,"href":"https:\/\/dev.tg4.ie\/ga\/wp-json\/wp\/v2\/comments?post=12800"}],"version-history":[{"count":0,"href":"https:\/\/dev.tg4.ie\/ga\/wp-json\/wp\/v2\/pages\/12800\/revisions"}],"up":[{"embeddable":true,"href":"https:\/\/dev.tg4.ie\/ga\/wp-json\/wp\/v2\/pages\/6580"}],"wp:featuredmedia":[{"embeddable":true,"href":"https:\/\/dev.tg4.ie\/ga\/wp-json\/wp\/v2\/media\/12786"}],"wp:attachment":[{"href":"https:\/\/dev.tg4.ie\/ga\/wp-json\/wp\/v2\/media?parent=12800"}],"curies":[{"name":"wp","href":"https:\/\/api.w.org\/{rel}","templated":true}]}}