{"id":128758,"date":"2021-07-26T11:13:42","date_gmt":"2021-07-26T10:13:42","guid":{"rendered":"https:\/\/dev.tg4.ie\/?page_id=128758"},"modified":"2021-07-26T11:13:42","modified_gmt":"2021-07-26T10:13:42","slug":"fleadhfest-21-ar-tg4","status":"publish","type":"page","link":"https:\/\/dev.tg4.ie\/ga\/eolas\/preas\/nuacht-raitis\/2021-2\/fleadhfest-21-ar-tg4\/","title":{"rendered":"Fleadhfest &#8217;21 ar TG4"},"content":{"rendered":"<p><a href=\"https:\/\/tg4-docs.s3.amazonaws.com\/tg4-redesign-2015\/wp-content\/uploads\/2021\/07\/Fleadh21-1_Preas.jpg\"><img loading=\"lazy\" decoding=\"async\" width=\"1920\" height=\"1080\" src=\"https:\/\/tg4-docs.s3.amazonaws.com\/tg4-redesign-2015\/wp-content\/uploads\/2021\/07\/Fleadh21-1_Preas.jpg\" alt=\"\" class=\"aligncenter size-full wp-image-128760\" srcset=\"https:\/\/tg4-docs.s3.amazonaws.com\/tg4-redesign-2015\/wp-content\/uploads\/2021\/07\/Fleadh21-1_Preas.jpg 1920w, https:\/\/tg4-docs.s3.amazonaws.com\/tg4-redesign-2015\/wp-content\/uploads\/2021\/07\/Fleadh21-1_Preas-250x141.jpg 250w, https:\/\/tg4-docs.s3.amazonaws.com\/tg4-redesign-2015\/wp-content\/uploads\/2021\/07\/Fleadh21-1_Preas-700x394.jpg 700w, https:\/\/tg4-docs.s3.amazonaws.com\/tg4-redesign-2015\/wp-content\/uploads\/2021\/07\/Fleadh21-1_Preas-252x141.jpg 252w, https:\/\/tg4-docs.s3.amazonaws.com\/tg4-redesign-2015\/wp-content\/uploads\/2021\/07\/Fleadh21-1_Preas-1536x864.jpg 1536w, https:\/\/tg4-docs.s3.amazonaws.com\/tg4-redesign-2015\/wp-content\/uploads\/2021\/07\/Fleadh21-1_Preas-120x68.jpg 120w\" sizes=\"(max-width: 1920px) 100vw, 1920px\" \/><\/a><br \/>\n&nbsp;<\/p>\n<p>Go dl\u00fath sna s\u00e1la ar chl\u00e1racha TG4 ina ndearnadh ceili\u00faradh ar 70 bliain de Fhleadh Cheoil na h\u00c9ireann i ngach ceann de na ceithre ch\u00faige, beidh craolt\u00f3ir Bhaile na hAbhann ina l\u00e1rionad don Fhleadh Cheoil ar\u00eds nuair a chuirfear ceolchoirmeacha taifeadta ar si\u00fal ar dheireadh seachtaine an 6, 7 agus 8 L\u00fanasa, an tr\u00e1th c\u00e9anna a mbeadh an deireadh seachtaine m\u00f3r faoi l\u00e1n seoil ag an bhFleadh go hiond\u00fail!<\/p>\n<p>Beidh scoth an cheoil thraidisi\u00fanta ar f\u00e1il don lucht f\u00e9achana tr\u00ed o\u00edche as a ch\u00e9ile, i dteannta na l\u00e1ithreoir\u00ed D\u00e1ith\u00ed \u00d3 S\u00e9 agus Doireann N\u00ed Ghlac\u00e1in. <\/p>\n<p>Is in \u00e1iteanna \u00e9ags\u00fala i gContae Shligigh a rinneadh taifeadadh ar an bhf\u00e9asta ceoil seo, Teach Lissadell ina measc, agus beidh saibhreas bre\u00e1 ceoil le cloiste\u00e1il \u00f3 gach cearn den t\u00edr ann&#8230; agus n\u00edos faide i gc\u00e9in.  I measc na gceolt\u00f3ir\u00ed a bheidh ar an gcl\u00e1r beidh Iarla \u00d3 Lion\u00e1ird, Dervish, Moxie, Declan O\u2019Rourke, Sean \u00d3 S\u00e9, Laoise Kelly, Liam \u00d3 Maonla\u00ed, JigJam, Joanie Madden, M\u00e1irt\u00edn O&#8217;Connor, Cathal Hayden, Seamie O\u2019Dowd, West Ocean String Quartet agus go leor eile, amhail is d\u00e1 mbeadh Fleadh Cheoil de do chuid f\u00e9in ar si\u00fal&#8230;agus t\u00fa ar do chompord i do theach f\u00e9in!<br \/>\n&nbsp;<br \/>\n<a href=\"https:\/\/tg4-docs.s3.amazonaws.com\/tg4-redesign-2015\/wp-content\/uploads\/2021\/07\/Fleadh21-2_Preas.jpg\"><img loading=\"lazy\" decoding=\"async\" width=\"700\" height=\"394\" src=\"https:\/\/tg4-docs.s3.amazonaws.com\/tg4-redesign-2015\/wp-content\/uploads\/2021\/07\/Fleadh21-2_Preas-700x394.jpg\" alt=\"\" class=\"aligncenter size-large wp-image-128759\" srcset=\"https:\/\/tg4-docs.s3.amazonaws.com\/tg4-redesign-2015\/wp-content\/uploads\/2021\/07\/Fleadh21-2_Preas-700x394.jpg 700w, https:\/\/tg4-docs.s3.amazonaws.com\/tg4-redesign-2015\/wp-content\/uploads\/2021\/07\/Fleadh21-2_Preas-250x141.jpg 250w, https:\/\/tg4-docs.s3.amazonaws.com\/tg4-redesign-2015\/wp-content\/uploads\/2021\/07\/Fleadh21-2_Preas-252x141.jpg 252w, https:\/\/tg4-docs.s3.amazonaws.com\/tg4-redesign-2015\/wp-content\/uploads\/2021\/07\/Fleadh21-2_Preas-1536x864.jpg 1536w, https:\/\/tg4-docs.s3.amazonaws.com\/tg4-redesign-2015\/wp-content\/uploads\/2021\/07\/Fleadh21-2_Preas-120x68.jpg 120w, https:\/\/tg4-docs.s3.amazonaws.com\/tg4-redesign-2015\/wp-content\/uploads\/2021\/07\/Fleadh21-2_Preas.jpg 1920w\" sizes=\"(max-width: 700px) 100vw, 700px\" \/><\/a><br \/>\n&nbsp;<\/p>\n<p>Beidh <em>Fleadhfest \u201821<\/em> fr\u00e9amhaithe go m\u00f3r i dtraidisi\u00fan na Fleidhe, l\u00e1n amhr\u00e1n, damhsa, ceoil agus sc\u00e9alta, agus is cinnte go mbeidh s\u00e9 ina shiamsa\u00edochta n\u00e1r cheart a chailleadh&#8230; go h\u00e1irithe d\u00f3ibhsean a bheadh i l\u00e1thair ag an imeacht bliain ar bith eile!<\/p>\n<p>Taispe\u00e1nfar an tsraith, arna l\u00e9iri\u00fa ag Power Pictures, \u00f3n 9.30pm &#8211; 11pm ar TG4, ar an 6, 7 agus 8 L\u00fanasa.<br \/>\n&nbsp;<br \/>\n&nbsp;<\/p>\n","protected":false},"excerpt":{"rendered":"<p>&nbsp; Go dl\u00fath sna s\u00e1la ar chl\u00e1racha TG4 ina ndearnadh ceili\u00faradh ar 70 bliain de Fhleadh Cheoil na h\u00c9ireann i ngach ceann de na ceithre ch\u00faige, beidh craolt\u00f3ir Bhaile na hAbhann ina l\u00e1rionad don Fhleadh Cheoil ar\u00eds nuair a chuirfear ceolchoirmeacha taifeadta ar si\u00fal ar dheireadh seachtaine an 6, 7 agus 8 L\u00fanasa, an tr\u00e1th [&hellip;]<\/p>\n","protected":false},"author":876,"featured_media":0,"parent":115579,"menu_order":34,"comment_status":"closed","ping_status":"closed","template":"page-templates\/template-pr.php","meta":{"_acf_changed":false,"footnotes":""},"acf":[],"yoast_head":"<!-- This site is optimized with the Yoast SEO plugin v22.6 - https:\/\/yoast.com\/wordpress\/plugins\/seo\/ -->\n<title>Fleadhfest &#039;21 ar TG4 | Preas R\u00e1iteas | TG4<\/title>\n<meta name=\"robots\" content=\"index, follow, max-snippet:-1, max-image-preview:large, max-video-preview:-1\" \/>\n<meta property=\"og:locale\" content=\"en_US\" \/>\n<meta property=\"og:type\" content=\"article\" \/>\n<meta property=\"og:title\" content=\"Fleadhfest &#039;21 ar TG4 | Preas R\u00e1iteas | TG4\" \/>\n<meta property=\"og:description\" content=\"&nbsp; Go dl\u00fath sna s\u00e1la ar chl\u00e1racha TG4 ina ndearnadh ceili\u00faradh ar 70 bliain de Fhleadh Cheoil na h\u00c9ireann i ngach ceann de na ceithre ch\u00faige, beidh craolt\u00f3ir Bhaile na hAbhann ina l\u00e1rionad don Fhleadh Cheoil ar\u00eds nuair a chuirfear ceolchoirmeacha taifeadta ar si\u00fal ar dheireadh seachtaine an 6, 7 agus 8 L\u00fanasa, an tr\u00e1th [&hellip;]\" \/>\n<meta property=\"og:url\" content=\"https:\/\/dev.tg4.ie\/ga\/eolas\/preas\/nuacht-raitis\/2021-2\/fleadhfest-21-ar-tg4\/\" \/>\n<meta property=\"og:site_name\" content=\"TG4\" \/>\n<meta property=\"article:publisher\" content=\"https:\/\/www.facebook.com\/TG4TV\" \/>\n<meta property=\"og:image\" content=\"https:\/\/tg4-docs.s3.amazonaws.com\/tg4-redesign-2015\/wp-content\/uploads\/2021\/07\/Fleadh21-1_Preas.jpg\" \/>\n\t<meta property=\"og:image:width\" content=\"1920\" \/>\n\t<meta property=\"og:image:height\" content=\"1080\" \/>\n\t<meta property=\"og:image:type\" content=\"image\/jpeg\" \/>\n<meta name=\"twitter:card\" content=\"summary_large_image\" \/>\n<meta name=\"twitter:image\" content=\"https:\/\/tg4-docs.s3.amazonaws.com\/tg4-redesign-2015\/wp-content\/uploads\/2021\/07\/Fleadh21-1_Preas.jpg\" \/>\n<meta name=\"twitter:site\" content=\"@TG4TV\" \/>\n<meta name=\"twitter:label1\" content=\"Est. reading time\" \/>\n\t<meta name=\"twitter:data1\" content=\"2 minutes\" \/>\n<script type=\"application\/ld+json\" class=\"yoast-schema-graph\">{\"@context\":\"https:\/\/schema.org\",\"@graph\":[{\"@type\":\"WebPage\",\"@id\":\"https:\/\/dev.tg4.ie\/ga\/eolas\/preas\/nuacht-raitis\/2021-2\/fleadhfest-21-ar-tg4\/\",\"url\":\"https:\/\/dev.tg4.ie\/ga\/eolas\/preas\/nuacht-raitis\/2021-2\/fleadhfest-21-ar-tg4\/\",\"name\":\"Fleadhfest '21 ar TG4 | Preas R\u00e1iteas | TG4\",\"isPartOf\":{\"@id\":\"https:\/\/dev.tg4.ie\/en\/#website\"},\"primaryImageOfPage\":{\"@id\":\"https:\/\/dev.tg4.ie\/ga\/eolas\/preas\/nuacht-raitis\/2021-2\/fleadhfest-21-ar-tg4\/#primaryimage\"},\"image\":{\"@id\":\"https:\/\/dev.tg4.ie\/ga\/eolas\/preas\/nuacht-raitis\/2021-2\/fleadhfest-21-ar-tg4\/#primaryimage\"},\"thumbnailUrl\":\"https:\/\/dev.tg4.ie\/wp-content\/uploads\/2021\/07\/Fleadh21-1_Preas.jpg\",\"datePublished\":\"2021-07-26T10:13:42+00:00\",\"dateModified\":\"2021-07-26T10:13:42+00:00\",\"breadcrumb\":{\"@id\":\"https:\/\/dev.tg4.ie\/ga\/eolas\/preas\/nuacht-raitis\/2021-2\/fleadhfest-21-ar-tg4\/#breadcrumb\"},\"inLanguage\":\"ga\",\"potentialAction\":[{\"@type\":\"ReadAction\",\"target\":[\"https:\/\/dev.tg4.ie\/ga\/eolas\/preas\/nuacht-raitis\/2021-2\/fleadhfest-21-ar-tg4\/\"]}]},{\"@type\":\"ImageObject\",\"inLanguage\":\"ga\",\"@id\":\"https:\/\/dev.tg4.ie\/ga\/eolas\/preas\/nuacht-raitis\/2021-2\/fleadhfest-21-ar-tg4\/#primaryimage\",\"url\":\"https:\/\/dev.tg4.ie\/wp-content\/uploads\/2021\/07\/Fleadh21-1_Preas.jpg\",\"contentUrl\":\"https:\/\/dev.tg4.ie\/wp-content\/uploads\/2021\/07\/Fleadh21-1_Preas.jpg\"},{\"@type\":\"BreadcrumbList\",\"@id\":\"https:\/\/dev.tg4.ie\/ga\/eolas\/preas\/nuacht-raitis\/2021-2\/fleadhfest-21-ar-tg4\/#breadcrumb\",\"itemListElement\":[{\"@type\":\"ListItem\",\"position\":1,\"name\":\"Home\",\"item\":\"https:\/\/dev.tg4.ie\/ga\/\"},{\"@type\":\"ListItem\",\"position\":2,\"name\":\"Eolas\",\"item\":\"https:\/\/dev.tg4.ie\/ga\/eolas\/\"},{\"@type\":\"ListItem\",\"position\":3,\"name\":\"Preas\",\"item\":\"https:\/\/dev.tg4.ie\/ga\/eolas\/preas\/\"},{\"@type\":\"ListItem\",\"position\":4,\"name\":\"Nuacht R\u00e1itis\",\"item\":\"https:\/\/dev.tg4.ie\/ga\/eolas\/preas\/nuacht-raitis\/\"},{\"@type\":\"ListItem\",\"position\":5,\"name\":\"2021\",\"item\":\"https:\/\/dev.tg4.ie\/ga\/eolas\/preas\/nuacht-raitis\/2021-2\/\"},{\"@type\":\"ListItem\",\"position\":6,\"name\":\"Fleadhfest &#8217;21 ar TG4\"}]},{\"@type\":\"WebSite\",\"@id\":\"https:\/\/dev.tg4.ie\/en\/#website\",\"url\":\"https:\/\/dev.tg4.ie\/en\/\",\"name\":\"TG4\",\"description\":\"S\u00fail Eile\",\"potentialAction\":[{\"@type\":\"SearchAction\",\"target\":{\"@type\":\"EntryPoint\",\"urlTemplate\":\"https:\/\/dev.tg4.ie\/en\/?s={search_term_string}\"},\"query-input\":\"required name=search_term_string\"}],\"inLanguage\":\"ga\"}]}<\/script>\n<!-- \/ Yoast SEO plugin. -->","yoast_head_json":{"title":"Fleadhfest '21 ar TG4 | Preas R\u00e1iteas | TG4","robots":{"index":"index","follow":"follow","max-snippet":"max-snippet:-1","max-image-preview":"max-image-preview:large","max-video-preview":"max-video-preview:-1"},"og_locale":"en_US","og_type":"article","og_title":"Fleadhfest '21 ar TG4 | Preas R\u00e1iteas | TG4","og_description":"&nbsp; Go dl\u00fath sna s\u00e1la ar chl\u00e1racha TG4 ina ndearnadh ceili\u00faradh ar 70 bliain de Fhleadh Cheoil na h\u00c9ireann i ngach ceann de na ceithre ch\u00faige, beidh craolt\u00f3ir Bhaile na hAbhann ina l\u00e1rionad don Fhleadh Cheoil ar\u00eds nuair a chuirfear ceolchoirmeacha taifeadta ar si\u00fal ar dheireadh seachtaine an 6, 7 agus 8 L\u00fanasa, an tr\u00e1th [&hellip;]","og_url":"https:\/\/dev.tg4.ie\/ga\/eolas\/preas\/nuacht-raitis\/2021-2\/fleadhfest-21-ar-tg4\/","og_site_name":"TG4","article_publisher":"https:\/\/www.facebook.com\/TG4TV","og_image":[{"width":1920,"height":1080,"url":"https:\/\/tg4-docs.s3.amazonaws.com\/tg4-redesign-2015\/wp-content\/uploads\/2021\/07\/Fleadh21-1_Preas.jpg","type":"image\/jpeg"}],"twitter_card":"summary_large_image","twitter_image":"https:\/\/tg4-docs.s3.amazonaws.com\/tg4-redesign-2015\/wp-content\/uploads\/2021\/07\/Fleadh21-1_Preas.jpg","twitter_site":"@TG4TV","twitter_misc":{"Est. reading time":"2 minutes"},"schema":{"@context":"https:\/\/schema.org","@graph":[{"@type":"WebPage","@id":"https:\/\/dev.tg4.ie\/ga\/eolas\/preas\/nuacht-raitis\/2021-2\/fleadhfest-21-ar-tg4\/","url":"https:\/\/dev.tg4.ie\/ga\/eolas\/preas\/nuacht-raitis\/2021-2\/fleadhfest-21-ar-tg4\/","name":"Fleadhfest '21 ar TG4 | Preas R\u00e1iteas | TG4","isPartOf":{"@id":"https:\/\/dev.tg4.ie\/en\/#website"},"primaryImageOfPage":{"@id":"https:\/\/dev.tg4.ie\/ga\/eolas\/preas\/nuacht-raitis\/2021-2\/fleadhfest-21-ar-tg4\/#primaryimage"},"image":{"@id":"https:\/\/dev.tg4.ie\/ga\/eolas\/preas\/nuacht-raitis\/2021-2\/fleadhfest-21-ar-tg4\/#primaryimage"},"thumbnailUrl":"https:\/\/dev.tg4.ie\/wp-content\/uploads\/2021\/07\/Fleadh21-1_Preas.jpg","datePublished":"2021-07-26T10:13:42+00:00","dateModified":"2021-07-26T10:13:42+00:00","breadcrumb":{"@id":"https:\/\/dev.tg4.ie\/ga\/eolas\/preas\/nuacht-raitis\/2021-2\/fleadhfest-21-ar-tg4\/#breadcrumb"},"inLanguage":"ga","potentialAction":[{"@type":"ReadAction","target":["https:\/\/dev.tg4.ie\/ga\/eolas\/preas\/nuacht-raitis\/2021-2\/fleadhfest-21-ar-tg4\/"]}]},{"@type":"ImageObject","inLanguage":"ga","@id":"https:\/\/dev.tg4.ie\/ga\/eolas\/preas\/nuacht-raitis\/2021-2\/fleadhfest-21-ar-tg4\/#primaryimage","url":"https:\/\/dev.tg4.ie\/wp-content\/uploads\/2021\/07\/Fleadh21-1_Preas.jpg","contentUrl":"https:\/\/dev.tg4.ie\/wp-content\/uploads\/2021\/07\/Fleadh21-1_Preas.jpg"},{"@type":"BreadcrumbList","@id":"https:\/\/dev.tg4.ie\/ga\/eolas\/preas\/nuacht-raitis\/2021-2\/fleadhfest-21-ar-tg4\/#breadcrumb","itemListElement":[{"@type":"ListItem","position":1,"name":"Home","item":"https:\/\/dev.tg4.ie\/ga\/"},{"@type":"ListItem","position":2,"name":"Eolas","item":"https:\/\/dev.tg4.ie\/ga\/eolas\/"},{"@type":"ListItem","position":3,"name":"Preas","item":"https:\/\/dev.tg4.ie\/ga\/eolas\/preas\/"},{"@type":"ListItem","position":4,"name":"Nuacht R\u00e1itis","item":"https:\/\/dev.tg4.ie\/ga\/eolas\/preas\/nuacht-raitis\/"},{"@type":"ListItem","position":5,"name":"2021","item":"https:\/\/dev.tg4.ie\/ga\/eolas\/preas\/nuacht-raitis\/2021-2\/"},{"@type":"ListItem","position":6,"name":"Fleadhfest &#8217;21 ar TG4"}]},{"@type":"WebSite","@id":"https:\/\/dev.tg4.ie\/en\/#website","url":"https:\/\/dev.tg4.ie\/en\/","name":"TG4","description":"S\u00fail Eile","potentialAction":[{"@type":"SearchAction","target":{"@type":"EntryPoint","urlTemplate":"https:\/\/dev.tg4.ie\/en\/?s={search_term_string}"},"query-input":"required name=search_term_string"}],"inLanguage":"ga"}]}},"_links":{"self":[{"href":"https:\/\/dev.tg4.ie\/ga\/wp-json\/wp\/v2\/pages\/128758"}],"collection":[{"href":"https:\/\/dev.tg4.ie\/ga\/wp-json\/wp\/v2\/pages"}],"about":[{"href":"https:\/\/dev.tg4.ie\/ga\/wp-json\/wp\/v2\/types\/page"}],"author":[{"embeddable":true,"href":"https:\/\/dev.tg4.ie\/ga\/wp-json\/wp\/v2\/users\/876"}],"replies":[{"embeddable":true,"href":"https:\/\/dev.tg4.ie\/ga\/wp-json\/wp\/v2\/comments?post=128758"}],"version-history":[{"count":0,"href":"https:\/\/dev.tg4.ie\/ga\/wp-json\/wp\/v2\/pages\/128758\/revisions"}],"up":[{"embeddable":true,"href":"https:\/\/dev.tg4.ie\/ga\/wp-json\/wp\/v2\/pages\/115579"}],"wp:attachment":[{"href":"https:\/\/dev.tg4.ie\/ga\/wp-json\/wp\/v2\/media?parent=128758"}],"curies":[{"name":"wp","href":"https:\/\/api.w.org\/{rel}","templated":true}]}}