{"id":129588,"date":"2021-08-11T14:11:25","date_gmt":"2021-08-11T13:11:25","guid":{"rendered":"https:\/\/dev.tg4.ie\/?page_id=129588"},"modified":"2021-08-18T12:37:25","modified_gmt":"2021-08-18T11:37:25","slug":"5sraith","status":"publish","type":"page","link":"https:\/\/dev.tg4.ie\/ga\/eolas\/preas\/nuacht-raitis\/2021-2\/5sraith\/","title":{"rendered":"C\u00faig shraith dr\u00e1ma\u00edochta roghnaithe le forbairt a bheidh d\u00edrithe ar lucht f\u00e9achana faoi bhun 35 bhliana le taca\u00edocht \u00f3 Screen Ireland \/ F\u00eds \u00c9ireann agus TG4"},"content":{"rendered":"<p><img loading=\"lazy\" decoding=\"async\" width=\"252\" height=\"92\" src=\"https:\/\/tg4-docs.s3.amazonaws.com\/tg4-redesign-2015\/wp-content\/uploads\/2021\/08\/TG4-logo-gradient-RGB-copy-252x92.jpg\" alt=\"Logo TG4\" class=\"alignright size-thumbnail wp-image-129590\" srcset=\"https:\/\/tg4-docs.s3.amazonaws.com\/tg4-redesign-2015\/wp-content\/uploads\/2021\/08\/TG4-logo-gradient-RGB-copy-252x92.jpg 252w, https:\/\/tg4-docs.s3.amazonaws.com\/tg4-redesign-2015\/wp-content\/uploads\/2021\/08\/TG4-logo-gradient-RGB-copy-250x91.jpg 250w, https:\/\/tg4-docs.s3.amazonaws.com\/tg4-redesign-2015\/wp-content\/uploads\/2021\/08\/TG4-logo-gradient-RGB-copy-700x256.jpg 700w, https:\/\/tg4-docs.s3.amazonaws.com\/tg4-redesign-2015\/wp-content\/uploads\/2021\/08\/TG4-logo-gradient-RGB-copy-120x44.jpg 120w, https:\/\/tg4-docs.s3.amazonaws.com\/tg4-redesign-2015\/wp-content\/uploads\/2021\/08\/TG4-logo-gradient-RGB-copy.jpg 757w\" sizes=\"(max-width: 252px) 100vw, 252px\" \/><img loading=\"lazy\" decoding=\"async\" width=\"252\" height=\"88\" src=\"https:\/\/tg4-docs.s3.amazonaws.com\/tg4-redesign-2015\/wp-content\/uploads\/2021\/08\/ScreenIreland_RGB_Black-252x88.png\" alt=\"F\u00eds \u00c9ireann\" class=\"alignright size-thumbnail wp-image-129589\" srcset=\"https:\/\/tg4-docs.s3.amazonaws.com\/tg4-redesign-2015\/wp-content\/uploads\/2021\/08\/ScreenIreland_RGB_Black-252x88.png 252w, https:\/\/tg4-docs.s3.amazonaws.com\/tg4-redesign-2015\/wp-content\/uploads\/2021\/08\/ScreenIreland_RGB_Black-250x88.png 250w, https:\/\/tg4-docs.s3.amazonaws.com\/tg4-redesign-2015\/wp-content\/uploads\/2021\/08\/ScreenIreland_RGB_Black-700x246.png 700w, https:\/\/tg4-docs.s3.amazonaws.com\/tg4-redesign-2015\/wp-content\/uploads\/2021\/08\/ScreenIreland_RGB_Black-1536x539.png 1536w, https:\/\/tg4-docs.s3.amazonaws.com\/tg4-redesign-2015\/wp-content\/uploads\/2021\/08\/ScreenIreland_RGB_Black-2048x718.png 2048w, https:\/\/tg4-docs.s3.amazonaws.com\/tg4-redesign-2015\/wp-content\/uploads\/2021\/08\/ScreenIreland_RGB_Black-120x42.png 120w\" sizes=\"(max-width: 252px) 100vw, 252px\" \/><br \/>\n&nbsp;<\/p>\n<p>T\u00e1 c\u00faig sraith dr\u00e1ma\u00edochta roghnaithe ag TG4, i gcomhar le F\u00eds \u00c9ireann\/Screen Ireland le forbairt do lucht f\u00e9achana n\u00edos \u00f3ige, faoi 35 bhliana.  Beidh an c\u00faig bhunsraith nua, charachtar-bhunaithe, comhaimseartha agus siams\u00fail agus t\u00e1thar ag s\u00fail go meallfaidh siad gl\u00fain eile ilchine\u00e1lach de lucht sp\u00e9ise dr\u00e1ma\u00edochta TG4.  T\u00e1 na sraitheanna a roghna\u00edodh i nGaeilge agus is sc\u00e9alta \u00e9ags\u00fala, comhaimseartha, \u00e1iti\u00fala iad a bhfuil tarraingt n\u00e1isi\u00fanta agus idirn\u00e1isi\u00fanta iontu.Bh\u00ed maoini\u00fa ar f\u00e1il do dhr\u00e1ma\u00edocht teilif\u00edse mar chuid den bPac\u00e1iste Taca\u00edochta \u20ac3 mhilli\u00fan le Poist a Spreagadh a d&#8217;fh\u00f3gair rialtas na h\u00c9ireann i M\u00ed I\u00fail 2020. Is mar thoradh ar an bpac\u00e1iste taca\u00edochta go raibh deis do TG4 agus F\u00eds \u00c9ireann aighneachta\u00ed a lorg \u00f3n earn\u00e1il neamhsple\u00e1ch l\u00e9iri\u00fach\u00e1in chun dr\u00e1ma\u00edocht a fhorbairt.  Cuirfear maoini\u00fa forbartha ar fi\u00fa suas le \u20ac50,000 an ceann ar f\u00e1il chun na sraitheanna a thabhairt chuig leibh\u00e9al l\u00e9iri\u00fach\u00e1in.  Beidh meant\u00f3ir ar f\u00e1il do na comhlachta\u00ed at\u00e1 roghnaithe arna mholadh ag F\u00eds \u00c9ireann chun tac\u00fa leis an bhforbairt dr\u00e1ma\u00edochta.  T\u00e1 TG4 agus F\u00eds \u00c9ireann ag s\u00fail go mbeidh ceann de na c\u00faig togra\u00ed at\u00e1 roghnaithe le forbairt ag dul i mbun l\u00e9iri\u00fach\u00e1in roimh dheireadh 2021. <\/p>\n<p>Is iad na c\u00faig dr\u00e1ma\u00ed at\u00e1 roghnaithe le forbairt n\u00e1 <strong>Saor Sin \u00d3 Olc<\/strong>, sraith mist\u00e9ir, faoi mhar\u00fa agus bean at\u00e1 faoi bhr\u00fa at\u00e1 \u00e1 fhorbairt ag F\u00edb\u00edn Media. T\u00e1 Blinder Films ag forbairt <strong>Ag briseadh Tr\u00edd<\/strong>, dr\u00e1ma grinn faoi dh\u00e9ag\u00f3ir at\u00e1 ag caoineadh agus \u00ed ag streachailt chun \u00ed f\u00e9in a aimsi\u00fa.  Sna <strong>Cail\u00edn\u00ed Aimsire<\/strong> a bheidh forbartha ag Dan\u00fa Media leanfaidh an tsraith an saol laeth\u00fail agus slite beatha at\u00e1 ag tri\u00far bean meit\u00e9areolaithe agus a comr\u00e1da\u00ed t\u00ed tubaisteach, at\u00e1 mar thiarna tal\u00fan acu.  In <strong>An Bua<\/strong> le Tua Films, d\u00e9anfar ini\u00fachadh ar \u00c9irinn nua-aimseartha tr\u00ed lionsa bhu\u00edon carachtar at\u00e1 fi\u00e1in, scaoilte, agus \u00e9ags\u00fail \u00f3na ch\u00e9ile, geimhle d\u00e1 gcuid f\u00e9in \u00e1 gcaitheamh d\u00edobh ar feadh an ama. Tr\u00ed ch\u00e1rta\u00ed, gn\u00e9as, agus cairdeas, tabharfaidh an tsraith mar a bheadh freagra na h\u00c9ireann ar Euphoria.  Inseofar sc\u00e9al chail\u00edn at\u00e1 d\u00f3chasach faoin dtodhcha\u00ed agus \u00ed ag iarraidh a h\u00e1it a bhaint amach agus c\u00e9ard a tharla nuair a scriosadh an d\u00f3chas sin inti sa tsraith <strong>Ciontach<\/strong> a bheidh forbartha ag Rosg.  <\/p>\n<p>D\u00fairt Alan Esslemont, Ard-Sti\u00farth\u00f3ir TG4, \u201cD&#8217;aithin Bord TG4 go bhfuil cl\u00e1racha do dhaoine \u00f3ga ar cheann de na r\u00e9ims\u00ed nach bhfuil m\u00f3r\u00e1n freastail \u00e1 nd\u00e9anamh orthu, agus aithn\u00edmid gur se\u00e1nra t\u00e1bhachtach \u00e9 an dr\u00e1ma do na d\u00e9imeagrafaigh \u00e9ags\u00fala ar fad at\u00e1 n\u00edos \u00f3ige.  C\u00faig bliana d\u00e9ag \u00f3 shin, l\u00e9ir\u00edodh leis an tsraith &#8216;Aifric&#8217; gurbh ann do na daoine cumasacha don teilif\u00eds agus do dh\u00fail an lucht f\u00e9achana araon.  Ach bearna r\u00f3fhada is ea bearna c\u00faig bliana d\u00e9ag, agus t\u00e1 s\u00e9 thar am againn tiomantas a dh\u00e9anamh chun freastal ar lucht f\u00e9achana \u00f3g na h\u00c9ireann ar bhealach lean\u00fanach, inmharthana le sraith dr\u00e1ma\u00edochta Gaeilge. Th\u00e1inig fadscann\u00e1in den chaighde\u00e1in is airde as comhph\u00e1irt\u00edocht Cine4 TG4 i gcomhar le F\u00eds \u00c9ireann agus BAI cheana f\u00e9in agus creidimid go leagfar bunsraith leis an gcomhoibri\u00fa nua seo le F\u00eds \u00c9ireann a r\u00e9iteoidh an bealach le go dtiocfaidh roinnt sraitheanna bunaidh nu\u00e1lacha dr\u00e1ma\u00edochta i nGaeilge chun cinn.\u201d <\/p>\n<p>Is \u00e9ard a d\u00fairt D\u00e9sir\u00e9e Finnegan, Pr\u00edomhfheidhmeannacht F\u00eds \u00c9ireann\/Screen Ireland: &#8220;Cuireann s\u00e9 l\u00fach\u00e1ir orainn a bheith ag tac\u00fa leis na c\u00faig shraith a roghnaigh TG4 lena bhforbairt. N\u00ed f\u00e9idir luach a chur ar an bPac\u00e1iste chun Dr\u00e1ma Teilif\u00edse a Spreagadh, a bhronn an tAire Catherine Martin T.D. ar Fh\u00eds \u00c9ireann, maidir le haitheantas a thabhairt don d\u00fail l\u00e1idir at\u00e1 ann go domhanda i sc\u00e9alta \u00farnua at\u00e1 \u00e1 n-insint ag daoine n\u00edos \u00f3ige na linne seo d\u00e1 leith\u00e9id f\u00e9in. T\u00e1imid ag s\u00fail go mbeidh ceann de na sraitheanna seo \u00e1 forbairt roimh dheireadh na bliana agus t\u00e1imid ag tn\u00fath le me\u00e1nt\u00f3ireacht agus taca\u00edocht a chur ar f\u00e1il do na c\u00faig chomhlacht l\u00e9iri\u00fach\u00e1in ar fad a roghna\u00edodh chun p\u00e1irt a ghlacadh sa sc\u00e9im seo.\u201d<br \/>\n&nbsp;<\/p>\n","protected":false},"excerpt":{"rendered":"<p>&nbsp; T\u00e1 c\u00faig sraith dr\u00e1ma\u00edochta roghnaithe ag TG4, i gcomhar le F\u00eds \u00c9ireann\/Screen Ireland le forbairt do lucht f\u00e9achana n\u00edos \u00f3ige, faoi 35 bhliana. Beidh an c\u00faig bhunsraith nua, charachtar-bhunaithe, comhaimseartha agus siams\u00fail agus t\u00e1thar ag s\u00fail go meallfaidh siad gl\u00fain eile ilchine\u00e1lach de lucht sp\u00e9ise dr\u00e1ma\u00edochta TG4. T\u00e1 na sraitheanna a roghna\u00edodh i nGaeilge [&hellip;]<\/p>\n","protected":false},"author":4,"featured_media":0,"parent":115579,"menu_order":35,"comment_status":"closed","ping_status":"closed","template":"page-templates\/template-pr.php","meta":{"_acf_changed":false,"footnotes":""},"acf":[],"yoast_head":"<!-- This site is optimized with the Yoast SEO plugin v22.6 - https:\/\/yoast.com\/wordpress\/plugins\/seo\/ -->\n<title>TG4 &amp; F\u00eds \u00c9ireann | Preas R\u00e1iteas | TG4<\/title>\n<meta name=\"robots\" content=\"index, follow, max-snippet:-1, max-image-preview:large, max-video-preview:-1\" \/>\n<meta property=\"og:locale\" content=\"en_US\" \/>\n<meta property=\"og:type\" content=\"article\" \/>\n<meta property=\"og:title\" content=\"TG4 &amp; F\u00eds \u00c9ireann | Preas R\u00e1iteas | TG4\" \/>\n<meta property=\"og:description\" content=\"&nbsp; T\u00e1 c\u00faig sraith dr\u00e1ma\u00edochta roghnaithe ag TG4, i gcomhar le F\u00eds \u00c9ireann\/Screen Ireland le forbairt do lucht f\u00e9achana n\u00edos \u00f3ige, faoi 35 bhliana. Beidh an c\u00faig bhunsraith nua, charachtar-bhunaithe, comhaimseartha agus siams\u00fail agus t\u00e1thar ag s\u00fail go meallfaidh siad gl\u00fain eile ilchine\u00e1lach de lucht sp\u00e9ise dr\u00e1ma\u00edochta TG4. T\u00e1 na sraitheanna a roghna\u00edodh i nGaeilge [&hellip;]\" \/>\n<meta property=\"og:url\" content=\"https:\/\/dev.tg4.ie\/ga\/eolas\/preas\/nuacht-raitis\/2021-2\/5sraith\/\" \/>\n<meta property=\"og:site_name\" content=\"TG4\" \/>\n<meta property=\"article:publisher\" content=\"https:\/\/www.facebook.com\/TG4TV\" \/>\n<meta property=\"article:modified_time\" content=\"2021-08-18T11:37:25+00:00\" \/>\n<meta property=\"og:image\" content=\"https:\/\/tg4-docs.s3.amazonaws.com\/tg4-redesign-2015\/wp-content\/uploads\/2018\/07\/TG4-Logo-Grad_cscgyb.jpg\" \/>\n\t<meta property=\"og:image:width\" content=\"1920\" \/>\n\t<meta property=\"og:image:height\" content=\"1080\" \/>\n\t<meta property=\"og:image:type\" content=\"image\/jpeg\" \/>\n<meta name=\"twitter:card\" content=\"summary_large_image\" \/>\n<meta name=\"twitter:image\" content=\"https:\/\/tg4-docs.s3.amazonaws.com\/tg4-redesign-2015\/wp-content\/uploads\/2018\/07\/TG4-Logo-Grad_cscgyb.jpg\" \/>\n<meta name=\"twitter:site\" content=\"@TG4TV\" \/>\n<meta name=\"twitter:label1\" content=\"Est. reading time\" \/>\n\t<meta name=\"twitter:data1\" content=\"4 minutes\" \/>\n<script type=\"application\/ld+json\" class=\"yoast-schema-graph\">{\"@context\":\"https:\/\/schema.org\",\"@graph\":[{\"@type\":\"WebPage\",\"@id\":\"https:\/\/dev.tg4.ie\/ga\/eolas\/preas\/nuacht-raitis\/2021-2\/5sraith\/\",\"url\":\"https:\/\/dev.tg4.ie\/ga\/eolas\/preas\/nuacht-raitis\/2021-2\/5sraith\/\",\"name\":\"TG4 & F\u00eds \u00c9ireann | Preas R\u00e1iteas | TG4\",\"isPartOf\":{\"@id\":\"https:\/\/dev.tg4.ie\/en\/#website\"},\"primaryImageOfPage\":{\"@id\":\"https:\/\/dev.tg4.ie\/ga\/eolas\/preas\/nuacht-raitis\/2021-2\/5sraith\/#primaryimage\"},\"image\":{\"@id\":\"https:\/\/dev.tg4.ie\/ga\/eolas\/preas\/nuacht-raitis\/2021-2\/5sraith\/#primaryimage\"},\"thumbnailUrl\":\"https:\/\/dev.tg4.ie\/wp-content\/uploads\/2021\/08\/TG4-logo-gradient-RGB-copy-252x92.jpg\",\"datePublished\":\"2021-08-11T13:11:25+00:00\",\"dateModified\":\"2021-08-18T11:37:25+00:00\",\"breadcrumb\":{\"@id\":\"https:\/\/dev.tg4.ie\/ga\/eolas\/preas\/nuacht-raitis\/2021-2\/5sraith\/#breadcrumb\"},\"inLanguage\":\"ga\",\"potentialAction\":[{\"@type\":\"ReadAction\",\"target\":[\"https:\/\/dev.tg4.ie\/ga\/eolas\/preas\/nuacht-raitis\/2021-2\/5sraith\/\"]}]},{\"@type\":\"ImageObject\",\"inLanguage\":\"ga\",\"@id\":\"https:\/\/dev.tg4.ie\/ga\/eolas\/preas\/nuacht-raitis\/2021-2\/5sraith\/#primaryimage\",\"url\":\"https:\/\/dev.tg4.ie\/wp-content\/uploads\/2021\/08\/TG4-logo-gradient-RGB-copy-252x92.jpg\",\"contentUrl\":\"https:\/\/dev.tg4.ie\/wp-content\/uploads\/2021\/08\/TG4-logo-gradient-RGB-copy-252x92.jpg\"},{\"@type\":\"BreadcrumbList\",\"@id\":\"https:\/\/dev.tg4.ie\/ga\/eolas\/preas\/nuacht-raitis\/2021-2\/5sraith\/#breadcrumb\",\"itemListElement\":[{\"@type\":\"ListItem\",\"position\":1,\"name\":\"Home\",\"item\":\"https:\/\/dev.tg4.ie\/ga\/\"},{\"@type\":\"ListItem\",\"position\":2,\"name\":\"Eolas\",\"item\":\"https:\/\/dev.tg4.ie\/ga\/eolas\/\"},{\"@type\":\"ListItem\",\"position\":3,\"name\":\"Preas\",\"item\":\"https:\/\/dev.tg4.ie\/ga\/eolas\/preas\/\"},{\"@type\":\"ListItem\",\"position\":4,\"name\":\"Nuacht R\u00e1itis\",\"item\":\"https:\/\/dev.tg4.ie\/ga\/eolas\/preas\/nuacht-raitis\/\"},{\"@type\":\"ListItem\",\"position\":5,\"name\":\"2021\",\"item\":\"https:\/\/dev.tg4.ie\/ga\/eolas\/preas\/nuacht-raitis\/2021-2\/\"},{\"@type\":\"ListItem\",\"position\":6,\"name\":\"C\u00faig shraith dr\u00e1ma\u00edochta roghnaithe le forbairt a bheidh d\u00edrithe ar lucht f\u00e9achana faoi bhun 35 bhliana le taca\u00edocht \u00f3 Screen Ireland \/ F\u00eds \u00c9ireann agus TG4\"}]},{\"@type\":\"WebSite\",\"@id\":\"https:\/\/dev.tg4.ie\/en\/#website\",\"url\":\"https:\/\/dev.tg4.ie\/en\/\",\"name\":\"TG4\",\"description\":\"S\u00fail Eile\",\"potentialAction\":[{\"@type\":\"SearchAction\",\"target\":{\"@type\":\"EntryPoint\",\"urlTemplate\":\"https:\/\/dev.tg4.ie\/en\/?s={search_term_string}\"},\"query-input\":\"required name=search_term_string\"}],\"inLanguage\":\"ga\"}]}<\/script>\n<!-- \/ Yoast SEO plugin. -->","yoast_head_json":{"title":"TG4 & F\u00eds \u00c9ireann | Preas R\u00e1iteas | TG4","robots":{"index":"index","follow":"follow","max-snippet":"max-snippet:-1","max-image-preview":"max-image-preview:large","max-video-preview":"max-video-preview:-1"},"og_locale":"en_US","og_type":"article","og_title":"TG4 & F\u00eds \u00c9ireann | Preas R\u00e1iteas | TG4","og_description":"&nbsp; T\u00e1 c\u00faig sraith dr\u00e1ma\u00edochta roghnaithe ag TG4, i gcomhar le F\u00eds \u00c9ireann\/Screen Ireland le forbairt do lucht f\u00e9achana n\u00edos \u00f3ige, faoi 35 bhliana. Beidh an c\u00faig bhunsraith nua, charachtar-bhunaithe, comhaimseartha agus siams\u00fail agus t\u00e1thar ag s\u00fail go meallfaidh siad gl\u00fain eile ilchine\u00e1lach de lucht sp\u00e9ise dr\u00e1ma\u00edochta TG4. T\u00e1 na sraitheanna a roghna\u00edodh i nGaeilge [&hellip;]","og_url":"https:\/\/dev.tg4.ie\/ga\/eolas\/preas\/nuacht-raitis\/2021-2\/5sraith\/","og_site_name":"TG4","article_publisher":"https:\/\/www.facebook.com\/TG4TV","article_modified_time":"2021-08-18T11:37:25+00:00","og_image":[{"width":1920,"height":1080,"url":"https:\/\/tg4-docs.s3.amazonaws.com\/tg4-redesign-2015\/wp-content\/uploads\/2018\/07\/TG4-Logo-Grad_cscgyb.jpg","type":"image\/jpeg"}],"twitter_card":"summary_large_image","twitter_image":"https:\/\/tg4-docs.s3.amazonaws.com\/tg4-redesign-2015\/wp-content\/uploads\/2018\/07\/TG4-Logo-Grad_cscgyb.jpg","twitter_site":"@TG4TV","twitter_misc":{"Est. reading time":"4 minutes"},"schema":{"@context":"https:\/\/schema.org","@graph":[{"@type":"WebPage","@id":"https:\/\/dev.tg4.ie\/ga\/eolas\/preas\/nuacht-raitis\/2021-2\/5sraith\/","url":"https:\/\/dev.tg4.ie\/ga\/eolas\/preas\/nuacht-raitis\/2021-2\/5sraith\/","name":"TG4 & F\u00eds \u00c9ireann | Preas R\u00e1iteas | TG4","isPartOf":{"@id":"https:\/\/dev.tg4.ie\/en\/#website"},"primaryImageOfPage":{"@id":"https:\/\/dev.tg4.ie\/ga\/eolas\/preas\/nuacht-raitis\/2021-2\/5sraith\/#primaryimage"},"image":{"@id":"https:\/\/dev.tg4.ie\/ga\/eolas\/preas\/nuacht-raitis\/2021-2\/5sraith\/#primaryimage"},"thumbnailUrl":"https:\/\/dev.tg4.ie\/wp-content\/uploads\/2021\/08\/TG4-logo-gradient-RGB-copy-252x92.jpg","datePublished":"2021-08-11T13:11:25+00:00","dateModified":"2021-08-18T11:37:25+00:00","breadcrumb":{"@id":"https:\/\/dev.tg4.ie\/ga\/eolas\/preas\/nuacht-raitis\/2021-2\/5sraith\/#breadcrumb"},"inLanguage":"ga","potentialAction":[{"@type":"ReadAction","target":["https:\/\/dev.tg4.ie\/ga\/eolas\/preas\/nuacht-raitis\/2021-2\/5sraith\/"]}]},{"@type":"ImageObject","inLanguage":"ga","@id":"https:\/\/dev.tg4.ie\/ga\/eolas\/preas\/nuacht-raitis\/2021-2\/5sraith\/#primaryimage","url":"https:\/\/dev.tg4.ie\/wp-content\/uploads\/2021\/08\/TG4-logo-gradient-RGB-copy-252x92.jpg","contentUrl":"https:\/\/dev.tg4.ie\/wp-content\/uploads\/2021\/08\/TG4-logo-gradient-RGB-copy-252x92.jpg"},{"@type":"BreadcrumbList","@id":"https:\/\/dev.tg4.ie\/ga\/eolas\/preas\/nuacht-raitis\/2021-2\/5sraith\/#breadcrumb","itemListElement":[{"@type":"ListItem","position":1,"name":"Home","item":"https:\/\/dev.tg4.ie\/ga\/"},{"@type":"ListItem","position":2,"name":"Eolas","item":"https:\/\/dev.tg4.ie\/ga\/eolas\/"},{"@type":"ListItem","position":3,"name":"Preas","item":"https:\/\/dev.tg4.ie\/ga\/eolas\/preas\/"},{"@type":"ListItem","position":4,"name":"Nuacht R\u00e1itis","item":"https:\/\/dev.tg4.ie\/ga\/eolas\/preas\/nuacht-raitis\/"},{"@type":"ListItem","position":5,"name":"2021","item":"https:\/\/dev.tg4.ie\/ga\/eolas\/preas\/nuacht-raitis\/2021-2\/"},{"@type":"ListItem","position":6,"name":"C\u00faig shraith dr\u00e1ma\u00edochta roghnaithe le forbairt a bheidh d\u00edrithe ar lucht f\u00e9achana faoi bhun 35 bhliana le taca\u00edocht \u00f3 Screen Ireland \/ F\u00eds \u00c9ireann agus TG4"}]},{"@type":"WebSite","@id":"https:\/\/dev.tg4.ie\/en\/#website","url":"https:\/\/dev.tg4.ie\/en\/","name":"TG4","description":"S\u00fail Eile","potentialAction":[{"@type":"SearchAction","target":{"@type":"EntryPoint","urlTemplate":"https:\/\/dev.tg4.ie\/en\/?s={search_term_string}"},"query-input":"required name=search_term_string"}],"inLanguage":"ga"}]}},"_links":{"self":[{"href":"https:\/\/dev.tg4.ie\/ga\/wp-json\/wp\/v2\/pages\/129588"}],"collection":[{"href":"https:\/\/dev.tg4.ie\/ga\/wp-json\/wp\/v2\/pages"}],"about":[{"href":"https:\/\/dev.tg4.ie\/ga\/wp-json\/wp\/v2\/types\/page"}],"author":[{"embeddable":true,"href":"https:\/\/dev.tg4.ie\/ga\/wp-json\/wp\/v2\/users\/4"}],"replies":[{"embeddable":true,"href":"https:\/\/dev.tg4.ie\/ga\/wp-json\/wp\/v2\/comments?post=129588"}],"version-history":[{"count":0,"href":"https:\/\/dev.tg4.ie\/ga\/wp-json\/wp\/v2\/pages\/129588\/revisions"}],"up":[{"embeddable":true,"href":"https:\/\/dev.tg4.ie\/ga\/wp-json\/wp\/v2\/pages\/115579"}],"wp:attachment":[{"href":"https:\/\/dev.tg4.ie\/ga\/wp-json\/wp\/v2\/media?parent=129588"}],"curies":[{"name":"wp","href":"https:\/\/api.w.org\/{rel}","templated":true}]}}