{"id":130493,"date":"2021-08-23T11:22:52","date_gmt":"2021-08-23T10:22:52","guid":{"rendered":"https:\/\/dev.tg4.ie\/?page_id=130493"},"modified":"2021-08-23T11:22:52","modified_gmt":"2021-08-23T10:22:52","slug":"sleacht-sceitheadh-agus-sceinseiri-i-sceideal-an-fhomhair-ar-tg4","status":"publish","type":"page","link":"https:\/\/dev.tg4.ie\/ga\/eolas\/preas\/nuacht-raitis\/2021-2\/sleacht-sceitheadh-agus-sceinseiri-i-sceideal-an-fhomhair-ar-tg4\/","title":{"rendered":"Sl\u00e9acht, Sceitheadh agus Sc\u00e9ins\u00e9ir\u00ed i Sceideal an Fh\u00f3mhair ar TG4"},"content":{"rendered":"<p><a href=\"https:\/\/tg4-docs.s3.amazonaws.com\/tg4-redesign-2015\/wp-content\/uploads\/2021\/08\/Seoladh_an_Fhomhair_Grupa_1920x1080.jpg\"><img loading=\"lazy\" decoding=\"async\" width=\"1920\" height=\"1080\" src=\"https:\/\/tg4-docs.s3.amazonaws.com\/tg4-redesign-2015\/wp-content\/uploads\/2021\/08\/Seoladh_an_Fhomhair_Grupa_1920x1080.jpg\" alt=\"\" class=\"aligncenter size-full wp-image-130506\" srcset=\"https:\/\/tg4-docs.s3.amazonaws.com\/tg4-redesign-2015\/wp-content\/uploads\/2021\/08\/Seoladh_an_Fhomhair_Grupa_1920x1080.jpg 1920w, https:\/\/tg4-docs.s3.amazonaws.com\/tg4-redesign-2015\/wp-content\/uploads\/2021\/08\/Seoladh_an_Fhomhair_Grupa_1920x1080-250x141.jpg 250w, https:\/\/tg4-docs.s3.amazonaws.com\/tg4-redesign-2015\/wp-content\/uploads\/2021\/08\/Seoladh_an_Fhomhair_Grupa_1920x1080-700x394.jpg 700w, https:\/\/tg4-docs.s3.amazonaws.com\/tg4-redesign-2015\/wp-content\/uploads\/2021\/08\/Seoladh_an_Fhomhair_Grupa_1920x1080-252x141.jpg 252w, https:\/\/tg4-docs.s3.amazonaws.com\/tg4-redesign-2015\/wp-content\/uploads\/2021\/08\/Seoladh_an_Fhomhair_Grupa_1920x1080-1536x864.jpg 1536w, https:\/\/tg4-docs.s3.amazonaws.com\/tg4-redesign-2015\/wp-content\/uploads\/2021\/08\/Seoladh_an_Fhomhair_Grupa_1920x1080-120x68.jpg 120w\" sizes=\"(max-width: 1920px) 100vw, 1920px\" \/><\/a><br \/>\n&nbsp;<\/p>\n<p>Agus TG4 ag druidim le 25 bliain ar an aer i m\u00ed Dheireadh F\u00f3mhair, is l\u00e9iri\u00fa oiri\u00fanach \u00e9 sceideal nua an fh\u00f3mhair ar aois agus ar fh\u00eds TG4.<br \/>\n&nbsp;<\/p>\n<p>Leanann TG4 de chl\u00e1racha faisn\u00e9ise nua agus saini\u00fala chomh maith le siamsa\u00edocht Ghaelach ar leith a chur ar f\u00e1il don lucht f\u00e9achana, tallann nua a chur chun cinn, a bheith i l\u00e1thair ag \u00f3c\u00e1id\u00ed cult\u00fair ceoil, sp\u00f3irt agus Gaeltachta agus cl\u00fadach suntasach a dh\u00e9anamh orthu.<br \/>\n&nbsp;<\/p>\n<p>D\u00fairt <strong>Ard-Sti\u00farth\u00f3ir TG4 Alan Esslemont<\/strong> ag Seoladh an Fh\u00f3mhair inniu: <em>\u201cBeidh TG4 ag ceili\u00faradh 25 bliain ar an bhf\u00f3d i mbliana ar an 31 Deireadh F\u00f3mhair agus is f\u00e9idir linn a bheith s\u00e1sta go bhfuil \u2018s\u00fail eile\u2019 anois ag earn\u00e1il na craolt\u00f3ireachta in \u00c9irinn de bharr chl\u00e1racha TG4 agus go raibh r\u00f3l r\u00edth\u00e1bhachtach ag branda TG4 i dtaobh an dearcadh at\u00e1 ag daoine i leith na Gaeilge a athr\u00fa.  Ba mhaith liom bu\u00edochas a ghlacadh len\u00e1r gcuid comhph\u00e1irtithe go l\u00e9ir at\u00e1 ag obair sa tionscal neamhsple\u00e1ch closamhairc agus comhghairdeas a dh\u00e9anamh leo. Bh\u00ed an tsamhla\u00edocht agus an chruthaitheacht a bh\u00ed acu ina bhonn taca leis an rath at\u00e1 ar TG4 le c\u00faig bliana fichead agus a bhfuil an saothar is d\u00e9ana\u00ed leo \u00e1 cheili\u00faradh againn ag Seoladh an Fh\u00f3mhair.<\/p>\n<p>Mar sin fh\u00e9in, nuair a dh\u00e9antar compar\u00e1id leis an mbealach a dtaca\u00edtear leis an mBreatnais sa Bhreatain Bheag, is l\u00e9ir nach bhfuil aon uaillmhian ag St\u00e1t na h\u00c9ireann i leith phobail labhartha na Gaeilge n\u00e1 i leith me\u00e1n cumars\u00e1ide na Gaeilge. T\u00e1 strucht\u00far monailiteach ar na Me\u00e1in Seirbh\u00edse Poibl\u00ed in \u00c9irinn. N\u00ed m\u00f3r d\u2019eagra\u00edochta\u00ed me\u00e1n seirbh\u00edse poibl\u00ed na h\u00c9ireann a bheith n\u00edos inbhuanaithe i ndiaidh na paind\u00e9ime ach n\u00edor mh\u00f3r d\u00f3ibh freisin a bheith n\u00edos il\u00e9ags\u00fala agus beidh g\u00e1 lena thuilleadh iolrachta. Leagtar amach sa ch\u00e1ip\u00e9is \u2018F\u00eds TG4 tar \u00e9is Covid\u2019 strait\u00e9is ina dtaca\u00edtear leis na gn\u00edomhaireachta\u00ed closamhairc ar fad at\u00e1 st\u00e1tmhaoinithe, is iad sin RT\u00c9, TG4, F\u00eds \u00c9ireann agus an BAI, ar bhealach n\u00edos c\u00f3ra agus n\u00edos cothroime agus, tr\u00ed sin, \u00e9iceach\u00f3ras me\u00e1n poibl\u00ed n\u00edos il\u00e9ags\u00fala agus nach bhfuil chomh l\u00e1raithe a bhr\u00fa chun cinn.\u201d<\/em><br \/>\n&nbsp;<\/p>\n<p>Sa tsraith faisn\u00e9ise nua <strong>Misneach<\/strong>, cuirfear aithne ar dhaoine cr\u00f3ga ar caitheadh go dona leo de bharr gur labhair siad amach i gcoinne \u00e9ag\u00f3ir san ionad oibre. Tabharfar l\u00e9argas ar bhliain a caitheadh i gceann de na h\u00e9iceach\u00f3rais is aitheanta in \u00c9irinn &#8211; Cuan Bhaile \u00c1tha Cliath sa tsraith nua faisn\u00e9ise <strong>An Cuan<\/strong>.<br \/>\n&nbsp;<\/p>\n<p>Idir mhagadh agus dh\u00e1ir\u00edre at\u00e1 sa chl\u00e1r <strong>Go mBeirimid Beo<\/strong> ina gcaitear s\u00fail ar eachtra\u00ed m\u00f3ra a tharla cos\u00fail leis an bpaind\u00e9im Covid-19, agus an t-ullmh\u00fach\u00e1n a bh\u00ed d\u00e9anta, n\u00f3 nach raibh d\u00e9anta ag muintir na h\u00c9ireann ina leith. Bliain chi\u00fain a bh\u00ed ann do na <strong>B\u00e1d\u00f3ir\u00ed<\/strong> gan r\u00e1sa\u00ed ar bith ar si\u00fal de bharr Covid. Beimid i dteannta na Jimmies as an gCeathr\u00fa Rua i gConamara agus iad ag dul i ngleic leis an bpaind\u00e9im.<br \/>\n&nbsp;<\/p>\n<p>D\u00e9anfar ceili\u00faradh ar shaol Cholm Cille, duine de na naoimh ba mh\u00f3 urraim in \u00c9irinn a rugadh 1,500 bliain \u00f3 shin san fhadchl\u00e1r faisn\u00e9ise <strong>Colm Cille &#8211; An Naomh D\u00e1na<\/strong>. Sc\u00e9al bheirt bhan shuntasacha a bheidh faoi chaibidil sa chl\u00e1r faisn\u00e9ise staire <strong>\u00c1ille ar Airgead<\/strong>. Cur s\u00edos ar Mary Cunningham a rugadh in \u00c9irinn agus ar \u00fas\u00e1ideadh a h\u00edomh\u00e1 ar Dollar \u00d3ir Mheirice\u00e1 agus ar Hazel Lavery a rugadh in Meirice\u00e1 agus a raibh a h\u00edomh\u00e1 f\u00e9in ar an gc\u00e9ad n\u00f3ta bainc in \u00c9irinn.<br \/>\n&nbsp;<\/p>\n<p>Beidh blaiseadh den r\u00e9imse saibhir eala\u00edon agus cult\u00fair at\u00e1 ar f\u00e1il sna ceantair \u00e9ags\u00fala Ghaeltachta ar <strong>O\u00edche Chult\u00fair 2021<\/strong>.  Craolfar cl\u00e1r nual\u00e9irithe freisin le linn <strong>Oireachtas na Samhna 2021<\/strong>.<br \/>\n&nbsp;<\/p>\n<p>Buailfidh Hector leis na daoine \u00e9ags\u00fala iontacha at\u00e1 tagtha \u00f3 th\u00edortha thar lear le cur f\u00fathu in \u00c9irinn sa tsraith <strong>Hector \u00c9ire Nua<\/strong>. Cuirfear d\u00fashl\u00e1n roimh cheathrar at\u00e1 an-t\u00f3gtha go deo le faisean a gcuid \u00e9ada\u00ed a ath\u00fas\u00e1id agus a athch\u00fars\u00e1il sa tsraith nua <strong>\u00c9ada\u00ed SOS<\/strong> \u00e1 cur i l\u00e1thair ag Caoimhe N\u00ed Chathail agus Proinsias \u00d3 Coinn.  Is iad na mn\u00e1 a bheidh p\u00e1irteach in <strong>Underdogs<\/strong> na bliana seo. Beidh amhr\u00e1naithe \u00f3ga in ioma\u00edocht lena ch\u00e9ile le hionada\u00edocht a dh\u00e9anamh ar \u00c9irinn sa <strong>Junior Eurovision<\/strong> a bheidh ar si\u00fal i bP\u00e1ras i mbliana. Is \u00ed Louise Cantillon a chuirfidh an tsraith i l\u00e1thair.<br \/>\n&nbsp;<\/p>\n<p>F\u00f3gr\u00f3far buaiteoir\u00ed <strong>Gradam Ceoil TG4<\/strong> ag t\u00fas Mh\u00ed Mhe\u00e1n F\u00f3mhair agus bronnfar na gradaim ag \u00f3c\u00e1id i mB\u00e9al Feirste chun ceili\u00faradh a dh\u00e9anamh ar bhreithl\u00e1 TG4. Beidh Daniel O\u2019Donnell ar ais le <strong>Opry le Daniel<\/strong> as Caisle\u00e1n an Bharraigh agus beidh cl\u00e1r speisialta aige freisin in \u00f3m\u00f3s do Philomena Begley at\u00e1 i mbun an cheoil t\u00edre anois le seasca bliain.<br \/>\n&nbsp;<\/p>\n<p>Taispe\u00e1nfar 26 cluiche \u00f3n gCraobh Rugba\u00ed Aontaithe nua ar <strong>Rugba\u00ed Beo<\/strong> a thos\u00f3idh ag deireadh mh\u00ed Mhe\u00e1n F\u00f3mhair. Den ch\u00e9ad uair riamh, beidh cl\u00fadach beo ag TG4 ar Shraith Vodafone Rugba\u00ed Idirch\u00faige na mBan ar <strong>Rugba\u00ed na mBan Beo<\/strong>. Leanfaidh <strong>GAA BEO<\/strong> lena chl\u00fadach \u00f3 Chraobhchom\u00f3rtais Peile agus Iom\u00e1na Clubanna na gContaetha CLG agus \u00f3 Chraobhchom\u00f3rtais Idirch\u00faige na gClubanna AIB.<br \/>\n&nbsp;<\/p>\n<p>Beidh sraitheanna dr\u00e1ma\u00edochta cumhachtacha eile sa sceideal an f\u00f3mhar seo ina measc, <strong>Stateless<\/strong> faoi cheathrar strains\u00e9ir\u00ed a chastar ar a ch\u00e9ile in ionad coinne\u00e1la inimirce i gcro\u00edl\u00e1r ghaineamhlach na hAstr\u00e1ile.  Beidh an ch\u00e9ad togra teilif\u00edse \u00f3 Steve Mc Queen <strong>Small Axe<\/strong>, fear a bhfuil duais an Acadaimh agus BAFTA buaite aige, faoi phobal de chuid na nIndiacha Thiar i Notting Hill, Londain ar TG4 an f\u00f3mhar seo agus an dara sraith de <strong>Why Women Kill<\/strong> le Marc Cherry, an fear a chruthaigh Desperate Housewives.  Tabharfar an lucht f\u00e9achana siar ar bh\u00f3ithr\u00edn na smaointe le sraitheanna \u00f3 na 80id\u00ed agus 90id\u00ed, <strong>The Golden Girls<\/strong>, <strong>The Wonder Years<\/strong> agus <strong>Dr. Quinn Medicine Woman<\/strong>.<br \/>\n&nbsp;<\/p>\n<p>I measc na sraitheanna nua do ph\u00e1ist\u00ed an f\u00f3mhar seo t\u00e1 sraith innealt\u00f3ireachta <strong>Na hInnealt\u00f3ir\u00ed<\/strong>, sraith siamsa\u00edochta <strong>Mo Shaol, do Shaol<\/strong> ina mbeidh beirt ph\u00e1ist\u00ed \u00e9ags\u00fala i ngach cl\u00e1r ag babht\u00e1il a gcaitheamh aimsire lena ch\u00e9ile. Do lucht f\u00e9achana n\u00edos \u00f3ige, craolfar sraith nua d\u00falra agus timpeallachta <strong>Timpeall Orainn<\/strong> le P\u00f3il\u00edn Nic G\u00e9idigh agus Peadar \u00d3 Goill, agus <strong>An bhfuil a Fhios agat?<\/strong> le Br\u00edd\u00edn N\u00ed Mhaoldomhnaigh a fhreagr\u00f3idh ceisteanna faoi mar a oibr\u00edonn ruda\u00ed.<br \/>\n&nbsp;<\/p>\n<p>Ba \u00e9 TG4 a thug Nordic Noir go h\u00c9irinn, agus i mbliana beidh baili\u00fach\u00e1in dr\u00e1ma\u00edochta <strong>The Killing<\/strong>, <strong>Borgen<\/strong> agus <strong>The Bridge<\/strong> ar an seinnteoir chomh maith le fl\u00fairse sraitheanna agus baili\u00fach\u00e1in eile \u00f3 chartlann TG4 sna r\u00e9ims\u00ed ceoil, faisn\u00e9ise, dr\u00e1ma\u00edochta agus go leor eile. T\u00e1 Seinnteoir TG4 ar f\u00e1il ar fud an domhain tr\u00edd Aip ar IOS, Android n\u00f3 ar Theilif\u00eds Cliste.  T\u00e1 \u00e1bhar neamhl\u00edneach ag dul \u00f3 neart go neart le <strong>BLOC<\/strong> an branda me\u00e1n s\u00f3isialta do lucht f\u00e9achana \u00f3g agus <strong>MOLSC\u00c9AL<\/strong> ar a bhfuil sc\u00e9alta \u00f3 chro\u00edl\u00e1r na Gaeltachta do phobal na Gaeilge.<br \/>\n&nbsp;<\/p>\n<p>Beidh an scann\u00e1n <strong>Arracht<\/strong> de chuid Cine4, a ainmn\u00edodh do ghradam Oscar, i bpicti\u00farlanna ar fud na t\u00edre an f\u00f3mhar seo. Taispe\u00e1nfar fadscann\u00e1in Ghaeilge eile \u00f3 TG4 <strong>Foscadh<\/strong> scann\u00e1n eile \u00f3 CINE4, an ch\u00e9ad fadscann\u00e1n Gaeilge a taifeadadh i dTuaisceart \u00c9ireann <strong>Doineann<\/strong> agus an scann\u00e1n faisn\u00e9ise <strong>The Queen v Patrick O\u2019Donnell<\/strong> ag f\u00e9ilte scann\u00e1n n\u00e1isi\u00fanta agus idirn\u00e1isi\u00fanta.<br \/>\n&nbsp;<\/p>\n<p>T\u00e1 gach eolas faoi sceideal an fh\u00f3mhair ar f\u00e1il anseo: <a href=\"https:\/\/dev.tg4.ie\/f\u00f3mhar21\" rel=\"noopener\" target=\"_blank\">tg4.ie\/f\u00f3mhar21<\/a><\/p>\n<p>&nbsp;<br \/>\n&nbsp;<br \/>\n&nbsp;<\/p>\n","protected":false},"excerpt":{"rendered":"<p>&nbsp; Agus TG4 ag druidim le 25 bliain ar an aer i m\u00ed Dheireadh F\u00f3mhair, is l\u00e9iri\u00fa oiri\u00fanach \u00e9 sceideal nua an fh\u00f3mhair ar aois agus ar fh\u00eds TG4. &nbsp; Leanann TG4 de chl\u00e1racha faisn\u00e9ise nua agus saini\u00fala chomh maith le siamsa\u00edocht Ghaelach ar leith a chur ar f\u00e1il don lucht f\u00e9achana, tallann nua a [&hellip;]<\/p>\n","protected":false},"author":876,"featured_media":0,"parent":115579,"menu_order":36,"comment_status":"closed","ping_status":"closed","template":"page-templates\/template-pr.php","meta":{"_acf_changed":false,"footnotes":""},"acf":[],"yoast_head":"<!-- This site is optimized with the Yoast SEO plugin v22.6 - https:\/\/yoast.com\/wordpress\/plugins\/seo\/ -->\n<title>Sl\u00e9acht, Sceitheadh agus Sc\u00e9ins\u00e9ir\u00ed i Sceideal an Fh\u00f3mhair ar TG4 | Preas R\u00e1iteas | TG4<\/title>\n<meta name=\"robots\" content=\"index, follow, max-snippet:-1, max-image-preview:large, max-video-preview:-1\" \/>\n<meta property=\"og:locale\" content=\"en_US\" \/>\n<meta property=\"og:type\" content=\"article\" \/>\n<meta property=\"og:title\" content=\"Sl\u00e9acht, Sceitheadh agus Sc\u00e9ins\u00e9ir\u00ed i Sceideal an Fh\u00f3mhair ar TG4 | Preas R\u00e1iteas | TG4\" \/>\n<meta property=\"og:description\" content=\"&nbsp; Agus TG4 ag druidim le 25 bliain ar an aer i m\u00ed Dheireadh F\u00f3mhair, is l\u00e9iri\u00fa oiri\u00fanach \u00e9 sceideal nua an fh\u00f3mhair ar aois agus ar fh\u00eds TG4. &nbsp; Leanann TG4 de chl\u00e1racha faisn\u00e9ise nua agus saini\u00fala chomh maith le siamsa\u00edocht Ghaelach ar leith a chur ar f\u00e1il don lucht f\u00e9achana, tallann nua a [&hellip;]\" \/>\n<meta property=\"og:url\" content=\"https:\/\/dev.tg4.ie\/ga\/eolas\/preas\/nuacht-raitis\/2021-2\/sleacht-sceitheadh-agus-sceinseiri-i-sceideal-an-fhomhair-ar-tg4\/\" \/>\n<meta property=\"og:site_name\" content=\"TG4\" \/>\n<meta property=\"article:publisher\" content=\"https:\/\/www.facebook.com\/TG4TV\" \/>\n<meta property=\"og:image\" content=\"https:\/\/tg4-docs.s3.amazonaws.com\/tg4-redesign-2015\/wp-content\/uploads\/2021\/08\/Seoladh_an_Fhomhair_Grupa_1920x1080.jpg\" \/>\n\t<meta property=\"og:image:width\" content=\"1920\" \/>\n\t<meta property=\"og:image:height\" content=\"1080\" \/>\n\t<meta property=\"og:image:type\" content=\"image\/jpeg\" \/>\n<meta name=\"twitter:card\" content=\"summary_large_image\" \/>\n<meta name=\"twitter:image\" content=\"https:\/\/tg4-docs.s3.amazonaws.com\/tg4-redesign-2015\/wp-content\/uploads\/2021\/08\/Seoladh_an_Fhomhair_Grupa_1920x1080.jpg\" \/>\n<meta name=\"twitter:site\" content=\"@TG4TV\" \/>\n<meta name=\"twitter:label1\" content=\"Est. reading time\" \/>\n\t<meta name=\"twitter:data1\" content=\"7 minutes\" \/>\n<script type=\"application\/ld+json\" class=\"yoast-schema-graph\">{\"@context\":\"https:\/\/schema.org\",\"@graph\":[{\"@type\":\"WebPage\",\"@id\":\"https:\/\/dev.tg4.ie\/ga\/eolas\/preas\/nuacht-raitis\/2021-2\/sleacht-sceitheadh-agus-sceinseiri-i-sceideal-an-fhomhair-ar-tg4\/\",\"url\":\"https:\/\/dev.tg4.ie\/ga\/eolas\/preas\/nuacht-raitis\/2021-2\/sleacht-sceitheadh-agus-sceinseiri-i-sceideal-an-fhomhair-ar-tg4\/\",\"name\":\"Sl\u00e9acht, Sceitheadh agus Sc\u00e9ins\u00e9ir\u00ed i Sceideal an Fh\u00f3mhair ar TG4 | Preas R\u00e1iteas | TG4\",\"isPartOf\":{\"@id\":\"https:\/\/dev.tg4.ie\/en\/#website\"},\"primaryImageOfPage\":{\"@id\":\"https:\/\/dev.tg4.ie\/ga\/eolas\/preas\/nuacht-raitis\/2021-2\/sleacht-sceitheadh-agus-sceinseiri-i-sceideal-an-fhomhair-ar-tg4\/#primaryimage\"},\"image\":{\"@id\":\"https:\/\/dev.tg4.ie\/ga\/eolas\/preas\/nuacht-raitis\/2021-2\/sleacht-sceitheadh-agus-sceinseiri-i-sceideal-an-fhomhair-ar-tg4\/#primaryimage\"},\"thumbnailUrl\":\"https:\/\/dev.tg4.ie\/wp-content\/uploads\/2021\/08\/Seoladh_an_Fhomhair_Grupa_1920x1080.jpg\",\"datePublished\":\"2021-08-23T10:22:52+00:00\",\"dateModified\":\"2021-08-23T10:22:52+00:00\",\"breadcrumb\":{\"@id\":\"https:\/\/dev.tg4.ie\/ga\/eolas\/preas\/nuacht-raitis\/2021-2\/sleacht-sceitheadh-agus-sceinseiri-i-sceideal-an-fhomhair-ar-tg4\/#breadcrumb\"},\"inLanguage\":\"ga\",\"potentialAction\":[{\"@type\":\"ReadAction\",\"target\":[\"https:\/\/dev.tg4.ie\/ga\/eolas\/preas\/nuacht-raitis\/2021-2\/sleacht-sceitheadh-agus-sceinseiri-i-sceideal-an-fhomhair-ar-tg4\/\"]}]},{\"@type\":\"ImageObject\",\"inLanguage\":\"ga\",\"@id\":\"https:\/\/dev.tg4.ie\/ga\/eolas\/preas\/nuacht-raitis\/2021-2\/sleacht-sceitheadh-agus-sceinseiri-i-sceideal-an-fhomhair-ar-tg4\/#primaryimage\",\"url\":\"https:\/\/dev.tg4.ie\/wp-content\/uploads\/2021\/08\/Seoladh_an_Fhomhair_Grupa_1920x1080.jpg\",\"contentUrl\":\"https:\/\/dev.tg4.ie\/wp-content\/uploads\/2021\/08\/Seoladh_an_Fhomhair_Grupa_1920x1080.jpg\"},{\"@type\":\"BreadcrumbList\",\"@id\":\"https:\/\/dev.tg4.ie\/ga\/eolas\/preas\/nuacht-raitis\/2021-2\/sleacht-sceitheadh-agus-sceinseiri-i-sceideal-an-fhomhair-ar-tg4\/#breadcrumb\",\"itemListElement\":[{\"@type\":\"ListItem\",\"position\":1,\"name\":\"Home\",\"item\":\"https:\/\/dev.tg4.ie\/ga\/\"},{\"@type\":\"ListItem\",\"position\":2,\"name\":\"Eolas\",\"item\":\"https:\/\/dev.tg4.ie\/ga\/eolas\/\"},{\"@type\":\"ListItem\",\"position\":3,\"name\":\"Preas\",\"item\":\"https:\/\/dev.tg4.ie\/ga\/eolas\/preas\/\"},{\"@type\":\"ListItem\",\"position\":4,\"name\":\"Nuacht R\u00e1itis\",\"item\":\"https:\/\/dev.tg4.ie\/ga\/eolas\/preas\/nuacht-raitis\/\"},{\"@type\":\"ListItem\",\"position\":5,\"name\":\"2021\",\"item\":\"https:\/\/dev.tg4.ie\/ga\/eolas\/preas\/nuacht-raitis\/2021-2\/\"},{\"@type\":\"ListItem\",\"position\":6,\"name\":\"Sl\u00e9acht, Sceitheadh agus Sc\u00e9ins\u00e9ir\u00ed i Sceideal an Fh\u00f3mhair ar TG4\"}]},{\"@type\":\"WebSite\",\"@id\":\"https:\/\/dev.tg4.ie\/en\/#website\",\"url\":\"https:\/\/dev.tg4.ie\/en\/\",\"name\":\"TG4\",\"description\":\"S\u00fail Eile\",\"potentialAction\":[{\"@type\":\"SearchAction\",\"target\":{\"@type\":\"EntryPoint\",\"urlTemplate\":\"https:\/\/dev.tg4.ie\/en\/?s={search_term_string}\"},\"query-input\":\"required name=search_term_string\"}],\"inLanguage\":\"ga\"}]}<\/script>\n<!-- \/ Yoast SEO plugin. -->","yoast_head_json":{"title":"Sl\u00e9acht, Sceitheadh agus Sc\u00e9ins\u00e9ir\u00ed i Sceideal an Fh\u00f3mhair ar TG4 | Preas R\u00e1iteas | TG4","robots":{"index":"index","follow":"follow","max-snippet":"max-snippet:-1","max-image-preview":"max-image-preview:large","max-video-preview":"max-video-preview:-1"},"og_locale":"en_US","og_type":"article","og_title":"Sl\u00e9acht, Sceitheadh agus Sc\u00e9ins\u00e9ir\u00ed i Sceideal an Fh\u00f3mhair ar TG4 | Preas R\u00e1iteas | TG4","og_description":"&nbsp; Agus TG4 ag druidim le 25 bliain ar an aer i m\u00ed Dheireadh F\u00f3mhair, is l\u00e9iri\u00fa oiri\u00fanach \u00e9 sceideal nua an fh\u00f3mhair ar aois agus ar fh\u00eds TG4. &nbsp; Leanann TG4 de chl\u00e1racha faisn\u00e9ise nua agus saini\u00fala chomh maith le siamsa\u00edocht Ghaelach ar leith a chur ar f\u00e1il don lucht f\u00e9achana, tallann nua a [&hellip;]","og_url":"https:\/\/dev.tg4.ie\/ga\/eolas\/preas\/nuacht-raitis\/2021-2\/sleacht-sceitheadh-agus-sceinseiri-i-sceideal-an-fhomhair-ar-tg4\/","og_site_name":"TG4","article_publisher":"https:\/\/www.facebook.com\/TG4TV","og_image":[{"width":1920,"height":1080,"url":"https:\/\/tg4-docs.s3.amazonaws.com\/tg4-redesign-2015\/wp-content\/uploads\/2021\/08\/Seoladh_an_Fhomhair_Grupa_1920x1080.jpg","type":"image\/jpeg"}],"twitter_card":"summary_large_image","twitter_image":"https:\/\/tg4-docs.s3.amazonaws.com\/tg4-redesign-2015\/wp-content\/uploads\/2021\/08\/Seoladh_an_Fhomhair_Grupa_1920x1080.jpg","twitter_site":"@TG4TV","twitter_misc":{"Est. reading time":"7 minutes"},"schema":{"@context":"https:\/\/schema.org","@graph":[{"@type":"WebPage","@id":"https:\/\/dev.tg4.ie\/ga\/eolas\/preas\/nuacht-raitis\/2021-2\/sleacht-sceitheadh-agus-sceinseiri-i-sceideal-an-fhomhair-ar-tg4\/","url":"https:\/\/dev.tg4.ie\/ga\/eolas\/preas\/nuacht-raitis\/2021-2\/sleacht-sceitheadh-agus-sceinseiri-i-sceideal-an-fhomhair-ar-tg4\/","name":"Sl\u00e9acht, Sceitheadh agus Sc\u00e9ins\u00e9ir\u00ed i Sceideal an Fh\u00f3mhair ar TG4 | Preas R\u00e1iteas | TG4","isPartOf":{"@id":"https:\/\/dev.tg4.ie\/en\/#website"},"primaryImageOfPage":{"@id":"https:\/\/dev.tg4.ie\/ga\/eolas\/preas\/nuacht-raitis\/2021-2\/sleacht-sceitheadh-agus-sceinseiri-i-sceideal-an-fhomhair-ar-tg4\/#primaryimage"},"image":{"@id":"https:\/\/dev.tg4.ie\/ga\/eolas\/preas\/nuacht-raitis\/2021-2\/sleacht-sceitheadh-agus-sceinseiri-i-sceideal-an-fhomhair-ar-tg4\/#primaryimage"},"thumbnailUrl":"https:\/\/dev.tg4.ie\/wp-content\/uploads\/2021\/08\/Seoladh_an_Fhomhair_Grupa_1920x1080.jpg","datePublished":"2021-08-23T10:22:52+00:00","dateModified":"2021-08-23T10:22:52+00:00","breadcrumb":{"@id":"https:\/\/dev.tg4.ie\/ga\/eolas\/preas\/nuacht-raitis\/2021-2\/sleacht-sceitheadh-agus-sceinseiri-i-sceideal-an-fhomhair-ar-tg4\/#breadcrumb"},"inLanguage":"ga","potentialAction":[{"@type":"ReadAction","target":["https:\/\/dev.tg4.ie\/ga\/eolas\/preas\/nuacht-raitis\/2021-2\/sleacht-sceitheadh-agus-sceinseiri-i-sceideal-an-fhomhair-ar-tg4\/"]}]},{"@type":"ImageObject","inLanguage":"ga","@id":"https:\/\/dev.tg4.ie\/ga\/eolas\/preas\/nuacht-raitis\/2021-2\/sleacht-sceitheadh-agus-sceinseiri-i-sceideal-an-fhomhair-ar-tg4\/#primaryimage","url":"https:\/\/dev.tg4.ie\/wp-content\/uploads\/2021\/08\/Seoladh_an_Fhomhair_Grupa_1920x1080.jpg","contentUrl":"https:\/\/dev.tg4.ie\/wp-content\/uploads\/2021\/08\/Seoladh_an_Fhomhair_Grupa_1920x1080.jpg"},{"@type":"BreadcrumbList","@id":"https:\/\/dev.tg4.ie\/ga\/eolas\/preas\/nuacht-raitis\/2021-2\/sleacht-sceitheadh-agus-sceinseiri-i-sceideal-an-fhomhair-ar-tg4\/#breadcrumb","itemListElement":[{"@type":"ListItem","position":1,"name":"Home","item":"https:\/\/dev.tg4.ie\/ga\/"},{"@type":"ListItem","position":2,"name":"Eolas","item":"https:\/\/dev.tg4.ie\/ga\/eolas\/"},{"@type":"ListItem","position":3,"name":"Preas","item":"https:\/\/dev.tg4.ie\/ga\/eolas\/preas\/"},{"@type":"ListItem","position":4,"name":"Nuacht R\u00e1itis","item":"https:\/\/dev.tg4.ie\/ga\/eolas\/preas\/nuacht-raitis\/"},{"@type":"ListItem","position":5,"name":"2021","item":"https:\/\/dev.tg4.ie\/ga\/eolas\/preas\/nuacht-raitis\/2021-2\/"},{"@type":"ListItem","position":6,"name":"Sl\u00e9acht, Sceitheadh agus Sc\u00e9ins\u00e9ir\u00ed i Sceideal an Fh\u00f3mhair ar TG4"}]},{"@type":"WebSite","@id":"https:\/\/dev.tg4.ie\/en\/#website","url":"https:\/\/dev.tg4.ie\/en\/","name":"TG4","description":"S\u00fail Eile","potentialAction":[{"@type":"SearchAction","target":{"@type":"EntryPoint","urlTemplate":"https:\/\/dev.tg4.ie\/en\/?s={search_term_string}"},"query-input":"required name=search_term_string"}],"inLanguage":"ga"}]}},"_links":{"self":[{"href":"https:\/\/dev.tg4.ie\/ga\/wp-json\/wp\/v2\/pages\/130493"}],"collection":[{"href":"https:\/\/dev.tg4.ie\/ga\/wp-json\/wp\/v2\/pages"}],"about":[{"href":"https:\/\/dev.tg4.ie\/ga\/wp-json\/wp\/v2\/types\/page"}],"author":[{"embeddable":true,"href":"https:\/\/dev.tg4.ie\/ga\/wp-json\/wp\/v2\/users\/876"}],"replies":[{"embeddable":true,"href":"https:\/\/dev.tg4.ie\/ga\/wp-json\/wp\/v2\/comments?post=130493"}],"version-history":[{"count":0,"href":"https:\/\/dev.tg4.ie\/ga\/wp-json\/wp\/v2\/pages\/130493\/revisions"}],"up":[{"embeddable":true,"href":"https:\/\/dev.tg4.ie\/ga\/wp-json\/wp\/v2\/pages\/115579"}],"wp:attachment":[{"href":"https:\/\/dev.tg4.ie\/ga\/wp-json\/wp\/v2\/media?parent=130493"}],"curies":[{"name":"wp","href":"https:\/\/api.w.org\/{rel}","templated":true}]}}