{"id":130842,"date":"2021-09-03T10:54:39","date_gmt":"2021-09-03T09:54:39","guid":{"rendered":"https:\/\/dev.tg4.ie\/?page_id=130842"},"modified":"2021-09-03T11:46:53","modified_gmt":"2021-09-03T10:46:53","slug":"se-mo-laoch-scealta-agus-ceol-o-laochra-mhor-an-cheoil-traidisiunta-in-eirinn","status":"publish","type":"page","link":"https:\/\/dev.tg4.ie\/ga\/eolas\/preas\/nuacht-raitis\/2021-2\/se-mo-laoch-scealta-agus-ceol-o-laochra-mhor-an-cheoil-traidisiunta-in-eirinn\/","title":{"rendered":"&#8216;S\u00e9 Mo Laoch &#8211; sc\u00e9alta agus ceol \u00f3 laochra mh\u00f3r an cheoil traidisi\u00fanta in \u00c9irinn"},"content":{"rendered":"<div><a href=\"https:\/\/tg4-docs.s3.amazonaws.com\/tg4-redesign-2015\/wp-content\/uploads\/2021\/09\/Se_Mo_Laoch_12_Mairead_3_1920x1080.jpg\"><img decoding=\"async\" src=\"https:\/\/tg4-docs.s3.amazonaws.com\/tg4-redesign-2015\/wp-content\/uploads\/2021\/09\/Se_Mo_Laoch_12_Mairead_3_1920x1080.jpg\"  width=\"50%\" \/><\/a><a href=\"https:\/\/tg4-docs.s3.amazonaws.com\/tg4-redesign-2015\/wp-content\/uploads\/2021\/09\/Se_Mo_Laoch_12_Kevin_Conneff_1_1920x1080.jpg\"><img decoding=\"async\" src=\"https:\/\/tg4-docs.s3.amazonaws.com\/tg4-redesign-2015\/wp-content\/uploads\/2021\/09\/Se_Mo_Laoch_12_Kevin_Conneff_1_1920x1080.jpg\"  width=\"50%\" \/><\/a><\/div>\n<p>&nbsp;<\/p>\n<div style=\"position: relative; overflow: auto; width: 100%; padding-bottom: 56.25%;\"><iframe loading=\"lazy\" src=\"https:\/\/www.youtube.com\/embed\/GQ7ENFKwIDY\" width=\"100%\" height=\"100%\" frameborder=\"0\" scrolling=\"no\" allowFullscreen=\"true\" style=\"position: absolute; top: 0px; display: block;\"><\/iframe><\/div>\n<p>&nbsp;<\/p>\n<p>T\u00e1 <strong>&#8216;S\u00e9 mo Laoch<\/strong>, m\u00f3rshraith ceoil thraidisi\u00fanta TG4, ar ais don 12\u00fa sraith, sraith ina mbeidh pl\u00far na gceolt\u00f3ir\u00ed traidisi\u00fanta p\u00e1irteach ann.  Leagfar b\u00e9im sa tsraith seo ar an traidisi\u00fan ar leith a bhaineann leis an bportaireacht b\u00e9il. Faoi chaibidil sa tsraith dhomhain c\u00faig chl\u00e1r seo beidh an portaire b\u00e9il <strong>S\u00e9amus Fay<\/strong> as an gCabh\u00e1n, na ceolt\u00f3ir\u00ed org\u00e1in b\u00e9il <strong>John &#038; Pip Murphy<\/strong> as Loch Garman , na hamhr\u00e1naithe <strong>\u00c1ine U\u00ed Cheallaigh<\/strong> as Port L\u00e1irge, <strong>Mair\u00e9ad N\u00ed Mhaonaigh<\/strong> as D\u00fan na Gall agus <strong>Kevin Conneff<\/strong> na Chieftains sna cl\u00e1racha uair an chloig faisn\u00e9ise ina n-inseoidh na ceolt\u00f3ir\u00ed seo a sc\u00e9al f\u00e9in.<br \/>\n&nbsp;<br \/>\nLe saol agus saothar <strong>Mhair\u00e9id N\u00ed Mhaonaigh<\/strong>, an t-amhr\u00e1na\u00ed traidisi\u00fanta agus fidl\u00e9ir, as T\u00edr Chonaill a chuirfear t\u00fas leis an tsraith.  Bh\u00ed Mair\u00e9ad ar dhuine de bhunaitheoir\u00ed Altan, an banna m\u00f3r ceoil a chuir ceol Dh\u00fan na nGall ar st\u00e1itse ar fud an domhain mh\u00f3ir. Is ball freisin \u00ed de na gr\u00fapa\u00ed Na Mooneys, String Sisters agus S\u00ed Fiddlers. Idir a st\u00edl fhuinni\u00fail fidl\u00e9ireachta agus a guth uaibhreach, is cinnte go bhfuil fuaim ar leith tugtha chun cinn ag Mair\u00e9ad sa 30 bliain a bhfuil s\u00ed i mbun ceoil agus t\u00e1 s\u00ed gan amhras ar dhuine de na hamhr\u00e1naithe is aitheanta i gceol nua-aimseartha na h\u00c9ireann. I measc na rannph\u00e1irtithe agus na gceolt\u00f3ir\u00ed sa gcl\u00e1r seo t\u00e1  Mark Kelly; Martin Tourish; Ciar\u00e1n Curran; Steve Cooney; Tara Bingham; Dermy Diamond; Manus Lunny; Nia Byrne; Ann Mooney; Gear\u00f3id \u00d3 Maonaigh; Paul O\u2019Shaughnessy; Paddy Glackin &#038; Maighread N\u00ed Dhomhnaill.<br \/>\n&nbsp;<br \/>\nGo Loch Garman linn ina dhiaidh sin chun eolas a chur ar <strong>John &#038; Pip Murphy<\/strong>. Ag \u00e9ir\u00ed an\u00edos i mBaile Gabha gar don Charraig a d\u2019fhoghlaim John agus Pip leis an arm\u00f3nach a chasadh \u00f3na n-athair Phil Murphy agus casann siad f\u00f3s na r\u00edleanna agus cornph\u00edopa\u00ed a chum s\u00e9 &#8211; R\u00edl Bhaile Gabha agus Turas go Baile Chuilinn ina measc. Ar nd\u00f3igh is m\u00f3 at\u00e1 ar Loch Garman \u00f3 thaobh na hiom\u00e1na\u00edochta n\u00e1 an ceol agus is minic go nd\u00e9antar neamhaird ar an gcontae sa bpl\u00e9 faoin gceol traidisi\u00fanta. C\u00e9 is fearr chun sin a chur ina cheart n\u00e1 John &#038; Pip, tr\u00edna sc\u00e9al f\u00e9in a roinnt i dteannta Benny McCarthy, Des Dillon, Jim Murray, \u00c1ine Hensey, Philip King, Rick Epping &#038; Se\u00e1n \u00d3g Potts.<br \/>\n&nbsp;<br \/>\nBeidh aithne ag lucht an cheoil thraidisi\u00fanta ar <strong>Kevin Conneff<\/strong>, amhr\u00e1na\u00ed agus ceolt\u00f3ir bodhr\u00e1in as Baile \u00c1tha Cliath. \u00c9 ar dhuine de bhanna aitheanta The Chieftains agus ar dhuine de bhunaitheoir\u00ed The Tradition Club i dteach \u00f3sta Slattery sna 70id\u00ed, t\u00e1 greim ag Kevin Conneff ar an gceol traidisi\u00fanta nach bhfuil ag aon duine eile. Cl\u00e1r pearsanta ar leith an cl\u00e1r seo ina gcaitear s\u00fail ar shaol agus ar cheol Kevin agus i measc na n-a\u00edonna ina theannta beidh Mary Bergin, Matt Molloy, Tony Byrne, Joe McKenna, Ella Conneff, Doireann N\u00ed Bhriain, John Banville, Gay McKeon &#038; Tara Breen.<br \/>\n&nbsp;<br \/>\n\u2018Portaire b\u00e9il an Chabh\u00e1in\u2019 a bheidh againn ina dhiaidh sin &#8211; <strong>S\u00e9amus Fay<\/strong> as Druim Chonnmhaic i mBaile an Chabh\u00e1in. Tugadh aitheantas d\u00f3 as an mbua at\u00e1 aige nuair a bhuaigh s\u00e9 gradam na portaireachta b\u00e9il ceithre uaire ag Fleadh Ceoil na h\u00c9ireann sa bhliain 1959, 1960, 1961 and 1969. Mar a tharla\u00edonn s\u00e9 n\u00edor chuir s\u00e9 isteach ar aon chom\u00f3rtas eile riamh ach iad &#8211; nach iad na hiomaitheoir\u00ed eile a bh\u00ed bu\u00edoch. Is cinnte go bhfuil bua ceart ar an bhfear umhal seo agus inseoidh s\u00e9 a sc\u00e9al f\u00e9in i dteannta Martin Donohoe, Neansa\u00ed N\u00ed Choisdealbha, Michael Harding, Eoghan \u00d3 Ceannabh\u00e1in, Aoife Murray, Ant\u00f3in MacGabhann, Richie Lyons, Fintan McManus, Marion Crowe, Cathal Lynch, Zoran Donohoe, Claire McDermott &#038; \u00c1ine McDermott.<br \/>\n&nbsp;<br \/>\nSa gcl\u00e1r deiridh den tsraith, roinnfidh <strong>\u00c1ine U\u00ed Cheallaigh<\/strong>, duine de na hamhr\u00e1naithe is t\u00e1bhachta\u00ed in \u00c9irinn, a sc\u00e9al linn.  Is i mB\u00e9al Feirste a rugadh \u00c1ine ach go bhfuil ceangal r\u00edmh\u00f3r aici le ceantar Gaeltachta na Rinne i bPort L\u00e1irge.  Is m\u00f3 c\u00e1il \u00c1ine d\u00e1 p\u00e1irt sa ch\u00e9ad se\u00f3 Riverdance agus ina dhiaidh sin sa se\u00f3 ceoil \u2018The Pirate Queen\u2019 ar Broadway. T\u00e1 Corn U\u00ed Riada buaite faoi dh\u00f3 aici agus bh\u00ed s\u00ed ar dhuine de na ch\u00e9ad daoine nach de thraidisi\u00fan amhr\u00e1na\u00edochta Chonamara iad leis an ngradam m\u00f3r sin a thabhairt l\u00e9i. Inseoidh s\u00ed a sc\u00e9al f\u00e9in d\u00fainn sa gcl\u00e1r seo i dteannta Irial \u00d3 Ceallaigh, Bill Whelan, Se\u00e1n B\u00e1n Breathnach, Liam \u00d3 Maoladha, Ann Mulqueen, Caoimh\u00edn \u00d3 Feargh\u00e1il, Se\u00e1n \u00d3 Feargh\u00e1il, Macdara \u00d3 Faol\u00e1in, Pax \u00d3 Faol\u00e1in, C\u00e1rthach \u00d3 Faol\u00e1in &#038; Cormac De Barra.<br \/>\n&nbsp;<br \/>\nArna sti\u00faradh ag  Ciar\u00e1n \u00d3 Maonaigh agus arna l\u00e9iri\u00fa ag D\u00f3nal O\u2019Connor, is \u00ed Niamh N\u00ed Bhaoill an L\u00e9iritheoir Feidhmi\u00fach\u00e1in.  \u2018S\u00e9 mo Laoch arna l\u00e9iri\u00fa ag Aniar TV.<br \/>\n&nbsp;<br \/>\n&nbsp;<br \/>\n&nbsp;<\/p>\n","protected":false},"excerpt":{"rendered":"<p>&nbsp; &nbsp; T\u00e1 &#8216;S\u00e9 mo Laoch, m\u00f3rshraith ceoil thraidisi\u00fanta TG4, ar ais don 12\u00fa sraith, sraith ina mbeidh pl\u00far na gceolt\u00f3ir\u00ed traidisi\u00fanta p\u00e1irteach ann. Leagfar b\u00e9im sa tsraith seo ar an traidisi\u00fan ar leith a bhaineann leis an bportaireacht b\u00e9il. Faoi chaibidil sa tsraith dhomhain c\u00faig chl\u00e1r seo beidh an portaire b\u00e9il S\u00e9amus Fay as [&hellip;]<\/p>\n","protected":false},"author":876,"featured_media":0,"parent":115579,"menu_order":37,"comment_status":"closed","ping_status":"closed","template":"page-templates\/template-pr.php","meta":{"_acf_changed":false,"footnotes":""},"acf":[],"yoast_head":"<!-- This site is optimized with the Yoast SEO plugin v22.6 - https:\/\/yoast.com\/wordpress\/plugins\/seo\/ -->\n<title>&#039;S\u00e9 Mo Laoch - sc\u00e9alta agus ceol \u00f3 laochra mh\u00f3r an cheoil traidisi\u00fanta in \u00c9irinn | Preas R\u00e1iteas | TG4<\/title>\n<meta name=\"description\" content=\"T\u00e1 &#039;S\u00e9 mo Laoch, m\u00f3rshraith ceoil thraidisi\u00fanta TG4, ar ais don 12\u00fa sraith, sraith ina mbeidh pl\u00far na gceolt\u00f3ir\u00ed traidisi\u00fanta p\u00e1irteach ann. Leagfar b\u00e9im sa tsraith seo ar an traidisi\u00fan ar leith a bhaineann leis an bportaireacht b\u00e9il.\" \/>\n<meta name=\"robots\" content=\"index, follow, max-snippet:-1, max-image-preview:large, max-video-preview:-1\" \/>\n<meta property=\"og:locale\" content=\"en_US\" \/>\n<meta property=\"og:type\" content=\"article\" \/>\n<meta property=\"og:title\" content=\"&#039;S\u00e9 Mo Laoch - sc\u00e9alta agus ceol \u00f3 laochra mh\u00f3r an cheoil traidisi\u00fanta in \u00c9irinn | Preas R\u00e1iteas | TG4\" \/>\n<meta property=\"og:description\" content=\"T\u00e1 &#039;S\u00e9 mo Laoch, m\u00f3rshraith ceoil thraidisi\u00fanta TG4, ar ais don 12\u00fa sraith, sraith ina mbeidh pl\u00far na gceolt\u00f3ir\u00ed traidisi\u00fanta p\u00e1irteach ann. Leagfar b\u00e9im sa tsraith seo ar an traidisi\u00fan ar leith a bhaineann leis an bportaireacht b\u00e9il.\" \/>\n<meta property=\"og:url\" content=\"https:\/\/dev.tg4.ie\/ga\/eolas\/preas\/nuacht-raitis\/2021-2\/se-mo-laoch-scealta-agus-ceol-o-laochra-mhor-an-cheoil-traidisiunta-in-eirinn\/\" \/>\n<meta property=\"og:site_name\" content=\"TG4\" \/>\n<meta property=\"article:publisher\" content=\"https:\/\/www.facebook.com\/TG4TV\" \/>\n<meta property=\"article:modified_time\" content=\"2021-09-03T10:46:53+00:00\" \/>\n<meta property=\"og:image\" content=\"https:\/\/tg4-docs.s3.amazonaws.com\/tg4-redesign-2015\/wp-content\/uploads\/2021\/09\/Se_Mo_Laoch_12_Mairead_3_1920x1080.jpg\" \/>\n\t<meta property=\"og:image:width\" content=\"1920\" \/>\n\t<meta property=\"og:image:height\" content=\"1080\" \/>\n\t<meta property=\"og:image:type\" content=\"image\/jpeg\" \/>\n<meta name=\"twitter:card\" content=\"summary_large_image\" \/>\n<meta name=\"twitter:image\" content=\"https:\/\/tg4-docs.s3.amazonaws.com\/tg4-redesign-2015\/wp-content\/uploads\/2021\/09\/Se_Mo_Laoch_12_Mairead_3_1920x1080.jpg\" \/>\n<meta name=\"twitter:site\" content=\"@TG4TV\" \/>\n<meta name=\"twitter:label1\" content=\"Est. reading time\" \/>\n\t<meta name=\"twitter:data1\" content=\"4 minutes\" \/>\n<script type=\"application\/ld+json\" class=\"yoast-schema-graph\">{\"@context\":\"https:\/\/schema.org\",\"@graph\":[{\"@type\":\"WebPage\",\"@id\":\"https:\/\/dev.tg4.ie\/ga\/eolas\/preas\/nuacht-raitis\/2021-2\/se-mo-laoch-scealta-agus-ceol-o-laochra-mhor-an-cheoil-traidisiunta-in-eirinn\/\",\"url\":\"https:\/\/dev.tg4.ie\/ga\/eolas\/preas\/nuacht-raitis\/2021-2\/se-mo-laoch-scealta-agus-ceol-o-laochra-mhor-an-cheoil-traidisiunta-in-eirinn\/\",\"name\":\"'S\u00e9 Mo Laoch - sc\u00e9alta agus ceol \u00f3 laochra mh\u00f3r an cheoil traidisi\u00fanta in \u00c9irinn | Preas R\u00e1iteas | TG4\",\"isPartOf\":{\"@id\":\"https:\/\/dev.tg4.ie\/en\/#website\"},\"primaryImageOfPage\":{\"@id\":\"https:\/\/dev.tg4.ie\/ga\/eolas\/preas\/nuacht-raitis\/2021-2\/se-mo-laoch-scealta-agus-ceol-o-laochra-mhor-an-cheoil-traidisiunta-in-eirinn\/#primaryimage\"},\"image\":{\"@id\":\"https:\/\/dev.tg4.ie\/ga\/eolas\/preas\/nuacht-raitis\/2021-2\/se-mo-laoch-scealta-agus-ceol-o-laochra-mhor-an-cheoil-traidisiunta-in-eirinn\/#primaryimage\"},\"thumbnailUrl\":\"https:\/\/dev.tg4.ie\/wp-content\/uploads\/2021\/09\/Se_Mo_Laoch_12_Mairead_3_1920x1080.jpg\",\"datePublished\":\"2021-09-03T09:54:39+00:00\",\"dateModified\":\"2021-09-03T10:46:53+00:00\",\"description\":\"T\u00e1 'S\u00e9 mo Laoch, m\u00f3rshraith ceoil thraidisi\u00fanta TG4, ar ais don 12\u00fa sraith, sraith ina mbeidh pl\u00far na gceolt\u00f3ir\u00ed traidisi\u00fanta p\u00e1irteach ann. Leagfar b\u00e9im sa tsraith seo ar an traidisi\u00fan ar leith a bhaineann leis an bportaireacht b\u00e9il.\",\"breadcrumb\":{\"@id\":\"https:\/\/dev.tg4.ie\/ga\/eolas\/preas\/nuacht-raitis\/2021-2\/se-mo-laoch-scealta-agus-ceol-o-laochra-mhor-an-cheoil-traidisiunta-in-eirinn\/#breadcrumb\"},\"inLanguage\":\"ga\",\"potentialAction\":[{\"@type\":\"ReadAction\",\"target\":[\"https:\/\/dev.tg4.ie\/ga\/eolas\/preas\/nuacht-raitis\/2021-2\/se-mo-laoch-scealta-agus-ceol-o-laochra-mhor-an-cheoil-traidisiunta-in-eirinn\/\"]}]},{\"@type\":\"ImageObject\",\"inLanguage\":\"ga\",\"@id\":\"https:\/\/dev.tg4.ie\/ga\/eolas\/preas\/nuacht-raitis\/2021-2\/se-mo-laoch-scealta-agus-ceol-o-laochra-mhor-an-cheoil-traidisiunta-in-eirinn\/#primaryimage\",\"url\":\"https:\/\/dev.tg4.ie\/wp-content\/uploads\/2021\/09\/Se_Mo_Laoch_12_Mairead_3_1920x1080.jpg\",\"contentUrl\":\"https:\/\/dev.tg4.ie\/wp-content\/uploads\/2021\/09\/Se_Mo_Laoch_12_Mairead_3_1920x1080.jpg\"},{\"@type\":\"BreadcrumbList\",\"@id\":\"https:\/\/dev.tg4.ie\/ga\/eolas\/preas\/nuacht-raitis\/2021-2\/se-mo-laoch-scealta-agus-ceol-o-laochra-mhor-an-cheoil-traidisiunta-in-eirinn\/#breadcrumb\",\"itemListElement\":[{\"@type\":\"ListItem\",\"position\":1,\"name\":\"Home\",\"item\":\"https:\/\/dev.tg4.ie\/ga\/\"},{\"@type\":\"ListItem\",\"position\":2,\"name\":\"Eolas\",\"item\":\"https:\/\/dev.tg4.ie\/ga\/eolas\/\"},{\"@type\":\"ListItem\",\"position\":3,\"name\":\"Preas\",\"item\":\"https:\/\/dev.tg4.ie\/ga\/eolas\/preas\/\"},{\"@type\":\"ListItem\",\"position\":4,\"name\":\"Nuacht R\u00e1itis\",\"item\":\"https:\/\/dev.tg4.ie\/ga\/eolas\/preas\/nuacht-raitis\/\"},{\"@type\":\"ListItem\",\"position\":5,\"name\":\"2021\",\"item\":\"https:\/\/dev.tg4.ie\/ga\/eolas\/preas\/nuacht-raitis\/2021-2\/\"},{\"@type\":\"ListItem\",\"position\":6,\"name\":\"&#8216;S\u00e9 Mo Laoch &#8211; sc\u00e9alta agus ceol \u00f3 laochra mh\u00f3r an cheoil traidisi\u00fanta in \u00c9irinn\"}]},{\"@type\":\"WebSite\",\"@id\":\"https:\/\/dev.tg4.ie\/en\/#website\",\"url\":\"https:\/\/dev.tg4.ie\/en\/\",\"name\":\"TG4\",\"description\":\"S\u00fail Eile\",\"potentialAction\":[{\"@type\":\"SearchAction\",\"target\":{\"@type\":\"EntryPoint\",\"urlTemplate\":\"https:\/\/dev.tg4.ie\/en\/?s={search_term_string}\"},\"query-input\":\"required name=search_term_string\"}],\"inLanguage\":\"ga\"}]}<\/script>\n<!-- \/ Yoast SEO plugin. -->","yoast_head_json":{"title":"'S\u00e9 Mo Laoch - sc\u00e9alta agus ceol \u00f3 laochra mh\u00f3r an cheoil traidisi\u00fanta in \u00c9irinn | Preas R\u00e1iteas | TG4","description":"T\u00e1 'S\u00e9 mo Laoch, m\u00f3rshraith ceoil thraidisi\u00fanta TG4, ar ais don 12\u00fa sraith, sraith ina mbeidh pl\u00far na gceolt\u00f3ir\u00ed traidisi\u00fanta p\u00e1irteach ann. Leagfar b\u00e9im sa tsraith seo ar an traidisi\u00fan ar leith a bhaineann leis an bportaireacht b\u00e9il.","robots":{"index":"index","follow":"follow","max-snippet":"max-snippet:-1","max-image-preview":"max-image-preview:large","max-video-preview":"max-video-preview:-1"},"og_locale":"en_US","og_type":"article","og_title":"'S\u00e9 Mo Laoch - sc\u00e9alta agus ceol \u00f3 laochra mh\u00f3r an cheoil traidisi\u00fanta in \u00c9irinn | Preas R\u00e1iteas | TG4","og_description":"T\u00e1 'S\u00e9 mo Laoch, m\u00f3rshraith ceoil thraidisi\u00fanta TG4, ar ais don 12\u00fa sraith, sraith ina mbeidh pl\u00far na gceolt\u00f3ir\u00ed traidisi\u00fanta p\u00e1irteach ann. Leagfar b\u00e9im sa tsraith seo ar an traidisi\u00fan ar leith a bhaineann leis an bportaireacht b\u00e9il.","og_url":"https:\/\/dev.tg4.ie\/ga\/eolas\/preas\/nuacht-raitis\/2021-2\/se-mo-laoch-scealta-agus-ceol-o-laochra-mhor-an-cheoil-traidisiunta-in-eirinn\/","og_site_name":"TG4","article_publisher":"https:\/\/www.facebook.com\/TG4TV","article_modified_time":"2021-09-03T10:46:53+00:00","og_image":[{"width":1920,"height":1080,"url":"https:\/\/tg4-docs.s3.amazonaws.com\/tg4-redesign-2015\/wp-content\/uploads\/2021\/09\/Se_Mo_Laoch_12_Mairead_3_1920x1080.jpg","type":"image\/jpeg"}],"twitter_card":"summary_large_image","twitter_image":"https:\/\/tg4-docs.s3.amazonaws.com\/tg4-redesign-2015\/wp-content\/uploads\/2021\/09\/Se_Mo_Laoch_12_Mairead_3_1920x1080.jpg","twitter_site":"@TG4TV","twitter_misc":{"Est. reading time":"4 minutes"},"schema":{"@context":"https:\/\/schema.org","@graph":[{"@type":"WebPage","@id":"https:\/\/dev.tg4.ie\/ga\/eolas\/preas\/nuacht-raitis\/2021-2\/se-mo-laoch-scealta-agus-ceol-o-laochra-mhor-an-cheoil-traidisiunta-in-eirinn\/","url":"https:\/\/dev.tg4.ie\/ga\/eolas\/preas\/nuacht-raitis\/2021-2\/se-mo-laoch-scealta-agus-ceol-o-laochra-mhor-an-cheoil-traidisiunta-in-eirinn\/","name":"'S\u00e9 Mo Laoch - sc\u00e9alta agus ceol \u00f3 laochra mh\u00f3r an cheoil traidisi\u00fanta in \u00c9irinn | Preas R\u00e1iteas | TG4","isPartOf":{"@id":"https:\/\/dev.tg4.ie\/en\/#website"},"primaryImageOfPage":{"@id":"https:\/\/dev.tg4.ie\/ga\/eolas\/preas\/nuacht-raitis\/2021-2\/se-mo-laoch-scealta-agus-ceol-o-laochra-mhor-an-cheoil-traidisiunta-in-eirinn\/#primaryimage"},"image":{"@id":"https:\/\/dev.tg4.ie\/ga\/eolas\/preas\/nuacht-raitis\/2021-2\/se-mo-laoch-scealta-agus-ceol-o-laochra-mhor-an-cheoil-traidisiunta-in-eirinn\/#primaryimage"},"thumbnailUrl":"https:\/\/dev.tg4.ie\/wp-content\/uploads\/2021\/09\/Se_Mo_Laoch_12_Mairead_3_1920x1080.jpg","datePublished":"2021-09-03T09:54:39+00:00","dateModified":"2021-09-03T10:46:53+00:00","description":"T\u00e1 'S\u00e9 mo Laoch, m\u00f3rshraith ceoil thraidisi\u00fanta TG4, ar ais don 12\u00fa sraith, sraith ina mbeidh pl\u00far na gceolt\u00f3ir\u00ed traidisi\u00fanta p\u00e1irteach ann. Leagfar b\u00e9im sa tsraith seo ar an traidisi\u00fan ar leith a bhaineann leis an bportaireacht b\u00e9il.","breadcrumb":{"@id":"https:\/\/dev.tg4.ie\/ga\/eolas\/preas\/nuacht-raitis\/2021-2\/se-mo-laoch-scealta-agus-ceol-o-laochra-mhor-an-cheoil-traidisiunta-in-eirinn\/#breadcrumb"},"inLanguage":"ga","potentialAction":[{"@type":"ReadAction","target":["https:\/\/dev.tg4.ie\/ga\/eolas\/preas\/nuacht-raitis\/2021-2\/se-mo-laoch-scealta-agus-ceol-o-laochra-mhor-an-cheoil-traidisiunta-in-eirinn\/"]}]},{"@type":"ImageObject","inLanguage":"ga","@id":"https:\/\/dev.tg4.ie\/ga\/eolas\/preas\/nuacht-raitis\/2021-2\/se-mo-laoch-scealta-agus-ceol-o-laochra-mhor-an-cheoil-traidisiunta-in-eirinn\/#primaryimage","url":"https:\/\/dev.tg4.ie\/wp-content\/uploads\/2021\/09\/Se_Mo_Laoch_12_Mairead_3_1920x1080.jpg","contentUrl":"https:\/\/dev.tg4.ie\/wp-content\/uploads\/2021\/09\/Se_Mo_Laoch_12_Mairead_3_1920x1080.jpg"},{"@type":"BreadcrumbList","@id":"https:\/\/dev.tg4.ie\/ga\/eolas\/preas\/nuacht-raitis\/2021-2\/se-mo-laoch-scealta-agus-ceol-o-laochra-mhor-an-cheoil-traidisiunta-in-eirinn\/#breadcrumb","itemListElement":[{"@type":"ListItem","position":1,"name":"Home","item":"https:\/\/dev.tg4.ie\/ga\/"},{"@type":"ListItem","position":2,"name":"Eolas","item":"https:\/\/dev.tg4.ie\/ga\/eolas\/"},{"@type":"ListItem","position":3,"name":"Preas","item":"https:\/\/dev.tg4.ie\/ga\/eolas\/preas\/"},{"@type":"ListItem","position":4,"name":"Nuacht R\u00e1itis","item":"https:\/\/dev.tg4.ie\/ga\/eolas\/preas\/nuacht-raitis\/"},{"@type":"ListItem","position":5,"name":"2021","item":"https:\/\/dev.tg4.ie\/ga\/eolas\/preas\/nuacht-raitis\/2021-2\/"},{"@type":"ListItem","position":6,"name":"&#8216;S\u00e9 Mo Laoch &#8211; sc\u00e9alta agus ceol \u00f3 laochra mh\u00f3r an cheoil traidisi\u00fanta in \u00c9irinn"}]},{"@type":"WebSite","@id":"https:\/\/dev.tg4.ie\/en\/#website","url":"https:\/\/dev.tg4.ie\/en\/","name":"TG4","description":"S\u00fail Eile","potentialAction":[{"@type":"SearchAction","target":{"@type":"EntryPoint","urlTemplate":"https:\/\/dev.tg4.ie\/en\/?s={search_term_string}"},"query-input":"required name=search_term_string"}],"inLanguage":"ga"}]}},"_links":{"self":[{"href":"https:\/\/dev.tg4.ie\/ga\/wp-json\/wp\/v2\/pages\/130842"}],"collection":[{"href":"https:\/\/dev.tg4.ie\/ga\/wp-json\/wp\/v2\/pages"}],"about":[{"href":"https:\/\/dev.tg4.ie\/ga\/wp-json\/wp\/v2\/types\/page"}],"author":[{"embeddable":true,"href":"https:\/\/dev.tg4.ie\/ga\/wp-json\/wp\/v2\/users\/876"}],"replies":[{"embeddable":true,"href":"https:\/\/dev.tg4.ie\/ga\/wp-json\/wp\/v2\/comments?post=130842"}],"version-history":[{"count":0,"href":"https:\/\/dev.tg4.ie\/ga\/wp-json\/wp\/v2\/pages\/130842\/revisions"}],"up":[{"embeddable":true,"href":"https:\/\/dev.tg4.ie\/ga\/wp-json\/wp\/v2\/pages\/115579"}],"wp:attachment":[{"href":"https:\/\/dev.tg4.ie\/ga\/wp-json\/wp\/v2\/media?parent=130842"}],"curies":[{"name":"wp","href":"https:\/\/api.w.org\/{rel}","templated":true}]}}