{"id":130949,"date":"2021-09-07T10:55:07","date_gmt":"2021-09-07T09:55:07","guid":{"rendered":"https:\/\/dev.tg4.ie\/?page_id=130949"},"modified":"2021-09-08T11:17:24","modified_gmt":"2021-09-08T10:17:24","slug":"buaiteoiri-an-24u-gradam-ceoil-fogartha-ag-tg4","status":"publish","type":"page","link":"https:\/\/dev.tg4.ie\/ga\/eolas\/preas\/nuacht-raitis\/2021-2\/buaiteoiri-an-24u-gradam-ceoil-fogartha-ag-tg4\/","title":{"rendered":"Buaiteoir\u00ed an 24<sup>\u00fa<\/sup> Gradam Ceoil f\u00f3gartha ag TG4"},"content":{"rendered":"<p><a href=\"https:\/\/tg4-docs.s3.amazonaws.com\/tg4-redesign-2015\/wp-content\/uploads\/2021\/09\/GradamCeoil21_1_1920x1080.jpg\"><img loading=\"lazy\" decoding=\"async\" width=\"1920\" height=\"1080\" src=\"https:\/\/tg4-docs.s3.amazonaws.com\/tg4-redesign-2015\/wp-content\/uploads\/2021\/09\/GradamCeoil21_1_1920x1080.jpg\" alt=\"\" class=\"aligncenter size-full wp-image-130966\" srcset=\"https:\/\/tg4-docs.s3.amazonaws.com\/tg4-redesign-2015\/wp-content\/uploads\/2021\/09\/GradamCeoil21_1_1920x1080.jpg 1920w, https:\/\/tg4-docs.s3.amazonaws.com\/tg4-redesign-2015\/wp-content\/uploads\/2021\/09\/GradamCeoil21_1_1920x1080-250x141.jpg 250w, https:\/\/tg4-docs.s3.amazonaws.com\/tg4-redesign-2015\/wp-content\/uploads\/2021\/09\/GradamCeoil21_1_1920x1080-700x394.jpg 700w, https:\/\/tg4-docs.s3.amazonaws.com\/tg4-redesign-2015\/wp-content\/uploads\/2021\/09\/GradamCeoil21_1_1920x1080-252x141.jpg 252w, https:\/\/tg4-docs.s3.amazonaws.com\/tg4-redesign-2015\/wp-content\/uploads\/2021\/09\/GradamCeoil21_1_1920x1080-1536x864.jpg 1536w, https:\/\/tg4-docs.s3.amazonaws.com\/tg4-redesign-2015\/wp-content\/uploads\/2021\/09\/GradamCeoil21_1_1920x1080-120x68.jpg 120w\" sizes=\"(max-width: 1920px) 100vw, 1920px\" \/><\/a><br \/>\n<sup>Pic: Sorcha Costello, Ray Morgan, Angelina Carberry, Se\u00e1n \u00d3 S\u00e9 &#038; Niall Hanna &#8211; Gradam Ceoil TG4 2021 ag Ollscoil na Banr\u00edona <br \/>&#8211; Press Eye Ltd<\/sup><br \/>\n&nbsp;<\/p>\n<p>T\u00e1 buaiteoir\u00ed Ghradam Ceoil na Bliana 2021 f\u00f3gartha ag TG4, gradaim tr\u00edna l\u00e9ir\u00edtear urraim do cheolt\u00f3ir\u00ed a bhfuil an ceol traidisi\u00fanta tugtha chun cinn, neartaithe agus caomhnaithe acu in \u00c9irinn. T\u00e1 s\u00e9 27 bliain \u00f3 re\u00e1cht\u00e1ladh searmanas bronnta na ngradam den ch\u00e9ad uair, a chraolfar ar TG4 ar O\u00edche Shamhna chun 25 bliain \u00f3 cuireadh t\u00fas le TG4 a cheili\u00faradh. Is in Whitla Hall in Ollscoil na Banr\u00edona, B\u00e9al Feirste a bheidh an searmanas ar si\u00fal.<\/p>\n<p>Bronnfar <strong>Ceolt\u00f3ir na Bliana 2021<\/strong> ar <strong>Angelina Carberry<\/strong>. Rugadh Angelina in Manchain ach t\u00e1 s\u00ed ina c\u00f3na\u00ed sa Longfort \u00f3 na 1990id\u00ed, \u00e1it ar as a muintir.<\/p>\n<p>Is ar an bhfead\u00f3g st\u00e1in a thosaigh Angelina ag seinm ceol traidisi\u00fanta ach n\u00ed raibh s\u00e9 i bhfad gur thosaigh s\u00ed ar an mbainse\u00f3, mar sheinn a seanathair Kevin roimpi.  T\u00e1 cl\u00fa agus c\u00e1il ar mhuintir Carberry ina gceolt\u00f3ir\u00ed, seinneann athair Angelina, Peter, an bosca cnaip\u00ed, seinneann a seanuncail, Peter, chomh maith lena mhac Noel agus a gharmhic Diarmuid agus Kevin, na p\u00edb uilleann.  C\u00e9 go bhfuil st\u00edl a seanathar, Kevin, a raibh aithne mhaith air ina cheolt\u00f3ir ag c\u00e9ilithe agus ag damhsa\u00ed t\u00ed sa Longfort, le brath ar st\u00edl Angelina, t\u00e1 a st\u00edl mheidhreach bheoga f\u00e9in freisin aici ar an mbainse\u00f3.<\/p>\n<p>Bh\u00ed s\u00ed ina ball freisin den ghr\u00fapa ar mn\u00e1 ar fad iad na rannph\u00e1irtithe, na Bumblebees. I measc cheolt\u00f3ir\u00ed an ghr\u00fapa bh\u00ed buaiteoir Ghradam na bliana seo caite, an cruitire Laoise Kelly, an boscad\u00f3ir Colette O&#8217;Leary, agus Angelina ar an mbainse\u00f3 agus ar an maindil\u00edn.<br \/>\n&nbsp;<\/p>\n<p>Bronnfar <strong>Ceolt\u00f3ir \u00d3g na Bliana<\/strong> ar an bhfidl\u00e9ir <strong>Sorcha Costello<\/strong> as Tulach in oirthear chontae an Chl\u00e1ir. T\u00e1 oidhreacht shaibhir ceoil i muintir Shorcha; is \u00ed Mary MacNamara a m\u00e1thair, bean at\u00e1 aitheanta as bheith ag seinm ar an gconsairt\u00edn, agus t\u00e9ann ginealach ceoil a seanmh\u00e1thar Ita i bhfad siar.<br \/>\n&nbsp;<\/p>\n<p>Bronnfar <strong>Cumad\u00f3ir na Bliana<\/strong> ar <strong>Steve Cooney<\/strong>. Rugadh Steve Cooney in Melbourne san Astr\u00e1il in 1953, th\u00e1inig s\u00e9 go h\u00c9irinn sa bhliain 1980 agus t\u00e1 ceangal f\u00f3s aige le cult\u00far na mBund\u00fachasach ann, a ghlac isteach le Steve f\u00e9in. T\u00e1 ceangal ag a shinsir le Tiobraid \u00c1rann, leis an gCabh\u00e1n agus le Gaillimh.  T\u00e1 aithne ar Steve Cooney as an st\u00edl tionlacain ar an ngiot\u00e1r a d&#8217;fhorbair s\u00e9 in Iarthar Chiarra\u00ed do cheol damhsa traidisi\u00fanta na h\u00c9ireann, st\u00edl a bhfuil an-tionchar aici ar cheolt\u00f3ir\u00ed eile, agus ar bronnadh an Gradam Siamsa\u00edochta N\u00e1isi\u00fanta air f\u00e9in agus ar Sh\u00e9amus Begley ina leith sa bhliain 1997.<br \/>\n&nbsp;<\/p>\n<p>Is ar <strong>Niall Hanna<\/strong> Th\u00edr Eoghain a bhronnfar <strong>Amhr\u00e1na\u00ed na Bliana<\/strong>.  T\u00e1 Niall b\u00e1ite sa cheol \u00f3 bh\u00ed s\u00e9 an-\u00f3g &#8211; rinne a sheanathair Geordie Hanna, deirfi\u00far Geordie, Sarah Anne O&#8217;Neill agus muintir Hanna agus muintir O&#8217;Neill cinnte dearfa de sin. Ghlac Niall go fonnmhar le st\u00f3r amhr\u00e1n traidisi\u00fanta Uladh i gcoitinne, fad a bh\u00ed s\u00e9 ag cur lena chumas amhr\u00e1in a chumadh chomh maith. T\u00e9ann m\u00f3rtas \u00e1ite agus m\u00f3rtas muintire go m\u00f3r i gcion ar cheol Niall, agus tr\u00edd a shaothar aonair agus na tionscadail \u00e9ags\u00fala ceoil ina mb\u00edonn s\u00e9 p\u00e1irteach, b\u00edonn ceol agus amhr\u00e1na\u00edocht Uladh \u00e1 gcur chun cinn aige os comhair lucht f\u00e9achana agus \u00e9isteacha n\u00edos leithne in \u00c9irinn agus ar fud an domhain mh\u00f3ir.<br \/>\n&nbsp;<\/p>\n<p>Bronnfar <strong>Gradam Saoil<\/strong> na bliana seo ar an gCorca\u00edoch \u00f3 dh\u00fachas <strong>Se\u00e1n \u00d3 S\u00e9<\/strong> a bhain c\u00e1il amach ar dt\u00fas ina amhr\u00e1na\u00ed. Ba \u00e9 An Poc Ar Buille, a chan s\u00e9 agus a thaifead s\u00e9 le Se\u00e1n \u00d3 Riada agus Ceolt\u00f3ir\u00ed Chualann sna 60id\u00ed, an t-amhr\u00e1n ba ch\u00e1ili\u00fala d\u00e1 chuid. \u00d3 shin i leith, glactar leis go bhfuil a ghl\u00f3r ar cheann de na gl\u00f3rtha is binne in \u00c9irinn, gl\u00f3r nach a bhfuil a sh\u00e1r\u00fa le f\u00e1il agus \u00e9 i mbun na fonnad\u00f3ireachta.<br \/>\n&nbsp;<\/p>\n<p>Bronnfar <strong>Gradam Comaoine<\/strong> na bliana 2021 ar <strong>The Glengormley School of Traditional Music<\/strong>. N\u00ed f\u00e9idir an m\u00e9id ceolt\u00f3ir\u00ed a cotha\u00edodh sa mhol riachtanach seo le fiche bliain anuas \u00f3 buna\u00edodh \u00e9 a chomhaireamh, agus d&#8217;\u00e9irigh le go leor acu dul leis an gceol go gairmi\u00fail. Leis na c\u00farsa\u00ed samhraidh a bh\u00edonn ar si\u00fal i nD\u00fan na nGall, tugtar deis do dhaoine \u00f3ga bualadh lena ch\u00e9ile go s\u00f3isialta agus ceangal a dh\u00e9anamh tr\u00edd an gceol, agus cotha\u00edtear d\u00e1imh ar leith leis an gceol iontu.<br \/>\n&nbsp;<\/p>\n<p>Is \u00e9 seo a leanas an liosta ioml\u00e1n de bhuaiteoir\u00ed <strong>Ghradam Ceoil TG4 na bliana 2021<\/strong>:<\/p>\n<ul>\n<li><strong>Ceolt\u00f3ir na Bliana:<\/strong> Angelina Carberry<\/li>\n<li><strong>Ceolt\u00f3ir \u00d3g na Bliana:<\/strong> Sorcha Costello<\/li>\n<li><strong>Cumad\u00f3ir na Bliana:<\/strong> Steve Cooney <\/li>\n<li><strong>Gradam Saoil:<\/strong> Se\u00e1n \u00d3 S\u00e9 <\/li>\n<li><strong>Amhr\u00e1na\u00ed na Bliana:<\/strong> Niall Hanna<\/li>\n<li><strong>Gradam Comaoine:<\/strong> The Glengormley School of Traditional Music <\/li>\n<\/ul>\n<p>&nbsp;<br \/>\nIs \u00e9 Gradam Ceoil TG4 pr\u00edomhsc\u00e9im agus pr\u00edomhacadamh bliant\u00fail na ngradam ceoil traidisi\u00fanta.  Is pain\u00e9al molt\u00f3ir\u00ed neamhsple\u00e1ch a roghna\u00edonn na buaiteoir\u00ed gach bliain.  N\u00ed com\u00f3rtas \u00e9.  Bronnfar p\u00edosa dealbh\u00f3ireachta leis an dealbh\u00f3ir m\u00f3r le r\u00e1, John Coll, a coimisi\u00fana\u00edodh go speisialta, ar na buaiteoir\u00ed chomh maith le suim bheag airgid.<\/p>\n<p>Is le linn Cheolchoirm Ghradam Ceoil TG4, a bheidh ar si\u00fal san Whitla Hall in Ollscoil na Banr\u00edona i mB\u00e9al Feirste agus a chraolfar O\u00edche Shamhna ag 9:30pm, a chuirfear gradaim na bliana seo i l\u00e1thair.<\/p>\n<p>N\u00ed bheidh an pobal \u00e1balta tic\u00e9id a cheannach don cheolchoirm seo de bharr shrianta Covid-19.<br \/>\n&nbsp;<\/p>\n<p>D\u00fairt <strong>Alan Esslemont, Ard-Sti\u00farth\u00f3ir TG4<\/strong>: <em>&#8220;Beidh Gradam Ceoil TG4 24 bliain ar an bhf\u00f3d O\u00edche Shamhna na bliana seo, an o\u00edche ch\u00e9anna a bheidh TG4 f\u00e9in 25 bliain ar an bhf\u00f3d.  L\u00e9ir\u00edonn na gradaim \u00f3m\u00f3s do na daoine sin a bhfuil an oiread d\u00e9anta acu ar mhaithe leis an gceol traidisi\u00fanta a thabhairt chun cinn agus a neart\u00fa anseo in \u00c9irinn agus ar fud an domhain. Is i ndilchuimhne ar Mary McPartland a bheidh searmanas gradam na bliana seo. Ba \u00ed Mary a chur t\u00fas leis an nGradam Ceoil an ch\u00e9ad l\u00e1 riamh 24 bliain \u00f3 shin.  Ba mhaith liom comhghairdeas a dh\u00e9anamh le buaiteoir\u00ed ghradaim na bliana seo.  T\u00e1 r\u00edm\u00e9ad ar TG4 an on\u00f3ir is m\u00f3 i gceol na h\u00c9ireann a bhronnadh orthu.  Is i mB\u00e9al Feirste a bheidh Gradam Ceoil TG4 ar si\u00fal ar\u00eds i mbliana, an ceathr\u00fa bliain as a ch\u00e9ile, comhph\u00e1irt\u00edocht idir Comhairle Cathrach Bh\u00e9al Feirste, ILBF, Red Shoe Productions agus TG4 a bhfuil ag \u00e9ir\u00ed thar cionn l\u00e9i.&#8221; <\/em><br \/>\n&nbsp; <\/p>\n<p>D\u00fairt <strong>\u00c1ine Walsh, Ceann Chiste Craolt\u00f3ireachta Gaeilge Sc\u00e1ile\u00e1n Thuaisceart \u00c9ireann<\/strong>: <em>&#8220;Bh\u00ed an-\u00e1thas ar ILBF Sc\u00e1ile\u00e1n Thuaisceart \u00c9ireann taca\u00edocht a thabhairt do Ghradam Ceoil TG4 le ceithre bliain anuas, ba iontach an rud \u00e9 an tseoid cheoil seo i sceideal TG4 a bheith \u00e1 craoladh beo \u00f3 Bh\u00e9al Feirste.  N\u00ed raibh s\u00e9 i bhfad gur gn\u00e1thimeacht a bh\u00ed i nGradam Ceoil TG4 anseo, thug an se\u00f3 beo agus an fh\u00e9ile fringe ard\u00e1n den scoth do cheol agus do dhaoine cumasacha an Tuaiscirt.  Beimid l\u00e1nmhuin\u00edneach, fad a bheidh an se\u00f3 deiridh ar si\u00fal \u00f3 Bh\u00e9al Feirste, go mbeidh lorg l\u00e1idir ceoil f\u00e1gtha ina dhiaidh.&#8221;<\/em><br \/>\n&nbsp; <\/p>\n<p>D\u00fairt <strong>Ardmh\u00e9ara Bh\u00e9al Feirste, an Comhairleoir Kate Nicholl<\/strong>: <em>&#8220;Is imeacht iontach \u00e9 seo a cuireann ard\u00e1n ar f\u00e1il do scoth na gceolt\u00f3ir\u00ed agus na n-amhr\u00e1naithe, agus t\u00e1 r\u00edm\u00e9ad orainn go bhfuilimid ar\u00eds chun an ch\u00f3naitheacht seo a \u00f3st\u00e1il, don bhliain dheireanach i mB\u00e9al Feirste.  In\u00e1r gc\u00e1il mar chathair cheoil, t\u00e1 an-mh\u00f3rtas orainn as an oidhreacht cheoil at\u00e1 againn agus is cuid mh\u00f3r den oidhreacht sin an ceol traidisi\u00fanta.  D\u00e9antar com\u00f3radh iontach ar an se\u00e1nra ceoil sin leis an searmanas a bhfuil ardmheas air ar fud na h\u00c9ireann agus n\u00edos faide i gc\u00e9in.  T\u00e1 an chuma air go mbeidh scoth na dtaibhl\u00e9irithe beo ar si\u00fal le linn an tsearmanais, ina gcuirfear tallann den ch\u00e9ad scoth ar st\u00e1itse anseo i mB\u00e9al Feirste.  Comhghairdeas \u00f3 chro\u00ed le gach duine a bhfuil gradam bronnta orthu.&#8221;<\/em><br \/>\n&nbsp;<br \/>\n&nbsp;<br \/>\n&nbsp;<\/p>\n","protected":false},"excerpt":{"rendered":"<p>Pic: Sorcha Costello, Ray Morgan, Angelina Carberry, Se\u00e1n \u00d3 S\u00e9 &#038; Niall Hanna &#8211; Gradam Ceoil TG4 2021 ag Ollscoil na Banr\u00edona &#8211; Press Eye Ltd &nbsp; T\u00e1 buaiteoir\u00ed Ghradam Ceoil na Bliana 2021 f\u00f3gartha ag TG4, gradaim tr\u00edna l\u00e9ir\u00edtear urraim do cheolt\u00f3ir\u00ed a bhfuil an ceol traidisi\u00fanta tugtha chun cinn, neartaithe agus caomhnaithe acu [&hellip;]<\/p>\n","protected":false},"author":876,"featured_media":0,"parent":115579,"menu_order":38,"comment_status":"closed","ping_status":"closed","template":"page-templates\/template-pr.php","meta":{"_acf_changed":false,"footnotes":""},"acf":[],"yoast_head":"<!-- This site is optimized with the Yoast SEO plugin v22.6 - https:\/\/yoast.com\/wordpress\/plugins\/seo\/ -->\n<title>Buaiteoir\u00ed an 24\u00fa Gradam Ceoil f\u00f3gartha ag TG4 | Preas R\u00e1iteas | TG4<\/title>\n<meta name=\"description\" content=\"T\u00e1 buaiteoir\u00ed Ghradam Ceoil na Bliana 2021 f\u00f3gartha ag TG4, gradaim tr\u00edna l\u00e9ir\u00edtear urraim do cheolt\u00f3ir\u00ed a bhfuil an ceol traidisi\u00fanta tugtha chun cinn, neartaithe agus caomhnaithe acu in \u00c9irinn.\" \/>\n<meta name=\"robots\" content=\"index, follow, max-snippet:-1, max-image-preview:large, max-video-preview:-1\" \/>\n<meta property=\"og:locale\" content=\"en_US\" \/>\n<meta property=\"og:type\" content=\"article\" \/>\n<meta property=\"og:title\" content=\"Buaiteoir\u00ed an 24\u00fa Gradam Ceoil f\u00f3gartha ag TG4 | Preas R\u00e1iteas | TG4\" \/>\n<meta property=\"og:description\" content=\"T\u00e1 buaiteoir\u00ed Ghradam Ceoil na Bliana 2021 f\u00f3gartha ag TG4, gradaim tr\u00edna l\u00e9ir\u00edtear urraim do cheolt\u00f3ir\u00ed a bhfuil an ceol traidisi\u00fanta tugtha chun cinn, neartaithe agus caomhnaithe acu in \u00c9irinn.\" \/>\n<meta property=\"og:url\" content=\"https:\/\/dev.tg4.ie\/ga\/eolas\/preas\/nuacht-raitis\/2021-2\/buaiteoiri-an-24u-gradam-ceoil-fogartha-ag-tg4\/\" \/>\n<meta property=\"og:site_name\" content=\"TG4\" \/>\n<meta property=\"article:publisher\" content=\"https:\/\/www.facebook.com\/TG4TV\" \/>\n<meta property=\"article:modified_time\" content=\"2021-09-08T10:17:24+00:00\" \/>\n<meta property=\"og:image\" content=\"https:\/\/tg4-docs.s3.amazonaws.com\/tg4-redesign-2015\/wp-content\/uploads\/2021\/09\/GradamCeoil21_1_1920x1080.jpg\" \/>\n\t<meta property=\"og:image:width\" content=\"1920\" \/>\n\t<meta property=\"og:image:height\" content=\"1080\" \/>\n\t<meta property=\"og:image:type\" content=\"image\/jpeg\" \/>\n<meta name=\"twitter:card\" content=\"summary_large_image\" \/>\n<meta name=\"twitter:image\" content=\"https:\/\/tg4-docs.s3.amazonaws.com\/tg4-redesign-2015\/wp-content\/uploads\/2021\/09\/GradamCeoil21_1_1920x1080.jpg\" \/>\n<meta name=\"twitter:site\" content=\"@TG4TV\" \/>\n<meta name=\"twitter:label1\" content=\"Est. reading time\" \/>\n\t<meta name=\"twitter:data1\" content=\"7 minutes\" \/>\n<script type=\"application\/ld+json\" class=\"yoast-schema-graph\">{\"@context\":\"https:\/\/schema.org\",\"@graph\":[{\"@type\":\"WebPage\",\"@id\":\"https:\/\/dev.tg4.ie\/ga\/eolas\/preas\/nuacht-raitis\/2021-2\/buaiteoiri-an-24u-gradam-ceoil-fogartha-ag-tg4\/\",\"url\":\"https:\/\/dev.tg4.ie\/ga\/eolas\/preas\/nuacht-raitis\/2021-2\/buaiteoiri-an-24u-gradam-ceoil-fogartha-ag-tg4\/\",\"name\":\"Buaiteoir\u00ed an 24\u00fa Gradam Ceoil f\u00f3gartha ag TG4 | Preas R\u00e1iteas | TG4\",\"isPartOf\":{\"@id\":\"https:\/\/dev.tg4.ie\/en\/#website\"},\"primaryImageOfPage\":{\"@id\":\"https:\/\/dev.tg4.ie\/ga\/eolas\/preas\/nuacht-raitis\/2021-2\/buaiteoiri-an-24u-gradam-ceoil-fogartha-ag-tg4\/#primaryimage\"},\"image\":{\"@id\":\"https:\/\/dev.tg4.ie\/ga\/eolas\/preas\/nuacht-raitis\/2021-2\/buaiteoiri-an-24u-gradam-ceoil-fogartha-ag-tg4\/#primaryimage\"},\"thumbnailUrl\":\"https:\/\/dev.tg4.ie\/wp-content\/uploads\/2021\/09\/GradamCeoil21_1_1920x1080.jpg\",\"datePublished\":\"2021-09-07T09:55:07+00:00\",\"dateModified\":\"2021-09-08T10:17:24+00:00\",\"description\":\"T\u00e1 buaiteoir\u00ed Ghradam Ceoil na Bliana 2021 f\u00f3gartha ag TG4, gradaim tr\u00edna l\u00e9ir\u00edtear urraim do cheolt\u00f3ir\u00ed a bhfuil an ceol traidisi\u00fanta tugtha chun cinn, neartaithe agus caomhnaithe acu in \u00c9irinn.\",\"breadcrumb\":{\"@id\":\"https:\/\/dev.tg4.ie\/ga\/eolas\/preas\/nuacht-raitis\/2021-2\/buaiteoiri-an-24u-gradam-ceoil-fogartha-ag-tg4\/#breadcrumb\"},\"inLanguage\":\"ga\",\"potentialAction\":[{\"@type\":\"ReadAction\",\"target\":[\"https:\/\/dev.tg4.ie\/ga\/eolas\/preas\/nuacht-raitis\/2021-2\/buaiteoiri-an-24u-gradam-ceoil-fogartha-ag-tg4\/\"]}]},{\"@type\":\"ImageObject\",\"inLanguage\":\"ga\",\"@id\":\"https:\/\/dev.tg4.ie\/ga\/eolas\/preas\/nuacht-raitis\/2021-2\/buaiteoiri-an-24u-gradam-ceoil-fogartha-ag-tg4\/#primaryimage\",\"url\":\"https:\/\/dev.tg4.ie\/wp-content\/uploads\/2021\/09\/GradamCeoil21_1_1920x1080.jpg\",\"contentUrl\":\"https:\/\/dev.tg4.ie\/wp-content\/uploads\/2021\/09\/GradamCeoil21_1_1920x1080.jpg\"},{\"@type\":\"BreadcrumbList\",\"@id\":\"https:\/\/dev.tg4.ie\/ga\/eolas\/preas\/nuacht-raitis\/2021-2\/buaiteoiri-an-24u-gradam-ceoil-fogartha-ag-tg4\/#breadcrumb\",\"itemListElement\":[{\"@type\":\"ListItem\",\"position\":1,\"name\":\"Home\",\"item\":\"https:\/\/dev.tg4.ie\/ga\/\"},{\"@type\":\"ListItem\",\"position\":2,\"name\":\"Eolas\",\"item\":\"https:\/\/dev.tg4.ie\/ga\/eolas\/\"},{\"@type\":\"ListItem\",\"position\":3,\"name\":\"Preas\",\"item\":\"https:\/\/dev.tg4.ie\/ga\/eolas\/preas\/\"},{\"@type\":\"ListItem\",\"position\":4,\"name\":\"Nuacht R\u00e1itis\",\"item\":\"https:\/\/dev.tg4.ie\/ga\/eolas\/preas\/nuacht-raitis\/\"},{\"@type\":\"ListItem\",\"position\":5,\"name\":\"2021\",\"item\":\"https:\/\/dev.tg4.ie\/ga\/eolas\/preas\/nuacht-raitis\/2021-2\/\"},{\"@type\":\"ListItem\",\"position\":6,\"name\":\"Buaiteoir\u00ed an 24\u00fa Gradam Ceoil f\u00f3gartha ag TG4\"}]},{\"@type\":\"WebSite\",\"@id\":\"https:\/\/dev.tg4.ie\/en\/#website\",\"url\":\"https:\/\/dev.tg4.ie\/en\/\",\"name\":\"TG4\",\"description\":\"S\u00fail Eile\",\"potentialAction\":[{\"@type\":\"SearchAction\",\"target\":{\"@type\":\"EntryPoint\",\"urlTemplate\":\"https:\/\/dev.tg4.ie\/en\/?s={search_term_string}\"},\"query-input\":\"required name=search_term_string\"}],\"inLanguage\":\"ga\"}]}<\/script>\n<!-- \/ Yoast SEO plugin. -->","yoast_head_json":{"title":"Buaiteoir\u00ed an 24\u00fa Gradam Ceoil f\u00f3gartha ag TG4 | Preas R\u00e1iteas | TG4","description":"T\u00e1 buaiteoir\u00ed Ghradam Ceoil na Bliana 2021 f\u00f3gartha ag TG4, gradaim tr\u00edna l\u00e9ir\u00edtear urraim do cheolt\u00f3ir\u00ed a bhfuil an ceol traidisi\u00fanta tugtha chun cinn, neartaithe agus caomhnaithe acu in \u00c9irinn.","robots":{"index":"index","follow":"follow","max-snippet":"max-snippet:-1","max-image-preview":"max-image-preview:large","max-video-preview":"max-video-preview:-1"},"og_locale":"en_US","og_type":"article","og_title":"Buaiteoir\u00ed an 24\u00fa Gradam Ceoil f\u00f3gartha ag TG4 | Preas R\u00e1iteas | TG4","og_description":"T\u00e1 buaiteoir\u00ed Ghradam Ceoil na Bliana 2021 f\u00f3gartha ag TG4, gradaim tr\u00edna l\u00e9ir\u00edtear urraim do cheolt\u00f3ir\u00ed a bhfuil an ceol traidisi\u00fanta tugtha chun cinn, neartaithe agus caomhnaithe acu in \u00c9irinn.","og_url":"https:\/\/dev.tg4.ie\/ga\/eolas\/preas\/nuacht-raitis\/2021-2\/buaiteoiri-an-24u-gradam-ceoil-fogartha-ag-tg4\/","og_site_name":"TG4","article_publisher":"https:\/\/www.facebook.com\/TG4TV","article_modified_time":"2021-09-08T10:17:24+00:00","og_image":[{"width":1920,"height":1080,"url":"https:\/\/tg4-docs.s3.amazonaws.com\/tg4-redesign-2015\/wp-content\/uploads\/2021\/09\/GradamCeoil21_1_1920x1080.jpg","type":"image\/jpeg"}],"twitter_card":"summary_large_image","twitter_image":"https:\/\/tg4-docs.s3.amazonaws.com\/tg4-redesign-2015\/wp-content\/uploads\/2021\/09\/GradamCeoil21_1_1920x1080.jpg","twitter_site":"@TG4TV","twitter_misc":{"Est. reading time":"7 minutes"},"schema":{"@context":"https:\/\/schema.org","@graph":[{"@type":"WebPage","@id":"https:\/\/dev.tg4.ie\/ga\/eolas\/preas\/nuacht-raitis\/2021-2\/buaiteoiri-an-24u-gradam-ceoil-fogartha-ag-tg4\/","url":"https:\/\/dev.tg4.ie\/ga\/eolas\/preas\/nuacht-raitis\/2021-2\/buaiteoiri-an-24u-gradam-ceoil-fogartha-ag-tg4\/","name":"Buaiteoir\u00ed an 24\u00fa Gradam Ceoil f\u00f3gartha ag TG4 | Preas R\u00e1iteas | TG4","isPartOf":{"@id":"https:\/\/dev.tg4.ie\/en\/#website"},"primaryImageOfPage":{"@id":"https:\/\/dev.tg4.ie\/ga\/eolas\/preas\/nuacht-raitis\/2021-2\/buaiteoiri-an-24u-gradam-ceoil-fogartha-ag-tg4\/#primaryimage"},"image":{"@id":"https:\/\/dev.tg4.ie\/ga\/eolas\/preas\/nuacht-raitis\/2021-2\/buaiteoiri-an-24u-gradam-ceoil-fogartha-ag-tg4\/#primaryimage"},"thumbnailUrl":"https:\/\/dev.tg4.ie\/wp-content\/uploads\/2021\/09\/GradamCeoil21_1_1920x1080.jpg","datePublished":"2021-09-07T09:55:07+00:00","dateModified":"2021-09-08T10:17:24+00:00","description":"T\u00e1 buaiteoir\u00ed Ghradam Ceoil na Bliana 2021 f\u00f3gartha ag TG4, gradaim tr\u00edna l\u00e9ir\u00edtear urraim do cheolt\u00f3ir\u00ed a bhfuil an ceol traidisi\u00fanta tugtha chun cinn, neartaithe agus caomhnaithe acu in \u00c9irinn.","breadcrumb":{"@id":"https:\/\/dev.tg4.ie\/ga\/eolas\/preas\/nuacht-raitis\/2021-2\/buaiteoiri-an-24u-gradam-ceoil-fogartha-ag-tg4\/#breadcrumb"},"inLanguage":"ga","potentialAction":[{"@type":"ReadAction","target":["https:\/\/dev.tg4.ie\/ga\/eolas\/preas\/nuacht-raitis\/2021-2\/buaiteoiri-an-24u-gradam-ceoil-fogartha-ag-tg4\/"]}]},{"@type":"ImageObject","inLanguage":"ga","@id":"https:\/\/dev.tg4.ie\/ga\/eolas\/preas\/nuacht-raitis\/2021-2\/buaiteoiri-an-24u-gradam-ceoil-fogartha-ag-tg4\/#primaryimage","url":"https:\/\/dev.tg4.ie\/wp-content\/uploads\/2021\/09\/GradamCeoil21_1_1920x1080.jpg","contentUrl":"https:\/\/dev.tg4.ie\/wp-content\/uploads\/2021\/09\/GradamCeoil21_1_1920x1080.jpg"},{"@type":"BreadcrumbList","@id":"https:\/\/dev.tg4.ie\/ga\/eolas\/preas\/nuacht-raitis\/2021-2\/buaiteoiri-an-24u-gradam-ceoil-fogartha-ag-tg4\/#breadcrumb","itemListElement":[{"@type":"ListItem","position":1,"name":"Home","item":"https:\/\/dev.tg4.ie\/ga\/"},{"@type":"ListItem","position":2,"name":"Eolas","item":"https:\/\/dev.tg4.ie\/ga\/eolas\/"},{"@type":"ListItem","position":3,"name":"Preas","item":"https:\/\/dev.tg4.ie\/ga\/eolas\/preas\/"},{"@type":"ListItem","position":4,"name":"Nuacht R\u00e1itis","item":"https:\/\/dev.tg4.ie\/ga\/eolas\/preas\/nuacht-raitis\/"},{"@type":"ListItem","position":5,"name":"2021","item":"https:\/\/dev.tg4.ie\/ga\/eolas\/preas\/nuacht-raitis\/2021-2\/"},{"@type":"ListItem","position":6,"name":"Buaiteoir\u00ed an 24\u00fa Gradam Ceoil f\u00f3gartha ag TG4"}]},{"@type":"WebSite","@id":"https:\/\/dev.tg4.ie\/en\/#website","url":"https:\/\/dev.tg4.ie\/en\/","name":"TG4","description":"S\u00fail Eile","potentialAction":[{"@type":"SearchAction","target":{"@type":"EntryPoint","urlTemplate":"https:\/\/dev.tg4.ie\/en\/?s={search_term_string}"},"query-input":"required name=search_term_string"}],"inLanguage":"ga"}]}},"_links":{"self":[{"href":"https:\/\/dev.tg4.ie\/ga\/wp-json\/wp\/v2\/pages\/130949"}],"collection":[{"href":"https:\/\/dev.tg4.ie\/ga\/wp-json\/wp\/v2\/pages"}],"about":[{"href":"https:\/\/dev.tg4.ie\/ga\/wp-json\/wp\/v2\/types\/page"}],"author":[{"embeddable":true,"href":"https:\/\/dev.tg4.ie\/ga\/wp-json\/wp\/v2\/users\/876"}],"replies":[{"embeddable":true,"href":"https:\/\/dev.tg4.ie\/ga\/wp-json\/wp\/v2\/comments?post=130949"}],"version-history":[{"count":0,"href":"https:\/\/dev.tg4.ie\/ga\/wp-json\/wp\/v2\/pages\/130949\/revisions"}],"up":[{"embeddable":true,"href":"https:\/\/dev.tg4.ie\/ga\/wp-json\/wp\/v2\/pages\/115579"}],"wp:attachment":[{"href":"https:\/\/dev.tg4.ie\/ga\/wp-json\/wp\/v2\/media?parent=130949"}],"curies":[{"name":"wp","href":"https:\/\/api.w.org\/{rel}","templated":true}]}}