{"id":131159,"date":"2021-09-13T16:53:14","date_gmt":"2021-09-13T15:53:14","guid":{"rendered":"https:\/\/dev.tg4.ie\/?page_id=131159"},"modified":"2021-09-13T16:53:14","modified_gmt":"2021-09-13T15:53:14","slug":"gradam-torc-spiorad-na-feile-bronnta-ar-treibh-na-ndeithe-ag-feile-na-mean-ceilteach","status":"publish","type":"page","link":"https:\/\/dev.tg4.ie\/ga\/eolas\/preas\/nuacht-raitis\/2021-2\/gradam-torc-spiorad-na-feile-bronnta-ar-treibh-na-ndeithe-ag-feile-na-mean-ceilteach\/","title":{"rendered":"Gradam Torc &#8216;Spiorad na F\u00e9ile&#8217; bronnta ar Treibh na nD\u00e9ithe ag F\u00e9ile na Me\u00e1n Ceilteach"},"content":{"rendered":"<p>Bronnadh gradam \u2018Spiorad na F\u00e9ile\u2019 ar chl\u00e1r faisn\u00e9ise de chuid TG4, &#8216;Treibh na nD\u00e9ithe, ag Gradaim Torc Fh\u00e9ile na Me\u00e1n Ceilteach. F\u00f3gra\u00edodh na gradaim ar l\u00edne.  Bronntar  &#8216;Spiorad na F\u00e9ile&#8217; ar chl\u00e1r at\u00e1 go hioml\u00e1n n\u00f3 nach m\u00f3r go hioml\u00e1n i dteanga Cheilteach agus a chuims\u00edonn spiorad agus \u00e9iteas na F\u00e9ile.<\/p>\n<p>Ins\u00edtear sc\u00e9al phobal Thora\u00ed sa chl\u00e1r faisn\u00e9ise <strong>Treibh na nD\u00e9ithe<\/strong>.  N\u00ed h\u00ed an fharraige amh\u00e1in at\u00e1 idir oile\u00e1in agus an m\u00f3rth\u00edr. Is \u00e1it ann f\u00e9in \u00e9 Toraigh, oile\u00e1n at\u00e1 ar cheann de na hoile\u00e1in is scoite amach in \u00c9irinn agus a bhfuil c\u00f3na\u00ed ar phobal Gaeltachta de ch\u00fapla c\u00e9ad duine ann. Motha\u00edonn lucht an oile\u00e1in go bhfuil siad scoite amach agus i bhfad ar shi\u00fal \u00f3 na daoine a dh\u00e9anann na cinnt\u00ed m\u00f3ra i mBaile \u00c1tha Cliath. C\u00e9n d\u00f3igh ar f\u00e9idir leis an phobal seo, at\u00e1 ar imeall na h\u00c9ireann agus na hEorpa, saol ar leith s&#8217;acu f\u00e9in a chaomhn\u00fa?<\/p>\n<p>Is \u00e9ard a d\u00fairt an Gi\u00fair\u00e9 Idirn\u00e1isi\u00fanta faoin gcl\u00e1r, <em>\u201cIs p\u00edosa eala\u00edne \u00e9 an scann\u00e1n, agus insint ar stair sh\u00f3isialta agus sc\u00e9al oile\u00e1in.\u201d<\/em> Is iad Lugh Films a l\u00e9irigh an cl\u00e1r agus is comhl\u00e9iri\u00fa \u00e9 idir \u00c9ire agus an Bhriot\u00e1in.<br \/>\n&nbsp;<br \/>\n<a href=\"https:\/\/tg4-docs.s3.amazonaws.com\/tg4-redesign-2015\/wp-content\/uploads\/2021\/06\/Toraigh_Patsy_Dan_1_1920x1080.jpg\"><img loading=\"lazy\" decoding=\"async\" width=\"1920\" height=\"1080\" src=\"https:\/\/tg4-docs.s3.amazonaws.com\/tg4-redesign-2015\/wp-content\/uploads\/2021\/06\/Toraigh_Patsy_Dan_1_1920x1080.jpg\" alt=\"\" class=\"aligncenter size-full wp-image-120969\" srcset=\"https:\/\/tg4-docs.s3.amazonaws.com\/tg4-redesign-2015\/wp-content\/uploads\/2021\/06\/Toraigh_Patsy_Dan_1_1920x1080.jpg 1920w, https:\/\/tg4-docs.s3.amazonaws.com\/tg4-redesign-2015\/wp-content\/uploads\/2021\/06\/Toraigh_Patsy_Dan_1_1920x1080-250x141.jpg 250w, https:\/\/tg4-docs.s3.amazonaws.com\/tg4-redesign-2015\/wp-content\/uploads\/2021\/06\/Toraigh_Patsy_Dan_1_1920x1080-700x394.jpg 700w, https:\/\/tg4-docs.s3.amazonaws.com\/tg4-redesign-2015\/wp-content\/uploads\/2021\/06\/Toraigh_Patsy_Dan_1_1920x1080-252x141.jpg 252w, https:\/\/tg4-docs.s3.amazonaws.com\/tg4-redesign-2015\/wp-content\/uploads\/2021\/06\/Toraigh_Patsy_Dan_1_1920x1080-1536x864.jpg 1536w, https:\/\/tg4-docs.s3.amazonaws.com\/tg4-redesign-2015\/wp-content\/uploads\/2021\/06\/Toraigh_Patsy_Dan_1_1920x1080-120x68.jpg 120w\" sizes=\"(max-width: 1920px) 100vw, 1920px\" \/><\/a><br \/>\n&nbsp;<br \/>\nBronnadh gradam Torc ar <strong>Le Ceangal<\/strong> don tsraith Gearr Fhoirm is fearr, f\u00f3gra\u00edodh sin n\u00edos luaithe an tseachtain seo. Is sraith dhr\u00e1ma\u00edochta 8 gcuid \u00e9 Le Ceangal a bh\u00ed ar f\u00e1il ar an idirl\u00edon agus na me\u00e1in sh\u00f3isialta.  Sc\u00e9al gr\u00e1 at\u00e1 i Le Ceangal a d&#8217;eascair \u00f3n bpaind\u00e9im Covid-19. Ins\u00edtear sc\u00e9al Aoife agus Declan nach raibh i bhfad in \u00e9ind\u00ed nuair a thosaigh an dianghlas\u00e1il.  F\u00e9achann siad lena gcaidreamh a choinne\u00e1il sl\u00e1n \u00f3 chian, idir ghlaonna WhatsApp agus thr\u00e1th na gceist ar Zoom, ach an \u00e9ireoidh leo agus iad chomh fada sin \u00f3na ch\u00e9ile?  T\u00e1 gach eipeas\u00f3id 5 n\u00f3im\u00e9ad ar fhad. Is iad Tua Films a l\u00e9irigh Le Ceangal do BLOC, ard\u00e1n ar l\u00edne TG4 do dhaoine faoi 35 bliain.<br \/>\n&nbsp;<br \/>\n<a href=\"https:\/\/tg4-docs.s3.amazonaws.com\/tg4-redesign-2015\/wp-content\/uploads\/2021\/09\/Le_Ceangal_Torc_1920x1080.jpg\"><img loading=\"lazy\" decoding=\"async\" width=\"1920\" height=\"1080\" src=\"https:\/\/tg4-docs.s3.amazonaws.com\/tg4-redesign-2015\/wp-content\/uploads\/2021\/09\/Le_Ceangal_Torc_1920x1080.jpg\" alt=\"\" class=\"aligncenter size-full wp-image-131164\" srcset=\"https:\/\/tg4-docs.s3.amazonaws.com\/tg4-redesign-2015\/wp-content\/uploads\/2021\/09\/Le_Ceangal_Torc_1920x1080.jpg 1920w, https:\/\/tg4-docs.s3.amazonaws.com\/tg4-redesign-2015\/wp-content\/uploads\/2021\/09\/Le_Ceangal_Torc_1920x1080-250x141.jpg 250w, https:\/\/tg4-docs.s3.amazonaws.com\/tg4-redesign-2015\/wp-content\/uploads\/2021\/09\/Le_Ceangal_Torc_1920x1080-700x394.jpg 700w, https:\/\/tg4-docs.s3.amazonaws.com\/tg4-redesign-2015\/wp-content\/uploads\/2021\/09\/Le_Ceangal_Torc_1920x1080-252x141.jpg 252w, https:\/\/tg4-docs.s3.amazonaws.com\/tg4-redesign-2015\/wp-content\/uploads\/2021\/09\/Le_Ceangal_Torc_1920x1080-1536x864.jpg 1536w, https:\/\/tg4-docs.s3.amazonaws.com\/tg4-redesign-2015\/wp-content\/uploads\/2021\/09\/Le_Ceangal_Torc_1920x1080-120x68.jpg 120w\" sizes=\"(max-width: 1920px) 100vw, 1920px\" \/><\/a><br \/>\n&nbsp;<\/p>\n<p>T\u00e1 F\u00e9ile na Me\u00e1n Ceilteach ag ceili\u00faradh 42 bliain ar an bhf\u00f3d i 2021, an fh\u00e9ile me\u00e1n is faide agus is iomr\u00e1it\u00ed sna t\u00edortha Ceilteacha.<br \/>\nFaigheann F\u00e9ile na Me\u00e1n Ceilteach taca\u00edocht \u00f3 chraolt\u00f3ir\u00ed, eagra\u00edochta\u00ed scann\u00e1n, eagra\u00edochta\u00ed cult\u00fair agus eagra\u00edochta\u00ed forbartha eacnama\u00edochta sna t\u00edortha Ceilteacha. T\u00e1 an fh\u00e9ile maoinithe go pr\u00edomha ag: RT\u00c9, TG4, BBC Wales, BBC Tuaisceart \u00c9ireann, MG ALBA, BBC Scotland, S4C, Televisi\u00f3n de Galicia, BBC England, \u00dadar\u00e1s Craolach\u00e1in na h\u00c9ireann, Sc\u00e1ile\u00e1n Thuaisceart \u00c9ireann, F\u00eds \u00c9ireann, Screen Scotland agus Comhairle \u00c9ireannach na Breataine.  <\/p>\n<p>D\u00fairt <strong>Ard-Sti\u00farth\u00f3ir TG4 Alan Esslemont<\/strong>, <em>\u201cFaoi l\u00e1thair sa tionscal closamhairc, t\u00e1 uaini\u00fa agus m\u00f3iminteam na dt\u00edortha Ceilteacha in\u00e1r bhfabhar. Sa R\u00edocht Aontaithe, cuireann an plean a nocht Ard-Sti\u00farth\u00f3ir an BBC, Tim Davie, na t\u00edortha Ceilteacha agus na r\u00e9igi\u00fain i gcro\u00edl\u00e1r na n-athruithe agus na gcinnt\u00ed at\u00e1 le d\u00e9anamh inti le blianta fada. T\u00e1 s\u00fail againn in \u00c9irinn freisin go dtabharfaidh Coimisi\u00fan um Thodhcha\u00ed na Me\u00e1n m\u00fanla nua maoinithe do na me\u00e1in in \u00c9irinn a bheidh n\u00edos cothroime agus n\u00edos inbhuanaithe. Lasmuigh den Bhreatain agus d\u2019\u00c9irinn t\u00e1 lorg Fh\u00e9ile na Me\u00e1n Ceilteach ag f\u00e1s go suntasach sa Ghail\u00eds agus sa Bhriot\u00e1in.<\/p>\n<p>Is fianaise iad an d\u00e1 ghradam a bronnadh ar TG4, \u2018Spiorad na F\u00e9ile\u2019 agus Torc do Ghearr-Fhoirm ar chaighde\u00e1n agus cruthaitheacht na l\u00e9iritheoir\u00ed neamhsple\u00e1cha at\u00e1 ag obair le TG4 a sheasann leis na l\u00e9iritheoir\u00ed is fearr go hidirn\u00e1isi\u00fanta. D\u2019inis scann\u00e1n amh\u00e1in sc\u00e9al cheann de na pobail Ghaeltachta is c\u00e1ili\u00fala agus is scoite amach at\u00e1 le hinsint agus is sc\u00e9al gr\u00e1 l\u00e1idir \u00e9 Le Ceangal a bh\u00ed l\u00e9irithe d&#8217;\u00e1r n-ard\u00e1n \u00f3ige BLOC.  Is l\u00e9iri\u00fa \u00e9 an \u00e9ags\u00falacht sin ar an \u00e9ags\u00falacht at\u00e1 ag TG4 le 25 bliain anuas \u00f3 buna\u00edodh \u00e9. D\u00e9anaim comhghairdeas le gach comhlacht a fuair ainmni\u00fach\u00e1n do na gradaim Torc i mbliana agus go h\u00e1irithe leis an d\u00e1 chomhlacht Lugh Films agus Tua Films a bronnadh na gradaim orthu.&#8221;  <\/em><br \/>\n&nbsp;<br \/>\n&nbsp;<br \/>\n&nbsp;<\/p>\n","protected":false},"excerpt":{"rendered":"<p>Bronnadh gradam \u2018Spiorad na F\u00e9ile\u2019 ar chl\u00e1r faisn\u00e9ise de chuid TG4, &#8216;Treibh na nD\u00e9ithe, ag Gradaim Torc Fh\u00e9ile na Me\u00e1n Ceilteach. F\u00f3gra\u00edodh na gradaim ar l\u00edne. Bronntar &#8216;Spiorad na F\u00e9ile&#8217; ar chl\u00e1r at\u00e1 go hioml\u00e1n n\u00f3 nach m\u00f3r go hioml\u00e1n i dteanga Cheilteach agus a chuims\u00edonn spiorad agus \u00e9iteas na F\u00e9ile. Ins\u00edtear sc\u00e9al phobal Thora\u00ed [&hellip;]<\/p>\n","protected":false},"author":876,"featured_media":0,"parent":115579,"menu_order":39,"comment_status":"closed","ping_status":"closed","template":"page-templates\/template-pr.php","meta":{"_acf_changed":false,"footnotes":""},"acf":[],"yoast_head":"<!-- This site is optimized with the Yoast SEO plugin v22.6 - https:\/\/yoast.com\/wordpress\/plugins\/seo\/ -->\n<title>Gradam Torc &#039;Spiorad na F\u00e9ile&#039; bronnta ar Treibh na nD\u00e9ithe ag F\u00e9ile na Me\u00e1n Ceilteach | Preas R\u00e1iteas | TG4<\/title>\n<meta name=\"robots\" content=\"index, follow, max-snippet:-1, max-image-preview:large, max-video-preview:-1\" \/>\n<meta property=\"og:locale\" content=\"en_US\" \/>\n<meta property=\"og:type\" content=\"article\" \/>\n<meta property=\"og:title\" content=\"Gradam Torc &#039;Spiorad na F\u00e9ile&#039; bronnta ar Treibh na nD\u00e9ithe ag F\u00e9ile na Me\u00e1n Ceilteach | Preas R\u00e1iteas | TG4\" \/>\n<meta property=\"og:description\" content=\"Bronnadh gradam \u2018Spiorad na F\u00e9ile\u2019 ar chl\u00e1r faisn\u00e9ise de chuid TG4, &#8216;Treibh na nD\u00e9ithe, ag Gradaim Torc Fh\u00e9ile na Me\u00e1n Ceilteach. F\u00f3gra\u00edodh na gradaim ar l\u00edne. Bronntar &#8216;Spiorad na F\u00e9ile&#8217; ar chl\u00e1r at\u00e1 go hioml\u00e1n n\u00f3 nach m\u00f3r go hioml\u00e1n i dteanga Cheilteach agus a chuims\u00edonn spiorad agus \u00e9iteas na F\u00e9ile. Ins\u00edtear sc\u00e9al phobal Thora\u00ed [&hellip;]\" \/>\n<meta property=\"og:url\" content=\"https:\/\/dev.tg4.ie\/ga\/eolas\/preas\/nuacht-raitis\/2021-2\/gradam-torc-spiorad-na-feile-bronnta-ar-treibh-na-ndeithe-ag-feile-na-mean-ceilteach\/\" \/>\n<meta property=\"og:site_name\" content=\"TG4\" \/>\n<meta property=\"article:publisher\" content=\"https:\/\/www.facebook.com\/TG4TV\" \/>\n<meta property=\"og:image\" content=\"https:\/\/tg4-docs.s3.amazonaws.com\/tg4-redesign-2015\/wp-content\/uploads\/2021\/06\/Toraigh_Patsy_Dan_1_1920x1080.jpg\" \/>\n\t<meta property=\"og:image:width\" content=\"1920\" \/>\n\t<meta property=\"og:image:height\" content=\"1080\" \/>\n\t<meta property=\"og:image:type\" content=\"image\/jpeg\" \/>\n<meta name=\"twitter:card\" content=\"summary_large_image\" \/>\n<meta name=\"twitter:image\" content=\"https:\/\/tg4-docs.s3.amazonaws.com\/tg4-redesign-2015\/wp-content\/uploads\/2021\/06\/Toraigh_Patsy_Dan_1_1920x1080.jpg\" \/>\n<meta name=\"twitter:site\" content=\"@TG4TV\" \/>\n<meta name=\"twitter:label1\" content=\"Est. reading time\" \/>\n\t<meta name=\"twitter:data1\" content=\"4 minutes\" \/>\n<script type=\"application\/ld+json\" class=\"yoast-schema-graph\">{\"@context\":\"https:\/\/schema.org\",\"@graph\":[{\"@type\":\"WebPage\",\"@id\":\"https:\/\/dev.tg4.ie\/ga\/eolas\/preas\/nuacht-raitis\/2021-2\/gradam-torc-spiorad-na-feile-bronnta-ar-treibh-na-ndeithe-ag-feile-na-mean-ceilteach\/\",\"url\":\"https:\/\/dev.tg4.ie\/ga\/eolas\/preas\/nuacht-raitis\/2021-2\/gradam-torc-spiorad-na-feile-bronnta-ar-treibh-na-ndeithe-ag-feile-na-mean-ceilteach\/\",\"name\":\"Gradam Torc 'Spiorad na F\u00e9ile' bronnta ar Treibh na nD\u00e9ithe ag F\u00e9ile na Me\u00e1n Ceilteach | Preas R\u00e1iteas | TG4\",\"isPartOf\":{\"@id\":\"https:\/\/dev.tg4.ie\/en\/#website\"},\"primaryImageOfPage\":{\"@id\":\"https:\/\/dev.tg4.ie\/ga\/eolas\/preas\/nuacht-raitis\/2021-2\/gradam-torc-spiorad-na-feile-bronnta-ar-treibh-na-ndeithe-ag-feile-na-mean-ceilteach\/#primaryimage\"},\"image\":{\"@id\":\"https:\/\/dev.tg4.ie\/ga\/eolas\/preas\/nuacht-raitis\/2021-2\/gradam-torc-spiorad-na-feile-bronnta-ar-treibh-na-ndeithe-ag-feile-na-mean-ceilteach\/#primaryimage\"},\"thumbnailUrl\":\"https:\/\/dev.tg4.ie\/wp-content\/uploads\/2021\/06\/Toraigh_Patsy_Dan_1_1920x1080.jpg\",\"datePublished\":\"2021-09-13T15:53:14+00:00\",\"dateModified\":\"2021-09-13T15:53:14+00:00\",\"breadcrumb\":{\"@id\":\"https:\/\/dev.tg4.ie\/ga\/eolas\/preas\/nuacht-raitis\/2021-2\/gradam-torc-spiorad-na-feile-bronnta-ar-treibh-na-ndeithe-ag-feile-na-mean-ceilteach\/#breadcrumb\"},\"inLanguage\":\"ga\",\"potentialAction\":[{\"@type\":\"ReadAction\",\"target\":[\"https:\/\/dev.tg4.ie\/ga\/eolas\/preas\/nuacht-raitis\/2021-2\/gradam-torc-spiorad-na-feile-bronnta-ar-treibh-na-ndeithe-ag-feile-na-mean-ceilteach\/\"]}]},{\"@type\":\"ImageObject\",\"inLanguage\":\"ga\",\"@id\":\"https:\/\/dev.tg4.ie\/ga\/eolas\/preas\/nuacht-raitis\/2021-2\/gradam-torc-spiorad-na-feile-bronnta-ar-treibh-na-ndeithe-ag-feile-na-mean-ceilteach\/#primaryimage\",\"url\":\"https:\/\/dev.tg4.ie\/wp-content\/uploads\/2021\/06\/Toraigh_Patsy_Dan_1_1920x1080.jpg\",\"contentUrl\":\"https:\/\/dev.tg4.ie\/wp-content\/uploads\/2021\/06\/Toraigh_Patsy_Dan_1_1920x1080.jpg\"},{\"@type\":\"BreadcrumbList\",\"@id\":\"https:\/\/dev.tg4.ie\/ga\/eolas\/preas\/nuacht-raitis\/2021-2\/gradam-torc-spiorad-na-feile-bronnta-ar-treibh-na-ndeithe-ag-feile-na-mean-ceilteach\/#breadcrumb\",\"itemListElement\":[{\"@type\":\"ListItem\",\"position\":1,\"name\":\"Home\",\"item\":\"https:\/\/dev.tg4.ie\/ga\/\"},{\"@type\":\"ListItem\",\"position\":2,\"name\":\"Eolas\",\"item\":\"https:\/\/dev.tg4.ie\/ga\/eolas\/\"},{\"@type\":\"ListItem\",\"position\":3,\"name\":\"Preas\",\"item\":\"https:\/\/dev.tg4.ie\/ga\/eolas\/preas\/\"},{\"@type\":\"ListItem\",\"position\":4,\"name\":\"Nuacht R\u00e1itis\",\"item\":\"https:\/\/dev.tg4.ie\/ga\/eolas\/preas\/nuacht-raitis\/\"},{\"@type\":\"ListItem\",\"position\":5,\"name\":\"2021\",\"item\":\"https:\/\/dev.tg4.ie\/ga\/eolas\/preas\/nuacht-raitis\/2021-2\/\"},{\"@type\":\"ListItem\",\"position\":6,\"name\":\"Gradam Torc &#8216;Spiorad na F\u00e9ile&#8217; bronnta ar Treibh na nD\u00e9ithe ag F\u00e9ile na Me\u00e1n Ceilteach\"}]},{\"@type\":\"WebSite\",\"@id\":\"https:\/\/dev.tg4.ie\/en\/#website\",\"url\":\"https:\/\/dev.tg4.ie\/en\/\",\"name\":\"TG4\",\"description\":\"S\u00fail Eile\",\"potentialAction\":[{\"@type\":\"SearchAction\",\"target\":{\"@type\":\"EntryPoint\",\"urlTemplate\":\"https:\/\/dev.tg4.ie\/en\/?s={search_term_string}\"},\"query-input\":\"required name=search_term_string\"}],\"inLanguage\":\"ga\"}]}<\/script>\n<!-- \/ Yoast SEO plugin. -->","yoast_head_json":{"title":"Gradam Torc 'Spiorad na F\u00e9ile' bronnta ar Treibh na nD\u00e9ithe ag F\u00e9ile na Me\u00e1n Ceilteach | Preas R\u00e1iteas | TG4","robots":{"index":"index","follow":"follow","max-snippet":"max-snippet:-1","max-image-preview":"max-image-preview:large","max-video-preview":"max-video-preview:-1"},"og_locale":"en_US","og_type":"article","og_title":"Gradam Torc 'Spiorad na F\u00e9ile' bronnta ar Treibh na nD\u00e9ithe ag F\u00e9ile na Me\u00e1n Ceilteach | Preas R\u00e1iteas | TG4","og_description":"Bronnadh gradam \u2018Spiorad na F\u00e9ile\u2019 ar chl\u00e1r faisn\u00e9ise de chuid TG4, &#8216;Treibh na nD\u00e9ithe, ag Gradaim Torc Fh\u00e9ile na Me\u00e1n Ceilteach. F\u00f3gra\u00edodh na gradaim ar l\u00edne. Bronntar &#8216;Spiorad na F\u00e9ile&#8217; ar chl\u00e1r at\u00e1 go hioml\u00e1n n\u00f3 nach m\u00f3r go hioml\u00e1n i dteanga Cheilteach agus a chuims\u00edonn spiorad agus \u00e9iteas na F\u00e9ile. Ins\u00edtear sc\u00e9al phobal Thora\u00ed [&hellip;]","og_url":"https:\/\/dev.tg4.ie\/ga\/eolas\/preas\/nuacht-raitis\/2021-2\/gradam-torc-spiorad-na-feile-bronnta-ar-treibh-na-ndeithe-ag-feile-na-mean-ceilteach\/","og_site_name":"TG4","article_publisher":"https:\/\/www.facebook.com\/TG4TV","og_image":[{"width":1920,"height":1080,"url":"https:\/\/tg4-docs.s3.amazonaws.com\/tg4-redesign-2015\/wp-content\/uploads\/2021\/06\/Toraigh_Patsy_Dan_1_1920x1080.jpg","type":"image\/jpeg"}],"twitter_card":"summary_large_image","twitter_image":"https:\/\/tg4-docs.s3.amazonaws.com\/tg4-redesign-2015\/wp-content\/uploads\/2021\/06\/Toraigh_Patsy_Dan_1_1920x1080.jpg","twitter_site":"@TG4TV","twitter_misc":{"Est. reading time":"4 minutes"},"schema":{"@context":"https:\/\/schema.org","@graph":[{"@type":"WebPage","@id":"https:\/\/dev.tg4.ie\/ga\/eolas\/preas\/nuacht-raitis\/2021-2\/gradam-torc-spiorad-na-feile-bronnta-ar-treibh-na-ndeithe-ag-feile-na-mean-ceilteach\/","url":"https:\/\/dev.tg4.ie\/ga\/eolas\/preas\/nuacht-raitis\/2021-2\/gradam-torc-spiorad-na-feile-bronnta-ar-treibh-na-ndeithe-ag-feile-na-mean-ceilteach\/","name":"Gradam Torc 'Spiorad na F\u00e9ile' bronnta ar Treibh na nD\u00e9ithe ag F\u00e9ile na Me\u00e1n Ceilteach | Preas R\u00e1iteas | TG4","isPartOf":{"@id":"https:\/\/dev.tg4.ie\/en\/#website"},"primaryImageOfPage":{"@id":"https:\/\/dev.tg4.ie\/ga\/eolas\/preas\/nuacht-raitis\/2021-2\/gradam-torc-spiorad-na-feile-bronnta-ar-treibh-na-ndeithe-ag-feile-na-mean-ceilteach\/#primaryimage"},"image":{"@id":"https:\/\/dev.tg4.ie\/ga\/eolas\/preas\/nuacht-raitis\/2021-2\/gradam-torc-spiorad-na-feile-bronnta-ar-treibh-na-ndeithe-ag-feile-na-mean-ceilteach\/#primaryimage"},"thumbnailUrl":"https:\/\/dev.tg4.ie\/wp-content\/uploads\/2021\/06\/Toraigh_Patsy_Dan_1_1920x1080.jpg","datePublished":"2021-09-13T15:53:14+00:00","dateModified":"2021-09-13T15:53:14+00:00","breadcrumb":{"@id":"https:\/\/dev.tg4.ie\/ga\/eolas\/preas\/nuacht-raitis\/2021-2\/gradam-torc-spiorad-na-feile-bronnta-ar-treibh-na-ndeithe-ag-feile-na-mean-ceilteach\/#breadcrumb"},"inLanguage":"ga","potentialAction":[{"@type":"ReadAction","target":["https:\/\/dev.tg4.ie\/ga\/eolas\/preas\/nuacht-raitis\/2021-2\/gradam-torc-spiorad-na-feile-bronnta-ar-treibh-na-ndeithe-ag-feile-na-mean-ceilteach\/"]}]},{"@type":"ImageObject","inLanguage":"ga","@id":"https:\/\/dev.tg4.ie\/ga\/eolas\/preas\/nuacht-raitis\/2021-2\/gradam-torc-spiorad-na-feile-bronnta-ar-treibh-na-ndeithe-ag-feile-na-mean-ceilteach\/#primaryimage","url":"https:\/\/dev.tg4.ie\/wp-content\/uploads\/2021\/06\/Toraigh_Patsy_Dan_1_1920x1080.jpg","contentUrl":"https:\/\/dev.tg4.ie\/wp-content\/uploads\/2021\/06\/Toraigh_Patsy_Dan_1_1920x1080.jpg"},{"@type":"BreadcrumbList","@id":"https:\/\/dev.tg4.ie\/ga\/eolas\/preas\/nuacht-raitis\/2021-2\/gradam-torc-spiorad-na-feile-bronnta-ar-treibh-na-ndeithe-ag-feile-na-mean-ceilteach\/#breadcrumb","itemListElement":[{"@type":"ListItem","position":1,"name":"Home","item":"https:\/\/dev.tg4.ie\/ga\/"},{"@type":"ListItem","position":2,"name":"Eolas","item":"https:\/\/dev.tg4.ie\/ga\/eolas\/"},{"@type":"ListItem","position":3,"name":"Preas","item":"https:\/\/dev.tg4.ie\/ga\/eolas\/preas\/"},{"@type":"ListItem","position":4,"name":"Nuacht R\u00e1itis","item":"https:\/\/dev.tg4.ie\/ga\/eolas\/preas\/nuacht-raitis\/"},{"@type":"ListItem","position":5,"name":"2021","item":"https:\/\/dev.tg4.ie\/ga\/eolas\/preas\/nuacht-raitis\/2021-2\/"},{"@type":"ListItem","position":6,"name":"Gradam Torc &#8216;Spiorad na F\u00e9ile&#8217; bronnta ar Treibh na nD\u00e9ithe ag F\u00e9ile na Me\u00e1n Ceilteach"}]},{"@type":"WebSite","@id":"https:\/\/dev.tg4.ie\/en\/#website","url":"https:\/\/dev.tg4.ie\/en\/","name":"TG4","description":"S\u00fail Eile","potentialAction":[{"@type":"SearchAction","target":{"@type":"EntryPoint","urlTemplate":"https:\/\/dev.tg4.ie\/en\/?s={search_term_string}"},"query-input":"required name=search_term_string"}],"inLanguage":"ga"}]}},"_links":{"self":[{"href":"https:\/\/dev.tg4.ie\/ga\/wp-json\/wp\/v2\/pages\/131159"}],"collection":[{"href":"https:\/\/dev.tg4.ie\/ga\/wp-json\/wp\/v2\/pages"}],"about":[{"href":"https:\/\/dev.tg4.ie\/ga\/wp-json\/wp\/v2\/types\/page"}],"author":[{"embeddable":true,"href":"https:\/\/dev.tg4.ie\/ga\/wp-json\/wp\/v2\/users\/876"}],"replies":[{"embeddable":true,"href":"https:\/\/dev.tg4.ie\/ga\/wp-json\/wp\/v2\/comments?post=131159"}],"version-history":[{"count":0,"href":"https:\/\/dev.tg4.ie\/ga\/wp-json\/wp\/v2\/pages\/131159\/revisions"}],"up":[{"embeddable":true,"href":"https:\/\/dev.tg4.ie\/ga\/wp-json\/wp\/v2\/pages\/115579"}],"wp:attachment":[{"href":"https:\/\/dev.tg4.ie\/ga\/wp-json\/wp\/v2\/media?parent=131159"}],"curies":[{"name":"wp","href":"https:\/\/api.w.org\/{rel}","templated":true}]}}