{"id":13116,"date":"2016-02-01T14:36:13","date_gmt":"2016-02-01T14:36:13","guid":{"rendered":"https:\/\/dev.tg4.ie\/corporate\/preas\/press-releases\/2016-2\/18-01-16\/"},"modified":"2019-06-24T16:11:35","modified_gmt":"2019-06-24T15:11:35","slug":"18-01-16","status":"publish","type":"page","link":"https:\/\/dev.tg4.ie\/ga\/eolas\/preas\/nuacht-raitis\/2016-2\/18-01-16\/","title":{"rendered":"18.01.16"},"content":{"rendered":"<p>Ar na Gradam\u00f3ir\u00ed eile a f\u00f3gra\u00edodh t\u00e1;\u00a0\u00a0 ceolt\u00f3ir fead\u00f3ige m\u00f3ire as Londain (Ceolt\u00f3ir \u00d3g); \u00a0fear as T\u00edr Eoghain a bhfuil a shaol caite aige ag\u00a0 cruth\u00fa gur uirlis eala\u00edonta \u00e9 an giot\u00e1r don cheol traidisi\u00fanta (Gradam Saoil); eagras a chinntigh gur f\u00e1s seachas b\u00e1s a gheobhadh an uirlis is cheoil is seanda ar fad in\u00e1r gcult\u00far d\u00fachais (Gradam Comaoine);\u00a0 fonnad\u00f3ir sean-n\u00f3is a bhfuil oidhreacht a mhuintire maisithe go cumasach aige (Amhr\u00e1na\u00ed na Bliana) agus tionscnamh taighde agus taifeadta at\u00e1 ag sol\u00e1thar l\u00e9argais agus athbheochana ar cheantar cois teorann a raibh a oidhreacht cheoil ligthe i ndearmad, cuid mhaith (Gradam Comharcheoil).\u00a0\u00a0\u00a0 Agus i mbliain stairi\u00fail seo an Chom\u00f3rtha C\u00e9id, t\u00e1 TG4 ag bronnadh Gradam Ceoil 2016 aon-uaire ar eagras Gaeilge a l\u00e9irigh misneach agus samhla\u00edocht lena scann\u00e1in chartlainne ar an \u00c9ir\u00ed Amach agus a thug deis do She\u00e1n \u00d3 Riada a chumas do-sh\u00e1raithe mar chumad\u00f3ir\/c\u00f3iritheoir a l\u00e9iri\u00fa don domhan.<\/p>\n<p>Seo duaiseoir\u00ed Ghradam Ceoil\u00a0 TG4 Ceoil 2016:<\/p>\n<ul>\n<li><strong>Gradam Ceoil \u00a0\u00a0\u00a0\u00a0 &#8211; \u00a0\u00a0\u00a0\u00a0\u00a0\u00a0\u00a0\u00a0\u00a0\u00a0\u00a0\u00a0\u00a0 <em>Kevin Burke<\/em><\/strong><\/li>\n<li><strong>Ceolt\u00f3ir \u00d3g \u00a0\u00a0\u00a0\u00a0\u00a0\u00a0\u00a0 \u00a0&#8211; \u00a0\u00a0\u00a0\u00a0\u00a0\u00a0\u00a0\u00a0\u00a0\u00a0\u00a0\u00a0 <em>\u00d3rlaith McAuliffe\u00a0 <\/em><\/strong><\/li>\n<li><strong>Gradam Saoil \u00a0&#8211;\u00a0 \u00a0\u00a0\u00a0\u00a0\u00a0\u00a0\u00a0\u00a0\u00a0\u00a0\u00a0 <em>Arty McGlynn<\/em><\/strong><\/li>\n<li><strong>Comharcheol \u00a0\u00a0\u00a0\u00a0\u00a0 &#8211;\u00a0\u00a0 \u00a0\u00a0\u00a0\u00a0\u00a0\u00a0\u00a0\u00a0\u00a0\u00a0\u00a0 <em>Our Dear Dark Mountain with the Sky over it<\/em><\/strong><\/li>\n<li><strong>Amhr\u00e1na\u00ed na Bliana &#8211; \u00a0\u00a0\u00a0\u00a0\u00a0\u00a0 <em>P\u00f3l \u00d3 Ceannabh\u00e1in<\/em>\u00a0 <\/strong><\/li>\n<li><strong>Comaoin \u00a0\u00a0\u00a0\u00a0\u00a0\u00a0\u00a0\u00a0\u00a0\u00a0\u00a0\u00a0\u00a0\u00a0 \u00a0&#8211; \u00a0\u00a0\u00a0\u00a0\u00a0\u00a0\u00a0\u00a0\u00a0\u00a0\u00a0\u00a0 <em>Cairde na Cruite<\/em> <\/strong><\/li>\n<li><strong>Gradam 1916 \u00a0\u00a0\u00a0\u00a0\u00a0 &#8211; \u00a0\u00a0\u00a0\u00a0\u00a0\u00a0\u00a0\u00a0\u00a0\u00a0\u00a0\u00a0\u00a0 <em>Gael Linn<\/em><\/strong><\/li>\n<\/ul>\n<p>(T\u00e1 n\u00f3ta beathaisn\u00e9ise\/c\u00falra gach duaiseora ar f\u00e1il ag <a href=\"http:\/\/www.gradam.ie\" target=\"_blank\" rel=\"noopener noreferrer\">www.gradam.ie<\/a>)<\/p>\n<p>Coiste neamhsple\u00e1ch a roghna\u00edonn na gradam\u00f3ir\u00ed. \u00a0Faigheann na gradam\u00f3ir\u00ed ceoil duais airgid agus p\u00edosa speisialta dealbh\u00f3ireachta a coimisi\u00fana\u00edodh \u00f3 John Coll.\u00a0 \u00a0Bronnfar na Gradaim ag Coirmcheoil agus Duaisbhronnadh i gCeol\u00e1ras in <strong>\u00c1ras Ceoldr\u00e1ma Chorca\u00ed ar <\/strong><strong>an Domhnach 21 Feabhra<\/strong>, \u00e1<strong> chur i l\u00e1thair ag na ceolt\u00f3ir\u00ed\/craolt\u00f3ir\u00ed aitheanta Tristan Rosenstock agus Muireann Nic Amhlaoibh<\/strong>.\u00a0 <strong>Beo-chraolfar an \u00f3c\u00e1id ar TG4<\/strong>.<\/p>\n<p>Deir Leascheannasa\u00ed TG4, P\u00e1dhraic \u00d3 Ciardha gur \u201cdeis luachmhar \u00e9 Gradam Ceoil TG4 \u00e1r meas a l\u00e9iri\u00fa ar eala\u00edont\u00f3ir\u00ed cumasacha a shaibhr\u00edonn agus a cheili\u00farann \u00e1r n-oidhreacht luachmhar cheoil, i l\u00e1thair a gcairde f\u00e9in agus tr\u00ed mhe\u00e1n agus tr\u00ed mhe\u00e1n na teilif\u00edse agus an Idirl\u00edn.\u201d<\/p>\n<p>T\u00e1 Tic\u00e9id do Dhuaisbhronnadh\/Ceolchoirm Ghradam Ceoil TG4 ar d\u00edol, luach \u20ac25, \u00f3n <a href=\"http:\/\/www.corkoperahouse.ie\/\" target=\"_blank\" rel=\"noopener noreferrer\">\u00c1ras Ceoldr\u00e1ma<\/a> &#8211;  Teileaf\u00f3n 021 4270022.<\/p>\n<p>Breis eolais ar f\u00e1il <a href=\"http:\/\/www.gradam.ie\" target=\"_blank\" rel=\"noopener noreferrer\">www.gradam.ie<\/a>\u00a0 Facebook\u00a0 n\u00f3 Twitter @gradamceoil. #GCTG4<\/p>\n","protected":false},"excerpt":{"rendered":"<p>Ar na Gradam\u00f3ir\u00ed eile a f\u00f3gra\u00edodh t\u00e1;\u00a0\u00a0 ceolt\u00f3ir fead\u00f3ige m\u00f3ire as Londain (Ceolt\u00f3ir \u00d3g); \u00a0fear as T\u00edr Eoghain a bhfuil a shaol caite aige ag\u00a0 cruth\u00fa gur uirlis eala\u00edonta \u00e9 an giot\u00e1r don cheol traidisi\u00fanta (Gradam Saoil); eagras a chinntigh gur f\u00e1s seachas b\u00e1s a gheobhadh an uirlis is cheoil is seanda ar fad in\u00e1r [&hellip;]<\/p>\n","protected":false},"author":4,"featured_media":12970,"parent":6580,"menu_order":1,"comment_status":"closed","ping_status":"closed","template":"page-templates\/template-pr.php","meta":{"_acf_changed":false,"footnotes":""},"acf":[],"yoast_head":"<!-- This site is optimized with the Yoast SEO plugin v22.6 - https:\/\/yoast.com\/wordpress\/plugins\/seo\/ -->\n<title>18.01.16 - TG4<\/title>\n<meta name=\"robots\" content=\"index, follow, max-snippet:-1, max-image-preview:large, max-video-preview:-1\" \/>\n<meta property=\"og:locale\" content=\"en_US\" \/>\n<meta property=\"og:type\" content=\"article\" \/>\n<meta property=\"og:title\" content=\"18.01.16 - TG4\" \/>\n<meta property=\"og:description\" content=\"Ar na Gradam\u00f3ir\u00ed eile a f\u00f3gra\u00edodh t\u00e1;\u00a0\u00a0 ceolt\u00f3ir fead\u00f3ige m\u00f3ire as Londain (Ceolt\u00f3ir \u00d3g); \u00a0fear as T\u00edr Eoghain a bhfuil a shaol caite aige ag\u00a0 cruth\u00fa gur uirlis eala\u00edonta \u00e9 an giot\u00e1r don cheol traidisi\u00fanta (Gradam Saoil); eagras a chinntigh gur f\u00e1s seachas b\u00e1s a gheobhadh an uirlis is cheoil is seanda ar fad in\u00e1r [&hellip;]\" \/>\n<meta property=\"og:url\" content=\"https:\/\/dev.tg4.ie\/ga\/eolas\/preas\/nuacht-raitis\/2016-2\/18-01-16\/\" \/>\n<meta property=\"og:site_name\" content=\"TG4\" \/>\n<meta property=\"article:publisher\" content=\"https:\/\/www.facebook.com\/TG4TV\" \/>\n<meta property=\"article:modified_time\" content=\"2019-06-24T15:11:35+00:00\" \/>\n<meta property=\"og:image\" content=\"https:\/\/tg4-docs.s3.amazonaws.com\/tg4-redesign-2015\/wp-content\/uploads\/2016\/01\/GradamC.jpg\" \/>\n\t<meta property=\"og:image:width\" content=\"1920\" \/>\n\t<meta property=\"og:image:height\" content=\"1080\" \/>\n\t<meta property=\"og:image:type\" content=\"image\/jpeg\" \/>\n<meta name=\"twitter:card\" content=\"summary_large_image\" \/>\n<meta name=\"twitter:site\" content=\"@TG4TV\" \/>\n<meta name=\"twitter:label1\" content=\"Est. reading time\" \/>\n\t<meta name=\"twitter:data1\" content=\"2 minutes\" \/>\n<script type=\"application\/ld+json\" class=\"yoast-schema-graph\">{\"@context\":\"https:\/\/schema.org\",\"@graph\":[{\"@type\":\"WebPage\",\"@id\":\"https:\/\/dev.tg4.ie\/ga\/eolas\/preas\/nuacht-raitis\/2016-2\/18-01-16\/\",\"url\":\"https:\/\/dev.tg4.ie\/ga\/eolas\/preas\/nuacht-raitis\/2016-2\/18-01-16\/\",\"name\":\"18.01.16 - TG4\",\"isPartOf\":{\"@id\":\"https:\/\/dev.tg4.ie\/en\/#website\"},\"primaryImageOfPage\":{\"@id\":\"https:\/\/dev.tg4.ie\/ga\/eolas\/preas\/nuacht-raitis\/2016-2\/18-01-16\/#primaryimage\"},\"image\":{\"@id\":\"https:\/\/dev.tg4.ie\/ga\/eolas\/preas\/nuacht-raitis\/2016-2\/18-01-16\/#primaryimage\"},\"thumbnailUrl\":\"https:\/\/tg4-docs.s3.amazonaws.com\/tg4-redesign-2015\/wp-content\/uploads\/2016\/01\/GradamC.jpg\",\"datePublished\":\"2016-02-01T14:36:13+00:00\",\"dateModified\":\"2019-06-24T15:11:35+00:00\",\"breadcrumb\":{\"@id\":\"https:\/\/dev.tg4.ie\/ga\/eolas\/preas\/nuacht-raitis\/2016-2\/18-01-16\/#breadcrumb\"},\"inLanguage\":\"ga\",\"potentialAction\":[{\"@type\":\"ReadAction\",\"target\":[\"https:\/\/dev.tg4.ie\/ga\/eolas\/preas\/nuacht-raitis\/2016-2\/18-01-16\/\"]}]},{\"@type\":\"ImageObject\",\"inLanguage\":\"ga\",\"@id\":\"https:\/\/dev.tg4.ie\/ga\/eolas\/preas\/nuacht-raitis\/2016-2\/18-01-16\/#primaryimage\",\"url\":\"https:\/\/tg4-docs.s3.amazonaws.com\/tg4-redesign-2015\/wp-content\/uploads\/2016\/01\/GradamC.jpg\",\"contentUrl\":\"https:\/\/tg4-docs.s3.amazonaws.com\/tg4-redesign-2015\/wp-content\/uploads\/2016\/01\/GradamC.jpg\",\"width\":1920,\"height\":1080},{\"@type\":\"BreadcrumbList\",\"@id\":\"https:\/\/dev.tg4.ie\/ga\/eolas\/preas\/nuacht-raitis\/2016-2\/18-01-16\/#breadcrumb\",\"itemListElement\":[{\"@type\":\"ListItem\",\"position\":1,\"name\":\"Home\",\"item\":\"https:\/\/dev.tg4.ie\/ga\/\"},{\"@type\":\"ListItem\",\"position\":2,\"name\":\"Eolas\",\"item\":\"https:\/\/dev.tg4.ie\/ga\/eolas\/\"},{\"@type\":\"ListItem\",\"position\":3,\"name\":\"Preas\",\"item\":\"https:\/\/dev.tg4.ie\/ga\/eolas\/preas\/\"},{\"@type\":\"ListItem\",\"position\":4,\"name\":\"Nuacht R\u00e1itis\",\"item\":\"https:\/\/dev.tg4.ie\/ga\/eolas\/preas\/nuacht-raitis\/\"},{\"@type\":\"ListItem\",\"position\":5,\"name\":\"2016\",\"item\":\"https:\/\/dev.tg4.ie\/ga\/eolas\/preas\/nuacht-raitis\/2016-2\/\"},{\"@type\":\"ListItem\",\"position\":6,\"name\":\"18.01.16\"}]},{\"@type\":\"WebSite\",\"@id\":\"https:\/\/dev.tg4.ie\/en\/#website\",\"url\":\"https:\/\/dev.tg4.ie\/en\/\",\"name\":\"TG4\",\"description\":\"S\u00fail Eile\",\"potentialAction\":[{\"@type\":\"SearchAction\",\"target\":{\"@type\":\"EntryPoint\",\"urlTemplate\":\"https:\/\/dev.tg4.ie\/en\/?s={search_term_string}\"},\"query-input\":\"required name=search_term_string\"}],\"inLanguage\":\"ga\"}]}<\/script>\n<!-- \/ Yoast SEO plugin. -->","yoast_head_json":{"title":"18.01.16 - TG4","robots":{"index":"index","follow":"follow","max-snippet":"max-snippet:-1","max-image-preview":"max-image-preview:large","max-video-preview":"max-video-preview:-1"},"og_locale":"en_US","og_type":"article","og_title":"18.01.16 - TG4","og_description":"Ar na Gradam\u00f3ir\u00ed eile a f\u00f3gra\u00edodh t\u00e1;\u00a0\u00a0 ceolt\u00f3ir fead\u00f3ige m\u00f3ire as Londain (Ceolt\u00f3ir \u00d3g); \u00a0fear as T\u00edr Eoghain a bhfuil a shaol caite aige ag\u00a0 cruth\u00fa gur uirlis eala\u00edonta \u00e9 an giot\u00e1r don cheol traidisi\u00fanta (Gradam Saoil); eagras a chinntigh gur f\u00e1s seachas b\u00e1s a gheobhadh an uirlis is cheoil is seanda ar fad in\u00e1r [&hellip;]","og_url":"https:\/\/dev.tg4.ie\/ga\/eolas\/preas\/nuacht-raitis\/2016-2\/18-01-16\/","og_site_name":"TG4","article_publisher":"https:\/\/www.facebook.com\/TG4TV","article_modified_time":"2019-06-24T15:11:35+00:00","og_image":[{"width":1920,"height":1080,"url":"https:\/\/tg4-docs.s3.amazonaws.com\/tg4-redesign-2015\/wp-content\/uploads\/2016\/01\/GradamC.jpg","type":"image\/jpeg"}],"twitter_card":"summary_large_image","twitter_site":"@TG4TV","twitter_misc":{"Est. reading time":"2 minutes"},"schema":{"@context":"https:\/\/schema.org","@graph":[{"@type":"WebPage","@id":"https:\/\/dev.tg4.ie\/ga\/eolas\/preas\/nuacht-raitis\/2016-2\/18-01-16\/","url":"https:\/\/dev.tg4.ie\/ga\/eolas\/preas\/nuacht-raitis\/2016-2\/18-01-16\/","name":"18.01.16 - TG4","isPartOf":{"@id":"https:\/\/dev.tg4.ie\/en\/#website"},"primaryImageOfPage":{"@id":"https:\/\/dev.tg4.ie\/ga\/eolas\/preas\/nuacht-raitis\/2016-2\/18-01-16\/#primaryimage"},"image":{"@id":"https:\/\/dev.tg4.ie\/ga\/eolas\/preas\/nuacht-raitis\/2016-2\/18-01-16\/#primaryimage"},"thumbnailUrl":"https:\/\/tg4-docs.s3.amazonaws.com\/tg4-redesign-2015\/wp-content\/uploads\/2016\/01\/GradamC.jpg","datePublished":"2016-02-01T14:36:13+00:00","dateModified":"2019-06-24T15:11:35+00:00","breadcrumb":{"@id":"https:\/\/dev.tg4.ie\/ga\/eolas\/preas\/nuacht-raitis\/2016-2\/18-01-16\/#breadcrumb"},"inLanguage":"ga","potentialAction":[{"@type":"ReadAction","target":["https:\/\/dev.tg4.ie\/ga\/eolas\/preas\/nuacht-raitis\/2016-2\/18-01-16\/"]}]},{"@type":"ImageObject","inLanguage":"ga","@id":"https:\/\/dev.tg4.ie\/ga\/eolas\/preas\/nuacht-raitis\/2016-2\/18-01-16\/#primaryimage","url":"https:\/\/tg4-docs.s3.amazonaws.com\/tg4-redesign-2015\/wp-content\/uploads\/2016\/01\/GradamC.jpg","contentUrl":"https:\/\/tg4-docs.s3.amazonaws.com\/tg4-redesign-2015\/wp-content\/uploads\/2016\/01\/GradamC.jpg","width":1920,"height":1080},{"@type":"BreadcrumbList","@id":"https:\/\/dev.tg4.ie\/ga\/eolas\/preas\/nuacht-raitis\/2016-2\/18-01-16\/#breadcrumb","itemListElement":[{"@type":"ListItem","position":1,"name":"Home","item":"https:\/\/dev.tg4.ie\/ga\/"},{"@type":"ListItem","position":2,"name":"Eolas","item":"https:\/\/dev.tg4.ie\/ga\/eolas\/"},{"@type":"ListItem","position":3,"name":"Preas","item":"https:\/\/dev.tg4.ie\/ga\/eolas\/preas\/"},{"@type":"ListItem","position":4,"name":"Nuacht R\u00e1itis","item":"https:\/\/dev.tg4.ie\/ga\/eolas\/preas\/nuacht-raitis\/"},{"@type":"ListItem","position":5,"name":"2016","item":"https:\/\/dev.tg4.ie\/ga\/eolas\/preas\/nuacht-raitis\/2016-2\/"},{"@type":"ListItem","position":6,"name":"18.01.16"}]},{"@type":"WebSite","@id":"https:\/\/dev.tg4.ie\/en\/#website","url":"https:\/\/dev.tg4.ie\/en\/","name":"TG4","description":"S\u00fail Eile","potentialAction":[{"@type":"SearchAction","target":{"@type":"EntryPoint","urlTemplate":"https:\/\/dev.tg4.ie\/en\/?s={search_term_string}"},"query-input":"required name=search_term_string"}],"inLanguage":"ga"}]}},"_links":{"self":[{"href":"https:\/\/dev.tg4.ie\/ga\/wp-json\/wp\/v2\/pages\/13116"}],"collection":[{"href":"https:\/\/dev.tg4.ie\/ga\/wp-json\/wp\/v2\/pages"}],"about":[{"href":"https:\/\/dev.tg4.ie\/ga\/wp-json\/wp\/v2\/types\/page"}],"author":[{"embeddable":true,"href":"https:\/\/dev.tg4.ie\/ga\/wp-json\/wp\/v2\/users\/4"}],"replies":[{"embeddable":true,"href":"https:\/\/dev.tg4.ie\/ga\/wp-json\/wp\/v2\/comments?post=13116"}],"version-history":[{"count":0,"href":"https:\/\/dev.tg4.ie\/ga\/wp-json\/wp\/v2\/pages\/13116\/revisions"}],"up":[{"embeddable":true,"href":"https:\/\/dev.tg4.ie\/ga\/wp-json\/wp\/v2\/pages\/6580"}],"wp:featuredmedia":[{"embeddable":true,"href":"https:\/\/dev.tg4.ie\/ga\/wp-json\/wp\/v2\/media\/12970"}],"wp:attachment":[{"href":"https:\/\/dev.tg4.ie\/ga\/wp-json\/wp\/v2\/media?parent=13116"}],"curies":[{"name":"wp","href":"https:\/\/api.w.org\/{rel}","templated":true}]}}