{"id":131201,"date":"2021-09-14T10:56:34","date_gmt":"2021-09-14T09:56:34","guid":{"rendered":"https:\/\/dev.tg4.ie\/?page_id=131201"},"modified":"2021-09-14T11:09:37","modified_gmt":"2021-09-14T10:09:37","slug":"ceithre-chluiche-o-shraith-naisiunta-sse-airtricity-na-mban-le-craoladh-ar-tg4","status":"publish","type":"page","link":"https:\/\/dev.tg4.ie\/ga\/eolas\/preas\/nuacht-raitis\/2021-2\/ceithre-chluiche-o-shraith-naisiunta-sse-airtricity-na-mban-le-craoladh-ar-tg4\/","title":{"rendered":"Ceithre chluiche \u00f3 Shraith N\u00e1isi\u00fanta SSE Airtricity na mBan le craoladh ar TG4"},"content":{"rendered":"<p><a href=\"https:\/\/tg4-docs.s3.amazonaws.com\/tg4-redesign-2015\/wp-content\/uploads\/2021\/09\/Sacar_na_mBan_2_1920x1080.jpg\"><img loading=\"lazy\" decoding=\"async\" width=\"1920\" height=\"1080\" src=\"https:\/\/tg4-docs.s3.amazonaws.com\/tg4-redesign-2015\/wp-content\/uploads\/2021\/09\/Sacar_na_mBan_2_1920x1080.jpg\" alt=\"\" class=\"aligncenter size-full wp-image-131220\" srcset=\"https:\/\/tg4-docs.s3.amazonaws.com\/tg4-redesign-2015\/wp-content\/uploads\/2021\/09\/Sacar_na_mBan_2_1920x1080.jpg 1920w, https:\/\/tg4-docs.s3.amazonaws.com\/tg4-redesign-2015\/wp-content\/uploads\/2021\/09\/Sacar_na_mBan_2_1920x1080-250x141.jpg 250w, https:\/\/tg4-docs.s3.amazonaws.com\/tg4-redesign-2015\/wp-content\/uploads\/2021\/09\/Sacar_na_mBan_2_1920x1080-700x394.jpg 700w, https:\/\/tg4-docs.s3.amazonaws.com\/tg4-redesign-2015\/wp-content\/uploads\/2021\/09\/Sacar_na_mBan_2_1920x1080-252x141.jpg 252w, https:\/\/tg4-docs.s3.amazonaws.com\/tg4-redesign-2015\/wp-content\/uploads\/2021\/09\/Sacar_na_mBan_2_1920x1080-1536x864.jpg 1536w, https:\/\/tg4-docs.s3.amazonaws.com\/tg4-redesign-2015\/wp-content\/uploads\/2021\/09\/Sacar_na_mBan_2_1920x1080-120x68.jpg 120w\" sizes=\"(max-width: 1920px) 100vw, 1920px\" \/><\/a><br \/>\n&nbsp;<\/p>\n<p>N\u00ed bheidh s\u00e9 i bhfad anois go mbeidh ceamara\u00ed TG4 d\u00edrithe ar staideanna <strong>Shraith N\u00e1isi\u00fanta SSE Airtricity na mBan<\/strong> \u00f3 tharla margadh a bheith comhaontaithe ag an st\u00e1isi\u00fan le Cumann Peile na h\u00c9ireann cluich\u00ed beo a craoladh.<br \/>\n&nbsp;<\/p>\n<div style=\"position: relative; overflow: auto; width: 100%; padding-bottom: 56.25%;\"><iframe loading=\"lazy\" src=\"https:\/\/www.youtube.com\/embed\/j9LZw281kkw\" width=\"100%\" height=\"100%\" frameborder=\"0\" scrolling=\"no\" allowFullscreen=\"true\" style=\"position: absolute; top: 0px; display: block;\"><\/iframe><\/div>\n<p>&nbsp;<br \/>\nDen ch\u00e9ad uair riamh \u00f3 buna\u00edodh an tSraith sa bhliain 2011 craolfaidh craolt\u00f3ir n\u00e1isi\u00fanta ceithre chluiche Sraithe saorchraolta sna seachtain\u00ed amach romhainn agus beidh na cluich\u00ed sin ar f\u00e1il ar fud an domhain ar an Aip Seinnteoir TG4.<br \/>\n&nbsp;<br \/>\nT\u00e1 an nuacht seo \u00e1 f\u00f3gairt an tr\u00e1th c\u00e9anna a bhfuil Peamount United, Shelbourne agus Wexford Youths i gcoimhlint lena ch\u00e9ile chun an chraobh a bhaint amach, agus DLR Waves, Galway WFC agus Bohemians ag iarraidh a bheith i measc na gc\u00faig fhoireann ar bharr na sraithe, agus beidh s\u00e1rchoimhlint idir Cork City, Treaty United agus Athlone Town chomh maith.<br \/>\n&nbsp;<br \/>\nIs \u00ed an craolt\u00f3ir sp\u00f3irt as Gaillimh, <strong>M\u00e1ire Treasa N\u00ed Cheallaigh<\/strong>, a chuirfidh <strong>Sacar Beo<\/strong> i l\u00e1thair, agus beidh foireann de shainanail\u00edsithe sacair ina teannta. Fogarty Fenwick Services a l\u00e9ireoidh an tsraith.<br \/>\n&nbsp;<br \/>\nCuirfear t\u00fas leis an gcraoladh leis an gcluiche idir Shelbourne agus DLR Waves D\u00e9 Sathairn an 2 Deireadh F\u00f3mhair ag 5pm as P\u00e1irc na Tulchann.<br \/>\n&nbsp;<br \/>\nD\u00fairt <strong>Ceannasa\u00ed Sp\u00f3irt TG4, R\u00f3n\u00e1n \u00d3 Coisdealbha<\/strong>: <em>&#8220;T\u00e1 r\u00edm\u00e9ad ar TG4 go mbeifear ag craoladh sacar ar an st\u00e1isi\u00fan ar\u00eds agus t\u00e1imid ag s\u00fail le s\u00e9as\u00far l\u00e1naicsin \u00f3 Shraith N\u00e1isi\u00fanta SSE Airtricity na mBan. T\u00e1imid m\u00f3rtasach lean\u00faint de bheith ag ceann an tslua i dtaobh sp\u00f3rt na mban in \u00c9irinn a chraoladh agus i dtaobh an aicsin sp\u00f3irt is fearr a chur faoi bhr\u00e1id \u00e1r lucht f\u00e9achana agus \u00e9isteachta.&#8221;<br \/>\n&#8220;Is ionann an f\u00f3gra seo agus athdhearbh\u00fa ar thiomantas TG4 do chraoladh sp\u00f3rt na mban in \u00c9irinn. Chuir TG4 Sraith Pheil Astr\u00e1lach na mBan agus Craobh Rugba\u00ed Idirch\u00faige Vodafone na mBan os comhair lucht f\u00e9achana teilif\u00edse na h\u00c9ireann den ch\u00e9ad uair sa bhliain 2021, agus mh\u00e9adaigh an st\u00e1isi\u00fan a chl\u00fadach ar Shraitheanna LGFA Lidl 150%.&#8221;<\/em><br \/>\n&nbsp;<br \/>\nAg cur f\u00e1ilte roimh an bhf\u00f3gra d\u00fairt <strong>Sti\u00farth\u00f3ir Shraith na h\u00c9ireann, Mark Scanlon<\/strong>: <em>&#8220;Is iontach a bheith \u00e1balta pr\u00f3if\u00edl Shraith N\u00e1isi\u00fanta SSE Airtricity na mBan a ard\u00fa tuilleadh tr\u00ed bheith ag obair i gcomhar le TG4 ionas go mbeidh na himreoir\u00ed n\u00edos feice\u00e1la\u00ed f\u00f3s agus na cluich\u00ed beo a gcraoladh.&#8221;<br \/>\n&#8220;T\u00e1 \u00e9irithe thar cionn ar fad linn le LOITV an s\u00e9as\u00far seo, rath nach bhfacthas riamh cheana, \u00f3 tharla gach cluiche a bheith ar f\u00e1il le sruth\u00fa saor in aisce. Ach is cloch mh\u00edle cheart \u00ed craolt\u00f3ir n\u00e1isi\u00fanta a bheith i bp\u00e1irt linn chun an tSraith a chur chun cinn.&#8221;<br \/>\n&#8220;T\u00e1 s\u00e9 t\u00e1bhachtach go leanfaimis d&#8217;fheabhas a chur ar gach r\u00e9imse den chluiche a chur chun cinn. T\u00e1 f\u00edor-r\u00edm\u00e9ad orainn a bheith ag obair le TG4 agus t\u00e1 s\u00fail againn go dtarraingeoidh an chomhph\u00e1irt\u00edocht seo daoine nua chuig an tSraith.&#8221;<\/em><br \/>\n&nbsp;<br \/>\nF\u00f3gr\u00f3far sonra\u00ed maidir leis na cluich\u00ed eile a bheidh \u00e1 gcraoladh beo ar TG4 go r\u00edghairid.<br \/>\n&nbsp;<br \/>\n&nbsp;<br \/>\n&nbsp;<\/p>\n","protected":false},"excerpt":{"rendered":"<p>&nbsp; N\u00ed bheidh s\u00e9 i bhfad anois go mbeidh ceamara\u00ed TG4 d\u00edrithe ar staideanna Shraith N\u00e1isi\u00fanta SSE Airtricity na mBan \u00f3 tharla margadh a bheith comhaontaithe ag an st\u00e1isi\u00fan le Cumann Peile na h\u00c9ireann cluich\u00ed beo a craoladh. &nbsp; &nbsp; Den ch\u00e9ad uair riamh \u00f3 buna\u00edodh an tSraith sa bhliain 2011 craolfaidh craolt\u00f3ir n\u00e1isi\u00fanta ceithre [&hellip;]<\/p>\n","protected":false},"author":876,"featured_media":0,"parent":115579,"menu_order":40,"comment_status":"closed","ping_status":"closed","template":"page-templates\/template-pr.php","meta":{"_acf_changed":false,"footnotes":""},"acf":[],"yoast_head":"<!-- This site is optimized with the Yoast SEO plugin v22.6 - https:\/\/yoast.com\/wordpress\/plugins\/seo\/ -->\n<title>Ceithre chluiche \u00f3 Shraith N\u00e1isi\u00fanta SSE Airtricity na mBan le craoladh ar TG4 | Preas R\u00e1iteas | TG4<\/title>\n<meta name=\"robots\" content=\"index, follow, max-snippet:-1, max-image-preview:large, max-video-preview:-1\" \/>\n<meta property=\"og:locale\" content=\"en_US\" \/>\n<meta property=\"og:type\" content=\"article\" \/>\n<meta property=\"og:title\" content=\"Ceithre chluiche \u00f3 Shraith N\u00e1isi\u00fanta SSE Airtricity na mBan le craoladh ar TG4 | Preas R\u00e1iteas | TG4\" \/>\n<meta property=\"og:description\" content=\"&nbsp; N\u00ed bheidh s\u00e9 i bhfad anois go mbeidh ceamara\u00ed TG4 d\u00edrithe ar staideanna Shraith N\u00e1isi\u00fanta SSE Airtricity na mBan \u00f3 tharla margadh a bheith comhaontaithe ag an st\u00e1isi\u00fan le Cumann Peile na h\u00c9ireann cluich\u00ed beo a craoladh. &nbsp; &nbsp; Den ch\u00e9ad uair riamh \u00f3 buna\u00edodh an tSraith sa bhliain 2011 craolfaidh craolt\u00f3ir n\u00e1isi\u00fanta ceithre [&hellip;]\" \/>\n<meta property=\"og:url\" content=\"https:\/\/dev.tg4.ie\/ga\/eolas\/preas\/nuacht-raitis\/2021-2\/ceithre-chluiche-o-shraith-naisiunta-sse-airtricity-na-mban-le-craoladh-ar-tg4\/\" \/>\n<meta property=\"og:site_name\" content=\"TG4\" \/>\n<meta property=\"article:publisher\" content=\"https:\/\/www.facebook.com\/TG4TV\" \/>\n<meta property=\"article:modified_time\" content=\"2021-09-14T10:09:37+00:00\" \/>\n<meta property=\"og:image\" content=\"https:\/\/tg4-docs.s3.amazonaws.com\/tg4-redesign-2015\/wp-content\/uploads\/2021\/09\/Sacar_na_mBan_2_1920x1080.jpg\" \/>\n\t<meta property=\"og:image:width\" content=\"1920\" \/>\n\t<meta property=\"og:image:height\" content=\"1080\" \/>\n\t<meta property=\"og:image:type\" content=\"image\/jpeg\" \/>\n<meta name=\"twitter:card\" content=\"summary_large_image\" \/>\n<meta name=\"twitter:image\" content=\"https:\/\/tg4-docs.s3.amazonaws.com\/tg4-redesign-2015\/wp-content\/uploads\/2021\/09\/Sacar_na_mBan_2_1920x1080.jpg\" \/>\n<meta name=\"twitter:site\" content=\"@TG4TV\" \/>\n<meta name=\"twitter:label1\" content=\"Est. reading time\" \/>\n\t<meta name=\"twitter:data1\" content=\"3 minutes\" \/>\n<script type=\"application\/ld+json\" class=\"yoast-schema-graph\">{\"@context\":\"https:\/\/schema.org\",\"@graph\":[{\"@type\":\"WebPage\",\"@id\":\"https:\/\/dev.tg4.ie\/ga\/eolas\/preas\/nuacht-raitis\/2021-2\/ceithre-chluiche-o-shraith-naisiunta-sse-airtricity-na-mban-le-craoladh-ar-tg4\/\",\"url\":\"https:\/\/dev.tg4.ie\/ga\/eolas\/preas\/nuacht-raitis\/2021-2\/ceithre-chluiche-o-shraith-naisiunta-sse-airtricity-na-mban-le-craoladh-ar-tg4\/\",\"name\":\"Ceithre chluiche \u00f3 Shraith N\u00e1isi\u00fanta SSE Airtricity na mBan le craoladh ar TG4 | Preas R\u00e1iteas | TG4\",\"isPartOf\":{\"@id\":\"https:\/\/dev.tg4.ie\/en\/#website\"},\"primaryImageOfPage\":{\"@id\":\"https:\/\/dev.tg4.ie\/ga\/eolas\/preas\/nuacht-raitis\/2021-2\/ceithre-chluiche-o-shraith-naisiunta-sse-airtricity-na-mban-le-craoladh-ar-tg4\/#primaryimage\"},\"image\":{\"@id\":\"https:\/\/dev.tg4.ie\/ga\/eolas\/preas\/nuacht-raitis\/2021-2\/ceithre-chluiche-o-shraith-naisiunta-sse-airtricity-na-mban-le-craoladh-ar-tg4\/#primaryimage\"},\"thumbnailUrl\":\"https:\/\/dev.tg4.ie\/wp-content\/uploads\/2021\/09\/Sacar_na_mBan_2_1920x1080.jpg\",\"datePublished\":\"2021-09-14T09:56:34+00:00\",\"dateModified\":\"2021-09-14T10:09:37+00:00\",\"breadcrumb\":{\"@id\":\"https:\/\/dev.tg4.ie\/ga\/eolas\/preas\/nuacht-raitis\/2021-2\/ceithre-chluiche-o-shraith-naisiunta-sse-airtricity-na-mban-le-craoladh-ar-tg4\/#breadcrumb\"},\"inLanguage\":\"ga\",\"potentialAction\":[{\"@type\":\"ReadAction\",\"target\":[\"https:\/\/dev.tg4.ie\/ga\/eolas\/preas\/nuacht-raitis\/2021-2\/ceithre-chluiche-o-shraith-naisiunta-sse-airtricity-na-mban-le-craoladh-ar-tg4\/\"]}]},{\"@type\":\"ImageObject\",\"inLanguage\":\"ga\",\"@id\":\"https:\/\/dev.tg4.ie\/ga\/eolas\/preas\/nuacht-raitis\/2021-2\/ceithre-chluiche-o-shraith-naisiunta-sse-airtricity-na-mban-le-craoladh-ar-tg4\/#primaryimage\",\"url\":\"https:\/\/dev.tg4.ie\/wp-content\/uploads\/2021\/09\/Sacar_na_mBan_2_1920x1080.jpg\",\"contentUrl\":\"https:\/\/dev.tg4.ie\/wp-content\/uploads\/2021\/09\/Sacar_na_mBan_2_1920x1080.jpg\"},{\"@type\":\"BreadcrumbList\",\"@id\":\"https:\/\/dev.tg4.ie\/ga\/eolas\/preas\/nuacht-raitis\/2021-2\/ceithre-chluiche-o-shraith-naisiunta-sse-airtricity-na-mban-le-craoladh-ar-tg4\/#breadcrumb\",\"itemListElement\":[{\"@type\":\"ListItem\",\"position\":1,\"name\":\"Home\",\"item\":\"https:\/\/dev.tg4.ie\/ga\/\"},{\"@type\":\"ListItem\",\"position\":2,\"name\":\"Eolas\",\"item\":\"https:\/\/dev.tg4.ie\/ga\/eolas\/\"},{\"@type\":\"ListItem\",\"position\":3,\"name\":\"Preas\",\"item\":\"https:\/\/dev.tg4.ie\/ga\/eolas\/preas\/\"},{\"@type\":\"ListItem\",\"position\":4,\"name\":\"Nuacht R\u00e1itis\",\"item\":\"https:\/\/dev.tg4.ie\/ga\/eolas\/preas\/nuacht-raitis\/\"},{\"@type\":\"ListItem\",\"position\":5,\"name\":\"2021\",\"item\":\"https:\/\/dev.tg4.ie\/ga\/eolas\/preas\/nuacht-raitis\/2021-2\/\"},{\"@type\":\"ListItem\",\"position\":6,\"name\":\"Ceithre chluiche \u00f3 Shraith N\u00e1isi\u00fanta SSE Airtricity na mBan le craoladh ar TG4\"}]},{\"@type\":\"WebSite\",\"@id\":\"https:\/\/dev.tg4.ie\/en\/#website\",\"url\":\"https:\/\/dev.tg4.ie\/en\/\",\"name\":\"TG4\",\"description\":\"S\u00fail Eile\",\"potentialAction\":[{\"@type\":\"SearchAction\",\"target\":{\"@type\":\"EntryPoint\",\"urlTemplate\":\"https:\/\/dev.tg4.ie\/en\/?s={search_term_string}\"},\"query-input\":\"required name=search_term_string\"}],\"inLanguage\":\"ga\"}]}<\/script>\n<!-- \/ Yoast SEO plugin. -->","yoast_head_json":{"title":"Ceithre chluiche \u00f3 Shraith N\u00e1isi\u00fanta SSE Airtricity na mBan le craoladh ar TG4 | Preas R\u00e1iteas | TG4","robots":{"index":"index","follow":"follow","max-snippet":"max-snippet:-1","max-image-preview":"max-image-preview:large","max-video-preview":"max-video-preview:-1"},"og_locale":"en_US","og_type":"article","og_title":"Ceithre chluiche \u00f3 Shraith N\u00e1isi\u00fanta SSE Airtricity na mBan le craoladh ar TG4 | Preas R\u00e1iteas | TG4","og_description":"&nbsp; N\u00ed bheidh s\u00e9 i bhfad anois go mbeidh ceamara\u00ed TG4 d\u00edrithe ar staideanna Shraith N\u00e1isi\u00fanta SSE Airtricity na mBan \u00f3 tharla margadh a bheith comhaontaithe ag an st\u00e1isi\u00fan le Cumann Peile na h\u00c9ireann cluich\u00ed beo a craoladh. &nbsp; &nbsp; Den ch\u00e9ad uair riamh \u00f3 buna\u00edodh an tSraith sa bhliain 2011 craolfaidh craolt\u00f3ir n\u00e1isi\u00fanta ceithre [&hellip;]","og_url":"https:\/\/dev.tg4.ie\/ga\/eolas\/preas\/nuacht-raitis\/2021-2\/ceithre-chluiche-o-shraith-naisiunta-sse-airtricity-na-mban-le-craoladh-ar-tg4\/","og_site_name":"TG4","article_publisher":"https:\/\/www.facebook.com\/TG4TV","article_modified_time":"2021-09-14T10:09:37+00:00","og_image":[{"width":1920,"height":1080,"url":"https:\/\/tg4-docs.s3.amazonaws.com\/tg4-redesign-2015\/wp-content\/uploads\/2021\/09\/Sacar_na_mBan_2_1920x1080.jpg","type":"image\/jpeg"}],"twitter_card":"summary_large_image","twitter_image":"https:\/\/tg4-docs.s3.amazonaws.com\/tg4-redesign-2015\/wp-content\/uploads\/2021\/09\/Sacar_na_mBan_2_1920x1080.jpg","twitter_site":"@TG4TV","twitter_misc":{"Est. reading time":"3 minutes"},"schema":{"@context":"https:\/\/schema.org","@graph":[{"@type":"WebPage","@id":"https:\/\/dev.tg4.ie\/ga\/eolas\/preas\/nuacht-raitis\/2021-2\/ceithre-chluiche-o-shraith-naisiunta-sse-airtricity-na-mban-le-craoladh-ar-tg4\/","url":"https:\/\/dev.tg4.ie\/ga\/eolas\/preas\/nuacht-raitis\/2021-2\/ceithre-chluiche-o-shraith-naisiunta-sse-airtricity-na-mban-le-craoladh-ar-tg4\/","name":"Ceithre chluiche \u00f3 Shraith N\u00e1isi\u00fanta SSE Airtricity na mBan le craoladh ar TG4 | Preas R\u00e1iteas | TG4","isPartOf":{"@id":"https:\/\/dev.tg4.ie\/en\/#website"},"primaryImageOfPage":{"@id":"https:\/\/dev.tg4.ie\/ga\/eolas\/preas\/nuacht-raitis\/2021-2\/ceithre-chluiche-o-shraith-naisiunta-sse-airtricity-na-mban-le-craoladh-ar-tg4\/#primaryimage"},"image":{"@id":"https:\/\/dev.tg4.ie\/ga\/eolas\/preas\/nuacht-raitis\/2021-2\/ceithre-chluiche-o-shraith-naisiunta-sse-airtricity-na-mban-le-craoladh-ar-tg4\/#primaryimage"},"thumbnailUrl":"https:\/\/dev.tg4.ie\/wp-content\/uploads\/2021\/09\/Sacar_na_mBan_2_1920x1080.jpg","datePublished":"2021-09-14T09:56:34+00:00","dateModified":"2021-09-14T10:09:37+00:00","breadcrumb":{"@id":"https:\/\/dev.tg4.ie\/ga\/eolas\/preas\/nuacht-raitis\/2021-2\/ceithre-chluiche-o-shraith-naisiunta-sse-airtricity-na-mban-le-craoladh-ar-tg4\/#breadcrumb"},"inLanguage":"ga","potentialAction":[{"@type":"ReadAction","target":["https:\/\/dev.tg4.ie\/ga\/eolas\/preas\/nuacht-raitis\/2021-2\/ceithre-chluiche-o-shraith-naisiunta-sse-airtricity-na-mban-le-craoladh-ar-tg4\/"]}]},{"@type":"ImageObject","inLanguage":"ga","@id":"https:\/\/dev.tg4.ie\/ga\/eolas\/preas\/nuacht-raitis\/2021-2\/ceithre-chluiche-o-shraith-naisiunta-sse-airtricity-na-mban-le-craoladh-ar-tg4\/#primaryimage","url":"https:\/\/dev.tg4.ie\/wp-content\/uploads\/2021\/09\/Sacar_na_mBan_2_1920x1080.jpg","contentUrl":"https:\/\/dev.tg4.ie\/wp-content\/uploads\/2021\/09\/Sacar_na_mBan_2_1920x1080.jpg"},{"@type":"BreadcrumbList","@id":"https:\/\/dev.tg4.ie\/ga\/eolas\/preas\/nuacht-raitis\/2021-2\/ceithre-chluiche-o-shraith-naisiunta-sse-airtricity-na-mban-le-craoladh-ar-tg4\/#breadcrumb","itemListElement":[{"@type":"ListItem","position":1,"name":"Home","item":"https:\/\/dev.tg4.ie\/ga\/"},{"@type":"ListItem","position":2,"name":"Eolas","item":"https:\/\/dev.tg4.ie\/ga\/eolas\/"},{"@type":"ListItem","position":3,"name":"Preas","item":"https:\/\/dev.tg4.ie\/ga\/eolas\/preas\/"},{"@type":"ListItem","position":4,"name":"Nuacht R\u00e1itis","item":"https:\/\/dev.tg4.ie\/ga\/eolas\/preas\/nuacht-raitis\/"},{"@type":"ListItem","position":5,"name":"2021","item":"https:\/\/dev.tg4.ie\/ga\/eolas\/preas\/nuacht-raitis\/2021-2\/"},{"@type":"ListItem","position":6,"name":"Ceithre chluiche \u00f3 Shraith N\u00e1isi\u00fanta SSE Airtricity na mBan le craoladh ar TG4"}]},{"@type":"WebSite","@id":"https:\/\/dev.tg4.ie\/en\/#website","url":"https:\/\/dev.tg4.ie\/en\/","name":"TG4","description":"S\u00fail Eile","potentialAction":[{"@type":"SearchAction","target":{"@type":"EntryPoint","urlTemplate":"https:\/\/dev.tg4.ie\/en\/?s={search_term_string}"},"query-input":"required name=search_term_string"}],"inLanguage":"ga"}]}},"_links":{"self":[{"href":"https:\/\/dev.tg4.ie\/ga\/wp-json\/wp\/v2\/pages\/131201"}],"collection":[{"href":"https:\/\/dev.tg4.ie\/ga\/wp-json\/wp\/v2\/pages"}],"about":[{"href":"https:\/\/dev.tg4.ie\/ga\/wp-json\/wp\/v2\/types\/page"}],"author":[{"embeddable":true,"href":"https:\/\/dev.tg4.ie\/ga\/wp-json\/wp\/v2\/users\/876"}],"replies":[{"embeddable":true,"href":"https:\/\/dev.tg4.ie\/ga\/wp-json\/wp\/v2\/comments?post=131201"}],"version-history":[{"count":0,"href":"https:\/\/dev.tg4.ie\/ga\/wp-json\/wp\/v2\/pages\/131201\/revisions"}],"up":[{"embeddable":true,"href":"https:\/\/dev.tg4.ie\/ga\/wp-json\/wp\/v2\/pages\/115579"}],"wp:attachment":[{"href":"https:\/\/dev.tg4.ie\/ga\/wp-json\/wp\/v2\/media?parent=131201"}],"curies":[{"name":"wp","href":"https:\/\/api.w.org\/{rel}","templated":true}]}}