{"id":13121,"date":"2016-02-01T15:13:27","date_gmt":"2016-02-01T15:13:27","guid":{"rendered":"https:\/\/dev.tg4.ie\/corporate\/preas\/press-releases\/2016-2\/010216-2\/"},"modified":"2019-06-24T16:13:19","modified_gmt":"2019-06-24T15:13:19","slug":"010216-2","status":"publish","type":"page","link":"https:\/\/dev.tg4.ie\/ga\/eolas\/preas\/nuacht-raitis\/2016-2\/010216-2\/","title":{"rendered":"01.02.16"},"content":{"rendered":"<p>Piocadh na saothair don s\u00e9as\u00far nua\u00a0 le dian-phr\u00f3iseas roghn\u00fach\u00e1in agus\u00a0 seo iad (agus a l\u00e9iritheoir\u00ed): <strong><em>Solas C\u00e9ad Bliain<\/em><\/strong> le Tadhg O\u2019 Sullivan, ini\u00fachadh ar an solas mar mh\u00f3it\u00edf ag eala\u00edont\u00f3ir\u00ed na h\u00c9ireann; <strong><em>O\u00edche Nollag na mBan<\/em><\/strong> \u2013 c\u00f3iri\u00fa fisi\u00fail ar dh\u00e1n cl\u00faiteach She\u00e1in U\u00ed R\u00edord\u00e1in, <strong><em>Bungalow Bliss<\/em><\/strong>, le Fergal Ward agus Adrian Duncan \u2013 athbhreithni\u00fa ar\u00a0 an s\u00f3rt seo ailtireachta t\u00ed in \u00c9irinn; <strong><em>Ailiu Iarth na n-hErend<\/em><\/strong> le D\u00f3nal \u00d3 C\u00e9illeachair, an ch\u00e9ad d\u00e1n Gaeilge\u00a0 riamh,\u00a0 deirtear leis an bhfile Aimhirgin;<strong><em> Allag\u00f3ir\u00ed Chumhachta<\/em><\/strong><em>, <\/em>le Megs Morley agus Tom Flanagan, s\u00fail ar th\u00e1bhacht na ndealbh cloiche a thugann stair polaiti\u00fail na h\u00c9irean chun cuimhne;\u00a0 <strong><em>Idir Neamh<\/em><\/strong> <strong><em>agus Talamh: Saothar William McKeown,<\/em> <\/strong>l\u00e9argas\u00a0 an scann\u00e1n\u00f3ra Pat Collins air; <strong><em>Imogen Stuart Dealbh\u00f3ir<\/em> \u00a0<\/strong>l\u00e9iri\u00fa Sharon Wooley ar shaothar an dealbh\u00f3ra:\u00a0 <strong><em>Souvenir Shop<\/em><\/strong> scann\u00e1n Airt U\u00ed Bhriain \u00a0ar an taispe\u00e1ntas spraoi\u00fal le Rita Duffy.<\/p>\n<p>Gearrscann\u00e1in iad seo ar fad, 3-5 n\u00f3im\u00e9ad ar bhuis\u00e9ad l\u00e9irithe \u20ac12,500 an ceann. Craolfaidh TG4 iad \u00f3 dheireadh seachtaine na C\u00e1sca 2016\u00a0 ar aghaidh, mar scann\u00e1in aonaracha ar dt\u00fas agus mar shaothar fada amh\u00e1in, uair an chloig, ina dhiaidh sin.\u00a0 T\u00e1 an sc\u00e9im \u00e1 riaradh ag Ionad Scann\u00e1na\u00edochta na Gaillimhe ar son TG4 agus na Comhairle Eala\u00edon.<\/p>\n<p>D\u00fairt <strong>Proinsias N\u00ed Ghr\u00e1inne,<\/strong> Eagarth\u00f3ir Coimisi\u00fanaithe TG4 \u201c<em>Is cuid l\u00e1rnach iad na scann\u00e1in seo d\u2019iarracht nu\u00e1lach TG4 com\u00f3radh a dh\u00e9anamh ar ch\u00e9ad bliain d\u2019fh\u00e1s an n\u00e1isi\u00fain. T\u00e1 r\u00edm\u00e9ad orainn an rogha leathan scann\u00e1n seo a chruth\u00fa agus a chur i l\u00e1thair an phobail, \u00a0l\u00e9argas f\u00edsi\u00fail ar an ngaol gar casta at\u00e1 againn\u00a0 leis na heala\u00edona agus a dt\u00e1bhacht in\u00e1r saol laeth\u00fail.\u00a0 T\u00e1\u00a0 an <\/em>ts\u00fail eile<em> ag oibri\u00fa iontu ar fad.\u201d<\/em><\/p>\n<p>D\u00fairt <strong>Fionnuala Sweeney<\/strong>, Ceannasa\u00ed Scann\u00e1in leis an An gComhairle Eala\u00edon: \u201c<em>T\u00e1 \u00e1thas ar an gComhairle Eala\u00edon tac\u00fa le l\u00e9iri\u00fa na scann\u00e1n seo.\u00a0 Tugann gach ceann acu a spl\u00e9achadh f\u00e9in ar ghn\u00e9 ar leith de na heala\u00edona in \u00c9irinn.\u00a0 Mar aonad, tugann siad deis don phobal dul i ngleic ar bhealach eisiach le hoidhreacht 1916 tr\u00edd na n-eala\u00edona.\u201d<\/em><\/p>\n<p>Deir <strong>Declan Gibbons<\/strong>, Bainisteoir, Ionad Scann\u00e1na\u00edochta na Gaillimhe: \u201c<em>Is\u00a0 ard\u00fa cro\u00ed d\u00fainn caighde\u00e1n agus c\u00e1il na nd\u00e9ant\u00f3ir\u00ed scann\u00e1n a rinne iarratas ar an sc\u00e9im seo agus t\u00e1 \u00e1thas orainn gur roghna\u00edodh ochtar a bhfuil cumas agus scil ar leith l\u00e9irithe acu i r\u00e9ims\u00ed leathan na \u00a0\u00a0\u00a0\u00a0\u00a0\u00a0\u00a0\u00a0\u00a0\u00a0\u00a0\u00a0\u00a0n-eala\u00edona.\u201d<\/em><\/p>\n","protected":false},"excerpt":{"rendered":"<p>Piocadh na saothair don s\u00e9as\u00far nua\u00a0 le dian-phr\u00f3iseas roghn\u00fach\u00e1in agus\u00a0 seo iad (agus a l\u00e9iritheoir\u00ed): Solas C\u00e9ad Bliain le Tadhg O\u2019 Sullivan, ini\u00fachadh ar an solas mar mh\u00f3it\u00edf ag eala\u00edont\u00f3ir\u00ed na h\u00c9ireann; O\u00edche Nollag na mBan \u2013 c\u00f3iri\u00fa fisi\u00fail ar dh\u00e1n cl\u00faiteach She\u00e1in U\u00ed R\u00edord\u00e1in, Bungalow Bliss, le Fergal Ward agus Adrian Duncan \u2013 athbhreithni\u00fa [&hellip;]<\/p>\n","protected":false},"author":4,"featured_media":1861,"parent":6580,"menu_order":3,"comment_status":"closed","ping_status":"closed","template":"page-templates\/template-pr.php","meta":{"_acf_changed":false,"footnotes":""},"acf":[],"yoast_head":"<!-- This site is optimized with the Yoast SEO plugin v22.6 - https:\/\/yoast.com\/wordpress\/plugins\/seo\/ -->\n<title>01.02.16 - TG4<\/title>\n<meta name=\"robots\" content=\"index, follow, max-snippet:-1, max-image-preview:large, max-video-preview:-1\" \/>\n<meta property=\"og:locale\" content=\"en_US\" \/>\n<meta property=\"og:type\" content=\"article\" \/>\n<meta property=\"og:title\" content=\"01.02.16 - TG4\" \/>\n<meta property=\"og:description\" content=\"Piocadh na saothair don s\u00e9as\u00far nua\u00a0 le dian-phr\u00f3iseas roghn\u00fach\u00e1in agus\u00a0 seo iad (agus a l\u00e9iritheoir\u00ed): Solas C\u00e9ad Bliain le Tadhg O\u2019 Sullivan, ini\u00fachadh ar an solas mar mh\u00f3it\u00edf ag eala\u00edont\u00f3ir\u00ed na h\u00c9ireann; O\u00edche Nollag na mBan \u2013 c\u00f3iri\u00fa fisi\u00fail ar dh\u00e1n cl\u00faiteach She\u00e1in U\u00ed R\u00edord\u00e1in, Bungalow Bliss, le Fergal Ward agus Adrian Duncan \u2013 athbhreithni\u00fa [&hellip;]\" \/>\n<meta property=\"og:url\" content=\"https:\/\/dev.tg4.ie\/ga\/eolas\/preas\/nuacht-raitis\/2016-2\/010216-2\/\" \/>\n<meta property=\"og:site_name\" content=\"TG4\" \/>\n<meta property=\"article:publisher\" content=\"https:\/\/www.facebook.com\/TG4TV\" \/>\n<meta property=\"article:modified_time\" content=\"2019-06-24T15:13:19+00:00\" \/>\n<meta property=\"og:image\" content=\"https:\/\/tg4-docs.s3.amazonaws.com\/tg4-redesign-2015\/wp-content\/uploads\/2015\/08\/KITC_promo8.jpg\" \/>\n\t<meta property=\"og:image:width\" content=\"1920\" \/>\n\t<meta property=\"og:image:height\" content=\"1080\" \/>\n\t<meta property=\"og:image:type\" content=\"image\/jpeg\" \/>\n<meta name=\"twitter:card\" content=\"summary_large_image\" \/>\n<meta name=\"twitter:site\" content=\"@TG4TV\" \/>\n<meta name=\"twitter:label1\" content=\"Est. reading time\" \/>\n\t<meta name=\"twitter:data1\" content=\"2 minutes\" \/>\n<script type=\"application\/ld+json\" class=\"yoast-schema-graph\">{\"@context\":\"https:\/\/schema.org\",\"@graph\":[{\"@type\":\"WebPage\",\"@id\":\"https:\/\/dev.tg4.ie\/ga\/eolas\/preas\/nuacht-raitis\/2016-2\/010216-2\/\",\"url\":\"https:\/\/dev.tg4.ie\/ga\/eolas\/preas\/nuacht-raitis\/2016-2\/010216-2\/\",\"name\":\"01.02.16 - TG4\",\"isPartOf\":{\"@id\":\"https:\/\/dev.tg4.ie\/en\/#website\"},\"primaryImageOfPage\":{\"@id\":\"https:\/\/dev.tg4.ie\/ga\/eolas\/preas\/nuacht-raitis\/2016-2\/010216-2\/#primaryimage\"},\"image\":{\"@id\":\"https:\/\/dev.tg4.ie\/ga\/eolas\/preas\/nuacht-raitis\/2016-2\/010216-2\/#primaryimage\"},\"thumbnailUrl\":\"https:\/\/tg4-docs.s3.amazonaws.com\/tg4-redesign-2015\/wp-content\/uploads\/2015\/08\/KITC_promo8.jpg\",\"datePublished\":\"2016-02-01T15:13:27+00:00\",\"dateModified\":\"2019-06-24T15:13:19+00:00\",\"breadcrumb\":{\"@id\":\"https:\/\/dev.tg4.ie\/ga\/eolas\/preas\/nuacht-raitis\/2016-2\/010216-2\/#breadcrumb\"},\"inLanguage\":\"ga\",\"potentialAction\":[{\"@type\":\"ReadAction\",\"target\":[\"https:\/\/dev.tg4.ie\/ga\/eolas\/preas\/nuacht-raitis\/2016-2\/010216-2\/\"]}]},{\"@type\":\"ImageObject\",\"inLanguage\":\"ga\",\"@id\":\"https:\/\/dev.tg4.ie\/ga\/eolas\/preas\/nuacht-raitis\/2016-2\/010216-2\/#primaryimage\",\"url\":\"https:\/\/tg4-docs.s3.amazonaws.com\/tg4-redesign-2015\/wp-content\/uploads\/2015\/08\/KITC_promo8.jpg\",\"contentUrl\":\"https:\/\/tg4-docs.s3.amazonaws.com\/tg4-redesign-2015\/wp-content\/uploads\/2015\/08\/KITC_promo8.jpg\",\"width\":1920,\"height\":1080},{\"@type\":\"BreadcrumbList\",\"@id\":\"https:\/\/dev.tg4.ie\/ga\/eolas\/preas\/nuacht-raitis\/2016-2\/010216-2\/#breadcrumb\",\"itemListElement\":[{\"@type\":\"ListItem\",\"position\":1,\"name\":\"Home\",\"item\":\"https:\/\/dev.tg4.ie\/ga\/\"},{\"@type\":\"ListItem\",\"position\":2,\"name\":\"Eolas\",\"item\":\"https:\/\/dev.tg4.ie\/ga\/eolas\/\"},{\"@type\":\"ListItem\",\"position\":3,\"name\":\"Preas\",\"item\":\"https:\/\/dev.tg4.ie\/ga\/eolas\/preas\/\"},{\"@type\":\"ListItem\",\"position\":4,\"name\":\"Nuacht R\u00e1itis\",\"item\":\"https:\/\/dev.tg4.ie\/ga\/eolas\/preas\/nuacht-raitis\/\"},{\"@type\":\"ListItem\",\"position\":5,\"name\":\"2016\",\"item\":\"https:\/\/dev.tg4.ie\/ga\/eolas\/preas\/nuacht-raitis\/2016-2\/\"},{\"@type\":\"ListItem\",\"position\":6,\"name\":\"01.02.16\"}]},{\"@type\":\"WebSite\",\"@id\":\"https:\/\/dev.tg4.ie\/en\/#website\",\"url\":\"https:\/\/dev.tg4.ie\/en\/\",\"name\":\"TG4\",\"description\":\"S\u00fail Eile\",\"potentialAction\":[{\"@type\":\"SearchAction\",\"target\":{\"@type\":\"EntryPoint\",\"urlTemplate\":\"https:\/\/dev.tg4.ie\/en\/?s={search_term_string}\"},\"query-input\":\"required name=search_term_string\"}],\"inLanguage\":\"ga\"}]}<\/script>\n<!-- \/ Yoast SEO plugin. -->","yoast_head_json":{"title":"01.02.16 - TG4","robots":{"index":"index","follow":"follow","max-snippet":"max-snippet:-1","max-image-preview":"max-image-preview:large","max-video-preview":"max-video-preview:-1"},"og_locale":"en_US","og_type":"article","og_title":"01.02.16 - TG4","og_description":"Piocadh na saothair don s\u00e9as\u00far nua\u00a0 le dian-phr\u00f3iseas roghn\u00fach\u00e1in agus\u00a0 seo iad (agus a l\u00e9iritheoir\u00ed): Solas C\u00e9ad Bliain le Tadhg O\u2019 Sullivan, ini\u00fachadh ar an solas mar mh\u00f3it\u00edf ag eala\u00edont\u00f3ir\u00ed na h\u00c9ireann; O\u00edche Nollag na mBan \u2013 c\u00f3iri\u00fa fisi\u00fail ar dh\u00e1n cl\u00faiteach She\u00e1in U\u00ed R\u00edord\u00e1in, Bungalow Bliss, le Fergal Ward agus Adrian Duncan \u2013 athbhreithni\u00fa [&hellip;]","og_url":"https:\/\/dev.tg4.ie\/ga\/eolas\/preas\/nuacht-raitis\/2016-2\/010216-2\/","og_site_name":"TG4","article_publisher":"https:\/\/www.facebook.com\/TG4TV","article_modified_time":"2019-06-24T15:13:19+00:00","og_image":[{"width":1920,"height":1080,"url":"https:\/\/tg4-docs.s3.amazonaws.com\/tg4-redesign-2015\/wp-content\/uploads\/2015\/08\/KITC_promo8.jpg","type":"image\/jpeg"}],"twitter_card":"summary_large_image","twitter_site":"@TG4TV","twitter_misc":{"Est. reading time":"2 minutes"},"schema":{"@context":"https:\/\/schema.org","@graph":[{"@type":"WebPage","@id":"https:\/\/dev.tg4.ie\/ga\/eolas\/preas\/nuacht-raitis\/2016-2\/010216-2\/","url":"https:\/\/dev.tg4.ie\/ga\/eolas\/preas\/nuacht-raitis\/2016-2\/010216-2\/","name":"01.02.16 - TG4","isPartOf":{"@id":"https:\/\/dev.tg4.ie\/en\/#website"},"primaryImageOfPage":{"@id":"https:\/\/dev.tg4.ie\/ga\/eolas\/preas\/nuacht-raitis\/2016-2\/010216-2\/#primaryimage"},"image":{"@id":"https:\/\/dev.tg4.ie\/ga\/eolas\/preas\/nuacht-raitis\/2016-2\/010216-2\/#primaryimage"},"thumbnailUrl":"https:\/\/tg4-docs.s3.amazonaws.com\/tg4-redesign-2015\/wp-content\/uploads\/2015\/08\/KITC_promo8.jpg","datePublished":"2016-02-01T15:13:27+00:00","dateModified":"2019-06-24T15:13:19+00:00","breadcrumb":{"@id":"https:\/\/dev.tg4.ie\/ga\/eolas\/preas\/nuacht-raitis\/2016-2\/010216-2\/#breadcrumb"},"inLanguage":"ga","potentialAction":[{"@type":"ReadAction","target":["https:\/\/dev.tg4.ie\/ga\/eolas\/preas\/nuacht-raitis\/2016-2\/010216-2\/"]}]},{"@type":"ImageObject","inLanguage":"ga","@id":"https:\/\/dev.tg4.ie\/ga\/eolas\/preas\/nuacht-raitis\/2016-2\/010216-2\/#primaryimage","url":"https:\/\/tg4-docs.s3.amazonaws.com\/tg4-redesign-2015\/wp-content\/uploads\/2015\/08\/KITC_promo8.jpg","contentUrl":"https:\/\/tg4-docs.s3.amazonaws.com\/tg4-redesign-2015\/wp-content\/uploads\/2015\/08\/KITC_promo8.jpg","width":1920,"height":1080},{"@type":"BreadcrumbList","@id":"https:\/\/dev.tg4.ie\/ga\/eolas\/preas\/nuacht-raitis\/2016-2\/010216-2\/#breadcrumb","itemListElement":[{"@type":"ListItem","position":1,"name":"Home","item":"https:\/\/dev.tg4.ie\/ga\/"},{"@type":"ListItem","position":2,"name":"Eolas","item":"https:\/\/dev.tg4.ie\/ga\/eolas\/"},{"@type":"ListItem","position":3,"name":"Preas","item":"https:\/\/dev.tg4.ie\/ga\/eolas\/preas\/"},{"@type":"ListItem","position":4,"name":"Nuacht R\u00e1itis","item":"https:\/\/dev.tg4.ie\/ga\/eolas\/preas\/nuacht-raitis\/"},{"@type":"ListItem","position":5,"name":"2016","item":"https:\/\/dev.tg4.ie\/ga\/eolas\/preas\/nuacht-raitis\/2016-2\/"},{"@type":"ListItem","position":6,"name":"01.02.16"}]},{"@type":"WebSite","@id":"https:\/\/dev.tg4.ie\/en\/#website","url":"https:\/\/dev.tg4.ie\/en\/","name":"TG4","description":"S\u00fail Eile","potentialAction":[{"@type":"SearchAction","target":{"@type":"EntryPoint","urlTemplate":"https:\/\/dev.tg4.ie\/en\/?s={search_term_string}"},"query-input":"required name=search_term_string"}],"inLanguage":"ga"}]}},"_links":{"self":[{"href":"https:\/\/dev.tg4.ie\/ga\/wp-json\/wp\/v2\/pages\/13121"}],"collection":[{"href":"https:\/\/dev.tg4.ie\/ga\/wp-json\/wp\/v2\/pages"}],"about":[{"href":"https:\/\/dev.tg4.ie\/ga\/wp-json\/wp\/v2\/types\/page"}],"author":[{"embeddable":true,"href":"https:\/\/dev.tg4.ie\/ga\/wp-json\/wp\/v2\/users\/4"}],"replies":[{"embeddable":true,"href":"https:\/\/dev.tg4.ie\/ga\/wp-json\/wp\/v2\/comments?post=13121"}],"version-history":[{"count":0,"href":"https:\/\/dev.tg4.ie\/ga\/wp-json\/wp\/v2\/pages\/13121\/revisions"}],"up":[{"embeddable":true,"href":"https:\/\/dev.tg4.ie\/ga\/wp-json\/wp\/v2\/pages\/6580"}],"wp:featuredmedia":[{"embeddable":true,"href":"https:\/\/dev.tg4.ie\/ga\/wp-json\/wp\/v2\/media\/1861"}],"wp:attachment":[{"href":"https:\/\/dev.tg4.ie\/ga\/wp-json\/wp\/v2\/media?parent=13121"}],"curies":[{"name":"wp","href":"https:\/\/api.w.org\/{rel}","templated":true}]}}