{"id":131271,"date":"2021-09-15T16:24:59","date_gmt":"2021-09-15T15:24:59","guid":{"rendered":"https:\/\/dev.tg4.ie\/?page_id=131271"},"modified":"2021-09-16T09:55:55","modified_gmt":"2021-09-16T08:55:55","slug":"seoladh-oifigiuil-ar-an-gcraobh-rugbai-aontaithe-urnua","status":"publish","type":"page","link":"https:\/\/dev.tg4.ie\/ga\/eolas\/preas\/nuacht-raitis\/2021-2\/seoladh-oifigiuil-ar-an-gcraobh-rugbai-aontaithe-urnua\/","title":{"rendered":"Seoladh Oifigi\u00fail ar an gCraobh Rugba\u00ed Aontaithe \u00darnua"},"content":{"rendered":"<p><strong>RT\u00c9 agus TG4 tagtha le ch\u00e9ile chun breis is 150 uair d&#8217;aicsean rugba\u00ed saorchraolta a chur faoi bhr\u00e1id lucht sp\u00e9ise na h\u00c9ireann.<\/p>\n<p>An 24 Me\u00e1n F\u00f3mhair a chuirfear t\u00fas leis an gcl\u00fadach Connachta, Mumha agus Laighin ar fad beo i mBabhta 1.<\/strong><br \/>\n&nbsp;<br \/>\n<a href=\"https:\/\/tg4-docs.s3.amazonaws.com\/tg4-redesign-2015\/wp-content\/uploads\/2021\/09\/URC_Launch_2021_2_1920x1080.jpg\"><img loading=\"lazy\" decoding=\"async\" width=\"1920\" height=\"1080\" src=\"https:\/\/tg4-docs.s3.amazonaws.com\/tg4-redesign-2015\/wp-content\/uploads\/2021\/09\/URC_Launch_2021_2_1920x1080.jpg\" alt=\"\" class=\"aligncenter size-full wp-image-131308\" srcset=\"https:\/\/tg4-docs.s3.amazonaws.com\/tg4-redesign-2015\/wp-content\/uploads\/2021\/09\/URC_Launch_2021_2_1920x1080.jpg 1920w, https:\/\/tg4-docs.s3.amazonaws.com\/tg4-redesign-2015\/wp-content\/uploads\/2021\/09\/URC_Launch_2021_2_1920x1080-250x141.jpg 250w, https:\/\/tg4-docs.s3.amazonaws.com\/tg4-redesign-2015\/wp-content\/uploads\/2021\/09\/URC_Launch_2021_2_1920x1080-700x394.jpg 700w, https:\/\/tg4-docs.s3.amazonaws.com\/tg4-redesign-2015\/wp-content\/uploads\/2021\/09\/URC_Launch_2021_2_1920x1080-252x141.jpg 252w, https:\/\/tg4-docs.s3.amazonaws.com\/tg4-redesign-2015\/wp-content\/uploads\/2021\/09\/URC_Launch_2021_2_1920x1080-1536x864.jpg 1536w, https:\/\/tg4-docs.s3.amazonaws.com\/tg4-redesign-2015\/wp-content\/uploads\/2021\/09\/URC_Launch_2021_2_1920x1080-120x68.jpg 120w\" sizes=\"(max-width: 1920px) 100vw, 1920px\" \/><\/a><br \/>\n<sup>Picti\u00far: Inpho Photography &#8211; Jacqui Hurley, M\u00e1ire Treasa N\u00ed Dhubhghaill, Daire O&#8217;Brien agus Gemma N\u00ed Chionnaith<\/sup><br \/>\n&nbsp;<\/p>\n<p>T\u00e1 s\u00e9 f\u00f3gartha ag RT\u00c9 agus TG4 \u00f3 tharla an URC \u00farnua a bheith \u00e1 sheoladh go hoifigi\u00fail, go mbeidh breis is 150 uair de rugba\u00ed de scoth an domhain \u00e1 chur ar f\u00e1il ar bhonn saorchraolta do lucht sp\u00e9ise na h\u00c9ireann.<br \/>\nBeidh na cluich\u00ed ar fad a mbeidh ceithre c\u00faige na h\u00c9ireann p\u00e1irteach iontu beo agus saorchraolta ar teilif\u00eds na h\u00c9ireann agus t\u00fas \u00e1 chur leis an URC den ch\u00e9ad s\u00e9as\u00far.<br \/>\n&nbsp;<br \/>\nCuirfear t\u00fas le cl\u00fadach saorchraolta beo RT\u00c9 agus TG4 ar an gCraobh Rugba\u00ed Aontaithe D\u00e9 hAoine an 24 Me\u00e1n F\u00f3mhair, nuair a bheidh Connachta beo ar TG4. Beidh neart aicsin ansin ann ar an Satharn (an 25 Me\u00e1n F\u00f3mhair) agus Laighin beo ar TG4 agus Mumha beo ar RT\u00c9.<br \/>\n&nbsp;<br \/>\nBeidh Rugba\u00ed Beo TG4 f\u00f3s ar an gcl\u00e1r rugba\u00ed suaitheanta ag an st\u00e1isi\u00fan a chraolfaidh 26 cluiche ina mbeidh clubanna ch\u00faig\u00ed na h\u00c9ireann chomh maith le 16 cluiche ina mbeidh foirne clubanna idirn\u00e1isi\u00fanta. Beidh aicsean eisiach ag Sp\u00f3rt TG4 ar a dtarla\u00edonn sa ch\u00falra le linn an chom\u00f3rtais ar a chuid cain\u00e9al me\u00e1n s\u00f3isialta.<br \/>\n&nbsp;<br \/>\nBeidh cluiche ceannais an URC ar f\u00e1il saorchraolta freisin agus RT\u00c9 agus TG4 ag d\u00e9anamh seala\u00edochta chun \u00e9 a chraoladh beo gach dara bliain.<br \/>\n&nbsp;<br \/>\nD\u00fairt <strong>Gr\u00fapcheannasa\u00ed Sp\u00f3irt RT\u00c9 Declan McBennet<\/strong> <em>\u201cT\u00e1 scoth na l\u00fathchleasaithe feicthe againn ar RT\u00c9 Sport i gcaitheamh na bliana agus iad i mbun coimhlint i gcoinne c\u00e9ilithe comhraic ag ardleibh\u00e9al sa bhaile agus go hidirn\u00e1isi\u00fanta. Cuireann go bhfuilimid \u00e1balta cl\u00fadach saorchraolta a chur ar f\u00e1il d\u00e1r lucht f\u00e9achana agus \u00e9isteachta de na c\u00faig\u00ed san URC athdh\u00e9anta gn\u00e9 nua leis sin agus cuireann ar \u00e1r gcumas a chinnti\u00fa go mbeidh ard\u00e1n ag scoth imreoir\u00ed rugba\u00ed na h\u00c9ireann chun spreagadh a thabhairt do na gl\u00fanta amach anseo ar mhaith leo geansa\u00ed a gc\u00faige n\u00f3 na t\u00edre a chaitheamh l\u00e1 \u00e9igin.\u201d<\/em><br \/>\n&nbsp;<br \/>\nD\u00fairt <strong>Ceannasa\u00ed Sp\u00f3irt TG4 R\u00f3n\u00e1n \u00d3 Coisdealbha<\/strong>; <em>&#8220;T\u00e1 TG4 ag cur rugba\u00ed idirch\u00faige os comhair lucht sp\u00e9ise na h\u00c9ireann \u00f3 ch\u00e9ad laethanta na Sraithe Ceilt\u00ed sa bhliain 2001 agus t\u00e1imid ag s\u00fail leis an gc\u00e9ad ch\u00e9im eile seo a ghlacadh leis an URC agus foirne na hAfraice Theas a fheice\u00e1il mar chuid de sceideal Rugba\u00ed Beo. Nearta\u00edonn an chomhph\u00e1irt\u00edocht seo le RT\u00c9 tiomantas TG4 an t-aicsean is fearr sp\u00f3irt a chur faoi bhr\u00e1id an lucht f\u00e9achana agus \u00e9isteachta chomh maith leis an gcl\u00fadach ar an aicsean sin a chur ar f\u00e1il saorchraolta agus ar bhealach a mbeidh teacht ag gach duine den lucht lean\u00fana air.&#8221;<\/em><br \/>\n&nbsp;<br \/>\n<strong>Martin Anayi, Pr\u00edomhfheidhmeannach Chraobh Rugba\u00ed Aontaithe<\/strong>; <em>&#8220;Is c\u00fais iontach fuadair \u00e9 go mbeidh an URC agus cluich\u00ed na gc\u00faig\u00ed ar f\u00e1il go forleathan ar bhonn Saorchraolta ar teilif\u00eds in \u00c9irinn agus is fada linn go gcuirfear t\u00fas spleodrach leis an aicsean sin le linn an ch\u00e9ad deireadh seachtaine le cluich\u00ed den scoth ar RT\u00c9 agus TG4 ina mbeidh Laighin agus Mumha ag tabhairt aghaidh ar dh\u00e1 fhoireann mh\u00f3ra na hAfraice Theas, na Vodacom Bulls agus Cell C Sharks. Labhair muid cheana faoina bhf\u00e9adfa\u00ed a bhaint amach len\u00e1r gcomhph\u00e1irt\u00edocht nua le RT\u00c9 agus TG4 agus beimid \u00e1balta sin a fheice\u00e1il ag teacht chun f\u00edre i gceann seachtaine.&#8221;<\/em><br \/>\n&nbsp;<br \/>\n&nbsp;<\/p>\n<p><strong>Rugba\u00ed Beo TG4<\/strong><\/p>\n<p>Is \u00ed M\u00e1ire Treasa N\u00ed Dhubhghaill a chuirfidh Rugba\u00ed Beo TG4 i l\u00e1thair agus cuirfidh Eimear Considine, Deirbhile Nic a Bhaird, Niamh N\u00ed Dhroma,  Marcus Horan, Ronan Loughney, Eoghan \u00d3 Neachtain and Eamonn Molloy chomh maith le neart eile a gcuid sainscileanna anail\u00edse ar f\u00e1il. Is \u00e9 Gary Mac Donncha a bheidh i mbun tr\u00e1chtaireachta. Beidh Gemma N\u00ed Chionnaith ag cur na sraithe i l\u00e1thair in ionad Mh\u00e1ire Treasa fad a bheidh s\u00ed ar saoire mh\u00e1ithreachais amach sa bhliain.<\/p>\n<p>Cuirfear t\u00fas le cl\u00fadach saorchraolta beo RT\u00c9 agus TG4 ar an gCraobh Rugba\u00ed Aontaithe D\u00e9 hAoine an 25 Me\u00e1n F\u00f3mhair ar TG4 nuair a thabharfaidh Cardiff aghaidh ar Chonnachta. Craolfar an cluiche idir Laighin agus na Vodacom Bulls ar TG4 agus ar Sheinnteoir TG4 ar an Satharn an 25 Me\u00e1n F\u00f3mhair.<br \/>\n&nbsp;<br \/>\n&nbsp;<\/p>\n<p><strong>URC Live RT\u00c9<\/strong><\/p>\n<p>Is iad Jacqui Hurley agus Daire O\u2019Brien a bheidh ag cur URC Live RT\u00c9 i l\u00e1thair agus beidh s\u00e1rphain\u00e9alaithe ina dteannta.<\/p>\n<p>Cuirfear t\u00fas le URC Live RT\u00c9 ar RT\u00c92 agus ar an RT\u00c9 Player beidh Jacqui Hurley beo \u00f3 Ph\u00e1irc Thuamhan agus Mumha ag cur t\u00fas lena bhfeachtas in aghaidh na Cell C Sharks. Donal Lenihan agus Hugh Cahill a bheidh i mbun tr\u00e1chtaireachta. <\/p>\n<p>Beidh tr\u00e1chtaireacht ioml\u00e1n ar f\u00e1il ar RT\u00c9 Radio 1 agus ar RT\u00c9 2FM ar na pr\u00edomhchluich\u00ed ina mbeidh foirne ch\u00faig\u00ed na h\u00c9ireann ag imirt chomh maith le tuairisc\u00ed, anail\u00eds agus agallaimh le linn an ts\u00e9as\u00fair.<br \/>\n&nbsp;<br \/>\n&nbsp;<br \/>\nLiosta ioml\u00e1n na gcluich\u00ed ar RT\u00c9 &#038; TG4 ar f\u00e1il th\u00edos.<br \/>\n&nbsp;<br \/>\nBronnadh conradh aschuir craolta i gcomhar RT\u00c9\/TG4 ar Iris Productions. Bh\u00ed an comhlacht, at\u00e1 bunaithe i nGaillimh, ar th\u00fas cadhna\u00edochta in ioma\u00ed nu\u00e1la\u00edochta\u00ed maidir leis an gcl\u00fadach rugba\u00ed a chuir s\u00e9 ar f\u00e1il roimhe seo do TG4, lena n-\u00e1ir\u00edtear treor\u00fa na r\u00e9iteoir\u00ed sa ch\u00falra agus c\u00falmhonat\u00f3ireacht fuaime a dh\u00e9anamh ar na c\u00f3itse\u00e1laithe agus ar na himreoir\u00ed. NEP Ireland a chuirfidh saor\u00e1id\u00ed OB ar f\u00e1il.<br \/>\n&nbsp;<br \/>\n&nbsp;<\/p>\n<p><strong>Cluich\u00ed a bheidh \u00e1 gcraoladh beo ar RT\u00c9 &#038;TG4<\/strong><br \/>\n&nbsp;<\/p>\n<p><strong>D\u00e9 hAoine an 24 Me\u00e1n F\u00f3mhair<\/strong><\/p>\n<p>Cardiff v Connachta, TG4 &#038; Seinnteoir TG4<br \/>\n&nbsp;<\/p>\n<p><strong>D\u00e9 Sathairn an 25 Me\u00e1n F\u00f3mhair<\/strong><\/p>\n<p>Laighin v Vodacom Bulls, TG4 &#038; Seinnteoir TG4<\/p>\n<p>Mumha v Cell C Sharks, RT\u00c92 &#038; RT\u00c9 Player<br \/>\n&nbsp;<\/p>\n<p><strong>D\u00e9 hAoine an 1 Deireadh F\u00f3mhair<\/strong><\/p>\n<p>Connachta v Vodacom Bulls, TG4 &#038; Seinnteoir TG4<br \/>\n&nbsp;<\/p>\n<p><strong>D\u00e9 Sathairn an 2 Deireadh F\u00f3mhair<\/strong><\/p>\n<p>Dragons v Laighin, RT\u00c92 &#038; RT\u00c9 Player<\/p>\n<p>Mumha v DHL Stormers, RT\u00c92 &#038; RT\u00c9 Player<br \/>\n&nbsp;<\/p>\n<p><strong>D\u00e9 hAoine an 8 Deireadh F\u00f3mhair<\/strong><\/p>\n<p>Ulaidh v Benetton, TG4 &#038; Seinnteoir TG4<br \/>\n&nbsp;<\/p>\n<p><strong>D\u00e9 Sathairn an 9 Deireadh F\u00f3mhair<\/strong><\/p>\n<p>Laighin v Zebre, RT\u00c92 &#038; RT\u00c9 Player<\/p>\n<p>Connachta v Dragons, TG4 &#038; Seinnteoir TG4<br \/>\n&nbsp;<\/p>\n<p><strong>D\u00e9 Domhnaigh an 10 Deireadh F\u00f3mhair<\/strong><\/p>\n<p>Scarlets v Mumha, RT\u00c92 &#038; RT\u00c9 Player<br \/>\n&nbsp;<\/p>\n<p><strong>D\u00e9 hAoine an 15 Deireadh F\u00f3mhair<\/strong><\/p>\n<p>Ulaidh v Emirates Lions, RT\u00c92 &#038; RT\u00c9 Player<br \/>\n&nbsp;<\/p>\n<p><strong>D\u00e9 Sathairn an 16 Deireadh F\u00f3mhair<\/strong><\/p>\n<p>Benetton v Ospreys, TG4 &#038; Seinnteoir TG4<\/p>\n<p>Laighin v Scarlets, TG4 &#038; Seinnteoir TG4<\/p>\n<p>Mumha v Connachta, RT\u00c92 &#038; RT\u00c9 Player<br \/>\n&nbsp;<\/p>\n<p><strong>D\u00e9 hAoine an 22 Deireadh F\u00f3mhair<\/strong><\/p>\n<p>Scarlets v Benetton, TG4 &#038; Seinnteoir TG4<\/p>\n<p>Glasgow v Laighin, TG4 &#038; Seinnteoir TG4<br \/>\n&nbsp;<\/p>\n<p><strong>D\u00e9 Sathairn an 23 Deireadh F\u00f3mhair<\/strong><\/p>\n<p>Ospreys v Mumha, RT\u00c92 &#038; RT\u00c9 Player<\/p>\n<p>Connachta v Ulaidh, TG4 &#038; Seinnteoir TG4<br \/>\n&nbsp;<\/p>\n<p><strong>D\u00e9 hAoine an 26 Samhain<\/strong><\/p>\n<p>Connachta v Ospreys, RT\u00c92 &#038; RT\u00c9 Player<br \/>\n&nbsp;<\/p>\n<p><strong>D\u00e9 Sathairn an 27 Samhain<\/strong><\/p>\n<p>Cell C Sharks v Scarlets, TG4 &#038; Seinnteoir TG4<\/p>\n<p>Vodacom Bulls v Mumha, TG4 &#038; Seinnteoir TG4<\/p>\n<p>Laighin v Ulaidh, RT\u00c92 &#038; RT\u00c9 Player<br \/>\n&nbsp;<\/p>\n<p><strong>D\u00e9 hAoine an 3 Nollaig<\/strong><\/p>\n<p>Laighin v Connachta, TG4 &#038; Seinnteoir TG4<br \/>\n&nbsp;<\/p>\n<p><strong>D\u00e9 Sathairn an 4 Nollaig<\/strong><\/p>\n<p>Emirates Lions v Mumha, RT\u00c92 &#038; RT\u00c9 Player<\/p>\n<p>DHL Stormers v Cardiff, TG4 &#038; Seinnteoir TG4<br \/>\n&nbsp;<\/p>\n<p><strong>D\u00e9 Domhnaigh, an 26 Nollaig<\/strong><\/p>\n<p>Ulaidh v Connachta, TG4 &#038; Seinnteoir TG4<\/p>\n<p>Mumha v Laighin, RT\u00c92 &#038; RT\u00c9 Player<br \/>\n&nbsp;<\/p>\n<p><strong>D\u00e9 Sathairn an 1 Ean\u00e1ir<\/strong><\/p>\n<p>Connachta v Mumha, TG4 &#038; Seinnteoir TG4<\/p>\n<p>Ulaidh v Laighin, TG4 &#038; Seinnteoir TG4<br \/>\n&nbsp;<\/p>\n<p><strong>D\u00e9 hAoine an 7 Ean\u00e1ir<\/strong><\/p>\n<p>Laighin v Emirates Lions, TG4 &#038; Seinnteoir TG4<br \/>\n&nbsp;<\/p>\n<p><strong>D\u00e9 Sathairn an 8 Ean\u00e1ir<\/strong><\/p>\n<p>Connachta v DHL Stormers, RT\u00c92 &#038; RT\u00c9 Player<\/p>\n<p>Mumha v Ulaidh, RT\u00c92 &#038; RT\u00c9 Player<br \/>\n&nbsp;<br \/>\n&nbsp;<br \/>\n&nbsp;<\/p>\n","protected":false},"excerpt":{"rendered":"<p>RT\u00c9 agus TG4 tagtha le ch\u00e9ile chun breis is 150 uair d&#8217;aicsean rugba\u00ed saorchraolta a chur faoi bhr\u00e1id lucht sp\u00e9ise na h\u00c9ireann. An 24 Me\u00e1n F\u00f3mhair a chuirfear t\u00fas leis an gcl\u00fadach Connachta, Mumha agus Laighin ar fad beo i mBabhta 1. &nbsp; Picti\u00far: Inpho Photography &#8211; Jacqui Hurley, M\u00e1ire Treasa N\u00ed Dhubhghaill, Daire O&#8217;Brien [&hellip;]<\/p>\n","protected":false},"author":876,"featured_media":0,"parent":115579,"menu_order":41,"comment_status":"closed","ping_status":"closed","template":"page-templates\/template-pr.php","meta":{"_acf_changed":false,"footnotes":""},"acf":[],"yoast_head":"<!-- This site is optimized with the Yoast SEO plugin v22.6 - https:\/\/yoast.com\/wordpress\/plugins\/seo\/ -->\n<title>Seoladh Oifigi\u00fail ar an gCraobh Rugba\u00ed Aontaithe \u00darnua | Preas R\u00e1iteas | TG4<\/title>\n<meta name=\"robots\" content=\"index, follow, max-snippet:-1, max-image-preview:large, max-video-preview:-1\" \/>\n<meta property=\"og:locale\" content=\"en_US\" \/>\n<meta property=\"og:type\" content=\"article\" \/>\n<meta property=\"og:title\" content=\"Seoladh Oifigi\u00fail ar an gCraobh Rugba\u00ed Aontaithe \u00darnua | Preas R\u00e1iteas | TG4\" \/>\n<meta property=\"og:description\" content=\"RT\u00c9 agus TG4 tagtha le ch\u00e9ile chun breis is 150 uair d&#8217;aicsean rugba\u00ed saorchraolta a chur faoi bhr\u00e1id lucht sp\u00e9ise na h\u00c9ireann. An 24 Me\u00e1n F\u00f3mhair a chuirfear t\u00fas leis an gcl\u00fadach Connachta, Mumha agus Laighin ar fad beo i mBabhta 1. &nbsp; Picti\u00far: Inpho Photography &#8211; Jacqui Hurley, M\u00e1ire Treasa N\u00ed Dhubhghaill, Daire O&#8217;Brien [&hellip;]\" \/>\n<meta property=\"og:url\" content=\"https:\/\/dev.tg4.ie\/ga\/eolas\/preas\/nuacht-raitis\/2021-2\/seoladh-oifigiuil-ar-an-gcraobh-rugbai-aontaithe-urnua\/\" \/>\n<meta property=\"og:site_name\" content=\"TG4\" \/>\n<meta property=\"article:publisher\" content=\"https:\/\/www.facebook.com\/TG4TV\" \/>\n<meta property=\"article:modified_time\" content=\"2021-09-16T08:55:55+00:00\" \/>\n<meta property=\"og:image\" content=\"https:\/\/tg4-docs.s3.amazonaws.com\/tg4-redesign-2015\/wp-content\/uploads\/2021\/09\/URC_Launch_2021_2_1920x1080.jpg\" \/>\n\t<meta property=\"og:image:width\" content=\"1920\" \/>\n\t<meta property=\"og:image:height\" content=\"1080\" \/>\n\t<meta property=\"og:image:type\" content=\"image\/jpeg\" \/>\n<meta name=\"twitter:card\" content=\"summary_large_image\" \/>\n<meta name=\"twitter:image\" content=\"https:\/\/tg4-docs.s3.amazonaws.com\/tg4-redesign-2015\/wp-content\/uploads\/2021\/09\/URC_Launch_2021_2_1920x1080.jpg\" \/>\n<meta name=\"twitter:site\" content=\"@TG4TV\" \/>\n<meta name=\"twitter:label1\" content=\"Est. reading time\" \/>\n\t<meta name=\"twitter:data1\" content=\"7 minutes\" \/>\n<script type=\"application\/ld+json\" class=\"yoast-schema-graph\">{\"@context\":\"https:\/\/schema.org\",\"@graph\":[{\"@type\":\"WebPage\",\"@id\":\"https:\/\/dev.tg4.ie\/ga\/eolas\/preas\/nuacht-raitis\/2021-2\/seoladh-oifigiuil-ar-an-gcraobh-rugbai-aontaithe-urnua\/\",\"url\":\"https:\/\/dev.tg4.ie\/ga\/eolas\/preas\/nuacht-raitis\/2021-2\/seoladh-oifigiuil-ar-an-gcraobh-rugbai-aontaithe-urnua\/\",\"name\":\"Seoladh Oifigi\u00fail ar an gCraobh Rugba\u00ed Aontaithe \u00darnua | Preas R\u00e1iteas | TG4\",\"isPartOf\":{\"@id\":\"https:\/\/dev.tg4.ie\/en\/#website\"},\"primaryImageOfPage\":{\"@id\":\"https:\/\/dev.tg4.ie\/ga\/eolas\/preas\/nuacht-raitis\/2021-2\/seoladh-oifigiuil-ar-an-gcraobh-rugbai-aontaithe-urnua\/#primaryimage\"},\"image\":{\"@id\":\"https:\/\/dev.tg4.ie\/ga\/eolas\/preas\/nuacht-raitis\/2021-2\/seoladh-oifigiuil-ar-an-gcraobh-rugbai-aontaithe-urnua\/#primaryimage\"},\"thumbnailUrl\":\"https:\/\/dev.tg4.ie\/wp-content\/uploads\/2021\/09\/URC_Launch_2021_2_1920x1080.jpg\",\"datePublished\":\"2021-09-15T15:24:59+00:00\",\"dateModified\":\"2021-09-16T08:55:55+00:00\",\"breadcrumb\":{\"@id\":\"https:\/\/dev.tg4.ie\/ga\/eolas\/preas\/nuacht-raitis\/2021-2\/seoladh-oifigiuil-ar-an-gcraobh-rugbai-aontaithe-urnua\/#breadcrumb\"},\"inLanguage\":\"ga\",\"potentialAction\":[{\"@type\":\"ReadAction\",\"target\":[\"https:\/\/dev.tg4.ie\/ga\/eolas\/preas\/nuacht-raitis\/2021-2\/seoladh-oifigiuil-ar-an-gcraobh-rugbai-aontaithe-urnua\/\"]}]},{\"@type\":\"ImageObject\",\"inLanguage\":\"ga\",\"@id\":\"https:\/\/dev.tg4.ie\/ga\/eolas\/preas\/nuacht-raitis\/2021-2\/seoladh-oifigiuil-ar-an-gcraobh-rugbai-aontaithe-urnua\/#primaryimage\",\"url\":\"https:\/\/dev.tg4.ie\/wp-content\/uploads\/2021\/09\/URC_Launch_2021_2_1920x1080.jpg\",\"contentUrl\":\"https:\/\/dev.tg4.ie\/wp-content\/uploads\/2021\/09\/URC_Launch_2021_2_1920x1080.jpg\"},{\"@type\":\"BreadcrumbList\",\"@id\":\"https:\/\/dev.tg4.ie\/ga\/eolas\/preas\/nuacht-raitis\/2021-2\/seoladh-oifigiuil-ar-an-gcraobh-rugbai-aontaithe-urnua\/#breadcrumb\",\"itemListElement\":[{\"@type\":\"ListItem\",\"position\":1,\"name\":\"Home\",\"item\":\"https:\/\/dev.tg4.ie\/ga\/\"},{\"@type\":\"ListItem\",\"position\":2,\"name\":\"Eolas\",\"item\":\"https:\/\/dev.tg4.ie\/ga\/eolas\/\"},{\"@type\":\"ListItem\",\"position\":3,\"name\":\"Preas\",\"item\":\"https:\/\/dev.tg4.ie\/ga\/eolas\/preas\/\"},{\"@type\":\"ListItem\",\"position\":4,\"name\":\"Nuacht R\u00e1itis\",\"item\":\"https:\/\/dev.tg4.ie\/ga\/eolas\/preas\/nuacht-raitis\/\"},{\"@type\":\"ListItem\",\"position\":5,\"name\":\"2021\",\"item\":\"https:\/\/dev.tg4.ie\/ga\/eolas\/preas\/nuacht-raitis\/2021-2\/\"},{\"@type\":\"ListItem\",\"position\":6,\"name\":\"Seoladh Oifigi\u00fail ar an gCraobh Rugba\u00ed Aontaithe \u00darnua\"}]},{\"@type\":\"WebSite\",\"@id\":\"https:\/\/dev.tg4.ie\/en\/#website\",\"url\":\"https:\/\/dev.tg4.ie\/en\/\",\"name\":\"TG4\",\"description\":\"S\u00fail Eile\",\"potentialAction\":[{\"@type\":\"SearchAction\",\"target\":{\"@type\":\"EntryPoint\",\"urlTemplate\":\"https:\/\/dev.tg4.ie\/en\/?s={search_term_string}\"},\"query-input\":\"required name=search_term_string\"}],\"inLanguage\":\"ga\"}]}<\/script>\n<!-- \/ Yoast SEO plugin. -->","yoast_head_json":{"title":"Seoladh Oifigi\u00fail ar an gCraobh Rugba\u00ed Aontaithe \u00darnua | Preas R\u00e1iteas | TG4","robots":{"index":"index","follow":"follow","max-snippet":"max-snippet:-1","max-image-preview":"max-image-preview:large","max-video-preview":"max-video-preview:-1"},"og_locale":"en_US","og_type":"article","og_title":"Seoladh Oifigi\u00fail ar an gCraobh Rugba\u00ed Aontaithe \u00darnua | Preas R\u00e1iteas | TG4","og_description":"RT\u00c9 agus TG4 tagtha le ch\u00e9ile chun breis is 150 uair d&#8217;aicsean rugba\u00ed saorchraolta a chur faoi bhr\u00e1id lucht sp\u00e9ise na h\u00c9ireann. An 24 Me\u00e1n F\u00f3mhair a chuirfear t\u00fas leis an gcl\u00fadach Connachta, Mumha agus Laighin ar fad beo i mBabhta 1. &nbsp; Picti\u00far: Inpho Photography &#8211; Jacqui Hurley, M\u00e1ire Treasa N\u00ed Dhubhghaill, Daire O&#8217;Brien [&hellip;]","og_url":"https:\/\/dev.tg4.ie\/ga\/eolas\/preas\/nuacht-raitis\/2021-2\/seoladh-oifigiuil-ar-an-gcraobh-rugbai-aontaithe-urnua\/","og_site_name":"TG4","article_publisher":"https:\/\/www.facebook.com\/TG4TV","article_modified_time":"2021-09-16T08:55:55+00:00","og_image":[{"width":1920,"height":1080,"url":"https:\/\/tg4-docs.s3.amazonaws.com\/tg4-redesign-2015\/wp-content\/uploads\/2021\/09\/URC_Launch_2021_2_1920x1080.jpg","type":"image\/jpeg"}],"twitter_card":"summary_large_image","twitter_image":"https:\/\/tg4-docs.s3.amazonaws.com\/tg4-redesign-2015\/wp-content\/uploads\/2021\/09\/URC_Launch_2021_2_1920x1080.jpg","twitter_site":"@TG4TV","twitter_misc":{"Est. reading time":"7 minutes"},"schema":{"@context":"https:\/\/schema.org","@graph":[{"@type":"WebPage","@id":"https:\/\/dev.tg4.ie\/ga\/eolas\/preas\/nuacht-raitis\/2021-2\/seoladh-oifigiuil-ar-an-gcraobh-rugbai-aontaithe-urnua\/","url":"https:\/\/dev.tg4.ie\/ga\/eolas\/preas\/nuacht-raitis\/2021-2\/seoladh-oifigiuil-ar-an-gcraobh-rugbai-aontaithe-urnua\/","name":"Seoladh Oifigi\u00fail ar an gCraobh Rugba\u00ed Aontaithe \u00darnua | Preas R\u00e1iteas | TG4","isPartOf":{"@id":"https:\/\/dev.tg4.ie\/en\/#website"},"primaryImageOfPage":{"@id":"https:\/\/dev.tg4.ie\/ga\/eolas\/preas\/nuacht-raitis\/2021-2\/seoladh-oifigiuil-ar-an-gcraobh-rugbai-aontaithe-urnua\/#primaryimage"},"image":{"@id":"https:\/\/dev.tg4.ie\/ga\/eolas\/preas\/nuacht-raitis\/2021-2\/seoladh-oifigiuil-ar-an-gcraobh-rugbai-aontaithe-urnua\/#primaryimage"},"thumbnailUrl":"https:\/\/dev.tg4.ie\/wp-content\/uploads\/2021\/09\/URC_Launch_2021_2_1920x1080.jpg","datePublished":"2021-09-15T15:24:59+00:00","dateModified":"2021-09-16T08:55:55+00:00","breadcrumb":{"@id":"https:\/\/dev.tg4.ie\/ga\/eolas\/preas\/nuacht-raitis\/2021-2\/seoladh-oifigiuil-ar-an-gcraobh-rugbai-aontaithe-urnua\/#breadcrumb"},"inLanguage":"ga","potentialAction":[{"@type":"ReadAction","target":["https:\/\/dev.tg4.ie\/ga\/eolas\/preas\/nuacht-raitis\/2021-2\/seoladh-oifigiuil-ar-an-gcraobh-rugbai-aontaithe-urnua\/"]}]},{"@type":"ImageObject","inLanguage":"ga","@id":"https:\/\/dev.tg4.ie\/ga\/eolas\/preas\/nuacht-raitis\/2021-2\/seoladh-oifigiuil-ar-an-gcraobh-rugbai-aontaithe-urnua\/#primaryimage","url":"https:\/\/dev.tg4.ie\/wp-content\/uploads\/2021\/09\/URC_Launch_2021_2_1920x1080.jpg","contentUrl":"https:\/\/dev.tg4.ie\/wp-content\/uploads\/2021\/09\/URC_Launch_2021_2_1920x1080.jpg"},{"@type":"BreadcrumbList","@id":"https:\/\/dev.tg4.ie\/ga\/eolas\/preas\/nuacht-raitis\/2021-2\/seoladh-oifigiuil-ar-an-gcraobh-rugbai-aontaithe-urnua\/#breadcrumb","itemListElement":[{"@type":"ListItem","position":1,"name":"Home","item":"https:\/\/dev.tg4.ie\/ga\/"},{"@type":"ListItem","position":2,"name":"Eolas","item":"https:\/\/dev.tg4.ie\/ga\/eolas\/"},{"@type":"ListItem","position":3,"name":"Preas","item":"https:\/\/dev.tg4.ie\/ga\/eolas\/preas\/"},{"@type":"ListItem","position":4,"name":"Nuacht R\u00e1itis","item":"https:\/\/dev.tg4.ie\/ga\/eolas\/preas\/nuacht-raitis\/"},{"@type":"ListItem","position":5,"name":"2021","item":"https:\/\/dev.tg4.ie\/ga\/eolas\/preas\/nuacht-raitis\/2021-2\/"},{"@type":"ListItem","position":6,"name":"Seoladh Oifigi\u00fail ar an gCraobh Rugba\u00ed Aontaithe \u00darnua"}]},{"@type":"WebSite","@id":"https:\/\/dev.tg4.ie\/en\/#website","url":"https:\/\/dev.tg4.ie\/en\/","name":"TG4","description":"S\u00fail Eile","potentialAction":[{"@type":"SearchAction","target":{"@type":"EntryPoint","urlTemplate":"https:\/\/dev.tg4.ie\/en\/?s={search_term_string}"},"query-input":"required name=search_term_string"}],"inLanguage":"ga"}]}},"_links":{"self":[{"href":"https:\/\/dev.tg4.ie\/ga\/wp-json\/wp\/v2\/pages\/131271"}],"collection":[{"href":"https:\/\/dev.tg4.ie\/ga\/wp-json\/wp\/v2\/pages"}],"about":[{"href":"https:\/\/dev.tg4.ie\/ga\/wp-json\/wp\/v2\/types\/page"}],"author":[{"embeddable":true,"href":"https:\/\/dev.tg4.ie\/ga\/wp-json\/wp\/v2\/users\/876"}],"replies":[{"embeddable":true,"href":"https:\/\/dev.tg4.ie\/ga\/wp-json\/wp\/v2\/comments?post=131271"}],"version-history":[{"count":0,"href":"https:\/\/dev.tg4.ie\/ga\/wp-json\/wp\/v2\/pages\/131271\/revisions"}],"up":[{"embeddable":true,"href":"https:\/\/dev.tg4.ie\/ga\/wp-json\/wp\/v2\/pages\/115579"}],"wp:attachment":[{"href":"https:\/\/dev.tg4.ie\/ga\/wp-json\/wp\/v2\/media?parent=131271"}],"curies":[{"name":"wp","href":"https:\/\/api.w.org\/{rel}","templated":true}]}}