{"id":131404,"date":"2021-09-22T09:50:02","date_gmt":"2021-09-22T08:50:02","guid":{"rendered":"https:\/\/dev.tg4.ie\/?page_id=131404"},"modified":"2021-09-22T09:50:02","modified_gmt":"2021-09-22T08:50:02","slug":"foscadh-roghnaithe-mar-iontrail-na-heireann-do-na-oscars-sa-chatagoir-don-phriomhscannan-idirnaisiunta-is-fearr","status":"publish","type":"page","link":"https:\/\/dev.tg4.ie\/ga\/eolas\/preas\/nuacht-raitis\/2021-2\/foscadh-roghnaithe-mar-iontrail-na-heireann-do-na-oscars-sa-chatagoir-don-phriomhscannan-idirnaisiunta-is-fearr\/","title":{"rendered":"\u2018Foscadh&#8217; roghnaithe mar iontr\u00e1il na h\u00c9ireann do na Oscars sa chatag\u00f3ir don Phr\u00edomhscann\u00e1n Idirn\u00e1isi\u00fanta is Fearr"},"content":{"rendered":"<p><a href=\"https:\/\/tg4-docs.s3.amazonaws.com\/tg4-redesign-2015\/wp-content\/uploads\/2021\/09\/Foscadh_Donal_O_hEalai_1-1920x1080-1.jpg\"><img loading=\"lazy\" decoding=\"async\" width=\"1920\" height=\"1080\" src=\"https:\/\/tg4-docs.s3.amazonaws.com\/tg4-redesign-2015\/wp-content\/uploads\/2021\/09\/Foscadh_Donal_O_hEalai_1-1920x1080-1.jpg\" alt=\"\" class=\"aligncenter size-full wp-image-131406\" srcset=\"https:\/\/tg4-docs.s3.amazonaws.com\/tg4-redesign-2015\/wp-content\/uploads\/2021\/09\/Foscadh_Donal_O_hEalai_1-1920x1080-1.jpg 1920w, https:\/\/tg4-docs.s3.amazonaws.com\/tg4-redesign-2015\/wp-content\/uploads\/2021\/09\/Foscadh_Donal_O_hEalai_1-1920x1080-1-250x141.jpg 250w, https:\/\/tg4-docs.s3.amazonaws.com\/tg4-redesign-2015\/wp-content\/uploads\/2021\/09\/Foscadh_Donal_O_hEalai_1-1920x1080-1-700x394.jpg 700w, https:\/\/tg4-docs.s3.amazonaws.com\/tg4-redesign-2015\/wp-content\/uploads\/2021\/09\/Foscadh_Donal_O_hEalai_1-1920x1080-1-252x141.jpg 252w, https:\/\/tg4-docs.s3.amazonaws.com\/tg4-redesign-2015\/wp-content\/uploads\/2021\/09\/Foscadh_Donal_O_hEalai_1-1920x1080-1-1536x864.jpg 1536w, https:\/\/tg4-docs.s3.amazonaws.com\/tg4-redesign-2015\/wp-content\/uploads\/2021\/09\/Foscadh_Donal_O_hEalai_1-1920x1080-1-120x68.jpg 120w\" sizes=\"(max-width: 1920px) 100vw, 1920px\" \/><\/a><br \/>\n&nbsp;<\/p>\n<div style=\"position: relative; overflow: auto; width: 100%; padding-bottom: 56.25%;\"><iframe loading=\"lazy\" src=\"https:\/\/www.youtube.com\/embed\/CDLm4LCiEwA\" width=\"100%\" height=\"100%\" frameborder=\"0\" scrolling=\"no\" allowFullscreen=\"true\" style=\"position: absolute; top: 0px; display: block;\"><\/iframe><\/div>\n<p>&nbsp;<\/p>\n<p>T\u00e1 \u00e1thas ar TG4 faoin bhf\u00f3gra at\u00e1 d\u00e9anta ag IFTA inniu go bhfuil <strong>Foscadh<\/strong> scann\u00e1n l\u00e1n-Ghaeilge \u00f3 sc\u00e9im Cine4 roghnaithe mar iontr\u00e1il na h\u00c9ireann do na Oscars sa chatag\u00f3ir don Phr\u00edomhscann\u00e1n Idirn\u00e1isi\u00fanta is Fearr ag an 94\u00fa Gradaim bliant\u00fala an Acadaimh a bheidh ar si\u00fal go luath. Is \u00e9 seo an dara bliain as a ch\u00e9ile go bhfuil scann\u00e1n Gaeilge de chuid Cine4 roghnaithe ag IFTA. Roghna\u00edodh an scann\u00e1n <strong>Arracht<\/strong> anuraidh.<br \/>\n&nbsp;<\/p>\n<p>Comhph\u00e1irt\u00edocht idir TG4, F\u00eds \u00c9ireann agus \u00dadar\u00e1s Craolach\u00e1in na h\u00c9ireann (an BAI) \u00e9 &#8216;Cine4&#8217; chun fadscann\u00e1in Ghaeilge bhunaidh a fhorbairt.<br \/>\n&nbsp;<br \/>\nMagamedia a l\u00e9irigh an scann\u00e1n agus t\u00e1 s\u00e9 bunaithe ar an leabhar \u2018The Thing About December\u2019 le Donal Ryan. Is \u00e9 seo an tr\u00ed\u00fa scann\u00e1n a chuir Cine4 i l\u00e1thair, i ndiaidh <strong>Finky<\/strong> (2019) agus <strong>Arracht<\/strong> (2020).<br \/>\n&nbsp;<\/p>\n<p>Suite i sl\u00e9ibhte f\u00edor\u00e1ille fi\u00e1ine Chonamara Thuaidh, is sc\u00e9al \u00e9 <strong>Foscadh<\/strong> a bhaineann le teacht in aois a raibh moill air, agus is cinnte go mbeidh an lucht f\u00e9achana uilig taobh thiar den laoch m\u00ed-\u00e1mharach mar a nglacann s\u00e9 a ch\u00e9ad ch\u00e9imeanna faiteacha thar thairseach na haosachta.<br \/>\n&nbsp;<\/p>\n<p>Is \u00e9 Se\u00e1n Breathnach a scr\u00edobh agus a sti\u00fair <strong>Foscadh<\/strong>, at\u00e1 bunaithe ar charachtair \u00f3n leabhar <em>The Thing About December<\/em> leis an \u00farsc\u00e9ala\u00ed Donal Ryan, a bhfuil go leor gradam buaite aige.  Sc\u00e9al John Cunliffe at\u00e1 ann, d\u00edthreabhach saonta a bhr\u00faitear in aois fir gan choinne nuair nach raibh ach 28 bliain sl\u00e1naithe aige.  Nuair a bh\u00e1sa\u00edonn a thuismitheoir\u00ed r\u00f3chosantach, f\u00e1gtar talamh sl\u00e9ibhe ag John bocht nach bhfuil cara aige, talamh at\u00e1 sa bhealach ar fhorbra\u00edocht bhrab\u00fasach feirme gaoithe, agus n\u00edl an dara rogha aige ach dul i ngleic le cora agus casta\u00ed na hiontaoibhe, an d\u00edoltais, agus an r\u00f3m\u00e1ns den ch\u00e9ad uair.  Rinneadh taifeadadh ar an fadscann\u00e1n 90 n\u00f3im\u00e9ad seo i gCorr na M\u00f3na i gContae na Gaillimhe agus t\u00e1 p\u00e1irt ag D\u00f3nall \u00d3 H\u00e9ala\u00ed <em>(Arracht)<\/em>, Fionnuala Flaherty <em>(Out of Innocence)<\/em> agus Cillian \u00d3 Gairbh\u00ed <em>(Blood)<\/em> ann, arna l\u00e9iri\u00fa ag Paddy Hayes <em>(Corp + Anam)<\/em>.<br \/>\n&nbsp;<\/p>\n<p>Taispe\u00e1nadh <strong>Foscadh<\/strong> den ch\u00e9ad uair ag Fleadh Scann\u00e1n na Gaillimhe i mbliana.  Bronnadh an gradam \u2018An Ch\u00e9ad Ghn\u00e9scann\u00e1n is Fearr\u2019 ar an scann\u00e1n ag Gradaim na F\u00e9ile.<br \/>\n&nbsp;<\/p>\n<p>Ba \u00e9 Paddy Hayes <em>(Cumar: A Galway Rhapsody)<\/em> a l\u00e9irigh Foscadh. Ainmn\u00edodh athair Phaddy, Tom Hayes do Oscar\u00ae caoga bliain \u00f3 shin i 1961 don chl\u00e1r faisn\u00e9ise <em>Cradle of Genius<\/em>.<br \/>\n&nbsp;<\/p>\n<p>Roghnaigh Coiste Roghn\u00fach\u00e1in IFTA 2022 an scann\u00e1n, lena n-\u00e1ir\u00edtear an Sti\u00farth\u00f3ir Aisling Walsh (Maudie; Elizabeth is Missing, Song for a Raggy Boy), an t-aisteoir Owen McDonnell, (Killing Eve; An Klondike; Paula), Cineamatagrafa\u00ed Kate McCullough (Normal People; Arracht; Phil Lynott: Songs for While I\u2019m Away), an l\u00e9iritheoir Martina Niland (Sing Street; Once; Float Like a Butterfly), an t-aisteoir Fionnula Flanagan (The Guard; The Others; Waking Ned Devine) agus Paul Young, Ard-Sti\u00farth\u00f3ir an chomhlachta beochana Cartoon Saloon a bh\u00ed ainmnithe c\u00faig huaire do Oscar\u00ae (Wolfwalkers; Song of the Sea, The Breadwinner).  Bh\u00ed Pr\u00edomhfheidhmeannach an Acadaimh ina cathaoirleach ar an gCoiste roghn\u00fach\u00e1in.<br \/>\n&nbsp;<\/p>\n<p>Chuir <strong>Alan Esslemont, Ard-Sti\u00farth\u00f3ir TG4<\/strong> f\u00e1ilte roimh fh\u00f3gra an lae inniu agus d\u00fairt <em>\u201cComhghairdeas leis an bhfoireann ar fad ag Tua Films agus mo bhu\u00edochas ar\u00eds le F\u00eds \u00c9ireann agus an BAI as a dtaca\u00edocht do Cine4 agus le coiste roghn\u00fach\u00e1in IFTA a d\u2019ainmnigh \u2018Foscadh\u2019 mar iontr\u00e1il na h\u00c9ireann do na Oscars Idirn\u00e1isi\u00fanta.  T\u00e1 an cineama mar cheann de na me\u00e1in is idirn\u00e1isi\u00fanta agus is airde st\u00e1dais i s\u00faile an phobail ar fud an domhain agus t\u00e1 \u00e1thas orm go bhfuil ag \u00e9ir\u00ed leis an earn\u00e1il chruthaitheach in \u00c9irinn scann\u00e1in Ghaeilge a l\u00e9iri\u00fa ag an gcaighde\u00e1n is airde.   T\u00e1 Cine4 ag dul \u00f3 neart go neart agus cuireann s\u00e9 r\u00edm\u00e9ad orm go mbeidh saothar agus tallann \u00c9ireannach bunaithe ar fh\u00eds agus ar shamhla\u00edocht \u00c9ireannach ag dul in ioma\u00edocht ar\u00eds ar an st\u00e1itse domhanda is t\u00e1bhachta\u00ed d\u00e1r dtionscal.\u201d<\/em><br \/>\n&nbsp;<\/p>\n<p>Is \u00e9ard a d\u00fairt <strong>Se\u00e1n Breathnach, scr\u00edbhneoir\/sti\u00farth\u00f3ir Foscadh<\/strong> n\u00e1: <em>\u201cIs m\u00f3r an on\u00f3ir agus agus is iontach an phribhl\u00e9id \u00e9 gur roghnaigh IFTA muid mar ionadaithe na h\u00c9ireann sna Gradaim Oscar sa chatag\u00f3ir don Scann\u00e1n Idirn\u00e1isi\u00fanta is Fearr. T\u00e1 \u00e1thas an domhain orainn go bhfuil Foscadh ag dul chomh m\u00f3r i bhfeidhm ar l\u00e9irmheast\u00f3ir\u00ed agus f\u00e9ilte araon. Leanann s\u00e9 sin \u00f3n ngradam a bhain s\u00e9 don Ch\u00e9ad Scann\u00e1n \u00c9ireannach is Fearr ag F\u00e9ile Scann\u00e1n na Gaillimhe. Ba mhaith liom an deis seo a thap\u00fa bu\u00edochas a ghlacadh \u00f3 chro\u00ed leis an gcliar agus cri\u00fa iontach agus freisin \u00e1r mbu\u00edochas a chur in i\u00fal d\u00e1r lucht maoinithe &#8211; TG4, F\u00eds \u00c9ireann, agus \u00dadar\u00e1s Craolach\u00e1in na h\u00c9ireann.&#8221;<\/em><br \/>\n&nbsp;<\/p>\n<p>D\u00fairt <strong>Paddy Hayes, l\u00e9iritheoir Foscadh<\/strong>: <em>&#8220;S\u00edlim go mbeidh an-\u00e9ileamh ar sc\u00e9al Foscadh i measc baill an Acadaimh, mar gurb \u00e9 an cine\u00e1l sc\u00e9al a thaitn\u00edonn leo &#8211; tuath\u00e1nach soineanta ag teacht in aib\u00edochta ainneoin bacanna pearsanta agus s\u00f3isialta. Beidh an ch\u00e9ad taispe\u00e1ntas idirn\u00e1isi\u00fanta aige ag an bhF\u00e9ile Scann\u00e1n Newport Beach, gar do L.A. \u00e1it a chuirfimid t\u00fas le feachtas bolscaireachta do na hOscars, ag s\u00fail leis an gearrliosta a bhaint amach. D&#8217;\u00e9irigh le m&#8217;athair f\u00e9in gearrliosta a bhaint amach don scann\u00e1n faisn\u00e9ise is fearr d\u00e1 scann\u00e1n Cradle of Genius i 1961 &#8211; t\u00e1 s\u00e9 thar am gur \u00e9ir\u00ed liom a mhacasamhail a bhaint amach!&#8221;<\/em><br \/>\n&nbsp;<br \/>\n&nbsp;<br \/>\n&nbsp;<\/p>\n","protected":false},"excerpt":{"rendered":"<p>&nbsp; &nbsp; T\u00e1 \u00e1thas ar TG4 faoin bhf\u00f3gra at\u00e1 d\u00e9anta ag IFTA inniu go bhfuil Foscadh scann\u00e1n l\u00e1n-Ghaeilge \u00f3 sc\u00e9im Cine4 roghnaithe mar iontr\u00e1il na h\u00c9ireann do na Oscars sa chatag\u00f3ir don Phr\u00edomhscann\u00e1n Idirn\u00e1isi\u00fanta is Fearr ag an 94\u00fa Gradaim bliant\u00fala an Acadaimh a bheidh ar si\u00fal go luath. Is \u00e9 seo an dara bliain [&hellip;]<\/p>\n","protected":false},"author":876,"featured_media":0,"parent":115579,"menu_order":42,"comment_status":"closed","ping_status":"closed","template":"page-templates\/template-pr.php","meta":{"_acf_changed":false,"footnotes":""},"acf":[],"yoast_head":"<!-- This site is optimized with the Yoast SEO plugin v22.6 - https:\/\/yoast.com\/wordpress\/plugins\/seo\/ -->\n<title>\u2018Foscadh&#039; roghnaithe mar iontr\u00e1il na h\u00c9ireann do na Oscars sa chatag\u00f3ir don Phr\u00edomhscann\u00e1n Idirn\u00e1isi\u00fanta is Fearr | Preas R\u00e1iteas | TG4<\/title>\n<meta name=\"robots\" content=\"index, follow, max-snippet:-1, max-image-preview:large, max-video-preview:-1\" \/>\n<meta property=\"og:locale\" content=\"en_US\" \/>\n<meta property=\"og:type\" content=\"article\" \/>\n<meta property=\"og:title\" content=\"\u2018Foscadh&#039; roghnaithe mar iontr\u00e1il na h\u00c9ireann do na Oscars sa chatag\u00f3ir don Phr\u00edomhscann\u00e1n Idirn\u00e1isi\u00fanta is Fearr | Preas R\u00e1iteas | TG4\" \/>\n<meta property=\"og:description\" content=\"&nbsp; &nbsp; T\u00e1 \u00e1thas ar TG4 faoin bhf\u00f3gra at\u00e1 d\u00e9anta ag IFTA inniu go bhfuil Foscadh scann\u00e1n l\u00e1n-Ghaeilge \u00f3 sc\u00e9im Cine4 roghnaithe mar iontr\u00e1il na h\u00c9ireann do na Oscars sa chatag\u00f3ir don Phr\u00edomhscann\u00e1n Idirn\u00e1isi\u00fanta is Fearr ag an 94\u00fa Gradaim bliant\u00fala an Acadaimh a bheidh ar si\u00fal go luath. Is \u00e9 seo an dara bliain [&hellip;]\" \/>\n<meta property=\"og:url\" content=\"https:\/\/dev.tg4.ie\/ga\/eolas\/preas\/nuacht-raitis\/2021-2\/foscadh-roghnaithe-mar-iontrail-na-heireann-do-na-oscars-sa-chatagoir-don-phriomhscannan-idirnaisiunta-is-fearr\/\" \/>\n<meta property=\"og:site_name\" content=\"TG4\" \/>\n<meta property=\"article:publisher\" content=\"https:\/\/www.facebook.com\/TG4TV\" \/>\n<meta property=\"og:image\" content=\"https:\/\/tg4-docs.s3.amazonaws.com\/tg4-redesign-2015\/wp-content\/uploads\/2021\/09\/Foscadh_Donal_O_hEalai_1-1920x1080-1.jpg\" \/>\n\t<meta property=\"og:image:width\" content=\"1920\" \/>\n\t<meta property=\"og:image:height\" content=\"1080\" \/>\n\t<meta property=\"og:image:type\" content=\"image\/jpeg\" \/>\n<meta name=\"twitter:card\" content=\"summary_large_image\" \/>\n<meta name=\"twitter:image\" content=\"https:\/\/tg4-docs.s3.amazonaws.com\/tg4-redesign-2015\/wp-content\/uploads\/2021\/09\/Foscadh_Donal_O_hEalai_1-1920x1080-1.jpg\" \/>\n<meta name=\"twitter:site\" content=\"@TG4TV\" \/>\n<meta name=\"twitter:label1\" content=\"Est. reading time\" \/>\n\t<meta name=\"twitter:data1\" content=\"5 minutes\" \/>\n<script type=\"application\/ld+json\" class=\"yoast-schema-graph\">{\"@context\":\"https:\/\/schema.org\",\"@graph\":[{\"@type\":\"WebPage\",\"@id\":\"https:\/\/dev.tg4.ie\/ga\/eolas\/preas\/nuacht-raitis\/2021-2\/foscadh-roghnaithe-mar-iontrail-na-heireann-do-na-oscars-sa-chatagoir-don-phriomhscannan-idirnaisiunta-is-fearr\/\",\"url\":\"https:\/\/dev.tg4.ie\/ga\/eolas\/preas\/nuacht-raitis\/2021-2\/foscadh-roghnaithe-mar-iontrail-na-heireann-do-na-oscars-sa-chatagoir-don-phriomhscannan-idirnaisiunta-is-fearr\/\",\"name\":\"\u2018Foscadh' roghnaithe mar iontr\u00e1il na h\u00c9ireann do na Oscars sa chatag\u00f3ir don Phr\u00edomhscann\u00e1n Idirn\u00e1isi\u00fanta is Fearr | Preas R\u00e1iteas | TG4\",\"isPartOf\":{\"@id\":\"https:\/\/dev.tg4.ie\/en\/#website\"},\"primaryImageOfPage\":{\"@id\":\"https:\/\/dev.tg4.ie\/ga\/eolas\/preas\/nuacht-raitis\/2021-2\/foscadh-roghnaithe-mar-iontrail-na-heireann-do-na-oscars-sa-chatagoir-don-phriomhscannan-idirnaisiunta-is-fearr\/#primaryimage\"},\"image\":{\"@id\":\"https:\/\/dev.tg4.ie\/ga\/eolas\/preas\/nuacht-raitis\/2021-2\/foscadh-roghnaithe-mar-iontrail-na-heireann-do-na-oscars-sa-chatagoir-don-phriomhscannan-idirnaisiunta-is-fearr\/#primaryimage\"},\"thumbnailUrl\":\"https:\/\/dev.tg4.ie\/wp-content\/uploads\/2021\/09\/Foscadh_Donal_O_hEalai_1-1920x1080-1.jpg\",\"datePublished\":\"2021-09-22T08:50:02+00:00\",\"dateModified\":\"2021-09-22T08:50:02+00:00\",\"breadcrumb\":{\"@id\":\"https:\/\/dev.tg4.ie\/ga\/eolas\/preas\/nuacht-raitis\/2021-2\/foscadh-roghnaithe-mar-iontrail-na-heireann-do-na-oscars-sa-chatagoir-don-phriomhscannan-idirnaisiunta-is-fearr\/#breadcrumb\"},\"inLanguage\":\"ga\",\"potentialAction\":[{\"@type\":\"ReadAction\",\"target\":[\"https:\/\/dev.tg4.ie\/ga\/eolas\/preas\/nuacht-raitis\/2021-2\/foscadh-roghnaithe-mar-iontrail-na-heireann-do-na-oscars-sa-chatagoir-don-phriomhscannan-idirnaisiunta-is-fearr\/\"]}]},{\"@type\":\"ImageObject\",\"inLanguage\":\"ga\",\"@id\":\"https:\/\/dev.tg4.ie\/ga\/eolas\/preas\/nuacht-raitis\/2021-2\/foscadh-roghnaithe-mar-iontrail-na-heireann-do-na-oscars-sa-chatagoir-don-phriomhscannan-idirnaisiunta-is-fearr\/#primaryimage\",\"url\":\"https:\/\/dev.tg4.ie\/wp-content\/uploads\/2021\/09\/Foscadh_Donal_O_hEalai_1-1920x1080-1.jpg\",\"contentUrl\":\"https:\/\/dev.tg4.ie\/wp-content\/uploads\/2021\/09\/Foscadh_Donal_O_hEalai_1-1920x1080-1.jpg\"},{\"@type\":\"BreadcrumbList\",\"@id\":\"https:\/\/dev.tg4.ie\/ga\/eolas\/preas\/nuacht-raitis\/2021-2\/foscadh-roghnaithe-mar-iontrail-na-heireann-do-na-oscars-sa-chatagoir-don-phriomhscannan-idirnaisiunta-is-fearr\/#breadcrumb\",\"itemListElement\":[{\"@type\":\"ListItem\",\"position\":1,\"name\":\"Home\",\"item\":\"https:\/\/dev.tg4.ie\/ga\/\"},{\"@type\":\"ListItem\",\"position\":2,\"name\":\"Eolas\",\"item\":\"https:\/\/dev.tg4.ie\/ga\/eolas\/\"},{\"@type\":\"ListItem\",\"position\":3,\"name\":\"Preas\",\"item\":\"https:\/\/dev.tg4.ie\/ga\/eolas\/preas\/\"},{\"@type\":\"ListItem\",\"position\":4,\"name\":\"Nuacht R\u00e1itis\",\"item\":\"https:\/\/dev.tg4.ie\/ga\/eolas\/preas\/nuacht-raitis\/\"},{\"@type\":\"ListItem\",\"position\":5,\"name\":\"2021\",\"item\":\"https:\/\/dev.tg4.ie\/ga\/eolas\/preas\/nuacht-raitis\/2021-2\/\"},{\"@type\":\"ListItem\",\"position\":6,\"name\":\"\u2018Foscadh&#8217; roghnaithe mar iontr\u00e1il na h\u00c9ireann do na Oscars sa chatag\u00f3ir don Phr\u00edomhscann\u00e1n Idirn\u00e1isi\u00fanta is Fearr\"}]},{\"@type\":\"WebSite\",\"@id\":\"https:\/\/dev.tg4.ie\/en\/#website\",\"url\":\"https:\/\/dev.tg4.ie\/en\/\",\"name\":\"TG4\",\"description\":\"S\u00fail Eile\",\"potentialAction\":[{\"@type\":\"SearchAction\",\"target\":{\"@type\":\"EntryPoint\",\"urlTemplate\":\"https:\/\/dev.tg4.ie\/en\/?s={search_term_string}\"},\"query-input\":\"required name=search_term_string\"}],\"inLanguage\":\"ga\"}]}<\/script>\n<!-- \/ Yoast SEO plugin. -->","yoast_head_json":{"title":"\u2018Foscadh' roghnaithe mar iontr\u00e1il na h\u00c9ireann do na Oscars sa chatag\u00f3ir don Phr\u00edomhscann\u00e1n Idirn\u00e1isi\u00fanta is Fearr | Preas R\u00e1iteas | TG4","robots":{"index":"index","follow":"follow","max-snippet":"max-snippet:-1","max-image-preview":"max-image-preview:large","max-video-preview":"max-video-preview:-1"},"og_locale":"en_US","og_type":"article","og_title":"\u2018Foscadh' roghnaithe mar iontr\u00e1il na h\u00c9ireann do na Oscars sa chatag\u00f3ir don Phr\u00edomhscann\u00e1n Idirn\u00e1isi\u00fanta is Fearr | Preas R\u00e1iteas | TG4","og_description":"&nbsp; &nbsp; T\u00e1 \u00e1thas ar TG4 faoin bhf\u00f3gra at\u00e1 d\u00e9anta ag IFTA inniu go bhfuil Foscadh scann\u00e1n l\u00e1n-Ghaeilge \u00f3 sc\u00e9im Cine4 roghnaithe mar iontr\u00e1il na h\u00c9ireann do na Oscars sa chatag\u00f3ir don Phr\u00edomhscann\u00e1n Idirn\u00e1isi\u00fanta is Fearr ag an 94\u00fa Gradaim bliant\u00fala an Acadaimh a bheidh ar si\u00fal go luath. Is \u00e9 seo an dara bliain [&hellip;]","og_url":"https:\/\/dev.tg4.ie\/ga\/eolas\/preas\/nuacht-raitis\/2021-2\/foscadh-roghnaithe-mar-iontrail-na-heireann-do-na-oscars-sa-chatagoir-don-phriomhscannan-idirnaisiunta-is-fearr\/","og_site_name":"TG4","article_publisher":"https:\/\/www.facebook.com\/TG4TV","og_image":[{"width":1920,"height":1080,"url":"https:\/\/tg4-docs.s3.amazonaws.com\/tg4-redesign-2015\/wp-content\/uploads\/2021\/09\/Foscadh_Donal_O_hEalai_1-1920x1080-1.jpg","type":"image\/jpeg"}],"twitter_card":"summary_large_image","twitter_image":"https:\/\/tg4-docs.s3.amazonaws.com\/tg4-redesign-2015\/wp-content\/uploads\/2021\/09\/Foscadh_Donal_O_hEalai_1-1920x1080-1.jpg","twitter_site":"@TG4TV","twitter_misc":{"Est. reading time":"5 minutes"},"schema":{"@context":"https:\/\/schema.org","@graph":[{"@type":"WebPage","@id":"https:\/\/dev.tg4.ie\/ga\/eolas\/preas\/nuacht-raitis\/2021-2\/foscadh-roghnaithe-mar-iontrail-na-heireann-do-na-oscars-sa-chatagoir-don-phriomhscannan-idirnaisiunta-is-fearr\/","url":"https:\/\/dev.tg4.ie\/ga\/eolas\/preas\/nuacht-raitis\/2021-2\/foscadh-roghnaithe-mar-iontrail-na-heireann-do-na-oscars-sa-chatagoir-don-phriomhscannan-idirnaisiunta-is-fearr\/","name":"\u2018Foscadh' roghnaithe mar iontr\u00e1il na h\u00c9ireann do na Oscars sa chatag\u00f3ir don Phr\u00edomhscann\u00e1n Idirn\u00e1isi\u00fanta is Fearr | Preas R\u00e1iteas | TG4","isPartOf":{"@id":"https:\/\/dev.tg4.ie\/en\/#website"},"primaryImageOfPage":{"@id":"https:\/\/dev.tg4.ie\/ga\/eolas\/preas\/nuacht-raitis\/2021-2\/foscadh-roghnaithe-mar-iontrail-na-heireann-do-na-oscars-sa-chatagoir-don-phriomhscannan-idirnaisiunta-is-fearr\/#primaryimage"},"image":{"@id":"https:\/\/dev.tg4.ie\/ga\/eolas\/preas\/nuacht-raitis\/2021-2\/foscadh-roghnaithe-mar-iontrail-na-heireann-do-na-oscars-sa-chatagoir-don-phriomhscannan-idirnaisiunta-is-fearr\/#primaryimage"},"thumbnailUrl":"https:\/\/dev.tg4.ie\/wp-content\/uploads\/2021\/09\/Foscadh_Donal_O_hEalai_1-1920x1080-1.jpg","datePublished":"2021-09-22T08:50:02+00:00","dateModified":"2021-09-22T08:50:02+00:00","breadcrumb":{"@id":"https:\/\/dev.tg4.ie\/ga\/eolas\/preas\/nuacht-raitis\/2021-2\/foscadh-roghnaithe-mar-iontrail-na-heireann-do-na-oscars-sa-chatagoir-don-phriomhscannan-idirnaisiunta-is-fearr\/#breadcrumb"},"inLanguage":"ga","potentialAction":[{"@type":"ReadAction","target":["https:\/\/dev.tg4.ie\/ga\/eolas\/preas\/nuacht-raitis\/2021-2\/foscadh-roghnaithe-mar-iontrail-na-heireann-do-na-oscars-sa-chatagoir-don-phriomhscannan-idirnaisiunta-is-fearr\/"]}]},{"@type":"ImageObject","inLanguage":"ga","@id":"https:\/\/dev.tg4.ie\/ga\/eolas\/preas\/nuacht-raitis\/2021-2\/foscadh-roghnaithe-mar-iontrail-na-heireann-do-na-oscars-sa-chatagoir-don-phriomhscannan-idirnaisiunta-is-fearr\/#primaryimage","url":"https:\/\/dev.tg4.ie\/wp-content\/uploads\/2021\/09\/Foscadh_Donal_O_hEalai_1-1920x1080-1.jpg","contentUrl":"https:\/\/dev.tg4.ie\/wp-content\/uploads\/2021\/09\/Foscadh_Donal_O_hEalai_1-1920x1080-1.jpg"},{"@type":"BreadcrumbList","@id":"https:\/\/dev.tg4.ie\/ga\/eolas\/preas\/nuacht-raitis\/2021-2\/foscadh-roghnaithe-mar-iontrail-na-heireann-do-na-oscars-sa-chatagoir-don-phriomhscannan-idirnaisiunta-is-fearr\/#breadcrumb","itemListElement":[{"@type":"ListItem","position":1,"name":"Home","item":"https:\/\/dev.tg4.ie\/ga\/"},{"@type":"ListItem","position":2,"name":"Eolas","item":"https:\/\/dev.tg4.ie\/ga\/eolas\/"},{"@type":"ListItem","position":3,"name":"Preas","item":"https:\/\/dev.tg4.ie\/ga\/eolas\/preas\/"},{"@type":"ListItem","position":4,"name":"Nuacht R\u00e1itis","item":"https:\/\/dev.tg4.ie\/ga\/eolas\/preas\/nuacht-raitis\/"},{"@type":"ListItem","position":5,"name":"2021","item":"https:\/\/dev.tg4.ie\/ga\/eolas\/preas\/nuacht-raitis\/2021-2\/"},{"@type":"ListItem","position":6,"name":"\u2018Foscadh&#8217; roghnaithe mar iontr\u00e1il na h\u00c9ireann do na Oscars sa chatag\u00f3ir don Phr\u00edomhscann\u00e1n Idirn\u00e1isi\u00fanta is Fearr"}]},{"@type":"WebSite","@id":"https:\/\/dev.tg4.ie\/en\/#website","url":"https:\/\/dev.tg4.ie\/en\/","name":"TG4","description":"S\u00fail Eile","potentialAction":[{"@type":"SearchAction","target":{"@type":"EntryPoint","urlTemplate":"https:\/\/dev.tg4.ie\/en\/?s={search_term_string}"},"query-input":"required name=search_term_string"}],"inLanguage":"ga"}]}},"_links":{"self":[{"href":"https:\/\/dev.tg4.ie\/ga\/wp-json\/wp\/v2\/pages\/131404"}],"collection":[{"href":"https:\/\/dev.tg4.ie\/ga\/wp-json\/wp\/v2\/pages"}],"about":[{"href":"https:\/\/dev.tg4.ie\/ga\/wp-json\/wp\/v2\/types\/page"}],"author":[{"embeddable":true,"href":"https:\/\/dev.tg4.ie\/ga\/wp-json\/wp\/v2\/users\/876"}],"replies":[{"embeddable":true,"href":"https:\/\/dev.tg4.ie\/ga\/wp-json\/wp\/v2\/comments?post=131404"}],"version-history":[{"count":0,"href":"https:\/\/dev.tg4.ie\/ga\/wp-json\/wp\/v2\/pages\/131404\/revisions"}],"up":[{"embeddable":true,"href":"https:\/\/dev.tg4.ie\/ga\/wp-json\/wp\/v2\/pages\/115579"}],"wp:attachment":[{"href":"https:\/\/dev.tg4.ie\/ga\/wp-json\/wp\/v2\/media?parent=131404"}],"curies":[{"name":"wp","href":"https:\/\/api.w.org\/{rel}","templated":true}]}}