{"id":132282,"date":"2021-10-05T15:57:07","date_gmt":"2021-10-05T14:57:07","guid":{"rendered":"https:\/\/dev.tg4.ie\/?page_id=132282"},"modified":"2021-10-13T13:25:19","modified_gmt":"2021-10-13T12:25:19","slug":"misneach-tom-clonan","status":"publish","type":"page","link":"https:\/\/dev.tg4.ie\/ga\/eolas\/preas\/nuacht-raitis\/2021-2\/misneach-tom-clonan\/","title":{"rendered":"Misneach &#8211; Tom Clonan"},"content":{"rendered":"<p><strong>MISNEACH<\/strong><\/p>\n<p><strong>D\u00e9 C\u00e9adaoin 13 Deireadh F\u00f3mhair 9.30i.n ar TG4<\/strong><br \/>\n<!--&nbsp;\n\n\n<div style=\"position: relative; overflow: auto; width: 100%; padding-bottom: 56.25%;\"><iframe loading=\"lazy\" src=\"https:\/\/www.youtube.com\/embed\/-ELUfKqj7u4\" width=\"100%\" height=\"100%\" frameborder=\"0\" scrolling=\"no\" allowFullscreen=\"true\" style=\"position: absolute; top: 0px; display: block;\"><\/iframe><\/div>\n\n --><br \/>\n&nbsp;<br \/>\n<a href=\"https:\/\/tg4-docs.s3.amazonaws.com\/tg4-redesign-2015\/wp-content\/uploads\/2021\/10\/Misneach_Tom_Clonan_01_1920x1080.jpg\"><img loading=\"lazy\" decoding=\"async\" width=\"1920\" height=\"1080\" src=\"https:\/\/tg4-docs.s3.amazonaws.com\/tg4-redesign-2015\/wp-content\/uploads\/2021\/10\/Misneach_Tom_Clonan_01_1920x1080.jpg\" alt=\"\" class=\"aligncenter size-full wp-image-132284\" srcset=\"https:\/\/tg4-docs.s3.amazonaws.com\/tg4-redesign-2015\/wp-content\/uploads\/2021\/10\/Misneach_Tom_Clonan_01_1920x1080.jpg 1920w, https:\/\/tg4-docs.s3.amazonaws.com\/tg4-redesign-2015\/wp-content\/uploads\/2021\/10\/Misneach_Tom_Clonan_01_1920x1080-250x141.jpg 250w, https:\/\/tg4-docs.s3.amazonaws.com\/tg4-redesign-2015\/wp-content\/uploads\/2021\/10\/Misneach_Tom_Clonan_01_1920x1080-700x394.jpg 700w, https:\/\/tg4-docs.s3.amazonaws.com\/tg4-redesign-2015\/wp-content\/uploads\/2021\/10\/Misneach_Tom_Clonan_01_1920x1080-252x141.jpg 252w, https:\/\/tg4-docs.s3.amazonaws.com\/tg4-redesign-2015\/wp-content\/uploads\/2021\/10\/Misneach_Tom_Clonan_01_1920x1080-1536x864.jpg 1536w, https:\/\/tg4-docs.s3.amazonaws.com\/tg4-redesign-2015\/wp-content\/uploads\/2021\/10\/Misneach_Tom_Clonan_01_1920x1080-120x68.jpg 120w\" sizes=\"(max-width: 1920px) 100vw, 1920px\" \/><\/a><br \/>\n&nbsp;<\/p>\n<p>\u00c1it uaigneach \u00ed \u00c9ire don sceithire, agus is mar sin a bh\u00ed s\u00e9 riamh. Go stairi\u00fail, bh\u00edodh fulaingt i nd\u00e1n d\u00f3ibhsean a sheasfadh suas agus a labhr\u00f3dh amach, mar gheall ar a nochtuithe. T\u00e1 s\u00e9 d&#8217;aidhm leis an Acht um Nochtadh Cosanta 2014 cosaint a thabhairt d\u00f3ibhsean a labhra\u00edonn amach. <\/p>\n<p>Ach c\u00e9ard f\u00fathu sin a labhair amach sula raibh cosaint d\u00e1 leith\u00e9id ann?<\/p>\n<p>21 bliain \u00f3 shin, fad a bh\u00ed PhD \u00e1 dh\u00e9anamh aige agus \u00e9 ina chomhalta d&#8217;\u00d3glaigh na h\u00c9ireann, nocht Tom Clonan cult\u00far leithcheala, ciaptha, bula\u00edochta, ciaptha gn\u00e9is agus ionsaithe gn\u00e9is d\u00edrithe ar chomhalta\u00ed mn\u00e1 in \u00d3glaigh na h\u00c9ireann.<\/p>\n<p>Ina dhalta oifigigh a chuaigh Tom Clonan in \u00d3glaigh na h\u00c9ireann sa bhliain 1989. Coimisi\u00fana\u00edodh \u00e9 ina oifigeach i m\u00ed Aibre\u00e1in 1991 agus bh\u00ed s\u00e9 ar cheann de na laethanta ba bhr\u00f3d\u00fala ina shaol.<\/p>\n<p>I 1996, d&#8217;iarr Tom cead ar an Arm t\u00fas a chur le PhD in DCU agus tugadh d\u00f3 \u00e9. <em>Women in Combat: The status and roles assigned female personnel in the Permanent Defence Forces<\/em> an teideal a bh\u00ed ar an staid\u00e9ar, a nglacfadh 4 bliana le cur i gcr\u00edch.<\/p>\n<p>Bh\u00ed na ch\u00e9ad tortha\u00ed \u00f3 thaighde Tom follasach go leor, agus l\u00e9ir\u00edodh iontu go raibh deighilt gh\u00e9ar agus dhi\u00faltach inscne ann i leith na hoibre laistigh den eagra\u00edocht. Obair &#8216;na mban&#8217; a bh\u00ed ar si\u00fal ag saighdi\u00fair\u00ed mn\u00e1 &#8211; is minic a bh\u00ed tascanna amhail obair freastala\u00ed i mbialanna na n-oifigeach tugtha d\u00f3ibh &#8211; agus n\u00edor tugadh na ceapach\u00e1in ceannasa\u00edochta agus oibr\u00edochta d\u00f3ibh a bh\u00ed ag teast\u00e1il d&#8217;fhonn ard\u00fa c\u00e9ime a fh\u00e1il.<\/p>\n<p>De r\u00e9ir mar a chuaigh an taighde ar aghaidh, lorg Tom cead \u00f3n gCeann Foirne an tr\u00e1chtas a chur i gcr\u00edch agus \u00e9 a fhoilsi\u00fa nuair a bheadh s\u00e9 cr\u00edochnaithe. Ceada\u00edodh \u00e9 sin. Idir m\u00ed Mhe\u00e1n F\u00f3mhair 1998 agus m\u00ed Feabhra 2000, chuir Tom 60 saighdi\u00fair mn\u00e1 faoi agallamh.<\/p>\n<p>Chuirfeadh na hagallaimh sin athr\u00fa ar shaol Tom go br\u00e1ch. As na 60 bean a cuireadh faoi agallamh, d\u00fairt 59 acu gur tharla eachtra\u00ed ina ndearnadh leithcheal, ciapadh, bula\u00edocht, ciapadh gn\u00e9is agus ionsa\u00ed gn\u00e9is orthu. <\/p>\n<p>D\u00fairt chuid de na mn\u00e1 a cuireadh faoi agallamh go ndearnadh ionsa\u00ed gn\u00e9is orthu san ionad oibre, idir chr\u00fab\u00e1il, iarrachta\u00ed ar \u00e9igni\u00fa, agus \u00e9igni\u00fa. Saighdi\u00fair\u00ed singil, oifigigh neamhchoimisi\u00fanaithe agus oifigigh a thuairisc na hionsaithe.<\/p>\n<p><!--<em>Is ionann an m\u00e9id a tharla dom agus ionsa\u00ed gn\u00e9is. Chonaic duine de mo chairde an rud ar fad. N\u00ed bheadh seans agam ina choinne. N\u00edl muin\u00edn ar bith agam sa ch\u00f3ras. Seans ar bith. (Agallamh Uimh. 28, 25\/8\/99)<\/em>\n\n<em>Rinneadh ionsa\u00ed orm. Rinne m\u00e9 gear\u00e1n. N\u00edor caitheadh go cothrom liom. N\u00ed spreagtar mn\u00e1 in \u00d3glaigh na h\u00c9ireann gear\u00e1n a dh\u00e9anamh faoi na fadhbanna seo. N\u00ed thugtar ugach d\u00f3ibh iad a thuairisci\u00fa. Is m\u00f3 imn\u00ed at\u00e1 ar an arm faoin \u00edomh\u00e1 phoibl\u00ed at\u00e1 aige n\u00e1 faoi \u00e9igni\u00fa mn\u00e1 (Agallamh Uimh. 33, 31\/8\/99)<\/em> --><\/p>\n<p>Captaen urramach in \u00d3glaigh na h\u00c9ireann ab ea Tom Clonan, a raibh ardmheas air ina Phreasoifigeach agus taith\u00ed ceannasa\u00edochta aige \u00f3 bheith ar imscaradh thar lear. Thuairiscigh s\u00e9 a chuid tortha\u00ed don Arm agus rinne s\u00e9 iarratas ar\u00eds agus ar\u00eds eile iad a phl\u00e9 leo.<\/p>\n<p>Bh\u00ed Tom muin\u00edneach go gcuirfeadh a oifigigh uachtaracha deireadh leis an bhfor\u00e9igean c\u00f3rasach a bh\u00ed ag dul ar aghaidh i gcoinne a chomhghleacaithe mn\u00e1.<\/p>\n<p>Bh\u00ed dul am\u00fa air. <\/p>\n<p>De thoradh taighde a dh\u00e9anamh, rinneadh sceithire de Tom agus t\u00e1 s\u00e9 ag cur suas le d\u00edoltas agus c\u00e1ineadh \u00f3 shin i leith.<\/p>\n<p>Craolfar Misneach &#8211; Tom Clonan D\u00e9 C\u00e9adaoin an 13 Deireadh F\u00f3mhair ag 9.30pm ar TG4 agus ar Sheinnteoir TG4. Arna l\u00e9iri\u00fa ag Midas Productions do TG4.<br \/>\n&nbsp;<br \/>\n&nbsp;<br \/>\n&nbsp;<\/p>\n","protected":false},"excerpt":{"rendered":"<p>MISNEACH D\u00e9 C\u00e9adaoin 13 Deireadh F\u00f3mhair 9.30i.n ar TG4 &nbsp; &nbsp; \u00c1it uaigneach \u00ed \u00c9ire don sceithire, agus is mar sin a bh\u00ed s\u00e9 riamh. Go stairi\u00fail, bh\u00edodh fulaingt i nd\u00e1n d\u00f3ibhsean a sheasfadh suas agus a labhr\u00f3dh amach, mar gheall ar a nochtuithe. T\u00e1 s\u00e9 d&#8217;aidhm leis an Acht um Nochtadh Cosanta 2014 cosaint [&hellip;]<\/p>\n","protected":false},"author":876,"featured_media":0,"parent":115579,"menu_order":43,"comment_status":"closed","ping_status":"closed","template":"page-templates\/template-pr.php","meta":{"_acf_changed":false,"footnotes":""},"acf":[],"yoast_head":"<!-- This site is optimized with the Yoast SEO plugin v22.6 - https:\/\/yoast.com\/wordpress\/plugins\/seo\/ -->\n<title>Misneach - Tom Clonan | Preas R\u00e1iteas | TG4<\/title>\n<meta name=\"robots\" content=\"index, follow, max-snippet:-1, max-image-preview:large, max-video-preview:-1\" \/>\n<meta property=\"og:locale\" content=\"en_US\" \/>\n<meta property=\"og:type\" content=\"article\" \/>\n<meta property=\"og:title\" content=\"Misneach - Tom Clonan | Preas R\u00e1iteas | TG4\" \/>\n<meta property=\"og:description\" content=\"MISNEACH D\u00e9 C\u00e9adaoin 13 Deireadh F\u00f3mhair 9.30i.n ar TG4 &nbsp; &nbsp; \u00c1it uaigneach \u00ed \u00c9ire don sceithire, agus is mar sin a bh\u00ed s\u00e9 riamh. Go stairi\u00fail, bh\u00edodh fulaingt i nd\u00e1n d\u00f3ibhsean a sheasfadh suas agus a labhr\u00f3dh amach, mar gheall ar a nochtuithe. T\u00e1 s\u00e9 d&#8217;aidhm leis an Acht um Nochtadh Cosanta 2014 cosaint [&hellip;]\" \/>\n<meta property=\"og:url\" content=\"https:\/\/dev.tg4.ie\/ga\/eolas\/preas\/nuacht-raitis\/2021-2\/misneach-tom-clonan\/\" \/>\n<meta property=\"og:site_name\" content=\"TG4\" \/>\n<meta property=\"article:publisher\" content=\"https:\/\/www.facebook.com\/TG4TV\" \/>\n<meta property=\"article:modified_time\" content=\"2021-10-13T12:25:19+00:00\" \/>\n<meta property=\"og:image\" content=\"https:\/\/tg4-docs.s3.amazonaws.com\/tg4-redesign-2015\/wp-content\/uploads\/2021\/10\/Misneach_Tom_Clonan_01_1920x1080.jpg\" \/>\n\t<meta property=\"og:image:width\" content=\"1920\" \/>\n\t<meta property=\"og:image:height\" content=\"1080\" \/>\n\t<meta property=\"og:image:type\" content=\"image\/jpeg\" \/>\n<meta name=\"twitter:card\" content=\"summary_large_image\" \/>\n<meta name=\"twitter:image\" content=\"https:\/\/tg4-docs.s3.amazonaws.com\/tg4-redesign-2015\/wp-content\/uploads\/2021\/10\/Misneach_Tom_Clonan_01_1920x1080.jpg\" \/>\n<meta name=\"twitter:site\" content=\"@TG4TV\" \/>\n<meta name=\"twitter:label1\" content=\"Est. reading time\" \/>\n\t<meta name=\"twitter:data1\" content=\"3 minutes\" \/>\n<script type=\"application\/ld+json\" class=\"yoast-schema-graph\">{\"@context\":\"https:\/\/schema.org\",\"@graph\":[{\"@type\":\"WebPage\",\"@id\":\"https:\/\/dev.tg4.ie\/ga\/eolas\/preas\/nuacht-raitis\/2021-2\/misneach-tom-clonan\/\",\"url\":\"https:\/\/dev.tg4.ie\/ga\/eolas\/preas\/nuacht-raitis\/2021-2\/misneach-tom-clonan\/\",\"name\":\"Misneach - Tom Clonan | Preas R\u00e1iteas | TG4\",\"isPartOf\":{\"@id\":\"https:\/\/dev.tg4.ie\/en\/#website\"},\"primaryImageOfPage\":{\"@id\":\"https:\/\/dev.tg4.ie\/ga\/eolas\/preas\/nuacht-raitis\/2021-2\/misneach-tom-clonan\/#primaryimage\"},\"image\":{\"@id\":\"https:\/\/dev.tg4.ie\/ga\/eolas\/preas\/nuacht-raitis\/2021-2\/misneach-tom-clonan\/#primaryimage\"},\"thumbnailUrl\":\"https:\/\/dev.tg4.ie\/wp-content\/uploads\/2021\/10\/Misneach_Tom_Clonan_01_1920x1080.jpg\",\"datePublished\":\"2021-10-05T14:57:07+00:00\",\"dateModified\":\"2021-10-13T12:25:19+00:00\",\"breadcrumb\":{\"@id\":\"https:\/\/dev.tg4.ie\/ga\/eolas\/preas\/nuacht-raitis\/2021-2\/misneach-tom-clonan\/#breadcrumb\"},\"inLanguage\":\"ga\",\"potentialAction\":[{\"@type\":\"ReadAction\",\"target\":[\"https:\/\/dev.tg4.ie\/ga\/eolas\/preas\/nuacht-raitis\/2021-2\/misneach-tom-clonan\/\"]}]},{\"@type\":\"ImageObject\",\"inLanguage\":\"ga\",\"@id\":\"https:\/\/dev.tg4.ie\/ga\/eolas\/preas\/nuacht-raitis\/2021-2\/misneach-tom-clonan\/#primaryimage\",\"url\":\"https:\/\/dev.tg4.ie\/wp-content\/uploads\/2021\/10\/Misneach_Tom_Clonan_01_1920x1080.jpg\",\"contentUrl\":\"https:\/\/dev.tg4.ie\/wp-content\/uploads\/2021\/10\/Misneach_Tom_Clonan_01_1920x1080.jpg\"},{\"@type\":\"BreadcrumbList\",\"@id\":\"https:\/\/dev.tg4.ie\/ga\/eolas\/preas\/nuacht-raitis\/2021-2\/misneach-tom-clonan\/#breadcrumb\",\"itemListElement\":[{\"@type\":\"ListItem\",\"position\":1,\"name\":\"Home\",\"item\":\"https:\/\/dev.tg4.ie\/ga\/\"},{\"@type\":\"ListItem\",\"position\":2,\"name\":\"Eolas\",\"item\":\"https:\/\/dev.tg4.ie\/ga\/eolas\/\"},{\"@type\":\"ListItem\",\"position\":3,\"name\":\"Preas\",\"item\":\"https:\/\/dev.tg4.ie\/ga\/eolas\/preas\/\"},{\"@type\":\"ListItem\",\"position\":4,\"name\":\"Nuacht R\u00e1itis\",\"item\":\"https:\/\/dev.tg4.ie\/ga\/eolas\/preas\/nuacht-raitis\/\"},{\"@type\":\"ListItem\",\"position\":5,\"name\":\"2021\",\"item\":\"https:\/\/dev.tg4.ie\/ga\/eolas\/preas\/nuacht-raitis\/2021-2\/\"},{\"@type\":\"ListItem\",\"position\":6,\"name\":\"Misneach &#8211; Tom Clonan\"}]},{\"@type\":\"WebSite\",\"@id\":\"https:\/\/dev.tg4.ie\/en\/#website\",\"url\":\"https:\/\/dev.tg4.ie\/en\/\",\"name\":\"TG4\",\"description\":\"S\u00fail Eile\",\"potentialAction\":[{\"@type\":\"SearchAction\",\"target\":{\"@type\":\"EntryPoint\",\"urlTemplate\":\"https:\/\/dev.tg4.ie\/en\/?s={search_term_string}\"},\"query-input\":\"required name=search_term_string\"}],\"inLanguage\":\"ga\"}]}<\/script>\n<!-- \/ Yoast SEO plugin. -->","yoast_head_json":{"title":"Misneach - Tom Clonan | Preas R\u00e1iteas | TG4","robots":{"index":"index","follow":"follow","max-snippet":"max-snippet:-1","max-image-preview":"max-image-preview:large","max-video-preview":"max-video-preview:-1"},"og_locale":"en_US","og_type":"article","og_title":"Misneach - Tom Clonan | Preas R\u00e1iteas | TG4","og_description":"MISNEACH D\u00e9 C\u00e9adaoin 13 Deireadh F\u00f3mhair 9.30i.n ar TG4 &nbsp; &nbsp; \u00c1it uaigneach \u00ed \u00c9ire don sceithire, agus is mar sin a bh\u00ed s\u00e9 riamh. Go stairi\u00fail, bh\u00edodh fulaingt i nd\u00e1n d\u00f3ibhsean a sheasfadh suas agus a labhr\u00f3dh amach, mar gheall ar a nochtuithe. T\u00e1 s\u00e9 d&#8217;aidhm leis an Acht um Nochtadh Cosanta 2014 cosaint [&hellip;]","og_url":"https:\/\/dev.tg4.ie\/ga\/eolas\/preas\/nuacht-raitis\/2021-2\/misneach-tom-clonan\/","og_site_name":"TG4","article_publisher":"https:\/\/www.facebook.com\/TG4TV","article_modified_time":"2021-10-13T12:25:19+00:00","og_image":[{"width":1920,"height":1080,"url":"https:\/\/tg4-docs.s3.amazonaws.com\/tg4-redesign-2015\/wp-content\/uploads\/2021\/10\/Misneach_Tom_Clonan_01_1920x1080.jpg","type":"image\/jpeg"}],"twitter_card":"summary_large_image","twitter_image":"https:\/\/tg4-docs.s3.amazonaws.com\/tg4-redesign-2015\/wp-content\/uploads\/2021\/10\/Misneach_Tom_Clonan_01_1920x1080.jpg","twitter_site":"@TG4TV","twitter_misc":{"Est. reading time":"3 minutes"},"schema":{"@context":"https:\/\/schema.org","@graph":[{"@type":"WebPage","@id":"https:\/\/dev.tg4.ie\/ga\/eolas\/preas\/nuacht-raitis\/2021-2\/misneach-tom-clonan\/","url":"https:\/\/dev.tg4.ie\/ga\/eolas\/preas\/nuacht-raitis\/2021-2\/misneach-tom-clonan\/","name":"Misneach - Tom Clonan | Preas R\u00e1iteas | TG4","isPartOf":{"@id":"https:\/\/dev.tg4.ie\/en\/#website"},"primaryImageOfPage":{"@id":"https:\/\/dev.tg4.ie\/ga\/eolas\/preas\/nuacht-raitis\/2021-2\/misneach-tom-clonan\/#primaryimage"},"image":{"@id":"https:\/\/dev.tg4.ie\/ga\/eolas\/preas\/nuacht-raitis\/2021-2\/misneach-tom-clonan\/#primaryimage"},"thumbnailUrl":"https:\/\/dev.tg4.ie\/wp-content\/uploads\/2021\/10\/Misneach_Tom_Clonan_01_1920x1080.jpg","datePublished":"2021-10-05T14:57:07+00:00","dateModified":"2021-10-13T12:25:19+00:00","breadcrumb":{"@id":"https:\/\/dev.tg4.ie\/ga\/eolas\/preas\/nuacht-raitis\/2021-2\/misneach-tom-clonan\/#breadcrumb"},"inLanguage":"ga","potentialAction":[{"@type":"ReadAction","target":["https:\/\/dev.tg4.ie\/ga\/eolas\/preas\/nuacht-raitis\/2021-2\/misneach-tom-clonan\/"]}]},{"@type":"ImageObject","inLanguage":"ga","@id":"https:\/\/dev.tg4.ie\/ga\/eolas\/preas\/nuacht-raitis\/2021-2\/misneach-tom-clonan\/#primaryimage","url":"https:\/\/dev.tg4.ie\/wp-content\/uploads\/2021\/10\/Misneach_Tom_Clonan_01_1920x1080.jpg","contentUrl":"https:\/\/dev.tg4.ie\/wp-content\/uploads\/2021\/10\/Misneach_Tom_Clonan_01_1920x1080.jpg"},{"@type":"BreadcrumbList","@id":"https:\/\/dev.tg4.ie\/ga\/eolas\/preas\/nuacht-raitis\/2021-2\/misneach-tom-clonan\/#breadcrumb","itemListElement":[{"@type":"ListItem","position":1,"name":"Home","item":"https:\/\/dev.tg4.ie\/ga\/"},{"@type":"ListItem","position":2,"name":"Eolas","item":"https:\/\/dev.tg4.ie\/ga\/eolas\/"},{"@type":"ListItem","position":3,"name":"Preas","item":"https:\/\/dev.tg4.ie\/ga\/eolas\/preas\/"},{"@type":"ListItem","position":4,"name":"Nuacht R\u00e1itis","item":"https:\/\/dev.tg4.ie\/ga\/eolas\/preas\/nuacht-raitis\/"},{"@type":"ListItem","position":5,"name":"2021","item":"https:\/\/dev.tg4.ie\/ga\/eolas\/preas\/nuacht-raitis\/2021-2\/"},{"@type":"ListItem","position":6,"name":"Misneach &#8211; Tom Clonan"}]},{"@type":"WebSite","@id":"https:\/\/dev.tg4.ie\/en\/#website","url":"https:\/\/dev.tg4.ie\/en\/","name":"TG4","description":"S\u00fail Eile","potentialAction":[{"@type":"SearchAction","target":{"@type":"EntryPoint","urlTemplate":"https:\/\/dev.tg4.ie\/en\/?s={search_term_string}"},"query-input":"required name=search_term_string"}],"inLanguage":"ga"}]}},"_links":{"self":[{"href":"https:\/\/dev.tg4.ie\/ga\/wp-json\/wp\/v2\/pages\/132282"}],"collection":[{"href":"https:\/\/dev.tg4.ie\/ga\/wp-json\/wp\/v2\/pages"}],"about":[{"href":"https:\/\/dev.tg4.ie\/ga\/wp-json\/wp\/v2\/types\/page"}],"author":[{"embeddable":true,"href":"https:\/\/dev.tg4.ie\/ga\/wp-json\/wp\/v2\/users\/876"}],"replies":[{"embeddable":true,"href":"https:\/\/dev.tg4.ie\/ga\/wp-json\/wp\/v2\/comments?post=132282"}],"version-history":[{"count":0,"href":"https:\/\/dev.tg4.ie\/ga\/wp-json\/wp\/v2\/pages\/132282\/revisions"}],"up":[{"embeddable":true,"href":"https:\/\/dev.tg4.ie\/ga\/wp-json\/wp\/v2\/pages\/115579"}],"wp:attachment":[{"href":"https:\/\/dev.tg4.ie\/ga\/wp-json\/wp\/v2\/media?parent=132282"}],"curies":[{"name":"wp","href":"https:\/\/api.w.org\/{rel}","templated":true}]}}