{"id":132961,"date":"2021-10-12T17:01:08","date_gmt":"2021-10-12T16:01:08","guid":{"rendered":"https:\/\/dev.tg4.ie\/?page_id=132961"},"modified":"2021-10-12T17:01:08","modified_gmt":"2021-10-12T16:01:08","slug":"e4-2m-breise-ceadaithe-do-tg4-i-gcainaisneis-2022","status":"publish","type":"page","link":"https:\/\/dev.tg4.ie\/ga\/eolas\/preas\/nuacht-raitis\/2021-2\/e4-2m-breise-ceadaithe-do-tg4-i-gcainaisneis-2022\/","title":{"rendered":"\u20ac4.2m breise ceadaithe do TG4 i gc\u00e1inaisn\u00e9is 2022"},"content":{"rendered":"<p><a href=\"https:\/\/tg4-docs.s3.amazonaws.com\/tg4-redesign-2015\/wp-content\/uploads\/2021\/10\/Ceannaras_TG4_2021_1_1920x1080.jpg\"><img loading=\"lazy\" decoding=\"async\" width=\"1920\" height=\"1080\" src=\"https:\/\/tg4-docs.s3.amazonaws.com\/tg4-redesign-2015\/wp-content\/uploads\/2021\/10\/Ceannaras_TG4_2021_1_1920x1080.jpg\" alt=\"\" class=\"aligncenter size-full wp-image-132956\" srcset=\"https:\/\/tg4-docs.s3.amazonaws.com\/tg4-redesign-2015\/wp-content\/uploads\/2021\/10\/Ceannaras_TG4_2021_1_1920x1080.jpg 1920w, https:\/\/tg4-docs.s3.amazonaws.com\/tg4-redesign-2015\/wp-content\/uploads\/2021\/10\/Ceannaras_TG4_2021_1_1920x1080-250x141.jpg 250w, https:\/\/tg4-docs.s3.amazonaws.com\/tg4-redesign-2015\/wp-content\/uploads\/2021\/10\/Ceannaras_TG4_2021_1_1920x1080-700x394.jpg 700w, https:\/\/tg4-docs.s3.amazonaws.com\/tg4-redesign-2015\/wp-content\/uploads\/2021\/10\/Ceannaras_TG4_2021_1_1920x1080-252x141.jpg 252w, https:\/\/tg4-docs.s3.amazonaws.com\/tg4-redesign-2015\/wp-content\/uploads\/2021\/10\/Ceannaras_TG4_2021_1_1920x1080-1536x864.jpg 1536w, https:\/\/tg4-docs.s3.amazonaws.com\/tg4-redesign-2015\/wp-content\/uploads\/2021\/10\/Ceannaras_TG4_2021_1_1920x1080-120x68.jpg 120w\" sizes=\"(max-width: 1920px) 100vw, 1920px\" \/><\/a><br \/>\n&nbsp;<\/p>\n<p>T\u00e1 f\u00e1ilte curtha ag TG4 roimh fh\u00f3gra an rialtais sa chain\u00e1isn\u00e9is inniu go mbeidh maoini\u00fa breise de \u20ac4.2m do TG4 in 2022.   Is \u00e9 seo an dara bliain as a ch\u00e9ile a bhfuil m\u00e9ad\u00fa suntasach, tuairim is 10% tugtha ag an Roinn Turas\u00f3ireachta, Cult\u00fair, Eala\u00edon, Gaeltachta, Sp\u00f3irt agus Me\u00e1n do TG4.  <strong>\u20ac44.9m<\/strong> an maoini\u00fa a bheidh ag TG4 \u00f3n st\u00e1tchiste sa bhliain 2022.<br \/>\n&nbsp;<br \/>\nD\u00fairt <strong>Alan Esslemont, Ard-Sti\u00farth\u00f3ir TG4<\/strong>: <em>\u201cT\u00e1 muid an-bhu\u00edoch den Aire Catherine Martin, den Rialtas ar fad agus d\u2019Ard-R\u00fana\u00ed agus d\u2019oifigigh na Roinne Turas\u00f3ireachta, Cult\u00fair, Eala\u00edon, Gaeltachta, Sp\u00f3irt agus Me\u00e1n as taca\u00edocht an-suntasach bhreise a chur ar f\u00e1il do TG4 don dara bliain as a ch\u00e9ile.  L\u00e9ir\u00edonn na molta\u00ed a chuir TG4 ar aghaidh in\u00e1r gc\u00e1ip\u00e9is, \u2018F\u00eds tar \u00e9is Covid\u2019, go bhfuil f\u00eds uaillmhianach ag Bord TG4 do na me\u00e1in Ghaeilge.  T\u00e1 muid ag s\u00fail go m\u00f3r le molta\u00ed an Choimisi\u00fain um Thodhcha\u00ed na Me\u00e1n a fheice\u00e1il maidir leis an fhorbairt a chaithfear d\u00e9anamh ar na me\u00e1in Ghaeilge.<br \/>\nAgus TG4 ar t\u00ed \u00e1r 25\u00fa l\u00e1 breithe a cheili\u00faradh, is c\u00fais \u00e1thais d\u00fainn go bhfuil gl\u00fain nua de dhaoine \u00f3ga tallannacha ag teacht isteach ar\u00eds sa tionscal seo. Tugann taca\u00edocht lean\u00fanach an Rialtais an deis do na comhlachta\u00ed l\u00e9iri\u00fach\u00e1in sl\u00ed bheatha tharraingteach i saol na teilif\u00edse a chur ar f\u00e1il do dhaoine \u00f3ga le Gaeilge tr\u00edd na sc\u00e9imeanna forbartha a bhfuil TG4 bainteach leo.<br \/>\nT\u00e1 dh\u00e1 bhliain an-chrua caite againn agus glacaim bu\u00edochas le mo chomhghleacaithe ag TG4 agus san earn\u00e1il chruthaitheach as an nd\u00edograis agus a dtiomantas don lucht f\u00e9achana i gcaitheamh na paind\u00e9ime.  Tugann f\u00f3gra an Aire Catherine Martin d\u00f3chas d\u00fainn ar fad do 2022.\u201d<\/em><br \/>\n&nbsp;<\/p>\n<p>Bh\u00ed TG4 ar an 6\u00fa cain\u00e9al is m\u00f3 lucht f\u00e9achana in \u00c9irinn in 2020 don dara bliain as a ch\u00e9ile.  Ba \u00e9 1.83% an me\u00e1n-sciar f\u00e9achana in 2020 agus bh\u00ed m\u00e9ad\u00fa 3% ar an sciar go dt\u00ed 1.92% le linn an phr\u00edomhama f\u00e9achana \u00f3 2019.  Rinne TG4 infheist\u00edocht de \u20ac25.26m san earn\u00e1il na l\u00e9iri\u00fach\u00e1n neamhsple\u00e1ch anuraidh. Caitheadh breis is 77% den chaiteachas bliant\u00fail ar \u00e1bhar nua Gaeilge a chruth\u00fa in 2020.<br \/>\n&nbsp;<br \/>\n&nbsp;<br \/>\n&nbsp;<\/p>\n","protected":false},"excerpt":{"rendered":"<p>&nbsp; T\u00e1 f\u00e1ilte curtha ag TG4 roimh fh\u00f3gra an rialtais sa chain\u00e1isn\u00e9is inniu go mbeidh maoini\u00fa breise de \u20ac4.2m do TG4 in 2022. Is \u00e9 seo an dara bliain as a ch\u00e9ile a bhfuil m\u00e9ad\u00fa suntasach, tuairim is 10% tugtha ag an Roinn Turas\u00f3ireachta, Cult\u00fair, Eala\u00edon, Gaeltachta, Sp\u00f3irt agus Me\u00e1n do TG4. \u20ac44.9m an maoini\u00fa [&hellip;]<\/p>\n","protected":false},"author":876,"featured_media":0,"parent":115579,"menu_order":45,"comment_status":"closed","ping_status":"closed","template":"page-templates\/template-pr.php","meta":{"_acf_changed":false,"footnotes":""},"acf":[],"yoast_head":"<!-- This site is optimized with the Yoast SEO plugin v22.6 - https:\/\/yoast.com\/wordpress\/plugins\/seo\/ -->\n<title>\u20ac4.2m breise ceadaithe do TG4 i gc\u00e1inaisn\u00e9is 2022 | Preas R\u00e1iteas | TG4<\/title>\n<meta name=\"robots\" content=\"index, follow, max-snippet:-1, max-image-preview:large, max-video-preview:-1\" \/>\n<meta property=\"og:locale\" content=\"en_US\" \/>\n<meta property=\"og:type\" content=\"article\" \/>\n<meta property=\"og:title\" content=\"\u20ac4.2m breise ceadaithe do TG4 i gc\u00e1inaisn\u00e9is 2022 | Preas R\u00e1iteas | TG4\" \/>\n<meta property=\"og:description\" content=\"&nbsp; T\u00e1 f\u00e1ilte curtha ag TG4 roimh fh\u00f3gra an rialtais sa chain\u00e1isn\u00e9is inniu go mbeidh maoini\u00fa breise de \u20ac4.2m do TG4 in 2022. Is \u00e9 seo an dara bliain as a ch\u00e9ile a bhfuil m\u00e9ad\u00fa suntasach, tuairim is 10% tugtha ag an Roinn Turas\u00f3ireachta, Cult\u00fair, Eala\u00edon, Gaeltachta, Sp\u00f3irt agus Me\u00e1n do TG4. \u20ac44.9m an maoini\u00fa [&hellip;]\" \/>\n<meta property=\"og:url\" content=\"https:\/\/dev.tg4.ie\/ga\/eolas\/preas\/nuacht-raitis\/2021-2\/e4-2m-breise-ceadaithe-do-tg4-i-gcainaisneis-2022\/\" \/>\n<meta property=\"og:site_name\" content=\"TG4\" \/>\n<meta property=\"article:publisher\" content=\"https:\/\/www.facebook.com\/TG4TV\" \/>\n<meta property=\"og:image\" content=\"https:\/\/tg4-docs.s3.amazonaws.com\/tg4-redesign-2015\/wp-content\/uploads\/2021\/10\/Ceannaras_TG4_2021_1_1920x1080.jpg\" \/>\n\t<meta property=\"og:image:width\" content=\"1920\" \/>\n\t<meta property=\"og:image:height\" content=\"1080\" \/>\n\t<meta property=\"og:image:type\" content=\"image\/jpeg\" \/>\n<meta name=\"twitter:card\" content=\"summary_large_image\" \/>\n<meta name=\"twitter:image\" content=\"https:\/\/tg4-docs.s3.amazonaws.com\/tg4-redesign-2015\/wp-content\/uploads\/2021\/10\/Ceannaras_TG4_2021_1_1920x1080.jpg\" \/>\n<meta name=\"twitter:site\" content=\"@TG4TV\" \/>\n<meta name=\"twitter:label1\" content=\"Est. reading time\" \/>\n\t<meta name=\"twitter:data1\" content=\"2 minutes\" \/>\n<script type=\"application\/ld+json\" class=\"yoast-schema-graph\">{\"@context\":\"https:\/\/schema.org\",\"@graph\":[{\"@type\":\"WebPage\",\"@id\":\"https:\/\/dev.tg4.ie\/ga\/eolas\/preas\/nuacht-raitis\/2021-2\/e4-2m-breise-ceadaithe-do-tg4-i-gcainaisneis-2022\/\",\"url\":\"https:\/\/dev.tg4.ie\/ga\/eolas\/preas\/nuacht-raitis\/2021-2\/e4-2m-breise-ceadaithe-do-tg4-i-gcainaisneis-2022\/\",\"name\":\"\u20ac4.2m breise ceadaithe do TG4 i gc\u00e1inaisn\u00e9is 2022 | Preas R\u00e1iteas | TG4\",\"isPartOf\":{\"@id\":\"https:\/\/dev.tg4.ie\/en\/#website\"},\"primaryImageOfPage\":{\"@id\":\"https:\/\/dev.tg4.ie\/ga\/eolas\/preas\/nuacht-raitis\/2021-2\/e4-2m-breise-ceadaithe-do-tg4-i-gcainaisneis-2022\/#primaryimage\"},\"image\":{\"@id\":\"https:\/\/dev.tg4.ie\/ga\/eolas\/preas\/nuacht-raitis\/2021-2\/e4-2m-breise-ceadaithe-do-tg4-i-gcainaisneis-2022\/#primaryimage\"},\"thumbnailUrl\":\"https:\/\/dev.tg4.ie\/wp-content\/uploads\/2021\/10\/Ceannaras_TG4_2021_1_1920x1080.jpg\",\"datePublished\":\"2021-10-12T16:01:08+00:00\",\"dateModified\":\"2021-10-12T16:01:08+00:00\",\"breadcrumb\":{\"@id\":\"https:\/\/dev.tg4.ie\/ga\/eolas\/preas\/nuacht-raitis\/2021-2\/e4-2m-breise-ceadaithe-do-tg4-i-gcainaisneis-2022\/#breadcrumb\"},\"inLanguage\":\"ga\",\"potentialAction\":[{\"@type\":\"ReadAction\",\"target\":[\"https:\/\/dev.tg4.ie\/ga\/eolas\/preas\/nuacht-raitis\/2021-2\/e4-2m-breise-ceadaithe-do-tg4-i-gcainaisneis-2022\/\"]}]},{\"@type\":\"ImageObject\",\"inLanguage\":\"ga\",\"@id\":\"https:\/\/dev.tg4.ie\/ga\/eolas\/preas\/nuacht-raitis\/2021-2\/e4-2m-breise-ceadaithe-do-tg4-i-gcainaisneis-2022\/#primaryimage\",\"url\":\"https:\/\/dev.tg4.ie\/wp-content\/uploads\/2021\/10\/Ceannaras_TG4_2021_1_1920x1080.jpg\",\"contentUrl\":\"https:\/\/dev.tg4.ie\/wp-content\/uploads\/2021\/10\/Ceannaras_TG4_2021_1_1920x1080.jpg\"},{\"@type\":\"BreadcrumbList\",\"@id\":\"https:\/\/dev.tg4.ie\/ga\/eolas\/preas\/nuacht-raitis\/2021-2\/e4-2m-breise-ceadaithe-do-tg4-i-gcainaisneis-2022\/#breadcrumb\",\"itemListElement\":[{\"@type\":\"ListItem\",\"position\":1,\"name\":\"Home\",\"item\":\"https:\/\/dev.tg4.ie\/ga\/\"},{\"@type\":\"ListItem\",\"position\":2,\"name\":\"Eolas\",\"item\":\"https:\/\/dev.tg4.ie\/ga\/eolas\/\"},{\"@type\":\"ListItem\",\"position\":3,\"name\":\"Preas\",\"item\":\"https:\/\/dev.tg4.ie\/ga\/eolas\/preas\/\"},{\"@type\":\"ListItem\",\"position\":4,\"name\":\"Nuacht R\u00e1itis\",\"item\":\"https:\/\/dev.tg4.ie\/ga\/eolas\/preas\/nuacht-raitis\/\"},{\"@type\":\"ListItem\",\"position\":5,\"name\":\"2021\",\"item\":\"https:\/\/dev.tg4.ie\/ga\/eolas\/preas\/nuacht-raitis\/2021-2\/\"},{\"@type\":\"ListItem\",\"position\":6,\"name\":\"\u20ac4.2m breise ceadaithe do TG4 i gc\u00e1inaisn\u00e9is 2022\"}]},{\"@type\":\"WebSite\",\"@id\":\"https:\/\/dev.tg4.ie\/en\/#website\",\"url\":\"https:\/\/dev.tg4.ie\/en\/\",\"name\":\"TG4\",\"description\":\"S\u00fail Eile\",\"potentialAction\":[{\"@type\":\"SearchAction\",\"target\":{\"@type\":\"EntryPoint\",\"urlTemplate\":\"https:\/\/dev.tg4.ie\/en\/?s={search_term_string}\"},\"query-input\":\"required name=search_term_string\"}],\"inLanguage\":\"ga\"}]}<\/script>\n<!-- \/ Yoast SEO plugin. -->","yoast_head_json":{"title":"\u20ac4.2m breise ceadaithe do TG4 i gc\u00e1inaisn\u00e9is 2022 | Preas R\u00e1iteas | TG4","robots":{"index":"index","follow":"follow","max-snippet":"max-snippet:-1","max-image-preview":"max-image-preview:large","max-video-preview":"max-video-preview:-1"},"og_locale":"en_US","og_type":"article","og_title":"\u20ac4.2m breise ceadaithe do TG4 i gc\u00e1inaisn\u00e9is 2022 | Preas R\u00e1iteas | TG4","og_description":"&nbsp; T\u00e1 f\u00e1ilte curtha ag TG4 roimh fh\u00f3gra an rialtais sa chain\u00e1isn\u00e9is inniu go mbeidh maoini\u00fa breise de \u20ac4.2m do TG4 in 2022. Is \u00e9 seo an dara bliain as a ch\u00e9ile a bhfuil m\u00e9ad\u00fa suntasach, tuairim is 10% tugtha ag an Roinn Turas\u00f3ireachta, Cult\u00fair, Eala\u00edon, Gaeltachta, Sp\u00f3irt agus Me\u00e1n do TG4. \u20ac44.9m an maoini\u00fa [&hellip;]","og_url":"https:\/\/dev.tg4.ie\/ga\/eolas\/preas\/nuacht-raitis\/2021-2\/e4-2m-breise-ceadaithe-do-tg4-i-gcainaisneis-2022\/","og_site_name":"TG4","article_publisher":"https:\/\/www.facebook.com\/TG4TV","og_image":[{"width":1920,"height":1080,"url":"https:\/\/tg4-docs.s3.amazonaws.com\/tg4-redesign-2015\/wp-content\/uploads\/2021\/10\/Ceannaras_TG4_2021_1_1920x1080.jpg","type":"image\/jpeg"}],"twitter_card":"summary_large_image","twitter_image":"https:\/\/tg4-docs.s3.amazonaws.com\/tg4-redesign-2015\/wp-content\/uploads\/2021\/10\/Ceannaras_TG4_2021_1_1920x1080.jpg","twitter_site":"@TG4TV","twitter_misc":{"Est. reading time":"2 minutes"},"schema":{"@context":"https:\/\/schema.org","@graph":[{"@type":"WebPage","@id":"https:\/\/dev.tg4.ie\/ga\/eolas\/preas\/nuacht-raitis\/2021-2\/e4-2m-breise-ceadaithe-do-tg4-i-gcainaisneis-2022\/","url":"https:\/\/dev.tg4.ie\/ga\/eolas\/preas\/nuacht-raitis\/2021-2\/e4-2m-breise-ceadaithe-do-tg4-i-gcainaisneis-2022\/","name":"\u20ac4.2m breise ceadaithe do TG4 i gc\u00e1inaisn\u00e9is 2022 | Preas R\u00e1iteas | TG4","isPartOf":{"@id":"https:\/\/dev.tg4.ie\/en\/#website"},"primaryImageOfPage":{"@id":"https:\/\/dev.tg4.ie\/ga\/eolas\/preas\/nuacht-raitis\/2021-2\/e4-2m-breise-ceadaithe-do-tg4-i-gcainaisneis-2022\/#primaryimage"},"image":{"@id":"https:\/\/dev.tg4.ie\/ga\/eolas\/preas\/nuacht-raitis\/2021-2\/e4-2m-breise-ceadaithe-do-tg4-i-gcainaisneis-2022\/#primaryimage"},"thumbnailUrl":"https:\/\/dev.tg4.ie\/wp-content\/uploads\/2021\/10\/Ceannaras_TG4_2021_1_1920x1080.jpg","datePublished":"2021-10-12T16:01:08+00:00","dateModified":"2021-10-12T16:01:08+00:00","breadcrumb":{"@id":"https:\/\/dev.tg4.ie\/ga\/eolas\/preas\/nuacht-raitis\/2021-2\/e4-2m-breise-ceadaithe-do-tg4-i-gcainaisneis-2022\/#breadcrumb"},"inLanguage":"ga","potentialAction":[{"@type":"ReadAction","target":["https:\/\/dev.tg4.ie\/ga\/eolas\/preas\/nuacht-raitis\/2021-2\/e4-2m-breise-ceadaithe-do-tg4-i-gcainaisneis-2022\/"]}]},{"@type":"ImageObject","inLanguage":"ga","@id":"https:\/\/dev.tg4.ie\/ga\/eolas\/preas\/nuacht-raitis\/2021-2\/e4-2m-breise-ceadaithe-do-tg4-i-gcainaisneis-2022\/#primaryimage","url":"https:\/\/dev.tg4.ie\/wp-content\/uploads\/2021\/10\/Ceannaras_TG4_2021_1_1920x1080.jpg","contentUrl":"https:\/\/dev.tg4.ie\/wp-content\/uploads\/2021\/10\/Ceannaras_TG4_2021_1_1920x1080.jpg"},{"@type":"BreadcrumbList","@id":"https:\/\/dev.tg4.ie\/ga\/eolas\/preas\/nuacht-raitis\/2021-2\/e4-2m-breise-ceadaithe-do-tg4-i-gcainaisneis-2022\/#breadcrumb","itemListElement":[{"@type":"ListItem","position":1,"name":"Home","item":"https:\/\/dev.tg4.ie\/ga\/"},{"@type":"ListItem","position":2,"name":"Eolas","item":"https:\/\/dev.tg4.ie\/ga\/eolas\/"},{"@type":"ListItem","position":3,"name":"Preas","item":"https:\/\/dev.tg4.ie\/ga\/eolas\/preas\/"},{"@type":"ListItem","position":4,"name":"Nuacht R\u00e1itis","item":"https:\/\/dev.tg4.ie\/ga\/eolas\/preas\/nuacht-raitis\/"},{"@type":"ListItem","position":5,"name":"2021","item":"https:\/\/dev.tg4.ie\/ga\/eolas\/preas\/nuacht-raitis\/2021-2\/"},{"@type":"ListItem","position":6,"name":"\u20ac4.2m breise ceadaithe do TG4 i gc\u00e1inaisn\u00e9is 2022"}]},{"@type":"WebSite","@id":"https:\/\/dev.tg4.ie\/en\/#website","url":"https:\/\/dev.tg4.ie\/en\/","name":"TG4","description":"S\u00fail Eile","potentialAction":[{"@type":"SearchAction","target":{"@type":"EntryPoint","urlTemplate":"https:\/\/dev.tg4.ie\/en\/?s={search_term_string}"},"query-input":"required name=search_term_string"}],"inLanguage":"ga"}]}},"_links":{"self":[{"href":"https:\/\/dev.tg4.ie\/ga\/wp-json\/wp\/v2\/pages\/132961"}],"collection":[{"href":"https:\/\/dev.tg4.ie\/ga\/wp-json\/wp\/v2\/pages"}],"about":[{"href":"https:\/\/dev.tg4.ie\/ga\/wp-json\/wp\/v2\/types\/page"}],"author":[{"embeddable":true,"href":"https:\/\/dev.tg4.ie\/ga\/wp-json\/wp\/v2\/users\/876"}],"replies":[{"embeddable":true,"href":"https:\/\/dev.tg4.ie\/ga\/wp-json\/wp\/v2\/comments?post=132961"}],"version-history":[{"count":0,"href":"https:\/\/dev.tg4.ie\/ga\/wp-json\/wp\/v2\/pages\/132961\/revisions"}],"up":[{"embeddable":true,"href":"https:\/\/dev.tg4.ie\/ga\/wp-json\/wp\/v2\/pages\/115579"}],"wp:attachment":[{"href":"https:\/\/dev.tg4.ie\/ga\/wp-json\/wp\/v2\/media?parent=132961"}],"curies":[{"name":"wp","href":"https:\/\/api.w.org\/{rel}","templated":true}]}}