{"id":133858,"date":"2021-10-20T16:55:55","date_gmt":"2021-10-20T15:55:55","guid":{"rendered":"https:\/\/dev.tg4.ie\/?page_id=133858"},"modified":"2021-10-21T11:52:07","modified_gmt":"2021-10-21T10:52:07","slug":"bliain-dushlanach","status":"publish","type":"page","link":"https:\/\/dev.tg4.ie\/ga\/eolas\/preas\/nuacht-raitis\/2021-2\/bliain-dushlanach\/","title":{"rendered":"Bliain d\u00fashl\u00e1nach ach maith a bh\u00ed in 2020 do TG4 de r\u00e9ir Tuarasc\u00e1il Bhliant\u00fail 2020 an staisi\u00fain"},"content":{"rendered":"<p><a href=\"https:\/\/tg4-docs.s3.amazonaws.com\/tg4-redesign-2015\/wp-content\/uploads\/2021\/10\/TG4-2020.jpg\"><img decoding=\"async\" src=\"https:\/\/tg4-docs.s3.amazonaws.com\/tg4-redesign-2015\/wp-content\/uploads\/2021\/10\/TG4-2020.jpg\" alt=\"\" class=\"aligncenter size-full wp-image-132956\" \/><\/a><br \/>\n&nbsp;<br \/>\nN\u00ed raibh 2020 cos\u00fail le haon bhliain eile, agus bh\u00ed tionchar as cuimse ag paind\u00e9im an chor\u00f3inv\u00edris ar an ngn\u00e1thshaol. Bliain chrua a bh\u00ed inti do ghn\u00f3lachta\u00ed agus don gheilleagar, agus bliain freisin ar bhain br\u00f3n agus cruatan l\u00e9i do go leor teaghlach agus daoine aonair. <\/p>\n<p>Le linn na g\u00e9arch\u00e9ime, choinnigh TG4 an f\u00f3cas ar an lucht f\u00e9achana, le nuacht, eolas agus an tsiamsa\u00edocht is d\u00e9ana\u00ed a chur ar f\u00e1il.  D\u2019fhorbair TG4 strait\u00e9is Covid-19 chun a chinnti\u00fa go mbeadh daoine s\u00e1bhailte agus go mbeadh lean\u00fanachas fosta\u00edochta san earn\u00e1il.  <\/p>\n<p>Choimisi\u00fanaigh TG4 sraith nua oideachais <strong>C\u00fala4 ar Scoil<\/strong> do theaghlaigh agus do mh\u00fainteoir\u00ed a bh\u00ed ag foghlaim sa bhaile de bharr na paind\u00e9ime. Thug cl\u00fadach <strong>Nuacht TG4<\/strong> l\u00e9argas an ts\u00fail eile ar phobail na Gaeilge sa bhaile agus ar fud an domhain. Chuir sceideal TG4 siamsa\u00edocht agus faoiseamh \u00f3 Covid-19 ar f\u00e1il lena mana <em>Sona sa Bhaile<\/em>, le sraitheanna ar n\u00f3s <strong>An Bhoirinn<\/strong>, turas \u00e1lainn ar cheantar \u00e1lainn ann f\u00e9in thar thr\u00e9imhse bliana.  <strong>D\u00faiseacht<\/strong>, sraith faisn\u00e9ise faoi phobal Chorca Dhuibhne agus iad ag teacht amach as an gc\u00e9ad thr\u00e9imhse dianghlas\u00e1la in 2020, <strong>Sl\u00ed na mBeagla\u00edoch<\/strong>, turas ceoil ar ch\u00f3sta thiar na t\u00edre le Breannd\u00e1n &#038; Cormac \u00d3 Beagla\u00edoch agus <strong>Le Ceangal<\/strong>, sraith dr\u00e1ma\u00edochta r\u00f3m\u00e1ns\u00fail n\u00f3 &#8216;zoomcom&#8217; do lucht f\u00e9achana ar l\u00edne. Rinneadh ceili\u00faradh ar an bh<strong>Fleadh Ceoil<\/strong> i m\u00ed L\u00fanasa agus chr\u00edochnaigh an bhliain le ceili\u00faradh ar na heala\u00edona agus ar chult\u00far leis an gcl\u00e1r eala\u00edona at\u00e1 gradaim bronnta air \u00f3 shin, <strong>Samhl\u00fa 2020<\/strong>. <\/p>\n<p>T\u00e1 \u00e1it ar leith ag TG4 \u00f3 thaobh na me\u00e1n in \u00c9irinn, tr\u00e1th a bhfuil an domhand\u00fa ag dul i m\u00e9id i margadh na me\u00e1n agus a bhfuil ioma\u00edocht gh\u00e9ar ann. In 2020, choinnigh TG4 an rang\u00fa a bh\u00ed aige mar an 6\u00fa cain\u00e9al teilif\u00edse ba mh\u00f3 f\u00e9achana in \u00c9irinn. Bh\u00ed TG4 tar \u00e9is bogadh suas \u00f3n 7\u00fa h\u00e1it in 2019, mar a raibh s\u00e9 rangaithe \u00f3 2014. D\u2019fh\u00e9ach 3.66m duine n\u00f3 83% den daonra ar TG4 ag am \u00e9igin le linn 2020 agus ba \u00e9 1.83% an me\u00e1nsc\u00e1la f\u00e9achana. T\u00e1 s\u00e9 suntasach, i bhfianaise na dianioma\u00edochta at\u00e1 i margadh na me\u00e1n in \u00c9irinn, go raibh m\u00e9ad\u00fa 3% ar sciar phr\u00edomhlucht f\u00e9achana TG4 agus \u00e9 ardaithe go dt\u00ed 1.92%. Ba \u00e9acht suntasach \u00e9 an sciar agus an rang\u00fa cain\u00e9il seo in 2020 \u00f3s rud \u00e9 gur chuir an phaind\u00e9im isteach go m\u00f3r ar aschur TG4 nuair a cuireadh l\u00e9iri\u00fach\u00e1in ar athl\u00f3 n\u00f3 cuireadh moill orthu, agus go raibh an oiread imeachta\u00ed sp\u00f3irt agus cult\u00fair curtha ar ceal.  <\/p>\n<p>Bh\u00ed dl\u00fas m\u00f3r sna me\u00e1in dhigiteacha neamhl\u00edneacha in 2020.  Th\u00e1inig m\u00e9ad\u00fa 158% ar shruthanna TG4 ar Sheinnteoir TG4 in 2020 agus th\u00e1inig m\u00e9ad\u00fa 38% ar shruthanna TG4 ar Sheinnteoir RT\u00c9. Th\u00e1inig ard\u00fa 34% ar na sruthanna ar Sheinnteoir C\u00fala4, agus th\u00e1inig f\u00e1s 60% in 2020 ar an l\u00edon uaireanta a f\u00e9achadh ar ard\u00e1in me\u00e1n s\u00f3isialta TG4.<\/p>\n<p>Lean TG4 leis an infheist\u00edocht in 2020 le Cine4, tionscnamh comhchisti\u00fach\u00e1in ceithre bliana i bp\u00e1irt le BAI agus F\u00eds \u00c9ireann, chun tac\u00fa le forbairt agus l\u00e9iri\u00fa scann\u00e1in l\u00e1nfhada i nGaeilge agus chun dr\u00e1ma\u00edocht Ghaeilge ar ardchaighde\u00e1n a thabhairt chuig na sc\u00e1ile\u00e1in. Mar l\u00e9iri\u00fa ar an ardchaighde\u00e1n sin, roghna\u00edodh <strong>Arracht<\/strong> i gcatag\u00f3ir na Scann\u00e1n l\u00e1nfhada Idirn\u00e1isi\u00fanta is Fearr ag gradaim Oscars. <\/p>\n<p>Le linn 2020, chuir TG4 \u00e1bhar nua ar f\u00e1il chun ceangal a dh\u00e9anamh leis an lucht f\u00e9achana sa Ghaeltacht agus le lucht labhartha na Gaeilge.  Bh\u00ed teagmh\u00e1il le lucht plean\u00e1la agus forbartha na Gaeilge in 2020, lena n-\u00e1ir\u00edtear feachtas nua f\u00f3gra\u00edochta teilif\u00edse a chruth\u00fa chun aird a tharraingt ar obair na Plean\u00e1la Teanga chomh maith le Strait\u00e9is nua Gaeltachta a fhorbairt. In 2020, bh\u00ed an-phl\u00e9 ag TG4 freisin le heagra\u00edochta\u00ed ar n\u00f3s Eala\u00edn na Gaeltachta, Tuismitheoir\u00ed na Gaeltachta, Roinn na Gaeltachta agus an tOireachtas chun \u00e1bhar cl\u00e1racha a chur le ch\u00e9ile a thac\u00f3dh lena bhf\u00e9ilire imeachta\u00ed a raibh ciorr\u00fa d\u00e9anta orthu mar gheall ar Covid.<\/p>\n<p>T\u00e1 TG4 tiomanta don \u00fas\u00e1id is fearr a bhaint as an maoini\u00fa poibl\u00ed a fhaigheann s\u00e9. Gach bliain, d\u00e9antar sciar chomh hard agus is f\u00e9idir d\u00e1r maoini\u00fa reatha poibl\u00ed a infheisti\u00fa in \u00e1bhar Gaeilge. In 2020 infheist\u00edodh 77% de mhaoini\u00fa poibl\u00ed TG4 in \u00e1bhar Gaeilge.  Chaith TG4 \u20ac25.8m ar sheirbh\u00eds\u00ed cruthaitheacha in \u00c9irinn  agus caitheadh \u20ac21.3m de sin ar chomhlachta\u00ed cruthaitheacha at\u00e1 lonnaithe sna r\u00e9igi\u00fain. Ar an mbealach seo, thacaigh TG4 le f\u00e1s agus le cruth\u00fa post i dtionscail chruthaitheacha sna r\u00e9igi\u00fain, ag cuidi\u00fa le geilleagar cruthaitheach r\u00e9igi\u00fanach na h\u00c9ireann a choth\u00fa agus a fhorbairt. Den ch\u00e9ad uair riamh, s\u00e1ra\u00edodh buis\u00e9ad oibri\u00fach\u00e1in TG4 faoi \u20ac1.9m mar gheall ar Covid-19.  Bh\u00ed TG4 an-bhu\u00edoch forl\u00edonadh aon uaire a fh\u00e1il sa cheathr\u00fa deireanach de 2020 chun dul i ngleic leis na costais bhreise a tabha\u00edodh i rith na bliana. Le cabhair \u00f3n maoini\u00fa breise seo, bh\u00ed TG4 \u00e1balta buis\u00e9id oibri\u00fach\u00e1in a chomhl\u00edonadh faoi dheireadh na bliana.<\/p>\n<p><strong>D\u00fairt Cathaoirleach Bhord TG4, Si\u00fan N\u00ed Raghallaigh<\/strong>, <em>&#8220;Ba mhaith liom bu\u00edochas a ghlacadh leis an Aire nua at\u00e1 againn, Catherine Martin TD, agus leis an Ard-R\u00fana\u00ed Katherine Licken agus lena cuid oifigeach sa Roinn Turas\u00f3ireachta, Cult\u00fair, Eala\u00edon, Gaeltachta, Sp\u00f3irt agus Me\u00e1in. T\u00e1imid thar a bheith bu\u00edoch as an m\u00e9ad\u00fa ar mhaoini\u00fa do TG4 don bhliain 2021. Is \u00e9 seo an m\u00e9id is m\u00f3 a leithroinneadh ar TG4 \u00f3n mbliain 2008 agus creidimid go l\u00e9ir\u00edonn an maoini\u00fa breise sin an muin\u00edn at\u00e1 ag an Rialtas i TG4, agus sa strait\u00e9is at\u00e1 againn d\u2019earn\u00e1il l\u00e9iri\u00fach\u00e1n neamhsple\u00e1ch r\u00e9igi\u00fanach na h\u00c9ireann. T\u00e1 r\u00f3l bunriachtanach ag PSM sa tsocha\u00ed i dtaobh ionada\u00edocht a dh\u00e9anamh ar chult\u00fair t\u00edre, teangacha na t\u00edre a chur chun cinn agus tac\u00fa le tionscail chruthaitheacha t\u00edre.&#8221;<\/em><\/p>\n<p><strong>D\u00fairt Ard-Sti\u00farth\u00f3ir TG4, Alan Esslemont<\/strong> <em>&#8220;Is mian liom bu\u00edochas a ghlacadh le mo chomhghleacaithe i TG4 agus le Bord TG4. Chuir an obair chrua a rinne siad i mbliain a bh\u00ed deacair d\u00f3ibh go pearsanta agus go gairmi\u00fail, ar \u00e1r gcumas coinne\u00e1il orainn ag obair go h\u00e9ifeachtach mar fhoireann, c\u00e9 gur ag obair go cianda a bh\u00edomar, agus is l\u00e9iri\u00fa sin ar a nd\u00fathracht fhial fhlaithi\u00fail do TG4. Bliain th\u00e1bhachtach is ea 2021 do TG4 agus muid ag ceili\u00faradh 25 bliain ar an aer. C\u00e9 go raibh daoine i gcoinne bhun\u00fa \u201cTeilif\u00eds na Gaeilge\u201d 25 bliain \u00f3 shin, \u00f3 shin i leith t\u00e1 TG4 tagtha chun cinn mar chumhacht d\u00edlis don nu\u00e1la\u00edocht mar a bhaineann le h\u00e1bhar closamhairc i nGaeilge. Leanfaidh Bord, bainist\u00edocht agus foireann TG4, in \u00e9ineacht len\u00e1r gcomhph\u00e1irtithe, orthu lena n-iarrachta\u00ed r\u00f3l TG4 agus st\u00e1das na Gaeilge agus na Gaeltachta i socha\u00ed na h\u00c9ireann a athshamhl\u00fa.&#8221;<\/em><\/p>\n<p>T\u00e1 Tuarasc\u00e1il Bhliant\u00fail 2020 TG4 ar f\u00e1il anseo: <a href=\"https:\/\/tg4-docs.s3.amazonaws.com\/tg4-redesign-2015\/wp-content\/uploads\/2021\/10\/TG4-Tuarascail-20-G.pdf\">TG4 Tuarasc\u00e1il 2020<\/a><\/p>\n","protected":false},"excerpt":{"rendered":"<p>&nbsp; N\u00ed raibh 2020 cos\u00fail le haon bhliain eile, agus bh\u00ed tionchar as cuimse ag paind\u00e9im an chor\u00f3inv\u00edris ar an ngn\u00e1thshaol. Bliain chrua a bh\u00ed inti do ghn\u00f3lachta\u00ed agus don gheilleagar, agus bliain freisin ar bhain br\u00f3n agus cruatan l\u00e9i do go leor teaghlach agus daoine aonair. Le linn na g\u00e9arch\u00e9ime, choinnigh TG4 an f\u00f3cas [&hellip;]<\/p>\n","protected":false},"author":4,"featured_media":0,"parent":115579,"menu_order":46,"comment_status":"closed","ping_status":"closed","template":"page-templates\/template-pr.php","meta":{"_acf_changed":false,"footnotes":""},"acf":[],"yoast_head":"<!-- This site is optimized with the Yoast SEO plugin v22.6 - https:\/\/yoast.com\/wordpress\/plugins\/seo\/ -->\n<title>Bliain d\u00fashl\u00e1nach ach maith a bh\u00ed in 2020 do TG4 de r\u00e9ir Tuarasc\u00e1il Bhliant\u00fail 2020 an staisi\u00fain | Preas R\u00e1iteas | TG4<\/title>\n<meta name=\"description\" content=\"D\u2019fheidhmigh TG4 go maith \u00f3 thaobh a spriocanna de in 2020 in ainneoin na nd\u00fashl\u00e1n a bhain leis an mbliain.\" \/>\n<meta name=\"robots\" content=\"index, follow, max-snippet:-1, max-image-preview:large, max-video-preview:-1\" \/>\n<meta property=\"og:locale\" content=\"en_US\" \/>\n<meta property=\"og:type\" content=\"article\" \/>\n<meta property=\"og:title\" content=\"Bliain d\u00fashl\u00e1nach ach maith a bh\u00ed in 2020 do TG4 de r\u00e9ir Tuarasc\u00e1il Bhliant\u00fail 2020 an staisi\u00fain | Preas R\u00e1iteas | TG4\" \/>\n<meta property=\"og:description\" content=\"D\u2019fheidhmigh TG4 go maith \u00f3 thaobh a spriocanna de in 2020 in ainneoin na nd\u00fashl\u00e1n a bhain leis an mbliain.\" \/>\n<meta property=\"og:url\" content=\"https:\/\/dev.tg4.ie\/ga\/eolas\/preas\/nuacht-raitis\/2021-2\/bliain-dushlanach\/\" \/>\n<meta property=\"og:site_name\" content=\"TG4\" \/>\n<meta property=\"article:publisher\" content=\"https:\/\/www.facebook.com\/TG4TV\" \/>\n<meta property=\"article:modified_time\" content=\"2021-10-21T10:52:07+00:00\" \/>\n<meta property=\"og:image\" content=\"https:\/\/tg4-docs.s3.amazonaws.com\/tg4-redesign-2015\/wp-content\/uploads\/2021\/10\/TG4-2020.jpg\" \/>\n\t<meta property=\"og:image:width\" content=\"1920\" \/>\n\t<meta property=\"og:image:height\" content=\"1080\" \/>\n\t<meta property=\"og:image:type\" content=\"image\/jpeg\" \/>\n<meta name=\"twitter:card\" content=\"summary_large_image\" \/>\n<meta name=\"twitter:image\" content=\"https:\/\/tg4-docs.s3.amazonaws.com\/tg4-redesign-2015\/wp-content\/uploads\/2021\/10\/TG4-2020.jpg\" \/>\n<meta name=\"twitter:site\" content=\"@TG4TV\" \/>\n<meta name=\"twitter:label1\" content=\"Est. reading time\" \/>\n\t<meta name=\"twitter:data1\" content=\"6 minutes\" \/>\n<script type=\"application\/ld+json\" class=\"yoast-schema-graph\">{\"@context\":\"https:\/\/schema.org\",\"@graph\":[{\"@type\":\"WebPage\",\"@id\":\"https:\/\/dev.tg4.ie\/ga\/eolas\/preas\/nuacht-raitis\/2021-2\/bliain-dushlanach\/\",\"url\":\"https:\/\/dev.tg4.ie\/ga\/eolas\/preas\/nuacht-raitis\/2021-2\/bliain-dushlanach\/\",\"name\":\"Bliain d\u00fashl\u00e1nach ach maith a bh\u00ed in 2020 do TG4 de r\u00e9ir Tuarasc\u00e1il Bhliant\u00fail 2020 an staisi\u00fain | Preas R\u00e1iteas | TG4\",\"isPartOf\":{\"@id\":\"https:\/\/dev.tg4.ie\/en\/#website\"},\"primaryImageOfPage\":{\"@id\":\"https:\/\/dev.tg4.ie\/ga\/eolas\/preas\/nuacht-raitis\/2021-2\/bliain-dushlanach\/#primaryimage\"},\"image\":{\"@id\":\"https:\/\/dev.tg4.ie\/ga\/eolas\/preas\/nuacht-raitis\/2021-2\/bliain-dushlanach\/#primaryimage\"},\"thumbnailUrl\":\"https:\/\/dev.tg4.ie\/wp-content\/uploads\/2021\/10\/TG4-2020.jpg\",\"datePublished\":\"2021-10-20T15:55:55+00:00\",\"dateModified\":\"2021-10-21T10:52:07+00:00\",\"description\":\"D\u2019fheidhmigh TG4 go maith \u00f3 thaobh a spriocanna de in 2020 in ainneoin na nd\u00fashl\u00e1n a bhain leis an mbliain.\",\"breadcrumb\":{\"@id\":\"https:\/\/dev.tg4.ie\/ga\/eolas\/preas\/nuacht-raitis\/2021-2\/bliain-dushlanach\/#breadcrumb\"},\"inLanguage\":\"ga\",\"potentialAction\":[{\"@type\":\"ReadAction\",\"target\":[\"https:\/\/dev.tg4.ie\/ga\/eolas\/preas\/nuacht-raitis\/2021-2\/bliain-dushlanach\/\"]}]},{\"@type\":\"ImageObject\",\"inLanguage\":\"ga\",\"@id\":\"https:\/\/dev.tg4.ie\/ga\/eolas\/preas\/nuacht-raitis\/2021-2\/bliain-dushlanach\/#primaryimage\",\"url\":\"https:\/\/dev.tg4.ie\/wp-content\/uploads\/2021\/10\/TG4-2020.jpg\",\"contentUrl\":\"https:\/\/dev.tg4.ie\/wp-content\/uploads\/2021\/10\/TG4-2020.jpg\"},{\"@type\":\"BreadcrumbList\",\"@id\":\"https:\/\/dev.tg4.ie\/ga\/eolas\/preas\/nuacht-raitis\/2021-2\/bliain-dushlanach\/#breadcrumb\",\"itemListElement\":[{\"@type\":\"ListItem\",\"position\":1,\"name\":\"Home\",\"item\":\"https:\/\/dev.tg4.ie\/ga\/\"},{\"@type\":\"ListItem\",\"position\":2,\"name\":\"Eolas\",\"item\":\"https:\/\/dev.tg4.ie\/ga\/eolas\/\"},{\"@type\":\"ListItem\",\"position\":3,\"name\":\"Preas\",\"item\":\"https:\/\/dev.tg4.ie\/ga\/eolas\/preas\/\"},{\"@type\":\"ListItem\",\"position\":4,\"name\":\"Nuacht R\u00e1itis\",\"item\":\"https:\/\/dev.tg4.ie\/ga\/eolas\/preas\/nuacht-raitis\/\"},{\"@type\":\"ListItem\",\"position\":5,\"name\":\"2021\",\"item\":\"https:\/\/dev.tg4.ie\/ga\/eolas\/preas\/nuacht-raitis\/2021-2\/\"},{\"@type\":\"ListItem\",\"position\":6,\"name\":\"Bliain d\u00fashl\u00e1nach ach maith a bh\u00ed in 2020 do TG4 de r\u00e9ir Tuarasc\u00e1il Bhliant\u00fail 2020 an staisi\u00fain\"}]},{\"@type\":\"WebSite\",\"@id\":\"https:\/\/dev.tg4.ie\/en\/#website\",\"url\":\"https:\/\/dev.tg4.ie\/en\/\",\"name\":\"TG4\",\"description\":\"S\u00fail Eile\",\"potentialAction\":[{\"@type\":\"SearchAction\",\"target\":{\"@type\":\"EntryPoint\",\"urlTemplate\":\"https:\/\/dev.tg4.ie\/en\/?s={search_term_string}\"},\"query-input\":\"required name=search_term_string\"}],\"inLanguage\":\"ga\"}]}<\/script>\n<!-- \/ Yoast SEO plugin. -->","yoast_head_json":{"title":"Bliain d\u00fashl\u00e1nach ach maith a bh\u00ed in 2020 do TG4 de r\u00e9ir Tuarasc\u00e1il Bhliant\u00fail 2020 an staisi\u00fain | Preas R\u00e1iteas | TG4","description":"D\u2019fheidhmigh TG4 go maith \u00f3 thaobh a spriocanna de in 2020 in ainneoin na nd\u00fashl\u00e1n a bhain leis an mbliain.","robots":{"index":"index","follow":"follow","max-snippet":"max-snippet:-1","max-image-preview":"max-image-preview:large","max-video-preview":"max-video-preview:-1"},"og_locale":"en_US","og_type":"article","og_title":"Bliain d\u00fashl\u00e1nach ach maith a bh\u00ed in 2020 do TG4 de r\u00e9ir Tuarasc\u00e1il Bhliant\u00fail 2020 an staisi\u00fain | Preas R\u00e1iteas | TG4","og_description":"D\u2019fheidhmigh TG4 go maith \u00f3 thaobh a spriocanna de in 2020 in ainneoin na nd\u00fashl\u00e1n a bhain leis an mbliain.","og_url":"https:\/\/dev.tg4.ie\/ga\/eolas\/preas\/nuacht-raitis\/2021-2\/bliain-dushlanach\/","og_site_name":"TG4","article_publisher":"https:\/\/www.facebook.com\/TG4TV","article_modified_time":"2021-10-21T10:52:07+00:00","og_image":[{"width":1920,"height":1080,"url":"https:\/\/tg4-docs.s3.amazonaws.com\/tg4-redesign-2015\/wp-content\/uploads\/2021\/10\/TG4-2020.jpg","type":"image\/jpeg"}],"twitter_card":"summary_large_image","twitter_image":"https:\/\/tg4-docs.s3.amazonaws.com\/tg4-redesign-2015\/wp-content\/uploads\/2021\/10\/TG4-2020.jpg","twitter_site":"@TG4TV","twitter_misc":{"Est. reading time":"6 minutes"},"schema":{"@context":"https:\/\/schema.org","@graph":[{"@type":"WebPage","@id":"https:\/\/dev.tg4.ie\/ga\/eolas\/preas\/nuacht-raitis\/2021-2\/bliain-dushlanach\/","url":"https:\/\/dev.tg4.ie\/ga\/eolas\/preas\/nuacht-raitis\/2021-2\/bliain-dushlanach\/","name":"Bliain d\u00fashl\u00e1nach ach maith a bh\u00ed in 2020 do TG4 de r\u00e9ir Tuarasc\u00e1il Bhliant\u00fail 2020 an staisi\u00fain | Preas R\u00e1iteas | TG4","isPartOf":{"@id":"https:\/\/dev.tg4.ie\/en\/#website"},"primaryImageOfPage":{"@id":"https:\/\/dev.tg4.ie\/ga\/eolas\/preas\/nuacht-raitis\/2021-2\/bliain-dushlanach\/#primaryimage"},"image":{"@id":"https:\/\/dev.tg4.ie\/ga\/eolas\/preas\/nuacht-raitis\/2021-2\/bliain-dushlanach\/#primaryimage"},"thumbnailUrl":"https:\/\/dev.tg4.ie\/wp-content\/uploads\/2021\/10\/TG4-2020.jpg","datePublished":"2021-10-20T15:55:55+00:00","dateModified":"2021-10-21T10:52:07+00:00","description":"D\u2019fheidhmigh TG4 go maith \u00f3 thaobh a spriocanna de in 2020 in ainneoin na nd\u00fashl\u00e1n a bhain leis an mbliain.","breadcrumb":{"@id":"https:\/\/dev.tg4.ie\/ga\/eolas\/preas\/nuacht-raitis\/2021-2\/bliain-dushlanach\/#breadcrumb"},"inLanguage":"ga","potentialAction":[{"@type":"ReadAction","target":["https:\/\/dev.tg4.ie\/ga\/eolas\/preas\/nuacht-raitis\/2021-2\/bliain-dushlanach\/"]}]},{"@type":"ImageObject","inLanguage":"ga","@id":"https:\/\/dev.tg4.ie\/ga\/eolas\/preas\/nuacht-raitis\/2021-2\/bliain-dushlanach\/#primaryimage","url":"https:\/\/dev.tg4.ie\/wp-content\/uploads\/2021\/10\/TG4-2020.jpg","contentUrl":"https:\/\/dev.tg4.ie\/wp-content\/uploads\/2021\/10\/TG4-2020.jpg"},{"@type":"BreadcrumbList","@id":"https:\/\/dev.tg4.ie\/ga\/eolas\/preas\/nuacht-raitis\/2021-2\/bliain-dushlanach\/#breadcrumb","itemListElement":[{"@type":"ListItem","position":1,"name":"Home","item":"https:\/\/dev.tg4.ie\/ga\/"},{"@type":"ListItem","position":2,"name":"Eolas","item":"https:\/\/dev.tg4.ie\/ga\/eolas\/"},{"@type":"ListItem","position":3,"name":"Preas","item":"https:\/\/dev.tg4.ie\/ga\/eolas\/preas\/"},{"@type":"ListItem","position":4,"name":"Nuacht R\u00e1itis","item":"https:\/\/dev.tg4.ie\/ga\/eolas\/preas\/nuacht-raitis\/"},{"@type":"ListItem","position":5,"name":"2021","item":"https:\/\/dev.tg4.ie\/ga\/eolas\/preas\/nuacht-raitis\/2021-2\/"},{"@type":"ListItem","position":6,"name":"Bliain d\u00fashl\u00e1nach ach maith a bh\u00ed in 2020 do TG4 de r\u00e9ir Tuarasc\u00e1il Bhliant\u00fail 2020 an staisi\u00fain"}]},{"@type":"WebSite","@id":"https:\/\/dev.tg4.ie\/en\/#website","url":"https:\/\/dev.tg4.ie\/en\/","name":"TG4","description":"S\u00fail Eile","potentialAction":[{"@type":"SearchAction","target":{"@type":"EntryPoint","urlTemplate":"https:\/\/dev.tg4.ie\/en\/?s={search_term_string}"},"query-input":"required name=search_term_string"}],"inLanguage":"ga"}]}},"_links":{"self":[{"href":"https:\/\/dev.tg4.ie\/ga\/wp-json\/wp\/v2\/pages\/133858"}],"collection":[{"href":"https:\/\/dev.tg4.ie\/ga\/wp-json\/wp\/v2\/pages"}],"about":[{"href":"https:\/\/dev.tg4.ie\/ga\/wp-json\/wp\/v2\/types\/page"}],"author":[{"embeddable":true,"href":"https:\/\/dev.tg4.ie\/ga\/wp-json\/wp\/v2\/users\/4"}],"replies":[{"embeddable":true,"href":"https:\/\/dev.tg4.ie\/ga\/wp-json\/wp\/v2\/comments?post=133858"}],"version-history":[{"count":0,"href":"https:\/\/dev.tg4.ie\/ga\/wp-json\/wp\/v2\/pages\/133858\/revisions"}],"up":[{"embeddable":true,"href":"https:\/\/dev.tg4.ie\/ga\/wp-json\/wp\/v2\/pages\/115579"}],"wp:attachment":[{"href":"https:\/\/dev.tg4.ie\/ga\/wp-json\/wp\/v2\/media?parent=133858"}],"curies":[{"name":"wp","href":"https:\/\/api.w.org\/{rel}","templated":true}]}}