{"id":1342,"date":"2023-08-29T09:00:21","date_gmt":"2023-08-29T08:00:21","guid":{"rendered":"https:\/\/dev.tg4.ie\/corporate\/background\/codes-and-statements\/"},"modified":"2025-12-17T14:37:44","modified_gmt":"2025-12-17T14:37:44","slug":"rialachas-corparaideach","status":"publish","type":"page","link":"https:\/\/dev.tg4.ie\/ga\/corporate\/rialachas-corparaideach\/","title":{"rendered":"Rialachas Corpar\u00e1ideach"},"content":{"rendered":"<h2>Naisc chuig C\u00e1ip\u00e9is\u00ed Rialaitheacha Reatha TG4<\/h2>\n<p><a href=\"https:\/\/www.gov.ie\/ga\/eagraiocht\/an-roinn-turasoireachta-cultuir-ealaion-gaeltachta-spoirt-agus-mean\/\" target=\"_blank\" rel=\"noopener noreferrer\">Rochtain ar Fh\u00e1isn\u00e9is faoin RTCEGSM<\/a> \u2013 An Roinn Cult\u00fair, Cumars\u00e1ide agus Sp\u00f3irt<br \/>\n&nbsp;<br \/>\nMiontuairisc\u00ed Bord Teilif\u00eds na Gaeilge &#8211; <a href=\"https:\/\/dev.tg4.ie\/corporate\/rialachas-corparaideach\/miontuairisci-bord-teilifis-na-gaeilge\/\" rel=\"noopener\" target=\"_blank\">Anseo<\/a><br \/>\n&nbsp;<br \/>\nT\u00e9arma\u00ed Tagartha Bord TG4 &#8211; <a href=\"https:\/\/dev.tg4.ie\/corporate\/rialachas-corparaideach\/tearmai-tagartha-bord-tg4\/\" rel=\"noopener\" target=\"_blank\">Anseo<\/a><\/p>\n","protected":false},"excerpt":{"rendered":"<p>Naisc chuig C\u00e1ip\u00e9is\u00ed Rialaitheacha Reatha TG4 Rochtain ar Fh\u00e1isn\u00e9is faoin RTCEGSM \u2013 An Roinn Cult\u00fair, Cumars\u00e1ide agus Sp\u00f3irt &nbsp; Miontuairisc\u00ed Bord Teilif\u00eds na Gaeilge &#8211; Anseo &nbsp; T\u00e9arma\u00ed Tagartha Bord TG4 &#8211; Anseo<\/p>\n","protected":false},"author":6,"featured_media":1345,"parent":660,"menu_order":2,"comment_status":"closed","ping_status":"closed","template":"page-templates\/template-corporate-gov.php","meta":{"_acf_changed":false,"footnotes":""},"acf":[],"yoast_head":"<!-- This site is optimized with the Yoast SEO plugin v22.6 - https:\/\/yoast.com\/wordpress\/plugins\/seo\/ -->\n<title>Rialachas Corpar\u00e1ideach - TG4<\/title>\n<meta name=\"robots\" content=\"index, follow, max-snippet:-1, max-image-preview:large, max-video-preview:-1\" \/>\n<meta property=\"og:locale\" content=\"en_US\" \/>\n<meta property=\"og:type\" content=\"article\" \/>\n<meta property=\"og:title\" content=\"Rialachas Corpar\u00e1ideach - TG4\" \/>\n<meta property=\"og:description\" content=\"Naisc chuig C\u00e1ip\u00e9is\u00ed Rialaitheacha Reatha TG4 Rochtain ar Fh\u00e1isn\u00e9is faoin RTCEGSM \u2013 An Roinn Cult\u00fair, Cumars\u00e1ide agus Sp\u00f3irt &nbsp; Miontuairisc\u00ed Bord Teilif\u00eds na Gaeilge &#8211; Anseo &nbsp; T\u00e9arma\u00ed Tagartha Bord TG4 &#8211; Anseo\" \/>\n<meta property=\"og:url\" content=\"https:\/\/dev.tg4.ie\/ga\/corporate\/rialachas-corparaideach\/\" \/>\n<meta property=\"og:site_name\" content=\"TG4\" \/>\n<meta property=\"article:publisher\" content=\"https:\/\/www.facebook.com\/TG4TV\" \/>\n<meta property=\"article:modified_time\" content=\"2025-12-17T14:37:44+00:00\" \/>\n<meta property=\"og:image\" content=\"https:\/\/tg4-docs.s3.amazonaws.com\/tg4-redesign-2015\/wp-content\/uploads\/2015\/08\/00090005.jpg\" \/>\n\t<meta property=\"og:image:width\" content=\"1920\" \/>\n\t<meta property=\"og:image:height\" content=\"1080\" \/>\n\t<meta property=\"og:image:type\" content=\"image\/jpeg\" \/>\n<meta name=\"twitter:card\" content=\"summary_large_image\" \/>\n<meta name=\"twitter:site\" content=\"@TG4TV\" \/>\n<meta name=\"twitter:label1\" content=\"Est. reading time\" \/>\n\t<meta name=\"twitter:data1\" content=\"1 minute\" \/>\n<script type=\"application\/ld+json\" class=\"yoast-schema-graph\">{\"@context\":\"https:\/\/schema.org\",\"@graph\":[{\"@type\":\"WebPage\",\"@id\":\"https:\/\/dev.tg4.ie\/ga\/corporate\/rialachas-corparaideach\/\",\"url\":\"https:\/\/dev.tg4.ie\/ga\/corporate\/rialachas-corparaideach\/\",\"name\":\"Rialachas Corpar\u00e1ideach - TG4\",\"isPartOf\":{\"@id\":\"https:\/\/dev.tg4.ie\/en\/#website\"},\"primaryImageOfPage\":{\"@id\":\"https:\/\/dev.tg4.ie\/ga\/corporate\/rialachas-corparaideach\/#primaryimage\"},\"image\":{\"@id\":\"https:\/\/dev.tg4.ie\/ga\/corporate\/rialachas-corparaideach\/#primaryimage\"},\"thumbnailUrl\":\"https:\/\/tg4-docs.s3.amazonaws.com\/tg4-redesign-2015\/wp-content\/uploads\/2015\/08\/00090005.jpg\",\"datePublished\":\"2023-08-29T08:00:21+00:00\",\"dateModified\":\"2025-12-17T14:37:44+00:00\",\"breadcrumb\":{\"@id\":\"https:\/\/dev.tg4.ie\/ga\/corporate\/rialachas-corparaideach\/#breadcrumb\"},\"inLanguage\":\"ga\",\"potentialAction\":[{\"@type\":\"ReadAction\",\"target\":[\"https:\/\/dev.tg4.ie\/ga\/corporate\/rialachas-corparaideach\/\"]}]},{\"@type\":\"ImageObject\",\"inLanguage\":\"ga\",\"@id\":\"https:\/\/dev.tg4.ie\/ga\/corporate\/rialachas-corparaideach\/#primaryimage\",\"url\":\"https:\/\/tg4-docs.s3.amazonaws.com\/tg4-redesign-2015\/wp-content\/uploads\/2015\/08\/00090005.jpg\",\"contentUrl\":\"https:\/\/tg4-docs.s3.amazonaws.com\/tg4-redesign-2015\/wp-content\/uploads\/2015\/08\/00090005.jpg\",\"width\":1920,\"height\":1080},{\"@type\":\"BreadcrumbList\",\"@id\":\"https:\/\/dev.tg4.ie\/ga\/corporate\/rialachas-corparaideach\/#breadcrumb\",\"itemListElement\":[{\"@type\":\"ListItem\",\"position\":1,\"name\":\"Home\",\"item\":\"https:\/\/dev.tg4.ie\/ga\/\"},{\"@type\":\"ListItem\",\"position\":2,\"name\":\"Corpar\u00e1ideach\",\"item\":\"https:\/\/dev.tg4.ie\/ga\/corporate\/\"},{\"@type\":\"ListItem\",\"position\":3,\"name\":\"Rialachas Corpar\u00e1ideach\"}]},{\"@type\":\"WebSite\",\"@id\":\"https:\/\/dev.tg4.ie\/en\/#website\",\"url\":\"https:\/\/dev.tg4.ie\/en\/\",\"name\":\"TG4\",\"description\":\"S\u00fail Eile\",\"potentialAction\":[{\"@type\":\"SearchAction\",\"target\":{\"@type\":\"EntryPoint\",\"urlTemplate\":\"https:\/\/dev.tg4.ie\/en\/?s={search_term_string}\"},\"query-input\":\"required name=search_term_string\"}],\"inLanguage\":\"ga\"}]}<\/script>\n<!-- \/ Yoast SEO plugin. -->","yoast_head_json":{"title":"Rialachas Corpar\u00e1ideach - TG4","robots":{"index":"index","follow":"follow","max-snippet":"max-snippet:-1","max-image-preview":"max-image-preview:large","max-video-preview":"max-video-preview:-1"},"og_locale":"en_US","og_type":"article","og_title":"Rialachas Corpar\u00e1ideach - TG4","og_description":"Naisc chuig C\u00e1ip\u00e9is\u00ed Rialaitheacha Reatha TG4 Rochtain ar Fh\u00e1isn\u00e9is faoin RTCEGSM \u2013 An Roinn Cult\u00fair, Cumars\u00e1ide agus Sp\u00f3irt &nbsp; Miontuairisc\u00ed Bord Teilif\u00eds na Gaeilge &#8211; Anseo &nbsp; T\u00e9arma\u00ed Tagartha Bord TG4 &#8211; Anseo","og_url":"https:\/\/dev.tg4.ie\/ga\/corporate\/rialachas-corparaideach\/","og_site_name":"TG4","article_publisher":"https:\/\/www.facebook.com\/TG4TV","article_modified_time":"2025-12-17T14:37:44+00:00","og_image":[{"width":1920,"height":1080,"url":"https:\/\/tg4-docs.s3.amazonaws.com\/tg4-redesign-2015\/wp-content\/uploads\/2015\/08\/00090005.jpg","type":"image\/jpeg"}],"twitter_card":"summary_large_image","twitter_site":"@TG4TV","twitter_misc":{"Est. reading time":"1 minute"},"schema":{"@context":"https:\/\/schema.org","@graph":[{"@type":"WebPage","@id":"https:\/\/dev.tg4.ie\/ga\/corporate\/rialachas-corparaideach\/","url":"https:\/\/dev.tg4.ie\/ga\/corporate\/rialachas-corparaideach\/","name":"Rialachas Corpar\u00e1ideach - TG4","isPartOf":{"@id":"https:\/\/dev.tg4.ie\/en\/#website"},"primaryImageOfPage":{"@id":"https:\/\/dev.tg4.ie\/ga\/corporate\/rialachas-corparaideach\/#primaryimage"},"image":{"@id":"https:\/\/dev.tg4.ie\/ga\/corporate\/rialachas-corparaideach\/#primaryimage"},"thumbnailUrl":"https:\/\/tg4-docs.s3.amazonaws.com\/tg4-redesign-2015\/wp-content\/uploads\/2015\/08\/00090005.jpg","datePublished":"2023-08-29T08:00:21+00:00","dateModified":"2025-12-17T14:37:44+00:00","breadcrumb":{"@id":"https:\/\/dev.tg4.ie\/ga\/corporate\/rialachas-corparaideach\/#breadcrumb"},"inLanguage":"ga","potentialAction":[{"@type":"ReadAction","target":["https:\/\/dev.tg4.ie\/ga\/corporate\/rialachas-corparaideach\/"]}]},{"@type":"ImageObject","inLanguage":"ga","@id":"https:\/\/dev.tg4.ie\/ga\/corporate\/rialachas-corparaideach\/#primaryimage","url":"https:\/\/tg4-docs.s3.amazonaws.com\/tg4-redesign-2015\/wp-content\/uploads\/2015\/08\/00090005.jpg","contentUrl":"https:\/\/tg4-docs.s3.amazonaws.com\/tg4-redesign-2015\/wp-content\/uploads\/2015\/08\/00090005.jpg","width":1920,"height":1080},{"@type":"BreadcrumbList","@id":"https:\/\/dev.tg4.ie\/ga\/corporate\/rialachas-corparaideach\/#breadcrumb","itemListElement":[{"@type":"ListItem","position":1,"name":"Home","item":"https:\/\/dev.tg4.ie\/ga\/"},{"@type":"ListItem","position":2,"name":"Corpar\u00e1ideach","item":"https:\/\/dev.tg4.ie\/ga\/corporate\/"},{"@type":"ListItem","position":3,"name":"Rialachas Corpar\u00e1ideach"}]},{"@type":"WebSite","@id":"https:\/\/dev.tg4.ie\/en\/#website","url":"https:\/\/dev.tg4.ie\/en\/","name":"TG4","description":"S\u00fail Eile","potentialAction":[{"@type":"SearchAction","target":{"@type":"EntryPoint","urlTemplate":"https:\/\/dev.tg4.ie\/en\/?s={search_term_string}"},"query-input":"required name=search_term_string"}],"inLanguage":"ga"}]}},"_links":{"self":[{"href":"https:\/\/dev.tg4.ie\/ga\/wp-json\/wp\/v2\/pages\/1342"}],"collection":[{"href":"https:\/\/dev.tg4.ie\/ga\/wp-json\/wp\/v2\/pages"}],"about":[{"href":"https:\/\/dev.tg4.ie\/ga\/wp-json\/wp\/v2\/types\/page"}],"author":[{"embeddable":true,"href":"https:\/\/dev.tg4.ie\/ga\/wp-json\/wp\/v2\/users\/6"}],"replies":[{"embeddable":true,"href":"https:\/\/dev.tg4.ie\/ga\/wp-json\/wp\/v2\/comments?post=1342"}],"version-history":[{"count":0,"href":"https:\/\/dev.tg4.ie\/ga\/wp-json\/wp\/v2\/pages\/1342\/revisions"}],"up":[{"embeddable":true,"href":"https:\/\/dev.tg4.ie\/ga\/wp-json\/wp\/v2\/pages\/660"}],"wp:featuredmedia":[{"embeddable":true,"href":"https:\/\/dev.tg4.ie\/ga\/wp-json\/wp\/v2\/media\/1345"}],"wp:attachment":[{"href":"https:\/\/dev.tg4.ie\/ga\/wp-json\/wp\/v2\/media?parent=1342"}],"curies":[{"name":"wp","href":"https:\/\/api.w.org\/{rel}","templated":true}]}}