{"id":134477,"date":"2021-10-29T14:20:42","date_gmt":"2021-10-29T13:20:42","guid":{"rendered":"https:\/\/dev.tg4.ie\/?page_id=134477"},"modified":"2021-10-29T14:28:45","modified_gmt":"2021-10-29T13:28:45","slug":"cuairt-na-nuachtaran-micheal-d-o-huiginn-agus-uachtaran-na-gearmaine-frank-walter-steinmeier-ar-ros-na-run","status":"publish","type":"page","link":"https:\/\/dev.tg4.ie\/ga\/eolas\/preas\/nuacht-raitis\/2021-2\/cuairt-na-nuachtaran-micheal-d-o-huiginn-agus-uachtaran-na-gearmaine-frank-walter-steinmeier-ar-ros-na-run\/","title":{"rendered":"Cuairt na nUachtar\u00e1n Miche\u00e1l D. \u00d3 hUig\u00ednn agus Uachtar\u00e1n na Gearm\u00e1ine Frank-Walter Steinmeier ar Ros na R\u00fan ar maidin"},"content":{"rendered":"<p><a href=\"https:\/\/tg4-docs.s3.amazonaws.com\/tg4-redesign-2015\/wp-content\/uploads\/2021\/10\/President_Higgins_President_Steinmeier_in_Ros_na_Run_for_TG4_s_25th_Anniversary_2-1280x720-1.jpg\"><img loading=\"lazy\" decoding=\"async\" width=\"1280\" height=\"720\" src=\"https:\/\/tg4-docs.s3.amazonaws.com\/tg4-redesign-2015\/wp-content\/uploads\/2021\/10\/President_Higgins_President_Steinmeier_in_Ros_na_Run_for_TG4_s_25th_Anniversary_2-1280x720-1.jpg\" alt=\"\" class=\"aligncenter size-full wp-image-134478\" srcset=\"https:\/\/tg4-docs.s3.amazonaws.com\/tg4-redesign-2015\/wp-content\/uploads\/2021\/10\/President_Higgins_President_Steinmeier_in_Ros_na_Run_for_TG4_s_25th_Anniversary_2-1280x720-1.jpg 1280w, https:\/\/tg4-docs.s3.amazonaws.com\/tg4-redesign-2015\/wp-content\/uploads\/2021\/10\/President_Higgins_President_Steinmeier_in_Ros_na_Run_for_TG4_s_25th_Anniversary_2-1280x720-1-250x141.jpg 250w, https:\/\/tg4-docs.s3.amazonaws.com\/tg4-redesign-2015\/wp-content\/uploads\/2021\/10\/President_Higgins_President_Steinmeier_in_Ros_na_Run_for_TG4_s_25th_Anniversary_2-1280x720-1-700x394.jpg 700w, https:\/\/tg4-docs.s3.amazonaws.com\/tg4-redesign-2015\/wp-content\/uploads\/2021\/10\/President_Higgins_President_Steinmeier_in_Ros_na_Run_for_TG4_s_25th_Anniversary_2-1280x720-1-252x141.jpg 252w, https:\/\/tg4-docs.s3.amazonaws.com\/tg4-redesign-2015\/wp-content\/uploads\/2021\/10\/President_Higgins_President_Steinmeier_in_Ros_na_Run_for_TG4_s_25th_Anniversary_2-1280x720-1-120x68.jpg 120w\" sizes=\"(max-width: 1280px) 100vw, 1280px\" \/><\/a><br \/>\n&nbsp;<br \/>\nThug na hUachtar\u00e1in cuairt ar Ros na R\u00fan le haitheantas a thabhairt do TG4 at\u00e1 ag ceili\u00faradh c\u00faig bliana is fiche ar aer O\u00edche Shamhna.  Ba \u00e9 an tUachtar\u00e1n \u00d3 hUig\u00ednn,  a bh\u00ed ina Aire Eala\u00edon ag an am, a bhunaigh TG4.  Sa cheathr\u00fa c\u00e9id \u00f3 buna\u00edodh TnaG, is \u00ed f\u00eds an st\u00e1isi\u00fain an teanga agus an cult\u00far a chur chun cinn i bpobal na h\u00c9ireann agus ar fud an domhain. Cuims\u00edtear f\u00eds TG4 sa mana, <em>\u201cS\u00fail Eile\u201d<\/em>  a thugann dearcadh difri\u00fail ar an saol.  Tugadh blaiseadh do na hUachtar\u00e1in ar th\u00e1bhacht cult\u00fair, teanga agus eacnama\u00edochta TG4 sna ceantair Ghaeltachta agus sna r\u00e9igi\u00fain.<br \/>\n&nbsp;<\/p>\n<p>Bh\u00ed Feidhmeannaigh \u00f3 \u00dadar\u00e1s na Gaeltachta i l\u00e1thair inniu chomh maith mar gheall ar an r\u00f3l at\u00e1 ag an \u00dadar\u00e1s oili\u00faint a chur ar f\u00e1il agus an earn\u00e1il a fhorbairt \u00f3 buna\u00edodh TG4.  T\u00e1 \u00dadar\u00e1s na Gaeltachta f\u00f3s ag obair go dl\u00fath le TG4 chun tac\u00fa le forbairt agus le fosta\u00edocht lean\u00fanach san earn\u00e1il neamhsple\u00e1ch l\u00e9iri\u00fach\u00e1in agus san earn\u00e1il chruthaitheach sna ceantair Ghaeltachta.<br \/>\n&nbsp;<\/p>\n<p>Bh\u00ed ball reatha den Chomhairle St\u00e1it Se\u00e1n \u00d3 Cuirre\u00e1in agus an tOllamh Gear\u00f3id \u00d3 Tuathaigh, iar-bhall den Chomhairle St\u00e1it agus M\u00edche\u00e1l \u00d3 Conghaile, bunaitheoir <em>Cl\u00f3 Iar-Chonnacht<\/em> i l\u00e1thair freisin.<br \/>\n&nbsp;<\/p>\n<p>Chuir cliar Ros na R\u00fan taispe\u00e1ntas ar si\u00fal do na hUachtar\u00e1in agus bh\u00ed l\u00e9iri\u00fa ceoil \u00f3n mboscad\u00f3ir Johnny \u00d3g Connolly agus \u00f3n amhr\u00e1na\u00ed sean-n\u00f3is P\u00f3l \u00d3 Ceannabh\u00e1in.  T\u00e1 cl\u00fa agus c\u00e1il ar Johnny \u00d3g Connolly ar fud na h\u00c9ireann ina cheolt\u00f3ir agus ina chumad\u00f3ir. Bhuaigh P\u00f3l \u00d3 Ceannabh\u00e1in an com\u00f3rtas amhr\u00e1na\u00edochta sean-n\u00f3is, <em>Corn U\u00ed Riada<\/em> ag Oireachtas na Gaeilge in 2012.  Bronnadh an gradam d\u2019Amhr\u00e1na\u00ed na Bliana air ag Gradam Ceoil TG4 in 2016 agus bh\u00ed s\u00e9 ina Ambasad\u00f3ir ar O\u00edche Chult\u00fair 2020.<br \/>\n&nbsp;<br \/>\nLabhair <strong>Si\u00fan N\u00ed Raghallaigh, Cathaoirleach Bhord TG4<\/strong> faoi cheili\u00faradh TG4 agus pleananna an st\u00e1isi\u00fain don todhcha\u00ed, <em>\u201c\u00d3 seoladh TG4 i 1996, t\u00e1 muid ag cur an chult\u00fair, na cruthaitheachta agus na nu\u00e1la\u00edochta chun cinn agus ag cur leis an lucht f\u00e9achana sa bhaile agus ar fud an domhain tr\u00edd Seinnteoir TG4. Is bliain th\u00e1bhachtach \u00ed 2021 do TG4 agus muid ag ceili\u00faradh 25 bliain ar an aer agus t\u00e1imid ag tn\u00fath le tuilleadh infheist\u00edochta a dh\u00e9anamh san earn\u00e1il neamhsple\u00e1ch chruthaitheach a chinnteoidh go bhfanfaidh TG4 agus an Ghaeilge l\u00e1rnach agus t\u00e1bhachtach sa saol agus sna Me\u00e1in Seirbh\u00edse Poibl\u00ed.&#8221;<\/em><br \/>\n&nbsp;<br \/>\nAg tagairt don \u00f3c\u00e1id d\u00fairt <strong>Miche\u00e1l \u00d3 h\u00c9anaigh, Pr\u00edomhfheidhmeannach \u00dadar\u00e1s na Gaeltachta<\/strong>, <em>\u201cT\u00e1 an earn\u00e1il chlosamhairc r\u00edth\u00e1bhachtach don Ghaeilge agus don Ghaeltacht agus is c\u00fais br\u00f3id d\u2019\u00dadar\u00e1s na Gaeltachta an r\u00f3l l\u00e1rnach a bh\u00ed againn i bhf\u00e1s agus spreagadh na hearn\u00e1la le ceathracha bliain agus go h\u00e1irithe ag teacht do bhun\u00fa Theilif\u00eds na Gaeilge n\u00f3 TG4 mar at\u00e1 anois ceathr\u00fa c\u00e9id \u00f3 shin. T\u00e1 comhlachta\u00ed closamhairc, ar cliaint de chuid \u00dadar\u00e1s na Gaeltachta iad, tar \u00e9is gradaim a fh\u00e1il ar fud na cruinne ar aitheantas iad ar an sol\u00e1thar cruthaitheach nu\u00e1lach at\u00e1 dh\u00e1 th\u00e1irgeadh anseo sa nGaeltacht.  Ba mh\u00f3r againn an deis a bheith againn inniu na gn\u00e9ithe sin de thraidisi\u00fan agus nu\u00e1la\u00edocht na Gaeltachta a bheith fite fuaite ina ch\u00e9ile a l\u00e9iri\u00fa don d\u00e1 Uachtar\u00e1n.\u201d<\/em><br \/>\n&nbsp;<br \/>\n<a href=\"https:\/\/tg4-docs.s3.amazonaws.com\/tg4-redesign-2015\/wp-content\/uploads\/2021\/10\/President_Higgins_President_Steinmeier_in_Ros_na_Run_for_TG4_s_25th_Anniversary_1-1920x1080-1.jpg\"><img loading=\"lazy\" decoding=\"async\" width=\"1920\" height=\"1080\" src=\"https:\/\/tg4-docs.s3.amazonaws.com\/tg4-redesign-2015\/wp-content\/uploads\/2021\/10\/President_Higgins_President_Steinmeier_in_Ros_na_Run_for_TG4_s_25th_Anniversary_1-1920x1080-1.jpg\" alt=\"\" class=\"aligncenter size-full wp-image-134480\" srcset=\"https:\/\/tg4-docs.s3.amazonaws.com\/tg4-redesign-2015\/wp-content\/uploads\/2021\/10\/President_Higgins_President_Steinmeier_in_Ros_na_Run_for_TG4_s_25th_Anniversary_1-1920x1080-1.jpg 1920w, https:\/\/tg4-docs.s3.amazonaws.com\/tg4-redesign-2015\/wp-content\/uploads\/2021\/10\/President_Higgins_President_Steinmeier_in_Ros_na_Run_for_TG4_s_25th_Anniversary_1-1920x1080-1-250x141.jpg 250w, https:\/\/tg4-docs.s3.amazonaws.com\/tg4-redesign-2015\/wp-content\/uploads\/2021\/10\/President_Higgins_President_Steinmeier_in_Ros_na_Run_for_TG4_s_25th_Anniversary_1-1920x1080-1-700x394.jpg 700w, https:\/\/tg4-docs.s3.amazonaws.com\/tg4-redesign-2015\/wp-content\/uploads\/2021\/10\/President_Higgins_President_Steinmeier_in_Ros_na_Run_for_TG4_s_25th_Anniversary_1-1920x1080-1-252x141.jpg 252w, https:\/\/tg4-docs.s3.amazonaws.com\/tg4-redesign-2015\/wp-content\/uploads\/2021\/10\/President_Higgins_President_Steinmeier_in_Ros_na_Run_for_TG4_s_25th_Anniversary_1-1920x1080-1-1536x864.jpg 1536w, https:\/\/tg4-docs.s3.amazonaws.com\/tg4-redesign-2015\/wp-content\/uploads\/2021\/10\/President_Higgins_President_Steinmeier_in_Ros_na_Run_for_TG4_s_25th_Anniversary_1-1920x1080-1-120x68.jpg 120w\" sizes=\"(max-width: 1920px) 100vw, 1920px\" \/><\/a><br \/>\n&nbsp;<\/p>\n","protected":false},"excerpt":{"rendered":"<p>&nbsp; Thug na hUachtar\u00e1in cuairt ar Ros na R\u00fan le haitheantas a thabhairt do TG4 at\u00e1 ag ceili\u00faradh c\u00faig bliana is fiche ar aer O\u00edche Shamhna. Ba \u00e9 an tUachtar\u00e1n \u00d3 hUig\u00ednn, a bh\u00ed ina Aire Eala\u00edon ag an am, a bhunaigh TG4. Sa cheathr\u00fa c\u00e9id \u00f3 buna\u00edodh TnaG, is \u00ed f\u00eds an st\u00e1isi\u00fain an [&hellip;]<\/p>\n","protected":false},"author":876,"featured_media":0,"parent":115579,"menu_order":47,"comment_status":"closed","ping_status":"closed","template":"page-templates\/template-pr.php","meta":{"_acf_changed":false,"footnotes":""},"acf":[],"yoast_head":"<!-- This site is optimized with the Yoast SEO plugin v22.6 - https:\/\/yoast.com\/wordpress\/plugins\/seo\/ -->\n<title>Cuairt na nUachtar\u00e1n Miche\u00e1l D. \u00d3 hUig\u00ednn agus Uachtar\u00e1n na Gearm\u00e1ine Frank-Walter Steinmeier ar Ros na R\u00fan ar maidin | Preas R\u00e1iteas | TG4<\/title>\n<meta name=\"robots\" content=\"index, follow, max-snippet:-1, max-image-preview:large, max-video-preview:-1\" \/>\n<meta property=\"og:locale\" content=\"en_US\" \/>\n<meta property=\"og:type\" content=\"article\" \/>\n<meta property=\"og:title\" content=\"Cuairt na nUachtar\u00e1n Miche\u00e1l D. \u00d3 hUig\u00ednn agus Uachtar\u00e1n na Gearm\u00e1ine Frank-Walter Steinmeier ar Ros na R\u00fan ar maidin | Preas R\u00e1iteas | TG4\" \/>\n<meta property=\"og:description\" content=\"&nbsp; Thug na hUachtar\u00e1in cuairt ar Ros na R\u00fan le haitheantas a thabhairt do TG4 at\u00e1 ag ceili\u00faradh c\u00faig bliana is fiche ar aer O\u00edche Shamhna. Ba \u00e9 an tUachtar\u00e1n \u00d3 hUig\u00ednn, a bh\u00ed ina Aire Eala\u00edon ag an am, a bhunaigh TG4. Sa cheathr\u00fa c\u00e9id \u00f3 buna\u00edodh TnaG, is \u00ed f\u00eds an st\u00e1isi\u00fain an [&hellip;]\" \/>\n<meta property=\"og:url\" content=\"https:\/\/dev.tg4.ie\/ga\/eolas\/preas\/nuacht-raitis\/2021-2\/cuairt-na-nuachtaran-micheal-d-o-huiginn-agus-uachtaran-na-gearmaine-frank-walter-steinmeier-ar-ros-na-run\/\" \/>\n<meta property=\"og:site_name\" content=\"TG4\" \/>\n<meta property=\"article:publisher\" content=\"https:\/\/www.facebook.com\/TG4TV\" \/>\n<meta property=\"article:modified_time\" content=\"2021-10-29T13:28:45+00:00\" \/>\n<meta property=\"og:image\" content=\"https:\/\/tg4-docs.s3.amazonaws.com\/tg4-redesign-2015\/wp-content\/uploads\/2021\/10\/President_Higgins_President_Steinmeier_in_Ros_na_Run_for_TG4_s_25th_Anniversary_1-1920x1080-1.jpg\" \/>\n\t<meta property=\"og:image:width\" content=\"1920\" \/>\n\t<meta property=\"og:image:height\" content=\"1080\" \/>\n\t<meta property=\"og:image:type\" content=\"image\/jpeg\" \/>\n<meta name=\"twitter:card\" content=\"summary_large_image\" \/>\n<meta name=\"twitter:image\" content=\"https:\/\/tg4-docs.s3.amazonaws.com\/tg4-redesign-2015\/wp-content\/uploads\/2021\/10\/President_Higgins_President_Steinmeier_in_Ros_na_Run_for_TG4_s_25th_Anniversary_1-1920x1080-1.jpg\" \/>\n<meta name=\"twitter:site\" content=\"@TG4TV\" \/>\n<meta name=\"twitter:label1\" content=\"Est. reading time\" \/>\n\t<meta name=\"twitter:data1\" content=\"3 minutes\" \/>\n<script type=\"application\/ld+json\" class=\"yoast-schema-graph\">{\"@context\":\"https:\/\/schema.org\",\"@graph\":[{\"@type\":\"WebPage\",\"@id\":\"https:\/\/dev.tg4.ie\/ga\/eolas\/preas\/nuacht-raitis\/2021-2\/cuairt-na-nuachtaran-micheal-d-o-huiginn-agus-uachtaran-na-gearmaine-frank-walter-steinmeier-ar-ros-na-run\/\",\"url\":\"https:\/\/dev.tg4.ie\/ga\/eolas\/preas\/nuacht-raitis\/2021-2\/cuairt-na-nuachtaran-micheal-d-o-huiginn-agus-uachtaran-na-gearmaine-frank-walter-steinmeier-ar-ros-na-run\/\",\"name\":\"Cuairt na nUachtar\u00e1n Miche\u00e1l D. \u00d3 hUig\u00ednn agus Uachtar\u00e1n na Gearm\u00e1ine Frank-Walter Steinmeier ar Ros na R\u00fan ar maidin | Preas R\u00e1iteas | TG4\",\"isPartOf\":{\"@id\":\"https:\/\/dev.tg4.ie\/en\/#website\"},\"primaryImageOfPage\":{\"@id\":\"https:\/\/dev.tg4.ie\/ga\/eolas\/preas\/nuacht-raitis\/2021-2\/cuairt-na-nuachtaran-micheal-d-o-huiginn-agus-uachtaran-na-gearmaine-frank-walter-steinmeier-ar-ros-na-run\/#primaryimage\"},\"image\":{\"@id\":\"https:\/\/dev.tg4.ie\/ga\/eolas\/preas\/nuacht-raitis\/2021-2\/cuairt-na-nuachtaran-micheal-d-o-huiginn-agus-uachtaran-na-gearmaine-frank-walter-steinmeier-ar-ros-na-run\/#primaryimage\"},\"thumbnailUrl\":\"https:\/\/dev.tg4.ie\/wp-content\/uploads\/2021\/10\/President_Higgins_President_Steinmeier_in_Ros_na_Run_for_TG4_s_25th_Anniversary_2-1280x720-1.jpg\",\"datePublished\":\"2021-10-29T13:20:42+00:00\",\"dateModified\":\"2021-10-29T13:28:45+00:00\",\"breadcrumb\":{\"@id\":\"https:\/\/dev.tg4.ie\/ga\/eolas\/preas\/nuacht-raitis\/2021-2\/cuairt-na-nuachtaran-micheal-d-o-huiginn-agus-uachtaran-na-gearmaine-frank-walter-steinmeier-ar-ros-na-run\/#breadcrumb\"},\"inLanguage\":\"ga\",\"potentialAction\":[{\"@type\":\"ReadAction\",\"target\":[\"https:\/\/dev.tg4.ie\/ga\/eolas\/preas\/nuacht-raitis\/2021-2\/cuairt-na-nuachtaran-micheal-d-o-huiginn-agus-uachtaran-na-gearmaine-frank-walter-steinmeier-ar-ros-na-run\/\"]}]},{\"@type\":\"ImageObject\",\"inLanguage\":\"ga\",\"@id\":\"https:\/\/dev.tg4.ie\/ga\/eolas\/preas\/nuacht-raitis\/2021-2\/cuairt-na-nuachtaran-micheal-d-o-huiginn-agus-uachtaran-na-gearmaine-frank-walter-steinmeier-ar-ros-na-run\/#primaryimage\",\"url\":\"https:\/\/dev.tg4.ie\/wp-content\/uploads\/2021\/10\/President_Higgins_President_Steinmeier_in_Ros_na_Run_for_TG4_s_25th_Anniversary_2-1280x720-1.jpg\",\"contentUrl\":\"https:\/\/dev.tg4.ie\/wp-content\/uploads\/2021\/10\/President_Higgins_President_Steinmeier_in_Ros_na_Run_for_TG4_s_25th_Anniversary_2-1280x720-1.jpg\"},{\"@type\":\"BreadcrumbList\",\"@id\":\"https:\/\/dev.tg4.ie\/ga\/eolas\/preas\/nuacht-raitis\/2021-2\/cuairt-na-nuachtaran-micheal-d-o-huiginn-agus-uachtaran-na-gearmaine-frank-walter-steinmeier-ar-ros-na-run\/#breadcrumb\",\"itemListElement\":[{\"@type\":\"ListItem\",\"position\":1,\"name\":\"Home\",\"item\":\"https:\/\/dev.tg4.ie\/ga\/\"},{\"@type\":\"ListItem\",\"position\":2,\"name\":\"Eolas\",\"item\":\"https:\/\/dev.tg4.ie\/ga\/eolas\/\"},{\"@type\":\"ListItem\",\"position\":3,\"name\":\"Preas\",\"item\":\"https:\/\/dev.tg4.ie\/ga\/eolas\/preas\/\"},{\"@type\":\"ListItem\",\"position\":4,\"name\":\"Nuacht R\u00e1itis\",\"item\":\"https:\/\/dev.tg4.ie\/ga\/eolas\/preas\/nuacht-raitis\/\"},{\"@type\":\"ListItem\",\"position\":5,\"name\":\"2021\",\"item\":\"https:\/\/dev.tg4.ie\/ga\/eolas\/preas\/nuacht-raitis\/2021-2\/\"},{\"@type\":\"ListItem\",\"position\":6,\"name\":\"Cuairt na nUachtar\u00e1n Miche\u00e1l D. \u00d3 hUig\u00ednn agus Uachtar\u00e1n na Gearm\u00e1ine Frank-Walter Steinmeier ar Ros na R\u00fan ar maidin\"}]},{\"@type\":\"WebSite\",\"@id\":\"https:\/\/dev.tg4.ie\/en\/#website\",\"url\":\"https:\/\/dev.tg4.ie\/en\/\",\"name\":\"TG4\",\"description\":\"S\u00fail Eile\",\"potentialAction\":[{\"@type\":\"SearchAction\",\"target\":{\"@type\":\"EntryPoint\",\"urlTemplate\":\"https:\/\/dev.tg4.ie\/en\/?s={search_term_string}\"},\"query-input\":\"required name=search_term_string\"}],\"inLanguage\":\"ga\"}]}<\/script>\n<!-- \/ Yoast SEO plugin. -->","yoast_head_json":{"title":"Cuairt na nUachtar\u00e1n Miche\u00e1l D. \u00d3 hUig\u00ednn agus Uachtar\u00e1n na Gearm\u00e1ine Frank-Walter Steinmeier ar Ros na R\u00fan ar maidin | Preas R\u00e1iteas | TG4","robots":{"index":"index","follow":"follow","max-snippet":"max-snippet:-1","max-image-preview":"max-image-preview:large","max-video-preview":"max-video-preview:-1"},"og_locale":"en_US","og_type":"article","og_title":"Cuairt na nUachtar\u00e1n Miche\u00e1l D. \u00d3 hUig\u00ednn agus Uachtar\u00e1n na Gearm\u00e1ine Frank-Walter Steinmeier ar Ros na R\u00fan ar maidin | Preas R\u00e1iteas | TG4","og_description":"&nbsp; Thug na hUachtar\u00e1in cuairt ar Ros na R\u00fan le haitheantas a thabhairt do TG4 at\u00e1 ag ceili\u00faradh c\u00faig bliana is fiche ar aer O\u00edche Shamhna. Ba \u00e9 an tUachtar\u00e1n \u00d3 hUig\u00ednn, a bh\u00ed ina Aire Eala\u00edon ag an am, a bhunaigh TG4. Sa cheathr\u00fa c\u00e9id \u00f3 buna\u00edodh TnaG, is \u00ed f\u00eds an st\u00e1isi\u00fain an [&hellip;]","og_url":"https:\/\/dev.tg4.ie\/ga\/eolas\/preas\/nuacht-raitis\/2021-2\/cuairt-na-nuachtaran-micheal-d-o-huiginn-agus-uachtaran-na-gearmaine-frank-walter-steinmeier-ar-ros-na-run\/","og_site_name":"TG4","article_publisher":"https:\/\/www.facebook.com\/TG4TV","article_modified_time":"2021-10-29T13:28:45+00:00","og_image":[{"width":1920,"height":1080,"url":"https:\/\/tg4-docs.s3.amazonaws.com\/tg4-redesign-2015\/wp-content\/uploads\/2021\/10\/President_Higgins_President_Steinmeier_in_Ros_na_Run_for_TG4_s_25th_Anniversary_1-1920x1080-1.jpg","type":"image\/jpeg"}],"twitter_card":"summary_large_image","twitter_image":"https:\/\/tg4-docs.s3.amazonaws.com\/tg4-redesign-2015\/wp-content\/uploads\/2021\/10\/President_Higgins_President_Steinmeier_in_Ros_na_Run_for_TG4_s_25th_Anniversary_1-1920x1080-1.jpg","twitter_site":"@TG4TV","twitter_misc":{"Est. reading time":"3 minutes"},"schema":{"@context":"https:\/\/schema.org","@graph":[{"@type":"WebPage","@id":"https:\/\/dev.tg4.ie\/ga\/eolas\/preas\/nuacht-raitis\/2021-2\/cuairt-na-nuachtaran-micheal-d-o-huiginn-agus-uachtaran-na-gearmaine-frank-walter-steinmeier-ar-ros-na-run\/","url":"https:\/\/dev.tg4.ie\/ga\/eolas\/preas\/nuacht-raitis\/2021-2\/cuairt-na-nuachtaran-micheal-d-o-huiginn-agus-uachtaran-na-gearmaine-frank-walter-steinmeier-ar-ros-na-run\/","name":"Cuairt na nUachtar\u00e1n Miche\u00e1l D. \u00d3 hUig\u00ednn agus Uachtar\u00e1n na Gearm\u00e1ine Frank-Walter Steinmeier ar Ros na R\u00fan ar maidin | Preas R\u00e1iteas | TG4","isPartOf":{"@id":"https:\/\/dev.tg4.ie\/en\/#website"},"primaryImageOfPage":{"@id":"https:\/\/dev.tg4.ie\/ga\/eolas\/preas\/nuacht-raitis\/2021-2\/cuairt-na-nuachtaran-micheal-d-o-huiginn-agus-uachtaran-na-gearmaine-frank-walter-steinmeier-ar-ros-na-run\/#primaryimage"},"image":{"@id":"https:\/\/dev.tg4.ie\/ga\/eolas\/preas\/nuacht-raitis\/2021-2\/cuairt-na-nuachtaran-micheal-d-o-huiginn-agus-uachtaran-na-gearmaine-frank-walter-steinmeier-ar-ros-na-run\/#primaryimage"},"thumbnailUrl":"https:\/\/dev.tg4.ie\/wp-content\/uploads\/2021\/10\/President_Higgins_President_Steinmeier_in_Ros_na_Run_for_TG4_s_25th_Anniversary_2-1280x720-1.jpg","datePublished":"2021-10-29T13:20:42+00:00","dateModified":"2021-10-29T13:28:45+00:00","breadcrumb":{"@id":"https:\/\/dev.tg4.ie\/ga\/eolas\/preas\/nuacht-raitis\/2021-2\/cuairt-na-nuachtaran-micheal-d-o-huiginn-agus-uachtaran-na-gearmaine-frank-walter-steinmeier-ar-ros-na-run\/#breadcrumb"},"inLanguage":"ga","potentialAction":[{"@type":"ReadAction","target":["https:\/\/dev.tg4.ie\/ga\/eolas\/preas\/nuacht-raitis\/2021-2\/cuairt-na-nuachtaran-micheal-d-o-huiginn-agus-uachtaran-na-gearmaine-frank-walter-steinmeier-ar-ros-na-run\/"]}]},{"@type":"ImageObject","inLanguage":"ga","@id":"https:\/\/dev.tg4.ie\/ga\/eolas\/preas\/nuacht-raitis\/2021-2\/cuairt-na-nuachtaran-micheal-d-o-huiginn-agus-uachtaran-na-gearmaine-frank-walter-steinmeier-ar-ros-na-run\/#primaryimage","url":"https:\/\/dev.tg4.ie\/wp-content\/uploads\/2021\/10\/President_Higgins_President_Steinmeier_in_Ros_na_Run_for_TG4_s_25th_Anniversary_2-1280x720-1.jpg","contentUrl":"https:\/\/dev.tg4.ie\/wp-content\/uploads\/2021\/10\/President_Higgins_President_Steinmeier_in_Ros_na_Run_for_TG4_s_25th_Anniversary_2-1280x720-1.jpg"},{"@type":"BreadcrumbList","@id":"https:\/\/dev.tg4.ie\/ga\/eolas\/preas\/nuacht-raitis\/2021-2\/cuairt-na-nuachtaran-micheal-d-o-huiginn-agus-uachtaran-na-gearmaine-frank-walter-steinmeier-ar-ros-na-run\/#breadcrumb","itemListElement":[{"@type":"ListItem","position":1,"name":"Home","item":"https:\/\/dev.tg4.ie\/ga\/"},{"@type":"ListItem","position":2,"name":"Eolas","item":"https:\/\/dev.tg4.ie\/ga\/eolas\/"},{"@type":"ListItem","position":3,"name":"Preas","item":"https:\/\/dev.tg4.ie\/ga\/eolas\/preas\/"},{"@type":"ListItem","position":4,"name":"Nuacht R\u00e1itis","item":"https:\/\/dev.tg4.ie\/ga\/eolas\/preas\/nuacht-raitis\/"},{"@type":"ListItem","position":5,"name":"2021","item":"https:\/\/dev.tg4.ie\/ga\/eolas\/preas\/nuacht-raitis\/2021-2\/"},{"@type":"ListItem","position":6,"name":"Cuairt na nUachtar\u00e1n Miche\u00e1l D. \u00d3 hUig\u00ednn agus Uachtar\u00e1n na Gearm\u00e1ine Frank-Walter Steinmeier ar Ros na R\u00fan ar maidin"}]},{"@type":"WebSite","@id":"https:\/\/dev.tg4.ie\/en\/#website","url":"https:\/\/dev.tg4.ie\/en\/","name":"TG4","description":"S\u00fail Eile","potentialAction":[{"@type":"SearchAction","target":{"@type":"EntryPoint","urlTemplate":"https:\/\/dev.tg4.ie\/en\/?s={search_term_string}"},"query-input":"required name=search_term_string"}],"inLanguage":"ga"}]}},"_links":{"self":[{"href":"https:\/\/dev.tg4.ie\/ga\/wp-json\/wp\/v2\/pages\/134477"}],"collection":[{"href":"https:\/\/dev.tg4.ie\/ga\/wp-json\/wp\/v2\/pages"}],"about":[{"href":"https:\/\/dev.tg4.ie\/ga\/wp-json\/wp\/v2\/types\/page"}],"author":[{"embeddable":true,"href":"https:\/\/dev.tg4.ie\/ga\/wp-json\/wp\/v2\/users\/876"}],"replies":[{"embeddable":true,"href":"https:\/\/dev.tg4.ie\/ga\/wp-json\/wp\/v2\/comments?post=134477"}],"version-history":[{"count":0,"href":"https:\/\/dev.tg4.ie\/ga\/wp-json\/wp\/v2\/pages\/134477\/revisions"}],"up":[{"embeddable":true,"href":"https:\/\/dev.tg4.ie\/ga\/wp-json\/wp\/v2\/pages\/115579"}],"wp:attachment":[{"href":"https:\/\/dev.tg4.ie\/ga\/wp-json\/wp\/v2\/media?parent=134477"}],"curies":[{"name":"wp","href":"https:\/\/api.w.org\/{rel}","templated":true}]}}