{"id":134647,"date":"2021-11-04T09:36:53","date_gmt":"2021-11-04T09:36:53","guid":{"rendered":"https:\/\/dev.tg4.ie\/?page_id=134647"},"modified":"2021-11-04T09:40:20","modified_gmt":"2021-11-04T09:40:20","slug":"leabhar-nua-seolta-ag-tg4-chun-25-bliain-ar-an-aer-a-cheiliuradh","status":"publish","type":"page","link":"https:\/\/dev.tg4.ie\/ga\/eolas\/preas\/nuacht-raitis\/2021-2\/leabhar-nua-seolta-ag-tg4-chun-25-bliain-ar-an-aer-a-cheiliuradh\/","title":{"rendered":"Leabhar nua seolta ag TG4 chun 25 bliain ar an aer a cheili\u00faradh"},"content":{"rendered":"<p><a href=\"https:\/\/tg4-docs.s3.amazonaws.com\/tg4-redesign-2015\/wp-content\/uploads\/2021\/11\/TG4ag25_Leabhar_Aire_Martin_1_1920x1080.jpg\"><img loading=\"lazy\" decoding=\"async\" width=\"1920\" height=\"1080\" src=\"https:\/\/tg4-docs.s3.amazonaws.com\/tg4-redesign-2015\/wp-content\/uploads\/2021\/11\/TG4ag25_Leabhar_Aire_Martin_1_1920x1080.jpg\" alt=\"\" class=\"aligncenter size-full wp-image-134649\" srcset=\"https:\/\/tg4-docs.s3.amazonaws.com\/tg4-redesign-2015\/wp-content\/uploads\/2021\/11\/TG4ag25_Leabhar_Aire_Martin_1_1920x1080.jpg 1920w, https:\/\/tg4-docs.s3.amazonaws.com\/tg4-redesign-2015\/wp-content\/uploads\/2021\/11\/TG4ag25_Leabhar_Aire_Martin_1_1920x1080-250x141.jpg 250w, https:\/\/tg4-docs.s3.amazonaws.com\/tg4-redesign-2015\/wp-content\/uploads\/2021\/11\/TG4ag25_Leabhar_Aire_Martin_1_1920x1080-700x394.jpg 700w, https:\/\/tg4-docs.s3.amazonaws.com\/tg4-redesign-2015\/wp-content\/uploads\/2021\/11\/TG4ag25_Leabhar_Aire_Martin_1_1920x1080-252x141.jpg 252w, https:\/\/tg4-docs.s3.amazonaws.com\/tg4-redesign-2015\/wp-content\/uploads\/2021\/11\/TG4ag25_Leabhar_Aire_Martin_1_1920x1080-1536x864.jpg 1536w, https:\/\/tg4-docs.s3.amazonaws.com\/tg4-redesign-2015\/wp-content\/uploads\/2021\/11\/TG4ag25_Leabhar_Aire_Martin_1_1920x1080-120x68.jpg 120w\" sizes=\"(max-width: 1920px) 100vw, 1920px\" \/><\/a><br \/>\n&nbsp;<br \/>\nSheol an tAire Turas\u00f3ireachta, Cult\u00fair, Eala\u00edon, Gaeltachta, Sp\u00f3irt agus Me\u00e1n Catherine Martin leabhar nua <strong>TG4 @ 25<\/strong> ag \u00f3c\u00e1id i mBaile \u00c1tha Cliath inniu.  Is ceili\u00faradh ar an \u00e9acht at\u00e1 bainte amach le ceathr\u00fa c\u00e9id at\u00e1 sa leabhar nua <strong>TG4 @ 25<\/strong>.  T\u00e1 TG4 ag ceili\u00faradh c\u00faig bliana is fiche ar an bhf\u00f3d \u00f3 O\u00edche Shamhna.  Ba \u00e9 an tUachtar\u00e1n Micheal D. \u00d3 hUig\u00ednn a bhunaigh TG4 sa bhliain 1996 nuair a bh\u00ed s\u00e9 ina Aire Eala\u00edon, Cult\u00fair agus Gaeltachta.<br \/>\n&nbsp;<\/p>\n<p>Picti\u00fair agus cuimhn\u00ed cinn at\u00e1 sa leabhar seo, a thugann aitheantas go pr\u00edomha do lucht l\u00e9irithe cl\u00e1r le c\u00faig bliana is fiche; na l\u00e9iritheoir\u00ed, l\u00e1ithreoir\u00ed agus scr\u00edbhneoir\u00ed a chruthaigh cl\u00e1racha do TG4. T\u00e1 cuimhn\u00ed cinn \u00f3 Cheannasaithe TG4 mar aon le r\u00e9amh-mh\u00edr leis an Uachtar\u00e1n Miche\u00e1l D \u00d3 hUig\u00ednn istigh ann.  Tugtar l\u00e9argas sa leabhar ar an m\u00e9id is f\u00e9idir a bhaint amach le d\u00fathracht agus d\u00edograis ainneoin f\u00edorbheag\u00e1n acmhainn\u00ed a bheith ar f\u00e1il. Is \u00e1bhar inspior\u00e1ide at\u00e1 sa leabhar agus TG4 ag tabhairt aghaidh ar an gc\u00e9ad cheathr\u00fa c\u00e9id eile.<br \/>\n&nbsp;<\/p>\n<p>Is \u00e9 Miche\u00e1l \u00d3 Meallaigh, Iar-Sti\u00farth\u00f3ir Coimisi\u00fanaithe TG4, a scr\u00edobh an leabhar faoi sti\u00fair L\u00eds N\u00ed Dh\u00e1laigh, Sti\u00farth\u00f3ir Marga\u00edochta agus Comhph\u00e1irt\u00edochta TG4.  Is \u00e9 Ignacio Vieaga a dhear an leabhar agus is \u00e9 an comhlacht foilsitheoireachta Cl\u00f3 Iar-Chonnacht, at\u00e1 lonnaithe sa Spid\u00e9al i gConamara, a chuir an leabhar i gcl\u00f3.  \u20ac30 an praghas at\u00e1 ar an leabhar agus is f\u00e9idir \u00e9 a fh\u00e1il ar shu\u00edomh Cl\u00f3 Iar-Chonnacht anseo: <a href=\"https:\/\/cic.ie\/shop\/leabhair\/neamhfhicsean\/tg4-25\/\" rel=\"noopener\" target=\"_blank\">https:\/\/cic.ie\/shop\/leabhair\/neamhfhicsean\/tg4-25\/<\/a><br \/>\n&nbsp;<\/p>\n<p>D\u00fairt <strong>an tAire Catherine Martin<\/strong> inniu ag seoladh an leabhair <em>\u201cCumasa\u00edonn TG4 naisc chumhachtacha ar fud na r\u00e9ims\u00ed at\u00e1 faoi mo shainch\u00faram i m\u2019Aire Turas\u00f3ireachta, Cult\u00fair, Eala\u00edon, Gaeltachta, Sp\u00f3irt agus Me\u00e1n. Is m\u00f3r agam an luach ollmh\u00f3r a chuireann TG4 ar f\u00e1il chun tac\u00fa len\u00e1r n-oidhreacht teanga agus cult\u00fair. T\u00e9ann s\u00e9 chun leasa phobal na Gaeltachta agus na Gaeilge agus lucht f\u00e9achana n\u00edos leithne na h\u00c9ireann. Bh\u00ed an-\u00e1thas orm a bheith in ann maoini\u00fa bliant\u00fail breise \u20ac4.2m a fh\u00e1il i mbuis\u00e9ad 2022, an m\u00e9ad\u00fa bliant\u00fail aonair is m\u00f3 riamh ar mhaoini\u00fa TG4.\u201d<\/em><br \/>\n&nbsp;<\/p>\n<p>D\u00fairt scr\u00edbhneoir <strong>TG4 @ 25, Miche\u00e1l \u00d3 Meallaigh<\/strong> <em>&#8220;Tugann an leabhar blaiseadh den r\u00e9imse leathan \u00e1bhair cult\u00fair agus Ghaelaigh at\u00e1 craolta ag TG4 agus a raibh comhlachta\u00ed neamhsple\u00e1cha as gach cearn den t\u00edr i mbun l\u00e9irithe air le 25 bliain. Dearbha\u00edonn s\u00e9 gur infheist\u00edocht fhi\u00fantach at\u00e1 d\u00e9anta ag rialtas na t\u00edre in\u00e1r bhf\u00e9ini\u00falacht mar n\u00e1isi\u00fan gan tr\u00e1cht ar an bhfosta\u00edocht at\u00e1 curtha ar f\u00e1il i r\u00e9imse na n-eala\u00edon ar fud na t\u00edre. Guth na ndaoine a bh\u00ed i mbun na gcl\u00e1r is m\u00f3 at\u00e1 sa leabhar mar aon le picti\u00fair ghleoite agus t\u00e1 s\u00fail agam go meallfaidh \u00e9ags\u00falacht an \u00e1bhair na daoine sin nach raibh ar an eolas faoi thaisce cult\u00fair TG4 roimhe seo i dtreo an st\u00e1isi\u00fain.&#8221;<\/em><br \/>\n&nbsp;<\/p>\n<p>D\u00fairt <strong>Ard-Sti\u00farth\u00f3ir TG4, Alan Esslemont<\/strong>, <em>\u201cBa mhaith liom comhghairdeas a dh\u00e9anamh le gach duine a bh\u00ed p\u00e1irteach sa leabhar \u00e1lainn seo a chur i gcr\u00edch. Is iad na hacmhainn\u00ed cruthaitheacha na hacmhainn\u00ed is cumhachta\u00ed at\u00e1 ag an nGaeilge. Creidim go bhfuil st\u00e1das ag na me\u00e1in at\u00e1 in ann tionchar a imirt ar an nGaeilge mar theanga labhartha inmharthana i bpobal. Ach teasta\u00edonn gn\u00edomh \u00f3n St\u00e1t a l\u00e9ir\u00edonn creideamh sna pobail sin. T\u00e1 s\u00e9 de chumas ag an gc\u00e9ad ghl\u00fain eile athshamhl\u00fa a dh\u00e9anamh ar TG4 agus borradh a chur faoi phobail na Gaeilge. T\u00e1imid ag s\u00fail le tuarasc\u00e1il an Choimisi\u00fain um Thodhcha\u00ed na Me\u00e1n agus le socr\u00fa nua infheist\u00edochta do na me\u00e1in seirbh\u00edse poibl\u00ed a chinnteoidh nach ceist de minimis a thuilleadh \u00ed ceist na Gaeilge in \u00c9irinn.\u201d<\/em><br \/>\n&nbsp;<br \/>\n<a href=\"https:\/\/tg4-docs.s3.amazonaws.com\/tg4-redesign-2015\/wp-content\/uploads\/2021\/11\/Micheal_O_Meallaigh_Alan_Esslemont_Siun_Ni_Raghallaigh_Cathal_Goan_ag_seoladh_TG4_25_1_1920x1080.jpg\"><img loading=\"lazy\" decoding=\"async\" width=\"1920\" height=\"1080\" src=\"https:\/\/tg4-docs.s3.amazonaws.com\/tg4-redesign-2015\/wp-content\/uploads\/2021\/11\/Micheal_O_Meallaigh_Alan_Esslemont_Siun_Ni_Raghallaigh_Cathal_Goan_ag_seoladh_TG4_25_1_1920x1080.jpg\" alt=\"\" class=\"aligncenter size-full wp-image-134650\" srcset=\"https:\/\/tg4-docs.s3.amazonaws.com\/tg4-redesign-2015\/wp-content\/uploads\/2021\/11\/Micheal_O_Meallaigh_Alan_Esslemont_Siun_Ni_Raghallaigh_Cathal_Goan_ag_seoladh_TG4_25_1_1920x1080.jpg 1920w, https:\/\/tg4-docs.s3.amazonaws.com\/tg4-redesign-2015\/wp-content\/uploads\/2021\/11\/Micheal_O_Meallaigh_Alan_Esslemont_Siun_Ni_Raghallaigh_Cathal_Goan_ag_seoladh_TG4_25_1_1920x1080-250x141.jpg 250w, https:\/\/tg4-docs.s3.amazonaws.com\/tg4-redesign-2015\/wp-content\/uploads\/2021\/11\/Micheal_O_Meallaigh_Alan_Esslemont_Siun_Ni_Raghallaigh_Cathal_Goan_ag_seoladh_TG4_25_1_1920x1080-700x394.jpg 700w, https:\/\/tg4-docs.s3.amazonaws.com\/tg4-redesign-2015\/wp-content\/uploads\/2021\/11\/Micheal_O_Meallaigh_Alan_Esslemont_Siun_Ni_Raghallaigh_Cathal_Goan_ag_seoladh_TG4_25_1_1920x1080-252x141.jpg 252w, https:\/\/tg4-docs.s3.amazonaws.com\/tg4-redesign-2015\/wp-content\/uploads\/2021\/11\/Micheal_O_Meallaigh_Alan_Esslemont_Siun_Ni_Raghallaigh_Cathal_Goan_ag_seoladh_TG4_25_1_1920x1080-1536x864.jpg 1536w, https:\/\/tg4-docs.s3.amazonaws.com\/tg4-redesign-2015\/wp-content\/uploads\/2021\/11\/Micheal_O_Meallaigh_Alan_Esslemont_Siun_Ni_Raghallaigh_Cathal_Goan_ag_seoladh_TG4_25_1_1920x1080-120x68.jpg 120w\" sizes=\"(max-width: 1920px) 100vw, 1920px\" \/><\/a><br \/>\n<sup>Pic: Micheal \u00d3 Meallaigh, Alan Esslemont, Si\u00fan N\u00ed Raghallaigh &#038; Cathal Goan ag seoladh TG4 @ 25<\/sup><br \/>\n&nbsp;<br \/>\n&nbsp;<\/p>\n","protected":false},"excerpt":{"rendered":"<p>&nbsp; Sheol an tAire Turas\u00f3ireachta, Cult\u00fair, Eala\u00edon, Gaeltachta, Sp\u00f3irt agus Me\u00e1n Catherine Martin leabhar nua TG4 @ 25 ag \u00f3c\u00e1id i mBaile \u00c1tha Cliath inniu. Is ceili\u00faradh ar an \u00e9acht at\u00e1 bainte amach le ceathr\u00fa c\u00e9id at\u00e1 sa leabhar nua TG4 @ 25. T\u00e1 TG4 ag ceili\u00faradh c\u00faig bliana is fiche ar an bhf\u00f3d \u00f3 [&hellip;]<\/p>\n","protected":false},"author":876,"featured_media":0,"parent":115579,"menu_order":48,"comment_status":"closed","ping_status":"closed","template":"page-templates\/template-pr.php","meta":{"_acf_changed":false,"footnotes":""},"acf":[],"yoast_head":"<!-- This site is optimized with the Yoast SEO plugin v22.6 - https:\/\/yoast.com\/wordpress\/plugins\/seo\/ -->\n<title>Leabhar nua seolta ag TG4 chun 25 bliain ar an aer a cheili\u00faradh | Preas R\u00e1iteas | TG4<\/title>\n<meta name=\"description\" content=\"Sheol an tAire Turas\u00f3ireachta, Cult\u00fair, Eala\u00edon, Gaeltachta, Sp\u00f3irt agus Me\u00e1n Catherine Martin leabhar nua TG4 @ 25 ag \u00f3c\u00e1id i mBaile \u00c1tha Cliath inniu. Is ceili\u00faradh ar an \u00e9acht at\u00e1 bainte amach le ceathr\u00fa c\u00e9id at\u00e1 sa leabhar nua TG4 @ 25. T\u00e1 TG4 ag ceili\u00faradh c\u00faig bliana is fiche ar an bhf\u00f3d \u00f3 O\u00edche Shamhna.\" \/>\n<meta name=\"robots\" content=\"index, follow, max-snippet:-1, max-image-preview:large, max-video-preview:-1\" \/>\n<meta property=\"og:locale\" content=\"en_US\" \/>\n<meta property=\"og:type\" content=\"article\" \/>\n<meta property=\"og:title\" content=\"Leabhar nua seolta ag TG4 chun 25 bliain ar an aer a cheili\u00faradh | Preas R\u00e1iteas | TG4\" \/>\n<meta property=\"og:description\" content=\"Sheol an tAire Turas\u00f3ireachta, Cult\u00fair, Eala\u00edon, Gaeltachta, Sp\u00f3irt agus Me\u00e1n Catherine Martin leabhar nua TG4 @ 25 ag \u00f3c\u00e1id i mBaile \u00c1tha Cliath inniu. Is ceili\u00faradh ar an \u00e9acht at\u00e1 bainte amach le ceathr\u00fa c\u00e9id at\u00e1 sa leabhar nua TG4 @ 25. T\u00e1 TG4 ag ceili\u00faradh c\u00faig bliana is fiche ar an bhf\u00f3d \u00f3 O\u00edche Shamhna.\" \/>\n<meta property=\"og:url\" content=\"https:\/\/dev.tg4.ie\/ga\/eolas\/preas\/nuacht-raitis\/2021-2\/leabhar-nua-seolta-ag-tg4-chun-25-bliain-ar-an-aer-a-cheiliuradh\/\" \/>\n<meta property=\"og:site_name\" content=\"TG4\" \/>\n<meta property=\"article:publisher\" content=\"https:\/\/www.facebook.com\/TG4TV\" \/>\n<meta property=\"article:modified_time\" content=\"2021-11-04T09:40:20+00:00\" \/>\n<meta property=\"og:image\" content=\"https:\/\/tg4-docs.s3.amazonaws.com\/tg4-redesign-2015\/wp-content\/uploads\/2021\/11\/TG4ag25_Leabhar_Aire_Martin_1_1920x1080.jpg\" \/>\n\t<meta property=\"og:image:width\" content=\"1920\" \/>\n\t<meta property=\"og:image:height\" content=\"1080\" \/>\n\t<meta property=\"og:image:type\" content=\"image\/jpeg\" \/>\n<meta name=\"twitter:card\" content=\"summary_large_image\" \/>\n<meta name=\"twitter:image\" content=\"https:\/\/tg4-docs.s3.amazonaws.com\/tg4-redesign-2015\/wp-content\/uploads\/2021\/11\/TG4ag25_Leabhar_Aire_Martin_1_1920x1080.jpg\" \/>\n<meta name=\"twitter:site\" content=\"@TG4TV\" \/>\n<meta name=\"twitter:label1\" content=\"Est. reading time\" \/>\n\t<meta name=\"twitter:data1\" content=\"4 minutes\" \/>\n<script type=\"application\/ld+json\" class=\"yoast-schema-graph\">{\"@context\":\"https:\/\/schema.org\",\"@graph\":[{\"@type\":\"WebPage\",\"@id\":\"https:\/\/dev.tg4.ie\/ga\/eolas\/preas\/nuacht-raitis\/2021-2\/leabhar-nua-seolta-ag-tg4-chun-25-bliain-ar-an-aer-a-cheiliuradh\/\",\"url\":\"https:\/\/dev.tg4.ie\/ga\/eolas\/preas\/nuacht-raitis\/2021-2\/leabhar-nua-seolta-ag-tg4-chun-25-bliain-ar-an-aer-a-cheiliuradh\/\",\"name\":\"Leabhar nua seolta ag TG4 chun 25 bliain ar an aer a cheili\u00faradh | Preas R\u00e1iteas | TG4\",\"isPartOf\":{\"@id\":\"https:\/\/dev.tg4.ie\/en\/#website\"},\"primaryImageOfPage\":{\"@id\":\"https:\/\/dev.tg4.ie\/ga\/eolas\/preas\/nuacht-raitis\/2021-2\/leabhar-nua-seolta-ag-tg4-chun-25-bliain-ar-an-aer-a-cheiliuradh\/#primaryimage\"},\"image\":{\"@id\":\"https:\/\/dev.tg4.ie\/ga\/eolas\/preas\/nuacht-raitis\/2021-2\/leabhar-nua-seolta-ag-tg4-chun-25-bliain-ar-an-aer-a-cheiliuradh\/#primaryimage\"},\"thumbnailUrl\":\"https:\/\/dev.tg4.ie\/wp-content\/uploads\/2021\/11\/TG4ag25_Leabhar_Aire_Martin_1_1920x1080.jpg\",\"datePublished\":\"2021-11-04T09:36:53+00:00\",\"dateModified\":\"2021-11-04T09:40:20+00:00\",\"description\":\"Sheol an tAire Turas\u00f3ireachta, Cult\u00fair, Eala\u00edon, Gaeltachta, Sp\u00f3irt agus Me\u00e1n Catherine Martin leabhar nua TG4 @ 25 ag \u00f3c\u00e1id i mBaile \u00c1tha Cliath inniu. Is ceili\u00faradh ar an \u00e9acht at\u00e1 bainte amach le ceathr\u00fa c\u00e9id at\u00e1 sa leabhar nua TG4 @ 25. T\u00e1 TG4 ag ceili\u00faradh c\u00faig bliana is fiche ar an bhf\u00f3d \u00f3 O\u00edche Shamhna.\",\"breadcrumb\":{\"@id\":\"https:\/\/dev.tg4.ie\/ga\/eolas\/preas\/nuacht-raitis\/2021-2\/leabhar-nua-seolta-ag-tg4-chun-25-bliain-ar-an-aer-a-cheiliuradh\/#breadcrumb\"},\"inLanguage\":\"ga\",\"potentialAction\":[{\"@type\":\"ReadAction\",\"target\":[\"https:\/\/dev.tg4.ie\/ga\/eolas\/preas\/nuacht-raitis\/2021-2\/leabhar-nua-seolta-ag-tg4-chun-25-bliain-ar-an-aer-a-cheiliuradh\/\"]}]},{\"@type\":\"ImageObject\",\"inLanguage\":\"ga\",\"@id\":\"https:\/\/dev.tg4.ie\/ga\/eolas\/preas\/nuacht-raitis\/2021-2\/leabhar-nua-seolta-ag-tg4-chun-25-bliain-ar-an-aer-a-cheiliuradh\/#primaryimage\",\"url\":\"https:\/\/dev.tg4.ie\/wp-content\/uploads\/2021\/11\/TG4ag25_Leabhar_Aire_Martin_1_1920x1080.jpg\",\"contentUrl\":\"https:\/\/dev.tg4.ie\/wp-content\/uploads\/2021\/11\/TG4ag25_Leabhar_Aire_Martin_1_1920x1080.jpg\"},{\"@type\":\"BreadcrumbList\",\"@id\":\"https:\/\/dev.tg4.ie\/ga\/eolas\/preas\/nuacht-raitis\/2021-2\/leabhar-nua-seolta-ag-tg4-chun-25-bliain-ar-an-aer-a-cheiliuradh\/#breadcrumb\",\"itemListElement\":[{\"@type\":\"ListItem\",\"position\":1,\"name\":\"Home\",\"item\":\"https:\/\/dev.tg4.ie\/ga\/\"},{\"@type\":\"ListItem\",\"position\":2,\"name\":\"Eolas\",\"item\":\"https:\/\/dev.tg4.ie\/ga\/eolas\/\"},{\"@type\":\"ListItem\",\"position\":3,\"name\":\"Preas\",\"item\":\"https:\/\/dev.tg4.ie\/ga\/eolas\/preas\/\"},{\"@type\":\"ListItem\",\"position\":4,\"name\":\"Nuacht R\u00e1itis\",\"item\":\"https:\/\/dev.tg4.ie\/ga\/eolas\/preas\/nuacht-raitis\/\"},{\"@type\":\"ListItem\",\"position\":5,\"name\":\"2021\",\"item\":\"https:\/\/dev.tg4.ie\/ga\/eolas\/preas\/nuacht-raitis\/2021-2\/\"},{\"@type\":\"ListItem\",\"position\":6,\"name\":\"Leabhar nua seolta ag TG4 chun 25 bliain ar an aer a cheili\u00faradh\"}]},{\"@type\":\"WebSite\",\"@id\":\"https:\/\/dev.tg4.ie\/en\/#website\",\"url\":\"https:\/\/dev.tg4.ie\/en\/\",\"name\":\"TG4\",\"description\":\"S\u00fail Eile\",\"potentialAction\":[{\"@type\":\"SearchAction\",\"target\":{\"@type\":\"EntryPoint\",\"urlTemplate\":\"https:\/\/dev.tg4.ie\/en\/?s={search_term_string}\"},\"query-input\":\"required name=search_term_string\"}],\"inLanguage\":\"ga\"}]}<\/script>\n<!-- \/ Yoast SEO plugin. -->","yoast_head_json":{"title":"Leabhar nua seolta ag TG4 chun 25 bliain ar an aer a cheili\u00faradh | Preas R\u00e1iteas | TG4","description":"Sheol an tAire Turas\u00f3ireachta, Cult\u00fair, Eala\u00edon, Gaeltachta, Sp\u00f3irt agus Me\u00e1n Catherine Martin leabhar nua TG4 @ 25 ag \u00f3c\u00e1id i mBaile \u00c1tha Cliath inniu. Is ceili\u00faradh ar an \u00e9acht at\u00e1 bainte amach le ceathr\u00fa c\u00e9id at\u00e1 sa leabhar nua TG4 @ 25. T\u00e1 TG4 ag ceili\u00faradh c\u00faig bliana is fiche ar an bhf\u00f3d \u00f3 O\u00edche Shamhna.","robots":{"index":"index","follow":"follow","max-snippet":"max-snippet:-1","max-image-preview":"max-image-preview:large","max-video-preview":"max-video-preview:-1"},"og_locale":"en_US","og_type":"article","og_title":"Leabhar nua seolta ag TG4 chun 25 bliain ar an aer a cheili\u00faradh | Preas R\u00e1iteas | TG4","og_description":"Sheol an tAire Turas\u00f3ireachta, Cult\u00fair, Eala\u00edon, Gaeltachta, Sp\u00f3irt agus Me\u00e1n Catherine Martin leabhar nua TG4 @ 25 ag \u00f3c\u00e1id i mBaile \u00c1tha Cliath inniu. Is ceili\u00faradh ar an \u00e9acht at\u00e1 bainte amach le ceathr\u00fa c\u00e9id at\u00e1 sa leabhar nua TG4 @ 25. T\u00e1 TG4 ag ceili\u00faradh c\u00faig bliana is fiche ar an bhf\u00f3d \u00f3 O\u00edche Shamhna.","og_url":"https:\/\/dev.tg4.ie\/ga\/eolas\/preas\/nuacht-raitis\/2021-2\/leabhar-nua-seolta-ag-tg4-chun-25-bliain-ar-an-aer-a-cheiliuradh\/","og_site_name":"TG4","article_publisher":"https:\/\/www.facebook.com\/TG4TV","article_modified_time":"2021-11-04T09:40:20+00:00","og_image":[{"width":1920,"height":1080,"url":"https:\/\/tg4-docs.s3.amazonaws.com\/tg4-redesign-2015\/wp-content\/uploads\/2021\/11\/TG4ag25_Leabhar_Aire_Martin_1_1920x1080.jpg","type":"image\/jpeg"}],"twitter_card":"summary_large_image","twitter_image":"https:\/\/tg4-docs.s3.amazonaws.com\/tg4-redesign-2015\/wp-content\/uploads\/2021\/11\/TG4ag25_Leabhar_Aire_Martin_1_1920x1080.jpg","twitter_site":"@TG4TV","twitter_misc":{"Est. reading time":"4 minutes"},"schema":{"@context":"https:\/\/schema.org","@graph":[{"@type":"WebPage","@id":"https:\/\/dev.tg4.ie\/ga\/eolas\/preas\/nuacht-raitis\/2021-2\/leabhar-nua-seolta-ag-tg4-chun-25-bliain-ar-an-aer-a-cheiliuradh\/","url":"https:\/\/dev.tg4.ie\/ga\/eolas\/preas\/nuacht-raitis\/2021-2\/leabhar-nua-seolta-ag-tg4-chun-25-bliain-ar-an-aer-a-cheiliuradh\/","name":"Leabhar nua seolta ag TG4 chun 25 bliain ar an aer a cheili\u00faradh | Preas R\u00e1iteas | TG4","isPartOf":{"@id":"https:\/\/dev.tg4.ie\/en\/#website"},"primaryImageOfPage":{"@id":"https:\/\/dev.tg4.ie\/ga\/eolas\/preas\/nuacht-raitis\/2021-2\/leabhar-nua-seolta-ag-tg4-chun-25-bliain-ar-an-aer-a-cheiliuradh\/#primaryimage"},"image":{"@id":"https:\/\/dev.tg4.ie\/ga\/eolas\/preas\/nuacht-raitis\/2021-2\/leabhar-nua-seolta-ag-tg4-chun-25-bliain-ar-an-aer-a-cheiliuradh\/#primaryimage"},"thumbnailUrl":"https:\/\/dev.tg4.ie\/wp-content\/uploads\/2021\/11\/TG4ag25_Leabhar_Aire_Martin_1_1920x1080.jpg","datePublished":"2021-11-04T09:36:53+00:00","dateModified":"2021-11-04T09:40:20+00:00","description":"Sheol an tAire Turas\u00f3ireachta, Cult\u00fair, Eala\u00edon, Gaeltachta, Sp\u00f3irt agus Me\u00e1n Catherine Martin leabhar nua TG4 @ 25 ag \u00f3c\u00e1id i mBaile \u00c1tha Cliath inniu. Is ceili\u00faradh ar an \u00e9acht at\u00e1 bainte amach le ceathr\u00fa c\u00e9id at\u00e1 sa leabhar nua TG4 @ 25. T\u00e1 TG4 ag ceili\u00faradh c\u00faig bliana is fiche ar an bhf\u00f3d \u00f3 O\u00edche Shamhna.","breadcrumb":{"@id":"https:\/\/dev.tg4.ie\/ga\/eolas\/preas\/nuacht-raitis\/2021-2\/leabhar-nua-seolta-ag-tg4-chun-25-bliain-ar-an-aer-a-cheiliuradh\/#breadcrumb"},"inLanguage":"ga","potentialAction":[{"@type":"ReadAction","target":["https:\/\/dev.tg4.ie\/ga\/eolas\/preas\/nuacht-raitis\/2021-2\/leabhar-nua-seolta-ag-tg4-chun-25-bliain-ar-an-aer-a-cheiliuradh\/"]}]},{"@type":"ImageObject","inLanguage":"ga","@id":"https:\/\/dev.tg4.ie\/ga\/eolas\/preas\/nuacht-raitis\/2021-2\/leabhar-nua-seolta-ag-tg4-chun-25-bliain-ar-an-aer-a-cheiliuradh\/#primaryimage","url":"https:\/\/dev.tg4.ie\/wp-content\/uploads\/2021\/11\/TG4ag25_Leabhar_Aire_Martin_1_1920x1080.jpg","contentUrl":"https:\/\/dev.tg4.ie\/wp-content\/uploads\/2021\/11\/TG4ag25_Leabhar_Aire_Martin_1_1920x1080.jpg"},{"@type":"BreadcrumbList","@id":"https:\/\/dev.tg4.ie\/ga\/eolas\/preas\/nuacht-raitis\/2021-2\/leabhar-nua-seolta-ag-tg4-chun-25-bliain-ar-an-aer-a-cheiliuradh\/#breadcrumb","itemListElement":[{"@type":"ListItem","position":1,"name":"Home","item":"https:\/\/dev.tg4.ie\/ga\/"},{"@type":"ListItem","position":2,"name":"Eolas","item":"https:\/\/dev.tg4.ie\/ga\/eolas\/"},{"@type":"ListItem","position":3,"name":"Preas","item":"https:\/\/dev.tg4.ie\/ga\/eolas\/preas\/"},{"@type":"ListItem","position":4,"name":"Nuacht R\u00e1itis","item":"https:\/\/dev.tg4.ie\/ga\/eolas\/preas\/nuacht-raitis\/"},{"@type":"ListItem","position":5,"name":"2021","item":"https:\/\/dev.tg4.ie\/ga\/eolas\/preas\/nuacht-raitis\/2021-2\/"},{"@type":"ListItem","position":6,"name":"Leabhar nua seolta ag TG4 chun 25 bliain ar an aer a cheili\u00faradh"}]},{"@type":"WebSite","@id":"https:\/\/dev.tg4.ie\/en\/#website","url":"https:\/\/dev.tg4.ie\/en\/","name":"TG4","description":"S\u00fail Eile","potentialAction":[{"@type":"SearchAction","target":{"@type":"EntryPoint","urlTemplate":"https:\/\/dev.tg4.ie\/en\/?s={search_term_string}"},"query-input":"required name=search_term_string"}],"inLanguage":"ga"}]}},"_links":{"self":[{"href":"https:\/\/dev.tg4.ie\/ga\/wp-json\/wp\/v2\/pages\/134647"}],"collection":[{"href":"https:\/\/dev.tg4.ie\/ga\/wp-json\/wp\/v2\/pages"}],"about":[{"href":"https:\/\/dev.tg4.ie\/ga\/wp-json\/wp\/v2\/types\/page"}],"author":[{"embeddable":true,"href":"https:\/\/dev.tg4.ie\/ga\/wp-json\/wp\/v2\/users\/876"}],"replies":[{"embeddable":true,"href":"https:\/\/dev.tg4.ie\/ga\/wp-json\/wp\/v2\/comments?post=134647"}],"version-history":[{"count":0,"href":"https:\/\/dev.tg4.ie\/ga\/wp-json\/wp\/v2\/pages\/134647\/revisions"}],"up":[{"embeddable":true,"href":"https:\/\/dev.tg4.ie\/ga\/wp-json\/wp\/v2\/pages\/115579"}],"wp:attachment":[{"href":"https:\/\/dev.tg4.ie\/ga\/wp-json\/wp\/v2\/media?parent=134647"}],"curies":[{"name":"wp","href":"https:\/\/api.w.org\/{rel}","templated":true}]}}