{"id":135518,"date":"2021-11-19T12:50:09","date_gmt":"2021-11-19T12:50:09","guid":{"rendered":"https:\/\/dev.tg4.ie\/?page_id=135518"},"modified":"2021-11-22T11:11:11","modified_gmt":"2021-11-22T11:11:11","slug":"pleananna-don-ardu-maoinithe-e4-2m-do-2022-fogartha-ag-tg4","status":"publish","type":"page","link":"https:\/\/dev.tg4.ie\/ga\/eolas\/preas\/nuacht-raitis\/2021-2\/pleananna-don-ardu-maoinithe-e4-2m-do-2022-fogartha-ag-tg4\/","title":{"rendered":"Pleananna don ard\u00fa maoinithe \u20ac4.2m do 2022 f\u00f3gartha ag TG4"},"content":{"rendered":"<p><a href=\"https:\/\/tg4-docs.s3.amazonaws.com\/tg4-redesign-2015\/wp-content\/uploads\/2021\/03\/TG4_Foirgneamh_2021_1_1920x1080.jpg\"><img loading=\"lazy\" decoding=\"async\" width=\"1920\" height=\"1080\" src=\"https:\/\/tg4-docs.s3.amazonaws.com\/tg4-redesign-2015\/wp-content\/uploads\/2021\/03\/TG4_Foirgneamh_2021_1_1920x1080.jpg\" alt=\"\" class=\"aligncenter size-full wp-image-116764\" srcset=\"https:\/\/tg4-docs.s3.amazonaws.com\/tg4-redesign-2015\/wp-content\/uploads\/2021\/03\/TG4_Foirgneamh_2021_1_1920x1080.jpg 1920w, https:\/\/tg4-docs.s3.amazonaws.com\/tg4-redesign-2015\/wp-content\/uploads\/2021\/03\/TG4_Foirgneamh_2021_1_1920x1080-250x141.jpg 250w, https:\/\/tg4-docs.s3.amazonaws.com\/tg4-redesign-2015\/wp-content\/uploads\/2021\/03\/TG4_Foirgneamh_2021_1_1920x1080-700x394.jpg 700w, https:\/\/tg4-docs.s3.amazonaws.com\/tg4-redesign-2015\/wp-content\/uploads\/2021\/03\/TG4_Foirgneamh_2021_1_1920x1080-252x141.jpg 252w, https:\/\/tg4-docs.s3.amazonaws.com\/tg4-redesign-2015\/wp-content\/uploads\/2021\/03\/TG4_Foirgneamh_2021_1_1920x1080-1536x864.jpg 1536w, https:\/\/tg4-docs.s3.amazonaws.com\/tg4-redesign-2015\/wp-content\/uploads\/2021\/03\/TG4_Foirgneamh_2021_1_1920x1080-120x68.jpg 120w\" sizes=\"(max-width: 1920px) 100vw, 1920px\" \/><\/a><br \/>\n&nbsp;<br \/>\nT\u00e1 pleananna TG4 maidir leis an ard\u00fa maoinithe \u20ac4.2m do 2022 f\u00f3gartha inniu. C\u00e9 go raibh ard\u00fa idir \u20ac9m agus \u20ac10m in aghaidh na bliana \u00e1 lorg ag TG4 ar an maoini\u00fa poibl\u00ed reatha, ard\u00fa ioml\u00e1n \u20ac37.8m faoin mbliain 2025 chun an <em>F\u00eds Tar \u00c9is Covid<\/em> a bhaint amach, t\u00e1 bunchloch \u00e1 leagan ag TG4 chun t\u00fas a chur leis an obair seo sa bhliain amach romhainn.  Leis an maoini\u00fa ardaithe agus f\u00f3cas ar chruthaitheacht, leanfaidh TG4 ag mealladh agus ag s\u00e1samh mhianta an lucht f\u00e9achana.<br \/>\n&nbsp;<br \/>\nT\u00e1 daoine \u00f3ga a bhfuil Gaeilge acu ag f\u00e1s an\u00edos i dtimpeallacht na me\u00e1n domhanda, ina bhfuil an B\u00e9arla in uachtar. Chuige sin, t\u00e1 s\u00e9 i gceist ag TG4 cain\u00e9al saini\u00fail <em>C\u00fala4<\/em> a bhun\u00fa do leana\u00ed chun teagmh\u00e1il na n-\u00f3g leis an nGaeilge a choth\u00fa.  Cuirfear t\u00fas leis an obair sin in 2022 tr\u00ed dhl\u00fas a chur le l\u00e1ithreachas C\u00fala4 agus leis an obair chun an cain\u00e9al a fhorbairt.  T\u00e1 post nua, Bainisteoir C\u00fala4, le f\u00f3gairt ag TG4 le dul i mbun na hoibre seo.  T\u00e1 post eile le f\u00f3gairt chun l\u00e1ithreoir nua ar C\u00fala4 a aimsi\u00fa, a bheidh ina ambasad\u00f3ir don \u00f3ige ar TG4. D\u00e9anfaidh an l\u00e1ithreoir ionada\u00edocht ar C\u00fala4 ag \u00f3c\u00e1id\u00ed agus imeachta\u00ed poibl\u00ed, is \u00e9 an duine sin a bheidh le feice\u00e1il ar an sc\u00e1ile\u00e1n ar C\u00fala4 agus is aige a bheidh guth C\u00fala4 tras-ard\u00e1in. T\u00e1 s\u00e9 i gceist freisin cur leis na cl\u00e1racha a shol\u00e1thra\u00edonn an earn\u00e1il l\u00e9iri\u00fach\u00e1in chun \u00e1bhar dr\u00e1ma\u00edochta r\u00e9amhscoile a fhorbairt agus cur leis an \u00e1bhar nua sa sceideal agus ar na hard\u00e1in neamhl\u00edneacha at\u00e1 d\u00edrithe ar ph\u00e1ist\u00ed.<br \/>\n&nbsp;<br \/>\nT\u00e1 \u00e1bhar Gaeilge n\u00edos spreag\u00fala agus d\u00e1na \u00e1 lorg do dhaoine idir 15-34 bliana d&#8217;aois. D\u00e9anfaidh TG4 sraith dhr\u00e1ma\u00edochta do dhaoine idir 15-34 bliana d\u2019aois a l\u00e9iri\u00fa i gcomhar le F\u00eds \u00c9ireann in 2022.  T\u00e1 conradh ollsol\u00e1thair tr\u00ed bliana le f\u00f3gairt chun \u00e1bhar rialta a l\u00e9iri\u00fa do BLOC, agus beidh l\u00e9irithe sp\u00e9ise \u00e1 lorg chun sraitheanna eile idir fhaisn\u00e9is agus siamsa\u00edocht a l\u00e9iri\u00fa don aoisghr\u00fapa sin in 2022.<br \/>\n&nbsp;<br \/>\nT\u00e1 s\u00e9 mar sprioc ag TG4 cur leis na hacmhainn\u00ed oideachais agus leis an obair comhph\u00e1irt\u00edochta at\u00e1 d\u00e9anta go dt\u00ed seo le heagrais oideachais agus f\u00eds oideachais do thogra\u00ed foghlama TG4 a leagan s\u00edos. Beidh an post Comhordaitheoir TG4 Foghlaim \u00e1 fh\u00f3gairt chun an fh\u00eds sin a sti\u00faradh agus le h\u00e1bhar eile at\u00e1 ag TG4 a chur in oiri\u00faint do lucht oideachais.<br \/>\n&nbsp;<\/p>\n<p>T\u00e1 nuacht agus c\u00farsa\u00ed reatha i gcro\u00edl\u00e1r na seirbh\u00edse a chuireann an craolt\u00f3ir seirbh\u00edse poibl\u00ed ar f\u00e1il agus t\u00e1 athshamhl\u00fa \u00e1 dh\u00e9anamh ar sheirbh\u00eds Nuacht agus C\u00farsa\u00ed Reatha TG4 chun freastal ar \u00e9ilimh an phobail f\u00e9achana.  Chuige sin t\u00e1 l\u00e9irithe suime \u00e1 lorg \u00f3 chomhlachta\u00ed san earn\u00e1il neamhsple\u00e1ch l\u00e9iri\u00fach\u00e1in chun cl\u00e1ir n\u00f3 sraitheanna c\u00farsa\u00ed reatha a l\u00e9iri\u00fa.   T\u00e1 TG4 ag tn\u00fath freisin le molta\u00ed an Choimisi\u00fain um Thodhcha\u00ed na Me\u00e1n i leith Nuacht agus C\u00farsa\u00ed Reatha na Gaeilge agus na deiseanna a thiocfaidh as sin d\u00e1 r\u00e9ir.<br \/>\n&nbsp;<\/p>\n<p>Is mian le TG4 lean\u00faint de bheith ina chrann taca maidir le c\u00farsa\u00ed eala\u00edon, cult\u00fair agus sp\u00f3irt na h\u00c9ireann. T\u00e1 TG4 chun dr\u00e1ma\u00edocht teilif\u00edse do dhaoine f\u00e1sta a fhorbairt i gcomhar le F\u00eds \u00c9ireann.  Beidh tuilleadh infheist\u00edochta le d\u00e9anamh sa sc\u00e9im CINE4 agus buis\u00e9ad l\u00e9irithe na scann\u00e1n le hard\u00fa le taca\u00edocht \u00f3 F\u00eds \u00c9ireann, an BAI agus Alt 481. Beidh sraith nua eala\u00edon \u00e1 l\u00e9iri\u00fa don phr\u00edomhsceideal chun tac\u00fa leis na heala\u00edona traidisi\u00fanta agus nua-aimseartha, sna ceantair Ghaeltachta agus ar fud na t\u00edre. Beidh TG4 ag cur freisin leis an \u00e1bhar neamhl\u00edneach cult\u00fair tr\u00ed chonradh ollsol\u00e1thair tr\u00ed bliana a fh\u00f3gairt do MOLSC\u00c9AL.<br \/>\n&nbsp;<\/p>\n<p>Cuideoidh an t-ard\u00fa maoinithe le f\u00e1s agus forbairt sc\u00e1la na hearn\u00e1la closamhairc sna r\u00e9igi\u00fain.  Cuideoidh an infheist\u00edocht bhreise cur le l\u00edon na bpost cruthaitheach sa Ghaeltacht, le fosta\u00edocht lean\u00fanach agus sheasmhach a choinne\u00e1il agus daoine \u00f3ga a choime\u00e1d i gceantair Ghaeltachta.  Mar aon leis na babhta\u00ed nua coimisi\u00fanaithe a bheidh le f\u00f3gairt, oibreoidh TG4 i gcomhph\u00e1irt le h\u00dadar\u00e1s na Gaeltachta chun infheist\u00edocht agus taca\u00edochta\u00ed oili\u00fana agus forbartha a chur ar f\u00e1il do chomhlachta\u00ed l\u00e9iri\u00fach\u00e1in agus do dhaoine at\u00e1 ag iarraidh a ngairm a bhaint amach sa tionscal sin.<br \/>\n&nbsp;<\/p>\n<p>F\u00f3gr\u00f3far na babhta\u00ed nua coimisi\u00fanaithe go luath agus beidh deis ag l\u00e9iritheoir\u00ed a gcuid smaointe a phl\u00e9 le heagarth\u00f3ir\u00ed coimisi\u00fanaithe TG4 ag L\u00e1 na L\u00e9iritheoir\u00ed i dt\u00fas Mh\u00ed Ean\u00e1ir. F\u00f3gr\u00f3far na fol\u00fantais foirne ar <a href=\"https:\/\/dev.tg4.ie\/foluntais\" rel=\"noopener\" target=\"_blank\">www.tg4.ie\/foluntais<\/a><br \/>\n&nbsp;<\/p>\n<p>D\u00fairt <strong>Ard-Sti\u00farth\u00f3ir TG4 Alan Esslemont<\/strong> inniu, <em>\u201cT\u00e1 TG4 an-bhu\u00edoch don Aire agus don Rialtas as an taca\u00edocht bhreise a fuair TG4 i mBuis\u00e9ad 2022, an t-ard\u00fa is m\u00f3 at\u00e1 faighte go dt\u00ed seo againn in aon bhuis\u00e9ad.  Cuirfidh an maoini\u00fa breise seo ar \u00e1r gcumas t\u00fas a chur leis na hocht r\u00e9ims\u00ed strait\u00e9iseacha at\u00e1 i \u2018F\u00eds TG4 tar \u00e9is Covid\u2019.  T\u00e1 dr\u00e1ma\u00edocht teilif\u00edse l\u00e1rnach san Fh\u00eds seo agus beidh muid in ann tos\u00fa ag l\u00e9iri\u00fa agus ag forbairt cl\u00e1ir dhr\u00e1ma\u00edochta d\u2019aoisghr\u00fapa\u00ed \u00e9ags\u00fala.  Beidh muid freisin ag iarraidh cur leis an sol\u00e1thar c\u00farsa\u00ed reatha at\u00e1 againn agus t\u00e1 muid ag lorg l\u00e9irithe suime \u00f3 chomhlachta\u00ed ar sp\u00e9is leo an r\u00e9imse seo \u00e1bhair.<\/p>\n<p>T\u00e1 daoine nua agus forbairt tallainne i gcro\u00edl\u00e1r \u00e1r bhF\u00edse agus beidh muid ag obair le comhph\u00e1irtithe eile chun daoine \u00f3ga, n\u00f3 daoine a bhfuil taith\u00ed saoil acu agus gur mhaith leo gairm bheatha a bheith acu sna me\u00e1in, a mhealladh chuig TG4.  T\u00e1 s\u00e9 an-t\u00e1bhachtach go mbeadh muid in ann a thaispe\u00e1int go bhfuil TG4 ag m\u00e9ad\u00fa go lean\u00fanach, mar at\u00e1 leagtha amach in\u00e1r bhF\u00eds.  T\u00e1 bearna an-mh\u00f3r f\u00f3s idir na hacmhainn\u00ed at\u00e1 ag na me\u00e1in Ghaeilge agus na hacmhainn\u00ed at\u00e1 ag na me\u00e1in Bhreatnaise agus beidh muid ag iarraidh a chur ina lu\u00ed ar an Rialtas go gcaithfear an bhearna sin a dh\u00fanadh thar thr\u00e9imhse na F\u00edse.\u201d<\/em><br \/>\n&nbsp;<br \/>\n&nbsp;<\/p>\n","protected":false},"excerpt":{"rendered":"<p>&nbsp; T\u00e1 pleananna TG4 maidir leis an ard\u00fa maoinithe \u20ac4.2m do 2022 f\u00f3gartha inniu. C\u00e9 go raibh ard\u00fa idir \u20ac9m agus \u20ac10m in aghaidh na bliana \u00e1 lorg ag TG4 ar an maoini\u00fa poibl\u00ed reatha, ard\u00fa ioml\u00e1n \u20ac37.8m faoin mbliain 2025 chun an F\u00eds Tar \u00c9is Covid a bhaint amach, t\u00e1 bunchloch \u00e1 leagan ag [&hellip;]<\/p>\n","protected":false},"author":876,"featured_media":0,"parent":115579,"menu_order":50,"comment_status":"closed","ping_status":"closed","template":"page-templates\/template-pr.php","meta":{"_acf_changed":false,"footnotes":""},"acf":[],"yoast_head":"<!-- This site is optimized with the Yoast SEO plugin v22.6 - https:\/\/yoast.com\/wordpress\/plugins\/seo\/ -->\n<title>Pleananna don ard\u00fa maoinithe \u20ac4.2m do 2022 f\u00f3gartha ag TG4 | Preas R\u00e1iteas | TG4<\/title>\n<meta name=\"robots\" content=\"index, follow, max-snippet:-1, max-image-preview:large, max-video-preview:-1\" \/>\n<meta property=\"og:locale\" content=\"en_US\" \/>\n<meta property=\"og:type\" content=\"article\" \/>\n<meta property=\"og:title\" content=\"Pleananna don ard\u00fa maoinithe \u20ac4.2m do 2022 f\u00f3gartha ag TG4 | Preas R\u00e1iteas | TG4\" \/>\n<meta property=\"og:description\" content=\"&nbsp; T\u00e1 pleananna TG4 maidir leis an ard\u00fa maoinithe \u20ac4.2m do 2022 f\u00f3gartha inniu. C\u00e9 go raibh ard\u00fa idir \u20ac9m agus \u20ac10m in aghaidh na bliana \u00e1 lorg ag TG4 ar an maoini\u00fa poibl\u00ed reatha, ard\u00fa ioml\u00e1n \u20ac37.8m faoin mbliain 2025 chun an F\u00eds Tar \u00c9is Covid a bhaint amach, t\u00e1 bunchloch \u00e1 leagan ag [&hellip;]\" \/>\n<meta property=\"og:url\" content=\"https:\/\/dev.tg4.ie\/ga\/eolas\/preas\/nuacht-raitis\/2021-2\/pleananna-don-ardu-maoinithe-e4-2m-do-2022-fogartha-ag-tg4\/\" \/>\n<meta property=\"og:site_name\" content=\"TG4\" \/>\n<meta property=\"article:publisher\" content=\"https:\/\/www.facebook.com\/TG4TV\" \/>\n<meta property=\"article:modified_time\" content=\"2021-11-22T11:11:11+00:00\" \/>\n<meta property=\"og:image\" content=\"https:\/\/tg4-docs.s3.amazonaws.com\/tg4-redesign-2015\/wp-content\/uploads\/2021\/03\/TG4_Foirgneamh_2021_1_1920x1080.jpg\" \/>\n\t<meta property=\"og:image:width\" content=\"1920\" \/>\n\t<meta property=\"og:image:height\" content=\"1080\" \/>\n\t<meta property=\"og:image:type\" content=\"image\/jpeg\" \/>\n<meta name=\"twitter:card\" content=\"summary_large_image\" \/>\n<meta name=\"twitter:image\" content=\"https:\/\/tg4-docs.s3.amazonaws.com\/tg4-redesign-2015\/wp-content\/uploads\/2021\/03\/TG4_Foirgneamh_2021_1_1920x1080.jpg\" \/>\n<meta name=\"twitter:site\" content=\"@TG4TV\" \/>\n<meta name=\"twitter:label1\" content=\"Est. reading time\" \/>\n\t<meta name=\"twitter:data1\" content=\"6 minutes\" \/>\n<script type=\"application\/ld+json\" class=\"yoast-schema-graph\">{\"@context\":\"https:\/\/schema.org\",\"@graph\":[{\"@type\":\"WebPage\",\"@id\":\"https:\/\/dev.tg4.ie\/ga\/eolas\/preas\/nuacht-raitis\/2021-2\/pleananna-don-ardu-maoinithe-e4-2m-do-2022-fogartha-ag-tg4\/\",\"url\":\"https:\/\/dev.tg4.ie\/ga\/eolas\/preas\/nuacht-raitis\/2021-2\/pleananna-don-ardu-maoinithe-e4-2m-do-2022-fogartha-ag-tg4\/\",\"name\":\"Pleananna don ard\u00fa maoinithe \u20ac4.2m do 2022 f\u00f3gartha ag TG4 | Preas R\u00e1iteas | TG4\",\"isPartOf\":{\"@id\":\"https:\/\/dev.tg4.ie\/en\/#website\"},\"primaryImageOfPage\":{\"@id\":\"https:\/\/dev.tg4.ie\/ga\/eolas\/preas\/nuacht-raitis\/2021-2\/pleananna-don-ardu-maoinithe-e4-2m-do-2022-fogartha-ag-tg4\/#primaryimage\"},\"image\":{\"@id\":\"https:\/\/dev.tg4.ie\/ga\/eolas\/preas\/nuacht-raitis\/2021-2\/pleananna-don-ardu-maoinithe-e4-2m-do-2022-fogartha-ag-tg4\/#primaryimage\"},\"thumbnailUrl\":\"https:\/\/dev.tg4.ie\/wp-content\/uploads\/2021\/03\/TG4_Foirgneamh_2021_1_1920x1080.jpg\",\"datePublished\":\"2021-11-19T12:50:09+00:00\",\"dateModified\":\"2021-11-22T11:11:11+00:00\",\"breadcrumb\":{\"@id\":\"https:\/\/dev.tg4.ie\/ga\/eolas\/preas\/nuacht-raitis\/2021-2\/pleananna-don-ardu-maoinithe-e4-2m-do-2022-fogartha-ag-tg4\/#breadcrumb\"},\"inLanguage\":\"ga\",\"potentialAction\":[{\"@type\":\"ReadAction\",\"target\":[\"https:\/\/dev.tg4.ie\/ga\/eolas\/preas\/nuacht-raitis\/2021-2\/pleananna-don-ardu-maoinithe-e4-2m-do-2022-fogartha-ag-tg4\/\"]}]},{\"@type\":\"ImageObject\",\"inLanguage\":\"ga\",\"@id\":\"https:\/\/dev.tg4.ie\/ga\/eolas\/preas\/nuacht-raitis\/2021-2\/pleananna-don-ardu-maoinithe-e4-2m-do-2022-fogartha-ag-tg4\/#primaryimage\",\"url\":\"https:\/\/dev.tg4.ie\/wp-content\/uploads\/2021\/03\/TG4_Foirgneamh_2021_1_1920x1080.jpg\",\"contentUrl\":\"https:\/\/dev.tg4.ie\/wp-content\/uploads\/2021\/03\/TG4_Foirgneamh_2021_1_1920x1080.jpg\"},{\"@type\":\"BreadcrumbList\",\"@id\":\"https:\/\/dev.tg4.ie\/ga\/eolas\/preas\/nuacht-raitis\/2021-2\/pleananna-don-ardu-maoinithe-e4-2m-do-2022-fogartha-ag-tg4\/#breadcrumb\",\"itemListElement\":[{\"@type\":\"ListItem\",\"position\":1,\"name\":\"Home\",\"item\":\"https:\/\/dev.tg4.ie\/ga\/\"},{\"@type\":\"ListItem\",\"position\":2,\"name\":\"Eolas\",\"item\":\"https:\/\/dev.tg4.ie\/ga\/eolas\/\"},{\"@type\":\"ListItem\",\"position\":3,\"name\":\"Preas\",\"item\":\"https:\/\/dev.tg4.ie\/ga\/eolas\/preas\/\"},{\"@type\":\"ListItem\",\"position\":4,\"name\":\"Nuacht R\u00e1itis\",\"item\":\"https:\/\/dev.tg4.ie\/ga\/eolas\/preas\/nuacht-raitis\/\"},{\"@type\":\"ListItem\",\"position\":5,\"name\":\"2021\",\"item\":\"https:\/\/dev.tg4.ie\/ga\/eolas\/preas\/nuacht-raitis\/2021-2\/\"},{\"@type\":\"ListItem\",\"position\":6,\"name\":\"Pleananna don ard\u00fa maoinithe \u20ac4.2m do 2022 f\u00f3gartha ag TG4\"}]},{\"@type\":\"WebSite\",\"@id\":\"https:\/\/dev.tg4.ie\/en\/#website\",\"url\":\"https:\/\/dev.tg4.ie\/en\/\",\"name\":\"TG4\",\"description\":\"S\u00fail Eile\",\"potentialAction\":[{\"@type\":\"SearchAction\",\"target\":{\"@type\":\"EntryPoint\",\"urlTemplate\":\"https:\/\/dev.tg4.ie\/en\/?s={search_term_string}\"},\"query-input\":\"required name=search_term_string\"}],\"inLanguage\":\"ga\"}]}<\/script>\n<!-- \/ Yoast SEO plugin. -->","yoast_head_json":{"title":"Pleananna don ard\u00fa maoinithe \u20ac4.2m do 2022 f\u00f3gartha ag TG4 | Preas R\u00e1iteas | TG4","robots":{"index":"index","follow":"follow","max-snippet":"max-snippet:-1","max-image-preview":"max-image-preview:large","max-video-preview":"max-video-preview:-1"},"og_locale":"en_US","og_type":"article","og_title":"Pleananna don ard\u00fa maoinithe \u20ac4.2m do 2022 f\u00f3gartha ag TG4 | Preas R\u00e1iteas | TG4","og_description":"&nbsp; T\u00e1 pleananna TG4 maidir leis an ard\u00fa maoinithe \u20ac4.2m do 2022 f\u00f3gartha inniu. C\u00e9 go raibh ard\u00fa idir \u20ac9m agus \u20ac10m in aghaidh na bliana \u00e1 lorg ag TG4 ar an maoini\u00fa poibl\u00ed reatha, ard\u00fa ioml\u00e1n \u20ac37.8m faoin mbliain 2025 chun an F\u00eds Tar \u00c9is Covid a bhaint amach, t\u00e1 bunchloch \u00e1 leagan ag [&hellip;]","og_url":"https:\/\/dev.tg4.ie\/ga\/eolas\/preas\/nuacht-raitis\/2021-2\/pleananna-don-ardu-maoinithe-e4-2m-do-2022-fogartha-ag-tg4\/","og_site_name":"TG4","article_publisher":"https:\/\/www.facebook.com\/TG4TV","article_modified_time":"2021-11-22T11:11:11+00:00","og_image":[{"width":1920,"height":1080,"url":"https:\/\/tg4-docs.s3.amazonaws.com\/tg4-redesign-2015\/wp-content\/uploads\/2021\/03\/TG4_Foirgneamh_2021_1_1920x1080.jpg","type":"image\/jpeg"}],"twitter_card":"summary_large_image","twitter_image":"https:\/\/tg4-docs.s3.amazonaws.com\/tg4-redesign-2015\/wp-content\/uploads\/2021\/03\/TG4_Foirgneamh_2021_1_1920x1080.jpg","twitter_site":"@TG4TV","twitter_misc":{"Est. reading time":"6 minutes"},"schema":{"@context":"https:\/\/schema.org","@graph":[{"@type":"WebPage","@id":"https:\/\/dev.tg4.ie\/ga\/eolas\/preas\/nuacht-raitis\/2021-2\/pleananna-don-ardu-maoinithe-e4-2m-do-2022-fogartha-ag-tg4\/","url":"https:\/\/dev.tg4.ie\/ga\/eolas\/preas\/nuacht-raitis\/2021-2\/pleananna-don-ardu-maoinithe-e4-2m-do-2022-fogartha-ag-tg4\/","name":"Pleananna don ard\u00fa maoinithe \u20ac4.2m do 2022 f\u00f3gartha ag TG4 | Preas R\u00e1iteas | TG4","isPartOf":{"@id":"https:\/\/dev.tg4.ie\/en\/#website"},"primaryImageOfPage":{"@id":"https:\/\/dev.tg4.ie\/ga\/eolas\/preas\/nuacht-raitis\/2021-2\/pleananna-don-ardu-maoinithe-e4-2m-do-2022-fogartha-ag-tg4\/#primaryimage"},"image":{"@id":"https:\/\/dev.tg4.ie\/ga\/eolas\/preas\/nuacht-raitis\/2021-2\/pleananna-don-ardu-maoinithe-e4-2m-do-2022-fogartha-ag-tg4\/#primaryimage"},"thumbnailUrl":"https:\/\/dev.tg4.ie\/wp-content\/uploads\/2021\/03\/TG4_Foirgneamh_2021_1_1920x1080.jpg","datePublished":"2021-11-19T12:50:09+00:00","dateModified":"2021-11-22T11:11:11+00:00","breadcrumb":{"@id":"https:\/\/dev.tg4.ie\/ga\/eolas\/preas\/nuacht-raitis\/2021-2\/pleananna-don-ardu-maoinithe-e4-2m-do-2022-fogartha-ag-tg4\/#breadcrumb"},"inLanguage":"ga","potentialAction":[{"@type":"ReadAction","target":["https:\/\/dev.tg4.ie\/ga\/eolas\/preas\/nuacht-raitis\/2021-2\/pleananna-don-ardu-maoinithe-e4-2m-do-2022-fogartha-ag-tg4\/"]}]},{"@type":"ImageObject","inLanguage":"ga","@id":"https:\/\/dev.tg4.ie\/ga\/eolas\/preas\/nuacht-raitis\/2021-2\/pleananna-don-ardu-maoinithe-e4-2m-do-2022-fogartha-ag-tg4\/#primaryimage","url":"https:\/\/dev.tg4.ie\/wp-content\/uploads\/2021\/03\/TG4_Foirgneamh_2021_1_1920x1080.jpg","contentUrl":"https:\/\/dev.tg4.ie\/wp-content\/uploads\/2021\/03\/TG4_Foirgneamh_2021_1_1920x1080.jpg"},{"@type":"BreadcrumbList","@id":"https:\/\/dev.tg4.ie\/ga\/eolas\/preas\/nuacht-raitis\/2021-2\/pleananna-don-ardu-maoinithe-e4-2m-do-2022-fogartha-ag-tg4\/#breadcrumb","itemListElement":[{"@type":"ListItem","position":1,"name":"Home","item":"https:\/\/dev.tg4.ie\/ga\/"},{"@type":"ListItem","position":2,"name":"Eolas","item":"https:\/\/dev.tg4.ie\/ga\/eolas\/"},{"@type":"ListItem","position":3,"name":"Preas","item":"https:\/\/dev.tg4.ie\/ga\/eolas\/preas\/"},{"@type":"ListItem","position":4,"name":"Nuacht R\u00e1itis","item":"https:\/\/dev.tg4.ie\/ga\/eolas\/preas\/nuacht-raitis\/"},{"@type":"ListItem","position":5,"name":"2021","item":"https:\/\/dev.tg4.ie\/ga\/eolas\/preas\/nuacht-raitis\/2021-2\/"},{"@type":"ListItem","position":6,"name":"Pleananna don ard\u00fa maoinithe \u20ac4.2m do 2022 f\u00f3gartha ag TG4"}]},{"@type":"WebSite","@id":"https:\/\/dev.tg4.ie\/en\/#website","url":"https:\/\/dev.tg4.ie\/en\/","name":"TG4","description":"S\u00fail Eile","potentialAction":[{"@type":"SearchAction","target":{"@type":"EntryPoint","urlTemplate":"https:\/\/dev.tg4.ie\/en\/?s={search_term_string}"},"query-input":"required name=search_term_string"}],"inLanguage":"ga"}]}},"_links":{"self":[{"href":"https:\/\/dev.tg4.ie\/ga\/wp-json\/wp\/v2\/pages\/135518"}],"collection":[{"href":"https:\/\/dev.tg4.ie\/ga\/wp-json\/wp\/v2\/pages"}],"about":[{"href":"https:\/\/dev.tg4.ie\/ga\/wp-json\/wp\/v2\/types\/page"}],"author":[{"embeddable":true,"href":"https:\/\/dev.tg4.ie\/ga\/wp-json\/wp\/v2\/users\/876"}],"replies":[{"embeddable":true,"href":"https:\/\/dev.tg4.ie\/ga\/wp-json\/wp\/v2\/comments?post=135518"}],"version-history":[{"count":0,"href":"https:\/\/dev.tg4.ie\/ga\/wp-json\/wp\/v2\/pages\/135518\/revisions"}],"up":[{"embeddable":true,"href":"https:\/\/dev.tg4.ie\/ga\/wp-json\/wp\/v2\/pages\/115579"}],"wp:attachment":[{"href":"https:\/\/dev.tg4.ie\/ga\/wp-json\/wp\/v2\/media?parent=135518"}],"curies":[{"name":"wp","href":"https:\/\/api.w.org\/{rel}","templated":true}]}}