{"id":135531,"date":"2021-11-19T13:16:26","date_gmt":"2021-11-19T13:16:26","guid":{"rendered":"https:\/\/dev.tg4.ie\/?page_id=135531"},"modified":"2021-11-19T13:16:26","modified_gmt":"2021-11-19T13:16:26","slug":"a-chead-chartlannai-ceaptha-ag-tg4","status":"publish","type":"page","link":"https:\/\/dev.tg4.ie\/ga\/eolas\/preas\/nuacht-raitis\/2021-2\/a-chead-chartlannai-ceaptha-ag-tg4\/","title":{"rendered":"A Ch\u00e9ad Chartlanna\u00ed ceaptha ag TG4"},"content":{"rendered":"<p><a href=\"https:\/\/tg4-docs.s3.amazonaws.com\/tg4-redesign-2015\/wp-content\/uploads\/2021\/11\/Maire_Aoibhinn_Ni_Ogain_1920x1080.jpg\"><img loading=\"lazy\" decoding=\"async\" width=\"1920\" height=\"1080\" src=\"https:\/\/tg4-docs.s3.amazonaws.com\/tg4-redesign-2015\/wp-content\/uploads\/2021\/11\/Maire_Aoibhinn_Ni_Ogain_1920x1080.jpg\" alt=\"\" class=\"aligncenter size-full wp-image-135534\" srcset=\"https:\/\/tg4-docs.s3.amazonaws.com\/tg4-redesign-2015\/wp-content\/uploads\/2021\/11\/Maire_Aoibhinn_Ni_Ogain_1920x1080.jpg 1920w, https:\/\/tg4-docs.s3.amazonaws.com\/tg4-redesign-2015\/wp-content\/uploads\/2021\/11\/Maire_Aoibhinn_Ni_Ogain_1920x1080-250x141.jpg 250w, https:\/\/tg4-docs.s3.amazonaws.com\/tg4-redesign-2015\/wp-content\/uploads\/2021\/11\/Maire_Aoibhinn_Ni_Ogain_1920x1080-700x394.jpg 700w, https:\/\/tg4-docs.s3.amazonaws.com\/tg4-redesign-2015\/wp-content\/uploads\/2021\/11\/Maire_Aoibhinn_Ni_Ogain_1920x1080-252x141.jpg 252w, https:\/\/tg4-docs.s3.amazonaws.com\/tg4-redesign-2015\/wp-content\/uploads\/2021\/11\/Maire_Aoibhinn_Ni_Ogain_1920x1080-1536x864.jpg 1536w, https:\/\/tg4-docs.s3.amazonaws.com\/tg4-redesign-2015\/wp-content\/uploads\/2021\/11\/Maire_Aoibhinn_Ni_Ogain_1920x1080-120x68.jpg 120w\" sizes=\"(max-width: 1920px) 100vw, 1920px\" \/><\/a><br \/>\n&nbsp;<br \/>\nIs mian le TG4 cur leis an rochtain at\u00e1 ag an bpobal ar chartlann dhigiteach an st\u00e1isi\u00fain agus muid ag ceili\u00faradh 25 bliain ar an aer. T\u00e1 taisce luachmhar ilghn\u00e9itheach \u00e1bhair i gcartlann TG4.  Tr\u00ed fhorbairt a dh\u00e9anamh ar an gcartlann dhigiteach, obair at\u00e1 ar si\u00fal go rialta \u00f3 dheireadh na bliana 2011,  tugtar cosaint don oidhreacht agus do shaibhreas \u00e1bhair.<br \/>\n&nbsp;<\/p>\n<p>Chuige sin, t\u00e1 M\u00e1ire Aoibhinn N\u00ed \u00d3g\u00e1in ceaptha ag an st\u00e1isi\u00fain ina Cartlanna\u00ed TG4.  T\u00e1 saineolas ag M\u00e1ire Aoibhinn ar \u00e1bhar na cartlainne ina r\u00f3l mar Bhainisteoir Sceideal TG4 le os cionn fiche bliain.  Bh\u00ed s\u00ed ceannr\u00f3da\u00edoch i bhforbairt\u00ed agus i sc\u00e9imeanna na cartlainne le taca\u00edocht an BAI roimhe seo.  Beidh s\u00ed ag cur leis an taith\u00ed sin agus ag cur forbairt\u00ed teicneola\u00edochta agus eagarth\u00f3ireachta chun cinn chun an chartlann a chur os comhair an phobail amach anseo.  Beidh cartlann dhigiteach TG4 ar cheann de na baili\u00fach\u00e1in is leithne agus is suntasa\u00ed ar domhan d\u2019\u00e1bhar closamhairc i nGaeilge. Beidh s\u00ed ag dul i mbun a cuid dualgais nua ar L\u00e1 Fh\u00e9ile Br\u00edde 2022.<br \/>\n&nbsp;<\/p>\n<p>Is \u00e9ard a d\u00fairt <strong>M\u00e1ire Aoibhinn N\u00ed \u00d3g\u00e1in<\/strong> <em>\u201cIs pribhl\u00e9id dom an r\u00f3l nua seo i mo Chartlanna\u00ed TG4 a ghlacadh. Is taifead t\u00e1bhachtach \u00e9 Cartlann TG4 ar stair na h\u00c9ireann agus is foinse eolais \u00ed an chartlann sin a l\u00e9ir\u00edonn forbairt na Gaeilge agus oidhreacht chraolt\u00f3ireachta na h\u00c9ireann. N\u00ed m\u00f3r a chinnti\u00fa go mbeidh rochtain ar an saibhreas staire, faisn\u00e9ise, ceoil agus siamsa\u00edochta at\u00e1 sa chartlann chun go mbeidh an t-\u00e1bhar seo coime\u00e1daithe agus caomhnaithe ionas go mbeidh s\u00e9 ar f\u00e1il chun staid\u00e9ar a dh\u00e9anamh air agus chun taitneamh a bhaint as. Beidh s\u00e9 ina sprioc agam teacht ar bheala\u00ed nua chun an chartlann a \u00fas\u00e1id mar acmhainn staire agus chruthaitheach, chun comhph\u00e1irtithe n\u00e1isi\u00fanta agus idirn\u00e1isi\u00fanta a coth\u00fa le Cartlann TG4 agus chun t\u00e1bhacht na gcartlann teilif\u00edse i gcoitinne a cur chun cinn. T\u00e1im ag s\u00fail tabhairt go fonnmhar faoin r\u00f3l nua seo leis an d\u00fathracht agus d\u00edograis ch\u00e9anna at\u00e1 l\u00e9irithe agam le fiche c\u00faig bliain anuas le linn mo sheirbh\u00edse go dt\u00ed seo le TG4 agus \u00e9 mar aidhm agam an m\u00e9id at\u00e1 bainte amach agam i leith sceideal TG4 a thabhairt chun cr\u00edche sa Chartlann.&#8221;<\/em><br \/>\n&nbsp;<\/p>\n<p>Is \u00e9ard a d\u00fairt <strong>Alan Esslemont, Ard-Sti\u00farth\u00f3ir TG4<\/strong> <em>\u201cAgus muid ag ceili\u00faradh 25 bliain ar an aer, t\u00e1 cinneadh suntasach d\u00e9anta ag TG4 ar mhaithe leis na gl\u00fanta at\u00e1 le teacht infheisti\u00fa i gceannaire ar an gcartlann luachmhar at\u00e1 againn chun a chinnti\u00fa go mbeidh \u00e1bhar TG4 ar f\u00e1il go h\u00e9asca don phobal.  T\u00e1 an-obair d\u00e9anta go dt\u00ed seo chun an chartlann a dhigiti\u00fa agus a chatal\u00f3g\u00fa le taca\u00edocht \u00f3n BAI, \u00f3 ITMA agus \u00f3 Europus agus t\u00e1imid ag s\u00fail cur leis an obair sin.  N\u00edl aon duine eile ann a sh\u00e1r\u00f3dh M\u00e1ire Aoibhinn i dtaobh an tsaineolais at\u00e1 aici ar na cl\u00e1ir at\u00e1 craolta ag TG4 le 25 bliain. T\u00e1 d\u00fashl\u00e1n m\u00f3r i gceist ach n\u00edl amhras ar bith ach gurb \u00ed M\u00e1ire Aoibhinn an duine ceart chun tabhairt faoi i gcomhar le baill eile den fhoireann chumasach at\u00e1 againn i TG4.\u201d<\/em><\/p>\n<p>&nbsp;<br \/>\n&nbsp;<\/p>\n","protected":false},"excerpt":{"rendered":"<p>&nbsp; Is mian le TG4 cur leis an rochtain at\u00e1 ag an bpobal ar chartlann dhigiteach an st\u00e1isi\u00fain agus muid ag ceili\u00faradh 25 bliain ar an aer. T\u00e1 taisce luachmhar ilghn\u00e9itheach \u00e1bhair i gcartlann TG4. Tr\u00ed fhorbairt a dh\u00e9anamh ar an gcartlann dhigiteach, obair at\u00e1 ar si\u00fal go rialta \u00f3 dheireadh na bliana 2011, tugtar [&hellip;]<\/p>\n","protected":false},"author":876,"featured_media":0,"parent":115579,"menu_order":49,"comment_status":"closed","ping_status":"closed","template":"page-templates\/template-pr.php","meta":{"_acf_changed":false,"footnotes":""},"acf":[],"yoast_head":"<!-- This site is optimized with the Yoast SEO plugin v22.6 - https:\/\/yoast.com\/wordpress\/plugins\/seo\/ -->\n<title>A Ch\u00e9ad Chartlanna\u00ed ceaptha ag TG4 | Preas R\u00e1iteas | TG4<\/title>\n<meta name=\"robots\" content=\"index, follow, max-snippet:-1, max-image-preview:large, max-video-preview:-1\" \/>\n<meta property=\"og:locale\" content=\"en_US\" \/>\n<meta property=\"og:type\" content=\"article\" \/>\n<meta property=\"og:title\" content=\"A Ch\u00e9ad Chartlanna\u00ed ceaptha ag TG4 | Preas R\u00e1iteas | TG4\" \/>\n<meta property=\"og:description\" content=\"&nbsp; Is mian le TG4 cur leis an rochtain at\u00e1 ag an bpobal ar chartlann dhigiteach an st\u00e1isi\u00fain agus muid ag ceili\u00faradh 25 bliain ar an aer. T\u00e1 taisce luachmhar ilghn\u00e9itheach \u00e1bhair i gcartlann TG4. Tr\u00ed fhorbairt a dh\u00e9anamh ar an gcartlann dhigiteach, obair at\u00e1 ar si\u00fal go rialta \u00f3 dheireadh na bliana 2011, tugtar [&hellip;]\" \/>\n<meta property=\"og:url\" content=\"https:\/\/dev.tg4.ie\/ga\/eolas\/preas\/nuacht-raitis\/2021-2\/a-chead-chartlannai-ceaptha-ag-tg4\/\" \/>\n<meta property=\"og:site_name\" content=\"TG4\" \/>\n<meta property=\"article:publisher\" content=\"https:\/\/www.facebook.com\/TG4TV\" \/>\n<meta property=\"og:image\" content=\"https:\/\/tg4-docs.s3.amazonaws.com\/tg4-redesign-2015\/wp-content\/uploads\/2021\/11\/Maire_Aoibhinn_Ni_Ogain_1920x1080.jpg\" \/>\n\t<meta property=\"og:image:width\" content=\"1920\" \/>\n\t<meta property=\"og:image:height\" content=\"1080\" \/>\n\t<meta property=\"og:image:type\" content=\"image\/jpeg\" \/>\n<meta name=\"twitter:card\" content=\"summary_large_image\" \/>\n<meta name=\"twitter:image\" content=\"https:\/\/tg4-docs.s3.amazonaws.com\/tg4-redesign-2015\/wp-content\/uploads\/2021\/11\/Maire_Aoibhinn_Ni_Ogain_1920x1080.jpg\" \/>\n<meta name=\"twitter:site\" content=\"@TG4TV\" \/>\n<meta name=\"twitter:label1\" content=\"Est. reading time\" \/>\n\t<meta name=\"twitter:data1\" content=\"3 minutes\" \/>\n<script type=\"application\/ld+json\" class=\"yoast-schema-graph\">{\"@context\":\"https:\/\/schema.org\",\"@graph\":[{\"@type\":\"WebPage\",\"@id\":\"https:\/\/dev.tg4.ie\/ga\/eolas\/preas\/nuacht-raitis\/2021-2\/a-chead-chartlannai-ceaptha-ag-tg4\/\",\"url\":\"https:\/\/dev.tg4.ie\/ga\/eolas\/preas\/nuacht-raitis\/2021-2\/a-chead-chartlannai-ceaptha-ag-tg4\/\",\"name\":\"A Ch\u00e9ad Chartlanna\u00ed ceaptha ag TG4 | Preas R\u00e1iteas | TG4\",\"isPartOf\":{\"@id\":\"https:\/\/dev.tg4.ie\/en\/#website\"},\"primaryImageOfPage\":{\"@id\":\"https:\/\/dev.tg4.ie\/ga\/eolas\/preas\/nuacht-raitis\/2021-2\/a-chead-chartlannai-ceaptha-ag-tg4\/#primaryimage\"},\"image\":{\"@id\":\"https:\/\/dev.tg4.ie\/ga\/eolas\/preas\/nuacht-raitis\/2021-2\/a-chead-chartlannai-ceaptha-ag-tg4\/#primaryimage\"},\"thumbnailUrl\":\"https:\/\/dev.tg4.ie\/wp-content\/uploads\/2021\/11\/Maire_Aoibhinn_Ni_Ogain_1920x1080.jpg\",\"datePublished\":\"2021-11-19T13:16:26+00:00\",\"dateModified\":\"2021-11-19T13:16:26+00:00\",\"breadcrumb\":{\"@id\":\"https:\/\/dev.tg4.ie\/ga\/eolas\/preas\/nuacht-raitis\/2021-2\/a-chead-chartlannai-ceaptha-ag-tg4\/#breadcrumb\"},\"inLanguage\":\"ga\",\"potentialAction\":[{\"@type\":\"ReadAction\",\"target\":[\"https:\/\/dev.tg4.ie\/ga\/eolas\/preas\/nuacht-raitis\/2021-2\/a-chead-chartlannai-ceaptha-ag-tg4\/\"]}]},{\"@type\":\"ImageObject\",\"inLanguage\":\"ga\",\"@id\":\"https:\/\/dev.tg4.ie\/ga\/eolas\/preas\/nuacht-raitis\/2021-2\/a-chead-chartlannai-ceaptha-ag-tg4\/#primaryimage\",\"url\":\"https:\/\/dev.tg4.ie\/wp-content\/uploads\/2021\/11\/Maire_Aoibhinn_Ni_Ogain_1920x1080.jpg\",\"contentUrl\":\"https:\/\/dev.tg4.ie\/wp-content\/uploads\/2021\/11\/Maire_Aoibhinn_Ni_Ogain_1920x1080.jpg\"},{\"@type\":\"BreadcrumbList\",\"@id\":\"https:\/\/dev.tg4.ie\/ga\/eolas\/preas\/nuacht-raitis\/2021-2\/a-chead-chartlannai-ceaptha-ag-tg4\/#breadcrumb\",\"itemListElement\":[{\"@type\":\"ListItem\",\"position\":1,\"name\":\"Home\",\"item\":\"https:\/\/dev.tg4.ie\/ga\/\"},{\"@type\":\"ListItem\",\"position\":2,\"name\":\"Eolas\",\"item\":\"https:\/\/dev.tg4.ie\/ga\/eolas\/\"},{\"@type\":\"ListItem\",\"position\":3,\"name\":\"Preas\",\"item\":\"https:\/\/dev.tg4.ie\/ga\/eolas\/preas\/\"},{\"@type\":\"ListItem\",\"position\":4,\"name\":\"Nuacht R\u00e1itis\",\"item\":\"https:\/\/dev.tg4.ie\/ga\/eolas\/preas\/nuacht-raitis\/\"},{\"@type\":\"ListItem\",\"position\":5,\"name\":\"2021\",\"item\":\"https:\/\/dev.tg4.ie\/ga\/eolas\/preas\/nuacht-raitis\/2021-2\/\"},{\"@type\":\"ListItem\",\"position\":6,\"name\":\"A Ch\u00e9ad Chartlanna\u00ed ceaptha ag TG4\"}]},{\"@type\":\"WebSite\",\"@id\":\"https:\/\/dev.tg4.ie\/en\/#website\",\"url\":\"https:\/\/dev.tg4.ie\/en\/\",\"name\":\"TG4\",\"description\":\"S\u00fail Eile\",\"potentialAction\":[{\"@type\":\"SearchAction\",\"target\":{\"@type\":\"EntryPoint\",\"urlTemplate\":\"https:\/\/dev.tg4.ie\/en\/?s={search_term_string}\"},\"query-input\":\"required name=search_term_string\"}],\"inLanguage\":\"ga\"}]}<\/script>\n<!-- \/ Yoast SEO plugin. -->","yoast_head_json":{"title":"A Ch\u00e9ad Chartlanna\u00ed ceaptha ag TG4 | Preas R\u00e1iteas | TG4","robots":{"index":"index","follow":"follow","max-snippet":"max-snippet:-1","max-image-preview":"max-image-preview:large","max-video-preview":"max-video-preview:-1"},"og_locale":"en_US","og_type":"article","og_title":"A Ch\u00e9ad Chartlanna\u00ed ceaptha ag TG4 | Preas R\u00e1iteas | TG4","og_description":"&nbsp; Is mian le TG4 cur leis an rochtain at\u00e1 ag an bpobal ar chartlann dhigiteach an st\u00e1isi\u00fain agus muid ag ceili\u00faradh 25 bliain ar an aer. T\u00e1 taisce luachmhar ilghn\u00e9itheach \u00e1bhair i gcartlann TG4. Tr\u00ed fhorbairt a dh\u00e9anamh ar an gcartlann dhigiteach, obair at\u00e1 ar si\u00fal go rialta \u00f3 dheireadh na bliana 2011, tugtar [&hellip;]","og_url":"https:\/\/dev.tg4.ie\/ga\/eolas\/preas\/nuacht-raitis\/2021-2\/a-chead-chartlannai-ceaptha-ag-tg4\/","og_site_name":"TG4","article_publisher":"https:\/\/www.facebook.com\/TG4TV","og_image":[{"width":1920,"height":1080,"url":"https:\/\/tg4-docs.s3.amazonaws.com\/tg4-redesign-2015\/wp-content\/uploads\/2021\/11\/Maire_Aoibhinn_Ni_Ogain_1920x1080.jpg","type":"image\/jpeg"}],"twitter_card":"summary_large_image","twitter_image":"https:\/\/tg4-docs.s3.amazonaws.com\/tg4-redesign-2015\/wp-content\/uploads\/2021\/11\/Maire_Aoibhinn_Ni_Ogain_1920x1080.jpg","twitter_site":"@TG4TV","twitter_misc":{"Est. reading time":"3 minutes"},"schema":{"@context":"https:\/\/schema.org","@graph":[{"@type":"WebPage","@id":"https:\/\/dev.tg4.ie\/ga\/eolas\/preas\/nuacht-raitis\/2021-2\/a-chead-chartlannai-ceaptha-ag-tg4\/","url":"https:\/\/dev.tg4.ie\/ga\/eolas\/preas\/nuacht-raitis\/2021-2\/a-chead-chartlannai-ceaptha-ag-tg4\/","name":"A Ch\u00e9ad Chartlanna\u00ed ceaptha ag TG4 | Preas R\u00e1iteas | TG4","isPartOf":{"@id":"https:\/\/dev.tg4.ie\/en\/#website"},"primaryImageOfPage":{"@id":"https:\/\/dev.tg4.ie\/ga\/eolas\/preas\/nuacht-raitis\/2021-2\/a-chead-chartlannai-ceaptha-ag-tg4\/#primaryimage"},"image":{"@id":"https:\/\/dev.tg4.ie\/ga\/eolas\/preas\/nuacht-raitis\/2021-2\/a-chead-chartlannai-ceaptha-ag-tg4\/#primaryimage"},"thumbnailUrl":"https:\/\/dev.tg4.ie\/wp-content\/uploads\/2021\/11\/Maire_Aoibhinn_Ni_Ogain_1920x1080.jpg","datePublished":"2021-11-19T13:16:26+00:00","dateModified":"2021-11-19T13:16:26+00:00","breadcrumb":{"@id":"https:\/\/dev.tg4.ie\/ga\/eolas\/preas\/nuacht-raitis\/2021-2\/a-chead-chartlannai-ceaptha-ag-tg4\/#breadcrumb"},"inLanguage":"ga","potentialAction":[{"@type":"ReadAction","target":["https:\/\/dev.tg4.ie\/ga\/eolas\/preas\/nuacht-raitis\/2021-2\/a-chead-chartlannai-ceaptha-ag-tg4\/"]}]},{"@type":"ImageObject","inLanguage":"ga","@id":"https:\/\/dev.tg4.ie\/ga\/eolas\/preas\/nuacht-raitis\/2021-2\/a-chead-chartlannai-ceaptha-ag-tg4\/#primaryimage","url":"https:\/\/dev.tg4.ie\/wp-content\/uploads\/2021\/11\/Maire_Aoibhinn_Ni_Ogain_1920x1080.jpg","contentUrl":"https:\/\/dev.tg4.ie\/wp-content\/uploads\/2021\/11\/Maire_Aoibhinn_Ni_Ogain_1920x1080.jpg"},{"@type":"BreadcrumbList","@id":"https:\/\/dev.tg4.ie\/ga\/eolas\/preas\/nuacht-raitis\/2021-2\/a-chead-chartlannai-ceaptha-ag-tg4\/#breadcrumb","itemListElement":[{"@type":"ListItem","position":1,"name":"Home","item":"https:\/\/dev.tg4.ie\/ga\/"},{"@type":"ListItem","position":2,"name":"Eolas","item":"https:\/\/dev.tg4.ie\/ga\/eolas\/"},{"@type":"ListItem","position":3,"name":"Preas","item":"https:\/\/dev.tg4.ie\/ga\/eolas\/preas\/"},{"@type":"ListItem","position":4,"name":"Nuacht R\u00e1itis","item":"https:\/\/dev.tg4.ie\/ga\/eolas\/preas\/nuacht-raitis\/"},{"@type":"ListItem","position":5,"name":"2021","item":"https:\/\/dev.tg4.ie\/ga\/eolas\/preas\/nuacht-raitis\/2021-2\/"},{"@type":"ListItem","position":6,"name":"A Ch\u00e9ad Chartlanna\u00ed ceaptha ag TG4"}]},{"@type":"WebSite","@id":"https:\/\/dev.tg4.ie\/en\/#website","url":"https:\/\/dev.tg4.ie\/en\/","name":"TG4","description":"S\u00fail Eile","potentialAction":[{"@type":"SearchAction","target":{"@type":"EntryPoint","urlTemplate":"https:\/\/dev.tg4.ie\/en\/?s={search_term_string}"},"query-input":"required name=search_term_string"}],"inLanguage":"ga"}]}},"_links":{"self":[{"href":"https:\/\/dev.tg4.ie\/ga\/wp-json\/wp\/v2\/pages\/135531"}],"collection":[{"href":"https:\/\/dev.tg4.ie\/ga\/wp-json\/wp\/v2\/pages"}],"about":[{"href":"https:\/\/dev.tg4.ie\/ga\/wp-json\/wp\/v2\/types\/page"}],"author":[{"embeddable":true,"href":"https:\/\/dev.tg4.ie\/ga\/wp-json\/wp\/v2\/users\/876"}],"replies":[{"embeddable":true,"href":"https:\/\/dev.tg4.ie\/ga\/wp-json\/wp\/v2\/comments?post=135531"}],"version-history":[{"count":0,"href":"https:\/\/dev.tg4.ie\/ga\/wp-json\/wp\/v2\/pages\/135531\/revisions"}],"up":[{"embeddable":true,"href":"https:\/\/dev.tg4.ie\/ga\/wp-json\/wp\/v2\/pages\/115579"}],"wp:attachment":[{"href":"https:\/\/dev.tg4.ie\/ga\/wp-json\/wp\/v2\/media?parent=135531"}],"curies":[{"name":"wp","href":"https:\/\/api.w.org\/{rel}","templated":true}]}}