{"id":138174,"date":"2022-01-11T10:20:19","date_gmt":"2022-01-11T10:20:19","guid":{"rendered":"https:\/\/dev.tg4.ie\/?page_id=138174"},"modified":"2022-01-11T10:20:19","modified_gmt":"2022-01-11T10:20:19","slug":"meadu-mor-ar-lucht-feachana-tg4-le-linn-na-nollag","status":"publish","type":"page","link":"https:\/\/dev.tg4.ie\/ga\/eolas\/preas\/nuacht-raitis\/2022-2\/meadu-mor-ar-lucht-feachana-tg4-le-linn-na-nollag\/","title":{"rendered":"M\u00e9ad\u00fa M\u00f3r ar Lucht F\u00e9achana TG4 le linn na Nollag"},"content":{"rendered":"<p><a href=\"https:\/\/tg4-docs.s3.amazonaws.com\/tg4-redesign-2015\/wp-content\/uploads\/2021\/12\/PeterOToole-1-1920x1080-1.jpg\"><img loading=\"lazy\" decoding=\"async\" width=\"1920\" height=\"1080\" src=\"https:\/\/tg4-docs.s3.amazonaws.com\/tg4-redesign-2015\/wp-content\/uploads\/2021\/12\/PeterOToole-1-1920x1080-1.jpg\" alt=\"\" class=\"aligncenter size-full wp-image-136975\" srcset=\"https:\/\/tg4-docs.s3.amazonaws.com\/tg4-redesign-2015\/wp-content\/uploads\/2021\/12\/PeterOToole-1-1920x1080-1.jpg 1920w, https:\/\/tg4-docs.s3.amazonaws.com\/tg4-redesign-2015\/wp-content\/uploads\/2021\/12\/PeterOToole-1-1920x1080-1-250x141.jpg 250w, https:\/\/tg4-docs.s3.amazonaws.com\/tg4-redesign-2015\/wp-content\/uploads\/2021\/12\/PeterOToole-1-1920x1080-1-700x394.jpg 700w, https:\/\/tg4-docs.s3.amazonaws.com\/tg4-redesign-2015\/wp-content\/uploads\/2021\/12\/PeterOToole-1-1920x1080-1-252x141.jpg 252w, https:\/\/tg4-docs.s3.amazonaws.com\/tg4-redesign-2015\/wp-content\/uploads\/2021\/12\/PeterOToole-1-1920x1080-1-1536x864.jpg 1536w, https:\/\/tg4-docs.s3.amazonaws.com\/tg4-redesign-2015\/wp-content\/uploads\/2021\/12\/PeterOToole-1-1920x1080-1-120x68.jpg 120w\" sizes=\"(max-width: 1920px) 100vw, 1920px\" \/><\/a><br \/>\n&nbsp;<\/p>\n<p>Th\u00e1inig m\u00e9ad\u00fa 25% ar lucht f\u00e9achana TG4 thar thr\u00e9imhse na Nollag 2021 i gcompar\u00e1id le aimsir na Nollag 2020. De r\u00e9ir TAM Ireland\/Nielsen, bh\u00ed sciar laeth\u00fail de 2.8% ar an me\u00e1n ag TG4 idir O\u00edche Nollag agus L\u00e1 Caille, sciar de 2.2% a bh\u00ed ag TG4 le linn na Nollag in 2020. Bh\u00ed aimsi\u00fa laeth\u00fail de 632,700 duine ag an st\u00e1isi\u00fan agus aimsi\u00fa ioml\u00e1in de 1.87m.   <\/p>\n<p>Bh\u00ed an sciar is airde ag TG4 ar L\u00e1 Caille, sciar de 4.3%. Bh\u00ed sciar de 3.2% ar an me\u00e1n ar O\u00edche Chinn Bliana, 3.3% ar L\u00e1 le Stiof\u00e1in agus sciar de 2.7% ar L\u00e1 Nollag.<br \/>\n&nbsp;<\/p>\n<p>Ba \u00e9 <strong>Rugba\u00ed Beo<\/strong> ar L\u00e1 Caille an cl\u00e1r ba mh\u00f3 faire. D&#8217;fh\u00e9ach 118,000 duine ar an gcluiche beo nuair a fuair Connachta an l\u00e1mh in uachtar ar Mhumha.  109,000 duine a d&#8217;fh\u00e9ach ar <strong>Seo \u00e9 Joe Dolan<\/strong>, cl\u00e1r a thug l\u00e9argas ar shaol agus ar shaothar an amhr\u00e1na\u00ed Joe Dolan ar O\u00edche Chinn Bliana. 72,000 a bhreathnaigh ar chl\u00e1r faoi na Saw Doctors <strong>The Saw Doctors &#8211; Sing a Powerful Song<\/strong> a craoladh ar L\u00e1 le Stiof\u00e1in agus d&#8217;fh\u00e9ach an l\u00edon c\u00e9anna ar chl\u00e1r ceili\u00fartha Philomena Begley <strong>Opry Philomena @ 60<\/strong> ar an 28\u00fa Nollaig.<br \/>\n&nbsp;<\/p>\n<p>L\u00e9ir\u00edodh an-sp\u00e9is i gcl\u00e1racha faisn\u00e9ise nua TG4 thar Nollaig.  70,000 a d&#8217;fh\u00e9ach ar an gcl\u00e1r faisn\u00e9ise siamsi\u00fail faoin aisteoir \u00c9ireannach Peter O&#8217;Toole, <strong>Peter O&#8217;Toole R\u00e9alta &#038; R\u00f3gaire<\/strong> a craoladh L\u00e1 Nollag.  Ar L\u00e1 Fh\u00e9ile Stiof\u00e1in, 60,000 duine a d&#8217;fh\u00e9ach Doireann N\u00ed Ghlac\u00e1in agus \u00ed ar triail tuilleadh a fh\u00e1il amach faoina seanathair Se\u00e1n \u00d3 Riada, caoga bliain tar \u00e9is a bh\u00e1is i <strong>Se\u00e1n \u00d3 Riada \u2013 Mo Sheanathair<\/strong>.<br \/>\n&nbsp;<\/p>\n<p>D&#8217;fh\u00e9ach 51,000 ar an gcl\u00e1r \u00f3m\u00f3is do bhainisteoir fhoireann Peile Ban Chorca\u00ed nach maireann, <strong>\u00c9amonn Ryan: An M\u00e1istir<\/strong>. Ar o\u00edche L\u00e1 Nollag, d&#8217;fh\u00e9adh 54,000 duine ar <strong>Joe Burke &#8211; Ceili\u00faradh<\/strong> faoin mboscad\u00f3ir Joe Burke as Oirthear na Gaillimhe a d&#8217;imigh ar shl\u00ed na f\u00edrinne i bhFeabhra 2021.<\/p>\n<p>Ar O\u00edche Chinn Bhliana mheall an f\u00e9asta ceoil as R\u00e1th Chairn <strong>F\u00e1ilte 2022<\/strong> a bh\u00ed curtha i l\u00e1thair ag D\u00e1ith\u00ed \u00d3 S\u00e9 agus Orla N\u00ed Fhinneadha 58,000 duine.<br \/>\n&nbsp;<\/p>\n<p>D\u00fairt <strong>Ard-Sti\u00farth\u00f3ir TG4 Alan Esslemont<\/strong>, <em>\u201cBa mhaith liom bu\u00edochas \u00f3 chro\u00ed a ghlacadh le foireann TG4, len\u00e1r l\u00e9iritheoir\u00ed agus len\u00e1r gcomhph\u00e1irtithe ar fad a chinntigh go raibh Nollaig mh\u00f3r mhaith ag lucht f\u00e9achana TG4 in ainneoin gach d\u00fashl\u00e1n a chuir Covid-Omicron in\u00e1r sl\u00ed i gcaitheamh thr\u00e9imhse na F\u00e9ile Nollag.  T\u00e1 gach slat tomhais at\u00e1 againn ag l\u00e9iri\u00fa go bhfuil an pobal \u00c9ireannach an-chean\u00fail ar TG4 mar chain\u00e9al agus mar bhranda agus is \u00e1bhar s\u00e1stachta d\u00fainn an m\u00e9ad\u00fa suntasach bliain ar bhliain seo a chl\u00e1r\u00fa agus muid ag tabhairt faoi 2022 le misneach agus le d\u00f3chas.\u201d<\/em><br \/>\n&nbsp;<br \/>\n&nbsp;<\/p>\n","protected":false},"excerpt":{"rendered":"<p>&nbsp; Th\u00e1inig m\u00e9ad\u00fa 25% ar lucht f\u00e9achana TG4 thar thr\u00e9imhse na Nollag 2021 i gcompar\u00e1id le aimsir na Nollag 2020. De r\u00e9ir TAM Ireland\/Nielsen, bh\u00ed sciar laeth\u00fail de 2.8% ar an me\u00e1n ag TG4 idir O\u00edche Nollag agus L\u00e1 Caille, sciar de 2.2% a bh\u00ed ag TG4 le linn na Nollag in 2020. Bh\u00ed aimsi\u00fa [&hellip;]<\/p>\n","protected":false},"author":876,"featured_media":0,"parent":138171,"menu_order":0,"comment_status":"closed","ping_status":"closed","template":"page-templates\/template-pr.php","meta":{"_acf_changed":false,"footnotes":""},"acf":[],"yoast_head":"<!-- This site is optimized with the Yoast SEO plugin v22.6 - https:\/\/yoast.com\/wordpress\/plugins\/seo\/ -->\n<title>M\u00e9ad\u00fa M\u00f3r ar Lucht F\u00e9achana TG4 le linn na Nollag | Preas R\u00e1iteas | TG4<\/title>\n<meta name=\"description\" content=\"Th\u00e1inig m\u00e9ad\u00fa 25% ar lucht f\u00e9achana TG4 thar thr\u00e9imhse na Nollag 2021 i gcompar\u00e1id le aimsir na Nollag 2020.\" \/>\n<meta name=\"robots\" content=\"index, follow, max-snippet:-1, max-image-preview:large, max-video-preview:-1\" \/>\n<meta property=\"og:locale\" content=\"en_US\" \/>\n<meta property=\"og:type\" content=\"article\" \/>\n<meta property=\"og:title\" content=\"M\u00e9ad\u00fa M\u00f3r ar Lucht F\u00e9achana TG4 le linn na Nollag | Preas R\u00e1iteas | TG4\" \/>\n<meta property=\"og:description\" content=\"Th\u00e1inig m\u00e9ad\u00fa 25% ar lucht f\u00e9achana TG4 thar thr\u00e9imhse na Nollag 2021 i gcompar\u00e1id le aimsir na Nollag 2020.\" \/>\n<meta property=\"og:url\" content=\"https:\/\/dev.tg4.ie\/ga\/eolas\/preas\/nuacht-raitis\/2022-2\/meadu-mor-ar-lucht-feachana-tg4-le-linn-na-nollag\/\" \/>\n<meta property=\"og:site_name\" content=\"TG4\" \/>\n<meta property=\"article:publisher\" content=\"https:\/\/www.facebook.com\/TG4TV\" \/>\n<meta property=\"og:image\" content=\"https:\/\/tg4-docs.s3.amazonaws.com\/tg4-redesign-2015\/wp-content\/uploads\/2021\/12\/PeterOToole-1-1920x1080-1.jpg\" \/>\n\t<meta property=\"og:image:width\" content=\"1920\" \/>\n\t<meta property=\"og:image:height\" content=\"1080\" \/>\n\t<meta property=\"og:image:type\" content=\"image\/jpeg\" \/>\n<meta name=\"twitter:card\" content=\"summary_large_image\" \/>\n<meta name=\"twitter:image\" content=\"https:\/\/tg4-docs.s3.amazonaws.com\/tg4-redesign-2015\/wp-content\/uploads\/2021\/12\/PeterOToole-1-1920x1080-1.jpg\" \/>\n<meta name=\"twitter:site\" content=\"@TG4TV\" \/>\n<meta name=\"twitter:label1\" content=\"Est. reading time\" \/>\n\t<meta name=\"twitter:data1\" content=\"8 minutes\" \/>\n<script type=\"application\/ld+json\" class=\"yoast-schema-graph\">{\"@context\":\"https:\/\/schema.org\",\"@graph\":[{\"@type\":\"WebPage\",\"@id\":\"https:\/\/dev.tg4.ie\/ga\/eolas\/preas\/nuacht-raitis\/2022-2\/meadu-mor-ar-lucht-feachana-tg4-le-linn-na-nollag\/\",\"url\":\"https:\/\/dev.tg4.ie\/ga\/eolas\/preas\/nuacht-raitis\/2022-2\/meadu-mor-ar-lucht-feachana-tg4-le-linn-na-nollag\/\",\"name\":\"M\u00e9ad\u00fa M\u00f3r ar Lucht F\u00e9achana TG4 le linn na Nollag | Preas R\u00e1iteas | TG4\",\"isPartOf\":{\"@id\":\"https:\/\/dev.tg4.ie\/en\/#website\"},\"primaryImageOfPage\":{\"@id\":\"https:\/\/dev.tg4.ie\/ga\/eolas\/preas\/nuacht-raitis\/2022-2\/meadu-mor-ar-lucht-feachana-tg4-le-linn-na-nollag\/#primaryimage\"},\"image\":{\"@id\":\"https:\/\/dev.tg4.ie\/ga\/eolas\/preas\/nuacht-raitis\/2022-2\/meadu-mor-ar-lucht-feachana-tg4-le-linn-na-nollag\/#primaryimage\"},\"thumbnailUrl\":\"https:\/\/dev.tg4.ie\/wp-content\/uploads\/2021\/12\/PeterOToole-1-1920x1080-1.jpg\",\"datePublished\":\"2022-01-11T10:20:19+00:00\",\"dateModified\":\"2022-01-11T10:20:19+00:00\",\"description\":\"Th\u00e1inig m\u00e9ad\u00fa 25% ar lucht f\u00e9achana TG4 thar thr\u00e9imhse na Nollag 2021 i gcompar\u00e1id le aimsir na Nollag 2020.\",\"breadcrumb\":{\"@id\":\"https:\/\/dev.tg4.ie\/ga\/eolas\/preas\/nuacht-raitis\/2022-2\/meadu-mor-ar-lucht-feachana-tg4-le-linn-na-nollag\/#breadcrumb\"},\"inLanguage\":\"ga\",\"potentialAction\":[{\"@type\":\"ReadAction\",\"target\":[\"https:\/\/dev.tg4.ie\/ga\/eolas\/preas\/nuacht-raitis\/2022-2\/meadu-mor-ar-lucht-feachana-tg4-le-linn-na-nollag\/\"]}]},{\"@type\":\"ImageObject\",\"inLanguage\":\"ga\",\"@id\":\"https:\/\/dev.tg4.ie\/ga\/eolas\/preas\/nuacht-raitis\/2022-2\/meadu-mor-ar-lucht-feachana-tg4-le-linn-na-nollag\/#primaryimage\",\"url\":\"https:\/\/dev.tg4.ie\/wp-content\/uploads\/2021\/12\/PeterOToole-1-1920x1080-1.jpg\",\"contentUrl\":\"https:\/\/dev.tg4.ie\/wp-content\/uploads\/2021\/12\/PeterOToole-1-1920x1080-1.jpg\"},{\"@type\":\"BreadcrumbList\",\"@id\":\"https:\/\/dev.tg4.ie\/ga\/eolas\/preas\/nuacht-raitis\/2022-2\/meadu-mor-ar-lucht-feachana-tg4-le-linn-na-nollag\/#breadcrumb\",\"itemListElement\":[{\"@type\":\"ListItem\",\"position\":1,\"name\":\"Home\",\"item\":\"https:\/\/dev.tg4.ie\/ga\/\"},{\"@type\":\"ListItem\",\"position\":2,\"name\":\"Eolas\",\"item\":\"https:\/\/dev.tg4.ie\/ga\/eolas\/\"},{\"@type\":\"ListItem\",\"position\":3,\"name\":\"Preas\",\"item\":\"https:\/\/dev.tg4.ie\/ga\/eolas\/preas\/\"},{\"@type\":\"ListItem\",\"position\":4,\"name\":\"Nuacht R\u00e1itis\",\"item\":\"https:\/\/dev.tg4.ie\/ga\/eolas\/preas\/nuacht-raitis\/\"},{\"@type\":\"ListItem\",\"position\":5,\"name\":\"2022\",\"item\":\"https:\/\/dev.tg4.ie\/ga\/eolas\/preas\/nuacht-raitis\/2022-2\/\"},{\"@type\":\"ListItem\",\"position\":6,\"name\":\"M\u00e9ad\u00fa M\u00f3r ar Lucht F\u00e9achana TG4 le linn na Nollag\"}]},{\"@type\":\"WebSite\",\"@id\":\"https:\/\/dev.tg4.ie\/en\/#website\",\"url\":\"https:\/\/dev.tg4.ie\/en\/\",\"name\":\"TG4\",\"description\":\"S\u00fail Eile\",\"potentialAction\":[{\"@type\":\"SearchAction\",\"target\":{\"@type\":\"EntryPoint\",\"urlTemplate\":\"https:\/\/dev.tg4.ie\/en\/?s={search_term_string}\"},\"query-input\":\"required name=search_term_string\"}],\"inLanguage\":\"ga\"}]}<\/script>\n<!-- \/ Yoast SEO plugin. -->","yoast_head_json":{"title":"M\u00e9ad\u00fa M\u00f3r ar Lucht F\u00e9achana TG4 le linn na Nollag | Preas R\u00e1iteas | TG4","description":"Th\u00e1inig m\u00e9ad\u00fa 25% ar lucht f\u00e9achana TG4 thar thr\u00e9imhse na Nollag 2021 i gcompar\u00e1id le aimsir na Nollag 2020.","robots":{"index":"index","follow":"follow","max-snippet":"max-snippet:-1","max-image-preview":"max-image-preview:large","max-video-preview":"max-video-preview:-1"},"og_locale":"en_US","og_type":"article","og_title":"M\u00e9ad\u00fa M\u00f3r ar Lucht F\u00e9achana TG4 le linn na Nollag | Preas R\u00e1iteas | TG4","og_description":"Th\u00e1inig m\u00e9ad\u00fa 25% ar lucht f\u00e9achana TG4 thar thr\u00e9imhse na Nollag 2021 i gcompar\u00e1id le aimsir na Nollag 2020.","og_url":"https:\/\/dev.tg4.ie\/ga\/eolas\/preas\/nuacht-raitis\/2022-2\/meadu-mor-ar-lucht-feachana-tg4-le-linn-na-nollag\/","og_site_name":"TG4","article_publisher":"https:\/\/www.facebook.com\/TG4TV","og_image":[{"width":1920,"height":1080,"url":"https:\/\/tg4-docs.s3.amazonaws.com\/tg4-redesign-2015\/wp-content\/uploads\/2021\/12\/PeterOToole-1-1920x1080-1.jpg","type":"image\/jpeg"}],"twitter_card":"summary_large_image","twitter_image":"https:\/\/tg4-docs.s3.amazonaws.com\/tg4-redesign-2015\/wp-content\/uploads\/2021\/12\/PeterOToole-1-1920x1080-1.jpg","twitter_site":"@TG4TV","twitter_misc":{"Est. reading time":"8 minutes"},"schema":{"@context":"https:\/\/schema.org","@graph":[{"@type":"WebPage","@id":"https:\/\/dev.tg4.ie\/ga\/eolas\/preas\/nuacht-raitis\/2022-2\/meadu-mor-ar-lucht-feachana-tg4-le-linn-na-nollag\/","url":"https:\/\/dev.tg4.ie\/ga\/eolas\/preas\/nuacht-raitis\/2022-2\/meadu-mor-ar-lucht-feachana-tg4-le-linn-na-nollag\/","name":"M\u00e9ad\u00fa M\u00f3r ar Lucht F\u00e9achana TG4 le linn na Nollag | Preas R\u00e1iteas | TG4","isPartOf":{"@id":"https:\/\/dev.tg4.ie\/en\/#website"},"primaryImageOfPage":{"@id":"https:\/\/dev.tg4.ie\/ga\/eolas\/preas\/nuacht-raitis\/2022-2\/meadu-mor-ar-lucht-feachana-tg4-le-linn-na-nollag\/#primaryimage"},"image":{"@id":"https:\/\/dev.tg4.ie\/ga\/eolas\/preas\/nuacht-raitis\/2022-2\/meadu-mor-ar-lucht-feachana-tg4-le-linn-na-nollag\/#primaryimage"},"thumbnailUrl":"https:\/\/dev.tg4.ie\/wp-content\/uploads\/2021\/12\/PeterOToole-1-1920x1080-1.jpg","datePublished":"2022-01-11T10:20:19+00:00","dateModified":"2022-01-11T10:20:19+00:00","description":"Th\u00e1inig m\u00e9ad\u00fa 25% ar lucht f\u00e9achana TG4 thar thr\u00e9imhse na Nollag 2021 i gcompar\u00e1id le aimsir na Nollag 2020.","breadcrumb":{"@id":"https:\/\/dev.tg4.ie\/ga\/eolas\/preas\/nuacht-raitis\/2022-2\/meadu-mor-ar-lucht-feachana-tg4-le-linn-na-nollag\/#breadcrumb"},"inLanguage":"ga","potentialAction":[{"@type":"ReadAction","target":["https:\/\/dev.tg4.ie\/ga\/eolas\/preas\/nuacht-raitis\/2022-2\/meadu-mor-ar-lucht-feachana-tg4-le-linn-na-nollag\/"]}]},{"@type":"ImageObject","inLanguage":"ga","@id":"https:\/\/dev.tg4.ie\/ga\/eolas\/preas\/nuacht-raitis\/2022-2\/meadu-mor-ar-lucht-feachana-tg4-le-linn-na-nollag\/#primaryimage","url":"https:\/\/dev.tg4.ie\/wp-content\/uploads\/2021\/12\/PeterOToole-1-1920x1080-1.jpg","contentUrl":"https:\/\/dev.tg4.ie\/wp-content\/uploads\/2021\/12\/PeterOToole-1-1920x1080-1.jpg"},{"@type":"BreadcrumbList","@id":"https:\/\/dev.tg4.ie\/ga\/eolas\/preas\/nuacht-raitis\/2022-2\/meadu-mor-ar-lucht-feachana-tg4-le-linn-na-nollag\/#breadcrumb","itemListElement":[{"@type":"ListItem","position":1,"name":"Home","item":"https:\/\/dev.tg4.ie\/ga\/"},{"@type":"ListItem","position":2,"name":"Eolas","item":"https:\/\/dev.tg4.ie\/ga\/eolas\/"},{"@type":"ListItem","position":3,"name":"Preas","item":"https:\/\/dev.tg4.ie\/ga\/eolas\/preas\/"},{"@type":"ListItem","position":4,"name":"Nuacht R\u00e1itis","item":"https:\/\/dev.tg4.ie\/ga\/eolas\/preas\/nuacht-raitis\/"},{"@type":"ListItem","position":5,"name":"2022","item":"https:\/\/dev.tg4.ie\/ga\/eolas\/preas\/nuacht-raitis\/2022-2\/"},{"@type":"ListItem","position":6,"name":"M\u00e9ad\u00fa M\u00f3r ar Lucht F\u00e9achana TG4 le linn na Nollag"}]},{"@type":"WebSite","@id":"https:\/\/dev.tg4.ie\/en\/#website","url":"https:\/\/dev.tg4.ie\/en\/","name":"TG4","description":"S\u00fail Eile","potentialAction":[{"@type":"SearchAction","target":{"@type":"EntryPoint","urlTemplate":"https:\/\/dev.tg4.ie\/en\/?s={search_term_string}"},"query-input":"required name=search_term_string"}],"inLanguage":"ga"}]}},"_links":{"self":[{"href":"https:\/\/dev.tg4.ie\/ga\/wp-json\/wp\/v2\/pages\/138174"}],"collection":[{"href":"https:\/\/dev.tg4.ie\/ga\/wp-json\/wp\/v2\/pages"}],"about":[{"href":"https:\/\/dev.tg4.ie\/ga\/wp-json\/wp\/v2\/types\/page"}],"author":[{"embeddable":true,"href":"https:\/\/dev.tg4.ie\/ga\/wp-json\/wp\/v2\/users\/876"}],"replies":[{"embeddable":true,"href":"https:\/\/dev.tg4.ie\/ga\/wp-json\/wp\/v2\/comments?post=138174"}],"version-history":[{"count":0,"href":"https:\/\/dev.tg4.ie\/ga\/wp-json\/wp\/v2\/pages\/138174\/revisions"}],"up":[{"embeddable":true,"href":"https:\/\/dev.tg4.ie\/ga\/wp-json\/wp\/v2\/pages\/138171"}],"wp:attachment":[{"href":"https:\/\/dev.tg4.ie\/ga\/wp-json\/wp\/v2\/media?parent=138174"}],"curies":[{"name":"wp","href":"https:\/\/api.w.org\/{rel}","templated":true}]}}