{"id":13835,"date":"2016-02-09T19:30:11","date_gmt":"2016-02-09T19:30:11","guid":{"rendered":"https:\/\/dev.tg4.ie\/?page_id=13835"},"modified":"2019-06-24T16:13:53","modified_gmt":"2019-06-24T15:13:53","slug":"09-02-16","status":"publish","type":"page","link":"https:\/\/dev.tg4.ie\/ga\/eolas\/preas\/nuacht-raitis\/2016-2\/09-02-16\/","title":{"rendered":"09.02.16"},"content":{"rendered":"<h2>Strait\u00e9is togch\u00e1in Fhianna F\u00e1il n\u00edos \u00e9ifeachta\u00ed na Sinn F\u00e9in i nD\u00fan na nGall<\/h2>\n<h3>Tortha\u00ed suimi\u00fala ar f\u00e1il \u00f3 Phobalbhreith nua TG4<\/h3>\n<p>D\u2019fh\u00e9adfadh Sinn F\u00e9in a bheith th\u00edos lena strait\u00e9is tri\u00far iarrth\u00f3ir\u00ed a chur chun p\u00e1irce i nD\u00e1ilcheantar ch\u00f3nasctha nua Dh\u00fan na nGall, de r\u00e9ir na dtortha\u00ed \u00f3 phobalbhreith nua a choimisi\u00fanaigh agus a chraol an clar <em>V\u00f3ta 2016 <\/em>\u00a0ar TG4 tr\u00e1thn\u00f3na.\u00a0\u00a0\u00a0 Tugann an pobalbhreith \u00fadar\u00e1sach seo, a rinne an comhlacht aitheanta MRBI, go bhfuil seans l\u00e1idir ag Fianna F\u00e1il dh\u00e1 shu\u00edoch\u00e1n a bhuachan sa D\u00e1ilcheantar nua 5 shu\u00edoch\u00e1n san Olltogch\u00e1n agus go mbeidh Pat C\u00f3p \u00d3 Gallch\u00f3ir ar filleadh ar Dh\u00e1il \u00c9ireann ag deireadh na m\u00edosa.<\/p>\n<p>Go deimhin, t\u00e1 fianaise \u00e1irithe sa bpobalbhreith go mbeidh br\u00fa ar Shinn F\u00e9in an dara Teachta D\u00e1la a thabhairt chun na D\u00e1la as D\u00fan na nGall, b\u00edodh is go raibh beirt Theachta\u00ed aige le ch\u00faig bhliana anuas nuair a bh\u00ed an contae roinnte ina dh\u00e1 Dh\u00e1ilcheantar.<\/p>\n<p>L\u00e9ir\u00edonn na figi\u00fair\u00ed gur d\u00f3igh go dtoghfar Joe McHugh d\u2019Fhine Gael, an t\u00e9 a bh\u00ed ina Aire St\u00e1it Gaeltachta sa dara leath de thr\u00e9imhse na D\u00e1la seo caite.\u00a0 Beidh s\u00e9 ina dhian-choimhlint don su\u00edoch\u00e1n deireanach, de r\u00e9ir na bhfigi\u00fair\u00ed seo, agus Thomas Pringle, Teachta neamhsple\u00e1ch le ch\u00faig bhliana faoi bhr\u00fa \u00f3 neamhsple\u00e1igh eile agus \u00f3 na p\u00e1irtithe m\u00f3ra freisin.<\/p>\n<p>&nbsp;<\/p>\n<p><strong>Taca\u00edocht na bP\u00e1irtithe i nD\u00e1ilcheantar Dh\u00fan na nGall <\/strong>(V\u00f3ta Uimhir 1)<\/p>\n<table>\n<tbody>\n<tr>\n<td width=\"40%\">Sinn F\u00e9in\u00a0\u00a0 (SF)<\/td>\n<td>30%<\/td>\n<\/tr>\n<tr>\n<td>Fianna F\u00e1il (FF)<\/td>\n<td>30%<\/td>\n<\/tr>\n<tr>\n<td>Fine Gael (FG)<\/td>\n<td>17%<\/td>\n<\/tr>\n<tr>\n<td>Neamhsple\u00e1ch(NS)<\/td>\n<td>23%<\/td>\n<\/tr>\n<\/tbody>\n<\/table>\n<p>&nbsp;<\/p>\n<p><strong>Taca\u00edocht na nIarrth\u00f3ir\u00ed\u00a0\u00a0\u00a0\u00a0 <\/strong>(V\u00f3ta Uimhir 1)<\/p>\n<table>\n<tbody>\n<tr>\n<td width=\"40%\">Pearse Doherty\u00a0 (SF)<\/td>\n<td>19%<\/td>\n<\/tr>\n<tr>\n<td>Charlie McConalogue\u00a0 (FF)<\/td>\n<td>17%<\/td>\n<\/tr>\n<tr>\n<td>Joe McHugh\u00a0 (FG)<\/td>\n<td>13%<\/td>\n<\/tr>\n<tr>\n<td>Pat the Cope Gallagher\u00a0 (FF)<\/td>\n<td>13%<\/td>\n<\/tr>\n<tr>\n<td>P\u00e1draig Mac Lochlainn\u00a0 (SF)<\/td>\n<td>9%<\/td>\n<\/tr>\n<tr>\n<td>Thomas Pringle\u00a0 (NS)<\/td>\n<td>7%<\/td>\n<\/tr>\n<tr>\n<td>Dessie Shiels\u00a0 (NS)<\/td>\n<td>7%<\/td>\n<\/tr>\n<tr>\n<td>Paddy Harte\u00a0 (FG)<\/td>\n<td>4%<\/td>\n<\/tr>\n<tr>\n<td>Frank McBrearty Jnr\u00a0 (NS)<\/td>\n<td>4%<\/td>\n<\/tr>\n<tr>\n<td>Tim Jackson\u00a0 (NS)<\/td>\n<td>3%<\/td>\n<\/tr>\n<tr>\n<td>Gary Doherty\u00a0 (SF)<\/td>\n<td>2%<\/td>\n<\/tr>\n<tr>\n<td>Ian McGarvey\u00a0 (NS)<\/td>\n<td>2%<\/td>\n<\/tr>\n<tr>\n<td>Niamh Kennedy\u00a0 (NS)<\/td>\n<td>2%<\/td>\n<\/tr>\n<\/tbody>\n<\/table>\n<p>&nbsp;<\/p>\n<p>T\u00e1 coic\u00eds f\u00e1gtha\u00a0 sa bhfeachtas Olltoghch\u00e1in agus\u00a0 is mairg a dh\u00e9anfadh tuar cr\u00edochn\u00fail.\u00a0 Ach is l\u00e9ir go bhfuil FF go maith chun tosaigh sa D\u00e1ilcheantar seo ar a scair n\u00e1isi\u00fanta reatha.\u00a0 Bunaithe ar na figi\u00fairi \u00e1iti\u00fala sin, d\u2019fh\u00e9adfadh an p\u00e1irt\u00ed dh\u00e1 shu\u00edoch\u00e1n a bhuachan i nD\u00fan na nGall.\u00a0\u00a0\u00a0 Agus FF ag d\u00e9anamh chomh maith sin, n\u00ed thig le SF a bheith cinnte den dara su\u00edoch\u00e1n, toradh a bh\u00ed \u00e1 thuar ag go leor tr\u00e1chtair\u00ed\u00a0 i bhfianaise na hard-taca\u00edochta at\u00e1 ag SF sa gcontae agus an dul chun cinn ina leibh\u00e9il taca\u00edochta n\u00e1isi\u00fanta le ch\u00faig bhliana anuas.<\/p>\n<p>Toghfar Piaras \u00d3 Dochartaigh (SF) don ch\u00e9ad su\u00edoch\u00e1n sa D\u00e1ilcheantar agus 19% den v\u00f3ta aige, chun cinn ar an gcu\u00f3ta.\u00a0\u00a0\u00a0 Beidh a chomghleaca\u00ed P\u00e1draig Mac Lochlainn\u00a0 ag\u00a0 s\u00fail le v\u00f3ta\u00ed aistrithe\u00a0 \u00f3n bhfu\u00edlleach sin n\u00edos deireanai sa gcomhaireamh agus braithfidh cinni\u00faint Mhic Lochlainn ar a l\u00edon sin, mar aon le roinnt c\u00fains\u00ed eile.<\/p>\n<p>De r\u00e9ir na dtortha\u00ed sa bpobalbhreith seo, is ag Charlie McConalogue\u00a0 (FF) a bheidh an dara su\u00edoch\u00e1n agus 17% den v\u00f3ta ch\u00e9ad rogha aige.\u00a0\u00a0 Bheadh an tri\u00fa agus an ceathr\u00fa su\u00edoch\u00e1n ag Pat The Cope \u00d3 Gallch\u00f3ir (FF) agus ag\u00a0 Joe McHugh, (FG), a bhfuil 13%\u00a0 den v\u00f3ta acu ar aon.\u00a0 Beidh an bheirt ag brath ar aistrithe ach bheif\u00ed ag s\u00fail go seasfaidh a ch\u00e1il ar fud an chontae agus a sheirbh\u00eds fhada mar Theachta D\u00e1la, Aire St\u00e1it agus mar Fheisire Eorpach don Ghallch\u00f3rach lena thabhairt sl\u00e1n agus\u00a0 go dtiocfaidh Joe McHugh sl\u00e1n le McuMcmabharfaidh taca\u00edocht aistrithe \u00f3 v\u00f3ta\u00ed Phaddy Harte, a chomhghleaca\u00ed at\u00e1 ag seasamh den ch\u00e9ad uair.<\/p>\n<p>Beidh an choimhlint don c\u00faigiu su\u00edoch\u00e1n i nD\u00fan na nGall thar a bheith teann.\u00a0 T\u00e1\u00a0 seans air ag P\u00e1draig Mac Lochlainn, (SF,\u00a0 9%), Thomas Pringle\u00a0 (NS\u00a0 7%) agus Dessie Shiels\u00a0 (Ind,\u00a0 7%).\u00a0\u00a0\u00a0 Braithfidh go leor ar an ord ina gcuirtear iarrth\u00f3ir\u00ed bhun an liosta as an \u00e1ireamh \u2013 agus ar an bhfu\u00edlleach v\u00f3ta\u00ed bheith ag Piaras \u00d3 Dochartaigh (agus iarrth\u00f3ir eile SF, Gary Doherty) do Mhac Lochlainn.\u00a0\u00a0 D\u2019fh\u00e9adfadh na neamhsple\u00e1igh Thomas Pringle agus Dessie Shiels, a bheith f\u00f3s san ioma\u00edocht ag deireadh an chomhairimh.<\/p>\n<p><strong>N\u00f3ta d\u2019eagarth\u00f3ir\u00ed<\/strong>:\u00a0\u00a0\u00a0 Is \u00e9 seo an ch\u00e9ad cheann de shraith 3 phobalbhreith at\u00e1 coimisi\u00fanaithe ag TG4 do Dh\u00e1ilcheantair ar ch\u00f3sta an Iarthair.\u00a0\u00a0\u00a0 An tseachtain seo chugainn ar <em>V\u00f3ta 2016<\/em>\u00a0 ( 7pm M\u00e1irt 16 Feabhra) craolfar na tortha\u00ed phobalbhreith nua MRBI ar Dh\u00e1ilcheantar Chiarra\u00ed.<\/p>\n<p>T\u00e1 Ailbhe \u00d3 Monach\u00e1in, comhfhreagra\u00ed <em>V\u00f3ta 2016<\/em>\u00a0 i nD\u00fan na nGall, ar f\u00e1il d\u2019agallaimh ar an bpobalbhreith nua seo sa D\u00e1ilcheantar.\u00a0 Teagmh\u00e1il: Linda N\u00ed Ghr\u00edofa 091 505228.\u00a0\u00a0 <a href=\"mailto:linda.ni.ghriofa@dev.tg4.ie\">linda.ni.ghriofa@dev.tg4.ie<\/a><\/p>\n<p>&nbsp;<\/p>\n<p><sub><em>N\u00f3ta ar mhodheola\u00edocht na pobalbhreithe<\/em>:\u00a0\u00a0\u00a0 Sampla 500 duine\u00a0 (18+ bliain) a bh\u00ed ag an bpobalbhreith seo a rinne an comhlacht Ipsos MRBI do TG4.\u00a0\u00a0 Rinneadh na hagallaimh D\u00e9ardaoin 4 agus Aoine 5 Feabhra i suirbh\u00e9 at\u00e1 de r\u00e9ir na dtreoirl\u00ednte at\u00e1 leagtha s\u00edos ag an Marketing Society of Ireland agus ESOMAR.\u00a0 Rinneadh na hagallaimh le\u00a0 CATI [Computer Aided Telephone Interviewing]. Roghna\u00edodh na rannph\u00e1irithe \u00f3 bhunachar sonra\u00ed comhdh\u00e9anta d\u2019uimhreacha tal\u00fan agus soghluaiste, bunachar a crutha\u00edodh le Diall\u00fa Randamach Digiteach (Random Digit Dialling.\u00a0\u00a0 B\u00edonn l\u00e1mh\u00e1il earr\u00e1ide m\u00f3ide\/l\u00faide 4%\u00a0i gceiste le suirbh\u00ed bunaithe ar shampla 500 duine).<\/sub><\/p>\n","protected":false},"excerpt":{"rendered":"<p>Strait\u00e9is togch\u00e1in Fhianna F\u00e1il n\u00edos \u00e9ifeachta\u00ed na Sinn F\u00e9in i nD\u00fan na nGall Tortha\u00ed suimi\u00fala ar f\u00e1il \u00f3 Phobalbhreith nua TG4 D\u2019fh\u00e9adfadh Sinn F\u00e9in a bheith th\u00edos lena strait\u00e9is tri\u00far iarrth\u00f3ir\u00ed a chur chun p\u00e1irce i nD\u00e1ilcheantar ch\u00f3nasctha nua Dh\u00fan na nGall, de r\u00e9ir na dtortha\u00ed \u00f3 phobalbhreith nua a choimisi\u00fanaigh agus a chraol an [&hellip;]<\/p>\n","protected":false},"author":876,"featured_media":0,"parent":6580,"menu_order":4,"comment_status":"closed","ping_status":"closed","template":"page-templates\/template-pr.php","meta":{"_acf_changed":false,"footnotes":""},"acf":[],"yoast_head":"<!-- This site is optimized with the Yoast SEO plugin v22.6 - https:\/\/yoast.com\/wordpress\/plugins\/seo\/ -->\n<title>09.02.16 - TG4<\/title>\n<meta name=\"robots\" content=\"index, follow, max-snippet:-1, max-image-preview:large, max-video-preview:-1\" \/>\n<meta property=\"og:locale\" content=\"en_US\" \/>\n<meta property=\"og:type\" content=\"article\" \/>\n<meta property=\"og:title\" content=\"09.02.16 - TG4\" \/>\n<meta property=\"og:description\" content=\"Strait\u00e9is togch\u00e1in Fhianna F\u00e1il n\u00edos \u00e9ifeachta\u00ed na Sinn F\u00e9in i nD\u00fan na nGall Tortha\u00ed suimi\u00fala ar f\u00e1il \u00f3 Phobalbhreith nua TG4 D\u2019fh\u00e9adfadh Sinn F\u00e9in a bheith th\u00edos lena strait\u00e9is tri\u00far iarrth\u00f3ir\u00ed a chur chun p\u00e1irce i nD\u00e1ilcheantar ch\u00f3nasctha nua Dh\u00fan na nGall, de r\u00e9ir na dtortha\u00ed \u00f3 phobalbhreith nua a choimisi\u00fanaigh agus a chraol an [&hellip;]\" \/>\n<meta property=\"og:url\" content=\"https:\/\/dev.tg4.ie\/ga\/eolas\/preas\/nuacht-raitis\/2016-2\/09-02-16\/\" \/>\n<meta property=\"og:site_name\" content=\"TG4\" \/>\n<meta property=\"article:publisher\" content=\"https:\/\/www.facebook.com\/TG4TV\" \/>\n<meta property=\"article:modified_time\" content=\"2019-06-24T15:13:53+00:00\" \/>\n<meta property=\"og:image\" content=\"https:\/\/tg4-docs.s3.amazonaws.com\/wp-content\/uploads\/2024\/11\/18151812\/TG4_2024_corcra_teal_1-1920x1080-1.jpg\" \/>\n\t<meta property=\"og:image:width\" content=\"1920\" \/>\n\t<meta property=\"og:image:height\" content=\"1080\" \/>\n\t<meta property=\"og:image:type\" content=\"image\/jpeg\" \/>\n<meta name=\"twitter:card\" content=\"summary_large_image\" \/>\n<meta name=\"twitter:site\" content=\"@TG4TV\" \/>\n<meta name=\"twitter:label1\" content=\"Est. reading time\" \/>\n\t<meta name=\"twitter:data1\" content=\"5 minutes\" \/>\n<script type=\"application\/ld+json\" class=\"yoast-schema-graph\">{\"@context\":\"https:\/\/schema.org\",\"@graph\":[{\"@type\":\"WebPage\",\"@id\":\"https:\/\/dev.tg4.ie\/ga\/eolas\/preas\/nuacht-raitis\/2016-2\/09-02-16\/\",\"url\":\"https:\/\/dev.tg4.ie\/ga\/eolas\/preas\/nuacht-raitis\/2016-2\/09-02-16\/\",\"name\":\"09.02.16 - TG4\",\"isPartOf\":{\"@id\":\"https:\/\/dev.tg4.ie\/en\/#website\"},\"datePublished\":\"2016-02-09T19:30:11+00:00\",\"dateModified\":\"2019-06-24T15:13:53+00:00\",\"breadcrumb\":{\"@id\":\"https:\/\/dev.tg4.ie\/ga\/eolas\/preas\/nuacht-raitis\/2016-2\/09-02-16\/#breadcrumb\"},\"inLanguage\":\"ga\",\"potentialAction\":[{\"@type\":\"ReadAction\",\"target\":[\"https:\/\/dev.tg4.ie\/ga\/eolas\/preas\/nuacht-raitis\/2016-2\/09-02-16\/\"]}]},{\"@type\":\"BreadcrumbList\",\"@id\":\"https:\/\/dev.tg4.ie\/ga\/eolas\/preas\/nuacht-raitis\/2016-2\/09-02-16\/#breadcrumb\",\"itemListElement\":[{\"@type\":\"ListItem\",\"position\":1,\"name\":\"Home\",\"item\":\"https:\/\/dev.tg4.ie\/ga\/\"},{\"@type\":\"ListItem\",\"position\":2,\"name\":\"Eolas\",\"item\":\"https:\/\/dev.tg4.ie\/ga\/eolas\/\"},{\"@type\":\"ListItem\",\"position\":3,\"name\":\"Preas\",\"item\":\"https:\/\/dev.tg4.ie\/ga\/eolas\/preas\/\"},{\"@type\":\"ListItem\",\"position\":4,\"name\":\"Nuacht R\u00e1itis\",\"item\":\"https:\/\/dev.tg4.ie\/ga\/eolas\/preas\/nuacht-raitis\/\"},{\"@type\":\"ListItem\",\"position\":5,\"name\":\"2016\",\"item\":\"https:\/\/dev.tg4.ie\/ga\/eolas\/preas\/nuacht-raitis\/2016-2\/\"},{\"@type\":\"ListItem\",\"position\":6,\"name\":\"09.02.16\"}]},{\"@type\":\"WebSite\",\"@id\":\"https:\/\/dev.tg4.ie\/en\/#website\",\"url\":\"https:\/\/dev.tg4.ie\/en\/\",\"name\":\"TG4\",\"description\":\"S\u00fail Eile\",\"potentialAction\":[{\"@type\":\"SearchAction\",\"target\":{\"@type\":\"EntryPoint\",\"urlTemplate\":\"https:\/\/dev.tg4.ie\/en\/?s={search_term_string}\"},\"query-input\":\"required name=search_term_string\"}],\"inLanguage\":\"ga\"}]}<\/script>\n<!-- \/ Yoast SEO plugin. -->","yoast_head_json":{"title":"09.02.16 - TG4","robots":{"index":"index","follow":"follow","max-snippet":"max-snippet:-1","max-image-preview":"max-image-preview:large","max-video-preview":"max-video-preview:-1"},"og_locale":"en_US","og_type":"article","og_title":"09.02.16 - TG4","og_description":"Strait\u00e9is togch\u00e1in Fhianna F\u00e1il n\u00edos \u00e9ifeachta\u00ed na Sinn F\u00e9in i nD\u00fan na nGall Tortha\u00ed suimi\u00fala ar f\u00e1il \u00f3 Phobalbhreith nua TG4 D\u2019fh\u00e9adfadh Sinn F\u00e9in a bheith th\u00edos lena strait\u00e9is tri\u00far iarrth\u00f3ir\u00ed a chur chun p\u00e1irce i nD\u00e1ilcheantar ch\u00f3nasctha nua Dh\u00fan na nGall, de r\u00e9ir na dtortha\u00ed \u00f3 phobalbhreith nua a choimisi\u00fanaigh agus a chraol an [&hellip;]","og_url":"https:\/\/dev.tg4.ie\/ga\/eolas\/preas\/nuacht-raitis\/2016-2\/09-02-16\/","og_site_name":"TG4","article_publisher":"https:\/\/www.facebook.com\/TG4TV","article_modified_time":"2019-06-24T15:13:53+00:00","og_image":[{"width":1920,"height":1080,"url":"https:\/\/tg4-docs.s3.amazonaws.com\/wp-content\/uploads\/2024\/11\/18151812\/TG4_2024_corcra_teal_1-1920x1080-1.jpg","type":"image\/jpeg"}],"twitter_card":"summary_large_image","twitter_site":"@TG4TV","twitter_misc":{"Est. reading time":"5 minutes"},"schema":{"@context":"https:\/\/schema.org","@graph":[{"@type":"WebPage","@id":"https:\/\/dev.tg4.ie\/ga\/eolas\/preas\/nuacht-raitis\/2016-2\/09-02-16\/","url":"https:\/\/dev.tg4.ie\/ga\/eolas\/preas\/nuacht-raitis\/2016-2\/09-02-16\/","name":"09.02.16 - TG4","isPartOf":{"@id":"https:\/\/dev.tg4.ie\/en\/#website"},"datePublished":"2016-02-09T19:30:11+00:00","dateModified":"2019-06-24T15:13:53+00:00","breadcrumb":{"@id":"https:\/\/dev.tg4.ie\/ga\/eolas\/preas\/nuacht-raitis\/2016-2\/09-02-16\/#breadcrumb"},"inLanguage":"ga","potentialAction":[{"@type":"ReadAction","target":["https:\/\/dev.tg4.ie\/ga\/eolas\/preas\/nuacht-raitis\/2016-2\/09-02-16\/"]}]},{"@type":"BreadcrumbList","@id":"https:\/\/dev.tg4.ie\/ga\/eolas\/preas\/nuacht-raitis\/2016-2\/09-02-16\/#breadcrumb","itemListElement":[{"@type":"ListItem","position":1,"name":"Home","item":"https:\/\/dev.tg4.ie\/ga\/"},{"@type":"ListItem","position":2,"name":"Eolas","item":"https:\/\/dev.tg4.ie\/ga\/eolas\/"},{"@type":"ListItem","position":3,"name":"Preas","item":"https:\/\/dev.tg4.ie\/ga\/eolas\/preas\/"},{"@type":"ListItem","position":4,"name":"Nuacht R\u00e1itis","item":"https:\/\/dev.tg4.ie\/ga\/eolas\/preas\/nuacht-raitis\/"},{"@type":"ListItem","position":5,"name":"2016","item":"https:\/\/dev.tg4.ie\/ga\/eolas\/preas\/nuacht-raitis\/2016-2\/"},{"@type":"ListItem","position":6,"name":"09.02.16"}]},{"@type":"WebSite","@id":"https:\/\/dev.tg4.ie\/en\/#website","url":"https:\/\/dev.tg4.ie\/en\/","name":"TG4","description":"S\u00fail Eile","potentialAction":[{"@type":"SearchAction","target":{"@type":"EntryPoint","urlTemplate":"https:\/\/dev.tg4.ie\/en\/?s={search_term_string}"},"query-input":"required name=search_term_string"}],"inLanguage":"ga"}]}},"_links":{"self":[{"href":"https:\/\/dev.tg4.ie\/ga\/wp-json\/wp\/v2\/pages\/13835"}],"collection":[{"href":"https:\/\/dev.tg4.ie\/ga\/wp-json\/wp\/v2\/pages"}],"about":[{"href":"https:\/\/dev.tg4.ie\/ga\/wp-json\/wp\/v2\/types\/page"}],"author":[{"embeddable":true,"href":"https:\/\/dev.tg4.ie\/ga\/wp-json\/wp\/v2\/users\/876"}],"replies":[{"embeddable":true,"href":"https:\/\/dev.tg4.ie\/ga\/wp-json\/wp\/v2\/comments?post=13835"}],"version-history":[{"count":0,"href":"https:\/\/dev.tg4.ie\/ga\/wp-json\/wp\/v2\/pages\/13835\/revisions"}],"up":[{"embeddable":true,"href":"https:\/\/dev.tg4.ie\/ga\/wp-json\/wp\/v2\/pages\/6580"}],"wp:attachment":[{"href":"https:\/\/dev.tg4.ie\/ga\/wp-json\/wp\/v2\/media?parent=13835"}],"curies":[{"name":"wp","href":"https:\/\/api.w.org\/{rel}","templated":true}]}}