{"id":138359,"date":"2022-01-18T10:06:04","date_gmt":"2022-01-18T10:06:04","guid":{"rendered":"https:\/\/dev.tg4.ie\/?page_id=138359"},"modified":"2022-01-18T10:06:04","modified_gmt":"2022-01-18T10:06:04","slug":"sciar-tg4-sa-phriomh-am-feachana-meadaithe-in-2021","status":"publish","type":"page","link":"https:\/\/dev.tg4.ie\/ga\/eolas\/preas\/nuacht-raitis\/2022-2\/sciar-tg4-sa-phriomh-am-feachana-meadaithe-in-2021\/","title":{"rendered":"Sciar TG4 sa Phr\u00edomh-am F\u00e9achana m\u00e9adaithe in 2021"},"content":{"rendered":"<p><a href=\"https:\/\/tg4-docs.s3.amazonaws.com\/tg4-redesign-2015\/wp-content\/uploads\/2022\/01\/TG4_2021_Lucht_Feachana-1920x1080-1.jpg\"><img loading=\"lazy\" decoding=\"async\" width=\"1920\" height=\"1080\" src=\"https:\/\/tg4-docs.s3.amazonaws.com\/tg4-redesign-2015\/wp-content\/uploads\/2022\/01\/TG4_2021_Lucht_Feachana-1920x1080-1.jpg\" alt=\"\" class=\"aligncenter size-full wp-image-138361\" srcset=\"https:\/\/tg4-docs.s3.amazonaws.com\/tg4-redesign-2015\/wp-content\/uploads\/2022\/01\/TG4_2021_Lucht_Feachana-1920x1080-1.jpg 1920w, https:\/\/tg4-docs.s3.amazonaws.com\/tg4-redesign-2015\/wp-content\/uploads\/2022\/01\/TG4_2021_Lucht_Feachana-1920x1080-1-250x141.jpg 250w, https:\/\/tg4-docs.s3.amazonaws.com\/tg4-redesign-2015\/wp-content\/uploads\/2022\/01\/TG4_2021_Lucht_Feachana-1920x1080-1-700x394.jpg 700w, https:\/\/tg4-docs.s3.amazonaws.com\/tg4-redesign-2015\/wp-content\/uploads\/2022\/01\/TG4_2021_Lucht_Feachana-1920x1080-1-252x141.jpg 252w, https:\/\/tg4-docs.s3.amazonaws.com\/tg4-redesign-2015\/wp-content\/uploads\/2022\/01\/TG4_2021_Lucht_Feachana-1920x1080-1-1536x864.jpg 1536w, https:\/\/tg4-docs.s3.amazonaws.com\/tg4-redesign-2015\/wp-content\/uploads\/2022\/01\/TG4_2021_Lucht_Feachana-1920x1080-1-120x68.jpg 120w\" sizes=\"(max-width: 1920px) 100vw, 1920px\" \/><\/a><br \/>\n&nbsp;<\/p>\n<p>D\u2019fh\u00e9ach 3.6m duine n\u00f3 81% den daonra ar TG4 am \u00e9igin le linn 2021.  Ba ionann an me\u00e1nsciar f\u00e9achana a bh\u00ed aige in 2021 agus 1.89%, m\u00e9ad\u00fa \u00f3 1.83% in 2020, agus bh\u00ed m\u00e9ad\u00fa ar sciar an phr\u00edomh-ama f\u00e9achana \u00f3 1.92% in 2020 go 2.05% in 2021. Is \u00e9 seo an ch\u00e9ad uair a raibh sciar os cionn 2% ag TG4 le linn pr\u00edomh-ama \u00f3 2013 i leith.<br \/>\n&nbsp;<\/p>\n<p>Ba \u00ed m\u00ed Bealtaine an mh\u00ed ab fhearr do TG4 \u00f3 thaobh sciar den lucht f\u00e9achana de. Bh\u00ed sciar 2.74% san ioml\u00e1n ag an st\u00e1isi\u00fan in aghaidh an lae i rith na m\u00edosa.  Ba \u00e9 829,000 duine ar an 23 Bealtaine an lucht f\u00e9achana laeth\u00fail ab airde le linn chluich\u00ed sraithe Allianz.<br \/>\n&nbsp;<\/p>\n<p>Bh\u00ed craoladh sp\u00f3irt chun tosaigh sna figi\u00fair\u00ed f\u00e9achana ar\u00eds in 2021.  Ba \u00e9 <strong>Rugba\u00ed Beo<\/strong> an cl\u00e1r is m\u00f3 faire sa bhliain, an Cluiche Ceannais Pro-14 idir C\u00faige Laighean agus C\u00faige Mumhan D\u00e9 Sathairn an 27 M\u00e1rta.  D&#8217;fh\u00e9ach 545,000 duine ar an gcluiche agus 229,000 lucht f\u00e9achana ar an me\u00e1n agus sciar 21.5% den lucht f\u00e9achana ag an am. Ba \u00e9 Cluiche Ceannais <strong>Pheil na mBan Beo<\/strong> idir an Mh\u00ed agus \u00c1th Cliath ar an 5 Me\u00e1n F\u00f3mhair an dara cl\u00e1r is m\u00f3 ar breathna\u00edodh air anuraidh. Bh\u00ed me\u00e1n lucht f\u00e9achana de 227,000 aige agus bh\u00ed sciar 29.9% ag an gcluiche.<br \/>\n&nbsp;<\/p>\n<p>D\u2019fh\u00e9ach 118,000 duine ar chl\u00e1r speisialta ceoil, amhr\u00e1na\u00edochta, agus eala\u00edne ar bhreithl\u00e1 an Uachtar\u00e1in Miche\u00e1l D. \u00d3 hUig\u00ednn, <strong>\u00d3m\u00f3s Michael D @ 80<\/strong>. Bh\u00ed sciar 9.1% den lucht f\u00e9achana ag an gcl\u00e1r ceili\u00fartha.  L\u00e9ir\u00edodh suim l\u00e1idir i gcl\u00e1racha faisn\u00e9ise TG4 ar\u00eds in 2021.  Ba \u00e9 an cl\u00e1r faisn\u00e9ise is m\u00f3 ar breathna\u00edodh air in 2021 n\u00e1 <strong>Martin McGuinness<\/strong>, cl\u00e1r a rinne scagadh ar shaol agus ar oidhreacht Martin McGuinness nach maireann.  Bh\u00ed me\u00e1n lucht f\u00e9achana de 75,000 ag an gcl\u00e1r faisn\u00e9ise.  Bh\u00ed an-t\u00f3ir ag an lucht f\u00e9achana ar chl\u00e1r faisn\u00e9ise faoi Pheig Sayers chomh maith.  Sa chl\u00e1r <strong>PEIG<\/strong>, bh\u00ed Sin\u00e9ad N\u00ed Uallach\u00e1in ar a d\u00edcheall ag iarraidh cuimhne na ndaoine ar Pheig a athr\u00fa. D&#8217;fh\u00e9ach 74,000 duine ar an gcl\u00e1r faisn\u00e9ise agus bh\u00ed me\u00e1nsciar 6.1% aige.<br \/>\n&nbsp;<\/p>\n<p>Bh\u00ed os cionn 3 milli\u00fan amharc ar Sheinnteoir TG4 anuraidh idir amhairc bheo agus VoD, m\u00e9ad\u00fa 15% ar 2020.  Th\u00e1inig m\u00e9ad\u00fa 33% ar an am ioml\u00e1n a breathna\u00edodh ar VoD in 2021 i gcompar\u00e1id leis an mbliain 2020.   Ba \u00e9 an cl\u00e1r faisn\u00e9ise is m\u00f3 a rabhthas ag faire air ar sheinnteoir TG4 n\u00e1 cl\u00e1r faisn\u00e9ise <strong>Laochra Gael<\/strong> faoi pheilead\u00f3ir Dh\u00fan na nGall Kevin Cassidy. Bh\u00ed <strong>S\u00edle Seoige: Deireadh Tochta<\/strong>, cl\u00e1r faisn\u00e9ise faoi leanbh a chailleadh sa mbroinn, ar an dara cl\u00e1r is m\u00f3 f\u00e9achana ar an seinnteoir in 2021.<br \/>\n&nbsp;<\/p>\n<p>Th\u00e1inig m\u00e9ad\u00fa 20 milli\u00fan ar radhairc ar na me\u00e1in sh\u00f3isialta in 2021, le 58 milli\u00fan amharc f\u00edse san ioml\u00e1n don bhliain.<br \/>\n&nbsp;<\/p>\n<p>D\u00fairt <strong>Alan Esslemont, Ard-Sti\u00farth\u00f3ir TG4<\/strong> <em>\u201cD&#8217;\u00e9irigh le TG4 an lucht f\u00e9achana a fh\u00e1s sa phr\u00edomh-am f\u00e9achana in 2021 den ch\u00e9ad uair \u00f3 2013. Is \u00e9acht ann fh\u00e9in \u00e9 seo a bhaint amach don fhoireann ar fad idir l\u00e9iritheoir\u00ed na gcl\u00e1r san earn\u00e1il neamhsple\u00e1ch agus foireann TG4. C\u00e9 gur lean na d\u00fashl\u00e1in a bhain leis an bpaind\u00e9im ar aghaidh in 2021, t\u00e1imid thar a bheith br\u00f3d\u00fail as an sceideal cl\u00e1r a mheall lucht f\u00e9achana l\u00e1idir chugainn.  Is l\u00e9ir go bhfuil gean ag an bpobal f\u00e9achana ar TG4 agus an luach at\u00e1 linn mar chraolt\u00f3ir seirbh\u00edse poibl\u00ed. T\u00e1imid bu\u00edoch den Rialtas as an taca\u00edocht a l\u00e9irigh siad do TG4 ar\u00eds in 2022 agus t\u00e1imid ag s\u00fail leis an mbliain amach romhainn.&#8221;<\/em><br \/>\n&nbsp;<br \/>\n&nbsp;<\/p>\n","protected":false},"excerpt":{"rendered":"<p>&nbsp; D\u2019fh\u00e9ach 3.6m duine n\u00f3 81% den daonra ar TG4 am \u00e9igin le linn 2021. Ba ionann an me\u00e1nsciar f\u00e9achana a bh\u00ed aige in 2021 agus 1.89%, m\u00e9ad\u00fa \u00f3 1.83% in 2020, agus bh\u00ed m\u00e9ad\u00fa ar sciar an phr\u00edomh-ama f\u00e9achana \u00f3 1.92% in 2020 go 2.05% in 2021. Is \u00e9 seo an ch\u00e9ad uair a [&hellip;]<\/p>\n","protected":false},"author":876,"featured_media":0,"parent":138171,"menu_order":1,"comment_status":"closed","ping_status":"closed","template":"page-templates\/template-pr.php","meta":{"_acf_changed":false,"footnotes":""},"acf":[],"yoast_head":"<!-- This site is optimized with the Yoast SEO plugin v22.6 - https:\/\/yoast.com\/wordpress\/plugins\/seo\/ -->\n<title>Sciar TG4 sa Phr\u00edomh-am F\u00e9achana m\u00e9adaithe in 2021 | Preas R\u00e1iteas | TG4<\/title>\n<meta name=\"description\" content=\"Mh\u00e9adaigh sciar TG4 le linn Pr\u00edomh-am F\u00e9achana in 2021 go dt\u00ed os cionn 2% den ch\u00e9ad uair \u00f3n mbliain 2013.\" \/>\n<meta name=\"robots\" content=\"index, follow, max-snippet:-1, max-image-preview:large, max-video-preview:-1\" \/>\n<meta property=\"og:locale\" content=\"en_US\" \/>\n<meta property=\"og:type\" content=\"article\" \/>\n<meta property=\"og:title\" content=\"Sciar TG4 sa Phr\u00edomh-am F\u00e9achana m\u00e9adaithe in 2021 | Preas R\u00e1iteas | TG4\" \/>\n<meta property=\"og:description\" content=\"Mh\u00e9adaigh sciar TG4 le linn Pr\u00edomh-am F\u00e9achana in 2021 go dt\u00ed os cionn 2% den ch\u00e9ad uair \u00f3n mbliain 2013.\" \/>\n<meta property=\"og:url\" content=\"https:\/\/dev.tg4.ie\/ga\/eolas\/preas\/nuacht-raitis\/2022-2\/sciar-tg4-sa-phriomh-am-feachana-meadaithe-in-2021\/\" \/>\n<meta property=\"og:site_name\" content=\"TG4\" \/>\n<meta property=\"article:publisher\" content=\"https:\/\/www.facebook.com\/TG4TV\" \/>\n<meta property=\"og:image\" content=\"https:\/\/tg4-docs.s3.amazonaws.com\/tg4-redesign-2015\/wp-content\/uploads\/2022\/01\/TG4_2021_Lucht_Feachana-1920x1080-1.jpg\" \/>\n\t<meta property=\"og:image:width\" content=\"1920\" \/>\n\t<meta property=\"og:image:height\" content=\"1080\" \/>\n\t<meta property=\"og:image:type\" content=\"image\/jpeg\" \/>\n<meta name=\"twitter:card\" content=\"summary_large_image\" \/>\n<meta name=\"twitter:image\" content=\"https:\/\/tg4-docs.s3.amazonaws.com\/tg4-redesign-2015\/wp-content\/uploads\/2022\/01\/TG4_2021_Lucht_Feachana-1920x1080-1.jpg\" \/>\n<meta name=\"twitter:site\" content=\"@TG4TV\" \/>\n<meta name=\"twitter:label1\" content=\"Est. reading time\" \/>\n\t<meta name=\"twitter:data1\" content=\"8 minutes\" \/>\n<script type=\"application\/ld+json\" class=\"yoast-schema-graph\">{\"@context\":\"https:\/\/schema.org\",\"@graph\":[{\"@type\":\"WebPage\",\"@id\":\"https:\/\/dev.tg4.ie\/ga\/eolas\/preas\/nuacht-raitis\/2022-2\/sciar-tg4-sa-phriomh-am-feachana-meadaithe-in-2021\/\",\"url\":\"https:\/\/dev.tg4.ie\/ga\/eolas\/preas\/nuacht-raitis\/2022-2\/sciar-tg4-sa-phriomh-am-feachana-meadaithe-in-2021\/\",\"name\":\"Sciar TG4 sa Phr\u00edomh-am F\u00e9achana m\u00e9adaithe in 2021 | Preas R\u00e1iteas | TG4\",\"isPartOf\":{\"@id\":\"https:\/\/dev.tg4.ie\/en\/#website\"},\"primaryImageOfPage\":{\"@id\":\"https:\/\/dev.tg4.ie\/ga\/eolas\/preas\/nuacht-raitis\/2022-2\/sciar-tg4-sa-phriomh-am-feachana-meadaithe-in-2021\/#primaryimage\"},\"image\":{\"@id\":\"https:\/\/dev.tg4.ie\/ga\/eolas\/preas\/nuacht-raitis\/2022-2\/sciar-tg4-sa-phriomh-am-feachana-meadaithe-in-2021\/#primaryimage\"},\"thumbnailUrl\":\"https:\/\/dev.tg4.ie\/wp-content\/uploads\/2022\/01\/TG4_2021_Lucht_Feachana-1920x1080-1.jpg\",\"datePublished\":\"2022-01-18T10:06:04+00:00\",\"dateModified\":\"2022-01-18T10:06:04+00:00\",\"description\":\"Mh\u00e9adaigh sciar TG4 le linn Pr\u00edomh-am F\u00e9achana in 2021 go dt\u00ed os cionn 2% den ch\u00e9ad uair \u00f3n mbliain 2013.\",\"breadcrumb\":{\"@id\":\"https:\/\/dev.tg4.ie\/ga\/eolas\/preas\/nuacht-raitis\/2022-2\/sciar-tg4-sa-phriomh-am-feachana-meadaithe-in-2021\/#breadcrumb\"},\"inLanguage\":\"ga\",\"potentialAction\":[{\"@type\":\"ReadAction\",\"target\":[\"https:\/\/dev.tg4.ie\/ga\/eolas\/preas\/nuacht-raitis\/2022-2\/sciar-tg4-sa-phriomh-am-feachana-meadaithe-in-2021\/\"]}]},{\"@type\":\"ImageObject\",\"inLanguage\":\"ga\",\"@id\":\"https:\/\/dev.tg4.ie\/ga\/eolas\/preas\/nuacht-raitis\/2022-2\/sciar-tg4-sa-phriomh-am-feachana-meadaithe-in-2021\/#primaryimage\",\"url\":\"https:\/\/dev.tg4.ie\/wp-content\/uploads\/2022\/01\/TG4_2021_Lucht_Feachana-1920x1080-1.jpg\",\"contentUrl\":\"https:\/\/dev.tg4.ie\/wp-content\/uploads\/2022\/01\/TG4_2021_Lucht_Feachana-1920x1080-1.jpg\"},{\"@type\":\"BreadcrumbList\",\"@id\":\"https:\/\/dev.tg4.ie\/ga\/eolas\/preas\/nuacht-raitis\/2022-2\/sciar-tg4-sa-phriomh-am-feachana-meadaithe-in-2021\/#breadcrumb\",\"itemListElement\":[{\"@type\":\"ListItem\",\"position\":1,\"name\":\"Home\",\"item\":\"https:\/\/dev.tg4.ie\/ga\/\"},{\"@type\":\"ListItem\",\"position\":2,\"name\":\"Eolas\",\"item\":\"https:\/\/dev.tg4.ie\/ga\/eolas\/\"},{\"@type\":\"ListItem\",\"position\":3,\"name\":\"Preas\",\"item\":\"https:\/\/dev.tg4.ie\/ga\/eolas\/preas\/\"},{\"@type\":\"ListItem\",\"position\":4,\"name\":\"Nuacht R\u00e1itis\",\"item\":\"https:\/\/dev.tg4.ie\/ga\/eolas\/preas\/nuacht-raitis\/\"},{\"@type\":\"ListItem\",\"position\":5,\"name\":\"2022\",\"item\":\"https:\/\/dev.tg4.ie\/ga\/eolas\/preas\/nuacht-raitis\/2022-2\/\"},{\"@type\":\"ListItem\",\"position\":6,\"name\":\"Sciar TG4 sa Phr\u00edomh-am F\u00e9achana m\u00e9adaithe in 2021\"}]},{\"@type\":\"WebSite\",\"@id\":\"https:\/\/dev.tg4.ie\/en\/#website\",\"url\":\"https:\/\/dev.tg4.ie\/en\/\",\"name\":\"TG4\",\"description\":\"S\u00fail Eile\",\"potentialAction\":[{\"@type\":\"SearchAction\",\"target\":{\"@type\":\"EntryPoint\",\"urlTemplate\":\"https:\/\/dev.tg4.ie\/en\/?s={search_term_string}\"},\"query-input\":\"required name=search_term_string\"}],\"inLanguage\":\"ga\"}]}<\/script>\n<!-- \/ Yoast SEO plugin. -->","yoast_head_json":{"title":"Sciar TG4 sa Phr\u00edomh-am F\u00e9achana m\u00e9adaithe in 2021 | Preas R\u00e1iteas | TG4","description":"Mh\u00e9adaigh sciar TG4 le linn Pr\u00edomh-am F\u00e9achana in 2021 go dt\u00ed os cionn 2% den ch\u00e9ad uair \u00f3n mbliain 2013.","robots":{"index":"index","follow":"follow","max-snippet":"max-snippet:-1","max-image-preview":"max-image-preview:large","max-video-preview":"max-video-preview:-1"},"og_locale":"en_US","og_type":"article","og_title":"Sciar TG4 sa Phr\u00edomh-am F\u00e9achana m\u00e9adaithe in 2021 | Preas R\u00e1iteas | TG4","og_description":"Mh\u00e9adaigh sciar TG4 le linn Pr\u00edomh-am F\u00e9achana in 2021 go dt\u00ed os cionn 2% den ch\u00e9ad uair \u00f3n mbliain 2013.","og_url":"https:\/\/dev.tg4.ie\/ga\/eolas\/preas\/nuacht-raitis\/2022-2\/sciar-tg4-sa-phriomh-am-feachana-meadaithe-in-2021\/","og_site_name":"TG4","article_publisher":"https:\/\/www.facebook.com\/TG4TV","og_image":[{"width":1920,"height":1080,"url":"https:\/\/tg4-docs.s3.amazonaws.com\/tg4-redesign-2015\/wp-content\/uploads\/2022\/01\/TG4_2021_Lucht_Feachana-1920x1080-1.jpg","type":"image\/jpeg"}],"twitter_card":"summary_large_image","twitter_image":"https:\/\/tg4-docs.s3.amazonaws.com\/tg4-redesign-2015\/wp-content\/uploads\/2022\/01\/TG4_2021_Lucht_Feachana-1920x1080-1.jpg","twitter_site":"@TG4TV","twitter_misc":{"Est. reading time":"8 minutes"},"schema":{"@context":"https:\/\/schema.org","@graph":[{"@type":"WebPage","@id":"https:\/\/dev.tg4.ie\/ga\/eolas\/preas\/nuacht-raitis\/2022-2\/sciar-tg4-sa-phriomh-am-feachana-meadaithe-in-2021\/","url":"https:\/\/dev.tg4.ie\/ga\/eolas\/preas\/nuacht-raitis\/2022-2\/sciar-tg4-sa-phriomh-am-feachana-meadaithe-in-2021\/","name":"Sciar TG4 sa Phr\u00edomh-am F\u00e9achana m\u00e9adaithe in 2021 | Preas R\u00e1iteas | TG4","isPartOf":{"@id":"https:\/\/dev.tg4.ie\/en\/#website"},"primaryImageOfPage":{"@id":"https:\/\/dev.tg4.ie\/ga\/eolas\/preas\/nuacht-raitis\/2022-2\/sciar-tg4-sa-phriomh-am-feachana-meadaithe-in-2021\/#primaryimage"},"image":{"@id":"https:\/\/dev.tg4.ie\/ga\/eolas\/preas\/nuacht-raitis\/2022-2\/sciar-tg4-sa-phriomh-am-feachana-meadaithe-in-2021\/#primaryimage"},"thumbnailUrl":"https:\/\/dev.tg4.ie\/wp-content\/uploads\/2022\/01\/TG4_2021_Lucht_Feachana-1920x1080-1.jpg","datePublished":"2022-01-18T10:06:04+00:00","dateModified":"2022-01-18T10:06:04+00:00","description":"Mh\u00e9adaigh sciar TG4 le linn Pr\u00edomh-am F\u00e9achana in 2021 go dt\u00ed os cionn 2% den ch\u00e9ad uair \u00f3n mbliain 2013.","breadcrumb":{"@id":"https:\/\/dev.tg4.ie\/ga\/eolas\/preas\/nuacht-raitis\/2022-2\/sciar-tg4-sa-phriomh-am-feachana-meadaithe-in-2021\/#breadcrumb"},"inLanguage":"ga","potentialAction":[{"@type":"ReadAction","target":["https:\/\/dev.tg4.ie\/ga\/eolas\/preas\/nuacht-raitis\/2022-2\/sciar-tg4-sa-phriomh-am-feachana-meadaithe-in-2021\/"]}]},{"@type":"ImageObject","inLanguage":"ga","@id":"https:\/\/dev.tg4.ie\/ga\/eolas\/preas\/nuacht-raitis\/2022-2\/sciar-tg4-sa-phriomh-am-feachana-meadaithe-in-2021\/#primaryimage","url":"https:\/\/dev.tg4.ie\/wp-content\/uploads\/2022\/01\/TG4_2021_Lucht_Feachana-1920x1080-1.jpg","contentUrl":"https:\/\/dev.tg4.ie\/wp-content\/uploads\/2022\/01\/TG4_2021_Lucht_Feachana-1920x1080-1.jpg"},{"@type":"BreadcrumbList","@id":"https:\/\/dev.tg4.ie\/ga\/eolas\/preas\/nuacht-raitis\/2022-2\/sciar-tg4-sa-phriomh-am-feachana-meadaithe-in-2021\/#breadcrumb","itemListElement":[{"@type":"ListItem","position":1,"name":"Home","item":"https:\/\/dev.tg4.ie\/ga\/"},{"@type":"ListItem","position":2,"name":"Eolas","item":"https:\/\/dev.tg4.ie\/ga\/eolas\/"},{"@type":"ListItem","position":3,"name":"Preas","item":"https:\/\/dev.tg4.ie\/ga\/eolas\/preas\/"},{"@type":"ListItem","position":4,"name":"Nuacht R\u00e1itis","item":"https:\/\/dev.tg4.ie\/ga\/eolas\/preas\/nuacht-raitis\/"},{"@type":"ListItem","position":5,"name":"2022","item":"https:\/\/dev.tg4.ie\/ga\/eolas\/preas\/nuacht-raitis\/2022-2\/"},{"@type":"ListItem","position":6,"name":"Sciar TG4 sa Phr\u00edomh-am F\u00e9achana m\u00e9adaithe in 2021"}]},{"@type":"WebSite","@id":"https:\/\/dev.tg4.ie\/en\/#website","url":"https:\/\/dev.tg4.ie\/en\/","name":"TG4","description":"S\u00fail Eile","potentialAction":[{"@type":"SearchAction","target":{"@type":"EntryPoint","urlTemplate":"https:\/\/dev.tg4.ie\/en\/?s={search_term_string}"},"query-input":"required name=search_term_string"}],"inLanguage":"ga"}]}},"_links":{"self":[{"href":"https:\/\/dev.tg4.ie\/ga\/wp-json\/wp\/v2\/pages\/138359"}],"collection":[{"href":"https:\/\/dev.tg4.ie\/ga\/wp-json\/wp\/v2\/pages"}],"about":[{"href":"https:\/\/dev.tg4.ie\/ga\/wp-json\/wp\/v2\/types\/page"}],"author":[{"embeddable":true,"href":"https:\/\/dev.tg4.ie\/ga\/wp-json\/wp\/v2\/users\/876"}],"replies":[{"embeddable":true,"href":"https:\/\/dev.tg4.ie\/ga\/wp-json\/wp\/v2\/comments?post=138359"}],"version-history":[{"count":0,"href":"https:\/\/dev.tg4.ie\/ga\/wp-json\/wp\/v2\/pages\/138359\/revisions"}],"up":[{"embeddable":true,"href":"https:\/\/dev.tg4.ie\/ga\/wp-json\/wp\/v2\/pages\/138171"}],"wp:attachment":[{"href":"https:\/\/dev.tg4.ie\/ga\/wp-json\/wp\/v2\/media?parent=138359"}],"curies":[{"name":"wp","href":"https:\/\/api.w.org\/{rel}","templated":true}]}}