{"id":138404,"date":"2022-01-19T10:39:05","date_gmt":"2022-01-19T10:39:05","guid":{"rendered":"https:\/\/dev.tg4.ie\/?page_id=138404"},"modified":"2022-01-19T10:39:05","modified_gmt":"2022-01-19T10:39:05","slug":"babhtai-nua-coimisiunaithe-fogartha-ag-tg4-don-earnail-neamhspleach-leiriuchain","status":"publish","type":"page","link":"https:\/\/dev.tg4.ie\/ga\/eolas\/preas\/nuacht-raitis\/2022-2\/babhtai-nua-coimisiunaithe-fogartha-ag-tg4-don-earnail-neamhspleach-leiriuchain\/","title":{"rendered":"Babhta\u00ed Nua Coimisi\u00fanaithe F\u00f3gartha ag TG4 don Earn\u00e1il Neamhsple\u00e1ch L\u00e9iri\u00fach\u00e1in"},"content":{"rendered":"<p><a href=\"https:\/\/tg4-docs.s3.amazonaws.com\/tg4-redesign-2015\/wp-content\/uploads\/2022\/01\/BLOC_Bi_an_Reabhloid_1-1920x1080-1.jpg\"><img loading=\"lazy\" decoding=\"async\" width=\"1920\" height=\"1080\" src=\"https:\/\/tg4-docs.s3.amazonaws.com\/tg4-redesign-2015\/wp-content\/uploads\/2022\/01\/BLOC_Bi_an_Reabhloid_1-1920x1080-1.jpg\" alt=\"\" class=\"aligncenter size-full wp-image-138405\" srcset=\"https:\/\/tg4-docs.s3.amazonaws.com\/tg4-redesign-2015\/wp-content\/uploads\/2022\/01\/BLOC_Bi_an_Reabhloid_1-1920x1080-1.jpg 1920w, https:\/\/tg4-docs.s3.amazonaws.com\/tg4-redesign-2015\/wp-content\/uploads\/2022\/01\/BLOC_Bi_an_Reabhloid_1-1920x1080-1-250x141.jpg 250w, https:\/\/tg4-docs.s3.amazonaws.com\/tg4-redesign-2015\/wp-content\/uploads\/2022\/01\/BLOC_Bi_an_Reabhloid_1-1920x1080-1-700x394.jpg 700w, https:\/\/tg4-docs.s3.amazonaws.com\/tg4-redesign-2015\/wp-content\/uploads\/2022\/01\/BLOC_Bi_an_Reabhloid_1-1920x1080-1-252x141.jpg 252w, https:\/\/tg4-docs.s3.amazonaws.com\/tg4-redesign-2015\/wp-content\/uploads\/2022\/01\/BLOC_Bi_an_Reabhloid_1-1920x1080-1-1536x864.jpg 1536w, https:\/\/tg4-docs.s3.amazonaws.com\/tg4-redesign-2015\/wp-content\/uploads\/2022\/01\/BLOC_Bi_an_Reabhloid_1-1920x1080-1-120x68.jpg 120w\" sizes=\"(max-width: 1920px) 100vw, 1920px\" \/><\/a><br \/>\n&nbsp;<\/p>\n<p>F\u00f3gra\u00edodh babhta\u00ed coimisi\u00fanaithe nua don mhaoini\u00fa breise a tugadh do TG4 i mBuis\u00e9ad 2022 ag \u00f3c\u00e1id bhliant\u00fail TG4, <em>L\u00e1 na L\u00e9iritheoir\u00ed<\/em>, inniu.  Re\u00e1cht\u00e1ladh an \u00f3c\u00e1id ar z\u00fam ar maidin inniu agus d&#8217;fhreastail suas le 130 ionada\u00ed \u00f3n earn\u00e1il l\u00e9iri\u00fach\u00e1in air.  Tugadh \u20ac4.2m sa mbreis do TG4 i gc\u00e1inaisn\u00e9is 2022, a thug buis\u00e9ad reatha TG4 go dt\u00ed \u20ac44.9m. F\u00f3gra\u00edodh r\u00e9imse leathan babhta\u00ed coimisi\u00fanaithe inniu a thac\u00f3idh le haidhmeanna an st\u00e1isi\u00fain ina strait\u00e9is <em>F\u00eds Tar \u00c9is Covid<\/em>.  T\u00e1 b\u00e9im ar leith sna babhta\u00ed nua ar an \u00f3ige agus ar lucht f\u00e9achana faoi 35 a mhealladh chuig TG4.  T\u00e1 s\u00e9 mar sprioc ag TG4 in 2022 tac\u00fa le forbairt na hearn\u00e1la l\u00e9iri\u00fach\u00e1in chun deiseanna a chruth\u00fa do dhaoine cumasacha nua at\u00e1 ag teacht chun cinn san earn\u00e1il.<br \/>\n&nbsp;<br \/>\nT\u00e1 coimisi\u00fain f\u00f3gartha chun lucht f\u00e9achana \u00f3g a mhealladh chuig TG4. T\u00e1 smaointe \u00e1 lorg maidir le cl\u00e1racha n\u00f3 sraitheanna siams\u00fala agus nu\u00e1lacha a l\u00e9iri\u00fa do lucht f\u00e9achana idir 25 \u2013 35 bliana do theilif\u00eds agus d\u2019ard\u00e1in TG4. T\u00e1thar ar th\u00f3ir smaointe chomh maith do shraitheanna ceoil nua agus comhaimseartha at\u00e1 d\u00edrithe go pr\u00edomha ar lucht f\u00e9achana faoi 35.   Anuas ar sin, t\u00e1 infheisti\u00fa suntasach le d\u00e9anamh ar \u00e1bhair do na hard\u00e1in neamhl\u00edneacha. F\u00f3gra\u00edodh conartha\u00ed ollsol\u00e1thair tr\u00ed bliana do na branda\u00ed neamhl\u00edneacha <strong>BLOC<\/strong> agus <strong>Molsc\u00e9al<\/strong> ar fi\u00fa \u20ac525,000 iad thar tr\u00ed bliana.<br \/>\n&nbsp;<br \/>\nT\u00e1 TG4 ag iarraidh t\u00f3g\u00e1il ar an rogha cl\u00e1racha at\u00e1 sa sceideal do ph\u00e1ist\u00ed agus cain\u00e9al saini\u00fail nua <strong>C\u00fala4<\/strong> \u00e1 fhorbairt. F\u00f3gra\u00edodh inniu gur mian le TG4 sraith dr\u00e1ma\u00edochta do ph\u00e1ist\u00ed r\u00e9amhscoile a fhorbairt.  T\u00e1 cl\u00e1r nuachta seachtaini\u00fail \u00e1 lorg freisin at\u00e1 d\u00edrithe ar ph\u00e1ist\u00ed. T\u00e1 \u20ac50,000 d\u2019airgead forbartha \u00e1 thairiscint chun cl\u00e1ir ph\u00edol\u00f3tacha leathuair an chloig a l\u00e9iri\u00fa a thabharfadh l\u00e9argas do dhaoine \u00f3ga ar sc\u00e9alta nuachta reatha, agus ina mbeadh b\u00e9im ar sc\u00e9alta pobail, sc\u00e9alta Gaeltachta agus dearcadh phobal na Gaeilge.  T\u00e1 se\u00f3 cluich\u00ed \u00e1 lorg ag TG4 don aoisghr\u00fapa idir 7 agus 12 bliain d&#8217;aois.  T\u00e1 conradh ollsol\u00e1thair tr\u00ed bliana neamhl\u00edneach f\u00f3gartha inniu freisin chun m\u00edreanna L\u00e1ithreachais rialta a l\u00e9iri\u00fa a bheidh le feice\u00e1il idir cl\u00e1racha ar theilif\u00eds agus ar ard\u00e1in neamhl\u00edneacha C\u00fala4.<br \/>\n&nbsp;<br \/>\nT\u00e1 nuacht agus c\u00farsa\u00ed reatha i gcro\u00edl\u00e1r sceideal TG4, agus t\u00e1 l\u00e9irithe sp\u00e9ise \u00e1 lorg \u00f3 chomhlachta\u00ed do shol\u00e1thar C\u00farsa\u00ed Reatha a bheadh mar acmhainn bhreise ar an tseirbh\u00eds nuachta a chuireann RT\u00c9 ar f\u00e1il do TG4.<br \/>\n&nbsp;<br \/>\nT\u00e1 dh\u00e1 chonradh breise ollsol\u00e1thair ceithre bliana \u00e1 lorg do shraitheanna nua don sceideal. T\u00e1 ollsol\u00e1thair \u00e1 lorg do Fhaisn\u00e9is N\u00e1isi\u00fanta, agus Siamsa\u00edocht don Teaghlach n\u00f3 Siamsa\u00edocht don Chro\u00ed-Lucht F\u00e9achana. Leis an d\u00e1 chonradh breise seo, beidh c\u00faig chonradh d\u00e9ag ollsol\u00e1thair ceithre bliana ag TG4 leis an earn\u00e1il l\u00e9iri\u00fach\u00e1in ar fi\u00fa \u20ac1.8m an ceann iad.  F\u00f3gra\u00edodh conradh ollsol\u00e1thair eile do shol\u00e1thar siamsa\u00edochta agus cult\u00fair ceithre bliana \u00f3 Fhleadh Cheol na h\u00c9ireann, lena n-\u00e1ir\u00edtear na Fleadha C\u00faige.<br \/>\n&nbsp;<br \/>\nT\u00e1 iarratais eile \u00e1 lorg sa mh\u00e9id at\u00e1 f\u00f3gartha inniu do chl\u00e1racha faisn\u00e9ise staire, ceol traidisi\u00fanta agus ceol t\u00edre.<br \/>\n&nbsp;<br \/>\nCuideoidh an t-ard\u00fa maoinithe le cumas TG4 an teagmh\u00e1il at\u00e1 ag an st\u00e1isi\u00fan le lucht f\u00e9achana n\u00edos \u00f3ige a mh\u00e9ad\u00fa; freastal n\u00edos fearr a dh\u00e9anamh ar mhuintir na Gaeltachta agus ar lucht labhartha na Gaeilge; agus a thuilleadh taca\u00edochta a thabhairt don earn\u00e1il neamhsple\u00e1ch l\u00e9iri\u00fach\u00e1in go h\u00e1irithe sna r\u00e9igi\u00fain.<br \/>\n&nbsp;<\/p>\n<p>D\u00fairt <strong>Ard-Sti\u00farth\u00f3ir TG4 Alan Esslemont<\/strong> inniu, <em>\u201cMar chraolt\u00f3ir-foilsitheoir, is as \u00e9ags\u00falacht, fuinneamh agus cruthaitheacht earn\u00e1il l\u00e9iri\u00fach\u00e1in neamhsple\u00e1ch na h\u00c9ireann a eascra\u00edonn \u2018s\u00fail eile\u2019 TG4. T\u00e1 l\u00fach\u00e1ir orainn a bheith in ann sraith coimisi\u00fain nua a fh\u00f3gairt do l\u00e9iritheoir\u00ed neamhsple\u00e1cha na h\u00c9ireann, mar thoradh ar an \u20ac4.2M breise in\u00e1r mbuis\u00e9ad 2022 a cheadaigh an t-Aire Catherine Martin.  Ar an l\u00e1 seo ba mhaith liom comhghairdeas a dh\u00e9anamh len\u00e1r gcomhchraolt\u00f3ir-foilsitheoir sa Bhreatain Bheag, S4C, freisin, ar bronnadh \u00a37.5M breise orthu \u00f3 Aibre\u00e1n 2022, comhartha soil\u00e9ir ar an uaillmhian mharthanach at\u00e1 le sonr\u00fa sa Bhreatain Bheag maidir le dul chun cinn phobal na Breatnaise agus me\u00e1in na Breatnaise.\u201d<\/em><br \/>\n&nbsp;<\/p>\n<p>T\u00e1 gach eolas faoi na babhta\u00ed coimisi\u00fanaithe ar f\u00e1il anseo: <a href=\"https:\/\/dev.tg4.ie\/coimisiuin\" rel=\"noopener\" target=\"_blank\">tg4.ie\/coimisiuin<\/a><br \/>\n&nbsp;<br \/>\n&nbsp;<\/p>\n","protected":false},"excerpt":{"rendered":"<p>&nbsp; F\u00f3gra\u00edodh babhta\u00ed coimisi\u00fanaithe nua don mhaoini\u00fa breise a tugadh do TG4 i mBuis\u00e9ad 2022 ag \u00f3c\u00e1id bhliant\u00fail TG4, L\u00e1 na L\u00e9iritheoir\u00ed, inniu. Re\u00e1cht\u00e1ladh an \u00f3c\u00e1id ar z\u00fam ar maidin inniu agus d&#8217;fhreastail suas le 130 ionada\u00ed \u00f3n earn\u00e1il l\u00e9iri\u00fach\u00e1in air. Tugadh \u20ac4.2m sa mbreis do TG4 i gc\u00e1inaisn\u00e9is 2022, a thug buis\u00e9ad reatha TG4 [&hellip;]<\/p>\n","protected":false},"author":876,"featured_media":0,"parent":138171,"menu_order":2,"comment_status":"closed","ping_status":"closed","template":"page-templates\/template-pr.php","meta":{"_acf_changed":false,"footnotes":""},"acf":[],"yoast_head":"<!-- This site is optimized with the Yoast SEO plugin v22.6 - https:\/\/yoast.com\/wordpress\/plugins\/seo\/ -->\n<title>Babhta\u00ed Nua Coimisi\u00fanaithe F\u00f3gartha ag TG4 don Earn\u00e1il Neamhsple\u00e1ch L\u00e9iri\u00fach\u00e1in | Preas R\u00e1iteas | TG4<\/title>\n<meta name=\"description\" content=\"F\u00f3gra\u00edodh babhta\u00ed coimisi\u00fanaithe nua don mhaoini\u00fa breise a tugadh do TG4 i mBuis\u00e9ad 2022 ag \u00f3c\u00e1id bhliant\u00fail TG4, L\u00e1 na L\u00e9iritheoir\u00ed.\" \/>\n<meta name=\"robots\" content=\"index, follow, max-snippet:-1, max-image-preview:large, max-video-preview:-1\" \/>\n<meta property=\"og:locale\" content=\"en_US\" \/>\n<meta property=\"og:type\" content=\"article\" \/>\n<meta property=\"og:title\" content=\"Babhta\u00ed Nua Coimisi\u00fanaithe F\u00f3gartha ag TG4 don Earn\u00e1il Neamhsple\u00e1ch L\u00e9iri\u00fach\u00e1in | Preas R\u00e1iteas | TG4\" \/>\n<meta property=\"og:description\" content=\"F\u00f3gra\u00edodh babhta\u00ed coimisi\u00fanaithe nua don mhaoini\u00fa breise a tugadh do TG4 i mBuis\u00e9ad 2022 ag \u00f3c\u00e1id bhliant\u00fail TG4, L\u00e1 na L\u00e9iritheoir\u00ed.\" \/>\n<meta property=\"og:url\" content=\"https:\/\/dev.tg4.ie\/ga\/eolas\/preas\/nuacht-raitis\/2022-2\/babhtai-nua-coimisiunaithe-fogartha-ag-tg4-don-earnail-neamhspleach-leiriuchain\/\" \/>\n<meta property=\"og:site_name\" content=\"TG4\" \/>\n<meta property=\"article:publisher\" content=\"https:\/\/www.facebook.com\/TG4TV\" \/>\n<meta property=\"og:image\" content=\"https:\/\/tg4-docs.s3.amazonaws.com\/tg4-redesign-2015\/wp-content\/uploads\/2022\/01\/BLOC_Bi_an_Reabhloid_1-1920x1080-1.jpg\" \/>\n\t<meta property=\"og:image:width\" content=\"1920\" \/>\n\t<meta property=\"og:image:height\" content=\"1080\" \/>\n\t<meta property=\"og:image:type\" content=\"image\/jpeg\" \/>\n<meta name=\"twitter:card\" content=\"summary_large_image\" \/>\n<meta name=\"twitter:image\" content=\"https:\/\/tg4-docs.s3.amazonaws.com\/tg4-redesign-2015\/wp-content\/uploads\/2022\/01\/BLOC_Bi_an_Reabhloid_1-1920x1080-1.jpg\" \/>\n<meta name=\"twitter:site\" content=\"@TG4TV\" \/>\n<meta name=\"twitter:label1\" content=\"Est. reading time\" \/>\n\t<meta name=\"twitter:data1\" content=\"8 minutes\" \/>\n<script type=\"application\/ld+json\" class=\"yoast-schema-graph\">{\"@context\":\"https:\/\/schema.org\",\"@graph\":[{\"@type\":\"WebPage\",\"@id\":\"https:\/\/dev.tg4.ie\/ga\/eolas\/preas\/nuacht-raitis\/2022-2\/babhtai-nua-coimisiunaithe-fogartha-ag-tg4-don-earnail-neamhspleach-leiriuchain\/\",\"url\":\"https:\/\/dev.tg4.ie\/ga\/eolas\/preas\/nuacht-raitis\/2022-2\/babhtai-nua-coimisiunaithe-fogartha-ag-tg4-don-earnail-neamhspleach-leiriuchain\/\",\"name\":\"Babhta\u00ed Nua Coimisi\u00fanaithe F\u00f3gartha ag TG4 don Earn\u00e1il Neamhsple\u00e1ch L\u00e9iri\u00fach\u00e1in | Preas R\u00e1iteas | TG4\",\"isPartOf\":{\"@id\":\"https:\/\/dev.tg4.ie\/en\/#website\"},\"primaryImageOfPage\":{\"@id\":\"https:\/\/dev.tg4.ie\/ga\/eolas\/preas\/nuacht-raitis\/2022-2\/babhtai-nua-coimisiunaithe-fogartha-ag-tg4-don-earnail-neamhspleach-leiriuchain\/#primaryimage\"},\"image\":{\"@id\":\"https:\/\/dev.tg4.ie\/ga\/eolas\/preas\/nuacht-raitis\/2022-2\/babhtai-nua-coimisiunaithe-fogartha-ag-tg4-don-earnail-neamhspleach-leiriuchain\/#primaryimage\"},\"thumbnailUrl\":\"https:\/\/dev.tg4.ie\/wp-content\/uploads\/2022\/01\/BLOC_Bi_an_Reabhloid_1-1920x1080-1.jpg\",\"datePublished\":\"2022-01-19T10:39:05+00:00\",\"dateModified\":\"2022-01-19T10:39:05+00:00\",\"description\":\"F\u00f3gra\u00edodh babhta\u00ed coimisi\u00fanaithe nua don mhaoini\u00fa breise a tugadh do TG4 i mBuis\u00e9ad 2022 ag \u00f3c\u00e1id bhliant\u00fail TG4, L\u00e1 na L\u00e9iritheoir\u00ed.\",\"breadcrumb\":{\"@id\":\"https:\/\/dev.tg4.ie\/ga\/eolas\/preas\/nuacht-raitis\/2022-2\/babhtai-nua-coimisiunaithe-fogartha-ag-tg4-don-earnail-neamhspleach-leiriuchain\/#breadcrumb\"},\"inLanguage\":\"ga\",\"potentialAction\":[{\"@type\":\"ReadAction\",\"target\":[\"https:\/\/dev.tg4.ie\/ga\/eolas\/preas\/nuacht-raitis\/2022-2\/babhtai-nua-coimisiunaithe-fogartha-ag-tg4-don-earnail-neamhspleach-leiriuchain\/\"]}]},{\"@type\":\"ImageObject\",\"inLanguage\":\"ga\",\"@id\":\"https:\/\/dev.tg4.ie\/ga\/eolas\/preas\/nuacht-raitis\/2022-2\/babhtai-nua-coimisiunaithe-fogartha-ag-tg4-don-earnail-neamhspleach-leiriuchain\/#primaryimage\",\"url\":\"https:\/\/dev.tg4.ie\/wp-content\/uploads\/2022\/01\/BLOC_Bi_an_Reabhloid_1-1920x1080-1.jpg\",\"contentUrl\":\"https:\/\/dev.tg4.ie\/wp-content\/uploads\/2022\/01\/BLOC_Bi_an_Reabhloid_1-1920x1080-1.jpg\"},{\"@type\":\"BreadcrumbList\",\"@id\":\"https:\/\/dev.tg4.ie\/ga\/eolas\/preas\/nuacht-raitis\/2022-2\/babhtai-nua-coimisiunaithe-fogartha-ag-tg4-don-earnail-neamhspleach-leiriuchain\/#breadcrumb\",\"itemListElement\":[{\"@type\":\"ListItem\",\"position\":1,\"name\":\"Home\",\"item\":\"https:\/\/dev.tg4.ie\/ga\/\"},{\"@type\":\"ListItem\",\"position\":2,\"name\":\"Eolas\",\"item\":\"https:\/\/dev.tg4.ie\/ga\/eolas\/\"},{\"@type\":\"ListItem\",\"position\":3,\"name\":\"Preas\",\"item\":\"https:\/\/dev.tg4.ie\/ga\/eolas\/preas\/\"},{\"@type\":\"ListItem\",\"position\":4,\"name\":\"Nuacht R\u00e1itis\",\"item\":\"https:\/\/dev.tg4.ie\/ga\/eolas\/preas\/nuacht-raitis\/\"},{\"@type\":\"ListItem\",\"position\":5,\"name\":\"2022\",\"item\":\"https:\/\/dev.tg4.ie\/ga\/eolas\/preas\/nuacht-raitis\/2022-2\/\"},{\"@type\":\"ListItem\",\"position\":6,\"name\":\"Babhta\u00ed Nua Coimisi\u00fanaithe F\u00f3gartha ag TG4 don Earn\u00e1il Neamhsple\u00e1ch L\u00e9iri\u00fach\u00e1in\"}]},{\"@type\":\"WebSite\",\"@id\":\"https:\/\/dev.tg4.ie\/en\/#website\",\"url\":\"https:\/\/dev.tg4.ie\/en\/\",\"name\":\"TG4\",\"description\":\"S\u00fail Eile\",\"potentialAction\":[{\"@type\":\"SearchAction\",\"target\":{\"@type\":\"EntryPoint\",\"urlTemplate\":\"https:\/\/dev.tg4.ie\/en\/?s={search_term_string}\"},\"query-input\":\"required name=search_term_string\"}],\"inLanguage\":\"ga\"}]}<\/script>\n<!-- \/ Yoast SEO plugin. -->","yoast_head_json":{"title":"Babhta\u00ed Nua Coimisi\u00fanaithe F\u00f3gartha ag TG4 don Earn\u00e1il Neamhsple\u00e1ch L\u00e9iri\u00fach\u00e1in | Preas R\u00e1iteas | TG4","description":"F\u00f3gra\u00edodh babhta\u00ed coimisi\u00fanaithe nua don mhaoini\u00fa breise a tugadh do TG4 i mBuis\u00e9ad 2022 ag \u00f3c\u00e1id bhliant\u00fail TG4, L\u00e1 na L\u00e9iritheoir\u00ed.","robots":{"index":"index","follow":"follow","max-snippet":"max-snippet:-1","max-image-preview":"max-image-preview:large","max-video-preview":"max-video-preview:-1"},"og_locale":"en_US","og_type":"article","og_title":"Babhta\u00ed Nua Coimisi\u00fanaithe F\u00f3gartha ag TG4 don Earn\u00e1il Neamhsple\u00e1ch L\u00e9iri\u00fach\u00e1in | Preas R\u00e1iteas | TG4","og_description":"F\u00f3gra\u00edodh babhta\u00ed coimisi\u00fanaithe nua don mhaoini\u00fa breise a tugadh do TG4 i mBuis\u00e9ad 2022 ag \u00f3c\u00e1id bhliant\u00fail TG4, L\u00e1 na L\u00e9iritheoir\u00ed.","og_url":"https:\/\/dev.tg4.ie\/ga\/eolas\/preas\/nuacht-raitis\/2022-2\/babhtai-nua-coimisiunaithe-fogartha-ag-tg4-don-earnail-neamhspleach-leiriuchain\/","og_site_name":"TG4","article_publisher":"https:\/\/www.facebook.com\/TG4TV","og_image":[{"width":1920,"height":1080,"url":"https:\/\/tg4-docs.s3.amazonaws.com\/tg4-redesign-2015\/wp-content\/uploads\/2022\/01\/BLOC_Bi_an_Reabhloid_1-1920x1080-1.jpg","type":"image\/jpeg"}],"twitter_card":"summary_large_image","twitter_image":"https:\/\/tg4-docs.s3.amazonaws.com\/tg4-redesign-2015\/wp-content\/uploads\/2022\/01\/BLOC_Bi_an_Reabhloid_1-1920x1080-1.jpg","twitter_site":"@TG4TV","twitter_misc":{"Est. reading time":"8 minutes"},"schema":{"@context":"https:\/\/schema.org","@graph":[{"@type":"WebPage","@id":"https:\/\/dev.tg4.ie\/ga\/eolas\/preas\/nuacht-raitis\/2022-2\/babhtai-nua-coimisiunaithe-fogartha-ag-tg4-don-earnail-neamhspleach-leiriuchain\/","url":"https:\/\/dev.tg4.ie\/ga\/eolas\/preas\/nuacht-raitis\/2022-2\/babhtai-nua-coimisiunaithe-fogartha-ag-tg4-don-earnail-neamhspleach-leiriuchain\/","name":"Babhta\u00ed Nua Coimisi\u00fanaithe F\u00f3gartha ag TG4 don Earn\u00e1il Neamhsple\u00e1ch L\u00e9iri\u00fach\u00e1in | Preas R\u00e1iteas | TG4","isPartOf":{"@id":"https:\/\/dev.tg4.ie\/en\/#website"},"primaryImageOfPage":{"@id":"https:\/\/dev.tg4.ie\/ga\/eolas\/preas\/nuacht-raitis\/2022-2\/babhtai-nua-coimisiunaithe-fogartha-ag-tg4-don-earnail-neamhspleach-leiriuchain\/#primaryimage"},"image":{"@id":"https:\/\/dev.tg4.ie\/ga\/eolas\/preas\/nuacht-raitis\/2022-2\/babhtai-nua-coimisiunaithe-fogartha-ag-tg4-don-earnail-neamhspleach-leiriuchain\/#primaryimage"},"thumbnailUrl":"https:\/\/dev.tg4.ie\/wp-content\/uploads\/2022\/01\/BLOC_Bi_an_Reabhloid_1-1920x1080-1.jpg","datePublished":"2022-01-19T10:39:05+00:00","dateModified":"2022-01-19T10:39:05+00:00","description":"F\u00f3gra\u00edodh babhta\u00ed coimisi\u00fanaithe nua don mhaoini\u00fa breise a tugadh do TG4 i mBuis\u00e9ad 2022 ag \u00f3c\u00e1id bhliant\u00fail TG4, L\u00e1 na L\u00e9iritheoir\u00ed.","breadcrumb":{"@id":"https:\/\/dev.tg4.ie\/ga\/eolas\/preas\/nuacht-raitis\/2022-2\/babhtai-nua-coimisiunaithe-fogartha-ag-tg4-don-earnail-neamhspleach-leiriuchain\/#breadcrumb"},"inLanguage":"ga","potentialAction":[{"@type":"ReadAction","target":["https:\/\/dev.tg4.ie\/ga\/eolas\/preas\/nuacht-raitis\/2022-2\/babhtai-nua-coimisiunaithe-fogartha-ag-tg4-don-earnail-neamhspleach-leiriuchain\/"]}]},{"@type":"ImageObject","inLanguage":"ga","@id":"https:\/\/dev.tg4.ie\/ga\/eolas\/preas\/nuacht-raitis\/2022-2\/babhtai-nua-coimisiunaithe-fogartha-ag-tg4-don-earnail-neamhspleach-leiriuchain\/#primaryimage","url":"https:\/\/dev.tg4.ie\/wp-content\/uploads\/2022\/01\/BLOC_Bi_an_Reabhloid_1-1920x1080-1.jpg","contentUrl":"https:\/\/dev.tg4.ie\/wp-content\/uploads\/2022\/01\/BLOC_Bi_an_Reabhloid_1-1920x1080-1.jpg"},{"@type":"BreadcrumbList","@id":"https:\/\/dev.tg4.ie\/ga\/eolas\/preas\/nuacht-raitis\/2022-2\/babhtai-nua-coimisiunaithe-fogartha-ag-tg4-don-earnail-neamhspleach-leiriuchain\/#breadcrumb","itemListElement":[{"@type":"ListItem","position":1,"name":"Home","item":"https:\/\/dev.tg4.ie\/ga\/"},{"@type":"ListItem","position":2,"name":"Eolas","item":"https:\/\/dev.tg4.ie\/ga\/eolas\/"},{"@type":"ListItem","position":3,"name":"Preas","item":"https:\/\/dev.tg4.ie\/ga\/eolas\/preas\/"},{"@type":"ListItem","position":4,"name":"Nuacht R\u00e1itis","item":"https:\/\/dev.tg4.ie\/ga\/eolas\/preas\/nuacht-raitis\/"},{"@type":"ListItem","position":5,"name":"2022","item":"https:\/\/dev.tg4.ie\/ga\/eolas\/preas\/nuacht-raitis\/2022-2\/"},{"@type":"ListItem","position":6,"name":"Babhta\u00ed Nua Coimisi\u00fanaithe F\u00f3gartha ag TG4 don Earn\u00e1il Neamhsple\u00e1ch L\u00e9iri\u00fach\u00e1in"}]},{"@type":"WebSite","@id":"https:\/\/dev.tg4.ie\/en\/#website","url":"https:\/\/dev.tg4.ie\/en\/","name":"TG4","description":"S\u00fail Eile","potentialAction":[{"@type":"SearchAction","target":{"@type":"EntryPoint","urlTemplate":"https:\/\/dev.tg4.ie\/en\/?s={search_term_string}"},"query-input":"required name=search_term_string"}],"inLanguage":"ga"}]}},"_links":{"self":[{"href":"https:\/\/dev.tg4.ie\/ga\/wp-json\/wp\/v2\/pages\/138404"}],"collection":[{"href":"https:\/\/dev.tg4.ie\/ga\/wp-json\/wp\/v2\/pages"}],"about":[{"href":"https:\/\/dev.tg4.ie\/ga\/wp-json\/wp\/v2\/types\/page"}],"author":[{"embeddable":true,"href":"https:\/\/dev.tg4.ie\/ga\/wp-json\/wp\/v2\/users\/876"}],"replies":[{"embeddable":true,"href":"https:\/\/dev.tg4.ie\/ga\/wp-json\/wp\/v2\/comments?post=138404"}],"version-history":[{"count":0,"href":"https:\/\/dev.tg4.ie\/ga\/wp-json\/wp\/v2\/pages\/138404\/revisions"}],"up":[{"embeddable":true,"href":"https:\/\/dev.tg4.ie\/ga\/wp-json\/wp\/v2\/pages\/138171"}],"wp:attachment":[{"href":"https:\/\/dev.tg4.ie\/ga\/wp-json\/wp\/v2\/media?parent=138404"}],"curies":[{"name":"wp","href":"https:\/\/api.w.org\/{rel}","templated":true}]}}