{"id":138590,"date":"2022-01-24T15:17:32","date_gmt":"2022-01-24T15:17:32","guid":{"rendered":"https:\/\/dev.tg4.ie\/?page_id=138590"},"modified":"2022-01-24T15:19:54","modified_gmt":"2022-01-24T15:19:54","slug":"cursa-san-iriseoireacht-do-scolairi-idirbhliana-a-reachtail-iriseoiri-an-lae-amarach-i-mi-marta","status":"publish","type":"page","link":"https:\/\/dev.tg4.ie\/ga\/eolas\/preas\/nuacht-raitis\/2022-2\/cursa-san-iriseoireacht-do-scolairi-idirbhliana-a-reachtail-iriseoiri-an-lae-amarach-i-mi-marta\/","title":{"rendered":"C\u00farsa san iriseoireacht do scol\u00e1ir\u00ed idirbhliana \u00e1 reacht\u00e1il Iriseoir\u00ed an Lae Am\u00e1rach i M\u00ed M\u00e1rta"},"content":{"rendered":"<p><a href=\"https:\/\/tg4-docs.s3.amazonaws.com\/tg4-redesign-2015\/wp-content\/uploads\/2022\/01\/Iriseoiri_an_Lae_Amarach_2022_1-1920x1080-1.jpg\"><img loading=\"lazy\" decoding=\"async\" width=\"1920\" height=\"1080\" src=\"https:\/\/tg4-docs.s3.amazonaws.com\/tg4-redesign-2015\/wp-content\/uploads\/2022\/01\/Iriseoiri_an_Lae_Amarach_2022_1-1920x1080-1.jpg\" alt=\"\" class=\"aligncenter size-full wp-image-138591\" srcset=\"https:\/\/tg4-docs.s3.amazonaws.com\/tg4-redesign-2015\/wp-content\/uploads\/2022\/01\/Iriseoiri_an_Lae_Amarach_2022_1-1920x1080-1.jpg 1920w, https:\/\/tg4-docs.s3.amazonaws.com\/tg4-redesign-2015\/wp-content\/uploads\/2022\/01\/Iriseoiri_an_Lae_Amarach_2022_1-1920x1080-1-250x141.jpg 250w, https:\/\/tg4-docs.s3.amazonaws.com\/tg4-redesign-2015\/wp-content\/uploads\/2022\/01\/Iriseoiri_an_Lae_Amarach_2022_1-1920x1080-1-700x394.jpg 700w, https:\/\/tg4-docs.s3.amazonaws.com\/tg4-redesign-2015\/wp-content\/uploads\/2022\/01\/Iriseoiri_an_Lae_Amarach_2022_1-1920x1080-1-252x141.jpg 252w, https:\/\/tg4-docs.s3.amazonaws.com\/tg4-redesign-2015\/wp-content\/uploads\/2022\/01\/Iriseoiri_an_Lae_Amarach_2022_1-1920x1080-1-1536x864.jpg 1536w, https:\/\/tg4-docs.s3.amazonaws.com\/tg4-redesign-2015\/wp-content\/uploads\/2022\/01\/Iriseoiri_an_Lae_Amarach_2022_1-1920x1080-1-120x68.jpg 120w\" sizes=\"(max-width: 1920px) 100vw, 1920px\" \/><\/a><br \/>\n&nbsp;<br \/>\n<strong>Deis eisceacht\u00fail foghlaim \u00f3 iriseoir\u00ed aitheanta na t\u00edre<\/strong><br \/>\n&nbsp;<br \/>\nDon dara bliain as a ch\u00e9ile, reacht\u00e1lfaidh TG4, O\u00c9 Gaillimh agus Nuacht RT\u00c9 an c\u00farsa, Iriseoir\u00ed an Lae Am\u00e1rach le comhairle \u00f3n gComhairle um Oideachas Gaeltachta agus Gaelscola\u00edochta (COGG) agus \u00f3n Roinn Oideachais.  D&#8217;fhreastal os cionn 400 dalta ar an gc\u00farsa seo anuraidh. Beidh deis ag scol\u00e1ir\u00ed idirbhliana tabhairt faoi ch\u00farsa nua iriseoireachta ar l\u00edne i mbliana \u00e1 mh\u00faineadh ag pl\u00far na n-iriseoir\u00ed teilif\u00edse, raidi\u00f3 agus digit\u00ed.<br \/>\n&nbsp;<br \/>\nT\u00e1 an c\u00farsa d\u00edrithe ar scol\u00e1ir\u00ed in Iar-bhunscoileanna Gaeltachta agus l\u00e1n-Ghaeilge ar fud na t\u00edre agus beidh s\u00e9 ar si\u00fal ar an ard\u00e1n Zoom idir 1-3 M\u00e1rta 2022.<br \/>\n&nbsp;<br \/>\nGlacfaidh an l\u00e9itheoir nuachta le Nuacht TG4\/RT\u00c9 <strong>Eibhl\u00edn N\u00ed Choistealbha<\/strong> p\u00e1irt sa cheardlann ag tabhairt l\u00e9argas ar an saol laeth\u00fail sna me\u00e1in. Tabharfaidh Comhfhreagra\u00ed Dl\u00ed RT\u00c9 agus l\u00e1ithreoir na sraithe faisn\u00e9ise Finn\u00e9, ar TG4 <strong>Orla O&#8217;Donnell<\/strong> cuntas ar obair an iriseora sna c\u00fairteanna coiri\u00fala.  Roinnfidh an t-iriseoir <strong>Shane \u00d3 Curraighin<\/strong> \u00f3 7L\u00e1, TG4 a chuid scileanna agus a chuid taith\u00ed de bheith ag sol\u00e1thar sc\u00e9alta nuachta do chl\u00e1r c\u00farsa\u00ed reatha.  Beidh l\u00e1ithreoir Drivetime RT\u00c9 Raidi\u00f3 a hAon, <strong>Cormac \u00d3 hEadhra<\/strong> ag cur s\u00edos ar na ceisteanna crua a bh\u00edonn aige gach tr\u00e1thn\u00f3na.  Tabharfaidh <strong>\u00c1ine N\u00ed Bhreisle\u00e1in<\/strong>, RT\u00c9 Raidi\u00f3 na Gaeltachta, l\u00e1ithreoir an chl\u00e1ir Bladhaire ar RnaG agus An C\u00f3sta Thiar ar TG4 spl\u00e9achadh ar obair an iriseora raidi\u00f3, beidh an t-iriseoir agus l\u00e9iritheoir <strong>P\u00f3il\u00edn Nic G\u00e9idigh<\/strong> \u00f3 RT\u00c9 Raidi\u00f3 na Gaeltachta ag caint faoi sc\u00e9alta \u00e1iti\u00fala a chl\u00fadach. Cl\u00fad\u00f3idh an t-iriseoir <strong>M\u00e9abh N\u00ed Thuathall\u00e1in<\/strong> TG4 agus iar-iriseoir cl\u00f3ite le tuairisc.ie na d\u00fashl\u00e1in a bhaineann le sc\u00e9alta a shol\u00e1thar d\u2019ard\u00e1in ar l\u00edne.  Tabharfaidh eagarth\u00f3ir nuachta le Nuacht TG4 <strong>Beirn\u00ed N\u00ed Chuinn<\/strong> l\u00e9argas de obair an eagarth\u00f3ra nuachta agus an fhreagracht a bhaineann leis.<br \/>\n&nbsp;<br \/>\nBeidh l\u00e9acht\u00f3ir\u00ed sna me\u00e1in \u00f3 Ollscoil na h\u00c9ireann, Gaillimh ag roinnt a saineolas leis na scol\u00e1ir\u00ed agus tabharfar l\u00e9argas ar ghairmeacha leis na me\u00e1in ar an gc\u00farsa chomh maith.<br \/>\n&nbsp;<br \/>\nD\u00fairt Ard-Sti\u00farth\u00f3ir TG4, Alan Esslemont: <em>\u201cT\u00e1 \u00e1thas orainn an c\u00farsa seo a bheith \u00e1 rith don dara bliain as a ch\u00e9ile i gcomhph\u00e1irt le O\u00c9 Gaillimh.  T\u00e1 an iriseoireacht Ghaeilge mar bhunchloch l\u00e1rnach do sheirbh\u00eds TG4 agus is r\u00e9imse \u00ed ar mhaith linn a fhorbairt agus a spreagadh.\u201d<\/em><br \/>\n&nbsp;<br \/>\nD\u00fairt an tOllamh Brenad\u00e1n Mac Suibhne, Sti\u00farth\u00f3ir L\u00e9inn, Acadamh na hOllscola\u00edochta Gaeilge, O\u00c9 Gaillimh: <em>\u201cT\u00e1 gn\u00f3tha\u00ed nuachta \u2013 gn\u00f3tha\u00ed br\u00e9ag-nuachta, san \u00e1ireamh \u2013 ina n-\u00e1bhar consp\u00f3ide le c\u00fapla bliain anuas, agus aird n\u00edos m\u00f3 anois ag daoine ar fud an domhain ar th\u00e1bhacht na hiriseoireachta i socha\u00ed dhaonlathach ar bith.  Cos\u00e1n at\u00e1 sa ch\u00farsa, Iriseoir\u00ed an lae am\u00e1rach \u00f3n scoil go dt\u00ed an ollscoil.  Deis at\u00e1 ann l\u00e9argas ar leith a fh\u00e1il ar shaol na hiriseoireachta go bhfeice scol\u00e1ir\u00ed Idirbhliana an bhfuil siad ag iarraidh oibri\u00fa sa r\u00e9imse sin n\u00f3 nach bhfuil.  Agus is deis fosta at\u00e1 ann eolas n\u00edos m\u00f3 a fh\u00e1il f\u00e1 Ollscoil na h\u00c9ireann, Gaillimh agus saol na mac l\u00e9inn cois Coiribe.\u201d<\/em><br \/>\n&nbsp;<br \/>\nAgus \u00ed ag f\u00e1ilti\u00fa roimh an dara bliain den ch\u00farsa, Iriseoir\u00ed an lae Am\u00e1rach, d\u00fairt pr\u00edomhfheidhmheannach COGG, Muireann N\u00ed Mh\u00f3r\u00e1in, <em>&#8220;Cuirfidh an c\u00farsa seo gairm na hiriseoireachta faoi bhr\u00e1id scol\u00e1ir\u00ed na n-iar-bhunscoileanna Gaeltachta agus l\u00e1n-Ghaeilge agus cuirfidh s\u00e9 ar an eolas iad faoi th\u00e1bhacht iriseoireacht ar ardchaighde\u00e1n agus na deiseanna at\u00e1 sna me\u00e1in d\u2019iriseoir\u00ed le Gaeilge.&#8221;<\/em><br \/>\n&nbsp;<br \/>\nD\u00fairt Sti\u00farth\u00f3ir Cl\u00e1ir an MA (Cleachtas Gairmi\u00fail sna Me\u00e1in), O\u00c9 Gaillimh, Aodh \u00d3 Coile\u00e1in: <em>\u201cIs minic a thug an Ch\u00fairt Eorpach um Chearta an Duine \u2018gadhar faire an phobail\u2019 ar r\u00f3l t\u00e1bhachtach na hiriseoireachta.  Go deimhin, bronnann an Ch\u00fairt cosaint ar leith don phreas mar go bfhuil feidhmi\u00fa an daonlathais ag brath ar shaoirse an phreasa.  Anois, n\u00edos m\u00f3 n\u00e1 riamh t\u00e1 iriseoireacht chruinn, chothrom, neamhchlaonta de dh\u00edth ar phobal na h\u00c9ireann.\u201d<\/em><\/p>\n<p><em>\u201cT\u00e1 s\u00fail ag Ollscoil na h\u00c9ireann, Gaillimh, Nuacht RT\u00c9 agus TG4 agus an Chomhairle um Oideachas Gaeltachta agus Gaelscola\u00edochta go dtabharfaidh an c\u00farsa nua l\u00e9argas do scol\u00e1ir\u00ed Idirbhliana ar r\u00f3l  agus ar obair na me\u00e1n agus go mb\u2019fh\u00e9idir go spreagfaidh s\u00e9 cuid acu tabhairt faoi ghairmeacha sna me\u00e1in amach anseo.  T\u00e1 an fh\u00edrinne t\u00e1bhachtach in aon phobal\u201d <\/em><br \/>\n&nbsp;<br \/>\nTuilleadh Eolais agus Cl\u00e1r\u00fa don ch\u00farsa: D\u00e9an teagmh\u00e1il le <a href=\"mailto:peadar@cogg.ie\" rel=\"noopener\" target=\"_blank\">peadar@cogg.ie<\/a> le l\u00e9irithe sp\u00e9ise agus nasc cl\u00e1r\u00fach\u00e1in a fh\u00e1il.<br \/>\n&nbsp;<br \/>\nIs \u00e9 <strong>D\u00e9 Luain 21 Feabhra<\/strong> an spriocdh\u00e1ta le cl\u00e1r\u00fa.<\/p>\n<p>&nbsp;<br \/>\n&nbsp;<\/p>\n","protected":false},"excerpt":{"rendered":"<p>&nbsp; Deis eisceacht\u00fail foghlaim \u00f3 iriseoir\u00ed aitheanta na t\u00edre &nbsp; Don dara bliain as a ch\u00e9ile, reacht\u00e1lfaidh TG4, O\u00c9 Gaillimh agus Nuacht RT\u00c9 an c\u00farsa, Iriseoir\u00ed an Lae Am\u00e1rach le comhairle \u00f3n gComhairle um Oideachas Gaeltachta agus Gaelscola\u00edochta (COGG) agus \u00f3n Roinn Oideachais. D&#8217;fhreastal os cionn 400 dalta ar an gc\u00farsa seo anuraidh. Beidh deis [&hellip;]<\/p>\n","protected":false},"author":876,"featured_media":0,"parent":138171,"menu_order":3,"comment_status":"closed","ping_status":"closed","template":"page-templates\/template-pr.php","meta":{"_acf_changed":false,"footnotes":""},"acf":[],"yoast_head":"<!-- This site is optimized with the Yoast SEO plugin v22.6 - https:\/\/yoast.com\/wordpress\/plugins\/seo\/ -->\n<title>C\u00farsa san iriseoireacht do scol\u00e1ir\u00ed idirbhliana \u00e1 reacht\u00e1il Iriseoir\u00ed an Lae Am\u00e1rach i M\u00ed M\u00e1rta | Preas R\u00e1iteas | TG4<\/title>\n<meta name=\"description\" content=\"Don dara bliain as a ch\u00e9ile, reacht\u00e1lfaidh TG4, O\u00c9 Gaillimh agus Nuacht RT\u00c9 an c\u00farsa, Iriseoir\u00ed an lae Am\u00e1rach le comhairle \u00f3n gComhairle um Oideachas Gaeltachta agus Gaelscola\u00edochta (COGG) agus \u00f3n Roinn Oideachais.\" \/>\n<meta name=\"robots\" content=\"index, follow, max-snippet:-1, max-image-preview:large, max-video-preview:-1\" \/>\n<meta property=\"og:locale\" content=\"en_US\" \/>\n<meta property=\"og:type\" content=\"article\" \/>\n<meta property=\"og:title\" content=\"C\u00farsa san iriseoireacht do scol\u00e1ir\u00ed idirbhliana \u00e1 reacht\u00e1il Iriseoir\u00ed an Lae Am\u00e1rach i M\u00ed M\u00e1rta | Preas R\u00e1iteas | TG4\" \/>\n<meta property=\"og:description\" content=\"Don dara bliain as a ch\u00e9ile, reacht\u00e1lfaidh TG4, O\u00c9 Gaillimh agus Nuacht RT\u00c9 an c\u00farsa, Iriseoir\u00ed an lae Am\u00e1rach le comhairle \u00f3n gComhairle um Oideachas Gaeltachta agus Gaelscola\u00edochta (COGG) agus \u00f3n Roinn Oideachais.\" \/>\n<meta property=\"og:url\" content=\"https:\/\/dev.tg4.ie\/ga\/eolas\/preas\/nuacht-raitis\/2022-2\/cursa-san-iriseoireacht-do-scolairi-idirbhliana-a-reachtail-iriseoiri-an-lae-amarach-i-mi-marta\/\" \/>\n<meta property=\"og:site_name\" content=\"TG4\" \/>\n<meta property=\"article:publisher\" content=\"https:\/\/www.facebook.com\/TG4TV\" \/>\n<meta property=\"article:modified_time\" content=\"2022-01-24T15:19:54+00:00\" \/>\n<meta property=\"og:image\" content=\"https:\/\/tg4-docs.s3.amazonaws.com\/tg4-redesign-2015\/wp-content\/uploads\/2022\/01\/Iriseoiri_an_Lae_Amarach_2022_1-1920x1080-1.jpg\" \/>\n\t<meta property=\"og:image:width\" content=\"1920\" \/>\n\t<meta property=\"og:image:height\" content=\"1080\" \/>\n\t<meta property=\"og:image:type\" content=\"image\/jpeg\" \/>\n<meta name=\"twitter:card\" content=\"summary_large_image\" \/>\n<meta name=\"twitter:image\" content=\"https:\/\/tg4-docs.s3.amazonaws.com\/tg4-redesign-2015\/wp-content\/uploads\/2022\/01\/Iriseoiri_an_Lae_Amarach_2022_1-1920x1080-1.jpg\" \/>\n<meta name=\"twitter:site\" content=\"@TG4TV\" \/>\n<meta name=\"twitter:label1\" content=\"Est. reading time\" \/>\n\t<meta name=\"twitter:data1\" content=\"8 minutes\" \/>\n<script type=\"application\/ld+json\" class=\"yoast-schema-graph\">{\"@context\":\"https:\/\/schema.org\",\"@graph\":[{\"@type\":\"WebPage\",\"@id\":\"https:\/\/dev.tg4.ie\/ga\/eolas\/preas\/nuacht-raitis\/2022-2\/cursa-san-iriseoireacht-do-scolairi-idirbhliana-a-reachtail-iriseoiri-an-lae-amarach-i-mi-marta\/\",\"url\":\"https:\/\/dev.tg4.ie\/ga\/eolas\/preas\/nuacht-raitis\/2022-2\/cursa-san-iriseoireacht-do-scolairi-idirbhliana-a-reachtail-iriseoiri-an-lae-amarach-i-mi-marta\/\",\"name\":\"C\u00farsa san iriseoireacht do scol\u00e1ir\u00ed idirbhliana \u00e1 reacht\u00e1il Iriseoir\u00ed an Lae Am\u00e1rach i M\u00ed M\u00e1rta | Preas R\u00e1iteas | TG4\",\"isPartOf\":{\"@id\":\"https:\/\/dev.tg4.ie\/en\/#website\"},\"primaryImageOfPage\":{\"@id\":\"https:\/\/dev.tg4.ie\/ga\/eolas\/preas\/nuacht-raitis\/2022-2\/cursa-san-iriseoireacht-do-scolairi-idirbhliana-a-reachtail-iriseoiri-an-lae-amarach-i-mi-marta\/#primaryimage\"},\"image\":{\"@id\":\"https:\/\/dev.tg4.ie\/ga\/eolas\/preas\/nuacht-raitis\/2022-2\/cursa-san-iriseoireacht-do-scolairi-idirbhliana-a-reachtail-iriseoiri-an-lae-amarach-i-mi-marta\/#primaryimage\"},\"thumbnailUrl\":\"https:\/\/dev.tg4.ie\/wp-content\/uploads\/2022\/01\/Iriseoiri_an_Lae_Amarach_2022_1-1920x1080-1.jpg\",\"datePublished\":\"2022-01-24T15:17:32+00:00\",\"dateModified\":\"2022-01-24T15:19:54+00:00\",\"description\":\"Don dara bliain as a ch\u00e9ile, reacht\u00e1lfaidh TG4, O\u00c9 Gaillimh agus Nuacht RT\u00c9 an c\u00farsa, Iriseoir\u00ed an lae Am\u00e1rach le comhairle \u00f3n gComhairle um Oideachas Gaeltachta agus Gaelscola\u00edochta (COGG) agus \u00f3n Roinn Oideachais.\",\"breadcrumb\":{\"@id\":\"https:\/\/dev.tg4.ie\/ga\/eolas\/preas\/nuacht-raitis\/2022-2\/cursa-san-iriseoireacht-do-scolairi-idirbhliana-a-reachtail-iriseoiri-an-lae-amarach-i-mi-marta\/#breadcrumb\"},\"inLanguage\":\"ga\",\"potentialAction\":[{\"@type\":\"ReadAction\",\"target\":[\"https:\/\/dev.tg4.ie\/ga\/eolas\/preas\/nuacht-raitis\/2022-2\/cursa-san-iriseoireacht-do-scolairi-idirbhliana-a-reachtail-iriseoiri-an-lae-amarach-i-mi-marta\/\"]}]},{\"@type\":\"ImageObject\",\"inLanguage\":\"ga\",\"@id\":\"https:\/\/dev.tg4.ie\/ga\/eolas\/preas\/nuacht-raitis\/2022-2\/cursa-san-iriseoireacht-do-scolairi-idirbhliana-a-reachtail-iriseoiri-an-lae-amarach-i-mi-marta\/#primaryimage\",\"url\":\"https:\/\/dev.tg4.ie\/wp-content\/uploads\/2022\/01\/Iriseoiri_an_Lae_Amarach_2022_1-1920x1080-1.jpg\",\"contentUrl\":\"https:\/\/dev.tg4.ie\/wp-content\/uploads\/2022\/01\/Iriseoiri_an_Lae_Amarach_2022_1-1920x1080-1.jpg\"},{\"@type\":\"BreadcrumbList\",\"@id\":\"https:\/\/dev.tg4.ie\/ga\/eolas\/preas\/nuacht-raitis\/2022-2\/cursa-san-iriseoireacht-do-scolairi-idirbhliana-a-reachtail-iriseoiri-an-lae-amarach-i-mi-marta\/#breadcrumb\",\"itemListElement\":[{\"@type\":\"ListItem\",\"position\":1,\"name\":\"Home\",\"item\":\"https:\/\/dev.tg4.ie\/ga\/\"},{\"@type\":\"ListItem\",\"position\":2,\"name\":\"Eolas\",\"item\":\"https:\/\/dev.tg4.ie\/ga\/eolas\/\"},{\"@type\":\"ListItem\",\"position\":3,\"name\":\"Preas\",\"item\":\"https:\/\/dev.tg4.ie\/ga\/eolas\/preas\/\"},{\"@type\":\"ListItem\",\"position\":4,\"name\":\"Nuacht R\u00e1itis\",\"item\":\"https:\/\/dev.tg4.ie\/ga\/eolas\/preas\/nuacht-raitis\/\"},{\"@type\":\"ListItem\",\"position\":5,\"name\":\"2022\",\"item\":\"https:\/\/dev.tg4.ie\/ga\/eolas\/preas\/nuacht-raitis\/2022-2\/\"},{\"@type\":\"ListItem\",\"position\":6,\"name\":\"C\u00farsa san iriseoireacht do scol\u00e1ir\u00ed idirbhliana \u00e1 reacht\u00e1il Iriseoir\u00ed an Lae Am\u00e1rach i M\u00ed M\u00e1rta\"}]},{\"@type\":\"WebSite\",\"@id\":\"https:\/\/dev.tg4.ie\/en\/#website\",\"url\":\"https:\/\/dev.tg4.ie\/en\/\",\"name\":\"TG4\",\"description\":\"S\u00fail Eile\",\"potentialAction\":[{\"@type\":\"SearchAction\",\"target\":{\"@type\":\"EntryPoint\",\"urlTemplate\":\"https:\/\/dev.tg4.ie\/en\/?s={search_term_string}\"},\"query-input\":\"required name=search_term_string\"}],\"inLanguage\":\"ga\"}]}<\/script>\n<!-- \/ Yoast SEO plugin. -->","yoast_head_json":{"title":"C\u00farsa san iriseoireacht do scol\u00e1ir\u00ed idirbhliana \u00e1 reacht\u00e1il Iriseoir\u00ed an Lae Am\u00e1rach i M\u00ed M\u00e1rta | Preas R\u00e1iteas | TG4","description":"Don dara bliain as a ch\u00e9ile, reacht\u00e1lfaidh TG4, O\u00c9 Gaillimh agus Nuacht RT\u00c9 an c\u00farsa, Iriseoir\u00ed an lae Am\u00e1rach le comhairle \u00f3n gComhairle um Oideachas Gaeltachta agus Gaelscola\u00edochta (COGG) agus \u00f3n Roinn Oideachais.","robots":{"index":"index","follow":"follow","max-snippet":"max-snippet:-1","max-image-preview":"max-image-preview:large","max-video-preview":"max-video-preview:-1"},"og_locale":"en_US","og_type":"article","og_title":"C\u00farsa san iriseoireacht do scol\u00e1ir\u00ed idirbhliana \u00e1 reacht\u00e1il Iriseoir\u00ed an Lae Am\u00e1rach i M\u00ed M\u00e1rta | Preas R\u00e1iteas | TG4","og_description":"Don dara bliain as a ch\u00e9ile, reacht\u00e1lfaidh TG4, O\u00c9 Gaillimh agus Nuacht RT\u00c9 an c\u00farsa, Iriseoir\u00ed an lae Am\u00e1rach le comhairle \u00f3n gComhairle um Oideachas Gaeltachta agus Gaelscola\u00edochta (COGG) agus \u00f3n Roinn Oideachais.","og_url":"https:\/\/dev.tg4.ie\/ga\/eolas\/preas\/nuacht-raitis\/2022-2\/cursa-san-iriseoireacht-do-scolairi-idirbhliana-a-reachtail-iriseoiri-an-lae-amarach-i-mi-marta\/","og_site_name":"TG4","article_publisher":"https:\/\/www.facebook.com\/TG4TV","article_modified_time":"2022-01-24T15:19:54+00:00","og_image":[{"width":1920,"height":1080,"url":"https:\/\/tg4-docs.s3.amazonaws.com\/tg4-redesign-2015\/wp-content\/uploads\/2022\/01\/Iriseoiri_an_Lae_Amarach_2022_1-1920x1080-1.jpg","type":"image\/jpeg"}],"twitter_card":"summary_large_image","twitter_image":"https:\/\/tg4-docs.s3.amazonaws.com\/tg4-redesign-2015\/wp-content\/uploads\/2022\/01\/Iriseoiri_an_Lae_Amarach_2022_1-1920x1080-1.jpg","twitter_site":"@TG4TV","twitter_misc":{"Est. reading time":"8 minutes"},"schema":{"@context":"https:\/\/schema.org","@graph":[{"@type":"WebPage","@id":"https:\/\/dev.tg4.ie\/ga\/eolas\/preas\/nuacht-raitis\/2022-2\/cursa-san-iriseoireacht-do-scolairi-idirbhliana-a-reachtail-iriseoiri-an-lae-amarach-i-mi-marta\/","url":"https:\/\/dev.tg4.ie\/ga\/eolas\/preas\/nuacht-raitis\/2022-2\/cursa-san-iriseoireacht-do-scolairi-idirbhliana-a-reachtail-iriseoiri-an-lae-amarach-i-mi-marta\/","name":"C\u00farsa san iriseoireacht do scol\u00e1ir\u00ed idirbhliana \u00e1 reacht\u00e1il Iriseoir\u00ed an Lae Am\u00e1rach i M\u00ed M\u00e1rta | Preas R\u00e1iteas | TG4","isPartOf":{"@id":"https:\/\/dev.tg4.ie\/en\/#website"},"primaryImageOfPage":{"@id":"https:\/\/dev.tg4.ie\/ga\/eolas\/preas\/nuacht-raitis\/2022-2\/cursa-san-iriseoireacht-do-scolairi-idirbhliana-a-reachtail-iriseoiri-an-lae-amarach-i-mi-marta\/#primaryimage"},"image":{"@id":"https:\/\/dev.tg4.ie\/ga\/eolas\/preas\/nuacht-raitis\/2022-2\/cursa-san-iriseoireacht-do-scolairi-idirbhliana-a-reachtail-iriseoiri-an-lae-amarach-i-mi-marta\/#primaryimage"},"thumbnailUrl":"https:\/\/dev.tg4.ie\/wp-content\/uploads\/2022\/01\/Iriseoiri_an_Lae_Amarach_2022_1-1920x1080-1.jpg","datePublished":"2022-01-24T15:17:32+00:00","dateModified":"2022-01-24T15:19:54+00:00","description":"Don dara bliain as a ch\u00e9ile, reacht\u00e1lfaidh TG4, O\u00c9 Gaillimh agus Nuacht RT\u00c9 an c\u00farsa, Iriseoir\u00ed an lae Am\u00e1rach le comhairle \u00f3n gComhairle um Oideachas Gaeltachta agus Gaelscola\u00edochta (COGG) agus \u00f3n Roinn Oideachais.","breadcrumb":{"@id":"https:\/\/dev.tg4.ie\/ga\/eolas\/preas\/nuacht-raitis\/2022-2\/cursa-san-iriseoireacht-do-scolairi-idirbhliana-a-reachtail-iriseoiri-an-lae-amarach-i-mi-marta\/#breadcrumb"},"inLanguage":"ga","potentialAction":[{"@type":"ReadAction","target":["https:\/\/dev.tg4.ie\/ga\/eolas\/preas\/nuacht-raitis\/2022-2\/cursa-san-iriseoireacht-do-scolairi-idirbhliana-a-reachtail-iriseoiri-an-lae-amarach-i-mi-marta\/"]}]},{"@type":"ImageObject","inLanguage":"ga","@id":"https:\/\/dev.tg4.ie\/ga\/eolas\/preas\/nuacht-raitis\/2022-2\/cursa-san-iriseoireacht-do-scolairi-idirbhliana-a-reachtail-iriseoiri-an-lae-amarach-i-mi-marta\/#primaryimage","url":"https:\/\/dev.tg4.ie\/wp-content\/uploads\/2022\/01\/Iriseoiri_an_Lae_Amarach_2022_1-1920x1080-1.jpg","contentUrl":"https:\/\/dev.tg4.ie\/wp-content\/uploads\/2022\/01\/Iriseoiri_an_Lae_Amarach_2022_1-1920x1080-1.jpg"},{"@type":"BreadcrumbList","@id":"https:\/\/dev.tg4.ie\/ga\/eolas\/preas\/nuacht-raitis\/2022-2\/cursa-san-iriseoireacht-do-scolairi-idirbhliana-a-reachtail-iriseoiri-an-lae-amarach-i-mi-marta\/#breadcrumb","itemListElement":[{"@type":"ListItem","position":1,"name":"Home","item":"https:\/\/dev.tg4.ie\/ga\/"},{"@type":"ListItem","position":2,"name":"Eolas","item":"https:\/\/dev.tg4.ie\/ga\/eolas\/"},{"@type":"ListItem","position":3,"name":"Preas","item":"https:\/\/dev.tg4.ie\/ga\/eolas\/preas\/"},{"@type":"ListItem","position":4,"name":"Nuacht R\u00e1itis","item":"https:\/\/dev.tg4.ie\/ga\/eolas\/preas\/nuacht-raitis\/"},{"@type":"ListItem","position":5,"name":"2022","item":"https:\/\/dev.tg4.ie\/ga\/eolas\/preas\/nuacht-raitis\/2022-2\/"},{"@type":"ListItem","position":6,"name":"C\u00farsa san iriseoireacht do scol\u00e1ir\u00ed idirbhliana \u00e1 reacht\u00e1il Iriseoir\u00ed an Lae Am\u00e1rach i M\u00ed M\u00e1rta"}]},{"@type":"WebSite","@id":"https:\/\/dev.tg4.ie\/en\/#website","url":"https:\/\/dev.tg4.ie\/en\/","name":"TG4","description":"S\u00fail Eile","potentialAction":[{"@type":"SearchAction","target":{"@type":"EntryPoint","urlTemplate":"https:\/\/dev.tg4.ie\/en\/?s={search_term_string}"},"query-input":"required name=search_term_string"}],"inLanguage":"ga"}]}},"_links":{"self":[{"href":"https:\/\/dev.tg4.ie\/ga\/wp-json\/wp\/v2\/pages\/138590"}],"collection":[{"href":"https:\/\/dev.tg4.ie\/ga\/wp-json\/wp\/v2\/pages"}],"about":[{"href":"https:\/\/dev.tg4.ie\/ga\/wp-json\/wp\/v2\/types\/page"}],"author":[{"embeddable":true,"href":"https:\/\/dev.tg4.ie\/ga\/wp-json\/wp\/v2\/users\/876"}],"replies":[{"embeddable":true,"href":"https:\/\/dev.tg4.ie\/ga\/wp-json\/wp\/v2\/comments?post=138590"}],"version-history":[{"count":0,"href":"https:\/\/dev.tg4.ie\/ga\/wp-json\/wp\/v2\/pages\/138590\/revisions"}],"up":[{"embeddable":true,"href":"https:\/\/dev.tg4.ie\/ga\/wp-json\/wp\/v2\/pages\/138171"}],"wp:attachment":[{"href":"https:\/\/dev.tg4.ie\/ga\/wp-json\/wp\/v2\/media?parent=138590"}],"curies":[{"name":"wp","href":"https:\/\/api.w.org\/{rel}","templated":true}]}}