{"id":1388,"date":"2015-08-19T12:44:37","date_gmt":"2015-08-19T11:44:37","guid":{"rendered":"https:\/\/dev.tg4.ie\/corporate\/press-releases\/2015-2\/25-05-15\/"},"modified":"2019-06-25T11:21:39","modified_gmt":"2019-06-25T10:21:39","slug":"25-05-15","status":"publish","type":"page","link":"https:\/\/dev.tg4.ie\/ga\/eolas\/preas\/nuacht-raitis\/2015-2\/25-05-15\/","title":{"rendered":"25.05.15"},"content":{"rendered":"<p>Is iad na saothair a fuair Gradaim do TG4 i mbliana:<\/p>\n<p><b>Gradam Speisialta:\u00a0\u00a0\u00a0 <\/b><b><i>Ros na R\u00fan\u00a0 <\/i><\/b>( l\u00e9iri\u00fa le Eo Teilif\u00edse\/L\u00e9irithe Th\u00edr Eoghain)<\/p>\n<p>T\u00e1 an sobaldhr\u00e1ma teilif\u00edse seo fiche bliain ar an bhf\u00f3d i mbliana agus \u00e9 neadaithe go daingean i samhla\u00edocht an phobail f\u00e9achana.\u00a0\u00a0\u00a0\u00a0 Bronnadh an gradam seo ar an saothar as ard-chaighde\u00e1n l\u00e9iri\u00fach\u00e1in, scripte agus aisteoireachta agus as cumas an dr\u00e1ma d\u00e9ile\u00e1il leis an ngreann agus leis an ngruaim go tuisceanach n\u00e1d\u00fartha.<\/p>\n<p><b>Sraith Teilif\u00edse na Bliana:\u00a0\u00a0 <\/b><b><i>Corp + Anam<\/i><\/b> (l\u00e9iri\u00fa le MagaMedia)<\/p>\n<p>T\u00e1 carn duaiseanna bailithe ag an sraith-dhr\u00e1ma cumhachtach seo a thugann l\u00e9argas g\u00e9arch\u00faiseach eile d\u00fainn ar an saol in \u00c9irinn mar at\u00e1, seachas mar ba mhaith linn \u00e9 a bheith de r\u00e9ir mar a fheictear do thuairisceoir coiri\u00falachta teilif\u00edse.\u00a0 Thuill an dara sraith an moladh c\u00e9anna don script agus don chliar.<\/p>\n<p><b>Cl\u00e1r Teilif\u00edse na Bliana:\u00a0\u00a0 <\/b><b><i>Katie<\/i><\/b><b> <\/b>(l\u00e9iri\u00fa le F\u00f3cas Films)<\/p>\n<p>Cl\u00e1r faisn\u00e9ise a l\u00e9irigh sc\u00e9al an-phearsanta mn\u00e1 \u00f3ige agus a muintire agus iad i ngleic le d\u00fashl\u00e1n ollmh\u00f3r leighis.\u00a0\u00a0\u00a0 Rugadh Katie N\u00ed Allmhur\u00e1in as Cill Chiar\u00e1in leis an Siondr\u00f3m Femur Fibula Ulna, rud a d\u2019fh\u00e1g gan ioml\u00e1n a cuid g\u00e9aga aici \u2013 ach n\u00edor chaill bean an mhisnigh ariamh \u00e9.<\/p>\n<p><b>Craolt\u00f3ir Teilif\u00edse na Bliana:\u00a0 Se\u00e1n Mac a tS\u00edthigh<\/b><\/p>\n<p>Is fada lucht f\u00e9achana <i>Nuacht TG4<\/i> faoi dhra\u00edocht ag cumas sc\u00e9ala\u00edochta agus f\u00edsi\u00falachta an fhir seo as Gaeltacht Chorca Dhuibhne agus \u00e9 i mbun tuairisceoireachta.\u00a0\u00a0\u00a0 T\u00e1 an t-aitheantas sin faighte aige cheana f\u00e9in san Eoraip.\u00a0 Seo anois aige ar\u00eds \u00e9 \u00f3na mhuintir f\u00e9in.<\/p>\n<p><b>Aisteoir na Bliana:\u00a0 Darach \u00d3 Dubh\u00e1in<\/b><\/p>\n<p>Bh\u00ed a thaispe\u00e1ntas sa r\u00f3l mar phr\u00edomh-charachtar sa sc\u00e9ins\u00e9ir <i>An Bronntanas<\/i> ar cheann de phr\u00edomh-bhuaiceanna na sraithe seo.\u00a0\u00a0 T\u00e1 a ch\u00e1il ag scaipeadh i bhfad is i ngearr ach b\u2019sheo \u00e9 i mbarr a mhaitheasa ar fh\u00f3d a dh\u00fachais.<\/p>\n<p>Thr\u00e9aslaigh an tArdsti\u00farth\u00f3ir, P\u00f3l \u00d3 Gallch\u00f3ir, a ngradaim leo ar fad agus leis na buaiteoir\u00ed \u00f3 na me\u00e1in\u00a0 Ghaeilge eile a fuair aitheantas \u00f3 Oireachtas na Gaeilge ag Duaisbhronnadh na nGradam seo.<\/p>\n","protected":false},"excerpt":{"rendered":"<p>Is iad na saothair a fuair Gradaim do TG4 i mbliana: Gradam Speisialta:\u00a0\u00a0\u00a0 Ros na R\u00fan\u00a0 ( l\u00e9iri\u00fa le Eo Teilif\u00edse\/L\u00e9irithe Th\u00edr Eoghain) T\u00e1 an sobaldhr\u00e1ma teilif\u00edse seo fiche bliain ar an bhf\u00f3d i mbliana agus \u00e9 neadaithe go daingean i samhla\u00edocht an phobail f\u00e9achana.\u00a0\u00a0\u00a0\u00a0 Bronnadh an gradam seo ar an saothar as ard-chaighde\u00e1n l\u00e9iri\u00fach\u00e1in, [&hellip;]<\/p>\n","protected":false},"author":6,"featured_media":1381,"parent":985,"menu_order":11,"comment_status":"closed","ping_status":"closed","template":"page-templates\/template-pr.php","meta":{"_acf_changed":false,"footnotes":""},"acf":[],"yoast_head":"<!-- This site is optimized with the Yoast SEO plugin v22.6 - https:\/\/yoast.com\/wordpress\/plugins\/seo\/ -->\n<title>25.05.15 - TG4<\/title>\n<meta name=\"robots\" content=\"index, follow, max-snippet:-1, max-image-preview:large, max-video-preview:-1\" \/>\n<meta property=\"og:locale\" content=\"en_US\" \/>\n<meta property=\"og:type\" content=\"article\" \/>\n<meta property=\"og:title\" content=\"25.05.15 - TG4\" \/>\n<meta property=\"og:description\" content=\"Is iad na saothair a fuair Gradaim do TG4 i mbliana: Gradam Speisialta:\u00a0\u00a0\u00a0 Ros na R\u00fan\u00a0 ( l\u00e9iri\u00fa le Eo Teilif\u00edse\/L\u00e9irithe Th\u00edr Eoghain) T\u00e1 an sobaldhr\u00e1ma teilif\u00edse seo fiche bliain ar an bhf\u00f3d i mbliana agus \u00e9 neadaithe go daingean i samhla\u00edocht an phobail f\u00e9achana.\u00a0\u00a0\u00a0\u00a0 Bronnadh an gradam seo ar an saothar as ard-chaighde\u00e1n l\u00e9iri\u00fach\u00e1in, [&hellip;]\" \/>\n<meta property=\"og:url\" content=\"https:\/\/dev.tg4.ie\/ga\/eolas\/preas\/nuacht-raitis\/2015-2\/25-05-15\/\" \/>\n<meta property=\"og:site_name\" content=\"TG4\" \/>\n<meta property=\"article:publisher\" content=\"https:\/\/www.facebook.com\/TG4TV\" \/>\n<meta property=\"article:modified_time\" content=\"2019-06-25T10:21:39+00:00\" \/>\n<meta property=\"og:image\" content=\"https:\/\/tg4-docs.s3.amazonaws.com\/tg4-redesign-2015\/wp-content\/uploads\/2015\/08\/ros_na_run.jpg\" \/>\n\t<meta property=\"og:image:width\" content=\"1920\" \/>\n\t<meta property=\"og:image:height\" content=\"1080\" \/>\n\t<meta property=\"og:image:type\" content=\"image\/jpeg\" \/>\n<meta name=\"twitter:card\" content=\"summary_large_image\" \/>\n<meta name=\"twitter:site\" content=\"@TG4TV\" \/>\n<meta name=\"twitter:label1\" content=\"Est. reading time\" \/>\n\t<meta name=\"twitter:data1\" content=\"2 minutes\" \/>\n<script type=\"application\/ld+json\" class=\"yoast-schema-graph\">{\"@context\":\"https:\/\/schema.org\",\"@graph\":[{\"@type\":\"WebPage\",\"@id\":\"https:\/\/dev.tg4.ie\/ga\/eolas\/preas\/nuacht-raitis\/2015-2\/25-05-15\/\",\"url\":\"https:\/\/dev.tg4.ie\/ga\/eolas\/preas\/nuacht-raitis\/2015-2\/25-05-15\/\",\"name\":\"25.05.15 - TG4\",\"isPartOf\":{\"@id\":\"https:\/\/dev.tg4.ie\/en\/#website\"},\"primaryImageOfPage\":{\"@id\":\"https:\/\/dev.tg4.ie\/ga\/eolas\/preas\/nuacht-raitis\/2015-2\/25-05-15\/#primaryimage\"},\"image\":{\"@id\":\"https:\/\/dev.tg4.ie\/ga\/eolas\/preas\/nuacht-raitis\/2015-2\/25-05-15\/#primaryimage\"},\"thumbnailUrl\":\"https:\/\/tg4-docs.s3.amazonaws.com\/tg4-redesign-2015\/wp-content\/uploads\/2015\/08\/ros_na_run.jpg\",\"datePublished\":\"2015-08-19T11:44:37+00:00\",\"dateModified\":\"2019-06-25T10:21:39+00:00\",\"breadcrumb\":{\"@id\":\"https:\/\/dev.tg4.ie\/ga\/eolas\/preas\/nuacht-raitis\/2015-2\/25-05-15\/#breadcrumb\"},\"inLanguage\":\"ga\",\"potentialAction\":[{\"@type\":\"ReadAction\",\"target\":[\"https:\/\/dev.tg4.ie\/ga\/eolas\/preas\/nuacht-raitis\/2015-2\/25-05-15\/\"]}]},{\"@type\":\"ImageObject\",\"inLanguage\":\"ga\",\"@id\":\"https:\/\/dev.tg4.ie\/ga\/eolas\/preas\/nuacht-raitis\/2015-2\/25-05-15\/#primaryimage\",\"url\":\"https:\/\/tg4-docs.s3.amazonaws.com\/tg4-redesign-2015\/wp-content\/uploads\/2015\/08\/ros_na_run.jpg\",\"contentUrl\":\"https:\/\/tg4-docs.s3.amazonaws.com\/tg4-redesign-2015\/wp-content\/uploads\/2015\/08\/ros_na_run.jpg\",\"width\":1920,\"height\":1080},{\"@type\":\"BreadcrumbList\",\"@id\":\"https:\/\/dev.tg4.ie\/ga\/eolas\/preas\/nuacht-raitis\/2015-2\/25-05-15\/#breadcrumb\",\"itemListElement\":[{\"@type\":\"ListItem\",\"position\":1,\"name\":\"Home\",\"item\":\"https:\/\/dev.tg4.ie\/ga\/\"},{\"@type\":\"ListItem\",\"position\":2,\"name\":\"Eolas\",\"item\":\"https:\/\/dev.tg4.ie\/ga\/eolas\/\"},{\"@type\":\"ListItem\",\"position\":3,\"name\":\"Preas\",\"item\":\"https:\/\/dev.tg4.ie\/ga\/eolas\/preas\/\"},{\"@type\":\"ListItem\",\"position\":4,\"name\":\"Nuacht R\u00e1itis\",\"item\":\"https:\/\/dev.tg4.ie\/ga\/eolas\/preas\/nuacht-raitis\/\"},{\"@type\":\"ListItem\",\"position\":5,\"name\":\"2015\",\"item\":\"https:\/\/dev.tg4.ie\/ga\/eolas\/preas\/nuacht-raitis\/2015-2\/\"},{\"@type\":\"ListItem\",\"position\":6,\"name\":\"25.05.15\"}]},{\"@type\":\"WebSite\",\"@id\":\"https:\/\/dev.tg4.ie\/en\/#website\",\"url\":\"https:\/\/dev.tg4.ie\/en\/\",\"name\":\"TG4\",\"description\":\"S\u00fail Eile\",\"potentialAction\":[{\"@type\":\"SearchAction\",\"target\":{\"@type\":\"EntryPoint\",\"urlTemplate\":\"https:\/\/dev.tg4.ie\/en\/?s={search_term_string}\"},\"query-input\":\"required name=search_term_string\"}],\"inLanguage\":\"ga\"}]}<\/script>\n<!-- \/ Yoast SEO plugin. -->","yoast_head_json":{"title":"25.05.15 - TG4","robots":{"index":"index","follow":"follow","max-snippet":"max-snippet:-1","max-image-preview":"max-image-preview:large","max-video-preview":"max-video-preview:-1"},"og_locale":"en_US","og_type":"article","og_title":"25.05.15 - TG4","og_description":"Is iad na saothair a fuair Gradaim do TG4 i mbliana: Gradam Speisialta:\u00a0\u00a0\u00a0 Ros na R\u00fan\u00a0 ( l\u00e9iri\u00fa le Eo Teilif\u00edse\/L\u00e9irithe Th\u00edr Eoghain) T\u00e1 an sobaldhr\u00e1ma teilif\u00edse seo fiche bliain ar an bhf\u00f3d i mbliana agus \u00e9 neadaithe go daingean i samhla\u00edocht an phobail f\u00e9achana.\u00a0\u00a0\u00a0\u00a0 Bronnadh an gradam seo ar an saothar as ard-chaighde\u00e1n l\u00e9iri\u00fach\u00e1in, [&hellip;]","og_url":"https:\/\/dev.tg4.ie\/ga\/eolas\/preas\/nuacht-raitis\/2015-2\/25-05-15\/","og_site_name":"TG4","article_publisher":"https:\/\/www.facebook.com\/TG4TV","article_modified_time":"2019-06-25T10:21:39+00:00","og_image":[{"width":1920,"height":1080,"url":"https:\/\/tg4-docs.s3.amazonaws.com\/tg4-redesign-2015\/wp-content\/uploads\/2015\/08\/ros_na_run.jpg","type":"image\/jpeg"}],"twitter_card":"summary_large_image","twitter_site":"@TG4TV","twitter_misc":{"Est. reading time":"2 minutes"},"schema":{"@context":"https:\/\/schema.org","@graph":[{"@type":"WebPage","@id":"https:\/\/dev.tg4.ie\/ga\/eolas\/preas\/nuacht-raitis\/2015-2\/25-05-15\/","url":"https:\/\/dev.tg4.ie\/ga\/eolas\/preas\/nuacht-raitis\/2015-2\/25-05-15\/","name":"25.05.15 - TG4","isPartOf":{"@id":"https:\/\/dev.tg4.ie\/en\/#website"},"primaryImageOfPage":{"@id":"https:\/\/dev.tg4.ie\/ga\/eolas\/preas\/nuacht-raitis\/2015-2\/25-05-15\/#primaryimage"},"image":{"@id":"https:\/\/dev.tg4.ie\/ga\/eolas\/preas\/nuacht-raitis\/2015-2\/25-05-15\/#primaryimage"},"thumbnailUrl":"https:\/\/tg4-docs.s3.amazonaws.com\/tg4-redesign-2015\/wp-content\/uploads\/2015\/08\/ros_na_run.jpg","datePublished":"2015-08-19T11:44:37+00:00","dateModified":"2019-06-25T10:21:39+00:00","breadcrumb":{"@id":"https:\/\/dev.tg4.ie\/ga\/eolas\/preas\/nuacht-raitis\/2015-2\/25-05-15\/#breadcrumb"},"inLanguage":"ga","potentialAction":[{"@type":"ReadAction","target":["https:\/\/dev.tg4.ie\/ga\/eolas\/preas\/nuacht-raitis\/2015-2\/25-05-15\/"]}]},{"@type":"ImageObject","inLanguage":"ga","@id":"https:\/\/dev.tg4.ie\/ga\/eolas\/preas\/nuacht-raitis\/2015-2\/25-05-15\/#primaryimage","url":"https:\/\/tg4-docs.s3.amazonaws.com\/tg4-redesign-2015\/wp-content\/uploads\/2015\/08\/ros_na_run.jpg","contentUrl":"https:\/\/tg4-docs.s3.amazonaws.com\/tg4-redesign-2015\/wp-content\/uploads\/2015\/08\/ros_na_run.jpg","width":1920,"height":1080},{"@type":"BreadcrumbList","@id":"https:\/\/dev.tg4.ie\/ga\/eolas\/preas\/nuacht-raitis\/2015-2\/25-05-15\/#breadcrumb","itemListElement":[{"@type":"ListItem","position":1,"name":"Home","item":"https:\/\/dev.tg4.ie\/ga\/"},{"@type":"ListItem","position":2,"name":"Eolas","item":"https:\/\/dev.tg4.ie\/ga\/eolas\/"},{"@type":"ListItem","position":3,"name":"Preas","item":"https:\/\/dev.tg4.ie\/ga\/eolas\/preas\/"},{"@type":"ListItem","position":4,"name":"Nuacht R\u00e1itis","item":"https:\/\/dev.tg4.ie\/ga\/eolas\/preas\/nuacht-raitis\/"},{"@type":"ListItem","position":5,"name":"2015","item":"https:\/\/dev.tg4.ie\/ga\/eolas\/preas\/nuacht-raitis\/2015-2\/"},{"@type":"ListItem","position":6,"name":"25.05.15"}]},{"@type":"WebSite","@id":"https:\/\/dev.tg4.ie\/en\/#website","url":"https:\/\/dev.tg4.ie\/en\/","name":"TG4","description":"S\u00fail Eile","potentialAction":[{"@type":"SearchAction","target":{"@type":"EntryPoint","urlTemplate":"https:\/\/dev.tg4.ie\/en\/?s={search_term_string}"},"query-input":"required name=search_term_string"}],"inLanguage":"ga"}]}},"_links":{"self":[{"href":"https:\/\/dev.tg4.ie\/ga\/wp-json\/wp\/v2\/pages\/1388"}],"collection":[{"href":"https:\/\/dev.tg4.ie\/ga\/wp-json\/wp\/v2\/pages"}],"about":[{"href":"https:\/\/dev.tg4.ie\/ga\/wp-json\/wp\/v2\/types\/page"}],"author":[{"embeddable":true,"href":"https:\/\/dev.tg4.ie\/ga\/wp-json\/wp\/v2\/users\/6"}],"replies":[{"embeddable":true,"href":"https:\/\/dev.tg4.ie\/ga\/wp-json\/wp\/v2\/comments?post=1388"}],"version-history":[{"count":0,"href":"https:\/\/dev.tg4.ie\/ga\/wp-json\/wp\/v2\/pages\/1388\/revisions"}],"up":[{"embeddable":true,"href":"https:\/\/dev.tg4.ie\/ga\/wp-json\/wp\/v2\/pages\/985"}],"wp:featuredmedia":[{"embeddable":true,"href":"https:\/\/dev.tg4.ie\/ga\/wp-json\/wp\/v2\/media\/1381"}],"wp:attachment":[{"href":"https:\/\/dev.tg4.ie\/ga\/wp-json\/wp\/v2\/media?parent=1388"}],"curies":[{"name":"wp","href":"https:\/\/api.w.org\/{rel}","templated":true}]}}