{"id":139309,"date":"2022-02-01T14:57:05","date_gmt":"2022-02-01T14:57:05","guid":{"rendered":"https:\/\/dev.tg4.ie\/?page_id=139309"},"modified":"2022-02-01T15:14:27","modified_gmt":"2022-02-01T15:14:27","slug":"sraith-nua-ceoil-o-ionad-cultuir-the-black-gate-le-seoladh-ar-sheinnteoir-tg4-ar-an-11-feabhra","status":"publish","type":"page","link":"https:\/\/dev.tg4.ie\/ga\/eolas\/preas\/nuacht-raitis\/2022-2\/sraith-nua-ceoil-o-ionad-cultuir-the-black-gate-le-seoladh-ar-sheinnteoir-tg4-ar-an-11-feabhra\/","title":{"rendered":"Sraith nua ceoil \u00f3 ionad cult\u00fair The Black Gate le seoladh ar sheinnteoir TG4 ar an 11 Feabhra"},"content":{"rendered":"<p><a href=\"https:\/\/tg4-docs.s3.amazonaws.com\/tg4-redesign-2015\/wp-content\/uploads\/2022\/02\/Cumasc-Seisiuin_sa_Black_Gate-2-1920x1080-1.jpg\"><img loading=\"lazy\" decoding=\"async\" width=\"1920\" height=\"1080\" src=\"https:\/\/tg4-docs.s3.amazonaws.com\/tg4-redesign-2015\/wp-content\/uploads\/2022\/02\/Cumasc-Seisiuin_sa_Black_Gate-2-1920x1080-1.jpg\" alt=\"\" class=\"aligncenter size-full wp-image-139323\" srcset=\"https:\/\/tg4-docs.s3.amazonaws.com\/tg4-redesign-2015\/wp-content\/uploads\/2022\/02\/Cumasc-Seisiuin_sa_Black_Gate-2-1920x1080-1.jpg 1920w, https:\/\/tg4-docs.s3.amazonaws.com\/tg4-redesign-2015\/wp-content\/uploads\/2022\/02\/Cumasc-Seisiuin_sa_Black_Gate-2-1920x1080-1-250x141.jpg 250w, https:\/\/tg4-docs.s3.amazonaws.com\/tg4-redesign-2015\/wp-content\/uploads\/2022\/02\/Cumasc-Seisiuin_sa_Black_Gate-2-1920x1080-1-700x394.jpg 700w, https:\/\/tg4-docs.s3.amazonaws.com\/tg4-redesign-2015\/wp-content\/uploads\/2022\/02\/Cumasc-Seisiuin_sa_Black_Gate-2-1920x1080-1-252x141.jpg 252w, https:\/\/tg4-docs.s3.amazonaws.com\/tg4-redesign-2015\/wp-content\/uploads\/2022\/02\/Cumasc-Seisiuin_sa_Black_Gate-2-1920x1080-1-1536x864.jpg 1536w, https:\/\/tg4-docs.s3.amazonaws.com\/tg4-redesign-2015\/wp-content\/uploads\/2022\/02\/Cumasc-Seisiuin_sa_Black_Gate-2-1920x1080-1-120x68.jpg 120w\" sizes=\"(max-width: 1920px) 100vw, 1920px\" \/><\/a><br \/>\n&nbsp;<\/p>\n<div style=\"position: relative; overflow: auto; width: 100%; padding-bottom: 56.25%;\"><iframe loading=\"lazy\" src=\"https:\/\/www.youtube.com\/embed\/2rYz8aqutBE\" width=\"100%\" height=\"100%\" frameborder=\"0\" scrolling=\"no\" allowFullscreen=\"true\" style=\"position: absolute; top: 0px; display: block;\"><\/iframe><\/div>\n<p>&nbsp;<br \/>\nIs sraith cheoil nua 12 cl\u00e1r \u00ed <strong>CUMASC: Seisi\u00fain sa Black Gate<\/strong> ina nd\u00e9antar cumasc idir p\u00edosa\u00ed scann\u00e1na\u00edochta \u00e1ille, m\u00edreanna faisn\u00e9ise breathnaitheach agus agallaimh phearsanta. Tugtar ard\u00e1n sa tsraith do thaibhithe a taifeadadh beo ag <strong>Ionad Cult\u00fair The Black Gate<\/strong> i gceartl\u00e1r Chathair na Gaillimhe, agus d\u00e9anfar p\u00edosa\u00ed scann\u00e1na\u00edochta ar a dtarla\u00edonn sa ch\u00falra chomh maith le hagallamh a scann\u00e1n\u00fa in \u00e1iteanna suntasacha ar fud na cathrach agus i gceantair taobh amuigh den chathair.<br \/>\n&nbsp;<br \/>\nRinneadh CUMASC: Seisi\u00fain sa Black Gate a choimisi\u00fan\u00fa do TG4 faoi shruth maoinithe ar leith an BAI d\u2019Earn\u00e1il an Cheoil Bheo. Buna\u00edodh an tionscnamh sin chun tac\u00fa le hearn\u00e1il an cheoil bheo a bh\u00ed siar leis mar thoradh ar an bpaind\u00e9im Covid-19.<br \/>\n&nbsp;<br \/>\nIs ionann CUMASC agus se\u00f3thaispe\u00e1ntas at\u00e1 curtha le ch\u00e9ile go c\u00faramach, ina gcloisfear idir cheolt\u00f3ir\u00ed aitheanta agus cheolt\u00f3ir\u00ed at\u00e1 ag teacht chun cinn, cuid acu as \u00c9irinn agus roinnt eala\u00edont\u00f3ir\u00ed idirn\u00e1isi\u00fanta ina measc chomh maith. Tiocfaidh na heala\u00edont\u00f3ir\u00ed seo le ch\u00e9ile chun com\u00f3radh a dh\u00e9anamh ar an obair i gcomhar agus ar an gcruthaitheacht; go leor d\u00edobh n\u00e1r chas le ch\u00e9ile riamh roimhe seo.  Cuirfear t\u00fas leis an tsraith leis an gceolt\u00f3ir as Meirice\u00e1 a bhfuil gradam Grammy buaite aici, <strong>Rhiannon Giddens<\/strong>, an cumad\u00f3ir as an Iod\u00e1il, <strong>Francesco Turrisi<\/strong>, agus an t-amhr\u00e1na\u00ed ar an sean-n\u00f3s as Conamara, <strong>R\u00f3is\u00edn Elsafty<\/strong>. Cuirfidh na tri\u00far eala\u00edont\u00f3ir\u00ed iontacha seo saothar i gcomhar at\u00e1 iontach samhla\u00edoch i l\u00e1thair, saothar at\u00e1 faoi an\u00e1il thr\u00ed thraidisi\u00fan ar leith de chuid na ndaoine agus na traidisi\u00fain sin fite le ch\u00e9ile acu ar bhealach foirfe amach is amach. \u00d3c\u00e1id iontach amh\u00e1in i sraith at\u00e1 l\u00e1n d\u2019\u00f3c\u00e1id\u00ed d\u00e1 leith\u00e9id is ea \u00ed.<br \/>\n&nbsp;<br \/>\nBeidh an ceolt\u00f3ir leictreonach <strong>Daith\u00ed \u00d3 Dr\u00f3na\u00ed<\/strong> agus an t-amhr\u00e1na\u00ed, an cumad\u00f3ir amhr\u00e1n agus an veidhlead\u00f3ir, <strong>Suzanne Savage<\/strong> b\u00e1ite sa dtobchumad\u00f3ireacht agus iad ag cumadh amhr\u00e1n spleodrach nua faoi thintreach a bhuail traein Suzanne an mhaidin ch\u00e9anna sin. Beidh an t-amhr\u00e1na\u00ed is scr\u00edbhneoir <strong>Sam Amidon<\/strong> i mbun ceoil i mb\u00e1d ar Abhainn na Gaillimhe, agus aoibhneas a chuid ceoil agus amhr\u00e1na\u00edochta mar a bheadh l\u00f3chrann d\u00f3chais ann ar l\u00e1 dorcha gruama i nGaillimh. Tabharfaidh an t-amhr\u00e1na\u00ed is scr\u00edbhneoir <strong>John Conneely<\/strong> agus an taibheoir tochtmhar <strong>S\u00edomha<\/strong> anam nua agus comhcheol \u00e1lainn do sheanamhr\u00e1in chlasaiceacha agus cuirfidh borradh faoi chaisle\u00e1in at\u00e1 n\u00edos sine f\u00f3s.   Labhr\u00f3idh fathaigh an cheoil a dtugtar urraim d\u00f3ibh <strong>Liam \u00d3 Maonla\u00ed<\/strong>, <strong>Niwel Tsumbu<\/strong>, agus <strong>Eamonn Cagney<\/strong> faoin iliomad deiseanna ceoil at\u00e1 ann sula dtabharfaidh siad faoi ch\u00fapla port ceili\u00fartha a sheinm gan iad ullmhaithe roimh r\u00e9 acu.<br \/>\n&nbsp;<br \/>\nN\u00edl ansin ach sampla den chumas a bheidh ar taispe\u00e1int i rith na sraithe. Beidh <strong>Rachael Lavelle, Peter Broderick, Seamus Begley, Junior Brother, Seamie O\u2019Dowd, Daoir\u00ed Farrell, Anna Mullarkey, David Kitt, Colm Mac Con Iomaire, Arborist, John Blek, Inni-K, Jinx Lennon,<\/strong> agus <strong>The Mary Wallopers<\/strong> iad f\u00e9in agus a s\u00e1rchumas ceoil p\u00e1irteach sa tsraith chomh maith.<br \/>\n&nbsp;<br \/>\n<strong>Arna mhaoini\u00fa ag \u00dadar\u00e1s Craolach\u00e1in na h\u00c9ireann (BAI) seolfar CUMASC: Seisi\u00fain sa Black Gate<\/strong> mar shraith dhigiteach ar dt\u00fas ar Sheinnteoir TG4, at\u00e1 ar f\u00e1il ar theilif\u00edse\u00e1in chliste Samsung, Sony agus LG, ar ghairis OTT amhail Apple TV, Google TV agus Amazon Fire, agus ar ard\u00e1in mh\u00f3ib\u00edleach ios agus Google Playstore. Craolfar an tsraith ag tr\u00e1th n\u00edos d\u00e9ana\u00ed ar TG4.<br \/>\n&nbsp;<br \/>\nCumas. Nasc. Comhoibri\u00fa. Cruthaitheacht. Cuid de na dearbhphrionsabail i gcro\u00edl\u00e1r Ionad Cult\u00fair The Black Gate, an mol cruthaitheach as ar eascair an tsraith seo. T\u00e1 be\u00e1r f\u00edona, ionad c\u00e1ili\u00fail ceoil, sti\u00faideo taifeadta \u00farscothach, seomra eagarth\u00f3ireachta ar fad faoi aon d\u00edon amh\u00e1in agus is ann at\u00e1 Black Gate Label &#8211; a lip\u00e9ad f\u00e9in ceoil &#8211; agus Black Gate Productions &#8211; a gcomhlacht l\u00e9iri\u00fach\u00e1in f\u00e9in bunaithe. \u00d3 d\u2019oscail an t-ionad sa bhliain 2017 is sp\u00e1s \u00e9 at\u00e1 l\u00e1n de charachtar agus de phobal, a bhfuil an saothar i gcomhar mar shaintr\u00e9ith aige. Mar sin, is ionann CUMASC agus achoimre den scoth ar na pr\u00edomhchreidimh sin.<br \/>\n&nbsp;<br \/>\nIs \u00e9ard a d\u00fairt Mair\u00e9ad N\u00ed Thr\u00e9inir &#8211; l\u00e9iritheoir ag Black Gate Productions &#8211; faoin tsraith: <em>\u201cT\u00e1 f\u00edorbhr\u00f3d orainn gurb \u00e9 CUMASC; Seisi\u00fain sa Black Gate, an ch\u00e9ad choimisi\u00fain teilif\u00edse \u00f3 Black Gate Productions. T\u00e1imid m\u00f3rtasach gur th\u00e1inig s\u00e9 chun cinn go n\u00e1d\u00fartha \u00f3n gcaidreamh ar leith at\u00e1 ag an ionad leis na ceolt\u00f3ir\u00ed agus na heala\u00edont\u00f3ir\u00ed \u00f3 ar fud na h\u00c9ireann agus thar lear. T\u00e1 br\u00f3d ach go h\u00e1irithe orainn an urraim dhomhain at\u00e1 againn d\u00e1r dteanga dh\u00fachais a chur os comhair an phobail.  Rinneadh CUMASC a choimisi\u00fan\u00fa do TG4 tr\u00ed bhabhta speisialta BAI, an sruth maoinithe d\u2019Earn\u00e1il an Cheoil Bheo. Buna\u00edodh an tionscnamh sin chun tac\u00fa le hearn\u00e1il a bh\u00ed &#8211; agus at\u00e1 f\u00f3s &#8211; ag fulaingt go m\u00f3r faoi shrianta na paind\u00e9ime. N\u00ed hamh\u00e1in gur chruthaigh an tsraith seo deiseanna do cheolt\u00f3ir\u00ed agus do chri\u00fanna l\u00e9irithe, ach chuir s\u00e9 ar \u00e1r gcumas baill de chri\u00fanna taibhithe beo a thraen\u00e1il an athuair chun tabhairt faoi obair ar l\u00e9iri\u00fach\u00e1in teilif\u00edse.\u201d<\/em><br \/>\n&nbsp;<\/p>\n<p><strong>Beidh \u2018CUMASC: Seisi\u00fain sa Black Gate\u2019 ar f\u00e1il ar fud an domhain ar Sheinnteoir TG4 \u00f3n 11 Feabhra ar aghaidh.<\/strong><br \/>\n&nbsp;<br \/>\n&nbsp;<\/p>\n","protected":false},"excerpt":{"rendered":"<p>&nbsp; &nbsp; Is sraith cheoil nua 12 cl\u00e1r \u00ed CUMASC: Seisi\u00fain sa Black Gate ina nd\u00e9antar cumasc idir p\u00edosa\u00ed scann\u00e1na\u00edochta \u00e1ille, m\u00edreanna faisn\u00e9ise breathnaitheach agus agallaimh phearsanta. Tugtar ard\u00e1n sa tsraith do thaibhithe a taifeadadh beo ag Ionad Cult\u00fair The Black Gate i gceartl\u00e1r Chathair na Gaillimhe, agus d\u00e9anfar p\u00edosa\u00ed scann\u00e1na\u00edochta ar a dtarla\u00edonn sa [&hellip;]<\/p>\n","protected":false},"author":876,"featured_media":0,"parent":138171,"menu_order":4,"comment_status":"closed","ping_status":"closed","template":"page-templates\/template-pr.php","meta":{"_acf_changed":false,"footnotes":""},"acf":[],"yoast_head":"<!-- This site is optimized with the Yoast SEO plugin v22.6 - https:\/\/yoast.com\/wordpress\/plugins\/seo\/ -->\n<title>Sraith nua ceoil \u00f3 ionad cult\u00fair The Black Gate le seoladh ar sheinnteoir TG4 ar an 11 Feabhra | Preas R\u00e1iteas | TG4<\/title>\n<meta name=\"description\" content=\"Is sraith cheoil nua 12 cl\u00e1r \u00ed CUMASC: Seisi\u00fain sa Black Gate ina nd\u00e9antar cumasc idir p\u00edosa\u00ed scann\u00e1na\u00edochta \u00e1ille, m\u00edreanna faisn\u00e9ise breathnaitheach agus agallaimh phearsanta.\" \/>\n<meta name=\"robots\" content=\"index, follow, max-snippet:-1, max-image-preview:large, max-video-preview:-1\" \/>\n<meta property=\"og:locale\" content=\"en_US\" \/>\n<meta property=\"og:type\" content=\"article\" \/>\n<meta property=\"og:title\" content=\"Sraith nua ceoil \u00f3 ionad cult\u00fair The Black Gate le seoladh ar sheinnteoir TG4 ar an 11 Feabhra | Preas R\u00e1iteas | TG4\" \/>\n<meta property=\"og:description\" content=\"Is sraith cheoil nua 12 cl\u00e1r \u00ed CUMASC: Seisi\u00fain sa Black Gate ina nd\u00e9antar cumasc idir p\u00edosa\u00ed scann\u00e1na\u00edochta \u00e1ille, m\u00edreanna faisn\u00e9ise breathnaitheach agus agallaimh phearsanta.\" \/>\n<meta property=\"og:url\" content=\"https:\/\/dev.tg4.ie\/ga\/eolas\/preas\/nuacht-raitis\/2022-2\/sraith-nua-ceoil-o-ionad-cultuir-the-black-gate-le-seoladh-ar-sheinnteoir-tg4-ar-an-11-feabhra\/\" \/>\n<meta property=\"og:site_name\" content=\"TG4\" \/>\n<meta property=\"article:publisher\" content=\"https:\/\/www.facebook.com\/TG4TV\" \/>\n<meta property=\"article:modified_time\" content=\"2022-02-01T15:14:27+00:00\" \/>\n<meta property=\"og:image\" content=\"https:\/\/tg4-docs.s3.amazonaws.com\/tg4-redesign-2015\/wp-content\/uploads\/2022\/02\/Cumasc-Seisiuin_sa_Black_Gate-2-1920x1080-1.jpg\" \/>\n\t<meta property=\"og:image:width\" content=\"1920\" \/>\n\t<meta property=\"og:image:height\" content=\"1080\" \/>\n\t<meta property=\"og:image:type\" content=\"image\/jpeg\" \/>\n<meta name=\"twitter:card\" content=\"summary_large_image\" \/>\n<meta name=\"twitter:image\" content=\"https:\/\/tg4-docs.s3.amazonaws.com\/tg4-redesign-2015\/wp-content\/uploads\/2022\/02\/Cumasc-Seisiuin_sa_Black_Gate-2-1920x1080-1.jpg\" \/>\n<meta name=\"twitter:site\" content=\"@TG4TV\" \/>\n<meta name=\"twitter:label1\" content=\"Est. reading time\" \/>\n\t<meta name=\"twitter:data1\" content=\"8 minutes\" \/>\n<script type=\"application\/ld+json\" class=\"yoast-schema-graph\">{\"@context\":\"https:\/\/schema.org\",\"@graph\":[{\"@type\":\"WebPage\",\"@id\":\"https:\/\/dev.tg4.ie\/ga\/eolas\/preas\/nuacht-raitis\/2022-2\/sraith-nua-ceoil-o-ionad-cultuir-the-black-gate-le-seoladh-ar-sheinnteoir-tg4-ar-an-11-feabhra\/\",\"url\":\"https:\/\/dev.tg4.ie\/ga\/eolas\/preas\/nuacht-raitis\/2022-2\/sraith-nua-ceoil-o-ionad-cultuir-the-black-gate-le-seoladh-ar-sheinnteoir-tg4-ar-an-11-feabhra\/\",\"name\":\"Sraith nua ceoil \u00f3 ionad cult\u00fair The Black Gate le seoladh ar sheinnteoir TG4 ar an 11 Feabhra | Preas R\u00e1iteas | TG4\",\"isPartOf\":{\"@id\":\"https:\/\/dev.tg4.ie\/en\/#website\"},\"primaryImageOfPage\":{\"@id\":\"https:\/\/dev.tg4.ie\/ga\/eolas\/preas\/nuacht-raitis\/2022-2\/sraith-nua-ceoil-o-ionad-cultuir-the-black-gate-le-seoladh-ar-sheinnteoir-tg4-ar-an-11-feabhra\/#primaryimage\"},\"image\":{\"@id\":\"https:\/\/dev.tg4.ie\/ga\/eolas\/preas\/nuacht-raitis\/2022-2\/sraith-nua-ceoil-o-ionad-cultuir-the-black-gate-le-seoladh-ar-sheinnteoir-tg4-ar-an-11-feabhra\/#primaryimage\"},\"thumbnailUrl\":\"https:\/\/dev.tg4.ie\/wp-content\/uploads\/2022\/02\/Cumasc-Seisiuin_sa_Black_Gate-2-1920x1080-1.jpg\",\"datePublished\":\"2022-02-01T14:57:05+00:00\",\"dateModified\":\"2022-02-01T15:14:27+00:00\",\"description\":\"Is sraith cheoil nua 12 cl\u00e1r \u00ed CUMASC: Seisi\u00fain sa Black Gate ina nd\u00e9antar cumasc idir p\u00edosa\u00ed scann\u00e1na\u00edochta \u00e1ille, m\u00edreanna faisn\u00e9ise breathnaitheach agus agallaimh phearsanta.\",\"breadcrumb\":{\"@id\":\"https:\/\/dev.tg4.ie\/ga\/eolas\/preas\/nuacht-raitis\/2022-2\/sraith-nua-ceoil-o-ionad-cultuir-the-black-gate-le-seoladh-ar-sheinnteoir-tg4-ar-an-11-feabhra\/#breadcrumb\"},\"inLanguage\":\"ga\",\"potentialAction\":[{\"@type\":\"ReadAction\",\"target\":[\"https:\/\/dev.tg4.ie\/ga\/eolas\/preas\/nuacht-raitis\/2022-2\/sraith-nua-ceoil-o-ionad-cultuir-the-black-gate-le-seoladh-ar-sheinnteoir-tg4-ar-an-11-feabhra\/\"]}]},{\"@type\":\"ImageObject\",\"inLanguage\":\"ga\",\"@id\":\"https:\/\/dev.tg4.ie\/ga\/eolas\/preas\/nuacht-raitis\/2022-2\/sraith-nua-ceoil-o-ionad-cultuir-the-black-gate-le-seoladh-ar-sheinnteoir-tg4-ar-an-11-feabhra\/#primaryimage\",\"url\":\"https:\/\/dev.tg4.ie\/wp-content\/uploads\/2022\/02\/Cumasc-Seisiuin_sa_Black_Gate-2-1920x1080-1.jpg\",\"contentUrl\":\"https:\/\/dev.tg4.ie\/wp-content\/uploads\/2022\/02\/Cumasc-Seisiuin_sa_Black_Gate-2-1920x1080-1.jpg\"},{\"@type\":\"BreadcrumbList\",\"@id\":\"https:\/\/dev.tg4.ie\/ga\/eolas\/preas\/nuacht-raitis\/2022-2\/sraith-nua-ceoil-o-ionad-cultuir-the-black-gate-le-seoladh-ar-sheinnteoir-tg4-ar-an-11-feabhra\/#breadcrumb\",\"itemListElement\":[{\"@type\":\"ListItem\",\"position\":1,\"name\":\"Home\",\"item\":\"https:\/\/dev.tg4.ie\/ga\/\"},{\"@type\":\"ListItem\",\"position\":2,\"name\":\"Eolas\",\"item\":\"https:\/\/dev.tg4.ie\/ga\/eolas\/\"},{\"@type\":\"ListItem\",\"position\":3,\"name\":\"Preas\",\"item\":\"https:\/\/dev.tg4.ie\/ga\/eolas\/preas\/\"},{\"@type\":\"ListItem\",\"position\":4,\"name\":\"Nuacht R\u00e1itis\",\"item\":\"https:\/\/dev.tg4.ie\/ga\/eolas\/preas\/nuacht-raitis\/\"},{\"@type\":\"ListItem\",\"position\":5,\"name\":\"2022\",\"item\":\"https:\/\/dev.tg4.ie\/ga\/eolas\/preas\/nuacht-raitis\/2022-2\/\"},{\"@type\":\"ListItem\",\"position\":6,\"name\":\"Sraith nua ceoil \u00f3 ionad cult\u00fair The Black Gate le seoladh ar sheinnteoir TG4 ar an 11 Feabhra\"}]},{\"@type\":\"WebSite\",\"@id\":\"https:\/\/dev.tg4.ie\/en\/#website\",\"url\":\"https:\/\/dev.tg4.ie\/en\/\",\"name\":\"TG4\",\"description\":\"S\u00fail Eile\",\"potentialAction\":[{\"@type\":\"SearchAction\",\"target\":{\"@type\":\"EntryPoint\",\"urlTemplate\":\"https:\/\/dev.tg4.ie\/en\/?s={search_term_string}\"},\"query-input\":\"required name=search_term_string\"}],\"inLanguage\":\"ga\"}]}<\/script>\n<!-- \/ Yoast SEO plugin. -->","yoast_head_json":{"title":"Sraith nua ceoil \u00f3 ionad cult\u00fair The Black Gate le seoladh ar sheinnteoir TG4 ar an 11 Feabhra | Preas R\u00e1iteas | TG4","description":"Is sraith cheoil nua 12 cl\u00e1r \u00ed CUMASC: Seisi\u00fain sa Black Gate ina nd\u00e9antar cumasc idir p\u00edosa\u00ed scann\u00e1na\u00edochta \u00e1ille, m\u00edreanna faisn\u00e9ise breathnaitheach agus agallaimh phearsanta.","robots":{"index":"index","follow":"follow","max-snippet":"max-snippet:-1","max-image-preview":"max-image-preview:large","max-video-preview":"max-video-preview:-1"},"og_locale":"en_US","og_type":"article","og_title":"Sraith nua ceoil \u00f3 ionad cult\u00fair The Black Gate le seoladh ar sheinnteoir TG4 ar an 11 Feabhra | Preas R\u00e1iteas | TG4","og_description":"Is sraith cheoil nua 12 cl\u00e1r \u00ed CUMASC: Seisi\u00fain sa Black Gate ina nd\u00e9antar cumasc idir p\u00edosa\u00ed scann\u00e1na\u00edochta \u00e1ille, m\u00edreanna faisn\u00e9ise breathnaitheach agus agallaimh phearsanta.","og_url":"https:\/\/dev.tg4.ie\/ga\/eolas\/preas\/nuacht-raitis\/2022-2\/sraith-nua-ceoil-o-ionad-cultuir-the-black-gate-le-seoladh-ar-sheinnteoir-tg4-ar-an-11-feabhra\/","og_site_name":"TG4","article_publisher":"https:\/\/www.facebook.com\/TG4TV","article_modified_time":"2022-02-01T15:14:27+00:00","og_image":[{"width":1920,"height":1080,"url":"https:\/\/tg4-docs.s3.amazonaws.com\/tg4-redesign-2015\/wp-content\/uploads\/2022\/02\/Cumasc-Seisiuin_sa_Black_Gate-2-1920x1080-1.jpg","type":"image\/jpeg"}],"twitter_card":"summary_large_image","twitter_image":"https:\/\/tg4-docs.s3.amazonaws.com\/tg4-redesign-2015\/wp-content\/uploads\/2022\/02\/Cumasc-Seisiuin_sa_Black_Gate-2-1920x1080-1.jpg","twitter_site":"@TG4TV","twitter_misc":{"Est. reading time":"8 minutes"},"schema":{"@context":"https:\/\/schema.org","@graph":[{"@type":"WebPage","@id":"https:\/\/dev.tg4.ie\/ga\/eolas\/preas\/nuacht-raitis\/2022-2\/sraith-nua-ceoil-o-ionad-cultuir-the-black-gate-le-seoladh-ar-sheinnteoir-tg4-ar-an-11-feabhra\/","url":"https:\/\/dev.tg4.ie\/ga\/eolas\/preas\/nuacht-raitis\/2022-2\/sraith-nua-ceoil-o-ionad-cultuir-the-black-gate-le-seoladh-ar-sheinnteoir-tg4-ar-an-11-feabhra\/","name":"Sraith nua ceoil \u00f3 ionad cult\u00fair The Black Gate le seoladh ar sheinnteoir TG4 ar an 11 Feabhra | Preas R\u00e1iteas | TG4","isPartOf":{"@id":"https:\/\/dev.tg4.ie\/en\/#website"},"primaryImageOfPage":{"@id":"https:\/\/dev.tg4.ie\/ga\/eolas\/preas\/nuacht-raitis\/2022-2\/sraith-nua-ceoil-o-ionad-cultuir-the-black-gate-le-seoladh-ar-sheinnteoir-tg4-ar-an-11-feabhra\/#primaryimage"},"image":{"@id":"https:\/\/dev.tg4.ie\/ga\/eolas\/preas\/nuacht-raitis\/2022-2\/sraith-nua-ceoil-o-ionad-cultuir-the-black-gate-le-seoladh-ar-sheinnteoir-tg4-ar-an-11-feabhra\/#primaryimage"},"thumbnailUrl":"https:\/\/dev.tg4.ie\/wp-content\/uploads\/2022\/02\/Cumasc-Seisiuin_sa_Black_Gate-2-1920x1080-1.jpg","datePublished":"2022-02-01T14:57:05+00:00","dateModified":"2022-02-01T15:14:27+00:00","description":"Is sraith cheoil nua 12 cl\u00e1r \u00ed CUMASC: Seisi\u00fain sa Black Gate ina nd\u00e9antar cumasc idir p\u00edosa\u00ed scann\u00e1na\u00edochta \u00e1ille, m\u00edreanna faisn\u00e9ise breathnaitheach agus agallaimh phearsanta.","breadcrumb":{"@id":"https:\/\/dev.tg4.ie\/ga\/eolas\/preas\/nuacht-raitis\/2022-2\/sraith-nua-ceoil-o-ionad-cultuir-the-black-gate-le-seoladh-ar-sheinnteoir-tg4-ar-an-11-feabhra\/#breadcrumb"},"inLanguage":"ga","potentialAction":[{"@type":"ReadAction","target":["https:\/\/dev.tg4.ie\/ga\/eolas\/preas\/nuacht-raitis\/2022-2\/sraith-nua-ceoil-o-ionad-cultuir-the-black-gate-le-seoladh-ar-sheinnteoir-tg4-ar-an-11-feabhra\/"]}]},{"@type":"ImageObject","inLanguage":"ga","@id":"https:\/\/dev.tg4.ie\/ga\/eolas\/preas\/nuacht-raitis\/2022-2\/sraith-nua-ceoil-o-ionad-cultuir-the-black-gate-le-seoladh-ar-sheinnteoir-tg4-ar-an-11-feabhra\/#primaryimage","url":"https:\/\/dev.tg4.ie\/wp-content\/uploads\/2022\/02\/Cumasc-Seisiuin_sa_Black_Gate-2-1920x1080-1.jpg","contentUrl":"https:\/\/dev.tg4.ie\/wp-content\/uploads\/2022\/02\/Cumasc-Seisiuin_sa_Black_Gate-2-1920x1080-1.jpg"},{"@type":"BreadcrumbList","@id":"https:\/\/dev.tg4.ie\/ga\/eolas\/preas\/nuacht-raitis\/2022-2\/sraith-nua-ceoil-o-ionad-cultuir-the-black-gate-le-seoladh-ar-sheinnteoir-tg4-ar-an-11-feabhra\/#breadcrumb","itemListElement":[{"@type":"ListItem","position":1,"name":"Home","item":"https:\/\/dev.tg4.ie\/ga\/"},{"@type":"ListItem","position":2,"name":"Eolas","item":"https:\/\/dev.tg4.ie\/ga\/eolas\/"},{"@type":"ListItem","position":3,"name":"Preas","item":"https:\/\/dev.tg4.ie\/ga\/eolas\/preas\/"},{"@type":"ListItem","position":4,"name":"Nuacht R\u00e1itis","item":"https:\/\/dev.tg4.ie\/ga\/eolas\/preas\/nuacht-raitis\/"},{"@type":"ListItem","position":5,"name":"2022","item":"https:\/\/dev.tg4.ie\/ga\/eolas\/preas\/nuacht-raitis\/2022-2\/"},{"@type":"ListItem","position":6,"name":"Sraith nua ceoil \u00f3 ionad cult\u00fair The Black Gate le seoladh ar sheinnteoir TG4 ar an 11 Feabhra"}]},{"@type":"WebSite","@id":"https:\/\/dev.tg4.ie\/en\/#website","url":"https:\/\/dev.tg4.ie\/en\/","name":"TG4","description":"S\u00fail Eile","potentialAction":[{"@type":"SearchAction","target":{"@type":"EntryPoint","urlTemplate":"https:\/\/dev.tg4.ie\/en\/?s={search_term_string}"},"query-input":"required name=search_term_string"}],"inLanguage":"ga"}]}},"_links":{"self":[{"href":"https:\/\/dev.tg4.ie\/ga\/wp-json\/wp\/v2\/pages\/139309"}],"collection":[{"href":"https:\/\/dev.tg4.ie\/ga\/wp-json\/wp\/v2\/pages"}],"about":[{"href":"https:\/\/dev.tg4.ie\/ga\/wp-json\/wp\/v2\/types\/page"}],"author":[{"embeddable":true,"href":"https:\/\/dev.tg4.ie\/ga\/wp-json\/wp\/v2\/users\/876"}],"replies":[{"embeddable":true,"href":"https:\/\/dev.tg4.ie\/ga\/wp-json\/wp\/v2\/comments?post=139309"}],"version-history":[{"count":0,"href":"https:\/\/dev.tg4.ie\/ga\/wp-json\/wp\/v2\/pages\/139309\/revisions"}],"up":[{"embeddable":true,"href":"https:\/\/dev.tg4.ie\/ga\/wp-json\/wp\/v2\/pages\/138171"}],"wp:attachment":[{"href":"https:\/\/dev.tg4.ie\/ga\/wp-json\/wp\/v2\/media?parent=139309"}],"curies":[{"name":"wp","href":"https:\/\/api.w.org\/{rel}","templated":true}]}}