{"id":139311,"date":"2022-02-01T14:33:20","date_gmt":"2022-02-01T14:33:20","guid":{"rendered":"https:\/\/dev.tg4.ie\/?page_id=139311"},"modified":"2022-02-01T14:36:33","modified_gmt":"2022-02-01T14:36:33","slug":"dianchursa-teilifise-agus-scannanaiochta-seolta-ag-tg4-agus-acadamh-atlantach","status":"publish","type":"page","link":"https:\/\/dev.tg4.ie\/ga\/eolas\/preas\/nuacht-raitis\/2022-2\/dianchursa-teilifise-agus-scannanaiochta-seolta-ag-tg4-agus-acadamh-atlantach\/","title":{"rendered":"Dianch\u00farsa Teilif\u00edse agus Scann\u00e1na\u00edochta seolta ag TG4 agus Acadamh Atlantach"},"content":{"rendered":"<p><a href=\"https:\/\/tg4-docs.s3.amazonaws.com\/tg4-redesign-2015\/wp-content\/uploads\/2022\/02\/Atlantic_Academy_agus_TG4_1-1920x1080-1.jpg\"><img loading=\"lazy\" decoding=\"async\" width=\"1920\" height=\"1080\" src=\"https:\/\/tg4-docs.s3.amazonaws.com\/tg4-redesign-2015\/wp-content\/uploads\/2022\/02\/Atlantic_Academy_agus_TG4_1-1920x1080-1.jpg\" alt=\"\" class=\"aligncenter size-full wp-image-139313\" srcset=\"https:\/\/tg4-docs.s3.amazonaws.com\/tg4-redesign-2015\/wp-content\/uploads\/2022\/02\/Atlantic_Academy_agus_TG4_1-1920x1080-1.jpg 1920w, https:\/\/tg4-docs.s3.amazonaws.com\/tg4-redesign-2015\/wp-content\/uploads\/2022\/02\/Atlantic_Academy_agus_TG4_1-1920x1080-1-250x141.jpg 250w, https:\/\/tg4-docs.s3.amazonaws.com\/tg4-redesign-2015\/wp-content\/uploads\/2022\/02\/Atlantic_Academy_agus_TG4_1-1920x1080-1-700x394.jpg 700w, https:\/\/tg4-docs.s3.amazonaws.com\/tg4-redesign-2015\/wp-content\/uploads\/2022\/02\/Atlantic_Academy_agus_TG4_1-1920x1080-1-252x141.jpg 252w, https:\/\/tg4-docs.s3.amazonaws.com\/tg4-redesign-2015\/wp-content\/uploads\/2022\/02\/Atlantic_Academy_agus_TG4_1-1920x1080-1-1536x864.jpg 1536w, https:\/\/tg4-docs.s3.amazonaws.com\/tg4-redesign-2015\/wp-content\/uploads\/2022\/02\/Atlantic_Academy_agus_TG4_1-1920x1080-1-120x68.jpg 120w\" sizes=\"(max-width: 1920px) 100vw, 1920px\" \/><\/a><\/a><br \/>\n&nbsp;<br \/>\nSheol <strong>TG4<\/strong> agus <strong>Acadamh Atlantach<\/strong> dianch\u00farsa oili\u00fana l\u00e9iri\u00fach\u00e1n teilif\u00edse agus scann\u00e1na\u00edochta 14 seachtain\u00ed ina mbeidh socr\u00fach\u00e1n oibre 4 seachtain\u00ed mar chuid de. Beidh an cl\u00e1r eisiach seo, a bheidh \u00e1 sheachadadh ag Acadamh Atlantach, ag l\u00e9iri\u00fa scileanna praitici\u00fala agus cruthaitheacha agus tabharfaidh s\u00e9 an cumas agus an d\u00fail do na rannph\u00e1irtithe tabhairt faoi ghairm in earn\u00e1il Theilif\u00edse agus Scann\u00e1na\u00edochta na h\u00c9ireann.<br \/>\n&nbsp;<br \/>\nAgus \u00e9 mar sprioc go meallfa\u00ed  daoine a bhfuil meon cruthaitheach acu agus d\u00fail acu gairm a fh\u00e1il san earn\u00e1il Theilif\u00edse agus Scann\u00e1na\u00edochta, n\u00f3 daoine a bhfuil fonn orthu a ngairm a athr\u00fa, cuirfidh an cl\u00e1r oili\u00fana \u00farnua seo eolas luachmhar agus sainoili\u00faint scileanna ar f\u00e1il chun tallanna agus \u00e1baltachta\u00ed a neart\u00fa i r\u00e9imse na cruthaitheachta sa l\u00e9iri\u00fach\u00e1n agus sti\u00faradh Teilif\u00edse agus Scann\u00e1na\u00edochta mar aon leis na scileanna critici\u00fala a bhaineann le hoibri\u00fa ceamara, teicn\u00edc\u00ed fuaime agus an innealt\u00f3ireachta ghaolmhar. Lena chois sin, beidh deis ag na rannph\u00e1irtithe ionchasacha a bheith ag obair le sti\u00farth\u00f3ir\u00ed agus l\u00e9iritheoir\u00ed i dtimpeallachta\u00ed l\u00e9iri\u00fach\u00e1in bheo mar aon le meant\u00f3ireacht iontach luachmhar a fh\u00e1il \u00f3 cheannasaithe i dtionscal na L\u00e9iri\u00fach\u00e1n Teilif\u00edse agus Scann\u00e1na\u00edochta neamhsple\u00e1ch. Lena chois sin, cuirfear an c\u00farsa Pas L\u00e9iri\u00fach\u00e1in at\u00e1 ag F\u00eds \u00c9ireann, agus a bhfuil an-mheas air, ar f\u00e1il mar chuid den chl\u00e1r oili\u00fana. Daingneoidh an socr\u00fach\u00e1n oibre 4 seachtain\u00ed na 10 seachtain\u00ed oili\u00fana i dtimpeallacht cuideachta l\u00e9iri\u00fach\u00e1in for\u00e1sach neamhsple\u00e1ch teilif\u00edse. Caithfidh na hiarrth\u00f3ir\u00ed l\u00e9iri\u00fa a thabhairt ar a n\u00e1d\u00far cruthaitheach agus ar an uaillmhian at\u00e1 acu gairm a bhaint amach i L\u00e9iri\u00fach\u00e1n Scann\u00e1na\u00edochta agus Teilif\u00edse chun \u00e1it a bhaint amach ar an gcl\u00e1r f\u00f3irdheonaithe seo.<br \/>\n&nbsp;<br \/>\nT\u00e1 an cl\u00e1r d\u00edrithe ar dhaoine a bhfuil l\u00edofacht Ghaeilge acu agus cuirfear an cl\u00e1r i l\u00e1thair go d\u00e1theangach, mar sin n\u00ed m\u00f3r d\u2019iarrth\u00f3ir\u00ed a bheith l\u00edofa sa Ghaeilge m\u00e1s mian leo go gcuirf\u00ed san \u00e1ireamh iad le bheith rannph\u00e1irteach. Mar aon leis na 10 seachtain\u00ed d\u2019oili\u00faint dhian agus 4 seachtain\u00ed eile ar shocr\u00fach\u00e1n oibre le cuideachta neamhsple\u00e1ch L\u00e9iri\u00fach\u00e1in Theilif\u00edse agus Scann\u00e1na\u00edochta, gheobhaidh na rannph\u00e1irtithe rath\u00fala na scileanna riachtanacha sna teicn\u00edc\u00ed is deireana\u00ed agus is nu\u00e1la\u00ed d\u2019earn\u00e1il na l\u00e9iri\u00fach\u00e1n Teilif\u00edse agus Scann\u00e1na\u00edochta. Tabharfaidh s\u00e9 sin deiseanna iontacha do na rannph\u00e1irtithe chun taisteal ar fud an domhain agus oibri\u00fa san earn\u00e1il scann\u00e1na\u00edochta agus theilif\u00edse idirn\u00e1isi\u00fanta. Beidh an cl\u00e1r ar f\u00e1il in aisce do na rannph\u00e1irtithe. Beidh an cl\u00e1r seo \u00e1 chur ar f\u00e1il ag Acadamh Atlantach \u00f3na bhun\u00e1it ag An Chuasn\u00f3g sa Spid\u00e9al i nGaeltacht Chonamara, an bhun\u00e1it ch\u00e9anna at\u00e1 ag sraithdhr\u00e1ma rath\u00fail TG4, Ros na R\u00fan, agus beidh sti\u00farth\u00f3ir\u00ed an ch\u00farsa ag tairiscint 12 \u00e1it luachmhara ar an gcl\u00e1r a bheidh ag tos\u00fa ar an 21\u00fa M\u00e1rta, 2022.<br \/>\n&nbsp;<br \/>\nT\u00e1 m\u00e9ad\u00fa lean\u00fanach ag teacht ar an t\u00f3ir at\u00e1 ar TG4 agus, d\u00e1 r\u00e9ir, t\u00e1 \u00e9ileamh acusan ar l\u00e9iri\u00fach\u00e1in neamhsple\u00e1cha  ardchaighde\u00e1in agus siams\u00fala. Mar thoradh ar cheapach\u00e1n an Acadaimh Atlantaigh nua chun an dianchl\u00e1r oili\u00fana seo a sheachadadh, cuirfear rogha spreag\u00fail gairm\u00ed ar f\u00e1il do chuid mhaith daoine mar aon le cur le scileanna ag an leibh\u00e9al is airde agus maol\u00f3far an ganntanas scileanna reatha at\u00e1 in Earn\u00e1il Theilif\u00edse agus Scann\u00e1na\u00edochta na Gaeilge. Beidh an cl\u00e1r seo a chur ar f\u00e1il i gcomhar le Mol Cri\u00fanna Scann\u00e1n agus Teilif\u00edse na nAcadamh N\u00e1isi\u00fanta Tallainne at\u00e1 \u00e1 bhainisti\u00fa ag Acadamh Atlantach agus Gr\u00e9as\u00e1n na Me\u00e1n Skillnet.<br \/>\n&nbsp;<br \/>\nAg tagairt don togra nua, deir <strong>L\u00eds N\u00ed Dh\u00e1laigh, Sti\u00farth\u00f3ir Marga\u00edochta, Forbartha agus Comhph\u00e1irt\u00edochta TG4:<\/strong>  <em>\u201cT\u00e1 TG4 an-s\u00e1sta a bheith ag obair ar an togra seo i gcomhar le hAcadamh Atlantach. Is deis iontach \u00e9 seo do dhaoine a bhfuil Gaeilge acu agus suim acu a bheith ag obair san earn\u00e1il, is cuma c\u00e9n c\u00falra agus taith\u00ed at\u00e1 acu. Tabharfaidh s\u00e9 bunchloch iontach d\u00f3ibh sna scileanna teilif\u00edse mar aon leis na deiseanna chun bogadh ar aghaidh agus fosta\u00edochta a aimsi\u00fa i gcomhlachta\u00ed l\u00e9iri\u00fach\u00e1in neamhsple\u00e1cha at\u00e1 ag cruth\u00fa cl\u00e1racha do TG4.    T\u00e1 r\u00e9imse oibre agus deiseanna ar f\u00e1il sa tionscail seo agus is deis \u00ed seo leis an gc\u00e9ad ch\u00e9im a th\u00f3g\u00e1il.\u201d <\/em><br \/>\n&nbsp;<br \/>\nCuideachta oili\u00fana L\u00e9iri\u00fach\u00e1in Theilif\u00edse agus Scann\u00e1na\u00edochta is ea Acadamh Atlantach at\u00e1 lonnaithe sa Chuasn\u00f3g, an Spid\u00e9al, Co na Gaillimhe i nGaeltacht Chonamara; sti\u00farth\u00f3ir\u00ed Dan\u00fa Media, Siobh\u00e1n N\u00ed Ghadhra agus John Brady, a bhunaigh an chuideachta,  agus t\u00e1 an bheirt acu ina gcomhl\u00e9iritheoir\u00ed ar Ros na R\u00fan do TG4 i gcomhar le Tyrone Productions. Le gairid, bhronn F\u00eds \u00c9ireann an conradh ar Acadamh Atlantach do Mhoil Cri\u00fanna Scann\u00e1n agus Teilif\u00edse na nAcadamh N\u00e1isi\u00fanta Tallainne in Iarthar na h\u00c9ireann, agus beidh siad ag cur f\u00e1il ar thacar ioml\u00e1n oili\u00fana do na scileanna go l\u00e9ir is g\u00e1 do thionscal l\u00e9iri\u00fach\u00e1in Theilif\u00edse agus Scann\u00e1na\u00edochta a bheidh nu\u00e1lach, cruthaitheach agus rath\u00fail in 2022 agus n\u00edos faide anonn.<br \/>\n&nbsp;<br \/>\nN\u00ed m\u00f3r do na hiarrth\u00f3ir\u00ed a bheidh ag cur isteach ar an gcl\u00e1r oili\u00fana seo CV agus Litir Mh\u00ednithe ag l\u00e9iri\u00fa c\u00e9n f\u00e1th go bhfuil siad oiri\u00fanach a sheoladh chuig <a href=\"mailto:dianchursa@atlanticacademy.ie\" rel=\"noopener\" target=\"_blank\">dianchursa@atlanticacademy.ie<\/a> faoi 5pm ar an Aoine 25\u00fa Feabhra 2022<\/p>\n<p>&nbsp;<br \/>\n&nbsp;<\/p>\n","protected":false},"excerpt":{"rendered":"<p>&nbsp; Sheol TG4 agus Acadamh Atlantach dianch\u00farsa oili\u00fana l\u00e9iri\u00fach\u00e1n teilif\u00edse agus scann\u00e1na\u00edochta 14 seachtain\u00ed ina mbeidh socr\u00fach\u00e1n oibre 4 seachtain\u00ed mar chuid de. Beidh an cl\u00e1r eisiach seo, a bheidh \u00e1 sheachadadh ag Acadamh Atlantach, ag l\u00e9iri\u00fa scileanna praitici\u00fala agus cruthaitheacha agus tabharfaidh s\u00e9 an cumas agus an d\u00fail do na rannph\u00e1irtithe tabhairt faoi ghairm [&hellip;]<\/p>\n","protected":false},"author":876,"featured_media":0,"parent":138171,"menu_order":5,"comment_status":"closed","ping_status":"closed","template":"page-templates\/template-pr.php","meta":{"_acf_changed":false,"footnotes":""},"acf":[],"yoast_head":"<!-- This site is optimized with the Yoast SEO plugin v22.6 - https:\/\/yoast.com\/wordpress\/plugins\/seo\/ -->\n<title>Dianch\u00farsa Teilif\u00edse agus Scann\u00e1na\u00edochta seolta ag TG4 agus Acadamh Atlantach | Preas R\u00e1iteas | TG4<\/title>\n<meta name=\"description\" content=\"Sheol TG4 agus Acadamh Atlantach dianch\u00farsa oili\u00fana l\u00e9iri\u00fach\u00e1n teilif\u00edse agus scann\u00e1na\u00edochta 14 seachtain\u00ed d\u00e9ag ina mbeidh socr\u00fach\u00e1n oibre 4 seachtain\u00ed mar chuid de.\" \/>\n<meta name=\"robots\" content=\"index, follow, max-snippet:-1, max-image-preview:large, max-video-preview:-1\" \/>\n<meta property=\"og:locale\" content=\"en_US\" \/>\n<meta property=\"og:type\" content=\"article\" \/>\n<meta property=\"og:title\" content=\"Dianch\u00farsa Teilif\u00edse agus Scann\u00e1na\u00edochta seolta ag TG4 agus Acadamh Atlantach | Preas R\u00e1iteas | TG4\" \/>\n<meta property=\"og:description\" content=\"Sheol TG4 agus Acadamh Atlantach dianch\u00farsa oili\u00fana l\u00e9iri\u00fach\u00e1n teilif\u00edse agus scann\u00e1na\u00edochta 14 seachtain\u00ed d\u00e9ag ina mbeidh socr\u00fach\u00e1n oibre 4 seachtain\u00ed mar chuid de.\" \/>\n<meta property=\"og:url\" content=\"https:\/\/dev.tg4.ie\/ga\/eolas\/preas\/nuacht-raitis\/2022-2\/dianchursa-teilifise-agus-scannanaiochta-seolta-ag-tg4-agus-acadamh-atlantach\/\" \/>\n<meta property=\"og:site_name\" content=\"TG4\" \/>\n<meta property=\"article:publisher\" content=\"https:\/\/www.facebook.com\/TG4TV\" \/>\n<meta property=\"article:modified_time\" content=\"2022-02-01T14:36:33+00:00\" \/>\n<meta property=\"og:image\" content=\"https:\/\/tg4-docs.s3.amazonaws.com\/tg4-redesign-2015\/wp-content\/uploads\/2022\/02\/Atlantic_Academy_agus_TG4_1-1920x1080-1.jpg\" \/>\n\t<meta property=\"og:image:width\" content=\"1920\" \/>\n\t<meta property=\"og:image:height\" content=\"1080\" \/>\n\t<meta property=\"og:image:type\" content=\"image\/jpeg\" \/>\n<meta name=\"twitter:card\" content=\"summary_large_image\" \/>\n<meta name=\"twitter:image\" content=\"https:\/\/tg4-docs.s3.amazonaws.com\/tg4-redesign-2015\/wp-content\/uploads\/2022\/02\/Atlantic_Academy_agus_TG4_1-1920x1080-1.jpg\" \/>\n<meta name=\"twitter:site\" content=\"@TG4TV\" \/>\n<meta name=\"twitter:label1\" content=\"Est. reading time\" \/>\n\t<meta name=\"twitter:data1\" content=\"8 minutes\" \/>\n<script type=\"application\/ld+json\" class=\"yoast-schema-graph\">{\"@context\":\"https:\/\/schema.org\",\"@graph\":[{\"@type\":\"WebPage\",\"@id\":\"https:\/\/dev.tg4.ie\/ga\/eolas\/preas\/nuacht-raitis\/2022-2\/dianchursa-teilifise-agus-scannanaiochta-seolta-ag-tg4-agus-acadamh-atlantach\/\",\"url\":\"https:\/\/dev.tg4.ie\/ga\/eolas\/preas\/nuacht-raitis\/2022-2\/dianchursa-teilifise-agus-scannanaiochta-seolta-ag-tg4-agus-acadamh-atlantach\/\",\"name\":\"Dianch\u00farsa Teilif\u00edse agus Scann\u00e1na\u00edochta seolta ag TG4 agus Acadamh Atlantach | Preas R\u00e1iteas | TG4\",\"isPartOf\":{\"@id\":\"https:\/\/dev.tg4.ie\/en\/#website\"},\"primaryImageOfPage\":{\"@id\":\"https:\/\/dev.tg4.ie\/ga\/eolas\/preas\/nuacht-raitis\/2022-2\/dianchursa-teilifise-agus-scannanaiochta-seolta-ag-tg4-agus-acadamh-atlantach\/#primaryimage\"},\"image\":{\"@id\":\"https:\/\/dev.tg4.ie\/ga\/eolas\/preas\/nuacht-raitis\/2022-2\/dianchursa-teilifise-agus-scannanaiochta-seolta-ag-tg4-agus-acadamh-atlantach\/#primaryimage\"},\"thumbnailUrl\":\"https:\/\/dev.tg4.ie\/wp-content\/uploads\/2022\/02\/Atlantic_Academy_agus_TG4_1-1920x1080-1.jpg\",\"datePublished\":\"2022-02-01T14:33:20+00:00\",\"dateModified\":\"2022-02-01T14:36:33+00:00\",\"description\":\"Sheol TG4 agus Acadamh Atlantach dianch\u00farsa oili\u00fana l\u00e9iri\u00fach\u00e1n teilif\u00edse agus scann\u00e1na\u00edochta 14 seachtain\u00ed d\u00e9ag ina mbeidh socr\u00fach\u00e1n oibre 4 seachtain\u00ed mar chuid de.\",\"breadcrumb\":{\"@id\":\"https:\/\/dev.tg4.ie\/ga\/eolas\/preas\/nuacht-raitis\/2022-2\/dianchursa-teilifise-agus-scannanaiochta-seolta-ag-tg4-agus-acadamh-atlantach\/#breadcrumb\"},\"inLanguage\":\"ga\",\"potentialAction\":[{\"@type\":\"ReadAction\",\"target\":[\"https:\/\/dev.tg4.ie\/ga\/eolas\/preas\/nuacht-raitis\/2022-2\/dianchursa-teilifise-agus-scannanaiochta-seolta-ag-tg4-agus-acadamh-atlantach\/\"]}]},{\"@type\":\"ImageObject\",\"inLanguage\":\"ga\",\"@id\":\"https:\/\/dev.tg4.ie\/ga\/eolas\/preas\/nuacht-raitis\/2022-2\/dianchursa-teilifise-agus-scannanaiochta-seolta-ag-tg4-agus-acadamh-atlantach\/#primaryimage\",\"url\":\"https:\/\/dev.tg4.ie\/wp-content\/uploads\/2022\/02\/Atlantic_Academy_agus_TG4_1-1920x1080-1.jpg\",\"contentUrl\":\"https:\/\/dev.tg4.ie\/wp-content\/uploads\/2022\/02\/Atlantic_Academy_agus_TG4_1-1920x1080-1.jpg\"},{\"@type\":\"BreadcrumbList\",\"@id\":\"https:\/\/dev.tg4.ie\/ga\/eolas\/preas\/nuacht-raitis\/2022-2\/dianchursa-teilifise-agus-scannanaiochta-seolta-ag-tg4-agus-acadamh-atlantach\/#breadcrumb\",\"itemListElement\":[{\"@type\":\"ListItem\",\"position\":1,\"name\":\"Home\",\"item\":\"https:\/\/dev.tg4.ie\/ga\/\"},{\"@type\":\"ListItem\",\"position\":2,\"name\":\"Eolas\",\"item\":\"https:\/\/dev.tg4.ie\/ga\/eolas\/\"},{\"@type\":\"ListItem\",\"position\":3,\"name\":\"Preas\",\"item\":\"https:\/\/dev.tg4.ie\/ga\/eolas\/preas\/\"},{\"@type\":\"ListItem\",\"position\":4,\"name\":\"Nuacht R\u00e1itis\",\"item\":\"https:\/\/dev.tg4.ie\/ga\/eolas\/preas\/nuacht-raitis\/\"},{\"@type\":\"ListItem\",\"position\":5,\"name\":\"2022\",\"item\":\"https:\/\/dev.tg4.ie\/ga\/eolas\/preas\/nuacht-raitis\/2022-2\/\"},{\"@type\":\"ListItem\",\"position\":6,\"name\":\"Dianch\u00farsa Teilif\u00edse agus Scann\u00e1na\u00edochta seolta ag TG4 agus Acadamh Atlantach\"}]},{\"@type\":\"WebSite\",\"@id\":\"https:\/\/dev.tg4.ie\/en\/#website\",\"url\":\"https:\/\/dev.tg4.ie\/en\/\",\"name\":\"TG4\",\"description\":\"S\u00fail Eile\",\"potentialAction\":[{\"@type\":\"SearchAction\",\"target\":{\"@type\":\"EntryPoint\",\"urlTemplate\":\"https:\/\/dev.tg4.ie\/en\/?s={search_term_string}\"},\"query-input\":\"required name=search_term_string\"}],\"inLanguage\":\"ga\"}]}<\/script>\n<!-- \/ Yoast SEO plugin. -->","yoast_head_json":{"title":"Dianch\u00farsa Teilif\u00edse agus Scann\u00e1na\u00edochta seolta ag TG4 agus Acadamh Atlantach | Preas R\u00e1iteas | TG4","description":"Sheol TG4 agus Acadamh Atlantach dianch\u00farsa oili\u00fana l\u00e9iri\u00fach\u00e1n teilif\u00edse agus scann\u00e1na\u00edochta 14 seachtain\u00ed d\u00e9ag ina mbeidh socr\u00fach\u00e1n oibre 4 seachtain\u00ed mar chuid de.","robots":{"index":"index","follow":"follow","max-snippet":"max-snippet:-1","max-image-preview":"max-image-preview:large","max-video-preview":"max-video-preview:-1"},"og_locale":"en_US","og_type":"article","og_title":"Dianch\u00farsa Teilif\u00edse agus Scann\u00e1na\u00edochta seolta ag TG4 agus Acadamh Atlantach | Preas R\u00e1iteas | TG4","og_description":"Sheol TG4 agus Acadamh Atlantach dianch\u00farsa oili\u00fana l\u00e9iri\u00fach\u00e1n teilif\u00edse agus scann\u00e1na\u00edochta 14 seachtain\u00ed d\u00e9ag ina mbeidh socr\u00fach\u00e1n oibre 4 seachtain\u00ed mar chuid de.","og_url":"https:\/\/dev.tg4.ie\/ga\/eolas\/preas\/nuacht-raitis\/2022-2\/dianchursa-teilifise-agus-scannanaiochta-seolta-ag-tg4-agus-acadamh-atlantach\/","og_site_name":"TG4","article_publisher":"https:\/\/www.facebook.com\/TG4TV","article_modified_time":"2022-02-01T14:36:33+00:00","og_image":[{"width":1920,"height":1080,"url":"https:\/\/tg4-docs.s3.amazonaws.com\/tg4-redesign-2015\/wp-content\/uploads\/2022\/02\/Atlantic_Academy_agus_TG4_1-1920x1080-1.jpg","type":"image\/jpeg"}],"twitter_card":"summary_large_image","twitter_image":"https:\/\/tg4-docs.s3.amazonaws.com\/tg4-redesign-2015\/wp-content\/uploads\/2022\/02\/Atlantic_Academy_agus_TG4_1-1920x1080-1.jpg","twitter_site":"@TG4TV","twitter_misc":{"Est. reading time":"8 minutes"},"schema":{"@context":"https:\/\/schema.org","@graph":[{"@type":"WebPage","@id":"https:\/\/dev.tg4.ie\/ga\/eolas\/preas\/nuacht-raitis\/2022-2\/dianchursa-teilifise-agus-scannanaiochta-seolta-ag-tg4-agus-acadamh-atlantach\/","url":"https:\/\/dev.tg4.ie\/ga\/eolas\/preas\/nuacht-raitis\/2022-2\/dianchursa-teilifise-agus-scannanaiochta-seolta-ag-tg4-agus-acadamh-atlantach\/","name":"Dianch\u00farsa Teilif\u00edse agus Scann\u00e1na\u00edochta seolta ag TG4 agus Acadamh Atlantach | Preas R\u00e1iteas | TG4","isPartOf":{"@id":"https:\/\/dev.tg4.ie\/en\/#website"},"primaryImageOfPage":{"@id":"https:\/\/dev.tg4.ie\/ga\/eolas\/preas\/nuacht-raitis\/2022-2\/dianchursa-teilifise-agus-scannanaiochta-seolta-ag-tg4-agus-acadamh-atlantach\/#primaryimage"},"image":{"@id":"https:\/\/dev.tg4.ie\/ga\/eolas\/preas\/nuacht-raitis\/2022-2\/dianchursa-teilifise-agus-scannanaiochta-seolta-ag-tg4-agus-acadamh-atlantach\/#primaryimage"},"thumbnailUrl":"https:\/\/dev.tg4.ie\/wp-content\/uploads\/2022\/02\/Atlantic_Academy_agus_TG4_1-1920x1080-1.jpg","datePublished":"2022-02-01T14:33:20+00:00","dateModified":"2022-02-01T14:36:33+00:00","description":"Sheol TG4 agus Acadamh Atlantach dianch\u00farsa oili\u00fana l\u00e9iri\u00fach\u00e1n teilif\u00edse agus scann\u00e1na\u00edochta 14 seachtain\u00ed d\u00e9ag ina mbeidh socr\u00fach\u00e1n oibre 4 seachtain\u00ed mar chuid de.","breadcrumb":{"@id":"https:\/\/dev.tg4.ie\/ga\/eolas\/preas\/nuacht-raitis\/2022-2\/dianchursa-teilifise-agus-scannanaiochta-seolta-ag-tg4-agus-acadamh-atlantach\/#breadcrumb"},"inLanguage":"ga","potentialAction":[{"@type":"ReadAction","target":["https:\/\/dev.tg4.ie\/ga\/eolas\/preas\/nuacht-raitis\/2022-2\/dianchursa-teilifise-agus-scannanaiochta-seolta-ag-tg4-agus-acadamh-atlantach\/"]}]},{"@type":"ImageObject","inLanguage":"ga","@id":"https:\/\/dev.tg4.ie\/ga\/eolas\/preas\/nuacht-raitis\/2022-2\/dianchursa-teilifise-agus-scannanaiochta-seolta-ag-tg4-agus-acadamh-atlantach\/#primaryimage","url":"https:\/\/dev.tg4.ie\/wp-content\/uploads\/2022\/02\/Atlantic_Academy_agus_TG4_1-1920x1080-1.jpg","contentUrl":"https:\/\/dev.tg4.ie\/wp-content\/uploads\/2022\/02\/Atlantic_Academy_agus_TG4_1-1920x1080-1.jpg"},{"@type":"BreadcrumbList","@id":"https:\/\/dev.tg4.ie\/ga\/eolas\/preas\/nuacht-raitis\/2022-2\/dianchursa-teilifise-agus-scannanaiochta-seolta-ag-tg4-agus-acadamh-atlantach\/#breadcrumb","itemListElement":[{"@type":"ListItem","position":1,"name":"Home","item":"https:\/\/dev.tg4.ie\/ga\/"},{"@type":"ListItem","position":2,"name":"Eolas","item":"https:\/\/dev.tg4.ie\/ga\/eolas\/"},{"@type":"ListItem","position":3,"name":"Preas","item":"https:\/\/dev.tg4.ie\/ga\/eolas\/preas\/"},{"@type":"ListItem","position":4,"name":"Nuacht R\u00e1itis","item":"https:\/\/dev.tg4.ie\/ga\/eolas\/preas\/nuacht-raitis\/"},{"@type":"ListItem","position":5,"name":"2022","item":"https:\/\/dev.tg4.ie\/ga\/eolas\/preas\/nuacht-raitis\/2022-2\/"},{"@type":"ListItem","position":6,"name":"Dianch\u00farsa Teilif\u00edse agus Scann\u00e1na\u00edochta seolta ag TG4 agus Acadamh Atlantach"}]},{"@type":"WebSite","@id":"https:\/\/dev.tg4.ie\/en\/#website","url":"https:\/\/dev.tg4.ie\/en\/","name":"TG4","description":"S\u00fail Eile","potentialAction":[{"@type":"SearchAction","target":{"@type":"EntryPoint","urlTemplate":"https:\/\/dev.tg4.ie\/en\/?s={search_term_string}"},"query-input":"required name=search_term_string"}],"inLanguage":"ga"}]}},"_links":{"self":[{"href":"https:\/\/dev.tg4.ie\/ga\/wp-json\/wp\/v2\/pages\/139311"}],"collection":[{"href":"https:\/\/dev.tg4.ie\/ga\/wp-json\/wp\/v2\/pages"}],"about":[{"href":"https:\/\/dev.tg4.ie\/ga\/wp-json\/wp\/v2\/types\/page"}],"author":[{"embeddable":true,"href":"https:\/\/dev.tg4.ie\/ga\/wp-json\/wp\/v2\/users\/876"}],"replies":[{"embeddable":true,"href":"https:\/\/dev.tg4.ie\/ga\/wp-json\/wp\/v2\/comments?post=139311"}],"version-history":[{"count":0,"href":"https:\/\/dev.tg4.ie\/ga\/wp-json\/wp\/v2\/pages\/139311\/revisions"}],"up":[{"embeddable":true,"href":"https:\/\/dev.tg4.ie\/ga\/wp-json\/wp\/v2\/pages\/138171"}],"wp:attachment":[{"href":"https:\/\/dev.tg4.ie\/ga\/wp-json\/wp\/v2\/media?parent=139311"}],"curies":[{"name":"wp","href":"https:\/\/api.w.org\/{rel}","templated":true}]}}