{"id":1397,"date":"2015-08-19T13:21:08","date_gmt":"2015-08-19T12:21:08","guid":{"rendered":"https:\/\/dev.tg4.ie\/corporate\/press-releases\/2015-2\/15-05-15\/"},"modified":"2019-06-25T11:19:48","modified_gmt":"2019-06-25T10:19:48","slug":"15-05-15","status":"publish","type":"page","link":"https:\/\/dev.tg4.ie\/ga\/eolas\/preas\/nuacht-raitis\/2015-2\/15-05-15\/","title":{"rendered":"15.05.15"},"content":{"rendered":"<p>Is as an tsraith tr\u00ed Aip\u00a0 <i>C\u00falacaint <\/i>\u00a0\u00a0a bronnadh an duais aitheantais seo ar TG4 agus \u00e9 in ioma\u00edocht le scoth an tsaothair eile i nGaeilge a bh\u00ed curtha isteach ag Google Ireland, Independent News &amp; Media, RT\u00c9 \u2013 Nuacht agus Tesco Ireland.<\/p>\n<p>Thuill na hAipeanna seo ard-mholadh go minic cheana as a nu\u00e1la\u00edocht, a siamsa\u00edocht agus as a mealltacht do ph\u00e1ist\u00ed \u00f3ga (agus foghlaimeoir\u00ed eile n\u00edos sine) at\u00e1 ag iarraidh cur lena st\u00f3r focal Gaeilge.\u00a0 Cuirtear cruinn-fhocail i l\u00e1thair le cabhair picti\u00fair agus guth\u00fa soil\u00e9ir \u00f3 bh\u00e9al p\u00e1iste ar fhoghra\u00edocht chruinn an fhocail.\u00a0\u00a0 Deir tuismitheoir\u00ed agus m\u00fainteoir\u00ed go spreagann na hAipeanna suim agus fiosracht na bhfoghlaimeoir\u00ed \u00f3ga agus gur m\u00f3r an chabhair iad ar mh\u00f3r\u00e1n bealach.<\/p>\n<p>Is iad na All Ireland Marketing Awards an duais-sc\u00e9im is aitheanta agus is m\u00f3 sa t\u00edr d\u2019earn\u00e1il na marga\u00edochta.\u00a0 Institi\u00faid Marga\u00edochta na h\u00c9ireann a eagra\u00edonn an com\u00f3rtas bliant\u00fail\u00a0 agus t\u00e1 an-t\u00f3ir ar na duaiseanna.<\/p>\n<p>Deir P\u00e1draic \u00d3 R\u00e1ighne, Feidhmeannach Marga\u00edochta TG4,\u00a0 gur \u00e1bhar m\u00f3rtais agus s\u00e1saimh ar leith an duais is deireana\u00ed seo do na hAipeanna.\u00a0 \u201cTugann gach duais ard\u00fa cro\u00ed d\u00fainn\u201d a d\u00fairt s\u00e9 \u201cach is d\u00edol suntais ar leith gur i TG4 f\u00e9in a crutha\u00edodh agus a l\u00e9ir\u00edodh na hAipeanna seo agus gur ar fhoghlaimeoir\u00ed \u00f3ga Gaeilge at\u00e1 siad ag freastal.\u00a0\u00a0 Bh\u00ed\u00a0 a fhios againn f\u00e9in go raibh siad ar ard-chaighde\u00e1n agus dheimhnigh \u00fas\u00e1ideoir\u00ed sin d\u00fainn.\u00a0 Cuireann an duais seo \u00f3 lucht marga\u00edochta an dlaoi mhullaigh ar an aitheantas sin.\u201d<\/p>\n","protected":false},"excerpt":{"rendered":"<p>Is as an tsraith tr\u00ed Aip\u00a0 C\u00falacaint \u00a0\u00a0a bronnadh an duais aitheantais seo ar TG4 agus \u00e9 in ioma\u00edocht le scoth an tsaothair eile i nGaeilge a bh\u00ed curtha isteach ag Google Ireland, Independent News &amp; Media, RT\u00c9 \u2013 Nuacht agus Tesco Ireland. Thuill na hAipeanna seo ard-mholadh go minic cheana as a nu\u00e1la\u00edocht, a [&hellip;]<\/p>\n","protected":false},"author":6,"featured_media":1396,"parent":985,"menu_order":10,"comment_status":"closed","ping_status":"closed","template":"page-templates\/template-pr.php","meta":{"_acf_changed":false,"footnotes":""},"acf":[],"yoast_head":"<!-- This site is optimized with the Yoast SEO plugin v22.6 - https:\/\/yoast.com\/wordpress\/plugins\/seo\/ -->\n<title>15.05.15 - TG4<\/title>\n<meta name=\"robots\" content=\"index, follow, max-snippet:-1, max-image-preview:large, max-video-preview:-1\" \/>\n<meta property=\"og:locale\" content=\"en_US\" \/>\n<meta property=\"og:type\" content=\"article\" \/>\n<meta property=\"og:title\" content=\"15.05.15 - TG4\" \/>\n<meta property=\"og:description\" content=\"Is as an tsraith tr\u00ed Aip\u00a0 C\u00falacaint \u00a0\u00a0a bronnadh an duais aitheantais seo ar TG4 agus \u00e9 in ioma\u00edocht le scoth an tsaothair eile i nGaeilge a bh\u00ed curtha isteach ag Google Ireland, Independent News &amp; Media, RT\u00c9 \u2013 Nuacht agus Tesco Ireland. Thuill na hAipeanna seo ard-mholadh go minic cheana as a nu\u00e1la\u00edocht, a [&hellip;]\" \/>\n<meta property=\"og:url\" content=\"https:\/\/dev.tg4.ie\/ga\/eolas\/preas\/nuacht-raitis\/2015-2\/15-05-15\/\" \/>\n<meta property=\"og:site_name\" content=\"TG4\" \/>\n<meta property=\"article:publisher\" content=\"https:\/\/www.facebook.com\/TG4TV\" \/>\n<meta property=\"article:modified_time\" content=\"2019-06-25T10:19:48+00:00\" \/>\n<meta property=\"og:image\" content=\"https:\/\/tg4-docs.s3.amazonaws.com\/tg4-redesign-2015\/wp-content\/uploads\/2015\/08\/Cula4_na_nOg.jpg\" \/>\n\t<meta property=\"og:image:width\" content=\"1920\" \/>\n\t<meta property=\"og:image:height\" content=\"1080\" \/>\n\t<meta property=\"og:image:type\" content=\"image\/jpeg\" \/>\n<meta name=\"twitter:card\" content=\"summary_large_image\" \/>\n<meta name=\"twitter:site\" content=\"@TG4TV\" \/>\n<meta name=\"twitter:label1\" content=\"Est. reading time\" \/>\n\t<meta name=\"twitter:data1\" content=\"1 minute\" \/>\n<script type=\"application\/ld+json\" class=\"yoast-schema-graph\">{\"@context\":\"https:\/\/schema.org\",\"@graph\":[{\"@type\":\"WebPage\",\"@id\":\"https:\/\/dev.tg4.ie\/ga\/eolas\/preas\/nuacht-raitis\/2015-2\/15-05-15\/\",\"url\":\"https:\/\/dev.tg4.ie\/ga\/eolas\/preas\/nuacht-raitis\/2015-2\/15-05-15\/\",\"name\":\"15.05.15 - TG4\",\"isPartOf\":{\"@id\":\"https:\/\/dev.tg4.ie\/en\/#website\"},\"primaryImageOfPage\":{\"@id\":\"https:\/\/dev.tg4.ie\/ga\/eolas\/preas\/nuacht-raitis\/2015-2\/15-05-15\/#primaryimage\"},\"image\":{\"@id\":\"https:\/\/dev.tg4.ie\/ga\/eolas\/preas\/nuacht-raitis\/2015-2\/15-05-15\/#primaryimage\"},\"thumbnailUrl\":\"https:\/\/tg4-docs.s3.amazonaws.com\/tg4-redesign-2015\/wp-content\/uploads\/2015\/08\/Cula4_na_nOg.jpg\",\"datePublished\":\"2015-08-19T12:21:08+00:00\",\"dateModified\":\"2019-06-25T10:19:48+00:00\",\"breadcrumb\":{\"@id\":\"https:\/\/dev.tg4.ie\/ga\/eolas\/preas\/nuacht-raitis\/2015-2\/15-05-15\/#breadcrumb\"},\"inLanguage\":\"ga\",\"potentialAction\":[{\"@type\":\"ReadAction\",\"target\":[\"https:\/\/dev.tg4.ie\/ga\/eolas\/preas\/nuacht-raitis\/2015-2\/15-05-15\/\"]}]},{\"@type\":\"ImageObject\",\"inLanguage\":\"ga\",\"@id\":\"https:\/\/dev.tg4.ie\/ga\/eolas\/preas\/nuacht-raitis\/2015-2\/15-05-15\/#primaryimage\",\"url\":\"https:\/\/tg4-docs.s3.amazonaws.com\/tg4-redesign-2015\/wp-content\/uploads\/2015\/08\/Cula4_na_nOg.jpg\",\"contentUrl\":\"https:\/\/tg4-docs.s3.amazonaws.com\/tg4-redesign-2015\/wp-content\/uploads\/2015\/08\/Cula4_na_nOg.jpg\",\"width\":1920,\"height\":1080},{\"@type\":\"BreadcrumbList\",\"@id\":\"https:\/\/dev.tg4.ie\/ga\/eolas\/preas\/nuacht-raitis\/2015-2\/15-05-15\/#breadcrumb\",\"itemListElement\":[{\"@type\":\"ListItem\",\"position\":1,\"name\":\"Home\",\"item\":\"https:\/\/dev.tg4.ie\/ga\/\"},{\"@type\":\"ListItem\",\"position\":2,\"name\":\"Eolas\",\"item\":\"https:\/\/dev.tg4.ie\/ga\/eolas\/\"},{\"@type\":\"ListItem\",\"position\":3,\"name\":\"Preas\",\"item\":\"https:\/\/dev.tg4.ie\/ga\/eolas\/preas\/\"},{\"@type\":\"ListItem\",\"position\":4,\"name\":\"Nuacht R\u00e1itis\",\"item\":\"https:\/\/dev.tg4.ie\/ga\/eolas\/preas\/nuacht-raitis\/\"},{\"@type\":\"ListItem\",\"position\":5,\"name\":\"2015\",\"item\":\"https:\/\/dev.tg4.ie\/ga\/eolas\/preas\/nuacht-raitis\/2015-2\/\"},{\"@type\":\"ListItem\",\"position\":6,\"name\":\"15.05.15\"}]},{\"@type\":\"WebSite\",\"@id\":\"https:\/\/dev.tg4.ie\/en\/#website\",\"url\":\"https:\/\/dev.tg4.ie\/en\/\",\"name\":\"TG4\",\"description\":\"S\u00fail Eile\",\"potentialAction\":[{\"@type\":\"SearchAction\",\"target\":{\"@type\":\"EntryPoint\",\"urlTemplate\":\"https:\/\/dev.tg4.ie\/en\/?s={search_term_string}\"},\"query-input\":\"required name=search_term_string\"}],\"inLanguage\":\"ga\"}]}<\/script>\n<!-- \/ Yoast SEO plugin. -->","yoast_head_json":{"title":"15.05.15 - TG4","robots":{"index":"index","follow":"follow","max-snippet":"max-snippet:-1","max-image-preview":"max-image-preview:large","max-video-preview":"max-video-preview:-1"},"og_locale":"en_US","og_type":"article","og_title":"15.05.15 - TG4","og_description":"Is as an tsraith tr\u00ed Aip\u00a0 C\u00falacaint \u00a0\u00a0a bronnadh an duais aitheantais seo ar TG4 agus \u00e9 in ioma\u00edocht le scoth an tsaothair eile i nGaeilge a bh\u00ed curtha isteach ag Google Ireland, Independent News &amp; Media, RT\u00c9 \u2013 Nuacht agus Tesco Ireland. Thuill na hAipeanna seo ard-mholadh go minic cheana as a nu\u00e1la\u00edocht, a [&hellip;]","og_url":"https:\/\/dev.tg4.ie\/ga\/eolas\/preas\/nuacht-raitis\/2015-2\/15-05-15\/","og_site_name":"TG4","article_publisher":"https:\/\/www.facebook.com\/TG4TV","article_modified_time":"2019-06-25T10:19:48+00:00","og_image":[{"width":1920,"height":1080,"url":"https:\/\/tg4-docs.s3.amazonaws.com\/tg4-redesign-2015\/wp-content\/uploads\/2015\/08\/Cula4_na_nOg.jpg","type":"image\/jpeg"}],"twitter_card":"summary_large_image","twitter_site":"@TG4TV","twitter_misc":{"Est. reading time":"1 minute"},"schema":{"@context":"https:\/\/schema.org","@graph":[{"@type":"WebPage","@id":"https:\/\/dev.tg4.ie\/ga\/eolas\/preas\/nuacht-raitis\/2015-2\/15-05-15\/","url":"https:\/\/dev.tg4.ie\/ga\/eolas\/preas\/nuacht-raitis\/2015-2\/15-05-15\/","name":"15.05.15 - TG4","isPartOf":{"@id":"https:\/\/dev.tg4.ie\/en\/#website"},"primaryImageOfPage":{"@id":"https:\/\/dev.tg4.ie\/ga\/eolas\/preas\/nuacht-raitis\/2015-2\/15-05-15\/#primaryimage"},"image":{"@id":"https:\/\/dev.tg4.ie\/ga\/eolas\/preas\/nuacht-raitis\/2015-2\/15-05-15\/#primaryimage"},"thumbnailUrl":"https:\/\/tg4-docs.s3.amazonaws.com\/tg4-redesign-2015\/wp-content\/uploads\/2015\/08\/Cula4_na_nOg.jpg","datePublished":"2015-08-19T12:21:08+00:00","dateModified":"2019-06-25T10:19:48+00:00","breadcrumb":{"@id":"https:\/\/dev.tg4.ie\/ga\/eolas\/preas\/nuacht-raitis\/2015-2\/15-05-15\/#breadcrumb"},"inLanguage":"ga","potentialAction":[{"@type":"ReadAction","target":["https:\/\/dev.tg4.ie\/ga\/eolas\/preas\/nuacht-raitis\/2015-2\/15-05-15\/"]}]},{"@type":"ImageObject","inLanguage":"ga","@id":"https:\/\/dev.tg4.ie\/ga\/eolas\/preas\/nuacht-raitis\/2015-2\/15-05-15\/#primaryimage","url":"https:\/\/tg4-docs.s3.amazonaws.com\/tg4-redesign-2015\/wp-content\/uploads\/2015\/08\/Cula4_na_nOg.jpg","contentUrl":"https:\/\/tg4-docs.s3.amazonaws.com\/tg4-redesign-2015\/wp-content\/uploads\/2015\/08\/Cula4_na_nOg.jpg","width":1920,"height":1080},{"@type":"BreadcrumbList","@id":"https:\/\/dev.tg4.ie\/ga\/eolas\/preas\/nuacht-raitis\/2015-2\/15-05-15\/#breadcrumb","itemListElement":[{"@type":"ListItem","position":1,"name":"Home","item":"https:\/\/dev.tg4.ie\/ga\/"},{"@type":"ListItem","position":2,"name":"Eolas","item":"https:\/\/dev.tg4.ie\/ga\/eolas\/"},{"@type":"ListItem","position":3,"name":"Preas","item":"https:\/\/dev.tg4.ie\/ga\/eolas\/preas\/"},{"@type":"ListItem","position":4,"name":"Nuacht R\u00e1itis","item":"https:\/\/dev.tg4.ie\/ga\/eolas\/preas\/nuacht-raitis\/"},{"@type":"ListItem","position":5,"name":"2015","item":"https:\/\/dev.tg4.ie\/ga\/eolas\/preas\/nuacht-raitis\/2015-2\/"},{"@type":"ListItem","position":6,"name":"15.05.15"}]},{"@type":"WebSite","@id":"https:\/\/dev.tg4.ie\/en\/#website","url":"https:\/\/dev.tg4.ie\/en\/","name":"TG4","description":"S\u00fail Eile","potentialAction":[{"@type":"SearchAction","target":{"@type":"EntryPoint","urlTemplate":"https:\/\/dev.tg4.ie\/en\/?s={search_term_string}"},"query-input":"required name=search_term_string"}],"inLanguage":"ga"}]}},"_links":{"self":[{"href":"https:\/\/dev.tg4.ie\/ga\/wp-json\/wp\/v2\/pages\/1397"}],"collection":[{"href":"https:\/\/dev.tg4.ie\/ga\/wp-json\/wp\/v2\/pages"}],"about":[{"href":"https:\/\/dev.tg4.ie\/ga\/wp-json\/wp\/v2\/types\/page"}],"author":[{"embeddable":true,"href":"https:\/\/dev.tg4.ie\/ga\/wp-json\/wp\/v2\/users\/6"}],"replies":[{"embeddable":true,"href":"https:\/\/dev.tg4.ie\/ga\/wp-json\/wp\/v2\/comments?post=1397"}],"version-history":[{"count":0,"href":"https:\/\/dev.tg4.ie\/ga\/wp-json\/wp\/v2\/pages\/1397\/revisions"}],"up":[{"embeddable":true,"href":"https:\/\/dev.tg4.ie\/ga\/wp-json\/wp\/v2\/pages\/985"}],"wp:featuredmedia":[{"embeddable":true,"href":"https:\/\/dev.tg4.ie\/ga\/wp-json\/wp\/v2\/media\/1396"}],"wp:attachment":[{"href":"https:\/\/dev.tg4.ie\/ga\/wp-json\/wp\/v2\/media?parent=1397"}],"curies":[{"name":"wp","href":"https:\/\/api.w.org\/{rel}","templated":true}]}}