{"id":140593,"date":"2022-02-17T09:44:56","date_gmt":"2022-02-17T09:44:56","guid":{"rendered":"https:\/\/dev.tg4.ie\/?page_id=140593"},"modified":"2022-02-17T09:44:56","modified_gmt":"2022-02-17T09:44:56","slug":"eacht-stairiuil-den-chead-uair-ag-an-berlinale","status":"publish","type":"page","link":"https:\/\/dev.tg4.ie\/ga\/eolas\/preas\/nuacht-raitis\/2022-2\/eacht-stairiuil-den-chead-uair-ag-an-berlinale\/","title":{"rendered":"\u00c9acht Stairi\u00fail Den Ch\u00e9ad Uair: Baineann Scann\u00e1n L\u00e1nfhada As Gaeilge \u2018An Cail\u00edn Ci\u00fain\u2019 Duais an Grand Prix ag an Berlinale"},"content":{"rendered":"<p><a href=\"https:\/\/tg4-docs.s3.amazonaws.com\/tg4-redesign-2015\/wp-content\/uploads\/2022\/02\/AnCailinCiuin_TheQuietGirl_Cait_Catherine_Clinch_1-1920x1080-1.jpg\"><img loading=\"lazy\" decoding=\"async\" width=\"1920\" height=\"1080\" src=\"https:\/\/tg4-docs.s3.amazonaws.com\/tg4-redesign-2015\/wp-content\/uploads\/2022\/02\/AnCailinCiuin_TheQuietGirl_Cait_Catherine_Clinch_1-1920x1080-1.jpg\" alt=\"\" class=\"aligncenter size-full wp-image-140596\" srcset=\"https:\/\/tg4-docs.s3.amazonaws.com\/tg4-redesign-2015\/wp-content\/uploads\/2022\/02\/AnCailinCiuin_TheQuietGirl_Cait_Catherine_Clinch_1-1920x1080-1.jpg 1920w, https:\/\/tg4-docs.s3.amazonaws.com\/tg4-redesign-2015\/wp-content\/uploads\/2022\/02\/AnCailinCiuin_TheQuietGirl_Cait_Catherine_Clinch_1-1920x1080-1-250x141.jpg 250w, https:\/\/tg4-docs.s3.amazonaws.com\/tg4-redesign-2015\/wp-content\/uploads\/2022\/02\/AnCailinCiuin_TheQuietGirl_Cait_Catherine_Clinch_1-1920x1080-1-700x394.jpg 700w, https:\/\/tg4-docs.s3.amazonaws.com\/tg4-redesign-2015\/wp-content\/uploads\/2022\/02\/AnCailinCiuin_TheQuietGirl_Cait_Catherine_Clinch_1-1920x1080-1-252x141.jpg 252w, https:\/\/tg4-docs.s3.amazonaws.com\/tg4-redesign-2015\/wp-content\/uploads\/2022\/02\/AnCailinCiuin_TheQuietGirl_Cait_Catherine_Clinch_1-1920x1080-1-1536x864.jpg 1536w, https:\/\/tg4-docs.s3.amazonaws.com\/tg4-redesign-2015\/wp-content\/uploads\/2022\/02\/AnCailinCiuin_TheQuietGirl_Cait_Catherine_Clinch_1-1920x1080-1-120x68.jpg 120w\" sizes=\"(max-width: 1920px) 100vw, 1920px\" \/><\/a><br \/>\n&nbsp;<br \/>\nTar \u00e9is an Ch\u00e9ad Taibhi\u00fa <em>\u2018An Cail\u00edn Ci\u00fain\u2019<\/em> ag F\u00e9ile Scann\u00e1n Idirn\u00e1isi\u00fanta Bheirl\u00edn, baineann scann\u00e1n \u2018An Cail\u00edn Ci\u00fain\u2019 Duais an Grand Prix of the Generation 14plus International Jury don Scann\u00e1n Is Fearr.<br \/>\n&nbsp;<\/p>\n<p>Seo \u00e9acht stairi\u00fail den ch\u00e9ad uair do scann\u00e1n as Gaeilge agus \u00e9 ag caint faoin duais d\u00fairt <strong>Colm Bair\u00e9ad, an Sti\u00farth\u00f3ir<\/strong>:<\/p>\n<p><em>\u201cBa fh\u00edor-on\u00f3ir \u00e9 \u00e1r gC\u00e9ad Taibhi\u00fa bheith againn ag an Berlinale i mbliana in aice leis an oiread sin scann\u00e1n iontach mar chuid den chl\u00e1r Generation Kplus. Is l\u00e9iri\u00fa ollmh\u00f3r gur bhain \u2018An Cail\u00edn Ci\u00fain\u2019 an Grand Prix go ndearna TG4, Screen Ireland agus an BAI an cinneadh ceart ina bhf\u00eds maidir le scann\u00e1na\u00edocht dh\u00fachasach as Gaeilge agus a hacmhainn le s\u00edni\u00fa amach thar lear. Is m\u00f3r an dea-theist \u00e1lainn ar obair \u00e9achtach \u00e1r gcri\u00fa agus \u00e1r bhfoirne aisteoir\u00ed \u00ed, ar Chaitr\u00edona Clinse aoibhinn ach go h\u00e1irithe, arbh \u00ed an solas \u00ed a threoraigh sinn tr\u00ed dh\u00e9anamh an scann\u00e1in seo.\u201d<\/em><br \/>\n&nbsp;<\/p>\n<p>Agus \u00ed ag caint faoi ghn\u00f3th\u00fa na duaise d\u00fairt <strong>D\u00e9sir\u00e9e N\u00ed Fhionnag\u00e1in, Pr\u00edomhfheidhmeannach F\u00eds \u00c9ireann\/Screen Ireland<\/strong>: <\/p>\n<p><em>\u201cComhghairdeas \u00f3 chro\u00ed le Colm Bair\u00e9ad agus le foireann chruthaitheach an scann\u00e1in \u2018An C\u00e1il\u00edn Ci\u00fain\u2019. T\u00e1imid an-mh\u00f3r\u00e1lach gur thacaimid leis an scann\u00e1n speisialta seo i bp\u00e1irt\u00edocht le TG4 agus le BAI agus go bhfacthas stair \u00e1 cruth\u00fa ag an Berlinale nuair ab \u00e9 an ch\u00e9ad scann\u00e1n l\u00e1nfhada Gaeilge a taispe\u00e1nadh ag an fh\u00e9ile. Athbheodh l\u00e9iri\u00fa scann\u00e1n as Gaeilge le blianta beaga anuas, ag coth\u00fa guthanna nua agus \u00e9iritheacha a bhfuil sc\u00e9alta uil\u00edocha le hinsint acu.\u201d <\/em><br \/>\n&nbsp;<\/p>\n<p>D\u00fairt <strong>Ard-Sti\u00farth\u00f3ir TG4, Alan Esslemont<\/strong>: <\/p>\n<p><em>\u201cComhghairdeas \u00f3 chro\u00ed le Cleona N\u00ed Chrualaoi, Colm Bair\u00e9ad agus leis an bhfoireann ar fad in Insc\u00e9al a d\u2019oibrigh ar \u2018An Cail\u00edn Ci\u00fain\u2019 as a s\u00e1r-obair agus as an bhf\u00e1ilti\u00fa iontach a fuair an scann\u00e1n \u00f3n lucht f\u00e9achana agus l\u00e9irmheast\u00f3ir\u00ed araon. Ba mhaith liom bu\u00edochas a ghabh\u00e1il le mo chomhghleacaithe f\u00e9in i TG4 agus len\u00e1r gcomhph\u00e1irtithe i bhF\u00eds \u00c9ireann agus an BAI as a dtiomantas lean\u00fanach agus ceannr\u00f3da\u00edoch don scann\u00e1na\u00edocht Ghaeilge. Ar\u00eds eile t\u00e1 an moladh idirn\u00e1isi\u00fanta is airde faighte ag sc\u00e9im Cine4 agus is teist shoil\u00e9ir \u00e9 seo ar chaighde\u00e1n na tallainne cruthaitheach agus eala\u00edonta at\u00e1 ag obair tr\u00ed Ghaeilge in \u00c9irinn faoi l\u00e1thair.\u201d<\/em><br \/>\n&nbsp;<\/p>\n<p>D\u00fairt <strong>Neill N\u00ed Rodaigh, Comhbhunaitheoir Break Out Pictures<\/strong> freisin:<\/p>\n<p><em>\u201cIs scann\u00e1n thar a bheith tochtmhar, \u00e1lainn agus cumasach \u00e9 \u2018An Cail\u00edn Ci\u00fain\u2019 agus t\u00e1 r\u00edm\u00e9ad orainn go bhfuil an fhoireann ioml\u00e1n ag f\u00e1il an aitheantas at\u00e1 tuillte go m\u00f3r acu. T\u00e1imid ag d\u00fail lena chur i l\u00e1thair lucht f\u00e9achana na bpicti\u00farlanna n\u00edos moille i mbliana.\u201d<\/em><br \/>\n&nbsp;<\/p>\n<p>Ins\u00edonn <em>\u2018An Cail\u00edn Ci\u00fain\u2019<\/em>\u202f(The Quiet Girl) sc\u00e9al Ch\u00e1it (Caitr\u00edona Clinse) \u2013 girseach naoi mbliana d\u2019aois \u00f3 theaghlach at\u00e1 r\u00f3phl\u00f3daithe, m\u00edfheidhmi\u00fail agus a chuirtear ar shi\u00fal chun c\u00f3na\u00ed le tuismitheoir\u00ed altrama don samhradh. D\u2019ainneoin f\u00e1ilte chro\u00ed\u00fail \u00f3n bhean, Eibhl\u00edn (Carrie U\u00ed Chrualaoich), d\u2019fhan fear an t\u00ed, Se\u00e1n (Aindri\u00fa Mac Bein\u00e9id) amach \u00f3 Ch\u00e1it, agus \u00edse uaidhsean, ach le himeacht ama thosaigh cairdeas ag neart\u00fa eatarthu.   Go mall, faoi ch\u00faram na gCinsealach, bl\u00e1tha\u00edonn C\u00e1it agus aims\u00edonn s\u00ed sl\u00ed \u00far beatha. Ach sa teach seo n\u00e1r ch\u00f3ir aon r\u00fain a bheith ann, tagann s\u00ed ar aon fh\u00edrinne phianmhar amh\u00e1in.<br \/>\n&nbsp;<\/p>\n<p>T\u00e1 <em>\u2018An Cail\u00edn Ci\u00fain\u2019<\/em> bunaithe ar an ghearrsc\u00e9al ardmholta Foster le Cl\u00e1r Nic Aog\u00e1in, agus dr\u00e1ma casta, cigilteach is ea \u00e9 faoi theacht in aois a dh\u00e9anann ini\u00fachadh ar cheisteanna teaghlaigh, neamairt agus cumha tr\u00ed sh\u00faile a phr\u00edomhcharachtair \u00f3ig.<br \/>\n&nbsp;<\/p>\n<p>Is \u00e9 <em>\u2018An Cail\u00edn Ci\u00fain\u2019<\/em> a oscl\u00f3idh F\u00e9ile Scann\u00e1n Idirn\u00e1isi\u00fanta Bhaile \u00c1tha Cliath ar 23 Feabhra.<\/p>\n<p>&nbsp;<br \/>\n&nbsp;<\/p>\n","protected":false},"excerpt":{"rendered":"<p>&nbsp; Tar \u00e9is an Ch\u00e9ad Taibhi\u00fa \u2018An Cail\u00edn Ci\u00fain\u2019 ag F\u00e9ile Scann\u00e1n Idirn\u00e1isi\u00fanta Bheirl\u00edn, baineann scann\u00e1n \u2018An Cail\u00edn Ci\u00fain\u2019 Duais an Grand Prix of the Generation 14plus International Jury don Scann\u00e1n Is Fearr. &nbsp; Seo \u00e9acht stairi\u00fail den ch\u00e9ad uair do scann\u00e1n as Gaeilge agus \u00e9 ag caint faoin duais d\u00fairt Colm Bair\u00e9ad, an Sti\u00farth\u00f3ir: [&hellip;]<\/p>\n","protected":false},"author":876,"featured_media":0,"parent":138171,"menu_order":6,"comment_status":"closed","ping_status":"closed","template":"page-templates\/template-pr.php","meta":{"_acf_changed":false,"footnotes":""},"acf":[],"yoast_head":"<!-- This site is optimized with the Yoast SEO plugin v22.6 - https:\/\/yoast.com\/wordpress\/plugins\/seo\/ -->\n<title>\u00c9acht Stairi\u00fail Den Ch\u00e9ad Uair: Baineann Scann\u00e1n L\u00e1nfhada As Gaeilge \u2018An Cail\u00edn Ci\u00fain\u2019 Duais an Grand Prix ag an Berlinale | Preas R\u00e1iteas | TG4<\/title>\n<meta name=\"description\" content=\"Tar \u00e9is an Ch\u00e9ad Taibhi\u00fa \u2018An Cail\u00edn Ci\u00fain\u2019 ag F\u00e9ile Scann\u00e1n Idirn\u00e1isi\u00fanta Bheirl\u00edn, baineann scann\u00e1n \u2018An Cail\u00edn Ci\u00fain\u2019 Duais an Grand Prix of the Generation 14plus International Jury don Scann\u00e1n Is Fearr.\" \/>\n<meta name=\"robots\" content=\"index, follow, max-snippet:-1, max-image-preview:large, max-video-preview:-1\" \/>\n<meta property=\"og:locale\" content=\"en_US\" \/>\n<meta property=\"og:type\" content=\"article\" \/>\n<meta property=\"og:title\" content=\"\u00c9acht Stairi\u00fail Den Ch\u00e9ad Uair: Baineann Scann\u00e1n L\u00e1nfhada As Gaeilge \u2018An Cail\u00edn Ci\u00fain\u2019 Duais an Grand Prix ag an Berlinale | Preas R\u00e1iteas | TG4\" \/>\n<meta property=\"og:description\" content=\"Tar \u00e9is an Ch\u00e9ad Taibhi\u00fa \u2018An Cail\u00edn Ci\u00fain\u2019 ag F\u00e9ile Scann\u00e1n Idirn\u00e1isi\u00fanta Bheirl\u00edn, baineann scann\u00e1n \u2018An Cail\u00edn Ci\u00fain\u2019 Duais an Grand Prix of the Generation 14plus International Jury don Scann\u00e1n Is Fearr.\" \/>\n<meta property=\"og:url\" content=\"https:\/\/dev.tg4.ie\/ga\/eolas\/preas\/nuacht-raitis\/2022-2\/eacht-stairiuil-den-chead-uair-ag-an-berlinale\/\" \/>\n<meta property=\"og:site_name\" content=\"TG4\" \/>\n<meta property=\"article:publisher\" content=\"https:\/\/www.facebook.com\/TG4TV\" \/>\n<meta property=\"og:image\" content=\"https:\/\/tg4-docs.s3.amazonaws.com\/tg4-redesign-2015\/wp-content\/uploads\/2022\/02\/AnCailinCiuin_TheQuietGirl_Cait_Catherine_Clinch_1-1920x1080-1.jpg\" \/>\n\t<meta property=\"og:image:width\" content=\"1920\" \/>\n\t<meta property=\"og:image:height\" content=\"1080\" \/>\n\t<meta property=\"og:image:type\" content=\"image\/jpeg\" \/>\n<meta name=\"twitter:card\" content=\"summary_large_image\" \/>\n<meta name=\"twitter:image\" content=\"https:\/\/tg4-docs.s3.amazonaws.com\/tg4-redesign-2015\/wp-content\/uploads\/2022\/02\/AnCailinCiuin_TheQuietGirl_Cait_Catherine_Clinch_1-1920x1080-1.jpg\" \/>\n<meta name=\"twitter:site\" content=\"@TG4TV\" \/>\n<meta name=\"twitter:label1\" content=\"Est. reading time\" \/>\n\t<meta name=\"twitter:data1\" content=\"8 minutes\" \/>\n<script type=\"application\/ld+json\" class=\"yoast-schema-graph\">{\"@context\":\"https:\/\/schema.org\",\"@graph\":[{\"@type\":\"WebPage\",\"@id\":\"https:\/\/dev.tg4.ie\/ga\/eolas\/preas\/nuacht-raitis\/2022-2\/eacht-stairiuil-den-chead-uair-ag-an-berlinale\/\",\"url\":\"https:\/\/dev.tg4.ie\/ga\/eolas\/preas\/nuacht-raitis\/2022-2\/eacht-stairiuil-den-chead-uair-ag-an-berlinale\/\",\"name\":\"\u00c9acht Stairi\u00fail Den Ch\u00e9ad Uair: Baineann Scann\u00e1n L\u00e1nfhada As Gaeilge \u2018An Cail\u00edn Ci\u00fain\u2019 Duais an Grand Prix ag an Berlinale | Preas R\u00e1iteas | TG4\",\"isPartOf\":{\"@id\":\"https:\/\/dev.tg4.ie\/en\/#website\"},\"primaryImageOfPage\":{\"@id\":\"https:\/\/dev.tg4.ie\/ga\/eolas\/preas\/nuacht-raitis\/2022-2\/eacht-stairiuil-den-chead-uair-ag-an-berlinale\/#primaryimage\"},\"image\":{\"@id\":\"https:\/\/dev.tg4.ie\/ga\/eolas\/preas\/nuacht-raitis\/2022-2\/eacht-stairiuil-den-chead-uair-ag-an-berlinale\/#primaryimage\"},\"thumbnailUrl\":\"https:\/\/dev.tg4.ie\/wp-content\/uploads\/2022\/02\/AnCailinCiuin_TheQuietGirl_Cait_Catherine_Clinch_1-1920x1080-1.jpg\",\"datePublished\":\"2022-02-17T09:44:56+00:00\",\"dateModified\":\"2022-02-17T09:44:56+00:00\",\"description\":\"Tar \u00e9is an Ch\u00e9ad Taibhi\u00fa \u2018An Cail\u00edn Ci\u00fain\u2019 ag F\u00e9ile Scann\u00e1n Idirn\u00e1isi\u00fanta Bheirl\u00edn, baineann scann\u00e1n \u2018An Cail\u00edn Ci\u00fain\u2019 Duais an Grand Prix of the Generation 14plus International Jury don Scann\u00e1n Is Fearr.\",\"breadcrumb\":{\"@id\":\"https:\/\/dev.tg4.ie\/ga\/eolas\/preas\/nuacht-raitis\/2022-2\/eacht-stairiuil-den-chead-uair-ag-an-berlinale\/#breadcrumb\"},\"inLanguage\":\"ga\",\"potentialAction\":[{\"@type\":\"ReadAction\",\"target\":[\"https:\/\/dev.tg4.ie\/ga\/eolas\/preas\/nuacht-raitis\/2022-2\/eacht-stairiuil-den-chead-uair-ag-an-berlinale\/\"]}]},{\"@type\":\"ImageObject\",\"inLanguage\":\"ga\",\"@id\":\"https:\/\/dev.tg4.ie\/ga\/eolas\/preas\/nuacht-raitis\/2022-2\/eacht-stairiuil-den-chead-uair-ag-an-berlinale\/#primaryimage\",\"url\":\"https:\/\/dev.tg4.ie\/wp-content\/uploads\/2022\/02\/AnCailinCiuin_TheQuietGirl_Cait_Catherine_Clinch_1-1920x1080-1.jpg\",\"contentUrl\":\"https:\/\/dev.tg4.ie\/wp-content\/uploads\/2022\/02\/AnCailinCiuin_TheQuietGirl_Cait_Catherine_Clinch_1-1920x1080-1.jpg\"},{\"@type\":\"BreadcrumbList\",\"@id\":\"https:\/\/dev.tg4.ie\/ga\/eolas\/preas\/nuacht-raitis\/2022-2\/eacht-stairiuil-den-chead-uair-ag-an-berlinale\/#breadcrumb\",\"itemListElement\":[{\"@type\":\"ListItem\",\"position\":1,\"name\":\"Home\",\"item\":\"https:\/\/dev.tg4.ie\/ga\/\"},{\"@type\":\"ListItem\",\"position\":2,\"name\":\"Eolas\",\"item\":\"https:\/\/dev.tg4.ie\/ga\/eolas\/\"},{\"@type\":\"ListItem\",\"position\":3,\"name\":\"Preas\",\"item\":\"https:\/\/dev.tg4.ie\/ga\/eolas\/preas\/\"},{\"@type\":\"ListItem\",\"position\":4,\"name\":\"Nuacht R\u00e1itis\",\"item\":\"https:\/\/dev.tg4.ie\/ga\/eolas\/preas\/nuacht-raitis\/\"},{\"@type\":\"ListItem\",\"position\":5,\"name\":\"2022\",\"item\":\"https:\/\/dev.tg4.ie\/ga\/eolas\/preas\/nuacht-raitis\/2022-2\/\"},{\"@type\":\"ListItem\",\"position\":6,\"name\":\"\u00c9acht Stairi\u00fail Den Ch\u00e9ad Uair: Baineann Scann\u00e1n L\u00e1nfhada As Gaeilge \u2018An Cail\u00edn Ci\u00fain\u2019 Duais an Grand Prix ag an Berlinale\"}]},{\"@type\":\"WebSite\",\"@id\":\"https:\/\/dev.tg4.ie\/en\/#website\",\"url\":\"https:\/\/dev.tg4.ie\/en\/\",\"name\":\"TG4\",\"description\":\"S\u00fail Eile\",\"potentialAction\":[{\"@type\":\"SearchAction\",\"target\":{\"@type\":\"EntryPoint\",\"urlTemplate\":\"https:\/\/dev.tg4.ie\/en\/?s={search_term_string}\"},\"query-input\":\"required name=search_term_string\"}],\"inLanguage\":\"ga\"}]}<\/script>\n<!-- \/ Yoast SEO plugin. -->","yoast_head_json":{"title":"\u00c9acht Stairi\u00fail Den Ch\u00e9ad Uair: Baineann Scann\u00e1n L\u00e1nfhada As Gaeilge \u2018An Cail\u00edn Ci\u00fain\u2019 Duais an Grand Prix ag an Berlinale | Preas R\u00e1iteas | TG4","description":"Tar \u00e9is an Ch\u00e9ad Taibhi\u00fa \u2018An Cail\u00edn Ci\u00fain\u2019 ag F\u00e9ile Scann\u00e1n Idirn\u00e1isi\u00fanta Bheirl\u00edn, baineann scann\u00e1n \u2018An Cail\u00edn Ci\u00fain\u2019 Duais an Grand Prix of the Generation 14plus International Jury don Scann\u00e1n Is Fearr.","robots":{"index":"index","follow":"follow","max-snippet":"max-snippet:-1","max-image-preview":"max-image-preview:large","max-video-preview":"max-video-preview:-1"},"og_locale":"en_US","og_type":"article","og_title":"\u00c9acht Stairi\u00fail Den Ch\u00e9ad Uair: Baineann Scann\u00e1n L\u00e1nfhada As Gaeilge \u2018An Cail\u00edn Ci\u00fain\u2019 Duais an Grand Prix ag an Berlinale | Preas R\u00e1iteas | TG4","og_description":"Tar \u00e9is an Ch\u00e9ad Taibhi\u00fa \u2018An Cail\u00edn Ci\u00fain\u2019 ag F\u00e9ile Scann\u00e1n Idirn\u00e1isi\u00fanta Bheirl\u00edn, baineann scann\u00e1n \u2018An Cail\u00edn Ci\u00fain\u2019 Duais an Grand Prix of the Generation 14plus International Jury don Scann\u00e1n Is Fearr.","og_url":"https:\/\/dev.tg4.ie\/ga\/eolas\/preas\/nuacht-raitis\/2022-2\/eacht-stairiuil-den-chead-uair-ag-an-berlinale\/","og_site_name":"TG4","article_publisher":"https:\/\/www.facebook.com\/TG4TV","og_image":[{"width":1920,"height":1080,"url":"https:\/\/tg4-docs.s3.amazonaws.com\/tg4-redesign-2015\/wp-content\/uploads\/2022\/02\/AnCailinCiuin_TheQuietGirl_Cait_Catherine_Clinch_1-1920x1080-1.jpg","type":"image\/jpeg"}],"twitter_card":"summary_large_image","twitter_image":"https:\/\/tg4-docs.s3.amazonaws.com\/tg4-redesign-2015\/wp-content\/uploads\/2022\/02\/AnCailinCiuin_TheQuietGirl_Cait_Catherine_Clinch_1-1920x1080-1.jpg","twitter_site":"@TG4TV","twitter_misc":{"Est. reading time":"8 minutes"},"schema":{"@context":"https:\/\/schema.org","@graph":[{"@type":"WebPage","@id":"https:\/\/dev.tg4.ie\/ga\/eolas\/preas\/nuacht-raitis\/2022-2\/eacht-stairiuil-den-chead-uair-ag-an-berlinale\/","url":"https:\/\/dev.tg4.ie\/ga\/eolas\/preas\/nuacht-raitis\/2022-2\/eacht-stairiuil-den-chead-uair-ag-an-berlinale\/","name":"\u00c9acht Stairi\u00fail Den Ch\u00e9ad Uair: Baineann Scann\u00e1n L\u00e1nfhada As Gaeilge \u2018An Cail\u00edn Ci\u00fain\u2019 Duais an Grand Prix ag an Berlinale | Preas R\u00e1iteas | TG4","isPartOf":{"@id":"https:\/\/dev.tg4.ie\/en\/#website"},"primaryImageOfPage":{"@id":"https:\/\/dev.tg4.ie\/ga\/eolas\/preas\/nuacht-raitis\/2022-2\/eacht-stairiuil-den-chead-uair-ag-an-berlinale\/#primaryimage"},"image":{"@id":"https:\/\/dev.tg4.ie\/ga\/eolas\/preas\/nuacht-raitis\/2022-2\/eacht-stairiuil-den-chead-uair-ag-an-berlinale\/#primaryimage"},"thumbnailUrl":"https:\/\/dev.tg4.ie\/wp-content\/uploads\/2022\/02\/AnCailinCiuin_TheQuietGirl_Cait_Catherine_Clinch_1-1920x1080-1.jpg","datePublished":"2022-02-17T09:44:56+00:00","dateModified":"2022-02-17T09:44:56+00:00","description":"Tar \u00e9is an Ch\u00e9ad Taibhi\u00fa \u2018An Cail\u00edn Ci\u00fain\u2019 ag F\u00e9ile Scann\u00e1n Idirn\u00e1isi\u00fanta Bheirl\u00edn, baineann scann\u00e1n \u2018An Cail\u00edn Ci\u00fain\u2019 Duais an Grand Prix of the Generation 14plus International Jury don Scann\u00e1n Is Fearr.","breadcrumb":{"@id":"https:\/\/dev.tg4.ie\/ga\/eolas\/preas\/nuacht-raitis\/2022-2\/eacht-stairiuil-den-chead-uair-ag-an-berlinale\/#breadcrumb"},"inLanguage":"ga","potentialAction":[{"@type":"ReadAction","target":["https:\/\/dev.tg4.ie\/ga\/eolas\/preas\/nuacht-raitis\/2022-2\/eacht-stairiuil-den-chead-uair-ag-an-berlinale\/"]}]},{"@type":"ImageObject","inLanguage":"ga","@id":"https:\/\/dev.tg4.ie\/ga\/eolas\/preas\/nuacht-raitis\/2022-2\/eacht-stairiuil-den-chead-uair-ag-an-berlinale\/#primaryimage","url":"https:\/\/dev.tg4.ie\/wp-content\/uploads\/2022\/02\/AnCailinCiuin_TheQuietGirl_Cait_Catherine_Clinch_1-1920x1080-1.jpg","contentUrl":"https:\/\/dev.tg4.ie\/wp-content\/uploads\/2022\/02\/AnCailinCiuin_TheQuietGirl_Cait_Catherine_Clinch_1-1920x1080-1.jpg"},{"@type":"BreadcrumbList","@id":"https:\/\/dev.tg4.ie\/ga\/eolas\/preas\/nuacht-raitis\/2022-2\/eacht-stairiuil-den-chead-uair-ag-an-berlinale\/#breadcrumb","itemListElement":[{"@type":"ListItem","position":1,"name":"Home","item":"https:\/\/dev.tg4.ie\/ga\/"},{"@type":"ListItem","position":2,"name":"Eolas","item":"https:\/\/dev.tg4.ie\/ga\/eolas\/"},{"@type":"ListItem","position":3,"name":"Preas","item":"https:\/\/dev.tg4.ie\/ga\/eolas\/preas\/"},{"@type":"ListItem","position":4,"name":"Nuacht R\u00e1itis","item":"https:\/\/dev.tg4.ie\/ga\/eolas\/preas\/nuacht-raitis\/"},{"@type":"ListItem","position":5,"name":"2022","item":"https:\/\/dev.tg4.ie\/ga\/eolas\/preas\/nuacht-raitis\/2022-2\/"},{"@type":"ListItem","position":6,"name":"\u00c9acht Stairi\u00fail Den Ch\u00e9ad Uair: Baineann Scann\u00e1n L\u00e1nfhada As Gaeilge \u2018An Cail\u00edn Ci\u00fain\u2019 Duais an Grand Prix ag an Berlinale"}]},{"@type":"WebSite","@id":"https:\/\/dev.tg4.ie\/en\/#website","url":"https:\/\/dev.tg4.ie\/en\/","name":"TG4","description":"S\u00fail Eile","potentialAction":[{"@type":"SearchAction","target":{"@type":"EntryPoint","urlTemplate":"https:\/\/dev.tg4.ie\/en\/?s={search_term_string}"},"query-input":"required name=search_term_string"}],"inLanguage":"ga"}]}},"_links":{"self":[{"href":"https:\/\/dev.tg4.ie\/ga\/wp-json\/wp\/v2\/pages\/140593"}],"collection":[{"href":"https:\/\/dev.tg4.ie\/ga\/wp-json\/wp\/v2\/pages"}],"about":[{"href":"https:\/\/dev.tg4.ie\/ga\/wp-json\/wp\/v2\/types\/page"}],"author":[{"embeddable":true,"href":"https:\/\/dev.tg4.ie\/ga\/wp-json\/wp\/v2\/users\/876"}],"replies":[{"embeddable":true,"href":"https:\/\/dev.tg4.ie\/ga\/wp-json\/wp\/v2\/comments?post=140593"}],"version-history":[{"count":0,"href":"https:\/\/dev.tg4.ie\/ga\/wp-json\/wp\/v2\/pages\/140593\/revisions"}],"up":[{"embeddable":true,"href":"https:\/\/dev.tg4.ie\/ga\/wp-json\/wp\/v2\/pages\/138171"}],"wp:attachment":[{"href":"https:\/\/dev.tg4.ie\/ga\/wp-json\/wp\/v2\/media?parent=140593"}],"curies":[{"name":"wp","href":"https:\/\/api.w.org\/{rel}","templated":true}]}}