{"id":1406,"date":"2015-08-19T13:31:18","date_gmt":"2015-08-19T12:31:18","guid":{"rendered":"https:\/\/dev.tg4.ie\/29-04-15\/"},"modified":"2019-06-25T11:18:04","modified_gmt":"2019-06-25T10:18:04","slug":"29-04-15","status":"publish","type":"page","link":"https:\/\/dev.tg4.ie\/ga\/eolas\/preas\/nuacht-raitis\/2015-2\/29-04-15\/","title":{"rendered":"29.04.15"},"content":{"rendered":"<p>T\u00e1 tr\u00ed ainmni\u00fach\u00e1n faighte ag <i>An Bronntanas <\/i>do Ghradaim IFTA i dtaobh scripte agus aisteoir\u00ed. Ainmn\u00edodh Tom Collins\/Eoin McNamee\/Paul Walker don ghradam An Script Dr\u00e1ma is Fearr, t\u00e1 Michelle Beamish ainmnithe don ghradam An Ban-Aisteoir is Fearr i bPr\u00edomhph\u00e1irt agus Charlotte Bradley ainmnithe don ghradam An Ban-Aisteoir is Fearr i bP\u00e1irt Taca. T\u00e1 ag \u00e9ir\u00ed tharr barr freisin leis an scann\u00e1n <i>An Bronntanas<\/i> ag f\u00e9ilte sa bhaile agus thar lear.\u00a0 Go dt\u00ed seo, taispe\u00e1nadh an scann\u00e1n san Astr\u00e1il, i mBarbad\u00f3s, i Washington, i mBost\u00fan agus sa R\u00f3imh agus t\u00e1 s\u00e9 le taispe\u00e1int f\u00f3s in \u00e1iteanna eile amach anseo sa mbliain. Bhain an scann\u00e1n an gradam <i>Jury&#8217;s Special Award<\/i>\/<i>Gradam Speisialta na Molt\u00f3ir\u00ed <\/i>amach ag F\u00e9ile Scann\u00e1n na h\u00c9ireann, Bost\u00fan chomh maith le tr\u00ed ainmni\u00fach\u00e1n a fh\u00e1il do Ghradaim Cumars\u00e1ide an Oireachtais i mbliana, ina measc ainmni\u00fach\u00e1n don ghradam \u2018An tSraith Teilif\u00edse is Fearr\u2019.<\/p>\n<p>Ainmnithe freisin don ghradam \u2018An Ban-Aisteoir is Fearr i bPr\u00edomhph\u00e1irt\u2019 t\u00e1 Maria Doyle Kennedy don ph\u00e1irt a bh\u00ed aici i Corp + Anam; sraith coiri\u00falachta m\u00f3r le r\u00e1 a bhfuil gradaim buaite aici faoi shaol pearsanta agus gairmi\u00fail tuairisceora coiri\u00falachta teilif\u00edse.<\/p>\n<p>T\u00e1 ainmni\u00fach\u00e1n faighte ag <i>Blood Fruit<\/i> sa chatag\u00f3ir Gn\u00e9chl\u00e1r Faisn\u00e9ise George Morrison. Sc\u00e9al \u00e9 seo faoi stailc Dunnes Stores in 1984 nuair a dhi\u00faltaigh Mary Manning, oibr\u00ed de chuid Dunnes Stores ar Shr\u00e1id Anra\u00ed, a bh\u00ed bliain is fiche ag an am, sead\u00f3g Outspan a dh\u00edol \u2013 gn\u00edomh a raibh tionchar aige ar fud an domhain.<\/p>\n<p>T\u00e1 Song of the Sea\/Amhr\u00e1n na Mara arna choimisi\u00fan\u00fa ag TG4 agus \u00dadar\u00e1s Craolach\u00e1in na h\u00c9ireann ainmnithe i dh\u00e1 chatag\u00f3ir; An Scann\u00e1n is Fearr agus An Script Scann\u00e1in is Fearr &#8211; Will Collins.<\/p>\n<p>T\u00e1 sonra\u00ed beachta ar ainmni\u00fach\u00e1in TG4 ar ghearrliosta ghradaim IFTA 2015 le f\u00e1il th\u00edos. Is iad na Gradaim IFTA na gradaim is m\u00f3 le r\u00e1 sa tionscal scann\u00e1n agus dr\u00e1ma\u00edochta in \u00c9irinn.<\/p>\n<p>Thr\u00e9aslaigh Ard-Sti\u00farth\u00f3ir TG4, P\u00f3l \u00d3 Gallch\u00f3ir leo sin ar fad a ainmn\u00edodh do ghradaim IFTA na bliana seo thar ceann TG4. \u201cT\u00e1 ainmni\u00fach\u00e1in faighte ag TG4 do Ghradaim IFTA gach bliain \u00f3 th\u00e1inig muid ar aer\u201d a deir s\u00e9. \u201cL\u00e9iri\u00fa ann f\u00e9in ar chaighde\u00e1n uath\u00fail agus nu\u00e1la\u00edoch TG4 a bheith ainmnithe sna catag\u00f3ir\u00ed c\u00e9anna le roinnt den \u00e1bhar teilif\u00edse B\u00e9arla chomh maith is at\u00e1 le f\u00e1il\u201d a deir s\u00e9.<\/p>\n","protected":false},"excerpt":{"rendered":"<p>T\u00e1 tr\u00ed ainmni\u00fach\u00e1n faighte ag An Bronntanas do Ghradaim IFTA i dtaobh scripte agus aisteoir\u00ed. Ainmn\u00edodh Tom Collins\/Eoin McNamee\/Paul Walker don ghradam An Script Dr\u00e1ma is Fearr, t\u00e1 Michelle Beamish ainmnithe don ghradam An Ban-Aisteoir is Fearr i bPr\u00edomhph\u00e1irt agus Charlotte Bradley ainmnithe don ghradam An Ban-Aisteoir is Fearr i bP\u00e1irt Taca. T\u00e1 ag \u00e9ir\u00ed [&hellip;]<\/p>\n","protected":false},"author":6,"featured_media":1402,"parent":985,"menu_order":9,"comment_status":"closed","ping_status":"closed","template":"page-templates\/template-pr.php","meta":{"_acf_changed":false,"footnotes":""},"acf":[],"yoast_head":"<!-- This site is optimized with the Yoast SEO plugin v22.6 - https:\/\/yoast.com\/wordpress\/plugins\/seo\/ -->\n<title>29.04.15 - TG4<\/title>\n<meta name=\"robots\" content=\"index, follow, max-snippet:-1, max-image-preview:large, max-video-preview:-1\" \/>\n<meta property=\"og:locale\" content=\"en_US\" \/>\n<meta property=\"og:type\" content=\"article\" \/>\n<meta property=\"og:title\" content=\"29.04.15 - TG4\" \/>\n<meta property=\"og:description\" content=\"T\u00e1 tr\u00ed ainmni\u00fach\u00e1n faighte ag An Bronntanas do Ghradaim IFTA i dtaobh scripte agus aisteoir\u00ed. Ainmn\u00edodh Tom Collins\/Eoin McNamee\/Paul Walker don ghradam An Script Dr\u00e1ma is Fearr, t\u00e1 Michelle Beamish ainmnithe don ghradam An Ban-Aisteoir is Fearr i bPr\u00edomhph\u00e1irt agus Charlotte Bradley ainmnithe don ghradam An Ban-Aisteoir is Fearr i bP\u00e1irt Taca. T\u00e1 ag \u00e9ir\u00ed [&hellip;]\" \/>\n<meta property=\"og:url\" content=\"https:\/\/dev.tg4.ie\/ga\/eolas\/preas\/nuacht-raitis\/2015-2\/29-04-15\/\" \/>\n<meta property=\"og:site_name\" content=\"TG4\" \/>\n<meta property=\"article:publisher\" content=\"https:\/\/www.facebook.com\/TG4TV\" \/>\n<meta property=\"article:modified_time\" content=\"2019-06-25T10:18:04+00:00\" \/>\n<meta property=\"og:image\" content=\"https:\/\/tg4-docs.s3.amazonaws.com\/tg4-redesign-2015\/wp-content\/uploads\/2015\/08\/An_Bronntanas_Sr1.jpg\" \/>\n\t<meta property=\"og:image:width\" content=\"1920\" \/>\n\t<meta property=\"og:image:height\" content=\"1080\" \/>\n\t<meta property=\"og:image:type\" content=\"image\/jpeg\" \/>\n<meta name=\"twitter:card\" content=\"summary_large_image\" \/>\n<meta name=\"twitter:site\" content=\"@TG4TV\" \/>\n<meta name=\"twitter:label1\" content=\"Est. reading time\" \/>\n\t<meta name=\"twitter:data1\" content=\"2 minutes\" \/>\n<script type=\"application\/ld+json\" class=\"yoast-schema-graph\">{\"@context\":\"https:\/\/schema.org\",\"@graph\":[{\"@type\":\"WebPage\",\"@id\":\"https:\/\/dev.tg4.ie\/ga\/eolas\/preas\/nuacht-raitis\/2015-2\/29-04-15\/\",\"url\":\"https:\/\/dev.tg4.ie\/ga\/eolas\/preas\/nuacht-raitis\/2015-2\/29-04-15\/\",\"name\":\"29.04.15 - TG4\",\"isPartOf\":{\"@id\":\"https:\/\/dev.tg4.ie\/en\/#website\"},\"primaryImageOfPage\":{\"@id\":\"https:\/\/dev.tg4.ie\/ga\/eolas\/preas\/nuacht-raitis\/2015-2\/29-04-15\/#primaryimage\"},\"image\":{\"@id\":\"https:\/\/dev.tg4.ie\/ga\/eolas\/preas\/nuacht-raitis\/2015-2\/29-04-15\/#primaryimage\"},\"thumbnailUrl\":\"https:\/\/tg4-docs.s3.amazonaws.com\/tg4-redesign-2015\/wp-content\/uploads\/2015\/08\/An_Bronntanas_Sr1.jpg\",\"datePublished\":\"2015-08-19T12:31:18+00:00\",\"dateModified\":\"2019-06-25T10:18:04+00:00\",\"breadcrumb\":{\"@id\":\"https:\/\/dev.tg4.ie\/ga\/eolas\/preas\/nuacht-raitis\/2015-2\/29-04-15\/#breadcrumb\"},\"inLanguage\":\"ga\",\"potentialAction\":[{\"@type\":\"ReadAction\",\"target\":[\"https:\/\/dev.tg4.ie\/ga\/eolas\/preas\/nuacht-raitis\/2015-2\/29-04-15\/\"]}]},{\"@type\":\"ImageObject\",\"inLanguage\":\"ga\",\"@id\":\"https:\/\/dev.tg4.ie\/ga\/eolas\/preas\/nuacht-raitis\/2015-2\/29-04-15\/#primaryimage\",\"url\":\"https:\/\/tg4-docs.s3.amazonaws.com\/tg4-redesign-2015\/wp-content\/uploads\/2015\/08\/An_Bronntanas_Sr1.jpg\",\"contentUrl\":\"https:\/\/tg4-docs.s3.amazonaws.com\/tg4-redesign-2015\/wp-content\/uploads\/2015\/08\/An_Bronntanas_Sr1.jpg\",\"width\":1920,\"height\":1080},{\"@type\":\"BreadcrumbList\",\"@id\":\"https:\/\/dev.tg4.ie\/ga\/eolas\/preas\/nuacht-raitis\/2015-2\/29-04-15\/#breadcrumb\",\"itemListElement\":[{\"@type\":\"ListItem\",\"position\":1,\"name\":\"Home\",\"item\":\"https:\/\/dev.tg4.ie\/ga\/\"},{\"@type\":\"ListItem\",\"position\":2,\"name\":\"Eolas\",\"item\":\"https:\/\/dev.tg4.ie\/ga\/eolas\/\"},{\"@type\":\"ListItem\",\"position\":3,\"name\":\"Preas\",\"item\":\"https:\/\/dev.tg4.ie\/ga\/eolas\/preas\/\"},{\"@type\":\"ListItem\",\"position\":4,\"name\":\"Nuacht R\u00e1itis\",\"item\":\"https:\/\/dev.tg4.ie\/ga\/eolas\/preas\/nuacht-raitis\/\"},{\"@type\":\"ListItem\",\"position\":5,\"name\":\"2015\",\"item\":\"https:\/\/dev.tg4.ie\/ga\/eolas\/preas\/nuacht-raitis\/2015-2\/\"},{\"@type\":\"ListItem\",\"position\":6,\"name\":\"29.04.15\"}]},{\"@type\":\"WebSite\",\"@id\":\"https:\/\/dev.tg4.ie\/en\/#website\",\"url\":\"https:\/\/dev.tg4.ie\/en\/\",\"name\":\"TG4\",\"description\":\"S\u00fail Eile\",\"potentialAction\":[{\"@type\":\"SearchAction\",\"target\":{\"@type\":\"EntryPoint\",\"urlTemplate\":\"https:\/\/dev.tg4.ie\/en\/?s={search_term_string}\"},\"query-input\":\"required name=search_term_string\"}],\"inLanguage\":\"ga\"}]}<\/script>\n<!-- \/ Yoast SEO plugin. -->","yoast_head_json":{"title":"29.04.15 - TG4","robots":{"index":"index","follow":"follow","max-snippet":"max-snippet:-1","max-image-preview":"max-image-preview:large","max-video-preview":"max-video-preview:-1"},"og_locale":"en_US","og_type":"article","og_title":"29.04.15 - TG4","og_description":"T\u00e1 tr\u00ed ainmni\u00fach\u00e1n faighte ag An Bronntanas do Ghradaim IFTA i dtaobh scripte agus aisteoir\u00ed. Ainmn\u00edodh Tom Collins\/Eoin McNamee\/Paul Walker don ghradam An Script Dr\u00e1ma is Fearr, t\u00e1 Michelle Beamish ainmnithe don ghradam An Ban-Aisteoir is Fearr i bPr\u00edomhph\u00e1irt agus Charlotte Bradley ainmnithe don ghradam An Ban-Aisteoir is Fearr i bP\u00e1irt Taca. T\u00e1 ag \u00e9ir\u00ed [&hellip;]","og_url":"https:\/\/dev.tg4.ie\/ga\/eolas\/preas\/nuacht-raitis\/2015-2\/29-04-15\/","og_site_name":"TG4","article_publisher":"https:\/\/www.facebook.com\/TG4TV","article_modified_time":"2019-06-25T10:18:04+00:00","og_image":[{"width":1920,"height":1080,"url":"https:\/\/tg4-docs.s3.amazonaws.com\/tg4-redesign-2015\/wp-content\/uploads\/2015\/08\/An_Bronntanas_Sr1.jpg","type":"image\/jpeg"}],"twitter_card":"summary_large_image","twitter_site":"@TG4TV","twitter_misc":{"Est. reading time":"2 minutes"},"schema":{"@context":"https:\/\/schema.org","@graph":[{"@type":"WebPage","@id":"https:\/\/dev.tg4.ie\/ga\/eolas\/preas\/nuacht-raitis\/2015-2\/29-04-15\/","url":"https:\/\/dev.tg4.ie\/ga\/eolas\/preas\/nuacht-raitis\/2015-2\/29-04-15\/","name":"29.04.15 - TG4","isPartOf":{"@id":"https:\/\/dev.tg4.ie\/en\/#website"},"primaryImageOfPage":{"@id":"https:\/\/dev.tg4.ie\/ga\/eolas\/preas\/nuacht-raitis\/2015-2\/29-04-15\/#primaryimage"},"image":{"@id":"https:\/\/dev.tg4.ie\/ga\/eolas\/preas\/nuacht-raitis\/2015-2\/29-04-15\/#primaryimage"},"thumbnailUrl":"https:\/\/tg4-docs.s3.amazonaws.com\/tg4-redesign-2015\/wp-content\/uploads\/2015\/08\/An_Bronntanas_Sr1.jpg","datePublished":"2015-08-19T12:31:18+00:00","dateModified":"2019-06-25T10:18:04+00:00","breadcrumb":{"@id":"https:\/\/dev.tg4.ie\/ga\/eolas\/preas\/nuacht-raitis\/2015-2\/29-04-15\/#breadcrumb"},"inLanguage":"ga","potentialAction":[{"@type":"ReadAction","target":["https:\/\/dev.tg4.ie\/ga\/eolas\/preas\/nuacht-raitis\/2015-2\/29-04-15\/"]}]},{"@type":"ImageObject","inLanguage":"ga","@id":"https:\/\/dev.tg4.ie\/ga\/eolas\/preas\/nuacht-raitis\/2015-2\/29-04-15\/#primaryimage","url":"https:\/\/tg4-docs.s3.amazonaws.com\/tg4-redesign-2015\/wp-content\/uploads\/2015\/08\/An_Bronntanas_Sr1.jpg","contentUrl":"https:\/\/tg4-docs.s3.amazonaws.com\/tg4-redesign-2015\/wp-content\/uploads\/2015\/08\/An_Bronntanas_Sr1.jpg","width":1920,"height":1080},{"@type":"BreadcrumbList","@id":"https:\/\/dev.tg4.ie\/ga\/eolas\/preas\/nuacht-raitis\/2015-2\/29-04-15\/#breadcrumb","itemListElement":[{"@type":"ListItem","position":1,"name":"Home","item":"https:\/\/dev.tg4.ie\/ga\/"},{"@type":"ListItem","position":2,"name":"Eolas","item":"https:\/\/dev.tg4.ie\/ga\/eolas\/"},{"@type":"ListItem","position":3,"name":"Preas","item":"https:\/\/dev.tg4.ie\/ga\/eolas\/preas\/"},{"@type":"ListItem","position":4,"name":"Nuacht R\u00e1itis","item":"https:\/\/dev.tg4.ie\/ga\/eolas\/preas\/nuacht-raitis\/"},{"@type":"ListItem","position":5,"name":"2015","item":"https:\/\/dev.tg4.ie\/ga\/eolas\/preas\/nuacht-raitis\/2015-2\/"},{"@type":"ListItem","position":6,"name":"29.04.15"}]},{"@type":"WebSite","@id":"https:\/\/dev.tg4.ie\/en\/#website","url":"https:\/\/dev.tg4.ie\/en\/","name":"TG4","description":"S\u00fail Eile","potentialAction":[{"@type":"SearchAction","target":{"@type":"EntryPoint","urlTemplate":"https:\/\/dev.tg4.ie\/en\/?s={search_term_string}"},"query-input":"required name=search_term_string"}],"inLanguage":"ga"}]}},"_links":{"self":[{"href":"https:\/\/dev.tg4.ie\/ga\/wp-json\/wp\/v2\/pages\/1406"}],"collection":[{"href":"https:\/\/dev.tg4.ie\/ga\/wp-json\/wp\/v2\/pages"}],"about":[{"href":"https:\/\/dev.tg4.ie\/ga\/wp-json\/wp\/v2\/types\/page"}],"author":[{"embeddable":true,"href":"https:\/\/dev.tg4.ie\/ga\/wp-json\/wp\/v2\/users\/6"}],"replies":[{"embeddable":true,"href":"https:\/\/dev.tg4.ie\/ga\/wp-json\/wp\/v2\/comments?post=1406"}],"version-history":[{"count":0,"href":"https:\/\/dev.tg4.ie\/ga\/wp-json\/wp\/v2\/pages\/1406\/revisions"}],"up":[{"embeddable":true,"href":"https:\/\/dev.tg4.ie\/ga\/wp-json\/wp\/v2\/pages\/985"}],"wp:featuredmedia":[{"embeddable":true,"href":"https:\/\/dev.tg4.ie\/ga\/wp-json\/wp\/v2\/media\/1402"}],"wp:attachment":[{"href":"https:\/\/dev.tg4.ie\/ga\/wp-json\/wp\/v2\/media?parent=1406"}],"curies":[{"name":"wp","href":"https:\/\/api.w.org\/{rel}","templated":true}]}}