{"id":140626,"date":"2022-02-17T12:37:18","date_gmt":"2022-02-17T12:37:18","guid":{"rendered":"https:\/\/dev.tg4.ie\/?page_id=140626"},"modified":"2023-01-26T10:40:59","modified_gmt":"2023-01-26T10:40:59","slug":"2022-2","status":"publish","type":"page","link":"https:\/\/dev.tg4.ie\/ga\/eolas\/gradaim\/2022-2\/","title":{"rendered":"2022"},"content":{"rendered":"<h1>2022<\/h1>\n<table>\n<tbody>\n<tr>\n<td><strong>Cl\u00e1r \/ Duine<\/strong><\/td>\n<td><strong>Gradam<\/strong><\/td>\n<td><strong>Eagras<\/strong><\/td>\n<\/tr>\n<tr>\n<td>An Cail\u00edn Ci\u00fain<\/td>\n<td>Duais an Grand Prix<\/td>\n<td>F\u00e9ile Scann\u00e1na\u00edochta Berlinale<\/td>\n<\/tr>\n<tr>\n<td>Colm Bair\u00e9ad (Scr\u00edbhneoir\/Sti\u00farth\u00f3ir)- An Cail\u00edn Ci\u00fain<\/td>\n<td>R\u00e9alta Nua (Rising Star)<\/td>\n<td>Screen Ireland &#8211; IFTA<\/td>\n<\/tr>\n<tr>\n<td>An Cail\u00edn Ci\u00fain<\/td>\n<td>Scann\u00e1n is Fearr<\/td>\n<td>IFTA<\/td>\n<\/tr>\n<tr>\n<td>Colm Bair\u00e9ad &#8211; An Cail\u00edn Ci\u00fain<\/td>\n<td>Sti\u00farth\u00f3ir is Fearr<\/td>\n<td>IFTA<\/td>\n<\/tr>\n<tr>\n<td>Catherine Clinch \u2013 An Cail\u00edn Ci\u00fain<\/td>\n<td>Ban Aisteoir is Fearr<\/td>\n<td>IFTA<\/td>\n<\/tr>\n<tr>\n<td>Stephen Rennicks &#8211; An Cail\u00edn Ci\u00fain<\/td>\n<td>Ceol is Fearr<\/td>\n<td>IFTA<\/td>\n<\/tr>\n<tr>\n<td>John Murphy &#8211; An Cail\u00edn Ci\u00fain<\/td>\n<td>Eagarth\u00f3ireacht is Fearr<\/td>\n<td>IFTA<\/td>\n<\/tr>\n<tr>\n<td>Emma Lowney &#8211; An Cail\u00edn Ci\u00fain<\/td>\n<td>Dearadh L\u00e9irithe is Fearr<\/td>\n<td>IFTA<\/td>\n<\/tr>\n<tr>\n<td>Kate McCullough &#8211; An Cail\u00edn Ci\u00fain<\/td>\n<td>Cineamatagrafa\u00edocht is Fearr<\/td>\n<td>IFTA<\/td>\n<\/tr>\n<tr>\n<td>D\u00f3nall \u00d3 H\u00e9ala\u00ed &#8211; Foscadh<\/td>\n<td>Aisteoir is fearr &#8211; Ainmni\u00fach\u00e1n<\/td>\n<td>IFTA<\/td>\n<\/tr>\n<tr>\n<td>Carrie Crowley &#8211; An Cail\u00edn Ci\u00fain<\/td>\n<td>Aisteoir T\u00e1naisteach \u2013 Ainmni\u00fach\u00e1n<\/td>\n<td>IFTA<\/td>\n<\/tr>\n<tr>\n<td>Cillian \u00d3 Gairbh\u00ed &#8211; Foscadh<\/td>\n<td>Aisteoir T\u00e1naisteach \u2013 Ainmni\u00fach\u00e1n<\/td>\n<td>IFTA<\/td>\n<\/tr>\n<tr>\n<td>Peter Coonan &#8211; Doineann<\/td>\n<td>Pr\u00edomh Aisteoir &#8211; Ainmni\u00fach\u00e1n<\/td>\n<td>IFTA<\/td>\n<\/tr>\n<tr>\n<td>Louise Stanton \u2013 An Cail\u00edn Ci\u00fain<\/td>\n<td>Dearadh Feistis &#8211; Ainmni\u00fach\u00e1n<\/td>\n<td>IFTA<\/td>\n<\/tr>\n<tr>\n<td>Steve Fanagan, John &#8220;Bob&#8221; Brennan, &#038; Brendan Rehill &#8211; An Cail\u00edn Ci\u00fain<\/td>\n<td>Fuaim &#8211; Ainmni\u00fach\u00e1n<\/td>\n<td>IFTA<\/td>\n<\/tr>\n<tr>\n<td>An Cail\u00edn Ci\u00fain<\/td>\n<td>Scann\u00e1n \u00c9ireannach is fearr<\/td>\n<td>Fh\u00e9ile Idirn\u00e1isi\u00fanta Scann\u00e1n Bhaile \u00c1tha Cliath Virgin Media<\/td>\n<\/tr>\n<tr>\n<td>R\u00f3ise &#038; Frank<\/td>\n<td>Cliar is Fearr<\/td>\n<td>Fh\u00e9ile Idirn\u00e1isi\u00fanta Scann\u00e1n Bhaile \u00c1tha Cliath Virgin Media<\/td>\n<\/tr>\n<tr>\n<td>An Cail\u00edn Ci\u00fain<\/td>\n<td>Ainmni\u00fach\u00e1n do Ghradaim Scann\u00e1n agus Teilif\u00edse na hEorpa<\/td>\n<td>Acadamh Scann\u00e1n agus Teilif\u00edse na hEorpa<\/td>\n<\/tr>\n<tr>\n<td>An Cail\u00edn Ci\u00fain<\/td>\n<td>Rogha an Lucht F\u00e9achana<\/td>\n<td>F\u00e9ile Scann\u00e1n Taipei<\/td>\n<\/tr>\n<tr>\n<td>An Cail\u00edn Ci\u00fain<\/td>\n<td>Rogha an Lucht F\u00e9achana, An Scann\u00e1n neamh-Astr\u00e1lach is Fearr<\/td>\n<td>F\u00e9ile Scann\u00e1n Sydney<\/td>\n<\/tr>\n<tr>\n<td>An Cail\u00edn Ci\u00fain<\/td>\n<td>Pr\u00edomhscann\u00e1n Idirn\u00e1isi\u00fanta is Fearr \u2013 Iontr\u00e1il na h\u00c9ireann<\/td>\n<td>Oscars 2023<\/td>\n<\/tr>\n<tr>\n<td>Tarrac<\/td>\n<td>An Chineamatagrafa\u00edocht is Fearr<\/td>\n<td>F\u00e9ile Scann\u00e1n na Gaillimhe<\/td>\n<\/tr>\n<tr>\n<td>LYRA<\/td>\n<td>An Cl\u00e1r Faisn\u00e9ise Irise is Fearr<\/td>\n<td>Sheffield DocFest<\/td>\n<\/tr>\n<tr>\n<td>An Buachaill Gealgh\u00e1ireach<\/td>\n<td>An Scann\u00e1n is Fearr<\/td>\n<td>Docs Ireland<\/td>\n<\/tr>\n<tr>\n<td>Celtic Utopia &#8211; MDEMC &#038; Plainsong Films i gcomhar le TG4 &#038;\u202fSveriges Television<\/td>\n<td>An Cur i L\u00e1thair is Fearr<\/td>\n<td>Sunny Side of the Doc<\/td>\n<\/tr>\n<tr>\n<td>Foscadh<\/td>\n<td>An Crann \u00d3ir<\/td>\n<td>F\u00e9ile Scann\u00e1n Idirn\u00e1isi\u00fanta Kimolos<\/td>\n<\/tr>\n<tr>\n<td>Misneach &#8211; Tom Clonan<\/td>\n<td>An Gradam um Cheartas sna Me\u00e1in<\/td>\n<td>Dl\u00ed-Chumann na h\u00c9ireann<\/td>\n<\/tr>\n<tr>\n<td>Samhl\u00fa 2020<\/td>\n<td>Gradam Torc &#8211; Eala\u00edn<\/td>\n<td>F\u00e9ile na Me\u00e1n Ceilteach<\/td>\n<\/tr>\n<tr>\n<td>Samhl\u00fa 2020<\/td>\n<td>Buaiteoir &#8211; Catag\u00f3ir na hEala\u00edona<\/td>\n<td>F\u00e9ile na Me\u00e1n Ceilteach<\/td>\n<\/tr>\n<tr>\n<td>Sol<\/td>\n<td>An Cl\u00e1r is Fearr do Ph\u00e1ist\u00ed<\/td>\n<td>F\u00e9ile na Me\u00e1n Ceilteach<\/td>\n<\/tr>\n<tr>\n<td>Bloc TG4<\/td>\n<td>An Feachtas F\u00edse\u00e1in is Fearr &#8211; \u00d3r<\/td>\n<td>Sockies 2022<\/td>\n<\/tr>\n<tr>\n<td>Molsc\u00e9al TG4<\/td>\n<td>An Feachtas F\u00edse\u00e1in is Fearr \u2013 Airgead<\/td>\n<td>Sockies 2022<\/td>\n<\/tr>\n<tr>\n<td>TG4<\/td>\n<td>An Cuntas Twitter is Fearr &#8211; Airgead<\/td>\n<td>Sockies 2022<\/td>\n<\/tr>\n<tr>\n<td>Molsc\u00e9al TG4<\/td>\n<td>An \u00das\u00e1id is Fearr a Baineadh as Facebook &#8211; Airgead<\/td>\n<td>Sockies 2022<\/td>\n<\/tr>\n<tr>\n<td>Linda N\u00ed Ghr\u00edofa &#8211; Feachtas &#8220;Hector \u00c9ire Nua&#8221;<\/td>\n<td>Gradam Marga\u00edochta le Gaeilge \u2013 Craobhiomaitheoir 2022<\/td>\n<td>Na Gradaim Mharga\u00edochta Uile-\u00c9ireann<\/td>\n<\/tr>\n<tr>\n<td>Mediahuis IRL i gcomhar le TG4 agus Mediaworks Ireland<\/td>\n<td>An \u00das\u00e1id is Fearr a Baineadh as na Me\u00e1in Chl\u00f3ite &#038; na Me\u00e1in Dhigiteacha N\u00e1isi\u00fanta<\/td>\n<td><\/td>\n<\/tr>\n<tr>\n<td>Misneach, Midas Productions<\/td>\n<td>An tSraith Fh\u00edorasach is Fearr &#8211; Ainmni\u00fach\u00e1n<\/td>\n<td>Gradaim Teilif\u00edse \u00c9ireann RTS 2022<\/td>\n<\/tr>\n<tr>\n<td>S\u00edle Seoige: Deireadh Tochta, Tyrone Productions<\/td>\n<td>An Cl\u00e1r F\u00edorasach Aonair is Fearr &#8211; Ainmni\u00fach\u00e1n<\/td>\n<td>Gradaim Teilif\u00edse \u00c9ireann RTS 2022<\/td>\n<\/tr>\n<tr>\n<td>An Cuan, Oddboy Media<\/td>\n<td>An Sainchl\u00e1r F\u00edorasach is Fearr &#8211; Ainmni\u00fach\u00e1n<\/td>\n<td>Gradaim Teilif\u00edse \u00c9ireann RTS 2022<\/td>\n<\/tr>\n<tr>\n<td>Se\u00e1n \u00d3 Riada-Mo Sheanathair, T\u00e1in Media<\/td>\n<td>An Sainchl\u00e1r F\u00edorasach is Fearr &#8211; Ainmni\u00fach\u00e1n<\/td>\n<td>Gradaim Teilif\u00edse \u00c9ireann RTS 2022<\/td>\n<\/tr>\n<tr>\n<td>Mo Shaol, Do Shaol, Macalla Teo<\/td>\n<td>An Cl\u00e1r is Fearr do Leana\u00ed &#8211; Ainmni\u00fach\u00e1n<\/td>\n<td>Gradaim Teilif\u00edse \u00c9ireann RTS 2022<\/td>\n<\/tr>\n<tr>\n<td>Na Debs &#8211; Tictoc Drama, F\u00edb\u00edn Media<\/td>\n<td>An Cl\u00e1r is Fearr do Leana\u00ed &#8211; Ainmni\u00fach\u00e1n<\/td>\n<td>Gradaim Teilif\u00edse \u00c9ireann RTS 2022<\/td>\n<\/tr>\n<tr>\n<td>R\u00f3ise &#038; Frank<\/td>\n<td>Gradam an Lucht F\u00e9achana<\/td>\n<td>F\u00e9ile Scann\u00e1n Idirn\u00e1isi\u00fanta Santa Barbara<\/td>\n<\/tr>\n<tr>\n<td>R\u00f3ise &#038; Frank<\/td>\n<td>Gradam an Lucht F\u00e9achana<\/td>\n<td>F\u00e9ile Scann\u00e1n Idirn\u00e1isi\u00fanta Sanoma<\/td>\n<\/tr>\n<tr>\n<td>R\u00f3ise &#038; Frank<\/td>\n<td>An Pr\u00edomhscann\u00e1n is Fearr<\/td>\n<td>F\u00e9ile Scann\u00e1n Stockholm &#8211; Bealtaine 2022<\/td>\n<\/tr>\n<tr>\n<td>Rachael Moriarty, Peter Murphy<\/td>\n<td>An Sti\u00farth\u00f3ir is Fearr<\/td>\n<td>F\u00e9ile Scann\u00e1n Stockholm &#8211; Bealtaine 2022<\/td>\n<\/tr>\n<tr>\n<td>Br\u00edd N\u00ed Neachtain<\/td>\n<td>An tAisteoir is Fearr<\/td>\n<td>F\u00e9ile Scann\u00e1n Stockholm &#8211; Bealtaine 2022<\/td>\n<\/tr>\n<tr>\n<td>Br\u00edd N\u00ed Neachtain<\/td>\n<td>Gradam an Lucht F\u00e9ach\u00e1na<\/td>\n<td>Port Townsend Film Festival<\/td>\n<\/tr>\n<tr>\n<td>An Cail\u00edn Ci\u00fain<\/td>\n<td>Com\u00f3rtas do Ch\u00e9adscann\u00e1n an Sti\u00farth\u00f3ra: Ainmni\u00fach\u00e1n<\/td>\n<td>F\u00e9ile Scann\u00e1n EnergaCamerimage 2022<\/td>\n<\/tr>\n<tr>\n<td>An Cail\u00edn Ci\u00fain<\/td>\n<td>An scann\u00e1n neamhsple\u00e1ch idirn\u00e1isi\u00fanta is fearr: Fadliosta<\/td>\n<td>British Independent Film Awards 2022<\/td>\n<\/tr>\n<tr>\n<td>An Cail\u00edn Ci\u00fain<\/td>\n<td>Gradam: Rogha an Lucht F\u00e9ach\u00e1na<\/td>\n<td>F\u00e9ile Scann\u00e1n North Carolina 919<\/td>\n<\/tr>\n<tr>\n<td>An Cail\u00edn Ci\u00fain<\/td>\n<td>Gradam Gi\u00fair\u00e9: An Picti\u00far is Fearr<\/td>\n<td>F\u00e9ile Scann\u00e1n Newport Beach<\/td>\n<\/tr>\n<tr>\n<td>An Cail\u00edn Ci\u00fain<\/td>\n<td>Gradam Lucht F\u00e9achana don Phicti\u00farlann Dhomhanda<\/td>\n<td>F\u00e9ile Scann\u00e1n Montclair<\/td>\n<\/tr>\n<tr>\n<td>An Cail\u00edn Ci\u00fain<\/td>\n<td>Gradam Silver Spike<\/td>\n<td>F\u00e9ile Scann\u00e1n Idirn\u00e1isi\u00fanta Valladolid<\/td>\n<\/tr>\n<tr>\n<td>An Cail\u00edn Ci\u00fain<\/td>\n<td>Gradam FIPRESCI<\/td>\n<td>F\u00e9ile Scann\u00e1n Idirn\u00e1isi\u00fanta Valladolid<\/td>\n<\/tr>\n<tr>\n<td>An Cail\u00edn Ci\u00fain<\/td>\n<td>Gradam Lucht F\u00e9achana<\/td>\n<td>F\u00e9ile Scann\u00e1n Idirn\u00e1isi\u00fanta Valladolid<\/td>\n<\/tr>\n<tr>\n<td>R\u00f3ise &#038; Frank<\/td>\n<td>Gradam Lucht F\u00e9achana<\/td>\n<td>F\u00e9ile Scann\u00e1n Tucson 2022<\/td>\n<\/tr>\n<tr>\n<td>R\u00f3ise &#038; Frank<\/td>\n<td>Greandr\u00e1ma\u00edocht is fearr<\/td>\n<td>F\u00e9ile Scann\u00e1n Idirn\u00e1isi\u00fanta San Diego 2022<\/td>\n<\/tr>\n<tr>\n<td>An Cail\u00edn Ci\u00fain<\/td>\n<td>Gradam Lucht F\u00e9achana<\/td>\n<td>F\u00e9ile Scann\u00e1n Montclair<\/td>\n<\/tr>\n<tr>\n<td>An Cail\u00edn Ci\u00fain<\/td>\n<td>Scann\u00e1n na Bliana<\/td>\n<td>Oireachtas na Gaeilge 2022<\/td>\n<\/tr>\n<tr>\n<td>An Cail\u00edn Ci\u00fain<\/td>\n<td>Gradam Lucht F\u00e9achana Miami GEMS \u2013 An Ch\u00e9ad Scann\u00e1n sa Dara h\u00c1it<\/td>\n<td>F\u00e9ile Scann\u00e1n Miami 2022<\/td>\n<\/tr>\n<tr>\n<td>Cleona N\u00ed Chrualaoi (L\u00e9iritheoir) &#8211; An Cail\u00edn Ci\u00fain<\/td>\n<td>Gradam Scann\u00e1n &#038; Dr\u00e1ma\u00edochta<\/td>\n<td>Gradaim: Mn\u00e1 na Bliana 2022 &#8211; Irish Tatler<\/td>\n<\/tr>\n<tr>\n<td>An Cail\u00edn Ci\u00fain<\/td>\n<td>Gradam Lucht F\u00e9achana don Sc\u00e9alscann\u00e1n is fearr<\/td>\n<td>F\u00e9ile Scann\u00e1n Denver, Colorado 2022<\/td>\n<\/tr>\n<tr>\n<td>An Cail\u00edn Ci\u00fain<\/td>\n<td>Pr\u00edomhscann\u00e1n is fearr<\/td>\n<td>An Scann\u00e1n \u00c9ireannach is Fearr ag Gradaim Londan<\/td>\n<\/tr>\n<tr>\n<td>Cleona N\u00ed Chrualaoi(L\u00e9iritheoir) &#038; Colm Bair\u00e9ad(Sti\u00farth\u00f3ir) &#8211; An Cail\u00edn Ci\u00fain<\/td>\n<td>Gradam S\u00fail Eile<\/td>\n<td>An Scann\u00e1n \u00c9ireannach is Fearr ag Gradaim Londan<\/td>\n<\/tr>\n<tr>\n<td>Kate McCullough (Sti\u00farth\u00f3ir na Grianghrafad\u00f3ireachta) &#8211; An Cail\u00edn Ci\u00fain<\/td>\n<td>Gradam Cineamatagrafa\u00edocht na hEorpa 2022<\/td>\n<td>Gradaim Scann\u00e1n na hEorpa 2022<\/td>\n<\/tr>\n<tr>\n<td>An Cail\u00edn Ci\u00fain<\/td>\n<td>Gradam Lucht F\u00e9achana<\/td>\n<td>F\u00e9ile Cin\u00e9 In\u00e9dito M\u00e9rida (An Sp\u00e1inn)<\/td>\n<\/tr>\n<tr>\n<td>An Cail\u00edn Ci\u00fain<\/td>\n<td>Gradam \u00d3ige<\/td>\n<td>F\u00e9ile Cin\u00e9 In\u00e9dito M\u00e9rida (An Sp\u00e1inn)<\/td>\n<\/tr>\n<tr>\n<td>Sol<\/td>\n<td>Gradam na Leana\u00ed<\/td>\n<td>Gradaim Teilif\u00edse \u00c9ireann RTS 2022<\/td>\n<\/tr>\n<tr>\n<td>An C\u00f3sta Thiar &#8211; Aniar TV<\/td>\n<td>Sraith Teilif\u00edse na Bliana<\/td>\n<td>Na Gradaim Chumars\u00e1ide, Oireachtas na Gaeilge 2022<\/td>\n<\/tr>\n<tr>\n<td>Se\u00e1n \u00d3 Riada, Mo Sheanathair &#8211; T\u00e1in Media<\/td>\n<td>Cl\u00e1r Teilif\u00edse na Bliana<\/td>\n<td>Na Gradaim Chumars\u00e1ide, Oireachtas na Gaeilge 2022<\/td>\n<\/tr>\n<tr>\n<td>Niamh N\u00ed Chr\u00f3in\u00edn<\/td>\n<td>Pearsa Teilif\u00edse na Bliana<\/td>\n<td>Na Gradaim Chumars\u00e1ide, Oireachtas na Gaeilge 2022<\/td>\n<\/tr>\n<tr>\n<td>Darren \u00d3 Dubhg\u00e1in<\/td>\n<td>R\u00e9alta \u00d3g na Bliana<\/td>\n<td>Na Gradaim Chumars\u00e1ide, Oireachtas na Gaeilge 2022<\/td>\n<\/tr>\n<tr>\n<td>#CpnaG, Molsc\u00e9al ag Comort\u00e1s Peile na Gaeltachta 2022<\/td>\n<td>Feachtas Me\u00e1n S\u00f3isialta na Bliana<\/td>\n<td>Na Gradaim Chumars\u00e1ide, Oireachtas na Gaeilge 2022<\/td>\n<\/tr>\n<tr>\n<td>An Cail\u00edn Ci\u00fain<\/td>\n<td>An Gradam Grand Prix don Scann\u00e1n is Fearr<\/td>\n<td>F\u00e9ile Scann\u00e1in na Breataine agus na h\u00c9ireann, Corsica<\/td>\n<\/tr>\n<tr>\n<td>An Cail\u00edn Ci\u00fain<\/td>\n<td>An Scann\u00e1n is Fearr arna Roghn\u00fa ag Pain\u00e9al na n\u00d3g<\/td>\n<td>F\u00e9ile Scann\u00e1in na Breataine agus na h\u00c9ireann, Corsica<\/td>\n<\/tr>\n<tr>\n<td>An Cail\u00edn Ci\u00fain<\/td>\n<td>Ainmni\u00fach\u00e1n don Scann\u00e1n is Fearr sa Chatag\u00f3ir Idirn\u00e1isi\u00fanta<\/td>\n<td>An 27\u00fa bliain de Ghradaim Satellite, 2022<\/td>\n<\/tr>\n<tr>\n<td>An Cail\u00edn Ci\u00fain<\/td>\n<td>Scann\u00e1n na Bliana<\/td>\n<td>Ryan Gilbey, l\u00e9irmheast\u00f3ir scann\u00e1n, The New Statesman<\/td>\n<\/tr>\n<tr>\n<td>An Cail\u00edn Ci\u00fain<\/td>\n<td>Scann\u00e1n na Bliana<\/td>\n<td>Ciorcal L\u00e9irmheast\u00f3ir\u00ed Scann\u00e1n Bhaile \u00c1tha Cliath, 2022<\/td>\n<\/tr>\n<tr>\n<td>An Cail\u00edn Ci\u00fain<\/td>\n<td>An Scann\u00e1n is Fearr i dTeanga Iasachta: Ainmni\u00fach\u00e1n<\/td>\n<td>London Critic\u2019s Circle 2022<\/td>\n<\/tr>\n<tr>\n<td>An Cail\u00edn Ci\u00fain<\/td>\n<td>An Scann\u00e1n is Fearr i mBliana as \u00c9irinn\/as an mBreatain: Ainmni\u00fach\u00e1n<\/td>\n<td>London Critic\u2019s Circle 2022<\/td>\n<\/tr>\n<tr>\n<td>Colm Bair\u00e9ad, An Cail\u00edn Ci\u00fain<\/td>\n<td>D\u00e9ant\u00f3ir Scann\u00e1n Ceannr\u00f3da\u00edoch: Ainmni\u00fach\u00e1n<\/td>\n<td>London Critic\u2019s Circle 2022<\/td>\n<\/tr>\n<tr>\n<td>Catherine Clinch, An Cail\u00edn Ci\u00fain<\/td>\n<td>Aisteoir \u00d3g: Ainmni\u00fach\u00e1n<\/td>\n<td>London Critic\u2019s Circle 2022<\/td>\n<\/tr>\n<tr>\n<td>An Cail\u00edn Ci\u00fain<\/td>\n<td>An Dara Scann\u00e1n is Fearr i mBliana sa R\u00edocht Aontaithe<\/td>\n<td>The Guardian<\/td>\n<\/tr>\n<tr>\n<td>An Cail\u00edn Ci\u00fain<\/td>\n<td>Pr\u00edomhscann\u00e1n Idirn\u00e1isi\u00fanta is Fearr \u2013 Ainmni\u00fach\u00e1n gearrliosta<\/td>\n<td>Oscars 2023<\/td>\n<\/tr>\n<\/tbody>\n<\/table>\n","protected":false},"excerpt":{"rendered":"<p>2022 Cl\u00e1r \/ Duine Gradam Eagras An Cail\u00edn Ci\u00fain Duais an Grand Prix F\u00e9ile Scann\u00e1na\u00edochta Berlinale Colm Bair\u00e9ad (Scr\u00edbhneoir\/Sti\u00farth\u00f3ir)- An Cail\u00edn Ci\u00fain R\u00e9alta Nua (Rising Star) Screen Ireland &#8211; IFTA An Cail\u00edn Ci\u00fain Scann\u00e1n is Fearr IFTA Colm Bair\u00e9ad &#8211; An Cail\u00edn Ci\u00fain Sti\u00farth\u00f3ir is Fearr IFTA Catherine Clinch \u2013 An Cail\u00edn Ci\u00fain Ban Aisteoir [&hellip;]<\/p>\n","protected":false},"author":876,"featured_media":0,"parent":1219,"menu_order":24,"comment_status":"closed","ping_status":"closed","template":"page-templates\/template-corporate.php","meta":{"_acf_changed":false,"footnotes":""},"acf":[],"yoast_head":"<!-- This site is optimized with the Yoast SEO plugin v22.6 - https:\/\/yoast.com\/wordpress\/plugins\/seo\/ -->\n<title>2022 - TG4<\/title>\n<meta name=\"robots\" content=\"index, follow, max-snippet:-1, max-image-preview:large, max-video-preview:-1\" \/>\n<meta property=\"og:locale\" content=\"en_US\" \/>\n<meta property=\"og:type\" content=\"article\" \/>\n<meta property=\"og:title\" content=\"2022 - TG4\" \/>\n<meta property=\"og:description\" content=\"2022 Cl\u00e1r \/ Duine Gradam Eagras An Cail\u00edn Ci\u00fain Duais an Grand Prix F\u00e9ile Scann\u00e1na\u00edochta Berlinale Colm Bair\u00e9ad (Scr\u00edbhneoir\/Sti\u00farth\u00f3ir)- An Cail\u00edn Ci\u00fain R\u00e9alta Nua (Rising Star) Screen Ireland &#8211; IFTA An Cail\u00edn Ci\u00fain Scann\u00e1n is Fearr IFTA Colm Bair\u00e9ad &#8211; An Cail\u00edn Ci\u00fain Sti\u00farth\u00f3ir is Fearr IFTA Catherine Clinch \u2013 An Cail\u00edn Ci\u00fain Ban Aisteoir [&hellip;]\" \/>\n<meta property=\"og:url\" content=\"https:\/\/dev.tg4.ie\/ga\/eolas\/gradaim\/2022-2\/\" \/>\n<meta property=\"og:site_name\" content=\"TG4\" \/>\n<meta property=\"article:publisher\" content=\"https:\/\/www.facebook.com\/TG4TV\" \/>\n<meta property=\"article:modified_time\" content=\"2023-01-26T10:40:59+00:00\" \/>\n<meta property=\"og:image\" content=\"https:\/\/tg4-docs.s3.amazonaws.com\/wp-content\/uploads\/2024\/11\/18151812\/TG4_2024_corcra_teal_1-1920x1080-1.jpg\" \/>\n\t<meta property=\"og:image:width\" content=\"1920\" \/>\n\t<meta property=\"og:image:height\" content=\"1080\" \/>\n\t<meta property=\"og:image:type\" content=\"image\/jpeg\" \/>\n<meta name=\"twitter:card\" content=\"summary_large_image\" \/>\n<meta name=\"twitter:site\" content=\"@TG4TV\" \/>\n<meta name=\"twitter:label1\" content=\"Est. reading time\" \/>\n\t<meta name=\"twitter:data1\" content=\"5 minutes\" \/>\n<script type=\"application\/ld+json\" class=\"yoast-schema-graph\">{\"@context\":\"https:\/\/schema.org\",\"@graph\":[{\"@type\":\"WebPage\",\"@id\":\"https:\/\/dev.tg4.ie\/ga\/eolas\/gradaim\/2022-2\/\",\"url\":\"https:\/\/dev.tg4.ie\/ga\/eolas\/gradaim\/2022-2\/\",\"name\":\"2022 - TG4\",\"isPartOf\":{\"@id\":\"https:\/\/dev.tg4.ie\/en\/#website\"},\"datePublished\":\"2022-02-17T12:37:18+00:00\",\"dateModified\":\"2023-01-26T10:40:59+00:00\",\"breadcrumb\":{\"@id\":\"https:\/\/dev.tg4.ie\/ga\/eolas\/gradaim\/2022-2\/#breadcrumb\"},\"inLanguage\":\"ga\",\"potentialAction\":[{\"@type\":\"ReadAction\",\"target\":[\"https:\/\/dev.tg4.ie\/ga\/eolas\/gradaim\/2022-2\/\"]}]},{\"@type\":\"BreadcrumbList\",\"@id\":\"https:\/\/dev.tg4.ie\/ga\/eolas\/gradaim\/2022-2\/#breadcrumb\",\"itemListElement\":[{\"@type\":\"ListItem\",\"position\":1,\"name\":\"Home\",\"item\":\"https:\/\/dev.tg4.ie\/ga\/\"},{\"@type\":\"ListItem\",\"position\":2,\"name\":\"Eolas\",\"item\":\"https:\/\/dev.tg4.ie\/ga\/eolas\/\"},{\"@type\":\"ListItem\",\"position\":3,\"name\":\"Gradaim\",\"item\":\"https:\/\/dev.tg4.ie\/ga\/eolas\/gradaim\/\"},{\"@type\":\"ListItem\",\"position\":4,\"name\":\"2022\"}]},{\"@type\":\"WebSite\",\"@id\":\"https:\/\/dev.tg4.ie\/en\/#website\",\"url\":\"https:\/\/dev.tg4.ie\/en\/\",\"name\":\"TG4\",\"description\":\"S\u00fail Eile\",\"potentialAction\":[{\"@type\":\"SearchAction\",\"target\":{\"@type\":\"EntryPoint\",\"urlTemplate\":\"https:\/\/dev.tg4.ie\/en\/?s={search_term_string}\"},\"query-input\":\"required name=search_term_string\"}],\"inLanguage\":\"ga\"}]}<\/script>\n<!-- \/ Yoast SEO plugin. -->","yoast_head_json":{"title":"2022 - TG4","robots":{"index":"index","follow":"follow","max-snippet":"max-snippet:-1","max-image-preview":"max-image-preview:large","max-video-preview":"max-video-preview:-1"},"og_locale":"en_US","og_type":"article","og_title":"2022 - TG4","og_description":"2022 Cl\u00e1r \/ Duine Gradam Eagras An Cail\u00edn Ci\u00fain Duais an Grand Prix F\u00e9ile Scann\u00e1na\u00edochta Berlinale Colm Bair\u00e9ad (Scr\u00edbhneoir\/Sti\u00farth\u00f3ir)- An Cail\u00edn Ci\u00fain R\u00e9alta Nua (Rising Star) Screen Ireland &#8211; IFTA An Cail\u00edn Ci\u00fain Scann\u00e1n is Fearr IFTA Colm Bair\u00e9ad &#8211; An Cail\u00edn Ci\u00fain Sti\u00farth\u00f3ir is Fearr IFTA Catherine Clinch \u2013 An Cail\u00edn Ci\u00fain Ban Aisteoir [&hellip;]","og_url":"https:\/\/dev.tg4.ie\/ga\/eolas\/gradaim\/2022-2\/","og_site_name":"TG4","article_publisher":"https:\/\/www.facebook.com\/TG4TV","article_modified_time":"2023-01-26T10:40:59+00:00","og_image":[{"width":1920,"height":1080,"url":"https:\/\/tg4-docs.s3.amazonaws.com\/wp-content\/uploads\/2024\/11\/18151812\/TG4_2024_corcra_teal_1-1920x1080-1.jpg","type":"image\/jpeg"}],"twitter_card":"summary_large_image","twitter_site":"@TG4TV","twitter_misc":{"Est. reading time":"5 minutes"},"schema":{"@context":"https:\/\/schema.org","@graph":[{"@type":"WebPage","@id":"https:\/\/dev.tg4.ie\/ga\/eolas\/gradaim\/2022-2\/","url":"https:\/\/dev.tg4.ie\/ga\/eolas\/gradaim\/2022-2\/","name":"2022 - TG4","isPartOf":{"@id":"https:\/\/dev.tg4.ie\/en\/#website"},"datePublished":"2022-02-17T12:37:18+00:00","dateModified":"2023-01-26T10:40:59+00:00","breadcrumb":{"@id":"https:\/\/dev.tg4.ie\/ga\/eolas\/gradaim\/2022-2\/#breadcrumb"},"inLanguage":"ga","potentialAction":[{"@type":"ReadAction","target":["https:\/\/dev.tg4.ie\/ga\/eolas\/gradaim\/2022-2\/"]}]},{"@type":"BreadcrumbList","@id":"https:\/\/dev.tg4.ie\/ga\/eolas\/gradaim\/2022-2\/#breadcrumb","itemListElement":[{"@type":"ListItem","position":1,"name":"Home","item":"https:\/\/dev.tg4.ie\/ga\/"},{"@type":"ListItem","position":2,"name":"Eolas","item":"https:\/\/dev.tg4.ie\/ga\/eolas\/"},{"@type":"ListItem","position":3,"name":"Gradaim","item":"https:\/\/dev.tg4.ie\/ga\/eolas\/gradaim\/"},{"@type":"ListItem","position":4,"name":"2022"}]},{"@type":"WebSite","@id":"https:\/\/dev.tg4.ie\/en\/#website","url":"https:\/\/dev.tg4.ie\/en\/","name":"TG4","description":"S\u00fail Eile","potentialAction":[{"@type":"SearchAction","target":{"@type":"EntryPoint","urlTemplate":"https:\/\/dev.tg4.ie\/en\/?s={search_term_string}"},"query-input":"required name=search_term_string"}],"inLanguage":"ga"}]}},"_links":{"self":[{"href":"https:\/\/dev.tg4.ie\/ga\/wp-json\/wp\/v2\/pages\/140626"}],"collection":[{"href":"https:\/\/dev.tg4.ie\/ga\/wp-json\/wp\/v2\/pages"}],"about":[{"href":"https:\/\/dev.tg4.ie\/ga\/wp-json\/wp\/v2\/types\/page"}],"author":[{"embeddable":true,"href":"https:\/\/dev.tg4.ie\/ga\/wp-json\/wp\/v2\/users\/876"}],"replies":[{"embeddable":true,"href":"https:\/\/dev.tg4.ie\/ga\/wp-json\/wp\/v2\/comments?post=140626"}],"version-history":[{"count":0,"href":"https:\/\/dev.tg4.ie\/ga\/wp-json\/wp\/v2\/pages\/140626\/revisions"}],"up":[{"embeddable":true,"href":"https:\/\/dev.tg4.ie\/ga\/wp-json\/wp\/v2\/pages\/1219"}],"wp:attachment":[{"href":"https:\/\/dev.tg4.ie\/ga\/wp-json\/wp\/v2\/media?parent=140626"}],"curies":[{"name":"wp","href":"https:\/\/api.w.org\/{rel}","templated":true}]}}