{"id":14077,"date":"2016-02-15T16:34:45","date_gmt":"2016-02-15T16:34:45","guid":{"rendered":"https:\/\/dev.tg4.ie\/?page_id=14077"},"modified":"2019-06-24T16:15:05","modified_gmt":"2019-06-24T15:15:05","slug":"15-02-16","status":"publish","type":"page","link":"https:\/\/dev.tg4.ie\/ga\/eolas\/preas\/nuacht-raitis\/2016-2\/15-02-16\/","title":{"rendered":"15.02.16"},"content":{"rendered":"<h2>Kenny, \u00d3 M\u00e1irt\u00edn, \u00d3 Dochartaigh agus \u00d3 R\u00edord\u00e1in<\/h2>\n<h3>Agallaimh aonair ar V\u00f3ta 2016, 7pm, C\u00e9adaoin, 17 Feabhra<\/h3>\n<p>Cuirfear\u00a0 ceannair\u00ed agus ionadaithe sinsearacha na m\u00f3r-ph\u00e1irtithe faoi dhian-agallaimh aonair Ghaeilge\u00a0 i l\u00e1r na seachtaine ar chl\u00e1r speisialta agallamh ar TG4. Beidh ceannair\u00ed Fhine Gael,\u00a0 An Taoiseach, Enda Kenny agus Fhianna F\u00e1il, Miche\u00e1l \u00d3 M\u00e1irt\u00edn, orthu sin a bheidh faoi agallamh fada d\u2019eagr\u00e1n speisialta den chl\u00e1r V\u00f3ta 2016.\u00a0 Is iad Piaras \u00d3 Dochtartaigh, urlabhra\u00ed Airgeadais Shinn F\u00e9in agus an tAire St\u00e1it Aodh\u00e1n \u00d3 R\u00edord\u00e1in (Lucht Oibre) an bheirt a sheasfaidh an f\u00f3d don d\u00e1 ph\u00e1irt\u00ed sin sa gcl\u00e1r.<\/p>\n<p>Is iad <strong>Eimear N\u00ed Chonaola<\/strong>, l\u00e1ithreoir Nuacht TG4\u00a0\u00a0 agus <strong>P\u00e1id\u00ed \u00d3 Lion\u00e1ird<\/strong> bheidh ag cur na gceisteanna don chl\u00e1r, a chraolfar ag 7pm.\u00a0\u00a0 D\u00e9anfar na hagallaimh a thaifeadh roimh r\u00e9 le deis a thabhairt fotheidil leo. Beidh an t-agallamh leis An Taoiseach \u00e1 thaifeadadh i gcathair na Gaillmhe (\u00d3st\u00e1n Clayton at 4pm) agus beidh Ceannaire Fhianna F\u00e1il i gCeann\u00e1ras TG4 i mBaile na hAbhann ag 10am\u00a0 ar an l\u00e1 c\u00e9anna).<\/p>\n<p>Pl\u00e9ifear sna hagallaimh seo polasaithe na bp\u00e1irtithe ar mh\u00f3rcheisteanna an fheachtais \u2013 an eacnama\u00edocht, fosta\u00edocht, airgeadas poibl\u00ed,\u00a0 sl\u00e1nd\u00e1il, sl\u00e1inte agus imirce \u2013 nithe nach bhfuil na p\u00e1irtithe\u00a0 n\u00e1 a gcuid urlabhraithe ar aon fhocal f\u00fathu sa\u00a0 bhfeachtas go dt\u00ed seo.\u00a0 D\u00edreofar\u00a0 freisin ar cheisteanna a bhfuil suim ar leith ag lucht f\u00e9achana TG4 iontu \u2013 an Ghaeilge, c\u00farsa\u00ed oideachais, forbairt r\u00e9igi\u00fanach, an Ghaeltacht agus coiri\u00falacht faoin tuath.<\/p>\n<p>D\u2019fh\u00e1iltigh Ardsti\u00farth\u00f3ir TG4, P\u00f3l \u00d3 Gallch\u00f3ir,\u00a0 roimh dheimhni\u00fa na bp\u00e1irtithe go mbeidh siad p\u00e1irteach sa gcl\u00e1r speisialta Olltoghch\u00e1in chraolta seo.\u00a0 \u201cIs cinnte go mbeidh suim ar leith ag pobal na Gaeilge agus na Gaeltachta sa gcl\u00e1r speisialta agallaimh seo i nGaeilge le ionadaithe sinsearacha na m\u00f3r-ph\u00e1irtithe at\u00e1 ag tarl\u00fa agus gan ach seachtain f\u00e1gtha sa bhfeachtas Olltoghch\u00e1in.\u201d<\/p>\n<p><strong>V\u00f3ta 2016\u00a0ar\u00a0TG4, D\u00e9 C\u00e9adaoin,\u00a017 Feabhra @ 7pm<\/strong><\/p>\n<p><strong>Breis eolais:<\/strong>\u00a0 Linda N\u00ed Ghr\u00edofa 087 9172864 <a href=\"mailto:linda.ni.ghriofa@dev.tg4.ie\">linda.ni.ghriofa@dev.tg4.ie<\/a><\/p>\n","protected":false},"excerpt":{"rendered":"<p>Kenny, \u00d3 M\u00e1irt\u00edn, \u00d3 Dochartaigh agus \u00d3 R\u00edord\u00e1in Agallaimh aonair ar V\u00f3ta 2016, 7pm, C\u00e9adaoin, 17 Feabhra Cuirfear\u00a0 ceannair\u00ed agus ionadaithe sinsearacha na m\u00f3r-ph\u00e1irtithe faoi dhian-agallaimh aonair Ghaeilge\u00a0 i l\u00e1r na seachtaine ar chl\u00e1r speisialta agallamh ar TG4. Beidh ceannair\u00ed Fhine Gael,\u00a0 An Taoiseach, Enda Kenny agus Fhianna F\u00e1il, Miche\u00e1l \u00d3 M\u00e1irt\u00edn, orthu sin a [&hellip;]<\/p>\n","protected":false},"author":876,"featured_media":0,"parent":6580,"menu_order":5,"comment_status":"closed","ping_status":"closed","template":"page-templates\/template-pr.php","meta":{"_acf_changed":false,"footnotes":""},"acf":[],"yoast_head":"<!-- This site is optimized with the Yoast SEO plugin v22.6 - https:\/\/yoast.com\/wordpress\/plugins\/seo\/ -->\n<title>15.02.16 - TG4<\/title>\n<meta name=\"robots\" content=\"index, follow, max-snippet:-1, max-image-preview:large, max-video-preview:-1\" \/>\n<meta property=\"og:locale\" content=\"en_US\" \/>\n<meta property=\"og:type\" content=\"article\" \/>\n<meta property=\"og:title\" content=\"15.02.16 - TG4\" \/>\n<meta property=\"og:description\" content=\"Kenny, \u00d3 M\u00e1irt\u00edn, \u00d3 Dochartaigh agus \u00d3 R\u00edord\u00e1in Agallaimh aonair ar V\u00f3ta 2016, 7pm, C\u00e9adaoin, 17 Feabhra Cuirfear\u00a0 ceannair\u00ed agus ionadaithe sinsearacha na m\u00f3r-ph\u00e1irtithe faoi dhian-agallaimh aonair Ghaeilge\u00a0 i l\u00e1r na seachtaine ar chl\u00e1r speisialta agallamh ar TG4. Beidh ceannair\u00ed Fhine Gael,\u00a0 An Taoiseach, Enda Kenny agus Fhianna F\u00e1il, Miche\u00e1l \u00d3 M\u00e1irt\u00edn, orthu sin a [&hellip;]\" \/>\n<meta property=\"og:url\" content=\"https:\/\/dev.tg4.ie\/ga\/eolas\/preas\/nuacht-raitis\/2016-2\/15-02-16\/\" \/>\n<meta property=\"og:site_name\" content=\"TG4\" \/>\n<meta property=\"article:publisher\" content=\"https:\/\/www.facebook.com\/TG4TV\" \/>\n<meta property=\"article:modified_time\" content=\"2019-06-24T15:15:05+00:00\" \/>\n<meta property=\"og:image\" content=\"https:\/\/tg4-docs.s3.amazonaws.com\/wp-content\/uploads\/2024\/11\/18151812\/TG4_2024_corcra_teal_1-1920x1080-1.jpg\" \/>\n\t<meta property=\"og:image:width\" content=\"1920\" \/>\n\t<meta property=\"og:image:height\" content=\"1080\" \/>\n\t<meta property=\"og:image:type\" content=\"image\/jpeg\" \/>\n<meta name=\"twitter:card\" content=\"summary_large_image\" \/>\n<meta name=\"twitter:site\" content=\"@TG4TV\" \/>\n<meta name=\"twitter:label1\" content=\"Est. reading time\" \/>\n\t<meta name=\"twitter:data1\" content=\"2 minutes\" \/>\n<script type=\"application\/ld+json\" class=\"yoast-schema-graph\">{\"@context\":\"https:\/\/schema.org\",\"@graph\":[{\"@type\":\"WebPage\",\"@id\":\"https:\/\/dev.tg4.ie\/ga\/eolas\/preas\/nuacht-raitis\/2016-2\/15-02-16\/\",\"url\":\"https:\/\/dev.tg4.ie\/ga\/eolas\/preas\/nuacht-raitis\/2016-2\/15-02-16\/\",\"name\":\"15.02.16 - TG4\",\"isPartOf\":{\"@id\":\"https:\/\/dev.tg4.ie\/en\/#website\"},\"datePublished\":\"2016-02-15T16:34:45+00:00\",\"dateModified\":\"2019-06-24T15:15:05+00:00\",\"breadcrumb\":{\"@id\":\"https:\/\/dev.tg4.ie\/ga\/eolas\/preas\/nuacht-raitis\/2016-2\/15-02-16\/#breadcrumb\"},\"inLanguage\":\"ga\",\"potentialAction\":[{\"@type\":\"ReadAction\",\"target\":[\"https:\/\/dev.tg4.ie\/ga\/eolas\/preas\/nuacht-raitis\/2016-2\/15-02-16\/\"]}]},{\"@type\":\"BreadcrumbList\",\"@id\":\"https:\/\/dev.tg4.ie\/ga\/eolas\/preas\/nuacht-raitis\/2016-2\/15-02-16\/#breadcrumb\",\"itemListElement\":[{\"@type\":\"ListItem\",\"position\":1,\"name\":\"Home\",\"item\":\"https:\/\/dev.tg4.ie\/ga\/\"},{\"@type\":\"ListItem\",\"position\":2,\"name\":\"Eolas\",\"item\":\"https:\/\/dev.tg4.ie\/ga\/eolas\/\"},{\"@type\":\"ListItem\",\"position\":3,\"name\":\"Preas\",\"item\":\"https:\/\/dev.tg4.ie\/ga\/eolas\/preas\/\"},{\"@type\":\"ListItem\",\"position\":4,\"name\":\"Nuacht R\u00e1itis\",\"item\":\"https:\/\/dev.tg4.ie\/ga\/eolas\/preas\/nuacht-raitis\/\"},{\"@type\":\"ListItem\",\"position\":5,\"name\":\"2016\",\"item\":\"https:\/\/dev.tg4.ie\/ga\/eolas\/preas\/nuacht-raitis\/2016-2\/\"},{\"@type\":\"ListItem\",\"position\":6,\"name\":\"15.02.16\"}]},{\"@type\":\"WebSite\",\"@id\":\"https:\/\/dev.tg4.ie\/en\/#website\",\"url\":\"https:\/\/dev.tg4.ie\/en\/\",\"name\":\"TG4\",\"description\":\"S\u00fail Eile\",\"potentialAction\":[{\"@type\":\"SearchAction\",\"target\":{\"@type\":\"EntryPoint\",\"urlTemplate\":\"https:\/\/dev.tg4.ie\/en\/?s={search_term_string}\"},\"query-input\":\"required name=search_term_string\"}],\"inLanguage\":\"ga\"}]}<\/script>\n<!-- \/ Yoast SEO plugin. -->","yoast_head_json":{"title":"15.02.16 - TG4","robots":{"index":"index","follow":"follow","max-snippet":"max-snippet:-1","max-image-preview":"max-image-preview:large","max-video-preview":"max-video-preview:-1"},"og_locale":"en_US","og_type":"article","og_title":"15.02.16 - TG4","og_description":"Kenny, \u00d3 M\u00e1irt\u00edn, \u00d3 Dochartaigh agus \u00d3 R\u00edord\u00e1in Agallaimh aonair ar V\u00f3ta 2016, 7pm, C\u00e9adaoin, 17 Feabhra Cuirfear\u00a0 ceannair\u00ed agus ionadaithe sinsearacha na m\u00f3r-ph\u00e1irtithe faoi dhian-agallaimh aonair Ghaeilge\u00a0 i l\u00e1r na seachtaine ar chl\u00e1r speisialta agallamh ar TG4. Beidh ceannair\u00ed Fhine Gael,\u00a0 An Taoiseach, Enda Kenny agus Fhianna F\u00e1il, Miche\u00e1l \u00d3 M\u00e1irt\u00edn, orthu sin a [&hellip;]","og_url":"https:\/\/dev.tg4.ie\/ga\/eolas\/preas\/nuacht-raitis\/2016-2\/15-02-16\/","og_site_name":"TG4","article_publisher":"https:\/\/www.facebook.com\/TG4TV","article_modified_time":"2019-06-24T15:15:05+00:00","og_image":[{"width":1920,"height":1080,"url":"https:\/\/tg4-docs.s3.amazonaws.com\/wp-content\/uploads\/2024\/11\/18151812\/TG4_2024_corcra_teal_1-1920x1080-1.jpg","type":"image\/jpeg"}],"twitter_card":"summary_large_image","twitter_site":"@TG4TV","twitter_misc":{"Est. reading time":"2 minutes"},"schema":{"@context":"https:\/\/schema.org","@graph":[{"@type":"WebPage","@id":"https:\/\/dev.tg4.ie\/ga\/eolas\/preas\/nuacht-raitis\/2016-2\/15-02-16\/","url":"https:\/\/dev.tg4.ie\/ga\/eolas\/preas\/nuacht-raitis\/2016-2\/15-02-16\/","name":"15.02.16 - TG4","isPartOf":{"@id":"https:\/\/dev.tg4.ie\/en\/#website"},"datePublished":"2016-02-15T16:34:45+00:00","dateModified":"2019-06-24T15:15:05+00:00","breadcrumb":{"@id":"https:\/\/dev.tg4.ie\/ga\/eolas\/preas\/nuacht-raitis\/2016-2\/15-02-16\/#breadcrumb"},"inLanguage":"ga","potentialAction":[{"@type":"ReadAction","target":["https:\/\/dev.tg4.ie\/ga\/eolas\/preas\/nuacht-raitis\/2016-2\/15-02-16\/"]}]},{"@type":"BreadcrumbList","@id":"https:\/\/dev.tg4.ie\/ga\/eolas\/preas\/nuacht-raitis\/2016-2\/15-02-16\/#breadcrumb","itemListElement":[{"@type":"ListItem","position":1,"name":"Home","item":"https:\/\/dev.tg4.ie\/ga\/"},{"@type":"ListItem","position":2,"name":"Eolas","item":"https:\/\/dev.tg4.ie\/ga\/eolas\/"},{"@type":"ListItem","position":3,"name":"Preas","item":"https:\/\/dev.tg4.ie\/ga\/eolas\/preas\/"},{"@type":"ListItem","position":4,"name":"Nuacht R\u00e1itis","item":"https:\/\/dev.tg4.ie\/ga\/eolas\/preas\/nuacht-raitis\/"},{"@type":"ListItem","position":5,"name":"2016","item":"https:\/\/dev.tg4.ie\/ga\/eolas\/preas\/nuacht-raitis\/2016-2\/"},{"@type":"ListItem","position":6,"name":"15.02.16"}]},{"@type":"WebSite","@id":"https:\/\/dev.tg4.ie\/en\/#website","url":"https:\/\/dev.tg4.ie\/en\/","name":"TG4","description":"S\u00fail Eile","potentialAction":[{"@type":"SearchAction","target":{"@type":"EntryPoint","urlTemplate":"https:\/\/dev.tg4.ie\/en\/?s={search_term_string}"},"query-input":"required name=search_term_string"}],"inLanguage":"ga"}]}},"_links":{"self":[{"href":"https:\/\/dev.tg4.ie\/ga\/wp-json\/wp\/v2\/pages\/14077"}],"collection":[{"href":"https:\/\/dev.tg4.ie\/ga\/wp-json\/wp\/v2\/pages"}],"about":[{"href":"https:\/\/dev.tg4.ie\/ga\/wp-json\/wp\/v2\/types\/page"}],"author":[{"embeddable":true,"href":"https:\/\/dev.tg4.ie\/ga\/wp-json\/wp\/v2\/users\/876"}],"replies":[{"embeddable":true,"href":"https:\/\/dev.tg4.ie\/ga\/wp-json\/wp\/v2\/comments?post=14077"}],"version-history":[{"count":0,"href":"https:\/\/dev.tg4.ie\/ga\/wp-json\/wp\/v2\/pages\/14077\/revisions"}],"up":[{"embeddable":true,"href":"https:\/\/dev.tg4.ie\/ga\/wp-json\/wp\/v2\/pages\/6580"}],"wp:attachment":[{"href":"https:\/\/dev.tg4.ie\/ga\/wp-json\/wp\/v2\/media?parent=14077"}],"curies":[{"name":"wp","href":"https:\/\/api.w.org\/{rel}","templated":true}]}}