{"id":14122,"date":"2016-02-16T19:29:28","date_gmt":"2016-02-16T19:29:28","guid":{"rendered":"https:\/\/dev.tg4.ie\/corporate\/preas\/press-releases\/2016-2\/16-02-16\/"},"modified":"2019-06-24T16:15:38","modified_gmt":"2019-06-24T15:15:38","slug":"16-02-16","status":"publish","type":"page","link":"https:\/\/dev.tg4.ie\/ga\/eolas\/preas\/nuacht-raitis\/2016-2\/16-02-16\/","title":{"rendered":"16.02.16"},"content":{"rendered":"<h2>An Svae ag caip\u00edn\u00ed Healy-Rae i gCiarra\u00ed dar le Pobalbhreith nua Olltoghch\u00e1in<\/h2>\n<p>T\u00e1 an-seans ag Michael Healy-Rae a dhearth\u00e1ir Danny a thabhairt ar ais chun na D\u00e1la nua leis mar Theachta, de r\u00e9ir na dtortha\u00ed \u00f3 phobalbhreith nua a choimisi\u00fanaigh agus a chraol an cl\u00e1r <em>V\u00f3ta 2016 <\/em>\u00a0ar TG4 tr\u00e1thn\u00f3na.\u00a0\u00a0\u00a0 Tugann an pobalbhreith \u00fadar\u00e1sach seo, a rinne an comhlacht aitheanta Ipsos MRBI, le fios go bhfuil beagnach 40% de v\u00f3t\u00f3ir\u00ed an chontae ag tac\u00fa le dearth\u00e1ireacha na gcaip\u00edn\u00ed agus go bhfuil dh\u00e1 chu\u00f3ta ag Michael leis f\u00e9in.\u00a0 F\u00e1gfaidh sin iarrth\u00f3ir\u00ed aitheanta \u00f3 na m\u00f3r-ph\u00e1irtithe faoi bhr\u00fa damanta agus iad ar th\u00f3ir su\u00edoch\u00e1n D\u00e1la.<\/p>\n<p>&nbsp;<\/p>\n<p><strong>Taca\u00edocht na bP\u00e1irtithe i nD\u00e1ilcheantar Chiarra\u00ed<\/strong> (V\u00f3ta Uimhir 1)<\/p>\n<table>\n<tbody>\n<tr>\n<td width=\"40%\">Fine Gael<\/td>\n<td>27%<\/td>\n<\/tr>\n<tr>\n<td>Fianna F\u00e1il<\/td>\n<td>16%<\/td>\n<\/tr>\n<tr>\n<td>Sinn F\u00e9in<\/td>\n<td>7%<\/td>\n<\/tr>\n<tr>\n<td>Lucht Oibre<\/td>\n<td>8%<\/td>\n<\/tr>\n<tr>\n<td>P\u00e1irtithe Eile<\/td>\n<td>3%<\/td>\n<\/tr>\n<tr>\n<td>Neamhsple\u00e1igh<\/td>\n<td>39%<\/td>\n<\/tr>\n<\/tbody>\n<\/table>\n<p>&nbsp;<\/p>\n<p><strong>Taca\u00edocht na nIarrth\u00f3ir\u00ed<\/strong>\u00a0\u00a0 (V\u00f3ta Uimhir 1)<\/p>\n<table>\n<tbody>\n<tr>\n<td width=\"40%\">Michael Healy-Rae (NS)<\/td>\n<td>33%<\/td>\n<\/tr>\n<tr>\n<td>Jimmy Deenihan (FG)<\/td>\n<td>13%<\/td>\n<\/tr>\n<tr>\n<td>Brendan Griffin (FG)<\/td>\n<td>13%<\/td>\n<\/tr>\n<tr>\n<td>John Brassill (FF)<\/td>\n<td>11%<\/td>\n<\/tr>\n<tr>\n<td>Arthur Spring (LO)<\/td>\n<td>8%<\/td>\n<\/tr>\n<tr>\n<td>Martin Ferris (SF)<\/td>\n<td>7%<\/td>\n<\/tr>\n<tr>\n<td>Norma Moriarty (FF)<\/td>\n<td>6%<\/td>\n<\/tr>\n<tr>\n<td>Danny Healy-Rae (NS)<\/td>\n<td>4%<\/td>\n<\/tr>\n<tr>\n<td>Michael Fitzgerald (Glas)<\/td>\n<td>2%<\/td>\n<\/tr>\n<tr>\n<td>Grace O\u2019Donnell (FG)<\/td>\n<td>1%<\/td>\n<\/tr>\n<tr>\n<td>Michael O\u2019Gorman (NS)<\/td>\n<td>1%<\/td>\n<\/tr>\n<tr>\n<td>Donal Corcoran (RN)<\/td>\n<td>1%<\/td>\n<\/tr>\n<\/tbody>\n<\/table>\n<p>&nbsp;<\/p>\n<p><strong>Tr\u00e1chtaireacht;\u00a0\u00a0\u00a0\u00a0 <\/strong>Is D\u00e1ilcheantar nua \u00e9 seo, 5 shu\u00edoch\u00e1n agus is l\u00e9ir nach bhfuil an c\u00f3nascadh tar \u00e9is aon dochar a dh\u00e9anamh do thaca\u00edocht l\u00e1idir theaghlach Healy-Rae.\u00a0 T\u00e1 scair\u00a0 33% \u00a0de na v\u00f3t\u00f3ir\u00ed ag tac\u00fa le Michael agus 4% lena dhearth\u00e1ir Danny (a d\u2019fh\u00f3gair go raibh s\u00e9 ag seasamh mar iarrth\u00f3ir an l\u00e1 gur thosaigh an suirbh\u00e9 seo).\u00a0\u00a0\u00a0\u00a0\u00a0 T\u00e1 iarrth\u00f3ir\u00ed na m\u00f3r-ph\u00e1irithe go maith chun deiridh ar Mhicheal Healy-Rae &#8211;\u00a0 Jimmy Deenihan (FG 13%) agus \u00a0Brendan Griffin (FG 13%), John Brassil (FF) ar 11%, Arthur Spring (LO) ar 8% agus Martin Ferris (SF) ar 7%.<\/p>\n<p>Toghfar Michael Healy-Rae ar an gc\u00e9ad chomhaireamh agus cuirfidh an fu\u00edlleach v\u00f3ta\u00ed at\u00e1 aige a dhearth\u00e1ir Danny ard go maith ar a liosta ina dhiaidh sin, c\u00e9 nach bhfuil ag Danny ach taca\u00edocht 4% sa suirbh\u00e9 seo.\u00a0 F\u00e1gann sin go mbeidh seisear iarrth\u00f3ir\u00ed i ndian-ioma\u00edocht don cheithre shu\u00edoch\u00e1n eile. Beidh su\u00edoch\u00e1n amh\u00e1in ag FG agus seans maith aige ar an dara ceann mar go bhfuil an p\u00e1irt\u00ed gar go maith don d\u00e1 chu\u00f3ta agus beidh v\u00f3ta\u00ed aistrithe ar f\u00e1il d\u00f3 \u00f3 Arthur Spring an Lucht Oibre m\u00e1 cuirtear fear Thr\u00e1 L\u00ed as an ioma\u00edocht.\u00a0 Go deimhin b\u2019fh\u00e9idir go rachadh roinnt v\u00f3ta\u00ed \u00f3 Mhicheal-Healy Rae chun tairbhe do FG freisin sa gcomhaireamh do na su\u00edoch\u00e1in sin.<\/p>\n<p>Beidh John Brassill (FF 11%) gar go maith do shu\u00edoch\u00e1n mar go bhfuil s\u00e9 cuid mhaith chun tosaigh ar a chomhghleaca\u00ed Norma Moriarty (6%) c\u00e9 go bhf\u00e9adfadh cuid d\u00e1 v\u00f3ta\u00ed si\u00fad dul chuig Healy-Rae freisin.\u00a0 Gheobhaidh Danny Healy-Rae go leor v\u00f3ta\u00ed aistrithe \u00f3na dhearth\u00e1ir agus m\u00e1 chuireann seo chun tosaigh \u00e9 ar Spring agus Ferris, d\u2019fh\u00e9adfadh duine acu sin (n\u00f3 an bheirt acu) a bheith i dtriobl\u00f3id.\u00a0\u00a0\u00a0 T\u00e1 obair go leor le d\u00e9anamh f\u00f3s, neart ama roimh l\u00e1 na v\u00f3t\u00e1la agus an l\u00e1mh\u00e1il earr\u00e1ide le meabhr\u00fa freisin.<\/p>\n<p>Sa mbreis ar cheisteanna faoina v\u00f3ta\u00ed, chuir Ipsos MRBI ceist ar na v\u00f3t\u00f3ir\u00ed i gCiarra\u00ed faoi na nithe is m\u00f3 at\u00e1 ag d\u00e9anamh buartha d\u00f3ibh.\u00a0 L\u00e9irigh na freagra\u00ed go bhfuil\u00a0 <strong>C\u00farsa\u00ed Sl\u00e1inte, Fosta\u00edocht, Coiri\u00falacht, Imirce <\/strong>agus<strong> Leathanbhanda<\/strong> ar na ceisteanna is pr\u00e1inn\u00ed do phobal Chiarra\u00ed.\u00a0 (Sonra\u00ed ar an leathanach th\u00edos).<\/p>\n<p><strong>N\u00f3ta d\u2019eagarth\u00f3ir\u00ed<\/strong>:\u00a0\u00a0\u00a0 Is \u00e9 seo an dara ceann de shraith 3 phobalbhreith at\u00e1 coimisi\u00fanaithe ag TG4 do Dh\u00e1ilcheantair ar ch\u00f3sta an Iarthair.\u00a0\u00a0\u00a0 An tseachtain seo chugainn ar <em>V\u00f3ta 2016<\/em>\u00a0 ( 7pm M\u00e1irt 23 Feabhra) craolfar na tortha\u00ed phobalbhreith nua MRBI ar Dh\u00e1ilcheantar na Gaillimhe Thiar).<\/p>\n<p>T\u00e1 <strong>Se\u00e1n Mac a\u2019 tS\u00edthigh<\/strong>, comhfhreagra\u00ed <em>V\u00f3ta 2016<\/em> i gCiarra\u00ed, ar f\u00e1il d\u2019agallaimh ar an bpobalbhreith nua seo sa D\u00e1ilcheantar ar 087-7737673.<br \/>\nTeagmh\u00e1il: Linda N\u00ed Ghr\u00edofa 091 505228\u00a0\u00a0 <a href=\"mailto:linda.ni.ghriofa@dev.tg4.ie\">linda.ni.ghriofa@dev.tg4.ie<\/a><\/p>\n<p>&nbsp;<\/p>\n<p><sup>(N\u00f3ta ar mhodheola\u00edocht na phobailbhreithe:\u00a0\u00a0\u00a0 Sampla 500 duine\u00a0 (18+ bliain) a bh\u00ed ag an bpobalbhreith seo a rinne an comhlacht Ipsos MRBI do TG4.\u00a0\u00a0 Rinneadh na hagallaimh D\u00e9ardaoin 11 agus Aoine 12 Feabhra i suirbh\u00e9 at\u00e1 de r\u00e9ir na dtreoirl\u00ednte at\u00e1 leagtha s\u00edos ag an Marketing Society of Ireland agus ESOMAR.\u00a0 Rinneadh na hagallaimh le\u00a0 CATI [Computer Aided Telephone Interviewing]. Roghna\u00edodh na rannph\u00e1irithe \u00f3 bhunachar sonra\u00ed comhdh\u00e9anta d\u2019uimhreacha tal\u00fan agus soghluaiste, bunachar a crutha\u00edodh le Diall\u00fa Randamach Digiteach (Random Digit Dialling).\u00a0\u00a0 B\u00edonn l\u00e1mh\u00e1il earr\u00e1ide m\u00f3ide\/l\u00faide 4%\u00a0 i gceiste le suirbh\u00ed bunaithe ar shampla 500 duines).<\/sup><\/p>\n<p>&nbsp;<\/p>\n<h2>\u00c1bhair Buartha do V\u00f3t\u00f3ir\u00ed Chiarra\u00ed<\/h2>\n<p>Agus an suirbh\u00e9 ar bun, ceist\u00edodh v\u00f3t\u00f3ir\u00ed Chiarra\u00ed faoi liosta nithe a tugadh d\u00f3ibh \u2013 \u00e1bhair at\u00e1 luaite sa bhfeachtas n\u00e1isi\u00fanta Olltoghch\u00e1in. L\u00e9adh r\u00e1iteas agus ceist ina dhiaidh amach d\u00f3ibh:<\/p>\n<p><strong>List of Issues:<br \/>\n<em>Ceist:\u00a0<\/em><\/strong><em> \u00d3n liosta \u00e1bhar seo, an dtig leat a r\u00e1 liom an bhfuil siad t\u00e1bhachtach, cine\u00e1l t\u00e1bhachtach n\u00f3 an-t\u00e1bhactach duit?<\/em><\/p>\n<p><strong>M\u00f3rcheisteanna \u2013 % a d\u2019fhreagair \u2018an-t\u00e1bhachtach\u2019<\/strong><\/p>\n<p>Seirbh\u00eds\u00ed Sl\u00e1inte &#8211; 87%\u00a0\u00a0\u00a0 (92% de mhn\u00e1)<br \/>\nFosta\u00edocht\/Postanna &#8211; 84%\u00a0\u00a0\u00a0 (88% for 35-44 bl.)<br \/>\nCoiri\u00falacht &#8211;\u00a064%\u00a0\u00a0\u00a0 (75% for 65+ bl.)<br \/>\nLeathanbhanda\u00a0&#8211;\u00a063%\u00a0\u00a0\u00a0 (69% for 35-54 bl.)<br \/>\nC\u00e1nachas &#8211;\u00a060%\u00a0\u00a0\u00a0 (68% for 45-54 bl.)<\/p>\n<p><strong>C\u00farsa\u00ed leathanbhanda<br \/>\n<em>Ceist:<\/em><\/strong><em> An bhfuil t\u00fa s\u00e1sta leis an gcaighde\u00e1n leathanbhanda i do cheantar?<\/em><\/p>\n<p>M\u00edsh\u00e1sta &#8211; 39% (50% den aoisghr\u00fapa 45-54 bl.)<br \/>\nAn-mh\u00edsh\u00e1sta &#8211; 25% (33% den aoisghr\u00fapa 45-54 bl.)<\/p>\n<p><strong>C\u00farsa\u00ed imirce<br \/>\n<\/strong><em><strong>Ceist:<\/strong>\u00a0B\u2019\u00e9igin do mh\u00f3r\u00e1n dul ar imirce nuair a tharla an c\u00fal\u00fa eacnama\u00edochta. An bhfuil an staid eacnama\u00edoch i gCiarra\u00ed tagtha chucu f\u00e9in, dar leat, le gur f\u00e9idir leo sin filleadh abhaile?<\/em><\/p>\n<p>T\u00e1 &#8211; 11%\u00a0\u00a0\u00a0 (20% den aoisghr\u00fapa 18-34 bl.)<br \/>\nN\u00edl &#8211; 87% (92% den aoisghr\u00fapa 35-54 bl)<\/p>\n<p><strong>Coiri\u00falacht<br \/>\n<\/strong><em><strong>Ceist:<\/strong>\u00a0 Ar athraigh l\u00e1ithreacht na nGarda\u00ed i do cheantar le c\u00fapla bliain anuas agus m\u00e1 d\u2019athraigh, ar chuir sin isteach ar ch\u00farsa\u00ed sl\u00e1nd\u00e1la agus s\u00e1bh\u00e1ilteachta i do cheantar?<\/em><\/p>\n<p>D\u00fairt 64% go raibh laghd\u00fa sa tseirbh\u00eds ina gceantar f\u00e9in le c\u00fapla bliain anuas.<br \/>\nD\u00fairt 75% go raibh drochthionchar ag an laghd\u00fa seo ar ch\u00farsa\u00ed s\u00e1bh\u00e1ilteachta (bunaithe ar dhaoine ag r\u00e1 go raibh laghduithe ann)<\/p>\n<ul>\n<li>39% den aoisghr\u00fapa 18-24 bl.<\/li>\n<li>86% den aoisghr\u00fapa 45-54 bl.<\/li>\n<\/ul>\n","protected":false},"excerpt":{"rendered":"<p>An Svae ag caip\u00edn\u00ed Healy-Rae i gCiarra\u00ed dar le Pobalbhreith nua Olltoghch\u00e1in T\u00e1 an-seans ag Michael Healy-Rae a dhearth\u00e1ir Danny a thabhairt ar ais chun na D\u00e1la nua leis mar Theachta, de r\u00e9ir na dtortha\u00ed \u00f3 phobalbhreith nua a choimisi\u00fanaigh agus a chraol an cl\u00e1r V\u00f3ta 2016 \u00a0ar TG4 tr\u00e1thn\u00f3na.\u00a0\u00a0\u00a0 Tugann an pobalbhreith \u00fadar\u00e1sach seo, [&hellip;]<\/p>\n","protected":false},"author":876,"featured_media":0,"parent":6580,"menu_order":6,"comment_status":"closed","ping_status":"closed","template":"page-templates\/template-pr.php","meta":{"_acf_changed":false,"footnotes":""},"acf":[],"yoast_head":"<!-- This site is optimized with the Yoast SEO plugin v22.6 - https:\/\/yoast.com\/wordpress\/plugins\/seo\/ -->\n<title>16.02.16 - TG4<\/title>\n<meta name=\"robots\" content=\"index, follow, max-snippet:-1, max-image-preview:large, max-video-preview:-1\" \/>\n<meta property=\"og:locale\" content=\"en_US\" \/>\n<meta property=\"og:type\" content=\"article\" \/>\n<meta property=\"og:title\" content=\"16.02.16 - TG4\" \/>\n<meta property=\"og:description\" content=\"An Svae ag caip\u00edn\u00ed Healy-Rae i gCiarra\u00ed dar le Pobalbhreith nua Olltoghch\u00e1in T\u00e1 an-seans ag Michael Healy-Rae a dhearth\u00e1ir Danny a thabhairt ar ais chun na D\u00e1la nua leis mar Theachta, de r\u00e9ir na dtortha\u00ed \u00f3 phobalbhreith nua a choimisi\u00fanaigh agus a chraol an cl\u00e1r V\u00f3ta 2016 \u00a0ar TG4 tr\u00e1thn\u00f3na.\u00a0\u00a0\u00a0 Tugann an pobalbhreith \u00fadar\u00e1sach seo, [&hellip;]\" \/>\n<meta property=\"og:url\" content=\"https:\/\/dev.tg4.ie\/ga\/eolas\/preas\/nuacht-raitis\/2016-2\/16-02-16\/\" \/>\n<meta property=\"og:site_name\" content=\"TG4\" \/>\n<meta property=\"article:publisher\" content=\"https:\/\/www.facebook.com\/TG4TV\" \/>\n<meta property=\"article:modified_time\" content=\"2019-06-24T15:15:38+00:00\" \/>\n<meta property=\"og:image\" content=\"https:\/\/tg4-docs.s3.amazonaws.com\/wp-content\/uploads\/2024\/11\/18151812\/TG4_2024_corcra_teal_1-1920x1080-1.jpg\" \/>\n\t<meta property=\"og:image:width\" content=\"1920\" \/>\n\t<meta property=\"og:image:height\" content=\"1080\" \/>\n\t<meta property=\"og:image:type\" content=\"image\/jpeg\" \/>\n<meta name=\"twitter:card\" content=\"summary_large_image\" \/>\n<meta name=\"twitter:site\" content=\"@TG4TV\" \/>\n<meta name=\"twitter:label1\" content=\"Est. reading time\" \/>\n\t<meta name=\"twitter:data1\" content=\"5 minutes\" \/>\n<script type=\"application\/ld+json\" class=\"yoast-schema-graph\">{\"@context\":\"https:\/\/schema.org\",\"@graph\":[{\"@type\":\"WebPage\",\"@id\":\"https:\/\/dev.tg4.ie\/ga\/eolas\/preas\/nuacht-raitis\/2016-2\/16-02-16\/\",\"url\":\"https:\/\/dev.tg4.ie\/ga\/eolas\/preas\/nuacht-raitis\/2016-2\/16-02-16\/\",\"name\":\"16.02.16 - TG4\",\"isPartOf\":{\"@id\":\"https:\/\/dev.tg4.ie\/en\/#website\"},\"datePublished\":\"2016-02-16T19:29:28+00:00\",\"dateModified\":\"2019-06-24T15:15:38+00:00\",\"breadcrumb\":{\"@id\":\"https:\/\/dev.tg4.ie\/ga\/eolas\/preas\/nuacht-raitis\/2016-2\/16-02-16\/#breadcrumb\"},\"inLanguage\":\"ga\",\"potentialAction\":[{\"@type\":\"ReadAction\",\"target\":[\"https:\/\/dev.tg4.ie\/ga\/eolas\/preas\/nuacht-raitis\/2016-2\/16-02-16\/\"]}]},{\"@type\":\"BreadcrumbList\",\"@id\":\"https:\/\/dev.tg4.ie\/ga\/eolas\/preas\/nuacht-raitis\/2016-2\/16-02-16\/#breadcrumb\",\"itemListElement\":[{\"@type\":\"ListItem\",\"position\":1,\"name\":\"Home\",\"item\":\"https:\/\/dev.tg4.ie\/ga\/\"},{\"@type\":\"ListItem\",\"position\":2,\"name\":\"Eolas\",\"item\":\"https:\/\/dev.tg4.ie\/ga\/eolas\/\"},{\"@type\":\"ListItem\",\"position\":3,\"name\":\"Preas\",\"item\":\"https:\/\/dev.tg4.ie\/ga\/eolas\/preas\/\"},{\"@type\":\"ListItem\",\"position\":4,\"name\":\"Nuacht R\u00e1itis\",\"item\":\"https:\/\/dev.tg4.ie\/ga\/eolas\/preas\/nuacht-raitis\/\"},{\"@type\":\"ListItem\",\"position\":5,\"name\":\"2016\",\"item\":\"https:\/\/dev.tg4.ie\/ga\/eolas\/preas\/nuacht-raitis\/2016-2\/\"},{\"@type\":\"ListItem\",\"position\":6,\"name\":\"16.02.16\"}]},{\"@type\":\"WebSite\",\"@id\":\"https:\/\/dev.tg4.ie\/en\/#website\",\"url\":\"https:\/\/dev.tg4.ie\/en\/\",\"name\":\"TG4\",\"description\":\"S\u00fail Eile\",\"potentialAction\":[{\"@type\":\"SearchAction\",\"target\":{\"@type\":\"EntryPoint\",\"urlTemplate\":\"https:\/\/dev.tg4.ie\/en\/?s={search_term_string}\"},\"query-input\":\"required name=search_term_string\"}],\"inLanguage\":\"ga\"}]}<\/script>\n<!-- \/ Yoast SEO plugin. -->","yoast_head_json":{"title":"16.02.16 - TG4","robots":{"index":"index","follow":"follow","max-snippet":"max-snippet:-1","max-image-preview":"max-image-preview:large","max-video-preview":"max-video-preview:-1"},"og_locale":"en_US","og_type":"article","og_title":"16.02.16 - TG4","og_description":"An Svae ag caip\u00edn\u00ed Healy-Rae i gCiarra\u00ed dar le Pobalbhreith nua Olltoghch\u00e1in T\u00e1 an-seans ag Michael Healy-Rae a dhearth\u00e1ir Danny a thabhairt ar ais chun na D\u00e1la nua leis mar Theachta, de r\u00e9ir na dtortha\u00ed \u00f3 phobalbhreith nua a choimisi\u00fanaigh agus a chraol an cl\u00e1r V\u00f3ta 2016 \u00a0ar TG4 tr\u00e1thn\u00f3na.\u00a0\u00a0\u00a0 Tugann an pobalbhreith \u00fadar\u00e1sach seo, [&hellip;]","og_url":"https:\/\/dev.tg4.ie\/ga\/eolas\/preas\/nuacht-raitis\/2016-2\/16-02-16\/","og_site_name":"TG4","article_publisher":"https:\/\/www.facebook.com\/TG4TV","article_modified_time":"2019-06-24T15:15:38+00:00","og_image":[{"width":1920,"height":1080,"url":"https:\/\/tg4-docs.s3.amazonaws.com\/wp-content\/uploads\/2024\/11\/18151812\/TG4_2024_corcra_teal_1-1920x1080-1.jpg","type":"image\/jpeg"}],"twitter_card":"summary_large_image","twitter_site":"@TG4TV","twitter_misc":{"Est. reading time":"5 minutes"},"schema":{"@context":"https:\/\/schema.org","@graph":[{"@type":"WebPage","@id":"https:\/\/dev.tg4.ie\/ga\/eolas\/preas\/nuacht-raitis\/2016-2\/16-02-16\/","url":"https:\/\/dev.tg4.ie\/ga\/eolas\/preas\/nuacht-raitis\/2016-2\/16-02-16\/","name":"16.02.16 - TG4","isPartOf":{"@id":"https:\/\/dev.tg4.ie\/en\/#website"},"datePublished":"2016-02-16T19:29:28+00:00","dateModified":"2019-06-24T15:15:38+00:00","breadcrumb":{"@id":"https:\/\/dev.tg4.ie\/ga\/eolas\/preas\/nuacht-raitis\/2016-2\/16-02-16\/#breadcrumb"},"inLanguage":"ga","potentialAction":[{"@type":"ReadAction","target":["https:\/\/dev.tg4.ie\/ga\/eolas\/preas\/nuacht-raitis\/2016-2\/16-02-16\/"]}]},{"@type":"BreadcrumbList","@id":"https:\/\/dev.tg4.ie\/ga\/eolas\/preas\/nuacht-raitis\/2016-2\/16-02-16\/#breadcrumb","itemListElement":[{"@type":"ListItem","position":1,"name":"Home","item":"https:\/\/dev.tg4.ie\/ga\/"},{"@type":"ListItem","position":2,"name":"Eolas","item":"https:\/\/dev.tg4.ie\/ga\/eolas\/"},{"@type":"ListItem","position":3,"name":"Preas","item":"https:\/\/dev.tg4.ie\/ga\/eolas\/preas\/"},{"@type":"ListItem","position":4,"name":"Nuacht R\u00e1itis","item":"https:\/\/dev.tg4.ie\/ga\/eolas\/preas\/nuacht-raitis\/"},{"@type":"ListItem","position":5,"name":"2016","item":"https:\/\/dev.tg4.ie\/ga\/eolas\/preas\/nuacht-raitis\/2016-2\/"},{"@type":"ListItem","position":6,"name":"16.02.16"}]},{"@type":"WebSite","@id":"https:\/\/dev.tg4.ie\/en\/#website","url":"https:\/\/dev.tg4.ie\/en\/","name":"TG4","description":"S\u00fail Eile","potentialAction":[{"@type":"SearchAction","target":{"@type":"EntryPoint","urlTemplate":"https:\/\/dev.tg4.ie\/en\/?s={search_term_string}"},"query-input":"required name=search_term_string"}],"inLanguage":"ga"}]}},"_links":{"self":[{"href":"https:\/\/dev.tg4.ie\/ga\/wp-json\/wp\/v2\/pages\/14122"}],"collection":[{"href":"https:\/\/dev.tg4.ie\/ga\/wp-json\/wp\/v2\/pages"}],"about":[{"href":"https:\/\/dev.tg4.ie\/ga\/wp-json\/wp\/v2\/types\/page"}],"author":[{"embeddable":true,"href":"https:\/\/dev.tg4.ie\/ga\/wp-json\/wp\/v2\/users\/876"}],"replies":[{"embeddable":true,"href":"https:\/\/dev.tg4.ie\/ga\/wp-json\/wp\/v2\/comments?post=14122"}],"version-history":[{"count":0,"href":"https:\/\/dev.tg4.ie\/ga\/wp-json\/wp\/v2\/pages\/14122\/revisions"}],"up":[{"embeddable":true,"href":"https:\/\/dev.tg4.ie\/ga\/wp-json\/wp\/v2\/pages\/6580"}],"wp:attachment":[{"href":"https:\/\/dev.tg4.ie\/ga\/wp-json\/wp\/v2\/media?parent=14122"}],"curies":[{"name":"wp","href":"https:\/\/api.w.org\/{rel}","templated":true}]}}