{"id":141458,"date":"2022-02-22T12:39:05","date_gmt":"2022-02-22T12:39:05","guid":{"rendered":"https:\/\/dev.tg4.ie\/?page_id=141458"},"modified":"2022-02-22T12:40:07","modified_gmt":"2022-02-22T12:40:07","slug":"deich-nainmniuchan-don-scannan-gaeilge-an-cailin-ciuin-ag-gradaim-ifta-2022","status":"publish","type":"page","link":"https:\/\/dev.tg4.ie\/ga\/eolas\/preas\/nuacht-raitis\/2022-2\/deich-nainmniuchan-don-scannan-gaeilge-an-cailin-ciuin-ag-gradaim-ifta-2022\/","title":{"rendered":"Deich nAinmni\u00fach\u00e1n don scann\u00e1n Gaeilge &#8216;An Cail\u00edn Ci\u00fain&#8217; ag Gradaim IFTA 2022"},"content":{"rendered":"<p><a href=\"https:\/\/tg4-docs.s3.amazonaws.com\/tg4-redesign-2015\/wp-content\/uploads\/2022\/02\/Cailin_Ciuin-Foscadh-Doineann_1_1920x1080.jpg\"><img loading=\"lazy\" decoding=\"async\" width=\"1920\" height=\"1080\" src=\"https:\/\/tg4-docs.s3.amazonaws.com\/tg4-redesign-2015\/wp-content\/uploads\/2022\/02\/Cailin_Ciuin-Foscadh-Doineann_1_1920x1080.jpg\" alt=\"\" class=\"aligncenter size-full wp-image-141465\" srcset=\"https:\/\/tg4-docs.s3.amazonaws.com\/tg4-redesign-2015\/wp-content\/uploads\/2022\/02\/Cailin_Ciuin-Foscadh-Doineann_1_1920x1080.jpg 1920w, https:\/\/tg4-docs.s3.amazonaws.com\/tg4-redesign-2015\/wp-content\/uploads\/2022\/02\/Cailin_Ciuin-Foscadh-Doineann_1_1920x1080-250x141.jpg 250w, https:\/\/tg4-docs.s3.amazonaws.com\/tg4-redesign-2015\/wp-content\/uploads\/2022\/02\/Cailin_Ciuin-Foscadh-Doineann_1_1920x1080-700x394.jpg 700w, https:\/\/tg4-docs.s3.amazonaws.com\/tg4-redesign-2015\/wp-content\/uploads\/2022\/02\/Cailin_Ciuin-Foscadh-Doineann_1_1920x1080-252x141.jpg 252w, https:\/\/tg4-docs.s3.amazonaws.com\/tg4-redesign-2015\/wp-content\/uploads\/2022\/02\/Cailin_Ciuin-Foscadh-Doineann_1_1920x1080-1536x864.jpg 1536w, https:\/\/tg4-docs.s3.amazonaws.com\/tg4-redesign-2015\/wp-content\/uploads\/2022\/02\/Cailin_Ciuin-Foscadh-Doineann_1_1920x1080-120x68.jpg 120w\" sizes=\"(max-width: 1920px) 100vw, 1920px\" \/><\/a><br \/>\n&nbsp;<br \/>\nT\u00e1 tr\u00ed ainmni\u00fach\u00e1n d\u00e9ag do Ghradaim IFTA 2022 faighte ag scann\u00e1in at\u00e1 maoinithe ag TG4. F\u00f3gra\u00edodh na hainmni\u00fach\u00e1in inniu.<br \/>\n&nbsp;<br \/>\nDeich n-ainmni\u00fach\u00e1n at\u00e1 luaite do <strong>An Cail\u00edn Ci\u00fain<\/strong> agus t\u00e1 dh\u00e1 ainmni\u00fach\u00e1n ag <strong>Foscadh<\/strong> agus ainmni\u00fach\u00e1n amh\u00e1in ag <strong>Doineann<\/strong>.<br \/>\n&nbsp;<br \/>\nScann\u00e1in <strong>Cine4<\/strong> iad <strong>An Cail\u00edn Ci\u00fain<\/strong> agus <strong>Foscadh<\/strong> tionscnamh idir TG4, F\u00eds \u00c9ireann agus an BAI, chun fadscann\u00e1in \u00farnua Ghaeilge a fhorbairt. Is scann\u00e1n \u00e9 <strong>Doineann<\/strong> \u00f3n sc\u00e9im Geal\u00e1n arna mhaoini\u00fa ag TG4, BBC Gaeilge agus Ciste Craolt\u00f3ireachta Gaeilge Sc\u00e1ile\u00e1n Thuaisceart \u00c9ireann.<br \/>\n&nbsp; <\/p>\n<p>Ins\u00edonn <strong>An Cail\u00edn Ci\u00fain<\/strong> sc\u00e9al Ch\u00e1it (Catherine Clinch), cail\u00edn naoi mbliana d\u2019aois \u00f3 theaghlach at\u00e1 r\u00f3phl\u00f3daithe, m\u00edfheidhmi\u00fail agus a chuirtear ar shi\u00fal chun c\u00f3na\u00ed le tuismitheoir\u00ed altrama don samhradh. D\u2019ainneoin f\u00e1ilte chro\u00ed\u00fail \u00f3n bhean, Eibhl\u00edn (Carrie Crowley), d\u2019fhan fear an t\u00ed, Se\u00e1n (Andrew Bennett) amach \u00f3 Ch\u00e1it, agus \u00edse uaidhsean, ach le himeacht ama thosaigh cairdeas ag neart\u00fa eatarthu. Go mall, faoi ch\u00faram na gCinsealach, bl\u00e1tha\u00edonn C\u00e1it agus aims\u00edonn s\u00ed sl\u00ed \u00far beatha. Ach sa teach seo n\u00e1r ch\u00f3ir aon r\u00fain a bheith ann, tagann s\u00ed ar aon fh\u00edrinne phianmhar amh\u00e1in. T\u00e1 an scann\u00e1n ainmnithe do deich ghradam IFTA, An Scann\u00e1n is Fearr, an Ban-Aisteoir is Fearr do Chatherine Clinch agus An Ban-Aisteoir T\u00e1naisteach is Fearr do Charrie Crowley ina measc.<br \/>\nT\u00e1 An Cail\u00edn Ci\u00fain bunaithe ar an ghearrsc\u00e9al ardmholta <em>Foster<\/em> le Claire Keegan, agus dr\u00e1ma casta, cigilteach is ea \u00e9 faoi theacht in aois a dh\u00e9anann ini\u00fachadh ar cheisteanna teaghlaigh, neamairt agus cumha tr\u00ed sh\u00faile a phr\u00edomhcharachtair \u00f3ig.<br \/>\n&nbsp;<\/p>\n<p>Taispe\u00e1nadh An Cail\u00edn Ci\u00fain den ch\u00e9ad uair F\u00e9ile Scann\u00e1n Idirn\u00e1isi\u00fanta Bheirl\u00edn Berlinale an mh\u00ed seo agus bhain s\u00e9 Duais an Grand Prix of the Generation 14plus International Jury don Scann\u00e1n Is Fearr amach. Oscl\u00f3idh An Cail\u00edn Ci\u00fain F\u00e9ile Scann\u00e1n Idirn\u00e1isi\u00fanta Bhaile \u00c1tha Cliath Virgin Media tr\u00e1thn\u00f3na am\u00e1rach. Beidh an scann\u00e1n \u00e1 thaispe\u00e1int ag F\u00e9ile Scann\u00e1n Ghlasch\u00fa an mh\u00ed seo chugainn. T\u00e1 ard-mholadh tugtha ag l\u00e9irmheast\u00f3ir\u00ed don scann\u00e1n go dt\u00ed seo. Is \u00e9 seo an ceathr\u00fa scann\u00e1n a chuir Cine4 i l\u00e1thair, i ndiaidh <strong>Finky<\/strong> (2019), <strong>Arracht<\/strong> (2020) agus <strong>Foscadh<\/strong> (2021).<br \/>\n&nbsp;<\/p>\n<p>Beidh an scann\u00e1n <strong>Foscadh<\/strong> le feice\u00e1il i bpicti\u00farlanna ar fud na t\u00edre ar an gc\u00e9ad l\u00e1 de Seachtain na Gaeilge ar an an 1\u00fa M\u00e1rta agus i roinnt picti\u00farlanna \u00f3n 11\u00fa M\u00e1rta. Magamedia a l\u00e9irigh an scann\u00e1n agus t\u00e1 s\u00e9 bunaithe ar an leabhar <em>The Thing About December<\/em> le Donal Ryan.  Suite i sl\u00e9ibhte f\u00edor\u00e1ille fi\u00e1ine Chonamara Thuaidh, is sc\u00e9al \u00e9 <strong>Foscadh<\/strong> a bhaineann le teacht in aois a raibh moill air, agus is cinnte go mbeidh an lucht f\u00e9achana uilig taobh thiar den laoch m\u00ed-\u00e1mharach mar a nglacann s\u00e9 a ch\u00e9ad ch\u00e9imeanna faiteacha thar thairseach na haosachta. Ainmn\u00edodh D\u00f3nall \u00d3 H\u00e9ala\u00ed don Aisteoir is Fearr agus Cillian \u00d3 Gairbh\u00ed don Aisteoir T\u00e1naisteach is fearr.  <a href=\"https:\/\/youtu.be\/eWkA2BgjaLU\" rel=\"noopener\" target=\"_blank\">https:\/\/youtu.be\/eWkA2BgjaLU<\/a><br \/>\n&nbsp;<\/p>\n<p>Ainmni\u00fach\u00e1n amh\u00e1in at\u00e1 ag <strong>Doineann<\/strong>, don Aisteoir is Fearr do Peter Coonan   Sc\u00e9al \u00e9 faoi bhean agus a mac beag a th\u00e9ann ar iarraidh ar oile\u00e1n iarg\u00falta in \u00c9irinn. Caithfidh a fear c\u00e9ile Tom\u00e1s (Peter Coonan) a muin\u00edn a chur i ngarda an oile\u00e1in at\u00e1 \u00e9irithe as. Doubleband Films a l\u00e9irigh Doineann agus is \u00e9 an ch\u00e9ad scann\u00e1n \u00f3 Damian McCann agus an script scr\u00edofa ag Aislinn Clarke.  <a href=\"https:\/\/youtu.be\/bEvKxjkEkIg\" rel=\"noopener\" target=\"_blank\">https:\/\/youtu.be\/bEvKxjkEkIg <\/a><br \/>\n&nbsp;<\/p>\n<p>Rinne <strong>Ard-Sti\u00farth\u00f3ir TG4, Alan Esslemont<\/strong>, comhghairdeas leis na l\u00e9iritheoir\u00ed agus d\u00fairt, <em>&#8220;Comhghairdeas \u00f3 chro\u00ed ar\u00eds le foireann Insc\u00e9al; Cleona N\u00ed Chrualaoi agus Colm Bair\u00e9ad agus leis an bhfoireann ar fad a l\u00e9irigh \u2018An Cail\u00edn Ci\u00fain\u2019.  Is aitheantas \u00e9 an deich n-ainmni\u00fach\u00e1n seo as an gcaighde\u00e1n at\u00e1 sa scann\u00e1n idir aisteoireacht, agus scann\u00e1na\u00edocht.   D\u00e9anaim comhghairdeas freisin le Magamedia as an d\u00e1 ainmni\u00fach\u00e1n do Foscadh agus le Doubleband Films don ainmni\u00fach\u00e1n do Doineann.  Beidh scann\u00e1in Ghaeilge d&#8217;ardchaighde\u00e1n le feice\u00e1il i bpicti\u00farlanna agus ag f\u00e9ilte scann\u00e1in go rialta in 2022 agus is iontach an rud \u00e9 go bhfuil TG4 agus CINE4 l\u00e1rnach san earn\u00e1il scann\u00e1na\u00edochta in \u00c9irinn agus go hidirn\u00e1isi\u00fanta.&#8221;<\/em><br \/>\n&nbsp;<\/p>\n<p>T\u00e1 an liosta ainmni\u00fach\u00e1in ar f\u00e1il anseo: <a href=\"https:\/\/www.ifta.ie\/awards\/nominees_2022\/\" rel=\"noopener\" target=\"_blank\">https:\/\/www.ifta.ie\/awards\/nominees_2022\/<\/a><\/p>\n<p>&nbsp;<br \/>\n&nbsp;<\/p>\n","protected":false},"excerpt":{"rendered":"<p>&nbsp; T\u00e1 tr\u00ed ainmni\u00fach\u00e1n d\u00e9ag do Ghradaim IFTA 2022 faighte ag scann\u00e1in at\u00e1 maoinithe ag TG4. F\u00f3gra\u00edodh na hainmni\u00fach\u00e1in inniu. &nbsp; Deich n-ainmni\u00fach\u00e1n at\u00e1 luaite do An Cail\u00edn Ci\u00fain agus t\u00e1 dh\u00e1 ainmni\u00fach\u00e1n ag Foscadh agus ainmni\u00fach\u00e1n amh\u00e1in ag Doineann. &nbsp; Scann\u00e1in Cine4 iad An Cail\u00edn Ci\u00fain agus Foscadh tionscnamh idir TG4, F\u00eds \u00c9ireann agus [&hellip;]<\/p>\n","protected":false},"author":876,"featured_media":0,"parent":138171,"menu_order":7,"comment_status":"closed","ping_status":"closed","template":"page-templates\/template-pr.php","meta":{"_acf_changed":false,"footnotes":""},"acf":[],"yoast_head":"<!-- This site is optimized with the Yoast SEO plugin v22.6 - https:\/\/yoast.com\/wordpress\/plugins\/seo\/ -->\n<title>Deich nAinmni\u00fach\u00e1n don scann\u00e1n Gaeilge &#039;An Cail\u00edn Ci\u00fain&#039; ag Gradaim IFTA 2022 | Preas R\u00e1iteas | TG4<\/title>\n<meta name=\"description\" content=\"T\u00e1 tr\u00ed ainmni\u00fach\u00e1n d\u00e9ag do Ghradaim IFTA 2022 faighte ag scann\u00e1in at\u00e1 maoinithe ag TG4. F\u00f3gra\u00edodh na hainmni\u00fach\u00e1in inniu. Deich n-ainmni\u00fach\u00e1n at\u00e1 luaite do An Cail\u00edn Ci\u00fain agus t\u00e1 dh\u00e1 ainmni\u00fach\u00e1n ag Foscadh agus ainmni\u00fach\u00e1n amh\u00e1in ag Doineann.\" \/>\n<meta name=\"robots\" content=\"index, follow, max-snippet:-1, max-image-preview:large, max-video-preview:-1\" \/>\n<meta property=\"og:locale\" content=\"en_US\" \/>\n<meta property=\"og:type\" content=\"article\" \/>\n<meta property=\"og:title\" content=\"Deich nAinmni\u00fach\u00e1n don scann\u00e1n Gaeilge &#039;An Cail\u00edn Ci\u00fain&#039; ag Gradaim IFTA 2022 | Preas R\u00e1iteas | TG4\" \/>\n<meta property=\"og:description\" content=\"T\u00e1 tr\u00ed ainmni\u00fach\u00e1n d\u00e9ag do Ghradaim IFTA 2022 faighte ag scann\u00e1in at\u00e1 maoinithe ag TG4. F\u00f3gra\u00edodh na hainmni\u00fach\u00e1in inniu. Deich n-ainmni\u00fach\u00e1n at\u00e1 luaite do An Cail\u00edn Ci\u00fain agus t\u00e1 dh\u00e1 ainmni\u00fach\u00e1n ag Foscadh agus ainmni\u00fach\u00e1n amh\u00e1in ag Doineann.\" \/>\n<meta property=\"og:url\" content=\"https:\/\/dev.tg4.ie\/ga\/eolas\/preas\/nuacht-raitis\/2022-2\/deich-nainmniuchan-don-scannan-gaeilge-an-cailin-ciuin-ag-gradaim-ifta-2022\/\" \/>\n<meta property=\"og:site_name\" content=\"TG4\" \/>\n<meta property=\"article:publisher\" content=\"https:\/\/www.facebook.com\/TG4TV\" \/>\n<meta property=\"article:modified_time\" content=\"2022-02-22T12:40:07+00:00\" \/>\n<meta property=\"og:image\" content=\"https:\/\/tg4-docs.s3.amazonaws.com\/tg4-redesign-2015\/wp-content\/uploads\/2022\/02\/Cailin_Ciuin-Foscadh-Doineann_1_1920x1080.jpg\" \/>\n\t<meta property=\"og:image:width\" content=\"1920\" \/>\n\t<meta property=\"og:image:height\" content=\"1080\" \/>\n\t<meta property=\"og:image:type\" content=\"image\/jpeg\" \/>\n<meta name=\"twitter:card\" content=\"summary_large_image\" \/>\n<meta name=\"twitter:image\" content=\"https:\/\/tg4-docs.s3.amazonaws.com\/tg4-redesign-2015\/wp-content\/uploads\/2022\/02\/Cailin_Ciuin-Foscadh-Doineann_1_1920x1080.jpg\" \/>\n<meta name=\"twitter:site\" content=\"@TG4TV\" \/>\n<meta name=\"twitter:label1\" content=\"Est. reading time\" \/>\n\t<meta name=\"twitter:data1\" content=\"8 minutes\" \/>\n<script type=\"application\/ld+json\" class=\"yoast-schema-graph\">{\"@context\":\"https:\/\/schema.org\",\"@graph\":[{\"@type\":\"WebPage\",\"@id\":\"https:\/\/dev.tg4.ie\/ga\/eolas\/preas\/nuacht-raitis\/2022-2\/deich-nainmniuchan-don-scannan-gaeilge-an-cailin-ciuin-ag-gradaim-ifta-2022\/\",\"url\":\"https:\/\/dev.tg4.ie\/ga\/eolas\/preas\/nuacht-raitis\/2022-2\/deich-nainmniuchan-don-scannan-gaeilge-an-cailin-ciuin-ag-gradaim-ifta-2022\/\",\"name\":\"Deich nAinmni\u00fach\u00e1n don scann\u00e1n Gaeilge 'An Cail\u00edn Ci\u00fain' ag Gradaim IFTA 2022 | Preas R\u00e1iteas | TG4\",\"isPartOf\":{\"@id\":\"https:\/\/dev.tg4.ie\/en\/#website\"},\"primaryImageOfPage\":{\"@id\":\"https:\/\/dev.tg4.ie\/ga\/eolas\/preas\/nuacht-raitis\/2022-2\/deich-nainmniuchan-don-scannan-gaeilge-an-cailin-ciuin-ag-gradaim-ifta-2022\/#primaryimage\"},\"image\":{\"@id\":\"https:\/\/dev.tg4.ie\/ga\/eolas\/preas\/nuacht-raitis\/2022-2\/deich-nainmniuchan-don-scannan-gaeilge-an-cailin-ciuin-ag-gradaim-ifta-2022\/#primaryimage\"},\"thumbnailUrl\":\"https:\/\/dev.tg4.ie\/wp-content\/uploads\/2022\/02\/Cailin_Ciuin-Foscadh-Doineann_1_1920x1080.jpg\",\"datePublished\":\"2022-02-22T12:39:05+00:00\",\"dateModified\":\"2022-02-22T12:40:07+00:00\",\"description\":\"T\u00e1 tr\u00ed ainmni\u00fach\u00e1n d\u00e9ag do Ghradaim IFTA 2022 faighte ag scann\u00e1in at\u00e1 maoinithe ag TG4. F\u00f3gra\u00edodh na hainmni\u00fach\u00e1in inniu. Deich n-ainmni\u00fach\u00e1n at\u00e1 luaite do An Cail\u00edn Ci\u00fain agus t\u00e1 dh\u00e1 ainmni\u00fach\u00e1n ag Foscadh agus ainmni\u00fach\u00e1n amh\u00e1in ag Doineann.\",\"breadcrumb\":{\"@id\":\"https:\/\/dev.tg4.ie\/ga\/eolas\/preas\/nuacht-raitis\/2022-2\/deich-nainmniuchan-don-scannan-gaeilge-an-cailin-ciuin-ag-gradaim-ifta-2022\/#breadcrumb\"},\"inLanguage\":\"ga\",\"potentialAction\":[{\"@type\":\"ReadAction\",\"target\":[\"https:\/\/dev.tg4.ie\/ga\/eolas\/preas\/nuacht-raitis\/2022-2\/deich-nainmniuchan-don-scannan-gaeilge-an-cailin-ciuin-ag-gradaim-ifta-2022\/\"]}]},{\"@type\":\"ImageObject\",\"inLanguage\":\"ga\",\"@id\":\"https:\/\/dev.tg4.ie\/ga\/eolas\/preas\/nuacht-raitis\/2022-2\/deich-nainmniuchan-don-scannan-gaeilge-an-cailin-ciuin-ag-gradaim-ifta-2022\/#primaryimage\",\"url\":\"https:\/\/dev.tg4.ie\/wp-content\/uploads\/2022\/02\/Cailin_Ciuin-Foscadh-Doineann_1_1920x1080.jpg\",\"contentUrl\":\"https:\/\/dev.tg4.ie\/wp-content\/uploads\/2022\/02\/Cailin_Ciuin-Foscadh-Doineann_1_1920x1080.jpg\"},{\"@type\":\"BreadcrumbList\",\"@id\":\"https:\/\/dev.tg4.ie\/ga\/eolas\/preas\/nuacht-raitis\/2022-2\/deich-nainmniuchan-don-scannan-gaeilge-an-cailin-ciuin-ag-gradaim-ifta-2022\/#breadcrumb\",\"itemListElement\":[{\"@type\":\"ListItem\",\"position\":1,\"name\":\"Home\",\"item\":\"https:\/\/dev.tg4.ie\/ga\/\"},{\"@type\":\"ListItem\",\"position\":2,\"name\":\"Eolas\",\"item\":\"https:\/\/dev.tg4.ie\/ga\/eolas\/\"},{\"@type\":\"ListItem\",\"position\":3,\"name\":\"Preas\",\"item\":\"https:\/\/dev.tg4.ie\/ga\/eolas\/preas\/\"},{\"@type\":\"ListItem\",\"position\":4,\"name\":\"Nuacht R\u00e1itis\",\"item\":\"https:\/\/dev.tg4.ie\/ga\/eolas\/preas\/nuacht-raitis\/\"},{\"@type\":\"ListItem\",\"position\":5,\"name\":\"2022\",\"item\":\"https:\/\/dev.tg4.ie\/ga\/eolas\/preas\/nuacht-raitis\/2022-2\/\"},{\"@type\":\"ListItem\",\"position\":6,\"name\":\"Deich nAinmni\u00fach\u00e1n don scann\u00e1n Gaeilge &#8216;An Cail\u00edn Ci\u00fain&#8217; ag Gradaim IFTA 2022\"}]},{\"@type\":\"WebSite\",\"@id\":\"https:\/\/dev.tg4.ie\/en\/#website\",\"url\":\"https:\/\/dev.tg4.ie\/en\/\",\"name\":\"TG4\",\"description\":\"S\u00fail Eile\",\"potentialAction\":[{\"@type\":\"SearchAction\",\"target\":{\"@type\":\"EntryPoint\",\"urlTemplate\":\"https:\/\/dev.tg4.ie\/en\/?s={search_term_string}\"},\"query-input\":\"required name=search_term_string\"}],\"inLanguage\":\"ga\"}]}<\/script>\n<!-- \/ Yoast SEO plugin. -->","yoast_head_json":{"title":"Deich nAinmni\u00fach\u00e1n don scann\u00e1n Gaeilge 'An Cail\u00edn Ci\u00fain' ag Gradaim IFTA 2022 | Preas R\u00e1iteas | TG4","description":"T\u00e1 tr\u00ed ainmni\u00fach\u00e1n d\u00e9ag do Ghradaim IFTA 2022 faighte ag scann\u00e1in at\u00e1 maoinithe ag TG4. F\u00f3gra\u00edodh na hainmni\u00fach\u00e1in inniu. Deich n-ainmni\u00fach\u00e1n at\u00e1 luaite do An Cail\u00edn Ci\u00fain agus t\u00e1 dh\u00e1 ainmni\u00fach\u00e1n ag Foscadh agus ainmni\u00fach\u00e1n amh\u00e1in ag Doineann.","robots":{"index":"index","follow":"follow","max-snippet":"max-snippet:-1","max-image-preview":"max-image-preview:large","max-video-preview":"max-video-preview:-1"},"og_locale":"en_US","og_type":"article","og_title":"Deich nAinmni\u00fach\u00e1n don scann\u00e1n Gaeilge 'An Cail\u00edn Ci\u00fain' ag Gradaim IFTA 2022 | Preas R\u00e1iteas | TG4","og_description":"T\u00e1 tr\u00ed ainmni\u00fach\u00e1n d\u00e9ag do Ghradaim IFTA 2022 faighte ag scann\u00e1in at\u00e1 maoinithe ag TG4. F\u00f3gra\u00edodh na hainmni\u00fach\u00e1in inniu. Deich n-ainmni\u00fach\u00e1n at\u00e1 luaite do An Cail\u00edn Ci\u00fain agus t\u00e1 dh\u00e1 ainmni\u00fach\u00e1n ag Foscadh agus ainmni\u00fach\u00e1n amh\u00e1in ag Doineann.","og_url":"https:\/\/dev.tg4.ie\/ga\/eolas\/preas\/nuacht-raitis\/2022-2\/deich-nainmniuchan-don-scannan-gaeilge-an-cailin-ciuin-ag-gradaim-ifta-2022\/","og_site_name":"TG4","article_publisher":"https:\/\/www.facebook.com\/TG4TV","article_modified_time":"2022-02-22T12:40:07+00:00","og_image":[{"width":1920,"height":1080,"url":"https:\/\/tg4-docs.s3.amazonaws.com\/tg4-redesign-2015\/wp-content\/uploads\/2022\/02\/Cailin_Ciuin-Foscadh-Doineann_1_1920x1080.jpg","type":"image\/jpeg"}],"twitter_card":"summary_large_image","twitter_image":"https:\/\/tg4-docs.s3.amazonaws.com\/tg4-redesign-2015\/wp-content\/uploads\/2022\/02\/Cailin_Ciuin-Foscadh-Doineann_1_1920x1080.jpg","twitter_site":"@TG4TV","twitter_misc":{"Est. reading time":"8 minutes"},"schema":{"@context":"https:\/\/schema.org","@graph":[{"@type":"WebPage","@id":"https:\/\/dev.tg4.ie\/ga\/eolas\/preas\/nuacht-raitis\/2022-2\/deich-nainmniuchan-don-scannan-gaeilge-an-cailin-ciuin-ag-gradaim-ifta-2022\/","url":"https:\/\/dev.tg4.ie\/ga\/eolas\/preas\/nuacht-raitis\/2022-2\/deich-nainmniuchan-don-scannan-gaeilge-an-cailin-ciuin-ag-gradaim-ifta-2022\/","name":"Deich nAinmni\u00fach\u00e1n don scann\u00e1n Gaeilge 'An Cail\u00edn Ci\u00fain' ag Gradaim IFTA 2022 | Preas R\u00e1iteas | TG4","isPartOf":{"@id":"https:\/\/dev.tg4.ie\/en\/#website"},"primaryImageOfPage":{"@id":"https:\/\/dev.tg4.ie\/ga\/eolas\/preas\/nuacht-raitis\/2022-2\/deich-nainmniuchan-don-scannan-gaeilge-an-cailin-ciuin-ag-gradaim-ifta-2022\/#primaryimage"},"image":{"@id":"https:\/\/dev.tg4.ie\/ga\/eolas\/preas\/nuacht-raitis\/2022-2\/deich-nainmniuchan-don-scannan-gaeilge-an-cailin-ciuin-ag-gradaim-ifta-2022\/#primaryimage"},"thumbnailUrl":"https:\/\/dev.tg4.ie\/wp-content\/uploads\/2022\/02\/Cailin_Ciuin-Foscadh-Doineann_1_1920x1080.jpg","datePublished":"2022-02-22T12:39:05+00:00","dateModified":"2022-02-22T12:40:07+00:00","description":"T\u00e1 tr\u00ed ainmni\u00fach\u00e1n d\u00e9ag do Ghradaim IFTA 2022 faighte ag scann\u00e1in at\u00e1 maoinithe ag TG4. F\u00f3gra\u00edodh na hainmni\u00fach\u00e1in inniu. Deich n-ainmni\u00fach\u00e1n at\u00e1 luaite do An Cail\u00edn Ci\u00fain agus t\u00e1 dh\u00e1 ainmni\u00fach\u00e1n ag Foscadh agus ainmni\u00fach\u00e1n amh\u00e1in ag Doineann.","breadcrumb":{"@id":"https:\/\/dev.tg4.ie\/ga\/eolas\/preas\/nuacht-raitis\/2022-2\/deich-nainmniuchan-don-scannan-gaeilge-an-cailin-ciuin-ag-gradaim-ifta-2022\/#breadcrumb"},"inLanguage":"ga","potentialAction":[{"@type":"ReadAction","target":["https:\/\/dev.tg4.ie\/ga\/eolas\/preas\/nuacht-raitis\/2022-2\/deich-nainmniuchan-don-scannan-gaeilge-an-cailin-ciuin-ag-gradaim-ifta-2022\/"]}]},{"@type":"ImageObject","inLanguage":"ga","@id":"https:\/\/dev.tg4.ie\/ga\/eolas\/preas\/nuacht-raitis\/2022-2\/deich-nainmniuchan-don-scannan-gaeilge-an-cailin-ciuin-ag-gradaim-ifta-2022\/#primaryimage","url":"https:\/\/dev.tg4.ie\/wp-content\/uploads\/2022\/02\/Cailin_Ciuin-Foscadh-Doineann_1_1920x1080.jpg","contentUrl":"https:\/\/dev.tg4.ie\/wp-content\/uploads\/2022\/02\/Cailin_Ciuin-Foscadh-Doineann_1_1920x1080.jpg"},{"@type":"BreadcrumbList","@id":"https:\/\/dev.tg4.ie\/ga\/eolas\/preas\/nuacht-raitis\/2022-2\/deich-nainmniuchan-don-scannan-gaeilge-an-cailin-ciuin-ag-gradaim-ifta-2022\/#breadcrumb","itemListElement":[{"@type":"ListItem","position":1,"name":"Home","item":"https:\/\/dev.tg4.ie\/ga\/"},{"@type":"ListItem","position":2,"name":"Eolas","item":"https:\/\/dev.tg4.ie\/ga\/eolas\/"},{"@type":"ListItem","position":3,"name":"Preas","item":"https:\/\/dev.tg4.ie\/ga\/eolas\/preas\/"},{"@type":"ListItem","position":4,"name":"Nuacht R\u00e1itis","item":"https:\/\/dev.tg4.ie\/ga\/eolas\/preas\/nuacht-raitis\/"},{"@type":"ListItem","position":5,"name":"2022","item":"https:\/\/dev.tg4.ie\/ga\/eolas\/preas\/nuacht-raitis\/2022-2\/"},{"@type":"ListItem","position":6,"name":"Deich nAinmni\u00fach\u00e1n don scann\u00e1n Gaeilge &#8216;An Cail\u00edn Ci\u00fain&#8217; ag Gradaim IFTA 2022"}]},{"@type":"WebSite","@id":"https:\/\/dev.tg4.ie\/en\/#website","url":"https:\/\/dev.tg4.ie\/en\/","name":"TG4","description":"S\u00fail Eile","potentialAction":[{"@type":"SearchAction","target":{"@type":"EntryPoint","urlTemplate":"https:\/\/dev.tg4.ie\/en\/?s={search_term_string}"},"query-input":"required name=search_term_string"}],"inLanguage":"ga"}]}},"_links":{"self":[{"href":"https:\/\/dev.tg4.ie\/ga\/wp-json\/wp\/v2\/pages\/141458"}],"collection":[{"href":"https:\/\/dev.tg4.ie\/ga\/wp-json\/wp\/v2\/pages"}],"about":[{"href":"https:\/\/dev.tg4.ie\/ga\/wp-json\/wp\/v2\/types\/page"}],"author":[{"embeddable":true,"href":"https:\/\/dev.tg4.ie\/ga\/wp-json\/wp\/v2\/users\/876"}],"replies":[{"embeddable":true,"href":"https:\/\/dev.tg4.ie\/ga\/wp-json\/wp\/v2\/comments?post=141458"}],"version-history":[{"count":0,"href":"https:\/\/dev.tg4.ie\/ga\/wp-json\/wp\/v2\/pages\/141458\/revisions"}],"up":[{"embeddable":true,"href":"https:\/\/dev.tg4.ie\/ga\/wp-json\/wp\/v2\/pages\/138171"}],"wp:attachment":[{"href":"https:\/\/dev.tg4.ie\/ga\/wp-json\/wp\/v2\/media?parent=141458"}],"curies":[{"name":"wp","href":"https:\/\/api.w.org\/{rel}","templated":true}]}}