{"id":1418,"date":"2015-08-19T13:44:02","date_gmt":"2015-08-19T12:44:02","guid":{"rendered":"https:\/\/dev.tg4.ie\/corporate\/press-releases\/2015-2\/24-04-15\/"},"modified":"2019-06-25T11:16:21","modified_gmt":"2019-06-25T10:16:21","slug":"24-04-15","status":"publish","type":"page","link":"https:\/\/dev.tg4.ie\/ga\/eolas\/preas\/nuacht-raitis\/2015-2\/24-04-15\/","title":{"rendered":"24.04.15"},"content":{"rendered":"<p>Cl\u00e1r faisn\u00e9ise faoin laoch peile as Gaeltacht Chorca Dhuibhne \u00e9 seo, cl\u00e1r pearsanta ag Louise N\u00ed Fhiannachta, comharsa le P\u00e1id\u00ed. Tugann s\u00ed l\u00e9argas na gcomharsan ar dhuine de mh\u00f3r-phearsain na t\u00edre, peilead\u00f3ir iomr\u00e1iteach Ard a\u2019 Bh\u00f3thair tr\u00ed sh\u00faile agus \u00f3 bh\u00e9al a mhuintire ina dh\u00fathaigh f\u00e9in. Bh\u00e1saigh P\u00e1id\u00ed i m\u00ed Nollag 2012 agus gan \u00e9 ach 57 bliain d\u2019aois, b\u00e1s tobann a\u00a0 bhain preab as an t\u00edr ar fad. Is ioma\u00ed m\u00edr faoi craoladh lena linn agus tar \u00e9is a bh\u00e1is ach seo portr\u00e1id ar leith, l\u00e9argas \u00e1iti\u00fail ar laoch a raibh persona n\u00e1isi\u00fanta aige freisin ach a chuireann a shaol agus a \u00e9achta\u00ed go cinnte i gcomhth\u00e9acs a phobail Gaeltachta f\u00e9in. Seo P\u00e1id\u00ed mar a facthas \u00e9 i measc na gcomharsan. An comhlacht Magamedia a l\u00e9irigh an cl\u00e1r.<\/p>\n<p>Eagra\u00edtear F\u00e9ile na Me\u00e1n Ceilteach gach bliain in ionad \u00e9ags\u00fail sna cr\u00edocha Ceilteacha. Cuirtear iontr\u00e1lacha sna duais-rann\u00f3ga \u00e9ags\u00fala faoi mheas\u00fan\u00fa \u00f3 ghi\u00fair\u00e9 n\u00e1isi\u00fanta ina dt\u00edr f\u00e9in ar dt\u00fas. Roghna\u00edtear an scoth astu sin le dul san ioma\u00edocht sa gcom\u00f3rtas idirn\u00e1isi\u00fanta. Bh\u00ed F\u00e9ile na bliana seo ar bun in Inbhear Nis na hAlban faoi l\u00e1thair, 22-24 Aibre\u00e1n. (<a href=\"http:\/\/www.celticmediafestival.co.uk\/\" target=\"New\" rel=\"noopener noreferrer\">www.celticmediafestival.co.uk<\/a>)<\/p>\n<p>Deir Ardsti\u00farth\u00f3ir TG4, P\u00f3l \u00d3 Gallch\u00f3ir go gcuireann an m\u00f3rdhuais idirn\u00e1isi\u00fanta seo an dlaoi mhullaigh ar an aitheantas at\u00e1 faighte cheana f\u00e9in ag an gcl\u00e1r seo. &#8220;Thuigeamar \u00f3n t\u00fas gur cl\u00e1r speisialta a bheadh anseo\u201d a d\u00fairt s\u00e9.\u00a0 \u201cFuair s\u00e9 ard-mholadh nuair a chraol muid \u00e9 agus Gradam Cumars\u00e1ide an Oireachtais tamall ina dhiaidh sin. Feicimid anois go raibh an meas c\u00e9anna air ag \u00e1r gcomghleacaithe Ceilteacha, rud nach gcuireann aon iontas orainn ach a thugann s\u00e1samh ar leith d\u00fainn fosta\u201d.<\/p>\n<p>D\u2019fh\u00e1iltigh s\u00e9 freisin roimh fh\u00f3gra na ho\u00edche anocht gur i nD\u00fan Garbh\u00e1n, Co Phort L\u00e1irge a reacht\u00e1ilfear F\u00e9ile na Me\u00e1n Ceilteach 2016, faoi cheann bliana, d\u00edreach.<\/p>\n","protected":false},"excerpt":{"rendered":"<p>Cl\u00e1r faisn\u00e9ise faoin laoch peile as Gaeltacht Chorca Dhuibhne \u00e9 seo, cl\u00e1r pearsanta ag Louise N\u00ed Fhiannachta, comharsa le P\u00e1id\u00ed. Tugann s\u00ed l\u00e9argas na gcomharsan ar dhuine de mh\u00f3r-phearsain na t\u00edre, peilead\u00f3ir iomr\u00e1iteach Ard a\u2019 Bh\u00f3thair tr\u00ed sh\u00faile agus \u00f3 bh\u00e9al a mhuintire ina dh\u00fathaigh f\u00e9in. Bh\u00e1saigh P\u00e1id\u00ed i m\u00ed Nollag 2012 agus gan \u00e9 [&hellip;]<\/p>\n","protected":false},"author":6,"featured_media":1417,"parent":985,"menu_order":8,"comment_status":"closed","ping_status":"closed","template":"page-templates\/template-pr.php","meta":{"_acf_changed":false,"footnotes":""},"acf":[],"yoast_head":"<!-- This site is optimized with the Yoast SEO plugin v22.6 - https:\/\/yoast.com\/wordpress\/plugins\/seo\/ -->\n<title>24.04.15 - TG4<\/title>\n<meta name=\"robots\" content=\"index, follow, max-snippet:-1, max-image-preview:large, max-video-preview:-1\" \/>\n<meta property=\"og:locale\" content=\"en_US\" \/>\n<meta property=\"og:type\" content=\"article\" \/>\n<meta property=\"og:title\" content=\"24.04.15 - TG4\" \/>\n<meta property=\"og:description\" content=\"Cl\u00e1r faisn\u00e9ise faoin laoch peile as Gaeltacht Chorca Dhuibhne \u00e9 seo, cl\u00e1r pearsanta ag Louise N\u00ed Fhiannachta, comharsa le P\u00e1id\u00ed. Tugann s\u00ed l\u00e9argas na gcomharsan ar dhuine de mh\u00f3r-phearsain na t\u00edre, peilead\u00f3ir iomr\u00e1iteach Ard a\u2019 Bh\u00f3thair tr\u00ed sh\u00faile agus \u00f3 bh\u00e9al a mhuintire ina dh\u00fathaigh f\u00e9in. Bh\u00e1saigh P\u00e1id\u00ed i m\u00ed Nollag 2012 agus gan \u00e9 [&hellip;]\" \/>\n<meta property=\"og:url\" content=\"https:\/\/dev.tg4.ie\/ga\/eolas\/preas\/nuacht-raitis\/2015-2\/24-04-15\/\" \/>\n<meta property=\"og:site_name\" content=\"TG4\" \/>\n<meta property=\"article:publisher\" content=\"https:\/\/www.facebook.com\/TG4TV\" \/>\n<meta property=\"article:modified_time\" content=\"2019-06-25T10:16:21+00:00\" \/>\n<meta property=\"og:image\" content=\"https:\/\/tg4-docs.s3.amazonaws.com\/tg4-redesign-2015\/wp-content\/uploads\/2015\/08\/Paidi_O_Se.jpg\" \/>\n\t<meta property=\"og:image:width\" content=\"1920\" \/>\n\t<meta property=\"og:image:height\" content=\"1080\" \/>\n\t<meta property=\"og:image:type\" content=\"image\/jpeg\" \/>\n<meta name=\"twitter:card\" content=\"summary_large_image\" \/>\n<meta name=\"twitter:site\" content=\"@TG4TV\" \/>\n<meta name=\"twitter:label1\" content=\"Est. reading time\" \/>\n\t<meta name=\"twitter:data1\" content=\"2 minutes\" \/>\n<script type=\"application\/ld+json\" class=\"yoast-schema-graph\">{\"@context\":\"https:\/\/schema.org\",\"@graph\":[{\"@type\":\"WebPage\",\"@id\":\"https:\/\/dev.tg4.ie\/ga\/eolas\/preas\/nuacht-raitis\/2015-2\/24-04-15\/\",\"url\":\"https:\/\/dev.tg4.ie\/ga\/eolas\/preas\/nuacht-raitis\/2015-2\/24-04-15\/\",\"name\":\"24.04.15 - TG4\",\"isPartOf\":{\"@id\":\"https:\/\/dev.tg4.ie\/en\/#website\"},\"primaryImageOfPage\":{\"@id\":\"https:\/\/dev.tg4.ie\/ga\/eolas\/preas\/nuacht-raitis\/2015-2\/24-04-15\/#primaryimage\"},\"image\":{\"@id\":\"https:\/\/dev.tg4.ie\/ga\/eolas\/preas\/nuacht-raitis\/2015-2\/24-04-15\/#primaryimage\"},\"thumbnailUrl\":\"https:\/\/tg4-docs.s3.amazonaws.com\/tg4-redesign-2015\/wp-content\/uploads\/2015\/08\/Paidi_O_Se.jpg\",\"datePublished\":\"2015-08-19T12:44:02+00:00\",\"dateModified\":\"2019-06-25T10:16:21+00:00\",\"breadcrumb\":{\"@id\":\"https:\/\/dev.tg4.ie\/ga\/eolas\/preas\/nuacht-raitis\/2015-2\/24-04-15\/#breadcrumb\"},\"inLanguage\":\"ga\",\"potentialAction\":[{\"@type\":\"ReadAction\",\"target\":[\"https:\/\/dev.tg4.ie\/ga\/eolas\/preas\/nuacht-raitis\/2015-2\/24-04-15\/\"]}]},{\"@type\":\"ImageObject\",\"inLanguage\":\"ga\",\"@id\":\"https:\/\/dev.tg4.ie\/ga\/eolas\/preas\/nuacht-raitis\/2015-2\/24-04-15\/#primaryimage\",\"url\":\"https:\/\/tg4-docs.s3.amazonaws.com\/tg4-redesign-2015\/wp-content\/uploads\/2015\/08\/Paidi_O_Se.jpg\",\"contentUrl\":\"https:\/\/tg4-docs.s3.amazonaws.com\/tg4-redesign-2015\/wp-content\/uploads\/2015\/08\/Paidi_O_Se.jpg\",\"width\":1920,\"height\":1080},{\"@type\":\"BreadcrumbList\",\"@id\":\"https:\/\/dev.tg4.ie\/ga\/eolas\/preas\/nuacht-raitis\/2015-2\/24-04-15\/#breadcrumb\",\"itemListElement\":[{\"@type\":\"ListItem\",\"position\":1,\"name\":\"Home\",\"item\":\"https:\/\/dev.tg4.ie\/ga\/\"},{\"@type\":\"ListItem\",\"position\":2,\"name\":\"Eolas\",\"item\":\"https:\/\/dev.tg4.ie\/ga\/eolas\/\"},{\"@type\":\"ListItem\",\"position\":3,\"name\":\"Preas\",\"item\":\"https:\/\/dev.tg4.ie\/ga\/eolas\/preas\/\"},{\"@type\":\"ListItem\",\"position\":4,\"name\":\"Nuacht R\u00e1itis\",\"item\":\"https:\/\/dev.tg4.ie\/ga\/eolas\/preas\/nuacht-raitis\/\"},{\"@type\":\"ListItem\",\"position\":5,\"name\":\"2015\",\"item\":\"https:\/\/dev.tg4.ie\/ga\/eolas\/preas\/nuacht-raitis\/2015-2\/\"},{\"@type\":\"ListItem\",\"position\":6,\"name\":\"24.04.15\"}]},{\"@type\":\"WebSite\",\"@id\":\"https:\/\/dev.tg4.ie\/en\/#website\",\"url\":\"https:\/\/dev.tg4.ie\/en\/\",\"name\":\"TG4\",\"description\":\"S\u00fail Eile\",\"potentialAction\":[{\"@type\":\"SearchAction\",\"target\":{\"@type\":\"EntryPoint\",\"urlTemplate\":\"https:\/\/dev.tg4.ie\/en\/?s={search_term_string}\"},\"query-input\":\"required name=search_term_string\"}],\"inLanguage\":\"ga\"}]}<\/script>\n<!-- \/ Yoast SEO plugin. -->","yoast_head_json":{"title":"24.04.15 - TG4","robots":{"index":"index","follow":"follow","max-snippet":"max-snippet:-1","max-image-preview":"max-image-preview:large","max-video-preview":"max-video-preview:-1"},"og_locale":"en_US","og_type":"article","og_title":"24.04.15 - TG4","og_description":"Cl\u00e1r faisn\u00e9ise faoin laoch peile as Gaeltacht Chorca Dhuibhne \u00e9 seo, cl\u00e1r pearsanta ag Louise N\u00ed Fhiannachta, comharsa le P\u00e1id\u00ed. Tugann s\u00ed l\u00e9argas na gcomharsan ar dhuine de mh\u00f3r-phearsain na t\u00edre, peilead\u00f3ir iomr\u00e1iteach Ard a\u2019 Bh\u00f3thair tr\u00ed sh\u00faile agus \u00f3 bh\u00e9al a mhuintire ina dh\u00fathaigh f\u00e9in. Bh\u00e1saigh P\u00e1id\u00ed i m\u00ed Nollag 2012 agus gan \u00e9 [&hellip;]","og_url":"https:\/\/dev.tg4.ie\/ga\/eolas\/preas\/nuacht-raitis\/2015-2\/24-04-15\/","og_site_name":"TG4","article_publisher":"https:\/\/www.facebook.com\/TG4TV","article_modified_time":"2019-06-25T10:16:21+00:00","og_image":[{"width":1920,"height":1080,"url":"https:\/\/tg4-docs.s3.amazonaws.com\/tg4-redesign-2015\/wp-content\/uploads\/2015\/08\/Paidi_O_Se.jpg","type":"image\/jpeg"}],"twitter_card":"summary_large_image","twitter_site":"@TG4TV","twitter_misc":{"Est. reading time":"2 minutes"},"schema":{"@context":"https:\/\/schema.org","@graph":[{"@type":"WebPage","@id":"https:\/\/dev.tg4.ie\/ga\/eolas\/preas\/nuacht-raitis\/2015-2\/24-04-15\/","url":"https:\/\/dev.tg4.ie\/ga\/eolas\/preas\/nuacht-raitis\/2015-2\/24-04-15\/","name":"24.04.15 - TG4","isPartOf":{"@id":"https:\/\/dev.tg4.ie\/en\/#website"},"primaryImageOfPage":{"@id":"https:\/\/dev.tg4.ie\/ga\/eolas\/preas\/nuacht-raitis\/2015-2\/24-04-15\/#primaryimage"},"image":{"@id":"https:\/\/dev.tg4.ie\/ga\/eolas\/preas\/nuacht-raitis\/2015-2\/24-04-15\/#primaryimage"},"thumbnailUrl":"https:\/\/tg4-docs.s3.amazonaws.com\/tg4-redesign-2015\/wp-content\/uploads\/2015\/08\/Paidi_O_Se.jpg","datePublished":"2015-08-19T12:44:02+00:00","dateModified":"2019-06-25T10:16:21+00:00","breadcrumb":{"@id":"https:\/\/dev.tg4.ie\/ga\/eolas\/preas\/nuacht-raitis\/2015-2\/24-04-15\/#breadcrumb"},"inLanguage":"ga","potentialAction":[{"@type":"ReadAction","target":["https:\/\/dev.tg4.ie\/ga\/eolas\/preas\/nuacht-raitis\/2015-2\/24-04-15\/"]}]},{"@type":"ImageObject","inLanguage":"ga","@id":"https:\/\/dev.tg4.ie\/ga\/eolas\/preas\/nuacht-raitis\/2015-2\/24-04-15\/#primaryimage","url":"https:\/\/tg4-docs.s3.amazonaws.com\/tg4-redesign-2015\/wp-content\/uploads\/2015\/08\/Paidi_O_Se.jpg","contentUrl":"https:\/\/tg4-docs.s3.amazonaws.com\/tg4-redesign-2015\/wp-content\/uploads\/2015\/08\/Paidi_O_Se.jpg","width":1920,"height":1080},{"@type":"BreadcrumbList","@id":"https:\/\/dev.tg4.ie\/ga\/eolas\/preas\/nuacht-raitis\/2015-2\/24-04-15\/#breadcrumb","itemListElement":[{"@type":"ListItem","position":1,"name":"Home","item":"https:\/\/dev.tg4.ie\/ga\/"},{"@type":"ListItem","position":2,"name":"Eolas","item":"https:\/\/dev.tg4.ie\/ga\/eolas\/"},{"@type":"ListItem","position":3,"name":"Preas","item":"https:\/\/dev.tg4.ie\/ga\/eolas\/preas\/"},{"@type":"ListItem","position":4,"name":"Nuacht R\u00e1itis","item":"https:\/\/dev.tg4.ie\/ga\/eolas\/preas\/nuacht-raitis\/"},{"@type":"ListItem","position":5,"name":"2015","item":"https:\/\/dev.tg4.ie\/ga\/eolas\/preas\/nuacht-raitis\/2015-2\/"},{"@type":"ListItem","position":6,"name":"24.04.15"}]},{"@type":"WebSite","@id":"https:\/\/dev.tg4.ie\/en\/#website","url":"https:\/\/dev.tg4.ie\/en\/","name":"TG4","description":"S\u00fail Eile","potentialAction":[{"@type":"SearchAction","target":{"@type":"EntryPoint","urlTemplate":"https:\/\/dev.tg4.ie\/en\/?s={search_term_string}"},"query-input":"required name=search_term_string"}],"inLanguage":"ga"}]}},"_links":{"self":[{"href":"https:\/\/dev.tg4.ie\/ga\/wp-json\/wp\/v2\/pages\/1418"}],"collection":[{"href":"https:\/\/dev.tg4.ie\/ga\/wp-json\/wp\/v2\/pages"}],"about":[{"href":"https:\/\/dev.tg4.ie\/ga\/wp-json\/wp\/v2\/types\/page"}],"author":[{"embeddable":true,"href":"https:\/\/dev.tg4.ie\/ga\/wp-json\/wp\/v2\/users\/6"}],"replies":[{"embeddable":true,"href":"https:\/\/dev.tg4.ie\/ga\/wp-json\/wp\/v2\/comments?post=1418"}],"version-history":[{"count":0,"href":"https:\/\/dev.tg4.ie\/ga\/wp-json\/wp\/v2\/pages\/1418\/revisions"}],"up":[{"embeddable":true,"href":"https:\/\/dev.tg4.ie\/ga\/wp-json\/wp\/v2\/pages\/985"}],"wp:featuredmedia":[{"embeddable":true,"href":"https:\/\/dev.tg4.ie\/ga\/wp-json\/wp\/v2\/media\/1417"}],"wp:attachment":[{"href":"https:\/\/dev.tg4.ie\/ga\/wp-json\/wp\/v2\/media?parent=1418"}],"curies":[{"name":"wp","href":"https:\/\/api.w.org\/{rel}","templated":true}]}}