{"id":1426,"date":"2015-08-19T13:52:52","date_gmt":"2015-08-19T12:52:52","guid":{"rendered":"https:\/\/dev.tg4.ie\/corporate\/press-releases\/2015-2\/23-04-15\/"},"modified":"2019-06-25T11:14:59","modified_gmt":"2019-06-25T10:14:59","slug":"23-04-15","status":"publish","type":"page","link":"https:\/\/dev.tg4.ie\/ga\/eolas\/preas\/nuacht-raitis\/2015-2\/23-04-15\/","title":{"rendered":"23.04.15"},"content":{"rendered":"<p>L\u00e9ir\u00edodh an gearrdhr\u00e1ma seo faoin sc\u00e9im <i>Sc\u00e9al<b>, togra<\/b><\/i> nu\u00e1lach a bhunaigh TG4 i bp\u00e1irt leis an \u00dadar\u00e1s Craolach\u00e1in agus Gr\u00e9as\u00e1n na Me\u00e1n le tallann nua scripte agus sti\u00farth\u00f3ireachta a spreagadh i r\u00e9imse na dr\u00e1ma\u00edochta Gaeilge don teilif\u00eds.\u00a0\u00a0 Ciar\u00e1n \u00d3 Cofaigh a l\u00e9irigh an saothar do ROSG Teoranta, bunaithe ar script le F\u00e9idhlim Cannon agus Tom \u00d3 S\u00failleabh\u00e1in (a sti\u00faraigh freisin).\u00a0 Baineann an sc\u00e9al le timpiste bh\u00f3thair a bhaineann do She\u00e1n Mac Donncha agus don bhean at\u00e1 geallta leis, cor a imr\u00edonn tionchar cinni\u00fanach ar a saol. Ar an gcliar aisteoir\u00ed\u00a0 at\u00e1 p\u00e1irteach, t\u00e1 Ann-Marie Horan, D\u00f3nal \u00d3 H\u00e9ala\u00ed, Conal \u00d3 Cinn\u00e9ide agus L\u00fac \u00d3 Riada.<\/p>\n<p>Eagra\u00edtear F\u00e9ile na Me\u00e1n Ceilteach gach bliain in ionad \u00e9ags\u00fail sna cr\u00edocha Ceilteacha. Cuirtear iontr\u00e1lacha sna duais-rann\u00f3ga \u00e9ags\u00fala faoi mheas\u00fan\u00fa \u00f3 ghi\u00fair\u00e9 n\u00e1isi\u00fanta ina dt\u00edr f\u00e9in ar dt\u00fas.\u00a0 Roghna\u00edtear an scoth astu sin le dul san ioma\u00edocht sa gcom\u00f3rtas idirn\u00e1isi\u00fanta. T\u00e1 F\u00e9ile na bliana seo ar bun in Inbhear Nis na hAlban faoi l\u00e1thair, 22-24 Aibre\u00e1n. (<a href=\"http:\/\/www.celticmediafestival.co.uk\/\" target=\"New\" rel=\"noopener noreferrer\">www.celticmediafestival.co.uk<\/a>)<\/p>\n<p>Deir Eagarth\u00f3ir Coimisi\u00fanaithe TG4, Proinsias N\u00ed Ghr\u00e1inne go gcrutha\u00edonn an duais idirn\u00e1isi\u00fanta seo fi\u00fantas agus ardchaighde\u00e1n na sc\u00e9ime. \u00a0&#8220;Theastaigh uainn deis a thabhairt do dhaoine a gcumas a l\u00e9iri\u00fa i gceann de na r\u00e9ims\u00ed is deacra ar fad\u00a0 &#8211; dr\u00e1ma\u00edocht \u2013 agus ba l\u00e9ir d\u00fainn \u00f3n t\u00fas go mbeadh dea-thoradh ar an sc\u00e9im.\u00a0 Is deimhni\u00fa breise ar an d\u00f3chas sin an duais iontach seo&#8221; a d\u00fairt s\u00ed.<\/p>\n","protected":false},"excerpt":{"rendered":"<p>L\u00e9ir\u00edodh an gearrdhr\u00e1ma seo faoin sc\u00e9im Sc\u00e9al, togra nu\u00e1lach a bhunaigh TG4 i bp\u00e1irt leis an \u00dadar\u00e1s Craolach\u00e1in agus Gr\u00e9as\u00e1n na Me\u00e1n le tallann nua scripte agus sti\u00farth\u00f3ireachta a spreagadh i r\u00e9imse na dr\u00e1ma\u00edochta Gaeilge don teilif\u00eds.\u00a0\u00a0 Ciar\u00e1n \u00d3 Cofaigh a l\u00e9irigh an saothar do ROSG Teoranta, bunaithe ar script le F\u00e9idhlim Cannon agus Tom [&hellip;]<\/p>\n","protected":false},"author":6,"featured_media":1424,"parent":985,"menu_order":7,"comment_status":"closed","ping_status":"closed","template":"page-templates\/template-pr.php","meta":{"_acf_changed":false,"footnotes":""},"acf":[],"yoast_head":"<!-- This site is optimized with the Yoast SEO plugin v22.6 - https:\/\/yoast.com\/wordpress\/plugins\/seo\/ -->\n<title>23.04.15 - TG4<\/title>\n<meta name=\"robots\" content=\"index, follow, max-snippet:-1, max-image-preview:large, max-video-preview:-1\" \/>\n<meta property=\"og:locale\" content=\"en_US\" \/>\n<meta property=\"og:type\" content=\"article\" \/>\n<meta property=\"og:title\" content=\"23.04.15 - TG4\" \/>\n<meta property=\"og:description\" content=\"L\u00e9ir\u00edodh an gearrdhr\u00e1ma seo faoin sc\u00e9im Sc\u00e9al, togra nu\u00e1lach a bhunaigh TG4 i bp\u00e1irt leis an \u00dadar\u00e1s Craolach\u00e1in agus Gr\u00e9as\u00e1n na Me\u00e1n le tallann nua scripte agus sti\u00farth\u00f3ireachta a spreagadh i r\u00e9imse na dr\u00e1ma\u00edochta Gaeilge don teilif\u00eds.\u00a0\u00a0 Ciar\u00e1n \u00d3 Cofaigh a l\u00e9irigh an saothar do ROSG Teoranta, bunaithe ar script le F\u00e9idhlim Cannon agus Tom [&hellip;]\" \/>\n<meta property=\"og:url\" content=\"https:\/\/dev.tg4.ie\/ga\/eolas\/preas\/nuacht-raitis\/2015-2\/23-04-15\/\" \/>\n<meta property=\"og:site_name\" content=\"TG4\" \/>\n<meta property=\"article:publisher\" content=\"https:\/\/www.facebook.com\/TG4TV\" \/>\n<meta property=\"article:modified_time\" content=\"2019-06-25T10:14:59+00:00\" \/>\n<meta property=\"og:image\" content=\"https:\/\/tg4-docs.s3.amazonaws.com\/tg4-redesign-2015\/wp-content\/uploads\/2015\/08\/s%C3%ADnte-edit.jpg\" \/>\n\t<meta property=\"og:image:width\" content=\"1920\" \/>\n\t<meta property=\"og:image:height\" content=\"1080\" \/>\n\t<meta property=\"og:image:type\" content=\"image\/jpeg\" \/>\n<meta name=\"twitter:card\" content=\"summary_large_image\" \/>\n<meta name=\"twitter:site\" content=\"@TG4TV\" \/>\n<meta name=\"twitter:label1\" content=\"Est. reading time\" \/>\n\t<meta name=\"twitter:data1\" content=\"2 minutes\" \/>\n<script type=\"application\/ld+json\" class=\"yoast-schema-graph\">{\"@context\":\"https:\/\/schema.org\",\"@graph\":[{\"@type\":\"WebPage\",\"@id\":\"https:\/\/dev.tg4.ie\/ga\/eolas\/preas\/nuacht-raitis\/2015-2\/23-04-15\/\",\"url\":\"https:\/\/dev.tg4.ie\/ga\/eolas\/preas\/nuacht-raitis\/2015-2\/23-04-15\/\",\"name\":\"23.04.15 - TG4\",\"isPartOf\":{\"@id\":\"https:\/\/dev.tg4.ie\/en\/#website\"},\"primaryImageOfPage\":{\"@id\":\"https:\/\/dev.tg4.ie\/ga\/eolas\/preas\/nuacht-raitis\/2015-2\/23-04-15\/#primaryimage\"},\"image\":{\"@id\":\"https:\/\/dev.tg4.ie\/ga\/eolas\/preas\/nuacht-raitis\/2015-2\/23-04-15\/#primaryimage\"},\"thumbnailUrl\":\"https:\/\/tg4-docs.s3.amazonaws.com\/tg4-redesign-2015\/wp-content\/uploads\/2015\/08\/s%C3%ADnte-edit.jpg\",\"datePublished\":\"2015-08-19T12:52:52+00:00\",\"dateModified\":\"2019-06-25T10:14:59+00:00\",\"breadcrumb\":{\"@id\":\"https:\/\/dev.tg4.ie\/ga\/eolas\/preas\/nuacht-raitis\/2015-2\/23-04-15\/#breadcrumb\"},\"inLanguage\":\"ga\",\"potentialAction\":[{\"@type\":\"ReadAction\",\"target\":[\"https:\/\/dev.tg4.ie\/ga\/eolas\/preas\/nuacht-raitis\/2015-2\/23-04-15\/\"]}]},{\"@type\":\"ImageObject\",\"inLanguage\":\"ga\",\"@id\":\"https:\/\/dev.tg4.ie\/ga\/eolas\/preas\/nuacht-raitis\/2015-2\/23-04-15\/#primaryimage\",\"url\":\"https:\/\/tg4-docs.s3.amazonaws.com\/tg4-redesign-2015\/wp-content\/uploads\/2015\/08\/s%C3%ADnte-edit.jpg\",\"contentUrl\":\"https:\/\/tg4-docs.s3.amazonaws.com\/tg4-redesign-2015\/wp-content\/uploads\/2015\/08\/s%C3%ADnte-edit.jpg\",\"width\":1920,\"height\":1080},{\"@type\":\"BreadcrumbList\",\"@id\":\"https:\/\/dev.tg4.ie\/ga\/eolas\/preas\/nuacht-raitis\/2015-2\/23-04-15\/#breadcrumb\",\"itemListElement\":[{\"@type\":\"ListItem\",\"position\":1,\"name\":\"Home\",\"item\":\"https:\/\/dev.tg4.ie\/ga\/\"},{\"@type\":\"ListItem\",\"position\":2,\"name\":\"Eolas\",\"item\":\"https:\/\/dev.tg4.ie\/ga\/eolas\/\"},{\"@type\":\"ListItem\",\"position\":3,\"name\":\"Preas\",\"item\":\"https:\/\/dev.tg4.ie\/ga\/eolas\/preas\/\"},{\"@type\":\"ListItem\",\"position\":4,\"name\":\"Nuacht R\u00e1itis\",\"item\":\"https:\/\/dev.tg4.ie\/ga\/eolas\/preas\/nuacht-raitis\/\"},{\"@type\":\"ListItem\",\"position\":5,\"name\":\"2015\",\"item\":\"https:\/\/dev.tg4.ie\/ga\/eolas\/preas\/nuacht-raitis\/2015-2\/\"},{\"@type\":\"ListItem\",\"position\":6,\"name\":\"23.04.15\"}]},{\"@type\":\"WebSite\",\"@id\":\"https:\/\/dev.tg4.ie\/en\/#website\",\"url\":\"https:\/\/dev.tg4.ie\/en\/\",\"name\":\"TG4\",\"description\":\"S\u00fail Eile\",\"potentialAction\":[{\"@type\":\"SearchAction\",\"target\":{\"@type\":\"EntryPoint\",\"urlTemplate\":\"https:\/\/dev.tg4.ie\/en\/?s={search_term_string}\"},\"query-input\":\"required name=search_term_string\"}],\"inLanguage\":\"ga\"}]}<\/script>\n<!-- \/ Yoast SEO plugin. -->","yoast_head_json":{"title":"23.04.15 - TG4","robots":{"index":"index","follow":"follow","max-snippet":"max-snippet:-1","max-image-preview":"max-image-preview:large","max-video-preview":"max-video-preview:-1"},"og_locale":"en_US","og_type":"article","og_title":"23.04.15 - TG4","og_description":"L\u00e9ir\u00edodh an gearrdhr\u00e1ma seo faoin sc\u00e9im Sc\u00e9al, togra nu\u00e1lach a bhunaigh TG4 i bp\u00e1irt leis an \u00dadar\u00e1s Craolach\u00e1in agus Gr\u00e9as\u00e1n na Me\u00e1n le tallann nua scripte agus sti\u00farth\u00f3ireachta a spreagadh i r\u00e9imse na dr\u00e1ma\u00edochta Gaeilge don teilif\u00eds.\u00a0\u00a0 Ciar\u00e1n \u00d3 Cofaigh a l\u00e9irigh an saothar do ROSG Teoranta, bunaithe ar script le F\u00e9idhlim Cannon agus Tom [&hellip;]","og_url":"https:\/\/dev.tg4.ie\/ga\/eolas\/preas\/nuacht-raitis\/2015-2\/23-04-15\/","og_site_name":"TG4","article_publisher":"https:\/\/www.facebook.com\/TG4TV","article_modified_time":"2019-06-25T10:14:59+00:00","og_image":[{"width":1920,"height":1080,"url":"https:\/\/tg4-docs.s3.amazonaws.com\/tg4-redesign-2015\/wp-content\/uploads\/2015\/08\/s%C3%ADnte-edit.jpg","type":"image\/jpeg"}],"twitter_card":"summary_large_image","twitter_site":"@TG4TV","twitter_misc":{"Est. reading time":"2 minutes"},"schema":{"@context":"https:\/\/schema.org","@graph":[{"@type":"WebPage","@id":"https:\/\/dev.tg4.ie\/ga\/eolas\/preas\/nuacht-raitis\/2015-2\/23-04-15\/","url":"https:\/\/dev.tg4.ie\/ga\/eolas\/preas\/nuacht-raitis\/2015-2\/23-04-15\/","name":"23.04.15 - TG4","isPartOf":{"@id":"https:\/\/dev.tg4.ie\/en\/#website"},"primaryImageOfPage":{"@id":"https:\/\/dev.tg4.ie\/ga\/eolas\/preas\/nuacht-raitis\/2015-2\/23-04-15\/#primaryimage"},"image":{"@id":"https:\/\/dev.tg4.ie\/ga\/eolas\/preas\/nuacht-raitis\/2015-2\/23-04-15\/#primaryimage"},"thumbnailUrl":"https:\/\/tg4-docs.s3.amazonaws.com\/tg4-redesign-2015\/wp-content\/uploads\/2015\/08\/s%C3%ADnte-edit.jpg","datePublished":"2015-08-19T12:52:52+00:00","dateModified":"2019-06-25T10:14:59+00:00","breadcrumb":{"@id":"https:\/\/dev.tg4.ie\/ga\/eolas\/preas\/nuacht-raitis\/2015-2\/23-04-15\/#breadcrumb"},"inLanguage":"ga","potentialAction":[{"@type":"ReadAction","target":["https:\/\/dev.tg4.ie\/ga\/eolas\/preas\/nuacht-raitis\/2015-2\/23-04-15\/"]}]},{"@type":"ImageObject","inLanguage":"ga","@id":"https:\/\/dev.tg4.ie\/ga\/eolas\/preas\/nuacht-raitis\/2015-2\/23-04-15\/#primaryimage","url":"https:\/\/tg4-docs.s3.amazonaws.com\/tg4-redesign-2015\/wp-content\/uploads\/2015\/08\/s%C3%ADnte-edit.jpg","contentUrl":"https:\/\/tg4-docs.s3.amazonaws.com\/tg4-redesign-2015\/wp-content\/uploads\/2015\/08\/s%C3%ADnte-edit.jpg","width":1920,"height":1080},{"@type":"BreadcrumbList","@id":"https:\/\/dev.tg4.ie\/ga\/eolas\/preas\/nuacht-raitis\/2015-2\/23-04-15\/#breadcrumb","itemListElement":[{"@type":"ListItem","position":1,"name":"Home","item":"https:\/\/dev.tg4.ie\/ga\/"},{"@type":"ListItem","position":2,"name":"Eolas","item":"https:\/\/dev.tg4.ie\/ga\/eolas\/"},{"@type":"ListItem","position":3,"name":"Preas","item":"https:\/\/dev.tg4.ie\/ga\/eolas\/preas\/"},{"@type":"ListItem","position":4,"name":"Nuacht R\u00e1itis","item":"https:\/\/dev.tg4.ie\/ga\/eolas\/preas\/nuacht-raitis\/"},{"@type":"ListItem","position":5,"name":"2015","item":"https:\/\/dev.tg4.ie\/ga\/eolas\/preas\/nuacht-raitis\/2015-2\/"},{"@type":"ListItem","position":6,"name":"23.04.15"}]},{"@type":"WebSite","@id":"https:\/\/dev.tg4.ie\/en\/#website","url":"https:\/\/dev.tg4.ie\/en\/","name":"TG4","description":"S\u00fail Eile","potentialAction":[{"@type":"SearchAction","target":{"@type":"EntryPoint","urlTemplate":"https:\/\/dev.tg4.ie\/en\/?s={search_term_string}"},"query-input":"required name=search_term_string"}],"inLanguage":"ga"}]}},"_links":{"self":[{"href":"https:\/\/dev.tg4.ie\/ga\/wp-json\/wp\/v2\/pages\/1426"}],"collection":[{"href":"https:\/\/dev.tg4.ie\/ga\/wp-json\/wp\/v2\/pages"}],"about":[{"href":"https:\/\/dev.tg4.ie\/ga\/wp-json\/wp\/v2\/types\/page"}],"author":[{"embeddable":true,"href":"https:\/\/dev.tg4.ie\/ga\/wp-json\/wp\/v2\/users\/6"}],"replies":[{"embeddable":true,"href":"https:\/\/dev.tg4.ie\/ga\/wp-json\/wp\/v2\/comments?post=1426"}],"version-history":[{"count":0,"href":"https:\/\/dev.tg4.ie\/ga\/wp-json\/wp\/v2\/pages\/1426\/revisions"}],"up":[{"embeddable":true,"href":"https:\/\/dev.tg4.ie\/ga\/wp-json\/wp\/v2\/pages\/985"}],"wp:featuredmedia":[{"embeddable":true,"href":"https:\/\/dev.tg4.ie\/ga\/wp-json\/wp\/v2\/media\/1424"}],"wp:attachment":[{"href":"https:\/\/dev.tg4.ie\/ga\/wp-json\/wp\/v2\/media?parent=1426"}],"curies":[{"name":"wp","href":"https:\/\/api.w.org\/{rel}","templated":true}]}}