{"id":1432,"date":"2015-08-19T14:09:15","date_gmt":"2015-08-19T13:09:15","guid":{"rendered":"https:\/\/dev.tg4.ie\/?page_id=1432"},"modified":"2019-06-25T11:13:02","modified_gmt":"2019-06-25T10:13:02","slug":"22-04-15","status":"publish","type":"page","link":"https:\/\/dev.tg4.ie\/ga\/eolas\/preas\/nuacht-raitis\/2015-2\/22-04-15\/","title":{"rendered":"22.04.15"},"content":{"rendered":"<p>\u201cR\u00e1s an ch\u00e9id\u201d a tugadh ar an r\u00e1s c\u00e1ili\u00fail l\u00e9ime inar bhfuair Arkle an ceann is fearr ar Mill House i gCorn \u00d3ir Cheltenham i 1964. Is mar chom\u00f3radh Leathch\u00e9ad Bliain ar an \u00e9acht sin a rinne TG4 coimisi\u00fan\u00fa ar an gcl\u00e1r seo \u00f3n \u00a0gcomhlacht neamhsple\u00e1ch l\u00e9iri\u00fach\u00e1in. Touchline Media (Stephen Cullinane agus Denis Kirwin).\u00a0 Tugann an cl\u00e1r \u00e9achta\u00ed iomad\u00fala Arkle chun cuimhne le neart \u00e1bhair \u00f3n gcartlann r\u00e1sa\u00edochta agus le hagallaimh nua \u00f3 thr\u00e1chtair\u00ed agus \u00f3 shaineolaithe na linne agus an lae inniu, ina measc Ted Walsh, Davy Russell, Sir Peter O\u2019Sullevan, Donn McLean agus \u00c9amon Dunphy.<\/p>\n<p>Eagra\u00edtear F\u00e9ile na Me\u00e1n Ceilteach gach bliain in ionad \u00e9ags\u00fail sna cr\u00edocha Ceilteacha. Cuirtear iontr\u00e1lacha sna duais-rann\u00f3ga \u00e9ags\u00fala faoi mheas\u00fan\u00fa ghi\u00fair\u00e9 n\u00e1isi\u00fanta ina dt\u00edr f\u00e9in ar dt\u00fas agus roghna\u00edtear an scoth astu sin don ghearrliosta cl\u00e1r a th\u00e9ann san ioma\u00edocht ag an gcom\u00f3rtas idirn\u00e1isi\u00fanta. T\u00e1 F\u00e9ile na bliana seo ar bun in Inbhir Nis na hAlban \u00f3 inniu go hAoine (22-24 Aibre\u00e1n. (<a href=\"http:\/\/www.celticmediafestival.co.uk\/\" target=\"New\" rel=\"noopener noreferrer\">www.celticmediafestival.co.uk<\/a>)<\/p>\n<p>Deir Eagra\u00ed Sp\u00f3irt TG4, R\u00f3n\u00e1n \u00d3 Coisdealbha, go bhfuil t\u00e1bhacht ar leith le duaiseanna mar seo.\u00a0&#8220;Is m\u00f3r an t-ard\u00fa cro\u00ed d\u00fainn go bhfuil gradam chomh haitheanta le Torc \u00f3n Fh\u00e9ile Cheilteach buaite ar\u00eds i mbliana ag cl\u00e1r le TG4 ag an bhf\u00e9ile seo, buaic na bliana do thionscal na teilif\u00edse in \u00c9irinn, Albain, An Bhriot\u00e1in, Corn na Breataine agus an Bhreatain Bheag, &#8221; a d\u00fairt s\u00e9. \u201cCrutha\u00edonn s\u00e9 ar\u00eds go mb\u00edonn an-sp\u00f3rt ag TG4\u201d.<\/p>\n","protected":false},"excerpt":{"rendered":"<p>\u201cR\u00e1s an ch\u00e9id\u201d a tugadh ar an r\u00e1s c\u00e1ili\u00fail l\u00e9ime inar bhfuair Arkle an ceann is fearr ar Mill House i gCorn \u00d3ir Cheltenham i 1964. Is mar chom\u00f3radh Leathch\u00e9ad Bliain ar an \u00e9acht sin a rinne TG4 coimisi\u00fan\u00fa ar an gcl\u00e1r seo \u00f3n \u00a0gcomhlacht neamhsple\u00e1ch l\u00e9iri\u00fach\u00e1in. Touchline Media (Stephen Cullinane agus Denis Kirwin).\u00a0 Tugann [&hellip;]<\/p>\n","protected":false},"author":6,"featured_media":1429,"parent":985,"menu_order":6,"comment_status":"closed","ping_status":"closed","template":"page-templates\/template-pr.php","meta":{"_acf_changed":false,"footnotes":""},"acf":[],"yoast_head":"<!-- This site is optimized with the Yoast SEO plugin v22.6 - https:\/\/yoast.com\/wordpress\/plugins\/seo\/ -->\n<title>22.04.15 - TG4<\/title>\n<meta name=\"robots\" content=\"index, follow, max-snippet:-1, max-image-preview:large, max-video-preview:-1\" \/>\n<meta property=\"og:locale\" content=\"en_US\" \/>\n<meta property=\"og:type\" content=\"article\" \/>\n<meta property=\"og:title\" content=\"22.04.15 - TG4\" \/>\n<meta property=\"og:description\" content=\"\u201cR\u00e1s an ch\u00e9id\u201d a tugadh ar an r\u00e1s c\u00e1ili\u00fail l\u00e9ime inar bhfuair Arkle an ceann is fearr ar Mill House i gCorn \u00d3ir Cheltenham i 1964. Is mar chom\u00f3radh Leathch\u00e9ad Bliain ar an \u00e9acht sin a rinne TG4 coimisi\u00fan\u00fa ar an gcl\u00e1r seo \u00f3n \u00a0gcomhlacht neamhsple\u00e1ch l\u00e9iri\u00fach\u00e1in. Touchline Media (Stephen Cullinane agus Denis Kirwin).\u00a0 Tugann [&hellip;]\" \/>\n<meta property=\"og:url\" content=\"https:\/\/dev.tg4.ie\/ga\/eolas\/preas\/nuacht-raitis\/2015-2\/22-04-15\/\" \/>\n<meta property=\"og:site_name\" content=\"TG4\" \/>\n<meta property=\"article:publisher\" content=\"https:\/\/www.facebook.com\/TG4TV\" \/>\n<meta property=\"article:modified_time\" content=\"2019-06-25T10:13:02+00:00\" \/>\n<meta property=\"og:image\" content=\"https:\/\/tg4-docs.s3.amazonaws.com\/tg4-redesign-2015\/wp-content\/uploads\/2015\/08\/Arkle.jpg\" \/>\n\t<meta property=\"og:image:width\" content=\"1920\" \/>\n\t<meta property=\"og:image:height\" content=\"1080\" \/>\n\t<meta property=\"og:image:type\" content=\"image\/jpeg\" \/>\n<meta name=\"twitter:card\" content=\"summary_large_image\" \/>\n<meta name=\"twitter:site\" content=\"@TG4TV\" \/>\n<meta name=\"twitter:label1\" content=\"Est. reading time\" \/>\n\t<meta name=\"twitter:data1\" content=\"1 minute\" \/>\n<script type=\"application\/ld+json\" class=\"yoast-schema-graph\">{\"@context\":\"https:\/\/schema.org\",\"@graph\":[{\"@type\":\"WebPage\",\"@id\":\"https:\/\/dev.tg4.ie\/ga\/eolas\/preas\/nuacht-raitis\/2015-2\/22-04-15\/\",\"url\":\"https:\/\/dev.tg4.ie\/ga\/eolas\/preas\/nuacht-raitis\/2015-2\/22-04-15\/\",\"name\":\"22.04.15 - TG4\",\"isPartOf\":{\"@id\":\"https:\/\/dev.tg4.ie\/en\/#website\"},\"primaryImageOfPage\":{\"@id\":\"https:\/\/dev.tg4.ie\/ga\/eolas\/preas\/nuacht-raitis\/2015-2\/22-04-15\/#primaryimage\"},\"image\":{\"@id\":\"https:\/\/dev.tg4.ie\/ga\/eolas\/preas\/nuacht-raitis\/2015-2\/22-04-15\/#primaryimage\"},\"thumbnailUrl\":\"https:\/\/tg4-docs.s3.amazonaws.com\/tg4-redesign-2015\/wp-content\/uploads\/2015\/08\/Arkle.jpg\",\"datePublished\":\"2015-08-19T13:09:15+00:00\",\"dateModified\":\"2019-06-25T10:13:02+00:00\",\"breadcrumb\":{\"@id\":\"https:\/\/dev.tg4.ie\/ga\/eolas\/preas\/nuacht-raitis\/2015-2\/22-04-15\/#breadcrumb\"},\"inLanguage\":\"ga\",\"potentialAction\":[{\"@type\":\"ReadAction\",\"target\":[\"https:\/\/dev.tg4.ie\/ga\/eolas\/preas\/nuacht-raitis\/2015-2\/22-04-15\/\"]}]},{\"@type\":\"ImageObject\",\"inLanguage\":\"ga\",\"@id\":\"https:\/\/dev.tg4.ie\/ga\/eolas\/preas\/nuacht-raitis\/2015-2\/22-04-15\/#primaryimage\",\"url\":\"https:\/\/tg4-docs.s3.amazonaws.com\/tg4-redesign-2015\/wp-content\/uploads\/2015\/08\/Arkle.jpg\",\"contentUrl\":\"https:\/\/tg4-docs.s3.amazonaws.com\/tg4-redesign-2015\/wp-content\/uploads\/2015\/08\/Arkle.jpg\",\"width\":1920,\"height\":1080},{\"@type\":\"BreadcrumbList\",\"@id\":\"https:\/\/dev.tg4.ie\/ga\/eolas\/preas\/nuacht-raitis\/2015-2\/22-04-15\/#breadcrumb\",\"itemListElement\":[{\"@type\":\"ListItem\",\"position\":1,\"name\":\"Home\",\"item\":\"https:\/\/dev.tg4.ie\/ga\/\"},{\"@type\":\"ListItem\",\"position\":2,\"name\":\"Eolas\",\"item\":\"https:\/\/dev.tg4.ie\/ga\/eolas\/\"},{\"@type\":\"ListItem\",\"position\":3,\"name\":\"Preas\",\"item\":\"https:\/\/dev.tg4.ie\/ga\/eolas\/preas\/\"},{\"@type\":\"ListItem\",\"position\":4,\"name\":\"Nuacht R\u00e1itis\",\"item\":\"https:\/\/dev.tg4.ie\/ga\/eolas\/preas\/nuacht-raitis\/\"},{\"@type\":\"ListItem\",\"position\":5,\"name\":\"2015\",\"item\":\"https:\/\/dev.tg4.ie\/ga\/eolas\/preas\/nuacht-raitis\/2015-2\/\"},{\"@type\":\"ListItem\",\"position\":6,\"name\":\"22.04.15\"}]},{\"@type\":\"WebSite\",\"@id\":\"https:\/\/dev.tg4.ie\/en\/#website\",\"url\":\"https:\/\/dev.tg4.ie\/en\/\",\"name\":\"TG4\",\"description\":\"S\u00fail Eile\",\"potentialAction\":[{\"@type\":\"SearchAction\",\"target\":{\"@type\":\"EntryPoint\",\"urlTemplate\":\"https:\/\/dev.tg4.ie\/en\/?s={search_term_string}\"},\"query-input\":\"required name=search_term_string\"}],\"inLanguage\":\"ga\"}]}<\/script>\n<!-- \/ Yoast SEO plugin. -->","yoast_head_json":{"title":"22.04.15 - TG4","robots":{"index":"index","follow":"follow","max-snippet":"max-snippet:-1","max-image-preview":"max-image-preview:large","max-video-preview":"max-video-preview:-1"},"og_locale":"en_US","og_type":"article","og_title":"22.04.15 - TG4","og_description":"\u201cR\u00e1s an ch\u00e9id\u201d a tugadh ar an r\u00e1s c\u00e1ili\u00fail l\u00e9ime inar bhfuair Arkle an ceann is fearr ar Mill House i gCorn \u00d3ir Cheltenham i 1964. Is mar chom\u00f3radh Leathch\u00e9ad Bliain ar an \u00e9acht sin a rinne TG4 coimisi\u00fan\u00fa ar an gcl\u00e1r seo \u00f3n \u00a0gcomhlacht neamhsple\u00e1ch l\u00e9iri\u00fach\u00e1in. Touchline Media (Stephen Cullinane agus Denis Kirwin).\u00a0 Tugann [&hellip;]","og_url":"https:\/\/dev.tg4.ie\/ga\/eolas\/preas\/nuacht-raitis\/2015-2\/22-04-15\/","og_site_name":"TG4","article_publisher":"https:\/\/www.facebook.com\/TG4TV","article_modified_time":"2019-06-25T10:13:02+00:00","og_image":[{"width":1920,"height":1080,"url":"https:\/\/tg4-docs.s3.amazonaws.com\/tg4-redesign-2015\/wp-content\/uploads\/2015\/08\/Arkle.jpg","type":"image\/jpeg"}],"twitter_card":"summary_large_image","twitter_site":"@TG4TV","twitter_misc":{"Est. reading time":"1 minute"},"schema":{"@context":"https:\/\/schema.org","@graph":[{"@type":"WebPage","@id":"https:\/\/dev.tg4.ie\/ga\/eolas\/preas\/nuacht-raitis\/2015-2\/22-04-15\/","url":"https:\/\/dev.tg4.ie\/ga\/eolas\/preas\/nuacht-raitis\/2015-2\/22-04-15\/","name":"22.04.15 - TG4","isPartOf":{"@id":"https:\/\/dev.tg4.ie\/en\/#website"},"primaryImageOfPage":{"@id":"https:\/\/dev.tg4.ie\/ga\/eolas\/preas\/nuacht-raitis\/2015-2\/22-04-15\/#primaryimage"},"image":{"@id":"https:\/\/dev.tg4.ie\/ga\/eolas\/preas\/nuacht-raitis\/2015-2\/22-04-15\/#primaryimage"},"thumbnailUrl":"https:\/\/tg4-docs.s3.amazonaws.com\/tg4-redesign-2015\/wp-content\/uploads\/2015\/08\/Arkle.jpg","datePublished":"2015-08-19T13:09:15+00:00","dateModified":"2019-06-25T10:13:02+00:00","breadcrumb":{"@id":"https:\/\/dev.tg4.ie\/ga\/eolas\/preas\/nuacht-raitis\/2015-2\/22-04-15\/#breadcrumb"},"inLanguage":"ga","potentialAction":[{"@type":"ReadAction","target":["https:\/\/dev.tg4.ie\/ga\/eolas\/preas\/nuacht-raitis\/2015-2\/22-04-15\/"]}]},{"@type":"ImageObject","inLanguage":"ga","@id":"https:\/\/dev.tg4.ie\/ga\/eolas\/preas\/nuacht-raitis\/2015-2\/22-04-15\/#primaryimage","url":"https:\/\/tg4-docs.s3.amazonaws.com\/tg4-redesign-2015\/wp-content\/uploads\/2015\/08\/Arkle.jpg","contentUrl":"https:\/\/tg4-docs.s3.amazonaws.com\/tg4-redesign-2015\/wp-content\/uploads\/2015\/08\/Arkle.jpg","width":1920,"height":1080},{"@type":"BreadcrumbList","@id":"https:\/\/dev.tg4.ie\/ga\/eolas\/preas\/nuacht-raitis\/2015-2\/22-04-15\/#breadcrumb","itemListElement":[{"@type":"ListItem","position":1,"name":"Home","item":"https:\/\/dev.tg4.ie\/ga\/"},{"@type":"ListItem","position":2,"name":"Eolas","item":"https:\/\/dev.tg4.ie\/ga\/eolas\/"},{"@type":"ListItem","position":3,"name":"Preas","item":"https:\/\/dev.tg4.ie\/ga\/eolas\/preas\/"},{"@type":"ListItem","position":4,"name":"Nuacht R\u00e1itis","item":"https:\/\/dev.tg4.ie\/ga\/eolas\/preas\/nuacht-raitis\/"},{"@type":"ListItem","position":5,"name":"2015","item":"https:\/\/dev.tg4.ie\/ga\/eolas\/preas\/nuacht-raitis\/2015-2\/"},{"@type":"ListItem","position":6,"name":"22.04.15"}]},{"@type":"WebSite","@id":"https:\/\/dev.tg4.ie\/en\/#website","url":"https:\/\/dev.tg4.ie\/en\/","name":"TG4","description":"S\u00fail Eile","potentialAction":[{"@type":"SearchAction","target":{"@type":"EntryPoint","urlTemplate":"https:\/\/dev.tg4.ie\/en\/?s={search_term_string}"},"query-input":"required name=search_term_string"}],"inLanguage":"ga"}]}},"_links":{"self":[{"href":"https:\/\/dev.tg4.ie\/ga\/wp-json\/wp\/v2\/pages\/1432"}],"collection":[{"href":"https:\/\/dev.tg4.ie\/ga\/wp-json\/wp\/v2\/pages"}],"about":[{"href":"https:\/\/dev.tg4.ie\/ga\/wp-json\/wp\/v2\/types\/page"}],"author":[{"embeddable":true,"href":"https:\/\/dev.tg4.ie\/ga\/wp-json\/wp\/v2\/users\/6"}],"replies":[{"embeddable":true,"href":"https:\/\/dev.tg4.ie\/ga\/wp-json\/wp\/v2\/comments?post=1432"}],"version-history":[{"count":0,"href":"https:\/\/dev.tg4.ie\/ga\/wp-json\/wp\/v2\/pages\/1432\/revisions"}],"up":[{"embeddable":true,"href":"https:\/\/dev.tg4.ie\/ga\/wp-json\/wp\/v2\/pages\/985"}],"wp:featuredmedia":[{"embeddable":true,"href":"https:\/\/dev.tg4.ie\/ga\/wp-json\/wp\/v2\/media\/1429"}],"wp:attachment":[{"href":"https:\/\/dev.tg4.ie\/ga\/wp-json\/wp\/v2\/media?parent=1432"}],"curies":[{"name":"wp","href":"https:\/\/api.w.org\/{rel}","templated":true}]}}